{"id":11109,"date":"2024-02-22T13:39:52","date_gmt":"2024-02-22T12:39:52","guid":{"rendered":"https:\/\/www.ecosolucionesquimicas.es\/producto\/redutor-de-ph-natural-para-piscinas\/"},"modified":"2025-11-15T16:53:39","modified_gmt":"2025-11-15T15:53:39","slug":"redutor-de-ph-natural-para-piscinas","status":"publish","type":"product","link":"https:\/\/www.ecosolucionesquimicas.es\/pt-pt\/producto\/redutor-de-ph-natural-para-piscinas\/","title":{"rendered":"Redutor de pH Natural para Piscinas"},"content":{"rendered":"<p><img fetchpriority=\"high\" decoding=\"async\" class=\"alignnone wp-image-3817\" src=\"https:\/\/www.ecosolucionesquimicas.es\/wp-content\/uploads\/2024\/02\/man-holds-tester-ph-chlorine-levels-against-backdrop-swimming-pool-300x158.jpg\" alt=\"\" width=\"550\" height=\"290\" srcset=\"https:\/\/www.ecosolucionesquimicas.es\/wp-content\/uploads\/2024\/02\/man-holds-tester-ph-chlorine-levels-against-backdrop-swimming-pool-300x158.jpg 300w, https:\/\/www.ecosolucionesquimicas.es\/wp-content\/uploads\/2024\/02\/man-holds-tester-ph-chlorine-levels-against-backdrop-swimming-pool-1024x540.jpg 1024w, https:\/\/www.ecosolucionesquimicas.es\/wp-content\/uploads\/2024\/02\/man-holds-tester-ph-chlorine-levels-against-backdrop-swimming-pool-768x405.jpg 768w, https:\/\/www.ecosolucionesquimicas.es\/wp-content\/uploads\/2024\/02\/man-holds-tester-ph-chlorine-levels-against-backdrop-swimming-pool-1536x810.jpg 1536w, https:\/\/www.ecosolucionesquimicas.es\/wp-content\/uploads\/2024\/02\/man-holds-tester-ph-chlorine-levels-against-backdrop-swimming-pool-2048x1080.jpg 2048w, https:\/\/www.ecosolucionesquimicas.es\/wp-content\/uploads\/2024\/02\/man-holds-tester-ph-chlorine-levels-against-backdrop-swimming-pool-600x316.jpg 600w\" sizes=\"(max-width: 550px) 100vw, 550px\" \/><\/p>\n<p><strong>MODO DE EMPREGO<\/strong><\/p>\n<p>\ud83d\udd18 <strong>Me\u00e7a o pH: <\/strong>Determine o pH da \u00e1gua antes de aplicar o ECO-504.<br \/>\n\ud83d\udd18 <strong>Prepara\u00e7\u00e3o: <\/strong>Use o produto diretamente, sem diluir.<br \/>\n\ud83d\udd18 <strong>Aplica\u00e7\u00e3o manual: <\/strong>Distribua o produto sobre a \u00e1gua; use uma mangueira se necess\u00e1rio.<br \/>\n\ud83d\udd18 <strong>Aplica\u00e7\u00e3o autom\u00e1tica: <\/strong>Ajuste a dose segundo as indica\u00e7\u00f5es do equipamento autom\u00e1tico.<br \/>\n\ud83d\udd18 <strong>Circula\u00e7\u00e3o: <\/strong>Ligue o sistema de circula\u00e7\u00e3o por 30 minutos.<br \/>\n\ud83d\udd18 <strong>Reavalie o pH: <\/strong>Me\u00e7a o pH ap\u00f3s misturar e ajuste se necess\u00e1rio.<\/p>\n<p><strong>Recomenda\u00e7\u00f5es:<\/strong><\/p>\n<p>\u2757 <strong>Use equipamentos de prote\u00e7\u00e3o: <\/strong>Utilize luvas e \u00f3culos de prote\u00e7\u00e3o para evitar o contacto com o produto.<br \/>\n\u2757 <strong>Evite misturar com cloro: <\/strong>N\u00e3o combine ECO-504 com produtos de cloro. Certifique-se de que a \u00e1gua est\u00e1 livre de outros qu\u00edmicos.<x id=\"gid_3\"><\/x>\u2757 <g id=\"gid_4\">N\u00e3o para clora\u00e7\u00e3o salina: <\/g>N\u00e3o utilize ECO-504 em sistemas de clora\u00e7\u00e3o salina. Use produtos adequados para esses sistemas.  <\/p>\n","protected":false},"excerpt":{"rendered":"<p>\u2705 <strong>ECO-504 \u00c9 UM REDUTOR DE PH \u00c0 BASE DE \u00c1CIDOS C\u00cdTRICOS ORG\u00c2NICOS<\/strong>. \u00c9 um antioxidante natural, respeitador da pele e livre de produtos qu\u00edmicos agressivos como o sulf\u00farico ou o n\u00edtrico, beneficiando a sa\u00fade. <\/p>\n<p>\u2705 <strong>MANT\u00c9M O EQUIL\u00cdBRIO DA \u00c1GUA E GARANTE A EFIC\u00c1CIA DO CLORO<\/strong>. Um pH adequado \u00e9 crucial para a efic\u00e1cia do cloro ou desinfetantes, evitando desequil\u00edbrios na \u00e1gua. <\/p>\n<p>\u2705 <strong>ECOL\u00d3GICO E NATURAL, APTO PARA TODO O TIPO DE PISCINAS E SPAS<\/strong>. \u00c9 uma solu\u00e7\u00e3o corretora de pH segura para as pessoas e respeitadora com o meio ambiente. <\/p>\n<p>\u2705 <strong>N\u00c3O APTO PARA CLORA\u00c7\u00c3O SALINA<\/strong>. Guarde o produto na sua embalagem original, num local fresco e seco, afastado da luz solar. \u00c9 adequado para uso manual e equipamentos autom\u00e1ticos de dosagem e controlo de pH.  <\/p>\n<p>\u2705 <strong>FORMATO DE 5 E 20 LITROS.<\/strong><\/p>\n<p><strong>\u26ab<\/strong><strong> Refer\u00eancia: ECO-504<\/strong><\/p>\n","protected":false},"featured_media":11115,"template":"","meta":[],"product_brand":[225],"product_cat":[245],"product_tag":[395,394,370],"class_list":{"0":"post-11109","1":"product","2":"type-product","3":"status-publish","4":"has-post-thumbnail","6":"product_brand-eqm","7":"product_cat-piscinas","8":"product_tag-cloro","9":"product_tag-ph","10":"product_tag-piscina","12":"first","13":"instock","14":"taxable","15":"shipping-taxable","16":"purchasable","17":"product-type-variable"},"acf":[],"yoast_head":"<!-- This site is optimized with the Yoast SEO Premium plugin v27.1 (Yoast SEO v27.4) - https:\/\/yoast.com\/product\/yoast-seo-premium-wordpress\/ -->\n<title>Redutor de pH Natural para Piscinas - Ecosoluciones Qu\u00edmicas<\/title>\n<meta name=\"robots\" content=\"index, follow, max-snippet:-1, max-image-preview:large, max-video-preview:-1\" \/>\n<link rel=\"canonical\" href=\"https:\/\/www.ecosolucionesquimicas.es\/pt-pt\/producto\/redutor-de-ph-natural-para-piscinas\/\" \/>\n<meta property=\"og:locale\" content=\"pt_PT\" \/>\n<meta property=\"og:type\" content=\"article\" \/>\n<meta property=\"og:title\" content=\"Redutor de pH Natural para Piscinas\" \/>\n<meta property=\"og:description\" content=\"\u2705 ECO-504 \u00c9 UM REDUTOR DE PH \u00c0 BASE DE \u00c1CIDOS C\u00cdTRICOS ORG\u00c2NICOS. \u00c9 um antioxidante natural, respeitador da pele e livre de produtos qu\u00edmicos agressivos como o sulf\u00farico ou o n\u00edtrico, beneficiando a sa\u00fade.  \u2705 MANT\u00c9M O EQUIL\u00cdBRIO DA \u00c1GUA E GARANTE A EFIC\u00c1CIA DO CLORO. Um pH adequado \u00e9 crucial para a efic\u00e1cia do cloro ou desinfetantes, evitando desequil\u00edbrios na \u00e1gua.  \u2705 ECOL\u00d3GICO E NATURAL, APTO PARA TODO O TIPO DE PISCINAS E SPAS. \u00c9 uma solu\u00e7\u00e3o corretora de pH segura para as pessoas e respeitadora com o meio ambiente.  \u2705 N\u00c3O APTO PARA CLORA\u00c7\u00c3O SALINA. Guarde o produto na sua embalagem original, num local fresco e seco, afastado da luz solar. \u00c9 adequado para uso manual e equipamentos autom\u00e1ticos de dosagem e controlo de pH.  \u2705 FORMATO DE 5 E 20 LITROS. \u26ab Refer\u00eancia: ECO-504\" \/>\n<meta property=\"og:url\" content=\"https:\/\/www.ecosolucionesquimicas.es\/pt-pt\/producto\/redutor-de-ph-natural-para-piscinas\/\" \/>\n<meta property=\"og:site_name\" content=\"Ecosoluciones Qu\u00edmicas\" \/>\n<meta property=\"article:publisher\" content=\"https:\/\/www.facebook.com\/ecosolucionesquimicasmadrid\/\" \/>\n<meta property=\"article:modified_time\" content=\"2025-11-15T15:53:39+00:00\" \/>\n<meta property=\"og:image\" content=\"https:\/\/www.ecosolucionesquimicas.es\/wp-content\/uploads\/2024\/02\/ECO-504444-scaled.jpg\" \/>\n\t<meta property=\"og:image:width\" content=\"2350\" \/>\n\t<meta property=\"og:image:height\" content=\"2560\" \/>\n\t<meta property=\"og:image:type\" content=\"image\/jpeg\" \/>\n<meta name=\"twitter:card\" content=\"summary_large_image\" \/>\n<meta name=\"twitter:label1\" content=\"Disponibilidade\" \/>\n\t<meta name=\"twitter:data1\" content=\"Em stock\" \/>\n<script type=\"application\/ld+json\" class=\"yoast-schema-graph\">{\"@context\":\"https:\\\/\\\/schema.org\",\"@graph\":[{\"@type\":\"WebPage\",\"@id\":\"https:\\\/\\\/www.ecosolucionesquimicas.es\\\/pt-pt\\\/producto\\\/redutor-de-ph-natural-para-piscinas\\\/\",\"url\":\"https:\\\/\\\/www.ecosolucionesquimicas.es\\\/pt-pt\\\/producto\\\/redutor-de-ph-natural-para-piscinas\\\/\",\"name\":\"Redutor de pH Natural para Piscinas - Ecosoluciones Qu\u00edmicas\",\"isPartOf\":{\"@id\":\"https:\\\/\\\/www.ecosolucionesquimicas.es\\\/pt-pt\\\/#website\"},\"primaryImageOfPage\":{\"@id\":\"https:\\\/\\\/www.ecosolucionesquimicas.es\\\/pt-pt\\\/producto\\\/redutor-de-ph-natural-para-piscinas\\\/#primaryimage\"},\"image\":{\"@id\":\"https:\\\/\\\/www.ecosolucionesquimicas.es\\\/pt-pt\\\/producto\\\/redutor-de-ph-natural-para-piscinas\\\/#primaryimage\"},\"thumbnailUrl\":\"https:\\\/\\\/www.ecosolucionesquimicas.es\\\/wp-content\\\/uploads\\\/2024\\\/02\\\/ECO-504444-scaled.jpg\",\"datePublished\":\"2024-02-22T12:39:52+00:00\",\"dateModified\":\"2025-11-15T15:53:39+00:00\",\"breadcrumb\":{\"@id\":\"https:\\\/\\\/www.ecosolucionesquimicas.es\\\/pt-pt\\\/producto\\\/redutor-de-ph-natural-para-piscinas\\\/#breadcrumb\"},\"inLanguage\":\"pt-PT\",\"potentialAction\":[{\"@type\":\"ReadAction\",\"target\":[\"https:\\\/\\\/www.ecosolucionesquimicas.es\\\/pt-pt\\\/producto\\\/redutor-de-ph-natural-para-piscinas\\\/\"]}]},{\"@type\":\"ImageObject\",\"inLanguage\":\"pt-PT\",\"@id\":\"https:\\\/\\\/www.ecosolucionesquimicas.es\\\/pt-pt\\\/producto\\\/redutor-de-ph-natural-para-piscinas\\\/#primaryimage\",\"url\":\"https:\\\/\\\/www.ecosolucionesquimicas.es\\\/wp-content\\\/uploads\\\/2024\\\/02\\\/ECO-504444-scaled.jpg\",\"contentUrl\":\"https:\\\/\\\/www.ecosolucionesquimicas.es\\\/wp-content\\\/uploads\\\/2024\\\/02\\\/ECO-504444-scaled.jpg\",\"width\":2350,\"height\":2560},{\"@type\":\"BreadcrumbList\",\"@id\":\"https:\\\/\\\/www.ecosolucionesquimicas.es\\\/pt-pt\\\/producto\\\/redutor-de-ph-natural-para-piscinas\\\/#breadcrumb\",\"itemListElement\":[{\"@type\":\"ListItem\",\"position\":1,\"name\":\"Portada\",\"item\":\"https:\\\/\\\/www.ecosolucionesquimicas.es\\\/pt-pt\\\/home\\\/\"},{\"@type\":\"ListItem\",\"position\":2,\"name\":\"Redutor de pH Natural para Piscinas\"}]},{\"@type\":\"WebSite\",\"@id\":\"https:\\\/\\\/www.ecosolucionesquimicas.es\\\/pt-pt\\\/#website\",\"url\":\"https:\\\/\\\/www.ecosolucionesquimicas.es\\\/pt-pt\\\/\",\"name\":\"Ecosoluciones Qu\u00edmicas\",\"description\":\"Compre produtos de limpeza e qu\u00edmicos, de fabrica\u00e7\u00e3o pr\u00f3pria, online.\",\"publisher\":{\"@id\":\"https:\\\/\\\/www.ecosolucionesquimicas.es\\\/pt-pt\\\/#organization\"},\"alternateName\":\"EQM\",\"potentialAction\":[{\"@type\":\"SearchAction\",\"target\":{\"@type\":\"EntryPoint\",\"urlTemplate\":\"https:\\\/\\\/www.ecosolucionesquimicas.es\\\/pt-pt\\\/?s={search_term_string}\"},\"query-input\":{\"@type\":\"PropertyValueSpecification\",\"valueRequired\":true,\"valueName\":\"search_term_string\"}}],\"inLanguage\":\"pt-PT\"},{\"@type\":\"Organization\",\"@id\":\"https:\\\/\\\/www.ecosolucionesquimicas.es\\\/pt-pt\\\/#organization\",\"name\":\"Ecosoluciones Qu\u00edmicas\",\"url\":\"https:\\\/\\\/www.ecosolucionesquimicas.es\\\/pt-pt\\\/\",\"logo\":{\"@type\":\"ImageObject\",\"inLanguage\":\"pt-PT\",\"@id\":\"https:\\\/\\\/www.ecosolucionesquimicas.es\\\/pt-pt\\\/#\\\/schema\\\/logo\\\/image\\\/\",\"url\":\"https:\\\/\\\/www.ecosolucionesquimicas.es\\\/wp-content\\\/uploads\\\/2024\\\/08\\\/LOGO-EQM-NUEVO-.png\",\"contentUrl\":\"https:\\\/\\\/www.ecosolucionesquimicas.es\\\/wp-content\\\/uploads\\\/2024\\\/08\\\/LOGO-EQM-NUEVO-.png\",\"width\":1060,\"height\":456,\"caption\":\"Ecosoluciones Qu\u00edmicas\"},\"image\":{\"@id\":\"https:\\\/\\\/www.ecosolucionesquimicas.es\\\/pt-pt\\\/#\\\/schema\\\/logo\\\/image\\\/\"},\"sameAs\":[\"https:\\\/\\\/www.facebook.com\\\/ecosolucionesquimicasmadrid\\\/\",\"https:\\\/\\\/www.instagram.com\\\/ecosolucionesquimicas\\\/\"],\"hasMerchantReturnPolicy\":{\"@type\":\"MerchantReturnPolicy\",\"merchantReturnLink\":\"https:\\\/\\\/www.ecosolucionesquimicas.es\\\/refund_returns\\\/\"}}]}<\/script>\n<meta property=\"product:brand\" content=\"EQM\" \/>\n<meta property=\"og:availability\" content=\"instock\" \/>\n<meta property=\"product:availability\" content=\"instock\" \/>\n<meta property=\"product:retailer_item_id\" content=\"ECO-504\" \/>\n<meta property=\"product:condition\" content=\"new\" \/>\n<!-- \/ Yoast SEO Premium plugin. -->","yoast_head_json":{"title":"Redutor de pH Natural para Piscinas - Ecosoluciones Qu\u00edmicas","robots":{"index":"index","follow":"follow","max-snippet":"max-snippet:-1","max-image-preview":"max-image-preview:large","max-video-preview":"max-video-preview:-1"},"canonical":"https:\/\/www.ecosolucionesquimicas.es\/pt-pt\/producto\/redutor-de-ph-natural-para-piscinas\/","og_locale":"pt_PT","og_type":"article","og_title":"Redutor de pH Natural para Piscinas","og_description":"\u2705 ECO-504 \u00c9 UM REDUTOR DE PH \u00c0 BASE DE \u00c1CIDOS C\u00cdTRICOS ORG\u00c2NICOS. \u00c9 um antioxidante natural, respeitador da pele e livre de produtos qu\u00edmicos agressivos como o sulf\u00farico ou o n\u00edtrico, beneficiando a sa\u00fade.  \u2705 MANT\u00c9M O EQUIL\u00cdBRIO DA \u00c1GUA E GARANTE A EFIC\u00c1CIA DO CLORO. Um pH adequado \u00e9 crucial para a efic\u00e1cia do cloro ou desinfetantes, evitando desequil\u00edbrios na \u00e1gua.  \u2705 ECOL\u00d3GICO E NATURAL, APTO PARA TODO O TIPO DE PISCINAS E SPAS. \u00c9 uma solu\u00e7\u00e3o corretora de pH segura para as pessoas e respeitadora com o meio ambiente.  \u2705 N\u00c3O APTO PARA CLORA\u00c7\u00c3O SALINA. Guarde o produto na sua embalagem original, num local fresco e seco, afastado da luz solar. \u00c9 adequado para uso manual e equipamentos autom\u00e1ticos de dosagem e controlo de pH.  \u2705 FORMATO DE 5 E 20 LITROS. \u26ab Refer\u00eancia: ECO-504","og_url":"https:\/\/www.ecosolucionesquimicas.es\/pt-pt\/producto\/redutor-de-ph-natural-para-piscinas\/","og_site_name":"Ecosoluciones Qu\u00edmicas","article_publisher":"https:\/\/www.facebook.com\/ecosolucionesquimicasmadrid\/","article_modified_time":"2025-11-15T15:53:39+00:00","og_image":[{"width":2350,"height":2560,"url":"https:\/\/www.ecosolucionesquimicas.es\/wp-content\/uploads\/2024\/02\/ECO-504444-scaled.jpg","type":"image\/jpeg"}],"twitter_card":"summary_large_image","twitter_misc":{"Disponibilidade":"Em stock"},"schema":{"@context":"https:\/\/schema.org","@graph":[{"@type":"WebPage","@id":"https:\/\/www.ecosolucionesquimicas.es\/pt-pt\/producto\/redutor-de-ph-natural-para-piscinas\/","url":"https:\/\/www.ecosolucionesquimicas.es\/pt-pt\/producto\/redutor-de-ph-natural-para-piscinas\/","name":"Redutor de pH Natural para Piscinas - Ecosoluciones Qu\u00edmicas","isPartOf":{"@id":"https:\/\/www.ecosolucionesquimicas.es\/pt-pt\/#website"},"primaryImageOfPage":{"@id":"https:\/\/www.ecosolucionesquimicas.es\/pt-pt\/producto\/redutor-de-ph-natural-para-piscinas\/#primaryimage"},"image":{"@id":"https:\/\/www.ecosolucionesquimicas.es\/pt-pt\/producto\/redutor-de-ph-natural-para-piscinas\/#primaryimage"},"thumbnailUrl":"https:\/\/www.ecosolucionesquimicas.es\/wp-content\/uploads\/2024\/02\/ECO-504444-scaled.jpg","datePublished":"2024-02-22T12:39:52+00:00","dateModified":"2025-11-15T15:53:39+00:00","breadcrumb":{"@id":"https:\/\/www.ecosolucionesquimicas.es\/pt-pt\/producto\/redutor-de-ph-natural-para-piscinas\/#breadcrumb"},"inLanguage":"pt-PT","potentialAction":[{"@type":"ReadAction","target":["https:\/\/www.ecosolucionesquimicas.es\/pt-pt\/producto\/redutor-de-ph-natural-para-piscinas\/"]}]},{"@type":"ImageObject","inLanguage":"pt-PT","@id":"https:\/\/www.ecosolucionesquimicas.es\/pt-pt\/producto\/redutor-de-ph-natural-para-piscinas\/#primaryimage","url":"https:\/\/www.ecosolucionesquimicas.es\/wp-content\/uploads\/2024\/02\/ECO-504444-scaled.jpg","contentUrl":"https:\/\/www.ecosolucionesquimicas.es\/wp-content\/uploads\/2024\/02\/ECO-504444-scaled.jpg","width":2350,"height":2560},{"@type":"BreadcrumbList","@id":"https:\/\/www.ecosolucionesquimicas.es\/pt-pt\/producto\/redutor-de-ph-natural-para-piscinas\/#breadcrumb","itemListElement":[{"@type":"ListItem","position":1,"name":"Portada","item":"https:\/\/www.ecosolucionesquimicas.es\/pt-pt\/home\/"},{"@type":"ListItem","position":2,"name":"Redutor de pH Natural para Piscinas"}]},{"@type":"WebSite","@id":"https:\/\/www.ecosolucionesquimicas.es\/pt-pt\/#website","url":"https:\/\/www.ecosolucionesquimicas.es\/pt-pt\/","name":"Ecosoluciones Qu\u00edmicas","description":"Compre produtos de limpeza e qu\u00edmicos, de fabrica\u00e7\u00e3o pr\u00f3pria, online.","publisher":{"@id":"https:\/\/www.ecosolucionesquimicas.es\/pt-pt\/#organization"},"alternateName":"EQM","potentialAction":[{"@type":"SearchAction","target":{"@type":"EntryPoint","urlTemplate":"https:\/\/www.ecosolucionesquimicas.es\/pt-pt\/?s={search_term_string}"},"query-input":{"@type":"PropertyValueSpecification","valueRequired":true,"valueName":"search_term_string"}}],"inLanguage":"pt-PT"},{"@type":"Organization","@id":"https:\/\/www.ecosolucionesquimicas.es\/pt-pt\/#organization","name":"Ecosoluciones Qu\u00edmicas","url":"https:\/\/www.ecosolucionesquimicas.es\/pt-pt\/","logo":{"@type":"ImageObject","inLanguage":"pt-PT","@id":"https:\/\/www.ecosolucionesquimicas.es\/pt-pt\/#\/schema\/logo\/image\/","url":"https:\/\/www.ecosolucionesquimicas.es\/wp-content\/uploads\/2024\/08\/LOGO-EQM-NUEVO-.png","contentUrl":"https:\/\/www.ecosolucionesquimicas.es\/wp-content\/uploads\/2024\/08\/LOGO-EQM-NUEVO-.png","width":1060,"height":456,"caption":"Ecosoluciones Qu\u00edmicas"},"image":{"@id":"https:\/\/www.ecosolucionesquimicas.es\/pt-pt\/#\/schema\/logo\/image\/"},"sameAs":["https:\/\/www.facebook.com\/ecosolucionesquimicasmadrid\/","https:\/\/www.instagram.com\/ecosolucionesquimicas\/"],"hasMerchantReturnPolicy":{"@type":"MerchantReturnPolicy","merchantReturnLink":"https:\/\/www.ecosolucionesquimicas.es\/refund_returns\/"}}]},"product_brand":"EQM","og_availability":"instock","product_availability":"instock","product_retailer_item_id":"ECO-504","product_condition":"new"},"_links":{"self":[{"href":"https:\/\/www.ecosolucionesquimicas.es\/pt-pt\/wp-json\/wp\/v2\/product\/11109","targetHints":{"allow":["GET"]}}],"collection":[{"href":"https:\/\/www.ecosolucionesquimicas.es\/pt-pt\/wp-json\/wp\/v2\/product"}],"about":[{"href":"https:\/\/www.ecosolucionesquimicas.es\/pt-pt\/wp-json\/wp\/v2\/types\/product"}],"wp:featuredmedia":[{"embeddable":true,"href":"https:\/\/www.ecosolucionesquimicas.es\/pt-pt\/wp-json\/wp\/v2\/media\/11115"}],"wp:attachment":[{"href":"https:\/\/www.ecosolucionesquimicas.es\/pt-pt\/wp-json\/wp\/v2\/media?parent=11109"}],"wp:term":[{"taxonomy":"product_brand","embeddable":true,"href":"https:\/\/www.ecosolucionesquimicas.es\/pt-pt\/wp-json\/wp\/v2\/product_brand?post=11109"},{"taxonomy":"product_cat","embeddable":true,"href":"https:\/\/www.ecosolucionesquimicas.es\/pt-pt\/wp-json\/wp\/v2\/product_cat?post=11109"},{"taxonomy":"product_tag","embeddable":true,"href":"https:\/\/www.ecosolucionesquimicas.es\/pt-pt\/wp-json\/wp\/v2\/product_tag?post=11109"}],"curies":[{"name":"wp","href":"https:\/\/api.w.org\/{rel}","templated":true}]}}