{"id":11091,"date":"2024-02-22T13:39:53","date_gmt":"2024-02-22T12:39:53","guid":{"rendered":"https:\/\/www.ecosolucionesquimicas.es\/producto\/limpa-estofos-de-carro-profissional\/"},"modified":"2026-03-15T23:19:55","modified_gmt":"2026-03-15T22:19:55","slug":"limpa-estofos-de-carro-profissional","status":"publish","type":"product","link":"https:\/\/www.ecosolucionesquimicas.es\/pt-pt\/producto\/limpa-estofos-de-carro-profissional\/","title":{"rendered":"Limpeza profissional de estofos de autom\u00f3veis"},"content":{"rendered":"<p><img fetchpriority=\"high\" decoding=\"async\" class=\"alignnone wp-image-3751\" src=\"https:\/\/www.ecosolucionesquimicas.es\/wp-content\/uploads\/2024\/02\/shemical-cleaning-car-seats-with-spoonge-300x200.jpg\" alt=\"\" width=\"550\" height=\"367\" srcset=\"https:\/\/www.ecosolucionesquimicas.es\/wp-content\/uploads\/2024\/02\/shemical-cleaning-car-seats-with-spoonge-300x200.jpg 300w, https:\/\/www.ecosolucionesquimicas.es\/wp-content\/uploads\/2024\/02\/shemical-cleaning-car-seats-with-spoonge-1024x684.jpg 1024w, https:\/\/www.ecosolucionesquimicas.es\/wp-content\/uploads\/2024\/02\/shemical-cleaning-car-seats-with-spoonge-768x513.jpg 768w, https:\/\/www.ecosolucionesquimicas.es\/wp-content\/uploads\/2024\/02\/shemical-cleaning-car-seats-with-spoonge-1536x1025.jpg 1536w, https:\/\/www.ecosolucionesquimicas.es\/wp-content\/uploads\/2024\/02\/shemical-cleaning-car-seats-with-spoonge-2048x1367.jpg 2048w, https:\/\/www.ecosolucionesquimicas.es\/wp-content\/uploads\/2024\/02\/shemical-cleaning-car-seats-with-spoonge-600x401.jpg 600w\" sizes=\"(max-width: 550px) 100vw, 550px\" \/><\/p>\n<p><strong>INSTRU\u00c7\u00d5ES DE UTILIZA\u00c7\u00c3O<\/strong><\/p>\n<p><strong>Prepara\u00e7\u00e3o<\/strong><strong>: <\/strong> Certifica-te de que a superf\u00edcie est\u00e1 livre de p\u00f3 e detritos. Aspira se poss\u00edvel.<br \/>\n\ud83d\udd18<strong> Aplica\u00e7\u00e3o:<\/strong> Pulveriza o produto de limpeza a uma dist\u00e2ncia de 20-30 cm, cobrindo uniformemente.<br \/>\n<strong>Deixar<\/strong> atuar: Deixa o produto atuar durante alguns segundos para penetrar e decompor a sujidade.<br \/>\n<strong>Esfregar<\/strong>: Usa uma escova de cerdas macias ou uma esponja para esfregar, especialmente nas manchas mais dif\u00edceis.<br \/>\n<strong>Remo\u00e7\u00e3o<\/strong>: Limpa o excesso de produto e de sujidade com um pano limpo e h\u00famido.<br \/>\n<strong>Seca<\/strong>: Deixa secar ao ar.<\/p>\n<p><strong>Recomenda\u00e7\u00f5es<\/strong>:<\/p>\n<p><strong>Ventila\u00e7\u00e3o<\/strong>: Assegura uma boa ventila\u00e7\u00e3o durante e ap\u00f3s a utiliza\u00e7\u00e3o.<br \/>\nEvita <strong>o excesso<\/strong>: N\u00e3o utilizes demasiado produto para evitar res\u00edduos.<br \/>\n<strong>Manuten\u00e7\u00e3o regular<\/strong>: Limpa periodicamente e trata imediatamente as n\u00f3doas.<\/p>\n","protected":false},"excerpt":{"rendered":"<p><strong>LIMPEZA PROFISSIONAL DE ESTOFOS E T\u00caXTEIS DELICADOS<\/strong>. O ECO-113 \u00e9 ideal para a limpeza de estofos, tapetes e forros de autom\u00f3veis. \u00c9 seguro para tecidos, couro e Alc\u00e2ntara, assegurando uma limpeza eficaz sem danificar os materiais delicados.  <\/p>\n<p><strong>AC\u00c7\u00c3O DETERGENTE POTENTE<\/strong>. Remove eficazmente a sujidade do dia a dia, bem como as manchas mais dif\u00edceis de gordura, \u00f3leo e outras subst\u00e2ncias org\u00e2nicas, proporcionando resultados imediatos e duradouros. <\/p>\n<p><strong>ELIMINA OS ODORES DESAG<\/strong>RAD\u00c1VEIS. Para al\u00e9m de limpar, o ECO-113 elimina os odores desagrad\u00e1veis, como o fumo do cigarro e os odores dos animais de estima\u00e7\u00e3o, deixando um aroma fresco no interior do ve\u00edculo. <\/p>\n<p><strong>FORMATOS DE 500 ML, 5 E 20 LITROS.<\/strong><\/p>\n<p><strong>\u26ab<\/strong><strong> N.\u00ba de ref.: ECO-113<\/strong><\/p>\n","protected":false},"featured_media":11105,"template":"","meta":[],"product_brand":[225],"product_cat":[269,246],"product_tag":[270,392,393],"class_list":{"0":"post-11091","1":"product","2":"type-product","3":"status-publish","4":"has-post-thumbnail","6":"product_brand-eqm","7":"product_cat-automovel","8":"product_cat-novidades","9":"product_tag-carro","10":"product_tag-estofos","11":"product_tag-tapete","13":"first","14":"instock","15":"taxable","16":"shipping-taxable","17":"purchasable","18":"product-type-variable"},"acf":[],"yoast_head":"<!-- This site is optimized with the Yoast SEO Premium plugin v27.1 (Yoast SEO v27.4) - https:\/\/yoast.com\/product\/yoast-seo-premium-wordpress\/ -->\n<title>Limpeza profissional de estofos de autom\u00f3veis - Ecosoluciones Qu\u00edmicas<\/title>\n<meta name=\"robots\" content=\"index, follow, max-snippet:-1, max-image-preview:large, max-video-preview:-1\" \/>\n<link rel=\"canonical\" href=\"https:\/\/www.ecosolucionesquimicas.es\/pt-pt\/producto\/limpa-estofos-de-carro-profissional\/\" \/>\n<meta property=\"og:locale\" content=\"pt_PT\" \/>\n<meta property=\"og:type\" content=\"article\" \/>\n<meta property=\"og:title\" content=\"Limpeza profissional de estofos de autom\u00f3veis\" \/>\n<meta property=\"og:description\" content=\"LIMPEZA PROFISSIONAL DE ESTOFOS E T\u00caXTEIS DELICADOS. O ECO-113 \u00e9 ideal para a limpeza de estofos, tapetes e forros de autom\u00f3veis. \u00c9 seguro para tecidos, couro e Alc\u00e2ntara, assegurando uma limpeza eficaz sem danificar os materiais delicados.  AC\u00c7\u00c3O DETERGENTE POTENTE. Remove eficazmente a sujidade do dia a dia, bem como as manchas mais dif\u00edceis de gordura, \u00f3leo e outras subst\u00e2ncias org\u00e2nicas, proporcionando resultados imediatos e duradouros.  ELIMINA OS ODORES DESAGRAD\u00c1VEIS. Para al\u00e9m de limpar, o ECO-113 elimina os odores desagrad\u00e1veis, como o fumo do cigarro e os odores dos animais de estima\u00e7\u00e3o, deixando um aroma fresco no interior do ve\u00edculo.  FORMATOS DE 500 ML, 5 E 20 LITROS. \u26ab N.\u00ba de ref.: ECO-113\" \/>\n<meta property=\"og:url\" content=\"https:\/\/www.ecosolucionesquimicas.es\/pt-pt\/producto\/limpa-estofos-de-carro-profissional\/\" \/>\n<meta property=\"og:site_name\" content=\"Ecosoluciones Qu\u00edmicas\" \/>\n<meta property=\"article:publisher\" content=\"https:\/\/www.facebook.com\/ecosolucionesquimicasmadrid\/\" \/>\n<meta property=\"article:modified_time\" content=\"2026-03-15T22:19:55+00:00\" \/>\n<meta property=\"og:image\" content=\"https:\/\/www.ecosolucionesquimicas.es\/wp-content\/uploads\/2024\/02\/ECO-113-500ML-2-scaled.jpg\" \/>\n\t<meta property=\"og:image:width\" content=\"2350\" \/>\n\t<meta property=\"og:image:height\" content=\"2560\" \/>\n\t<meta property=\"og:image:type\" content=\"image\/jpeg\" \/>\n<meta name=\"twitter:card\" content=\"summary_large_image\" \/>\n<meta name=\"twitter:label1\" content=\"Disponibilidade\" \/>\n\t<meta name=\"twitter:data1\" content=\"Em stock\" \/>\n<script type=\"application\/ld+json\" class=\"yoast-schema-graph\">{\"@context\":\"https:\\\/\\\/schema.org\",\"@graph\":[{\"@type\":\"WebPage\",\"@id\":\"https:\\\/\\\/www.ecosolucionesquimicas.es\\\/pt-pt\\\/producto\\\/limpa-estofos-de-carro-profissional\\\/\",\"url\":\"https:\\\/\\\/www.ecosolucionesquimicas.es\\\/pt-pt\\\/producto\\\/limpa-estofos-de-carro-profissional\\\/\",\"name\":\"Limpeza profissional de estofos de autom\u00f3veis - Ecosoluciones Qu\u00edmicas\",\"isPartOf\":{\"@id\":\"https:\\\/\\\/www.ecosolucionesquimicas.es\\\/pt-pt\\\/#website\"},\"primaryImageOfPage\":{\"@id\":\"https:\\\/\\\/www.ecosolucionesquimicas.es\\\/pt-pt\\\/producto\\\/limpa-estofos-de-carro-profissional\\\/#primaryimage\"},\"image\":{\"@id\":\"https:\\\/\\\/www.ecosolucionesquimicas.es\\\/pt-pt\\\/producto\\\/limpa-estofos-de-carro-profissional\\\/#primaryimage\"},\"thumbnailUrl\":\"https:\\\/\\\/www.ecosolucionesquimicas.es\\\/wp-content\\\/uploads\\\/2024\\\/02\\\/ECO-113-500ML-2-scaled.jpg\",\"datePublished\":\"2024-02-22T12:39:53+00:00\",\"dateModified\":\"2026-03-15T22:19:55+00:00\",\"breadcrumb\":{\"@id\":\"https:\\\/\\\/www.ecosolucionesquimicas.es\\\/pt-pt\\\/producto\\\/limpa-estofos-de-carro-profissional\\\/#breadcrumb\"},\"inLanguage\":\"pt-PT\",\"potentialAction\":[{\"@type\":\"ReadAction\",\"target\":[\"https:\\\/\\\/www.ecosolucionesquimicas.es\\\/pt-pt\\\/producto\\\/limpa-estofos-de-carro-profissional\\\/\"]}]},{\"@type\":\"ImageObject\",\"inLanguage\":\"pt-PT\",\"@id\":\"https:\\\/\\\/www.ecosolucionesquimicas.es\\\/pt-pt\\\/producto\\\/limpa-estofos-de-carro-profissional\\\/#primaryimage\",\"url\":\"https:\\\/\\\/www.ecosolucionesquimicas.es\\\/wp-content\\\/uploads\\\/2024\\\/02\\\/ECO-113-500ML-2-scaled.jpg\",\"contentUrl\":\"https:\\\/\\\/www.ecosolucionesquimicas.es\\\/wp-content\\\/uploads\\\/2024\\\/02\\\/ECO-113-500ML-2-scaled.jpg\",\"width\":2350,\"height\":2560},{\"@type\":\"BreadcrumbList\",\"@id\":\"https:\\\/\\\/www.ecosolucionesquimicas.es\\\/pt-pt\\\/producto\\\/limpa-estofos-de-carro-profissional\\\/#breadcrumb\",\"itemListElement\":[{\"@type\":\"ListItem\",\"position\":1,\"name\":\"Portada\",\"item\":\"https:\\\/\\\/www.ecosolucionesquimicas.es\\\/pt-pt\\\/home\\\/\"},{\"@type\":\"ListItem\",\"position\":2,\"name\":\"Limpeza profissional de estofos de autom\u00f3veis\"}]},{\"@type\":\"WebSite\",\"@id\":\"https:\\\/\\\/www.ecosolucionesquimicas.es\\\/pt-pt\\\/#website\",\"url\":\"https:\\\/\\\/www.ecosolucionesquimicas.es\\\/pt-pt\\\/\",\"name\":\"Ecosoluciones Qu\u00edmicas\",\"description\":\"Compre produtos de limpeza e qu\u00edmicos, de fabrica\u00e7\u00e3o pr\u00f3pria, online.\",\"publisher\":{\"@id\":\"https:\\\/\\\/www.ecosolucionesquimicas.es\\\/pt-pt\\\/#organization\"},\"alternateName\":\"EQM\",\"potentialAction\":[{\"@type\":\"SearchAction\",\"target\":{\"@type\":\"EntryPoint\",\"urlTemplate\":\"https:\\\/\\\/www.ecosolucionesquimicas.es\\\/pt-pt\\\/?s={search_term_string}\"},\"query-input\":{\"@type\":\"PropertyValueSpecification\",\"valueRequired\":true,\"valueName\":\"search_term_string\"}}],\"inLanguage\":\"pt-PT\"},{\"@type\":\"Organization\",\"@id\":\"https:\\\/\\\/www.ecosolucionesquimicas.es\\\/pt-pt\\\/#organization\",\"name\":\"Ecosoluciones Qu\u00edmicas\",\"url\":\"https:\\\/\\\/www.ecosolucionesquimicas.es\\\/pt-pt\\\/\",\"logo\":{\"@type\":\"ImageObject\",\"inLanguage\":\"pt-PT\",\"@id\":\"https:\\\/\\\/www.ecosolucionesquimicas.es\\\/pt-pt\\\/#\\\/schema\\\/logo\\\/image\\\/\",\"url\":\"https:\\\/\\\/www.ecosolucionesquimicas.es\\\/wp-content\\\/uploads\\\/2024\\\/08\\\/LOGO-EQM-NUEVO-.png\",\"contentUrl\":\"https:\\\/\\\/www.ecosolucionesquimicas.es\\\/wp-content\\\/uploads\\\/2024\\\/08\\\/LOGO-EQM-NUEVO-.png\",\"width\":1060,\"height\":456,\"caption\":\"Ecosoluciones Qu\u00edmicas\"},\"image\":{\"@id\":\"https:\\\/\\\/www.ecosolucionesquimicas.es\\\/pt-pt\\\/#\\\/schema\\\/logo\\\/image\\\/\"},\"sameAs\":[\"https:\\\/\\\/www.facebook.com\\\/ecosolucionesquimicasmadrid\\\/\",\"https:\\\/\\\/www.instagram.com\\\/ecosolucionesquimicas\\\/\"],\"hasMerchantReturnPolicy\":{\"@type\":\"MerchantReturnPolicy\",\"merchantReturnLink\":\"https:\\\/\\\/www.ecosolucionesquimicas.es\\\/refund_returns\\\/\"}}]}<\/script>\n<meta property=\"product:brand\" content=\"EQM\" \/>\n<meta property=\"og:availability\" content=\"instock\" \/>\n<meta property=\"product:availability\" content=\"instock\" \/>\n<meta property=\"product:retailer_item_id\" content=\"ECO-113\" \/>\n<meta property=\"product:condition\" content=\"new\" \/>\n<!-- \/ Yoast SEO Premium plugin. -->","yoast_head_json":{"title":"Limpeza profissional de estofos de autom\u00f3veis - Ecosoluciones Qu\u00edmicas","robots":{"index":"index","follow":"follow","max-snippet":"max-snippet:-1","max-image-preview":"max-image-preview:large","max-video-preview":"max-video-preview:-1"},"canonical":"https:\/\/www.ecosolucionesquimicas.es\/pt-pt\/producto\/limpa-estofos-de-carro-profissional\/","og_locale":"pt_PT","og_type":"article","og_title":"Limpeza profissional de estofos de autom\u00f3veis","og_description":"LIMPEZA PROFISSIONAL DE ESTOFOS E T\u00caXTEIS DELICADOS. O ECO-113 \u00e9 ideal para a limpeza de estofos, tapetes e forros de autom\u00f3veis. \u00c9 seguro para tecidos, couro e Alc\u00e2ntara, assegurando uma limpeza eficaz sem danificar os materiais delicados.  AC\u00c7\u00c3O DETERGENTE POTENTE. Remove eficazmente a sujidade do dia a dia, bem como as manchas mais dif\u00edceis de gordura, \u00f3leo e outras subst\u00e2ncias org\u00e2nicas, proporcionando resultados imediatos e duradouros.  ELIMINA OS ODORES DESAGRAD\u00c1VEIS. Para al\u00e9m de limpar, o ECO-113 elimina os odores desagrad\u00e1veis, como o fumo do cigarro e os odores dos animais de estima\u00e7\u00e3o, deixando um aroma fresco no interior do ve\u00edculo.  FORMATOS DE 500 ML, 5 E 20 LITROS. \u26ab N.\u00ba de ref.: ECO-113","og_url":"https:\/\/www.ecosolucionesquimicas.es\/pt-pt\/producto\/limpa-estofos-de-carro-profissional\/","og_site_name":"Ecosoluciones Qu\u00edmicas","article_publisher":"https:\/\/www.facebook.com\/ecosolucionesquimicasmadrid\/","article_modified_time":"2026-03-15T22:19:55+00:00","og_image":[{"width":2350,"height":2560,"url":"https:\/\/www.ecosolucionesquimicas.es\/wp-content\/uploads\/2024\/02\/ECO-113-500ML-2-scaled.jpg","type":"image\/jpeg"}],"twitter_card":"summary_large_image","twitter_misc":{"Disponibilidade":"Em stock"},"schema":{"@context":"https:\/\/schema.org","@graph":[{"@type":"WebPage","@id":"https:\/\/www.ecosolucionesquimicas.es\/pt-pt\/producto\/limpa-estofos-de-carro-profissional\/","url":"https:\/\/www.ecosolucionesquimicas.es\/pt-pt\/producto\/limpa-estofos-de-carro-profissional\/","name":"Limpeza profissional de estofos de autom\u00f3veis - Ecosoluciones Qu\u00edmicas","isPartOf":{"@id":"https:\/\/www.ecosolucionesquimicas.es\/pt-pt\/#website"},"primaryImageOfPage":{"@id":"https:\/\/www.ecosolucionesquimicas.es\/pt-pt\/producto\/limpa-estofos-de-carro-profissional\/#primaryimage"},"image":{"@id":"https:\/\/www.ecosolucionesquimicas.es\/pt-pt\/producto\/limpa-estofos-de-carro-profissional\/#primaryimage"},"thumbnailUrl":"https:\/\/www.ecosolucionesquimicas.es\/wp-content\/uploads\/2024\/02\/ECO-113-500ML-2-scaled.jpg","datePublished":"2024-02-22T12:39:53+00:00","dateModified":"2026-03-15T22:19:55+00:00","breadcrumb":{"@id":"https:\/\/www.ecosolucionesquimicas.es\/pt-pt\/producto\/limpa-estofos-de-carro-profissional\/#breadcrumb"},"inLanguage":"pt-PT","potentialAction":[{"@type":"ReadAction","target":["https:\/\/www.ecosolucionesquimicas.es\/pt-pt\/producto\/limpa-estofos-de-carro-profissional\/"]}]},{"@type":"ImageObject","inLanguage":"pt-PT","@id":"https:\/\/www.ecosolucionesquimicas.es\/pt-pt\/producto\/limpa-estofos-de-carro-profissional\/#primaryimage","url":"https:\/\/www.ecosolucionesquimicas.es\/wp-content\/uploads\/2024\/02\/ECO-113-500ML-2-scaled.jpg","contentUrl":"https:\/\/www.ecosolucionesquimicas.es\/wp-content\/uploads\/2024\/02\/ECO-113-500ML-2-scaled.jpg","width":2350,"height":2560},{"@type":"BreadcrumbList","@id":"https:\/\/www.ecosolucionesquimicas.es\/pt-pt\/producto\/limpa-estofos-de-carro-profissional\/#breadcrumb","itemListElement":[{"@type":"ListItem","position":1,"name":"Portada","item":"https:\/\/www.ecosolucionesquimicas.es\/pt-pt\/home\/"},{"@type":"ListItem","position":2,"name":"Limpeza profissional de estofos de autom\u00f3veis"}]},{"@type":"WebSite","@id":"https:\/\/www.ecosolucionesquimicas.es\/pt-pt\/#website","url":"https:\/\/www.ecosolucionesquimicas.es\/pt-pt\/","name":"Ecosoluciones Qu\u00edmicas","description":"Compre produtos de limpeza e qu\u00edmicos, de fabrica\u00e7\u00e3o pr\u00f3pria, online.","publisher":{"@id":"https:\/\/www.ecosolucionesquimicas.es\/pt-pt\/#organization"},"alternateName":"EQM","potentialAction":[{"@type":"SearchAction","target":{"@type":"EntryPoint","urlTemplate":"https:\/\/www.ecosolucionesquimicas.es\/pt-pt\/?s={search_term_string}"},"query-input":{"@type":"PropertyValueSpecification","valueRequired":true,"valueName":"search_term_string"}}],"inLanguage":"pt-PT"},{"@type":"Organization","@id":"https:\/\/www.ecosolucionesquimicas.es\/pt-pt\/#organization","name":"Ecosoluciones Qu\u00edmicas","url":"https:\/\/www.ecosolucionesquimicas.es\/pt-pt\/","logo":{"@type":"ImageObject","inLanguage":"pt-PT","@id":"https:\/\/www.ecosolucionesquimicas.es\/pt-pt\/#\/schema\/logo\/image\/","url":"https:\/\/www.ecosolucionesquimicas.es\/wp-content\/uploads\/2024\/08\/LOGO-EQM-NUEVO-.png","contentUrl":"https:\/\/www.ecosolucionesquimicas.es\/wp-content\/uploads\/2024\/08\/LOGO-EQM-NUEVO-.png","width":1060,"height":456,"caption":"Ecosoluciones Qu\u00edmicas"},"image":{"@id":"https:\/\/www.ecosolucionesquimicas.es\/pt-pt\/#\/schema\/logo\/image\/"},"sameAs":["https:\/\/www.facebook.com\/ecosolucionesquimicasmadrid\/","https:\/\/www.instagram.com\/ecosolucionesquimicas\/"],"hasMerchantReturnPolicy":{"@type":"MerchantReturnPolicy","merchantReturnLink":"https:\/\/www.ecosolucionesquimicas.es\/refund_returns\/"}}]},"product_brand":"EQM","og_availability":"instock","product_availability":"instock","product_retailer_item_id":"ECO-113","product_condition":"new"},"_links":{"self":[{"href":"https:\/\/www.ecosolucionesquimicas.es\/pt-pt\/wp-json\/wp\/v2\/product\/11091","targetHints":{"allow":["GET"]}}],"collection":[{"href":"https:\/\/www.ecosolucionesquimicas.es\/pt-pt\/wp-json\/wp\/v2\/product"}],"about":[{"href":"https:\/\/www.ecosolucionesquimicas.es\/pt-pt\/wp-json\/wp\/v2\/types\/product"}],"wp:featuredmedia":[{"embeddable":true,"href":"https:\/\/www.ecosolucionesquimicas.es\/pt-pt\/wp-json\/wp\/v2\/media\/11105"}],"wp:attachment":[{"href":"https:\/\/www.ecosolucionesquimicas.es\/pt-pt\/wp-json\/wp\/v2\/media?parent=11091"}],"wp:term":[{"taxonomy":"product_brand","embeddable":true,"href":"https:\/\/www.ecosolucionesquimicas.es\/pt-pt\/wp-json\/wp\/v2\/product_brand?post=11091"},{"taxonomy":"product_cat","embeddable":true,"href":"https:\/\/www.ecosolucionesquimicas.es\/pt-pt\/wp-json\/wp\/v2\/product_cat?post=11091"},{"taxonomy":"product_tag","embeddable":true,"href":"https:\/\/www.ecosolucionesquimicas.es\/pt-pt\/wp-json\/wp\/v2\/product_tag?post=11091"}],"curies":[{"name":"wp","href":"https:\/\/api.w.org\/{rel}","templated":true}]}}