{"id":11071,"date":"2024-02-22T13:39:53","date_gmt":"2024-02-22T12:39:53","guid":{"rendered":"https:\/\/www.ecosolucionesquimicas.es\/producto\/limpa-calcario-para-casas-de-banho\/"},"modified":"2026-01-26T15:47:45","modified_gmt":"2026-01-26T14:47:45","slug":"limpa-calcario-para-casas-de-banho","status":"publish","type":"product","link":"https:\/\/www.ecosolucionesquimicas.es\/pt-pt\/producto\/limpa-calcario-para-casas-de-banho\/","title":{"rendered":"Removedor de calc\u00e1rio para a casa de banho"},"content":{"rendered":"<p><img fetchpriority=\"high\" decoding=\"async\" class=\"alignnone wp-image-3160\" src=\"https:\/\/www.ecosolucionesquimicas.es\/wp-content\/uploads\/2024\/02\/house-cleaning-woman-is-cleaning-bathroom-home-300x200.jpg\" alt=\"\" width=\"550\" height=\"367\" srcset=\"https:\/\/www.ecosolucionesquimicas.es\/wp-content\/uploads\/2024\/02\/house-cleaning-woman-is-cleaning-bathroom-home-300x200.jpg 300w, https:\/\/www.ecosolucionesquimicas.es\/wp-content\/uploads\/2024\/02\/house-cleaning-woman-is-cleaning-bathroom-home-1024x683.jpg 1024w, https:\/\/www.ecosolucionesquimicas.es\/wp-content\/uploads\/2024\/02\/house-cleaning-woman-is-cleaning-bathroom-home-768x512.jpg 768w, https:\/\/www.ecosolucionesquimicas.es\/wp-content\/uploads\/2024\/02\/house-cleaning-woman-is-cleaning-bathroom-home-1536x1024.jpg 1536w, https:\/\/www.ecosolucionesquimicas.es\/wp-content\/uploads\/2024\/02\/house-cleaning-woman-is-cleaning-bathroom-home-2048x1365.jpg 2048w, https:\/\/www.ecosolucionesquimicas.es\/wp-content\/uploads\/2024\/02\/house-cleaning-woman-is-cleaning-bathroom-home-600x400.jpg 600w\" sizes=\"(max-width: 550px) 100vw, 550px\" \/><\/p>\n<p><strong>instru\u00e7\u00f5es de utiliza\u00e7\u00e3o<\/strong><\/p>\n<p>\ud83d\udd18 <strong>Calc\u00e1rio e rejunte de azulejos<\/strong>: Aplica o descalcificante puro com um pulverizador, deixa atuar durante 2 minutos, esfrega com um pano ou escova, enxagua com \u00e1gua limpa e repete se necess\u00e1rio.<\/p>\n<p>\ud83d\udd18 <strong>Calc\u00e1rio em sa\u00eddas de \u00e1gua:<\/strong> Enche um recipiente com o descalcificante n\u00e3o dilu\u00eddo, mergulha as partes afectadas durante at\u00e9 2 minutos, esfrega se necess\u00e1rio e enxagua com \u00e1gua limpa abundante.<\/p>\n","protected":false},"excerpt":{"rendered":"<p><strong>PRODUTO DE LIMPEZA EFICAZ E DE AC\u00c7\u00c3O R\u00c1PIDA.<\/strong> O ECO-205 foi concebido para remover eficazmente o calc\u00e1rio, a ferrugem e as incrusta\u00e7\u00f5es, deixando as superf\u00edcies brilhantes ap\u00f3s a utiliza\u00e7\u00e3o.<\/p>\n<p><strong>APLICA-SE FACILMENTE NUMA VARIEDADE DE SUPERF\u00cdCIES.<\/strong> Pode ser utilizado em chuveiros, sanitas, lavat\u00f3rios, pias, cabines de duche e torneiras, assegurando uma limpeza completa e eficiente em todas as superf\u00edcies.<\/p>\n<p><strong>ELIMINA AS MANCHAS MAIS DIF\u00cdCEIS.<\/strong> Remove as manchas amarelas e a ferrugem das sanitas e de outras \u00e1reas da casa de banho, com uma f\u00f3rmula desincrustante que \u00e9 segura para os materiais comuns da casa de banho.<\/p>\n<p><strong>IDEAL PARA A LIMPEZA DAS JUNTAS DOS AZULEJOS.<\/strong> O ECO-205 restaura as juntas, removendo a sujidade acumulada e devolvendo a sua cor original. Tamb\u00e9m \u00e9 muito eficaz para remover o calc\u00e1rio das torneiras e dos chuveiros. <\/p>\n<p><strong>\u2705<\/strong><strong> FORMATO DE 5 E 20 LITROS.<\/strong><\/p>\n<p><strong>Refer\u00eancia: ECO-205<\/strong><\/p>\n","protected":false},"featured_media":11077,"template":"","meta":[],"product_brand":[225],"product_cat":[255],"product_tag":[384,385,388,309],"class_list":{"0":"post-11071","1":"product","2":"type-product","3":"status-publish","4":"has-post-thumbnail","6":"product_brand-eqm","7":"product_cat-limpeza-profissional","8":"product_tag-anticalcario","9":"product_tag-antioxidante","10":"product_tag-azulejo","11":"product_tag-desincrustante","13":"first","14":"instock","15":"taxable","16":"shipping-taxable","17":"purchasable","18":"product-type-variable"},"acf":[],"yoast_head":"<!-- This site is optimized with the Yoast SEO Premium plugin v27.1 (Yoast SEO v27.4) - https:\/\/yoast.com\/product\/yoast-seo-premium-wordpress\/ -->\n<title>Removedor de calc\u00e1rio para a casa de banho - Ecosoluciones Qu\u00edmicas<\/title>\n<meta name=\"robots\" content=\"index, follow, max-snippet:-1, max-image-preview:large, max-video-preview:-1\" \/>\n<link rel=\"canonical\" href=\"https:\/\/www.ecosolucionesquimicas.es\/pt-pt\/producto\/limpa-calcario-para-casas-de-banho\/\" \/>\n<meta property=\"og:locale\" content=\"pt_PT\" \/>\n<meta property=\"og:type\" content=\"article\" \/>\n<meta property=\"og:title\" content=\"Removedor de calc\u00e1rio para a casa de banho\" \/>\n<meta property=\"og:description\" content=\"PRODUTO DE LIMPEZA EFICAZ E DE AC\u00c7\u00c3O R\u00c1PIDA. O ECO-205 foi concebido para remover eficazmente o calc\u00e1rio, a ferrugem e as incrusta\u00e7\u00f5es, deixando as superf\u00edcies brilhantes ap\u00f3s a utiliza\u00e7\u00e3o. APLICA-SE FACILMENTE NUMA VARIEDADE DE SUPERF\u00cdCIES. Pode ser utilizado em chuveiros, sanitas, lavat\u00f3rios, pias, cabines de duche e torneiras, assegurando uma limpeza completa e eficiente em todas as superf\u00edcies. ELIMINA AS MANCHAS MAIS DIF\u00cdCEIS. Remove as manchas amarelas e a ferrugem das sanitas e de outras \u00e1reas da casa de banho, com uma f\u00f3rmula desincrustante que \u00e9 segura para os materiais comuns da casa de banho. IDEAL PARA A LIMPEZA DAS JUNTAS DOS AZULEJOS. O ECO-205 restaura as juntas, removendo a sujidade acumulada e devolvendo a sua cor original. Tamb\u00e9m \u00e9 muito eficaz para remover o calc\u00e1rio das torneiras e dos chuveiros.  \u2705 FORMATO DE 5 E 20 LITROS. Refer\u00eancia: ECO-205\" \/>\n<meta property=\"og:url\" content=\"https:\/\/www.ecosolucionesquimicas.es\/pt-pt\/producto\/limpa-calcario-para-casas-de-banho\/\" \/>\n<meta property=\"og:site_name\" content=\"Ecosoluciones Qu\u00edmicas\" \/>\n<meta property=\"article:publisher\" content=\"https:\/\/www.facebook.com\/ecosolucionesquimicasmadrid\/\" \/>\n<meta property=\"article:modified_time\" content=\"2026-01-26T14:47:45+00:00\" \/>\n<meta property=\"og:image\" content=\"https:\/\/www.ecosolucionesquimicas.es\/wp-content\/uploads\/2024\/02\/ECO-205-5L-scaled.jpg\" \/>\n\t<meta property=\"og:image:width\" content=\"2350\" \/>\n\t<meta property=\"og:image:height\" content=\"2560\" \/>\n\t<meta property=\"og:image:type\" content=\"image\/jpeg\" \/>\n<meta name=\"twitter:card\" content=\"summary_large_image\" \/>\n<meta name=\"twitter:label1\" content=\"Disponibilidade\" \/>\n\t<meta name=\"twitter:data1\" content=\"Em stock\" \/>\n<script type=\"application\/ld+json\" class=\"yoast-schema-graph\">{\"@context\":\"https:\\\/\\\/schema.org\",\"@graph\":[{\"@type\":\"WebPage\",\"@id\":\"https:\\\/\\\/www.ecosolucionesquimicas.es\\\/pt-pt\\\/producto\\\/limpa-calcario-para-casas-de-banho\\\/\",\"url\":\"https:\\\/\\\/www.ecosolucionesquimicas.es\\\/pt-pt\\\/producto\\\/limpa-calcario-para-casas-de-banho\\\/\",\"name\":\"Removedor de calc\u00e1rio para a casa de banho - Ecosoluciones Qu\u00edmicas\",\"isPartOf\":{\"@id\":\"https:\\\/\\\/www.ecosolucionesquimicas.es\\\/pt-pt\\\/#website\"},\"primaryImageOfPage\":{\"@id\":\"https:\\\/\\\/www.ecosolucionesquimicas.es\\\/pt-pt\\\/producto\\\/limpa-calcario-para-casas-de-banho\\\/#primaryimage\"},\"image\":{\"@id\":\"https:\\\/\\\/www.ecosolucionesquimicas.es\\\/pt-pt\\\/producto\\\/limpa-calcario-para-casas-de-banho\\\/#primaryimage\"},\"thumbnailUrl\":\"https:\\\/\\\/www.ecosolucionesquimicas.es\\\/wp-content\\\/uploads\\\/2024\\\/02\\\/ECO-205-5L-scaled.jpg\",\"datePublished\":\"2024-02-22T12:39:53+00:00\",\"dateModified\":\"2026-01-26T14:47:45+00:00\",\"breadcrumb\":{\"@id\":\"https:\\\/\\\/www.ecosolucionesquimicas.es\\\/pt-pt\\\/producto\\\/limpa-calcario-para-casas-de-banho\\\/#breadcrumb\"},\"inLanguage\":\"pt-PT\",\"potentialAction\":[{\"@type\":\"ReadAction\",\"target\":[\"https:\\\/\\\/www.ecosolucionesquimicas.es\\\/pt-pt\\\/producto\\\/limpa-calcario-para-casas-de-banho\\\/\"]}]},{\"@type\":\"ImageObject\",\"inLanguage\":\"pt-PT\",\"@id\":\"https:\\\/\\\/www.ecosolucionesquimicas.es\\\/pt-pt\\\/producto\\\/limpa-calcario-para-casas-de-banho\\\/#primaryimage\",\"url\":\"https:\\\/\\\/www.ecosolucionesquimicas.es\\\/wp-content\\\/uploads\\\/2024\\\/02\\\/ECO-205-5L-scaled.jpg\",\"contentUrl\":\"https:\\\/\\\/www.ecosolucionesquimicas.es\\\/wp-content\\\/uploads\\\/2024\\\/02\\\/ECO-205-5L-scaled.jpg\",\"width\":2350,\"height\":2560},{\"@type\":\"BreadcrumbList\",\"@id\":\"https:\\\/\\\/www.ecosolucionesquimicas.es\\\/pt-pt\\\/producto\\\/limpa-calcario-para-casas-de-banho\\\/#breadcrumb\",\"itemListElement\":[{\"@type\":\"ListItem\",\"position\":1,\"name\":\"Portada\",\"item\":\"https:\\\/\\\/www.ecosolucionesquimicas.es\\\/pt-pt\\\/home\\\/\"},{\"@type\":\"ListItem\",\"position\":2,\"name\":\"Removedor de calc\u00e1rio para a casa de banho\"}]},{\"@type\":\"WebSite\",\"@id\":\"https:\\\/\\\/www.ecosolucionesquimicas.es\\\/pt-pt\\\/#website\",\"url\":\"https:\\\/\\\/www.ecosolucionesquimicas.es\\\/pt-pt\\\/\",\"name\":\"Ecosoluciones Qu\u00edmicas\",\"description\":\"Compre produtos de limpeza e qu\u00edmicos, de fabrica\u00e7\u00e3o pr\u00f3pria, online.\",\"publisher\":{\"@id\":\"https:\\\/\\\/www.ecosolucionesquimicas.es\\\/pt-pt\\\/#organization\"},\"alternateName\":\"EQM\",\"potentialAction\":[{\"@type\":\"SearchAction\",\"target\":{\"@type\":\"EntryPoint\",\"urlTemplate\":\"https:\\\/\\\/www.ecosolucionesquimicas.es\\\/pt-pt\\\/?s={search_term_string}\"},\"query-input\":{\"@type\":\"PropertyValueSpecification\",\"valueRequired\":true,\"valueName\":\"search_term_string\"}}],\"inLanguage\":\"pt-PT\"},{\"@type\":\"Organization\",\"@id\":\"https:\\\/\\\/www.ecosolucionesquimicas.es\\\/pt-pt\\\/#organization\",\"name\":\"Ecosoluciones Qu\u00edmicas\",\"url\":\"https:\\\/\\\/www.ecosolucionesquimicas.es\\\/pt-pt\\\/\",\"logo\":{\"@type\":\"ImageObject\",\"inLanguage\":\"pt-PT\",\"@id\":\"https:\\\/\\\/www.ecosolucionesquimicas.es\\\/pt-pt\\\/#\\\/schema\\\/logo\\\/image\\\/\",\"url\":\"https:\\\/\\\/www.ecosolucionesquimicas.es\\\/wp-content\\\/uploads\\\/2024\\\/08\\\/LOGO-EQM-NUEVO-.png\",\"contentUrl\":\"https:\\\/\\\/www.ecosolucionesquimicas.es\\\/wp-content\\\/uploads\\\/2024\\\/08\\\/LOGO-EQM-NUEVO-.png\",\"width\":1060,\"height\":456,\"caption\":\"Ecosoluciones Qu\u00edmicas\"},\"image\":{\"@id\":\"https:\\\/\\\/www.ecosolucionesquimicas.es\\\/pt-pt\\\/#\\\/schema\\\/logo\\\/image\\\/\"},\"sameAs\":[\"https:\\\/\\\/www.facebook.com\\\/ecosolucionesquimicasmadrid\\\/\",\"https:\\\/\\\/www.instagram.com\\\/ecosolucionesquimicas\\\/\"],\"hasMerchantReturnPolicy\":{\"@type\":\"MerchantReturnPolicy\",\"merchantReturnLink\":\"https:\\\/\\\/www.ecosolucionesquimicas.es\\\/refund_returns\\\/\"}}]}<\/script>\n<meta property=\"product:brand\" content=\"EQM\" \/>\n<meta property=\"og:availability\" content=\"instock\" \/>\n<meta property=\"product:availability\" content=\"instock\" \/>\n<meta property=\"product:retailer_item_id\" content=\"ECO-205\" \/>\n<meta property=\"product:condition\" content=\"new\" \/>\n<!-- \/ Yoast SEO Premium plugin. -->","yoast_head_json":{"title":"Removedor de calc\u00e1rio para a casa de banho - Ecosoluciones Qu\u00edmicas","robots":{"index":"index","follow":"follow","max-snippet":"max-snippet:-1","max-image-preview":"max-image-preview:large","max-video-preview":"max-video-preview:-1"},"canonical":"https:\/\/www.ecosolucionesquimicas.es\/pt-pt\/producto\/limpa-calcario-para-casas-de-banho\/","og_locale":"pt_PT","og_type":"article","og_title":"Removedor de calc\u00e1rio para a casa de banho","og_description":"PRODUTO DE LIMPEZA EFICAZ E DE AC\u00c7\u00c3O R\u00c1PIDA. O ECO-205 foi concebido para remover eficazmente o calc\u00e1rio, a ferrugem e as incrusta\u00e7\u00f5es, deixando as superf\u00edcies brilhantes ap\u00f3s a utiliza\u00e7\u00e3o. APLICA-SE FACILMENTE NUMA VARIEDADE DE SUPERF\u00cdCIES. Pode ser utilizado em chuveiros, sanitas, lavat\u00f3rios, pias, cabines de duche e torneiras, assegurando uma limpeza completa e eficiente em todas as superf\u00edcies. ELIMINA AS MANCHAS MAIS DIF\u00cdCEIS. Remove as manchas amarelas e a ferrugem das sanitas e de outras \u00e1reas da casa de banho, com uma f\u00f3rmula desincrustante que \u00e9 segura para os materiais comuns da casa de banho. IDEAL PARA A LIMPEZA DAS JUNTAS DOS AZULEJOS. O ECO-205 restaura as juntas, removendo a sujidade acumulada e devolvendo a sua cor original. Tamb\u00e9m \u00e9 muito eficaz para remover o calc\u00e1rio das torneiras e dos chuveiros.  \u2705 FORMATO DE 5 E 20 LITROS. Refer\u00eancia: ECO-205","og_url":"https:\/\/www.ecosolucionesquimicas.es\/pt-pt\/producto\/limpa-calcario-para-casas-de-banho\/","og_site_name":"Ecosoluciones Qu\u00edmicas","article_publisher":"https:\/\/www.facebook.com\/ecosolucionesquimicasmadrid\/","article_modified_time":"2026-01-26T14:47:45+00:00","og_image":[{"width":2350,"height":2560,"url":"https:\/\/www.ecosolucionesquimicas.es\/wp-content\/uploads\/2024\/02\/ECO-205-5L-scaled.jpg","type":"image\/jpeg"}],"twitter_card":"summary_large_image","twitter_misc":{"Disponibilidade":"Em stock"},"schema":{"@context":"https:\/\/schema.org","@graph":[{"@type":"WebPage","@id":"https:\/\/www.ecosolucionesquimicas.es\/pt-pt\/producto\/limpa-calcario-para-casas-de-banho\/","url":"https:\/\/www.ecosolucionesquimicas.es\/pt-pt\/producto\/limpa-calcario-para-casas-de-banho\/","name":"Removedor de calc\u00e1rio para a casa de banho - Ecosoluciones Qu\u00edmicas","isPartOf":{"@id":"https:\/\/www.ecosolucionesquimicas.es\/pt-pt\/#website"},"primaryImageOfPage":{"@id":"https:\/\/www.ecosolucionesquimicas.es\/pt-pt\/producto\/limpa-calcario-para-casas-de-banho\/#primaryimage"},"image":{"@id":"https:\/\/www.ecosolucionesquimicas.es\/pt-pt\/producto\/limpa-calcario-para-casas-de-banho\/#primaryimage"},"thumbnailUrl":"https:\/\/www.ecosolucionesquimicas.es\/wp-content\/uploads\/2024\/02\/ECO-205-5L-scaled.jpg","datePublished":"2024-02-22T12:39:53+00:00","dateModified":"2026-01-26T14:47:45+00:00","breadcrumb":{"@id":"https:\/\/www.ecosolucionesquimicas.es\/pt-pt\/producto\/limpa-calcario-para-casas-de-banho\/#breadcrumb"},"inLanguage":"pt-PT","potentialAction":[{"@type":"ReadAction","target":["https:\/\/www.ecosolucionesquimicas.es\/pt-pt\/producto\/limpa-calcario-para-casas-de-banho\/"]}]},{"@type":"ImageObject","inLanguage":"pt-PT","@id":"https:\/\/www.ecosolucionesquimicas.es\/pt-pt\/producto\/limpa-calcario-para-casas-de-banho\/#primaryimage","url":"https:\/\/www.ecosolucionesquimicas.es\/wp-content\/uploads\/2024\/02\/ECO-205-5L-scaled.jpg","contentUrl":"https:\/\/www.ecosolucionesquimicas.es\/wp-content\/uploads\/2024\/02\/ECO-205-5L-scaled.jpg","width":2350,"height":2560},{"@type":"BreadcrumbList","@id":"https:\/\/www.ecosolucionesquimicas.es\/pt-pt\/producto\/limpa-calcario-para-casas-de-banho\/#breadcrumb","itemListElement":[{"@type":"ListItem","position":1,"name":"Portada","item":"https:\/\/www.ecosolucionesquimicas.es\/pt-pt\/home\/"},{"@type":"ListItem","position":2,"name":"Removedor de calc\u00e1rio para a casa de banho"}]},{"@type":"WebSite","@id":"https:\/\/www.ecosolucionesquimicas.es\/pt-pt\/#website","url":"https:\/\/www.ecosolucionesquimicas.es\/pt-pt\/","name":"Ecosoluciones Qu\u00edmicas","description":"Compre produtos de limpeza e qu\u00edmicos, de fabrica\u00e7\u00e3o pr\u00f3pria, online.","publisher":{"@id":"https:\/\/www.ecosolucionesquimicas.es\/pt-pt\/#organization"},"alternateName":"EQM","potentialAction":[{"@type":"SearchAction","target":{"@type":"EntryPoint","urlTemplate":"https:\/\/www.ecosolucionesquimicas.es\/pt-pt\/?s={search_term_string}"},"query-input":{"@type":"PropertyValueSpecification","valueRequired":true,"valueName":"search_term_string"}}],"inLanguage":"pt-PT"},{"@type":"Organization","@id":"https:\/\/www.ecosolucionesquimicas.es\/pt-pt\/#organization","name":"Ecosoluciones Qu\u00edmicas","url":"https:\/\/www.ecosolucionesquimicas.es\/pt-pt\/","logo":{"@type":"ImageObject","inLanguage":"pt-PT","@id":"https:\/\/www.ecosolucionesquimicas.es\/pt-pt\/#\/schema\/logo\/image\/","url":"https:\/\/www.ecosolucionesquimicas.es\/wp-content\/uploads\/2024\/08\/LOGO-EQM-NUEVO-.png","contentUrl":"https:\/\/www.ecosolucionesquimicas.es\/wp-content\/uploads\/2024\/08\/LOGO-EQM-NUEVO-.png","width":1060,"height":456,"caption":"Ecosoluciones Qu\u00edmicas"},"image":{"@id":"https:\/\/www.ecosolucionesquimicas.es\/pt-pt\/#\/schema\/logo\/image\/"},"sameAs":["https:\/\/www.facebook.com\/ecosolucionesquimicasmadrid\/","https:\/\/www.instagram.com\/ecosolucionesquimicas\/"],"hasMerchantReturnPolicy":{"@type":"MerchantReturnPolicy","merchantReturnLink":"https:\/\/www.ecosolucionesquimicas.es\/refund_returns\/"}}]},"product_brand":"EQM","og_availability":"instock","product_availability":"instock","product_retailer_item_id":"ECO-205","product_condition":"new"},"_links":{"self":[{"href":"https:\/\/www.ecosolucionesquimicas.es\/pt-pt\/wp-json\/wp\/v2\/product\/11071","targetHints":{"allow":["GET"]}}],"collection":[{"href":"https:\/\/www.ecosolucionesquimicas.es\/pt-pt\/wp-json\/wp\/v2\/product"}],"about":[{"href":"https:\/\/www.ecosolucionesquimicas.es\/pt-pt\/wp-json\/wp\/v2\/types\/product"}],"wp:featuredmedia":[{"embeddable":true,"href":"https:\/\/www.ecosolucionesquimicas.es\/pt-pt\/wp-json\/wp\/v2\/media\/11077"}],"wp:attachment":[{"href":"https:\/\/www.ecosolucionesquimicas.es\/pt-pt\/wp-json\/wp\/v2\/media?parent=11071"}],"wp:term":[{"taxonomy":"product_brand","embeddable":true,"href":"https:\/\/www.ecosolucionesquimicas.es\/pt-pt\/wp-json\/wp\/v2\/product_brand?post=11071"},{"taxonomy":"product_cat","embeddable":true,"href":"https:\/\/www.ecosolucionesquimicas.es\/pt-pt\/wp-json\/wp\/v2\/product_cat?post=11071"},{"taxonomy":"product_tag","embeddable":true,"href":"https:\/\/www.ecosolucionesquimicas.es\/pt-pt\/wp-json\/wp\/v2\/product_tag?post=11071"}],"curies":[{"name":"wp","href":"https:\/\/api.w.org\/{rel}","templated":true}]}}