{"id":11045,"date":"2024-02-22T13:39:56","date_gmt":"2024-02-22T12:39:56","guid":{"rendered":"https:\/\/www.ecosolucionesquimicas.es\/producto\/limpeza-hidroalcoolica-para-superficies-limao\/"},"modified":"2025-11-15T14:38:24","modified_gmt":"2025-11-15T13:38:24","slug":"limpeza-hidroalcoolica-para-superficies-limao","status":"publish","type":"product","link":"https:\/\/www.ecosolucionesquimicas.es\/pt-pt\/producto\/limpeza-hidroalcoolica-para-superficies-limao\/","title":{"rendered":"Limpeza Hidroalco\u00f3lica para Superf\u00edcies Lim\u00e3o"},"content":{"rendered":"<p><img fetchpriority=\"high\" decoding=\"async\" class=\"alignnone wp-image-3981\" src=\"https:\/\/www.ecosolucionesquimicas.es\/wp-content\/uploads\/2024\/02\/ECO-902-300x218.jpg\" alt=\"\" width=\"550\" height=\"399\" srcset=\"https:\/\/www.ecosolucionesquimicas.es\/wp-content\/uploads\/2024\/02\/ECO-902-300x218.jpg 300w, https:\/\/www.ecosolucionesquimicas.es\/wp-content\/uploads\/2024\/02\/ECO-902-1024x743.jpg 1024w, https:\/\/www.ecosolucionesquimicas.es\/wp-content\/uploads\/2024\/02\/ECO-902-768x557.jpg 768w, https:\/\/www.ecosolucionesquimicas.es\/wp-content\/uploads\/2024\/02\/ECO-902-1536x1114.jpg 1536w, https:\/\/www.ecosolucionesquimicas.es\/wp-content\/uploads\/2024\/02\/ECO-902-2048x1486.jpg 2048w, https:\/\/www.ecosolucionesquimicas.es\/wp-content\/uploads\/2024\/02\/ECO-902-600x435.jpg 600w\" sizes=\"(max-width: 550px) 100vw, 550px\" \/><\/p>\n<p><strong>APLICA\u00c7\u00d5ES<\/strong><\/p>\n<p>\u2714 <strong>Ambientes profissionais<\/strong>: Limpeza de secret\u00e1rias, telefones, superf\u00edcies em cl\u00ednicas e hospitais e equipamentos em restaurantes.<br \/>\n\u2714 <strong>Ind\u00fastria e oficinas<\/strong>: Limpeza de m\u00e1quinas, ferramentas e superf\u00edcies de trabalho.<br \/>\n\u2714 <strong>Ambientes educativos<\/strong>: Limpeza de secret\u00e1rias e superf\u00edcies em escolas e universidades.<br \/>\n\u2714 <strong>Lares<\/strong>: Limpeza de bancadas e eletrodom\u00e9sticos na cozinha e desinfe\u00e7\u00e3o de casas de banho.<br \/>\n\u2714 <strong>Espa\u00e7os p\u00fablicos<\/strong>: Limpeza em transportes p\u00fablicos, gin\u00e1sios e centros desportivos.<br \/>\n\u2714 <strong>Espa\u00e7os comerciais<\/strong>: Limpeza de balc\u00f5es e vitrines em lojas e centros comerciais.<br \/>\n\u2714 <strong>\u00c1reas de atendimento ao cliente<\/strong>: Limpeza de balc\u00f5es e cadeiras em rece\u00e7\u00f5es e \u00e1reas de servi\u00e7o.<\/p>\n","protected":false},"excerpt":{"rendered":"<p>\u2705 <strong>O ECO-902L \u00c9 FORMULADO COM 70% DE \u00c1LCOOL E AM\u00d3NIO QUATERN\u00c1RIO<\/strong>. O que garante uma limpeza profunda e eficaz, eliminando a sujidade e mantendo elevados padr\u00f5es de higiene em qualquer ambiente. <\/p>\n<p>\u2705 <strong>ESTE LIMPADOR \u00c9 ADEQUADO PARA UMA AMPLA VARIEDADE DE SUPERF\u00cdCIES<\/strong>. Incluindo ferramentas, equipamentos e outras \u00e1reas. A sua f\u00f3rmula avan\u00e7ada permite uma limpeza sem res\u00edduos, ideal para manter um ambiente limpo e livre de contaminantes.  <\/p>\n<p>\u2705 <strong>O ECO-902L OFERECE UMA A\u00c7\u00c3O DE LIMPEZA R\u00c1PIDA E EFICIENTE COM SECAGEM IMEDIATA<\/strong>. Permitindo uma higiene completa em segundos, perfeito para ambientes de trabalho que requerem uma limpeza r\u00e1pida e sem tempos de espera prolongados. <\/p>\n<p><strong>\u2705 FORMATO DE 5 E 20 LITROS.<\/strong><\/p>\n<p><strong>\u26ab<\/strong><strong> Refer\u00eancia: ECO-902L (Aroma de lim\u00e3o)<\/strong><\/p>\n","protected":false},"featured_media":11050,"template":"","meta":[],"product_brand":[225],"product_cat":[313,260],"product_tag":[383,316,283],"class_list":{"0":"post-11045","1":"product","2":"type-product","3":"status-publish","4":"has-post-thumbnail","6":"product_brand-eqm","7":"product_cat-alcoois-e-solucoes-hidroalcoolicas","8":"product_cat-limpezas-de-superficies-com-acao-reforcada","9":"product_tag-divisorias","10":"product_tag-hidroalcoolico","11":"product_tag-limpador","13":"first","14":"instock","15":"taxable","16":"shipping-taxable","17":"purchasable","18":"product-type-variable"},"acf":[],"yoast_head":"<!-- This site is optimized with the Yoast SEO Premium plugin v27.1 (Yoast SEO v27.4) - https:\/\/yoast.com\/product\/yoast-seo-premium-wordpress\/ -->\n<title>Limpeza Hidroalco\u00f3lica para Superf\u00edcies Lim\u00e3o - Ecosoluciones Qu\u00edmicas<\/title>\n<meta name=\"robots\" content=\"index, follow, max-snippet:-1, max-image-preview:large, max-video-preview:-1\" \/>\n<link rel=\"canonical\" href=\"https:\/\/www.ecosolucionesquimicas.es\/pt-pt\/producto\/limpeza-hidroalcoolica-para-superficies-limao\/\" \/>\n<meta property=\"og:locale\" content=\"pt_PT\" \/>\n<meta property=\"og:type\" content=\"article\" \/>\n<meta property=\"og:title\" content=\"Limpeza Hidroalco\u00f3lica para Superf\u00edcies Lim\u00e3o\" \/>\n<meta property=\"og:description\" content=\"\u2705 O ECO-902L \u00c9 FORMULADO COM 70% DE \u00c1LCOOL E AM\u00d3NIO QUATERN\u00c1RIO. O que garante uma limpeza profunda e eficaz, eliminando a sujidade e mantendo elevados padr\u00f5es de higiene em qualquer ambiente.  \u2705 ESTE LIMPADOR \u00c9 ADEQUADO PARA UMA AMPLA VARIEDADE DE SUPERF\u00cdCIES. Incluindo ferramentas, equipamentos e outras \u00e1reas. A sua f\u00f3rmula avan\u00e7ada permite uma limpeza sem res\u00edduos, ideal para manter um ambiente limpo e livre de contaminantes.  \u2705 O ECO-902L OFERECE UMA A\u00c7\u00c3O DE LIMPEZA R\u00c1PIDA E EFICIENTE COM SECAGEM IMEDIATA. Permitindo uma higiene completa em segundos, perfeito para ambientes de trabalho que requerem uma limpeza r\u00e1pida e sem tempos de espera prolongados.  \u2705 FORMATO DE 5 E 20 LITROS. \u26ab Refer\u00eancia: ECO-902L (Aroma de lim\u00e3o)\" \/>\n<meta property=\"og:url\" content=\"https:\/\/www.ecosolucionesquimicas.es\/pt-pt\/producto\/limpeza-hidroalcoolica-para-superficies-limao\/\" \/>\n<meta property=\"og:site_name\" content=\"Ecosoluciones Qu\u00edmicas\" \/>\n<meta property=\"article:publisher\" content=\"https:\/\/www.facebook.com\/ecosolucionesquimicasmadrid\/\" \/>\n<meta property=\"article:modified_time\" content=\"2025-11-15T13:38:24+00:00\" \/>\n<meta property=\"og:image\" content=\"https:\/\/www.ecosolucionesquimicas.es\/wp-content\/uploads\/2024\/02\/ECO-902L-5L-scaled.jpg\" \/>\n\t<meta property=\"og:image:width\" content=\"2350\" \/>\n\t<meta property=\"og:image:height\" content=\"2560\" \/>\n\t<meta property=\"og:image:type\" content=\"image\/jpeg\" \/>\n<meta name=\"twitter:card\" content=\"summary_large_image\" \/>\n<meta name=\"twitter:label1\" content=\"Disponibilidade\" \/>\n\t<meta name=\"twitter:data1\" content=\"Em stock\" \/>\n<script type=\"application\/ld+json\" class=\"yoast-schema-graph\">{\"@context\":\"https:\\\/\\\/schema.org\",\"@graph\":[{\"@type\":\"WebPage\",\"@id\":\"https:\\\/\\\/www.ecosolucionesquimicas.es\\\/pt-pt\\\/producto\\\/limpeza-hidroalcoolica-para-superficies-limao\\\/\",\"url\":\"https:\\\/\\\/www.ecosolucionesquimicas.es\\\/pt-pt\\\/producto\\\/limpeza-hidroalcoolica-para-superficies-limao\\\/\",\"name\":\"Limpeza Hidroalco\u00f3lica para Superf\u00edcies Lim\u00e3o - Ecosoluciones Qu\u00edmicas\",\"isPartOf\":{\"@id\":\"https:\\\/\\\/www.ecosolucionesquimicas.es\\\/pt-pt\\\/#website\"},\"primaryImageOfPage\":{\"@id\":\"https:\\\/\\\/www.ecosolucionesquimicas.es\\\/pt-pt\\\/producto\\\/limpeza-hidroalcoolica-para-superficies-limao\\\/#primaryimage\"},\"image\":{\"@id\":\"https:\\\/\\\/www.ecosolucionesquimicas.es\\\/pt-pt\\\/producto\\\/limpeza-hidroalcoolica-para-superficies-limao\\\/#primaryimage\"},\"thumbnailUrl\":\"https:\\\/\\\/www.ecosolucionesquimicas.es\\\/wp-content\\\/uploads\\\/2024\\\/02\\\/ECO-902L-5L-scaled.jpg\",\"datePublished\":\"2024-02-22T12:39:56+00:00\",\"dateModified\":\"2025-11-15T13:38:24+00:00\",\"breadcrumb\":{\"@id\":\"https:\\\/\\\/www.ecosolucionesquimicas.es\\\/pt-pt\\\/producto\\\/limpeza-hidroalcoolica-para-superficies-limao\\\/#breadcrumb\"},\"inLanguage\":\"pt-PT\",\"potentialAction\":[{\"@type\":\"ReadAction\",\"target\":[\"https:\\\/\\\/www.ecosolucionesquimicas.es\\\/pt-pt\\\/producto\\\/limpeza-hidroalcoolica-para-superficies-limao\\\/\"]}]},{\"@type\":\"ImageObject\",\"inLanguage\":\"pt-PT\",\"@id\":\"https:\\\/\\\/www.ecosolucionesquimicas.es\\\/pt-pt\\\/producto\\\/limpeza-hidroalcoolica-para-superficies-limao\\\/#primaryimage\",\"url\":\"https:\\\/\\\/www.ecosolucionesquimicas.es\\\/wp-content\\\/uploads\\\/2024\\\/02\\\/ECO-902L-5L-scaled.jpg\",\"contentUrl\":\"https:\\\/\\\/www.ecosolucionesquimicas.es\\\/wp-content\\\/uploads\\\/2024\\\/02\\\/ECO-902L-5L-scaled.jpg\",\"width\":2350,\"height\":2560},{\"@type\":\"BreadcrumbList\",\"@id\":\"https:\\\/\\\/www.ecosolucionesquimicas.es\\\/pt-pt\\\/producto\\\/limpeza-hidroalcoolica-para-superficies-limao\\\/#breadcrumb\",\"itemListElement\":[{\"@type\":\"ListItem\",\"position\":1,\"name\":\"Portada\",\"item\":\"https:\\\/\\\/www.ecosolucionesquimicas.es\\\/pt-pt\\\/home\\\/\"},{\"@type\":\"ListItem\",\"position\":2,\"name\":\"Limpeza Hidroalco\u00f3lica para Superf\u00edcies Lim\u00e3o\"}]},{\"@type\":\"WebSite\",\"@id\":\"https:\\\/\\\/www.ecosolucionesquimicas.es\\\/pt-pt\\\/#website\",\"url\":\"https:\\\/\\\/www.ecosolucionesquimicas.es\\\/pt-pt\\\/\",\"name\":\"Ecosoluciones Qu\u00edmicas\",\"description\":\"Compre produtos de limpeza e qu\u00edmicos, de fabrica\u00e7\u00e3o pr\u00f3pria, online.\",\"publisher\":{\"@id\":\"https:\\\/\\\/www.ecosolucionesquimicas.es\\\/pt-pt\\\/#organization\"},\"alternateName\":\"EQM\",\"potentialAction\":[{\"@type\":\"SearchAction\",\"target\":{\"@type\":\"EntryPoint\",\"urlTemplate\":\"https:\\\/\\\/www.ecosolucionesquimicas.es\\\/pt-pt\\\/?s={search_term_string}\"},\"query-input\":{\"@type\":\"PropertyValueSpecification\",\"valueRequired\":true,\"valueName\":\"search_term_string\"}}],\"inLanguage\":\"pt-PT\"},{\"@type\":\"Organization\",\"@id\":\"https:\\\/\\\/www.ecosolucionesquimicas.es\\\/pt-pt\\\/#organization\",\"name\":\"Ecosoluciones Qu\u00edmicas\",\"url\":\"https:\\\/\\\/www.ecosolucionesquimicas.es\\\/pt-pt\\\/\",\"logo\":{\"@type\":\"ImageObject\",\"inLanguage\":\"pt-PT\",\"@id\":\"https:\\\/\\\/www.ecosolucionesquimicas.es\\\/pt-pt\\\/#\\\/schema\\\/logo\\\/image\\\/\",\"url\":\"https:\\\/\\\/www.ecosolucionesquimicas.es\\\/wp-content\\\/uploads\\\/2024\\\/08\\\/LOGO-EQM-NUEVO-.png\",\"contentUrl\":\"https:\\\/\\\/www.ecosolucionesquimicas.es\\\/wp-content\\\/uploads\\\/2024\\\/08\\\/LOGO-EQM-NUEVO-.png\",\"width\":1060,\"height\":456,\"caption\":\"Ecosoluciones Qu\u00edmicas\"},\"image\":{\"@id\":\"https:\\\/\\\/www.ecosolucionesquimicas.es\\\/pt-pt\\\/#\\\/schema\\\/logo\\\/image\\\/\"},\"sameAs\":[\"https:\\\/\\\/www.facebook.com\\\/ecosolucionesquimicasmadrid\\\/\",\"https:\\\/\\\/www.instagram.com\\\/ecosolucionesquimicas\\\/\"],\"hasMerchantReturnPolicy\":{\"@type\":\"MerchantReturnPolicy\",\"merchantReturnLink\":\"https:\\\/\\\/www.ecosolucionesquimicas.es\\\/refund_returns\\\/\"}}]}<\/script>\n<meta property=\"product:brand\" content=\"EQM\" \/>\n<meta property=\"og:availability\" content=\"instock\" \/>\n<meta property=\"product:availability\" content=\"instock\" \/>\n<meta property=\"product:retailer_item_id\" content=\"ECO-902L\" \/>\n<meta property=\"product:condition\" content=\"new\" \/>\n<!-- \/ Yoast SEO Premium plugin. -->","yoast_head_json":{"title":"Limpeza Hidroalco\u00f3lica para Superf\u00edcies Lim\u00e3o - Ecosoluciones Qu\u00edmicas","robots":{"index":"index","follow":"follow","max-snippet":"max-snippet:-1","max-image-preview":"max-image-preview:large","max-video-preview":"max-video-preview:-1"},"canonical":"https:\/\/www.ecosolucionesquimicas.es\/pt-pt\/producto\/limpeza-hidroalcoolica-para-superficies-limao\/","og_locale":"pt_PT","og_type":"article","og_title":"Limpeza Hidroalco\u00f3lica para Superf\u00edcies Lim\u00e3o","og_description":"\u2705 O ECO-902L \u00c9 FORMULADO COM 70% DE \u00c1LCOOL E AM\u00d3NIO QUATERN\u00c1RIO. O que garante uma limpeza profunda e eficaz, eliminando a sujidade e mantendo elevados padr\u00f5es de higiene em qualquer ambiente.  \u2705 ESTE LIMPADOR \u00c9 ADEQUADO PARA UMA AMPLA VARIEDADE DE SUPERF\u00cdCIES. Incluindo ferramentas, equipamentos e outras \u00e1reas. A sua f\u00f3rmula avan\u00e7ada permite uma limpeza sem res\u00edduos, ideal para manter um ambiente limpo e livre de contaminantes.  \u2705 O ECO-902L OFERECE UMA A\u00c7\u00c3O DE LIMPEZA R\u00c1PIDA E EFICIENTE COM SECAGEM IMEDIATA. Permitindo uma higiene completa em segundos, perfeito para ambientes de trabalho que requerem uma limpeza r\u00e1pida e sem tempos de espera prolongados.  \u2705 FORMATO DE 5 E 20 LITROS. \u26ab Refer\u00eancia: ECO-902L (Aroma de lim\u00e3o)","og_url":"https:\/\/www.ecosolucionesquimicas.es\/pt-pt\/producto\/limpeza-hidroalcoolica-para-superficies-limao\/","og_site_name":"Ecosoluciones Qu\u00edmicas","article_publisher":"https:\/\/www.facebook.com\/ecosolucionesquimicasmadrid\/","article_modified_time":"2025-11-15T13:38:24+00:00","og_image":[{"width":2350,"height":2560,"url":"https:\/\/www.ecosolucionesquimicas.es\/wp-content\/uploads\/2024\/02\/ECO-902L-5L-scaled.jpg","type":"image\/jpeg"}],"twitter_card":"summary_large_image","twitter_misc":{"Disponibilidade":"Em stock"},"schema":{"@context":"https:\/\/schema.org","@graph":[{"@type":"WebPage","@id":"https:\/\/www.ecosolucionesquimicas.es\/pt-pt\/producto\/limpeza-hidroalcoolica-para-superficies-limao\/","url":"https:\/\/www.ecosolucionesquimicas.es\/pt-pt\/producto\/limpeza-hidroalcoolica-para-superficies-limao\/","name":"Limpeza Hidroalco\u00f3lica para Superf\u00edcies Lim\u00e3o - Ecosoluciones Qu\u00edmicas","isPartOf":{"@id":"https:\/\/www.ecosolucionesquimicas.es\/pt-pt\/#website"},"primaryImageOfPage":{"@id":"https:\/\/www.ecosolucionesquimicas.es\/pt-pt\/producto\/limpeza-hidroalcoolica-para-superficies-limao\/#primaryimage"},"image":{"@id":"https:\/\/www.ecosolucionesquimicas.es\/pt-pt\/producto\/limpeza-hidroalcoolica-para-superficies-limao\/#primaryimage"},"thumbnailUrl":"https:\/\/www.ecosolucionesquimicas.es\/wp-content\/uploads\/2024\/02\/ECO-902L-5L-scaled.jpg","datePublished":"2024-02-22T12:39:56+00:00","dateModified":"2025-11-15T13:38:24+00:00","breadcrumb":{"@id":"https:\/\/www.ecosolucionesquimicas.es\/pt-pt\/producto\/limpeza-hidroalcoolica-para-superficies-limao\/#breadcrumb"},"inLanguage":"pt-PT","potentialAction":[{"@type":"ReadAction","target":["https:\/\/www.ecosolucionesquimicas.es\/pt-pt\/producto\/limpeza-hidroalcoolica-para-superficies-limao\/"]}]},{"@type":"ImageObject","inLanguage":"pt-PT","@id":"https:\/\/www.ecosolucionesquimicas.es\/pt-pt\/producto\/limpeza-hidroalcoolica-para-superficies-limao\/#primaryimage","url":"https:\/\/www.ecosolucionesquimicas.es\/wp-content\/uploads\/2024\/02\/ECO-902L-5L-scaled.jpg","contentUrl":"https:\/\/www.ecosolucionesquimicas.es\/wp-content\/uploads\/2024\/02\/ECO-902L-5L-scaled.jpg","width":2350,"height":2560},{"@type":"BreadcrumbList","@id":"https:\/\/www.ecosolucionesquimicas.es\/pt-pt\/producto\/limpeza-hidroalcoolica-para-superficies-limao\/#breadcrumb","itemListElement":[{"@type":"ListItem","position":1,"name":"Portada","item":"https:\/\/www.ecosolucionesquimicas.es\/pt-pt\/home\/"},{"@type":"ListItem","position":2,"name":"Limpeza Hidroalco\u00f3lica para Superf\u00edcies Lim\u00e3o"}]},{"@type":"WebSite","@id":"https:\/\/www.ecosolucionesquimicas.es\/pt-pt\/#website","url":"https:\/\/www.ecosolucionesquimicas.es\/pt-pt\/","name":"Ecosoluciones Qu\u00edmicas","description":"Compre produtos de limpeza e qu\u00edmicos, de fabrica\u00e7\u00e3o pr\u00f3pria, online.","publisher":{"@id":"https:\/\/www.ecosolucionesquimicas.es\/pt-pt\/#organization"},"alternateName":"EQM","potentialAction":[{"@type":"SearchAction","target":{"@type":"EntryPoint","urlTemplate":"https:\/\/www.ecosolucionesquimicas.es\/pt-pt\/?s={search_term_string}"},"query-input":{"@type":"PropertyValueSpecification","valueRequired":true,"valueName":"search_term_string"}}],"inLanguage":"pt-PT"},{"@type":"Organization","@id":"https:\/\/www.ecosolucionesquimicas.es\/pt-pt\/#organization","name":"Ecosoluciones Qu\u00edmicas","url":"https:\/\/www.ecosolucionesquimicas.es\/pt-pt\/","logo":{"@type":"ImageObject","inLanguage":"pt-PT","@id":"https:\/\/www.ecosolucionesquimicas.es\/pt-pt\/#\/schema\/logo\/image\/","url":"https:\/\/www.ecosolucionesquimicas.es\/wp-content\/uploads\/2024\/08\/LOGO-EQM-NUEVO-.png","contentUrl":"https:\/\/www.ecosolucionesquimicas.es\/wp-content\/uploads\/2024\/08\/LOGO-EQM-NUEVO-.png","width":1060,"height":456,"caption":"Ecosoluciones Qu\u00edmicas"},"image":{"@id":"https:\/\/www.ecosolucionesquimicas.es\/pt-pt\/#\/schema\/logo\/image\/"},"sameAs":["https:\/\/www.facebook.com\/ecosolucionesquimicasmadrid\/","https:\/\/www.instagram.com\/ecosolucionesquimicas\/"],"hasMerchantReturnPolicy":{"@type":"MerchantReturnPolicy","merchantReturnLink":"https:\/\/www.ecosolucionesquimicas.es\/refund_returns\/"}}]},"product_brand":"EQM","og_availability":"instock","product_availability":"instock","product_retailer_item_id":"ECO-902L","product_condition":"new"},"_links":{"self":[{"href":"https:\/\/www.ecosolucionesquimicas.es\/pt-pt\/wp-json\/wp\/v2\/product\/11045","targetHints":{"allow":["GET"]}}],"collection":[{"href":"https:\/\/www.ecosolucionesquimicas.es\/pt-pt\/wp-json\/wp\/v2\/product"}],"about":[{"href":"https:\/\/www.ecosolucionesquimicas.es\/pt-pt\/wp-json\/wp\/v2\/types\/product"}],"wp:featuredmedia":[{"embeddable":true,"href":"https:\/\/www.ecosolucionesquimicas.es\/pt-pt\/wp-json\/wp\/v2\/media\/11050"}],"wp:attachment":[{"href":"https:\/\/www.ecosolucionesquimicas.es\/pt-pt\/wp-json\/wp\/v2\/media?parent=11045"}],"wp:term":[{"taxonomy":"product_brand","embeddable":true,"href":"https:\/\/www.ecosolucionesquimicas.es\/pt-pt\/wp-json\/wp\/v2\/product_brand?post=11045"},{"taxonomy":"product_cat","embeddable":true,"href":"https:\/\/www.ecosolucionesquimicas.es\/pt-pt\/wp-json\/wp\/v2\/product_cat?post=11045"},{"taxonomy":"product_tag","embeddable":true,"href":"https:\/\/www.ecosolucionesquimicas.es\/pt-pt\/wp-json\/wp\/v2\/product_tag?post=11045"}],"curies":[{"name":"wp","href":"https:\/\/api.w.org\/{rel}","templated":true}]}}