{"id":11030,"date":"2024-02-22T13:39:55","date_gmt":"2024-02-22T12:39:55","guid":{"rendered":"https:\/\/www.ecosolucionesquimicas.es\/producto\/locao-hidroalcoolica-para-maos-aroma-melao\/"},"modified":"2025-11-18T20:58:31","modified_gmt":"2025-11-18T19:58:31","slug":"locao-hidroalcoolica-para-maos-aroma-melao","status":"publish","type":"product","link":"https:\/\/www.ecosolucionesquimicas.es\/pt-pt\/producto\/locao-hidroalcoolica-para-maos-aroma-melao\/","title":{"rendered":"Lo\u00e7\u00e3o de m\u00e3os hidroalco\u00f3lica com aroma a mel\u00e3o"},"content":{"rendered":"<p><img fetchpriority=\"high\" decoding=\"async\" class=\"alignnone wp-image-3969\" src=\"https:\/\/www.ecosolucionesquimicas.es\/wp-content\/uploads\/2024\/02\/664-300x200.jpg\" alt=\"\" width=\"550\" height=\"367\" srcset=\"https:\/\/www.ecosolucionesquimicas.es\/wp-content\/uploads\/2024\/02\/664-300x200.jpg 300w, https:\/\/www.ecosolucionesquimicas.es\/wp-content\/uploads\/2024\/02\/664-768x512.jpg 768w, https:\/\/www.ecosolucionesquimicas.es\/wp-content\/uploads\/2024\/02\/664-600x400.jpg 600w, https:\/\/www.ecosolucionesquimicas.es\/wp-content\/uploads\/2024\/02\/664.jpg 1000w\" sizes=\"(max-width: 550px) 100vw, 550px\" \/><\/p>\n<p><strong>CARACTER\u00cdSTICAS<\/strong><\/p>\n<p><strong>Composi\u00e7\u00e3o<\/strong>: Formulado com \u00e1lcool et\u00edlico ou isoprop\u00edlico a 70% e glicerina para hidrata\u00e7\u00e3o.<br \/>\n\u2714 <strong>Utiliza\u00e7\u00e3o correta<\/strong>: Aplica e esfrega as m\u00e3os at\u00e9 secarem para garantir a efic\u00e1cia.<br \/>\n\u2714 <strong>Benef\u00edcios<\/strong>: Proporciona uma solu\u00e7\u00e3o r\u00e1pida para a limpeza das m\u00e3os sem \u00e1gua, ideal quando n\u00e3o est\u00e3o dispon\u00edveis instala\u00e7\u00f5es para a lavagem das m\u00e3os.<br \/>\n<strong>Hidratante<\/strong>: Inclui glicerina para combater a secura e manter as m\u00e3os macias.<br \/>\n\u2714 <strong>Dura\u00e7\u00e3o do efeito<\/strong>: Prote\u00e7\u00e3o tempor\u00e1ria, recomendada para uso frequente, especialmente depois de tocar em superf\u00edcies potencialmente contaminadas.<br \/>\n\u2714 <strong>Certifica\u00e7\u00f5es<\/strong>: Certificado em laborat\u00f3rio para garantir efic\u00e1cia e seguran\u00e7a.<\/p>\n<p><strong>Recomenda\u00e7\u00f5es:  <\/strong><\/p>\n<p>O \u00e1lcool hidroalco\u00f3lico \u00e9 inflam\u00e1vel e deve ser guardado longe de fontes de calor e de chamas. Tamb\u00e9m pode causar irrita\u00e7\u00e3o na pele sens\u00edvel, por isso usa com modera\u00e7\u00e3o e evita o contacto com os olhos. <\/p>\n","protected":false},"excerpt":{"rendered":"<p><strong>O ECO-901M FOI FORMULADO PARA A LIMPEZA DAS M\u00c3OS SEM \u00c1GUA, ADEQUADO PARA QUALQUER AMBIENTE.<\/strong> Oferece uma solu\u00e7\u00e3o eficaz para a higieniza\u00e7\u00e3o em qualquer altura e em qualquer lugar, tornando-o f\u00e1cil de utilizar numa variedade de situa\u00e7\u00f5es.<\/p>\n<p><strong>A EFIC\u00c1CIA DO PRODUTO \u00c9 APOIADA POR CERTIFICA\u00c7\u00d5ES DE LABORAT\u00d3RIOS DE RENOME.<\/strong> Estas certifica\u00e7\u00f5es garantem que o produto cumpre elevados padr\u00f5es de qualidade e proporciona uma limpeza completa e eficaz.<\/p>\n<p><strong>A<\/strong> sua f\u00f3rmula evita a secura e a pegajosidade, mantendo as m\u00e3os macias e nutridas mesmo com uma utiliza\u00e7\u00e3o frequente.<\/p>\n<p><strong>COM 70% DE \u00c1LCOOL, ECO-901M OFERECE UM PODER DE AC\u00c7\u00c3O R\u00c1PIDA.<\/strong> Seca rapidamente, evitando o desconforto e proporcionando uma sensa\u00e7\u00e3o imediata de frescura, garantindo uma limpeza eficaz.<\/p>\n<p><strong>FORMATO DE 5 E 20 LITROS.<\/strong><\/p>\n<p><strong>Refer\u00eancia: ECO-901M (sabor a mel\u00e3o)<\/strong><\/p>\n","protected":false},"featured_media":11036,"template":"","meta":[],"product_brand":[225],"product_cat":[313,252],"product_tag":[317,315,316,314],"class_list":{"0":"post-11030","1":"product","2":"type-product","3":"status-publish","4":"has-post-thumbnail","6":"product_brand-eqm","7":"product_cat-alcoois-e-solucoes-hidroalcoolicas","8":"product_cat-cuidado-pessoal","9":"product_tag-desinfeta","10":"product_tag-gel","11":"product_tag-hidroalcoolico","12":"product_tag-locao","14":"first","15":"instock","16":"taxable","17":"shipping-taxable","18":"purchasable","19":"product-type-variable"},"acf":[],"yoast_head":"<!-- This site is optimized with the Yoast SEO Premium plugin v27.1 (Yoast SEO v27.4) - https:\/\/yoast.com\/product\/yoast-seo-premium-wordpress\/ -->\n<title>Lo\u00e7\u00e3o de m\u00e3os hidroalco\u00f3lica com aroma a mel\u00e3o - Ecosoluciones Qu\u00edmicas<\/title>\n<meta name=\"robots\" content=\"index, follow, max-snippet:-1, max-image-preview:large, max-video-preview:-1\" \/>\n<link rel=\"canonical\" href=\"https:\/\/www.ecosolucionesquimicas.es\/pt-pt\/producto\/locao-hidroalcoolica-para-maos-aroma-melao\/\" \/>\n<meta property=\"og:locale\" content=\"pt_PT\" \/>\n<meta property=\"og:type\" content=\"article\" \/>\n<meta property=\"og:title\" content=\"Lo\u00e7\u00e3o de m\u00e3os hidroalco\u00f3lica com aroma a mel\u00e3o\" \/>\n<meta property=\"og:description\" content=\"O ECO-901M FOI FORMULADO PARA A LIMPEZA DAS M\u00c3OS SEM \u00c1GUA, ADEQUADO PARA QUALQUER AMBIENTE. Oferece uma solu\u00e7\u00e3o eficaz para a higieniza\u00e7\u00e3o em qualquer altura e em qualquer lugar, tornando-o f\u00e1cil de utilizar numa variedade de situa\u00e7\u00f5es. A EFIC\u00c1CIA DO PRODUTO \u00c9 APOIADA POR CERTIFICA\u00c7\u00d5ES DE LABORAT\u00d3RIOS DE RENOME. Estas certifica\u00e7\u00f5es garantem que o produto cumpre elevados padr\u00f5es de qualidade e proporciona uma limpeza completa e eficaz. A sua f\u00f3rmula evita a secura e a pegajosidade, mantendo as m\u00e3os macias e nutridas mesmo com uma utiliza\u00e7\u00e3o frequente. COM 70% DE \u00c1LCOOL, ECO-901M OFERECE UM PODER DE AC\u00c7\u00c3O R\u00c1PIDA. Seca rapidamente, evitando o desconforto e proporcionando uma sensa\u00e7\u00e3o imediata de frescura, garantindo uma limpeza eficaz. FORMATO DE 5 E 20 LITROS. Refer\u00eancia: ECO-901M (sabor a mel\u00e3o)\" \/>\n<meta property=\"og:url\" content=\"https:\/\/www.ecosolucionesquimicas.es\/pt-pt\/producto\/locao-hidroalcoolica-para-maos-aroma-melao\/\" \/>\n<meta property=\"og:site_name\" content=\"Ecosoluciones Qu\u00edmicas\" \/>\n<meta property=\"article:publisher\" content=\"https:\/\/www.facebook.com\/ecosolucionesquimicasmadrid\/\" \/>\n<meta property=\"article:modified_time\" content=\"2025-11-18T19:58:31+00:00\" \/>\n<meta property=\"og:image\" content=\"https:\/\/www.ecosolucionesquimicas.es\/wp-content\/uploads\/2024\/02\/ECO-901M-5L-scaled.jpg\" \/>\n\t<meta property=\"og:image:width\" content=\"2350\" \/>\n\t<meta property=\"og:image:height\" content=\"2560\" \/>\n\t<meta property=\"og:image:type\" content=\"image\/jpeg\" \/>\n<meta name=\"twitter:card\" content=\"summary_large_image\" \/>\n<meta name=\"twitter:label1\" content=\"Disponibilidade\" \/>\n\t<meta name=\"twitter:data1\" content=\"Em stock\" \/>\n<script type=\"application\/ld+json\" class=\"yoast-schema-graph\">{\"@context\":\"https:\\\/\\\/schema.org\",\"@graph\":[{\"@type\":\"WebPage\",\"@id\":\"https:\\\/\\\/www.ecosolucionesquimicas.es\\\/pt-pt\\\/producto\\\/locao-hidroalcoolica-para-maos-aroma-melao\\\/\",\"url\":\"https:\\\/\\\/www.ecosolucionesquimicas.es\\\/pt-pt\\\/producto\\\/locao-hidroalcoolica-para-maos-aroma-melao\\\/\",\"name\":\"Lo\u00e7\u00e3o de m\u00e3os hidroalco\u00f3lica com aroma a mel\u00e3o - Ecosoluciones Qu\u00edmicas\",\"isPartOf\":{\"@id\":\"https:\\\/\\\/www.ecosolucionesquimicas.es\\\/pt-pt\\\/#website\"},\"primaryImageOfPage\":{\"@id\":\"https:\\\/\\\/www.ecosolucionesquimicas.es\\\/pt-pt\\\/producto\\\/locao-hidroalcoolica-para-maos-aroma-melao\\\/#primaryimage\"},\"image\":{\"@id\":\"https:\\\/\\\/www.ecosolucionesquimicas.es\\\/pt-pt\\\/producto\\\/locao-hidroalcoolica-para-maos-aroma-melao\\\/#primaryimage\"},\"thumbnailUrl\":\"https:\\\/\\\/www.ecosolucionesquimicas.es\\\/wp-content\\\/uploads\\\/2024\\\/02\\\/ECO-901M-5L-scaled.jpg\",\"datePublished\":\"2024-02-22T12:39:55+00:00\",\"dateModified\":\"2025-11-18T19:58:31+00:00\",\"breadcrumb\":{\"@id\":\"https:\\\/\\\/www.ecosolucionesquimicas.es\\\/pt-pt\\\/producto\\\/locao-hidroalcoolica-para-maos-aroma-melao\\\/#breadcrumb\"},\"inLanguage\":\"pt-PT\",\"potentialAction\":[{\"@type\":\"ReadAction\",\"target\":[\"https:\\\/\\\/www.ecosolucionesquimicas.es\\\/pt-pt\\\/producto\\\/locao-hidroalcoolica-para-maos-aroma-melao\\\/\"]}]},{\"@type\":\"ImageObject\",\"inLanguage\":\"pt-PT\",\"@id\":\"https:\\\/\\\/www.ecosolucionesquimicas.es\\\/pt-pt\\\/producto\\\/locao-hidroalcoolica-para-maos-aroma-melao\\\/#primaryimage\",\"url\":\"https:\\\/\\\/www.ecosolucionesquimicas.es\\\/wp-content\\\/uploads\\\/2024\\\/02\\\/ECO-901M-5L-scaled.jpg\",\"contentUrl\":\"https:\\\/\\\/www.ecosolucionesquimicas.es\\\/wp-content\\\/uploads\\\/2024\\\/02\\\/ECO-901M-5L-scaled.jpg\",\"width\":2350,\"height\":2560},{\"@type\":\"BreadcrumbList\",\"@id\":\"https:\\\/\\\/www.ecosolucionesquimicas.es\\\/pt-pt\\\/producto\\\/locao-hidroalcoolica-para-maos-aroma-melao\\\/#breadcrumb\",\"itemListElement\":[{\"@type\":\"ListItem\",\"position\":1,\"name\":\"Portada\",\"item\":\"https:\\\/\\\/www.ecosolucionesquimicas.es\\\/pt-pt\\\/home\\\/\"},{\"@type\":\"ListItem\",\"position\":2,\"name\":\"Lo\u00e7\u00e3o de m\u00e3os hidroalco\u00f3lica com aroma a mel\u00e3o\"}]},{\"@type\":\"WebSite\",\"@id\":\"https:\\\/\\\/www.ecosolucionesquimicas.es\\\/pt-pt\\\/#website\",\"url\":\"https:\\\/\\\/www.ecosolucionesquimicas.es\\\/pt-pt\\\/\",\"name\":\"Ecosoluciones Qu\u00edmicas\",\"description\":\"Compre produtos de limpeza e qu\u00edmicos, de fabrica\u00e7\u00e3o pr\u00f3pria, online.\",\"publisher\":{\"@id\":\"https:\\\/\\\/www.ecosolucionesquimicas.es\\\/pt-pt\\\/#organization\"},\"alternateName\":\"EQM\",\"potentialAction\":[{\"@type\":\"SearchAction\",\"target\":{\"@type\":\"EntryPoint\",\"urlTemplate\":\"https:\\\/\\\/www.ecosolucionesquimicas.es\\\/pt-pt\\\/?s={search_term_string}\"},\"query-input\":{\"@type\":\"PropertyValueSpecification\",\"valueRequired\":true,\"valueName\":\"search_term_string\"}}],\"inLanguage\":\"pt-PT\"},{\"@type\":\"Organization\",\"@id\":\"https:\\\/\\\/www.ecosolucionesquimicas.es\\\/pt-pt\\\/#organization\",\"name\":\"Ecosoluciones Qu\u00edmicas\",\"url\":\"https:\\\/\\\/www.ecosolucionesquimicas.es\\\/pt-pt\\\/\",\"logo\":{\"@type\":\"ImageObject\",\"inLanguage\":\"pt-PT\",\"@id\":\"https:\\\/\\\/www.ecosolucionesquimicas.es\\\/pt-pt\\\/#\\\/schema\\\/logo\\\/image\\\/\",\"url\":\"https:\\\/\\\/www.ecosolucionesquimicas.es\\\/wp-content\\\/uploads\\\/2024\\\/08\\\/LOGO-EQM-NUEVO-.png\",\"contentUrl\":\"https:\\\/\\\/www.ecosolucionesquimicas.es\\\/wp-content\\\/uploads\\\/2024\\\/08\\\/LOGO-EQM-NUEVO-.png\",\"width\":1060,\"height\":456,\"caption\":\"Ecosoluciones Qu\u00edmicas\"},\"image\":{\"@id\":\"https:\\\/\\\/www.ecosolucionesquimicas.es\\\/pt-pt\\\/#\\\/schema\\\/logo\\\/image\\\/\"},\"sameAs\":[\"https:\\\/\\\/www.facebook.com\\\/ecosolucionesquimicasmadrid\\\/\",\"https:\\\/\\\/www.instagram.com\\\/ecosolucionesquimicas\\\/\"],\"hasMerchantReturnPolicy\":{\"@type\":\"MerchantReturnPolicy\",\"merchantReturnLink\":\"https:\\\/\\\/www.ecosolucionesquimicas.es\\\/refund_returns\\\/\"}}]}<\/script>\n<meta property=\"product:brand\" content=\"EQM\" \/>\n<meta property=\"og:availability\" content=\"instock\" \/>\n<meta property=\"product:availability\" content=\"instock\" \/>\n<meta property=\"product:retailer_item_id\" content=\"ECO-901M\" \/>\n<meta property=\"product:condition\" content=\"new\" \/>\n<!-- \/ Yoast SEO Premium plugin. -->","yoast_head_json":{"title":"Lo\u00e7\u00e3o de m\u00e3os hidroalco\u00f3lica com aroma a mel\u00e3o - Ecosoluciones Qu\u00edmicas","robots":{"index":"index","follow":"follow","max-snippet":"max-snippet:-1","max-image-preview":"max-image-preview:large","max-video-preview":"max-video-preview:-1"},"canonical":"https:\/\/www.ecosolucionesquimicas.es\/pt-pt\/producto\/locao-hidroalcoolica-para-maos-aroma-melao\/","og_locale":"pt_PT","og_type":"article","og_title":"Lo\u00e7\u00e3o de m\u00e3os hidroalco\u00f3lica com aroma a mel\u00e3o","og_description":"O ECO-901M FOI FORMULADO PARA A LIMPEZA DAS M\u00c3OS SEM \u00c1GUA, ADEQUADO PARA QUALQUER AMBIENTE. Oferece uma solu\u00e7\u00e3o eficaz para a higieniza\u00e7\u00e3o em qualquer altura e em qualquer lugar, tornando-o f\u00e1cil de utilizar numa variedade de situa\u00e7\u00f5es. A EFIC\u00c1CIA DO PRODUTO \u00c9 APOIADA POR CERTIFICA\u00c7\u00d5ES DE LABORAT\u00d3RIOS DE RENOME. Estas certifica\u00e7\u00f5es garantem que o produto cumpre elevados padr\u00f5es de qualidade e proporciona uma limpeza completa e eficaz. A sua f\u00f3rmula evita a secura e a pegajosidade, mantendo as m\u00e3os macias e nutridas mesmo com uma utiliza\u00e7\u00e3o frequente. COM 70% DE \u00c1LCOOL, ECO-901M OFERECE UM PODER DE AC\u00c7\u00c3O R\u00c1PIDA. Seca rapidamente, evitando o desconforto e proporcionando uma sensa\u00e7\u00e3o imediata de frescura, garantindo uma limpeza eficaz. FORMATO DE 5 E 20 LITROS. Refer\u00eancia: ECO-901M (sabor a mel\u00e3o)","og_url":"https:\/\/www.ecosolucionesquimicas.es\/pt-pt\/producto\/locao-hidroalcoolica-para-maos-aroma-melao\/","og_site_name":"Ecosoluciones Qu\u00edmicas","article_publisher":"https:\/\/www.facebook.com\/ecosolucionesquimicasmadrid\/","article_modified_time":"2025-11-18T19:58:31+00:00","og_image":[{"width":2350,"height":2560,"url":"https:\/\/www.ecosolucionesquimicas.es\/wp-content\/uploads\/2024\/02\/ECO-901M-5L-scaled.jpg","type":"image\/jpeg"}],"twitter_card":"summary_large_image","twitter_misc":{"Disponibilidade":"Em stock"},"schema":{"@context":"https:\/\/schema.org","@graph":[{"@type":"WebPage","@id":"https:\/\/www.ecosolucionesquimicas.es\/pt-pt\/producto\/locao-hidroalcoolica-para-maos-aroma-melao\/","url":"https:\/\/www.ecosolucionesquimicas.es\/pt-pt\/producto\/locao-hidroalcoolica-para-maos-aroma-melao\/","name":"Lo\u00e7\u00e3o de m\u00e3os hidroalco\u00f3lica com aroma a mel\u00e3o - Ecosoluciones Qu\u00edmicas","isPartOf":{"@id":"https:\/\/www.ecosolucionesquimicas.es\/pt-pt\/#website"},"primaryImageOfPage":{"@id":"https:\/\/www.ecosolucionesquimicas.es\/pt-pt\/producto\/locao-hidroalcoolica-para-maos-aroma-melao\/#primaryimage"},"image":{"@id":"https:\/\/www.ecosolucionesquimicas.es\/pt-pt\/producto\/locao-hidroalcoolica-para-maos-aroma-melao\/#primaryimage"},"thumbnailUrl":"https:\/\/www.ecosolucionesquimicas.es\/wp-content\/uploads\/2024\/02\/ECO-901M-5L-scaled.jpg","datePublished":"2024-02-22T12:39:55+00:00","dateModified":"2025-11-18T19:58:31+00:00","breadcrumb":{"@id":"https:\/\/www.ecosolucionesquimicas.es\/pt-pt\/producto\/locao-hidroalcoolica-para-maos-aroma-melao\/#breadcrumb"},"inLanguage":"pt-PT","potentialAction":[{"@type":"ReadAction","target":["https:\/\/www.ecosolucionesquimicas.es\/pt-pt\/producto\/locao-hidroalcoolica-para-maos-aroma-melao\/"]}]},{"@type":"ImageObject","inLanguage":"pt-PT","@id":"https:\/\/www.ecosolucionesquimicas.es\/pt-pt\/producto\/locao-hidroalcoolica-para-maos-aroma-melao\/#primaryimage","url":"https:\/\/www.ecosolucionesquimicas.es\/wp-content\/uploads\/2024\/02\/ECO-901M-5L-scaled.jpg","contentUrl":"https:\/\/www.ecosolucionesquimicas.es\/wp-content\/uploads\/2024\/02\/ECO-901M-5L-scaled.jpg","width":2350,"height":2560},{"@type":"BreadcrumbList","@id":"https:\/\/www.ecosolucionesquimicas.es\/pt-pt\/producto\/locao-hidroalcoolica-para-maos-aroma-melao\/#breadcrumb","itemListElement":[{"@type":"ListItem","position":1,"name":"Portada","item":"https:\/\/www.ecosolucionesquimicas.es\/pt-pt\/home\/"},{"@type":"ListItem","position":2,"name":"Lo\u00e7\u00e3o de m\u00e3os hidroalco\u00f3lica com aroma a mel\u00e3o"}]},{"@type":"WebSite","@id":"https:\/\/www.ecosolucionesquimicas.es\/pt-pt\/#website","url":"https:\/\/www.ecosolucionesquimicas.es\/pt-pt\/","name":"Ecosoluciones Qu\u00edmicas","description":"Compre produtos de limpeza e qu\u00edmicos, de fabrica\u00e7\u00e3o pr\u00f3pria, online.","publisher":{"@id":"https:\/\/www.ecosolucionesquimicas.es\/pt-pt\/#organization"},"alternateName":"EQM","potentialAction":[{"@type":"SearchAction","target":{"@type":"EntryPoint","urlTemplate":"https:\/\/www.ecosolucionesquimicas.es\/pt-pt\/?s={search_term_string}"},"query-input":{"@type":"PropertyValueSpecification","valueRequired":true,"valueName":"search_term_string"}}],"inLanguage":"pt-PT"},{"@type":"Organization","@id":"https:\/\/www.ecosolucionesquimicas.es\/pt-pt\/#organization","name":"Ecosoluciones Qu\u00edmicas","url":"https:\/\/www.ecosolucionesquimicas.es\/pt-pt\/","logo":{"@type":"ImageObject","inLanguage":"pt-PT","@id":"https:\/\/www.ecosolucionesquimicas.es\/pt-pt\/#\/schema\/logo\/image\/","url":"https:\/\/www.ecosolucionesquimicas.es\/wp-content\/uploads\/2024\/08\/LOGO-EQM-NUEVO-.png","contentUrl":"https:\/\/www.ecosolucionesquimicas.es\/wp-content\/uploads\/2024\/08\/LOGO-EQM-NUEVO-.png","width":1060,"height":456,"caption":"Ecosoluciones Qu\u00edmicas"},"image":{"@id":"https:\/\/www.ecosolucionesquimicas.es\/pt-pt\/#\/schema\/logo\/image\/"},"sameAs":["https:\/\/www.facebook.com\/ecosolucionesquimicasmadrid\/","https:\/\/www.instagram.com\/ecosolucionesquimicas\/"],"hasMerchantReturnPolicy":{"@type":"MerchantReturnPolicy","merchantReturnLink":"https:\/\/www.ecosolucionesquimicas.es\/refund_returns\/"}}]},"product_brand":"EQM","og_availability":"instock","product_availability":"instock","product_retailer_item_id":"ECO-901M","product_condition":"new"},"_links":{"self":[{"href":"https:\/\/www.ecosolucionesquimicas.es\/pt-pt\/wp-json\/wp\/v2\/product\/11030","targetHints":{"allow":["GET"]}}],"collection":[{"href":"https:\/\/www.ecosolucionesquimicas.es\/pt-pt\/wp-json\/wp\/v2\/product"}],"about":[{"href":"https:\/\/www.ecosolucionesquimicas.es\/pt-pt\/wp-json\/wp\/v2\/types\/product"}],"wp:featuredmedia":[{"embeddable":true,"href":"https:\/\/www.ecosolucionesquimicas.es\/pt-pt\/wp-json\/wp\/v2\/media\/11036"}],"wp:attachment":[{"href":"https:\/\/www.ecosolucionesquimicas.es\/pt-pt\/wp-json\/wp\/v2\/media?parent=11030"}],"wp:term":[{"taxonomy":"product_brand","embeddable":true,"href":"https:\/\/www.ecosolucionesquimicas.es\/pt-pt\/wp-json\/wp\/v2\/product_brand?post=11030"},{"taxonomy":"product_cat","embeddable":true,"href":"https:\/\/www.ecosolucionesquimicas.es\/pt-pt\/wp-json\/wp\/v2\/product_cat?post=11030"},{"taxonomy":"product_tag","embeddable":true,"href":"https:\/\/www.ecosolucionesquimicas.es\/pt-pt\/wp-json\/wp\/v2\/product_tag?post=11030"}],"curies":[{"name":"wp","href":"https:\/\/api.w.org\/{rel}","templated":true}]}}