{"id":11009,"date":"2024-02-22T13:40:05","date_gmt":"2024-02-22T12:40:05","guid":{"rendered":"https:\/\/www.ecosolucionesquimicas.es\/producto\/limpa-para-brisas\/"},"modified":"2026-01-23T17:23:31","modified_gmt":"2026-01-23T16:23:31","slug":"limpa-para-brisas","status":"publish","type":"product","link":"https:\/\/www.ecosolucionesquimicas.es\/pt-pt\/producto\/limpa-para-brisas\/","title":{"rendered":"Limpa para-brisas"},"content":{"rendered":"<p><img fetchpriority=\"high\" decoding=\"async\" class=\"alignnone wp-image-3628\" src=\"https:\/\/www.ecosolucionesquimicas.es\/wp-content\/uploads\/2024\/02\/rainy-weather-vehicles-concept-close-up-windshield-wiper-wet-car-glass-300x200.jpg\" alt=\"\" width=\"550\" height=\"367\" srcset=\"https:\/\/www.ecosolucionesquimicas.es\/wp-content\/uploads\/2024\/02\/rainy-weather-vehicles-concept-close-up-windshield-wiper-wet-car-glass-300x200.jpg 300w, https:\/\/www.ecosolucionesquimicas.es\/wp-content\/uploads\/2024\/02\/rainy-weather-vehicles-concept-close-up-windshield-wiper-wet-car-glass-1024x683.jpg 1024w, https:\/\/www.ecosolucionesquimicas.es\/wp-content\/uploads\/2024\/02\/rainy-weather-vehicles-concept-close-up-windshield-wiper-wet-car-glass-768x512.jpg 768w, https:\/\/www.ecosolucionesquimicas.es\/wp-content\/uploads\/2024\/02\/rainy-weather-vehicles-concept-close-up-windshield-wiper-wet-car-glass-1536x1024.jpg 1536w, https:\/\/www.ecosolucionesquimicas.es\/wp-content\/uploads\/2024\/02\/rainy-weather-vehicles-concept-close-up-windshield-wiper-wet-car-glass-2048x1365.jpg 2048w, https:\/\/www.ecosolucionesquimicas.es\/wp-content\/uploads\/2024\/02\/rainy-weather-vehicles-concept-close-up-windshield-wiper-wet-car-glass-600x400.jpg 600w\" sizes=\"(max-width: 550px) 100vw, 550px\" \/><\/p>\n<p><strong>MODO DE EMPREGO<\/strong><\/p>\n<p>\ud83d\udd18 <strong>\u00c1reas de aplica\u00e7\u00e3o<\/strong>: Adequado para para-brisas, vidros, espelhos, far\u00f3is e superf\u00edcies esmaltadas. A sua f\u00f3rmula n\u00e3o seca as borrachas das escovas nem danifica a pintura do ve\u00edculo.<br \/>\n\ud83d\udd18 <strong>Prepara\u00e7\u00e3o do produto<\/strong>: Pronto a usar, n\u00e3o requer dilui\u00e7\u00e3o.<br \/>\n\ud83d\udd18 <strong>Instru\u00e7\u00f5es de utiliza\u00e7\u00e3o<\/strong>: Verta o l\u00edquido no dep\u00f3sito do limpa para-brisas quando este estiver vazio ou com pouco l\u00edquido e feche bem a tampa.<br \/>\n\ud83d\udd18 <strong>Caracter\u00edsticas adicionais<\/strong>:<br \/>\n\u2714 Secagem r\u00e1pida, sem deixar marcas.<br \/>\n\u2714 N\u00e3o gera espuma, garante uma vis\u00e3o clara.<br \/>\n\u2714 Alta resist\u00eancia ao congelamento, ideal para climas frios. <\/p>\n<p><strong>Recomenda\u00e7\u00f5es<\/strong>:<\/p>\n<p>\u2757Utilize o limpa para-brisas regularmente para manter o para-brisas e outras superf\u00edcies limpas, melhorando a visibilidade e a seguran\u00e7a ao conduzir.<br \/>\n\u2757Verifique periodicamente o n\u00edvel do l\u00edquido no dep\u00f3sito e ateste quando necess\u00e1rio.<\/p>\n","protected":false},"excerpt":{"rendered":"<p>\u2705 <strong>ECO-102 \u00c9 UM LIMPA PARA-BRISAS PERFUMADO COM UMA FORMULA\u00c7\u00c3O AVAN\u00c7ADA<\/strong>. Concebido para eliminar gorduras, lama, insetos e outras impurezas persistentes. Garante uma visibilidade cristalina.  <\/p>\n<p>\u2705 <strong>PROPORCIONA UMA LIMPEZA PROFUNDA<\/strong>. Remove res\u00edduos, melhorando a visibilidade e aumentando a seguran\u00e7a e o conforto durante a condu\u00e7\u00e3o. <\/p>\n<p>\u2705 <strong>ELIMINA A SUJIDADE POR COMPLETO SEM DEIXAR RES\u00cdDUOS<\/strong>. Garante um para-brisas limpo e deixa um aroma agrad\u00e1vel que melhora o ambiente dentro do ve\u00edculo. <\/p>\n<p>\u2705 <strong>ISENTO DE METANOL E CUMPRE A NORMATIVA EUROPEIA (UE) 2018\/589<\/strong>. Oferece uma op\u00e7\u00e3o segura e eficaz que protege a sa\u00fade e o ambiente. <\/p>\n<p><strong>\u2705 FORMATO DE 5 E 20 LITROS.<\/strong><\/p>\n<p><span style=\"color: #000000;\"><strong>\u26ab Refer\u00eancia: ECO-102<\/strong><\/span><\/p>\n","protected":false},"featured_media":11016,"template":"","meta":[],"product_brand":[225],"product_cat":[269],"product_tag":[376,365,375],"class_list":{"0":"post-11009","1":"product","2":"type-product","3":"status-publish","4":"has-post-thumbnail","6":"product_brand-eqm","7":"product_cat-automovel","8":"product_tag-limpa-para-brisas","9":"product_tag-para-brisas","10":"product_tag-vidros","12":"first","13":"instock","14":"taxable","15":"shipping-taxable","16":"purchasable","17":"product-type-variable"},"acf":[],"yoast_head":"<!-- This site is optimized with the Yoast SEO Premium plugin v27.1 (Yoast SEO v27.4) - https:\/\/yoast.com\/product\/yoast-seo-premium-wordpress\/ -->\n<title>Limpa para-brisas - Ecosoluciones Qu\u00edmicas<\/title>\n<meta name=\"robots\" content=\"index, follow, max-snippet:-1, max-image-preview:large, max-video-preview:-1\" \/>\n<link rel=\"canonical\" href=\"https:\/\/www.ecosolucionesquimicas.es\/pt-pt\/producto\/limpa-para-brisas\/\" \/>\n<meta property=\"og:locale\" content=\"pt_PT\" \/>\n<meta property=\"og:type\" content=\"article\" \/>\n<meta property=\"og:title\" content=\"Limpa para-brisas\" \/>\n<meta property=\"og:description\" content=\"\u2705 ECO-102 \u00c9 UM LIMPA PARA-BRISAS PERFUMADO COM UMA FORMULA\u00c7\u00c3O AVAN\u00c7ADA. Concebido para eliminar gorduras, lama, insetos e outras impurezas persistentes. Garante uma visibilidade cristalina.  \u2705 PROPORCIONA UMA LIMPEZA PROFUNDA. Remove res\u00edduos, melhorando a visibilidade e aumentando a seguran\u00e7a e o conforto durante a condu\u00e7\u00e3o.  \u2705 ELIMINA A SUJIDADE POR COMPLETO SEM DEIXAR RES\u00cdDUOS. Garante um para-brisas limpo e deixa um aroma agrad\u00e1vel que melhora o ambiente dentro do ve\u00edculo.  \u2705 ISENTO DE METANOL E CUMPRE A NORMATIVA EUROPEIA (UE) 2018\/589. Oferece uma op\u00e7\u00e3o segura e eficaz que protege a sa\u00fade e o ambiente.  \u2705 FORMATO DE 5 E 20 LITROS. \u26ab Refer\u00eancia: ECO-102\" \/>\n<meta property=\"og:url\" content=\"https:\/\/www.ecosolucionesquimicas.es\/pt-pt\/producto\/limpa-para-brisas\/\" \/>\n<meta property=\"og:site_name\" content=\"Ecosoluciones Qu\u00edmicas\" \/>\n<meta property=\"article:publisher\" content=\"https:\/\/www.facebook.com\/ecosolucionesquimicasmadrid\/\" \/>\n<meta property=\"article:modified_time\" content=\"2026-01-23T16:23:31+00:00\" \/>\n<meta property=\"og:image\" content=\"https:\/\/www.ecosolucionesquimicas.es\/wp-content\/uploads\/2024\/02\/ECO-102222-scaled.jpg\" \/>\n\t<meta property=\"og:image:width\" content=\"2350\" \/>\n\t<meta property=\"og:image:height\" content=\"2560\" \/>\n\t<meta property=\"og:image:type\" content=\"image\/jpeg\" \/>\n<meta name=\"twitter:card\" content=\"summary_large_image\" \/>\n<meta name=\"twitter:label1\" content=\"Disponibilidade\" \/>\n\t<meta name=\"twitter:data1\" content=\"Em stock\" \/>\n<script type=\"application\/ld+json\" class=\"yoast-schema-graph\">{\"@context\":\"https:\\\/\\\/schema.org\",\"@graph\":[{\"@type\":\"WebPage\",\"@id\":\"https:\\\/\\\/www.ecosolucionesquimicas.es\\\/pt-pt\\\/producto\\\/limpa-para-brisas\\\/\",\"url\":\"https:\\\/\\\/www.ecosolucionesquimicas.es\\\/pt-pt\\\/producto\\\/limpa-para-brisas\\\/\",\"name\":\"Limpa para-brisas - Ecosoluciones Qu\u00edmicas\",\"isPartOf\":{\"@id\":\"https:\\\/\\\/www.ecosolucionesquimicas.es\\\/pt-pt\\\/#website\"},\"primaryImageOfPage\":{\"@id\":\"https:\\\/\\\/www.ecosolucionesquimicas.es\\\/pt-pt\\\/producto\\\/limpa-para-brisas\\\/#primaryimage\"},\"image\":{\"@id\":\"https:\\\/\\\/www.ecosolucionesquimicas.es\\\/pt-pt\\\/producto\\\/limpa-para-brisas\\\/#primaryimage\"},\"thumbnailUrl\":\"https:\\\/\\\/www.ecosolucionesquimicas.es\\\/wp-content\\\/uploads\\\/2024\\\/02\\\/ECO-102222-scaled.jpg\",\"datePublished\":\"2024-02-22T12:40:05+00:00\",\"dateModified\":\"2026-01-23T16:23:31+00:00\",\"breadcrumb\":{\"@id\":\"https:\\\/\\\/www.ecosolucionesquimicas.es\\\/pt-pt\\\/producto\\\/limpa-para-brisas\\\/#breadcrumb\"},\"inLanguage\":\"pt-PT\",\"potentialAction\":[{\"@type\":\"ReadAction\",\"target\":[\"https:\\\/\\\/www.ecosolucionesquimicas.es\\\/pt-pt\\\/producto\\\/limpa-para-brisas\\\/\"]}]},{\"@type\":\"ImageObject\",\"inLanguage\":\"pt-PT\",\"@id\":\"https:\\\/\\\/www.ecosolucionesquimicas.es\\\/pt-pt\\\/producto\\\/limpa-para-brisas\\\/#primaryimage\",\"url\":\"https:\\\/\\\/www.ecosolucionesquimicas.es\\\/wp-content\\\/uploads\\\/2024\\\/02\\\/ECO-102222-scaled.jpg\",\"contentUrl\":\"https:\\\/\\\/www.ecosolucionesquimicas.es\\\/wp-content\\\/uploads\\\/2024\\\/02\\\/ECO-102222-scaled.jpg\",\"width\":2350,\"height\":2560},{\"@type\":\"BreadcrumbList\",\"@id\":\"https:\\\/\\\/www.ecosolucionesquimicas.es\\\/pt-pt\\\/producto\\\/limpa-para-brisas\\\/#breadcrumb\",\"itemListElement\":[{\"@type\":\"ListItem\",\"position\":1,\"name\":\"Portada\",\"item\":\"https:\\\/\\\/www.ecosolucionesquimicas.es\\\/pt-pt\\\/home\\\/\"},{\"@type\":\"ListItem\",\"position\":2,\"name\":\"Limpa para-brisas\"}]},{\"@type\":\"WebSite\",\"@id\":\"https:\\\/\\\/www.ecosolucionesquimicas.es\\\/pt-pt\\\/#website\",\"url\":\"https:\\\/\\\/www.ecosolucionesquimicas.es\\\/pt-pt\\\/\",\"name\":\"Ecosoluciones Qu\u00edmicas\",\"description\":\"Compre produtos de limpeza e qu\u00edmicos, de fabrica\u00e7\u00e3o pr\u00f3pria, online.\",\"publisher\":{\"@id\":\"https:\\\/\\\/www.ecosolucionesquimicas.es\\\/pt-pt\\\/#organization\"},\"alternateName\":\"EQM\",\"potentialAction\":[{\"@type\":\"SearchAction\",\"target\":{\"@type\":\"EntryPoint\",\"urlTemplate\":\"https:\\\/\\\/www.ecosolucionesquimicas.es\\\/pt-pt\\\/?s={search_term_string}\"},\"query-input\":{\"@type\":\"PropertyValueSpecification\",\"valueRequired\":true,\"valueName\":\"search_term_string\"}}],\"inLanguage\":\"pt-PT\"},{\"@type\":\"Organization\",\"@id\":\"https:\\\/\\\/www.ecosolucionesquimicas.es\\\/pt-pt\\\/#organization\",\"name\":\"Ecosoluciones Qu\u00edmicas\",\"url\":\"https:\\\/\\\/www.ecosolucionesquimicas.es\\\/pt-pt\\\/\",\"logo\":{\"@type\":\"ImageObject\",\"inLanguage\":\"pt-PT\",\"@id\":\"https:\\\/\\\/www.ecosolucionesquimicas.es\\\/pt-pt\\\/#\\\/schema\\\/logo\\\/image\\\/\",\"url\":\"https:\\\/\\\/www.ecosolucionesquimicas.es\\\/wp-content\\\/uploads\\\/2024\\\/08\\\/LOGO-EQM-NUEVO-.png\",\"contentUrl\":\"https:\\\/\\\/www.ecosolucionesquimicas.es\\\/wp-content\\\/uploads\\\/2024\\\/08\\\/LOGO-EQM-NUEVO-.png\",\"width\":1060,\"height\":456,\"caption\":\"Ecosoluciones Qu\u00edmicas\"},\"image\":{\"@id\":\"https:\\\/\\\/www.ecosolucionesquimicas.es\\\/pt-pt\\\/#\\\/schema\\\/logo\\\/image\\\/\"},\"sameAs\":[\"https:\\\/\\\/www.facebook.com\\\/ecosolucionesquimicasmadrid\\\/\",\"https:\\\/\\\/www.instagram.com\\\/ecosolucionesquimicas\\\/\"],\"hasMerchantReturnPolicy\":{\"@type\":\"MerchantReturnPolicy\",\"merchantReturnLink\":\"https:\\\/\\\/www.ecosolucionesquimicas.es\\\/refund_returns\\\/\"}}]}<\/script>\n<meta property=\"product:brand\" content=\"EQM\" \/>\n<meta property=\"og:availability\" content=\"instock\" \/>\n<meta property=\"product:availability\" content=\"instock\" \/>\n<meta property=\"product:retailer_item_id\" content=\"ECO-102\" \/>\n<meta property=\"product:condition\" content=\"new\" \/>\n<!-- \/ Yoast SEO Premium plugin. -->","yoast_head_json":{"title":"Limpa para-brisas - Ecosoluciones Qu\u00edmicas","robots":{"index":"index","follow":"follow","max-snippet":"max-snippet:-1","max-image-preview":"max-image-preview:large","max-video-preview":"max-video-preview:-1"},"canonical":"https:\/\/www.ecosolucionesquimicas.es\/pt-pt\/producto\/limpa-para-brisas\/","og_locale":"pt_PT","og_type":"article","og_title":"Limpa para-brisas","og_description":"\u2705 ECO-102 \u00c9 UM LIMPA PARA-BRISAS PERFUMADO COM UMA FORMULA\u00c7\u00c3O AVAN\u00c7ADA. Concebido para eliminar gorduras, lama, insetos e outras impurezas persistentes. Garante uma visibilidade cristalina.  \u2705 PROPORCIONA UMA LIMPEZA PROFUNDA. Remove res\u00edduos, melhorando a visibilidade e aumentando a seguran\u00e7a e o conforto durante a condu\u00e7\u00e3o.  \u2705 ELIMINA A SUJIDADE POR COMPLETO SEM DEIXAR RES\u00cdDUOS. Garante um para-brisas limpo e deixa um aroma agrad\u00e1vel que melhora o ambiente dentro do ve\u00edculo.  \u2705 ISENTO DE METANOL E CUMPRE A NORMATIVA EUROPEIA (UE) 2018\/589. Oferece uma op\u00e7\u00e3o segura e eficaz que protege a sa\u00fade e o ambiente.  \u2705 FORMATO DE 5 E 20 LITROS. \u26ab Refer\u00eancia: ECO-102","og_url":"https:\/\/www.ecosolucionesquimicas.es\/pt-pt\/producto\/limpa-para-brisas\/","og_site_name":"Ecosoluciones Qu\u00edmicas","article_publisher":"https:\/\/www.facebook.com\/ecosolucionesquimicasmadrid\/","article_modified_time":"2026-01-23T16:23:31+00:00","og_image":[{"width":2350,"height":2560,"url":"https:\/\/www.ecosolucionesquimicas.es\/wp-content\/uploads\/2024\/02\/ECO-102222-scaled.jpg","type":"image\/jpeg"}],"twitter_card":"summary_large_image","twitter_misc":{"Disponibilidade":"Em stock"},"schema":{"@context":"https:\/\/schema.org","@graph":[{"@type":"WebPage","@id":"https:\/\/www.ecosolucionesquimicas.es\/pt-pt\/producto\/limpa-para-brisas\/","url":"https:\/\/www.ecosolucionesquimicas.es\/pt-pt\/producto\/limpa-para-brisas\/","name":"Limpa para-brisas - Ecosoluciones Qu\u00edmicas","isPartOf":{"@id":"https:\/\/www.ecosolucionesquimicas.es\/pt-pt\/#website"},"primaryImageOfPage":{"@id":"https:\/\/www.ecosolucionesquimicas.es\/pt-pt\/producto\/limpa-para-brisas\/#primaryimage"},"image":{"@id":"https:\/\/www.ecosolucionesquimicas.es\/pt-pt\/producto\/limpa-para-brisas\/#primaryimage"},"thumbnailUrl":"https:\/\/www.ecosolucionesquimicas.es\/wp-content\/uploads\/2024\/02\/ECO-102222-scaled.jpg","datePublished":"2024-02-22T12:40:05+00:00","dateModified":"2026-01-23T16:23:31+00:00","breadcrumb":{"@id":"https:\/\/www.ecosolucionesquimicas.es\/pt-pt\/producto\/limpa-para-brisas\/#breadcrumb"},"inLanguage":"pt-PT","potentialAction":[{"@type":"ReadAction","target":["https:\/\/www.ecosolucionesquimicas.es\/pt-pt\/producto\/limpa-para-brisas\/"]}]},{"@type":"ImageObject","inLanguage":"pt-PT","@id":"https:\/\/www.ecosolucionesquimicas.es\/pt-pt\/producto\/limpa-para-brisas\/#primaryimage","url":"https:\/\/www.ecosolucionesquimicas.es\/wp-content\/uploads\/2024\/02\/ECO-102222-scaled.jpg","contentUrl":"https:\/\/www.ecosolucionesquimicas.es\/wp-content\/uploads\/2024\/02\/ECO-102222-scaled.jpg","width":2350,"height":2560},{"@type":"BreadcrumbList","@id":"https:\/\/www.ecosolucionesquimicas.es\/pt-pt\/producto\/limpa-para-brisas\/#breadcrumb","itemListElement":[{"@type":"ListItem","position":1,"name":"Portada","item":"https:\/\/www.ecosolucionesquimicas.es\/pt-pt\/home\/"},{"@type":"ListItem","position":2,"name":"Limpa para-brisas"}]},{"@type":"WebSite","@id":"https:\/\/www.ecosolucionesquimicas.es\/pt-pt\/#website","url":"https:\/\/www.ecosolucionesquimicas.es\/pt-pt\/","name":"Ecosoluciones Qu\u00edmicas","description":"Compre produtos de limpeza e qu\u00edmicos, de fabrica\u00e7\u00e3o pr\u00f3pria, online.","publisher":{"@id":"https:\/\/www.ecosolucionesquimicas.es\/pt-pt\/#organization"},"alternateName":"EQM","potentialAction":[{"@type":"SearchAction","target":{"@type":"EntryPoint","urlTemplate":"https:\/\/www.ecosolucionesquimicas.es\/pt-pt\/?s={search_term_string}"},"query-input":{"@type":"PropertyValueSpecification","valueRequired":true,"valueName":"search_term_string"}}],"inLanguage":"pt-PT"},{"@type":"Organization","@id":"https:\/\/www.ecosolucionesquimicas.es\/pt-pt\/#organization","name":"Ecosoluciones Qu\u00edmicas","url":"https:\/\/www.ecosolucionesquimicas.es\/pt-pt\/","logo":{"@type":"ImageObject","inLanguage":"pt-PT","@id":"https:\/\/www.ecosolucionesquimicas.es\/pt-pt\/#\/schema\/logo\/image\/","url":"https:\/\/www.ecosolucionesquimicas.es\/wp-content\/uploads\/2024\/08\/LOGO-EQM-NUEVO-.png","contentUrl":"https:\/\/www.ecosolucionesquimicas.es\/wp-content\/uploads\/2024\/08\/LOGO-EQM-NUEVO-.png","width":1060,"height":456,"caption":"Ecosoluciones Qu\u00edmicas"},"image":{"@id":"https:\/\/www.ecosolucionesquimicas.es\/pt-pt\/#\/schema\/logo\/image\/"},"sameAs":["https:\/\/www.facebook.com\/ecosolucionesquimicasmadrid\/","https:\/\/www.instagram.com\/ecosolucionesquimicas\/"],"hasMerchantReturnPolicy":{"@type":"MerchantReturnPolicy","merchantReturnLink":"https:\/\/www.ecosolucionesquimicas.es\/refund_returns\/"}}]},"product_brand":"EQM","og_availability":"instock","product_availability":"instock","product_retailer_item_id":"ECO-102","product_condition":"new"},"_links":{"self":[{"href":"https:\/\/www.ecosolucionesquimicas.es\/pt-pt\/wp-json\/wp\/v2\/product\/11009","targetHints":{"allow":["GET"]}}],"collection":[{"href":"https:\/\/www.ecosolucionesquimicas.es\/pt-pt\/wp-json\/wp\/v2\/product"}],"about":[{"href":"https:\/\/www.ecosolucionesquimicas.es\/pt-pt\/wp-json\/wp\/v2\/types\/product"}],"wp:featuredmedia":[{"embeddable":true,"href":"https:\/\/www.ecosolucionesquimicas.es\/pt-pt\/wp-json\/wp\/v2\/media\/11016"}],"wp:attachment":[{"href":"https:\/\/www.ecosolucionesquimicas.es\/pt-pt\/wp-json\/wp\/v2\/media?parent=11009"}],"wp:term":[{"taxonomy":"product_brand","embeddable":true,"href":"https:\/\/www.ecosolucionesquimicas.es\/pt-pt\/wp-json\/wp\/v2\/product_brand?post=11009"},{"taxonomy":"product_cat","embeddable":true,"href":"https:\/\/www.ecosolucionesquimicas.es\/pt-pt\/wp-json\/wp\/v2\/product_cat?post=11009"},{"taxonomy":"product_tag","embeddable":true,"href":"https:\/\/www.ecosolucionesquimicas.es\/pt-pt\/wp-json\/wp\/v2\/product_tag?post=11009"}],"curies":[{"name":"wp","href":"https:\/\/api.w.org\/{rel}","templated":true}]}}