{"id":10990,"date":"2024-02-22T15:11:41","date_gmt":"2024-02-22T14:11:41","guid":{"rendered":"https:\/\/www.ecosolucionesquimicas.es\/producto\/limpeza-desincrustante-piscinas-cimento-e-gresite\/"},"modified":"2025-11-18T20:58:02","modified_gmt":"2025-11-18T19:58:02","slug":"limpeza-desincrustante-piscinas-cimento-e-gresite","status":"publish","type":"product","link":"https:\/\/www.ecosolucionesquimicas.es\/pt-pt\/producto\/limpeza-desincrustante-piscinas-cimento-e-gresite\/","title":{"rendered":"Desincrustante para piscinas de cimento e gresite"},"content":{"rendered":"<p><img fetchpriority=\"high\" decoding=\"async\" class=\"alignnone wp-image-3814\" src=\"https:\/\/www.ecosolucionesquimicas.es\/wp-content\/uploads\/2024\/02\/swimming-pool-with-stair-300x201.jpg\" alt=\"\" width=\"550\" height=\"368\" srcset=\"https:\/\/www.ecosolucionesquimicas.es\/wp-content\/uploads\/2024\/02\/swimming-pool-with-stair-300x201.jpg 300w, https:\/\/www.ecosolucionesquimicas.es\/wp-content\/uploads\/2024\/02\/swimming-pool-with-stair-1024x686.jpg 1024w, https:\/\/www.ecosolucionesquimicas.es\/wp-content\/uploads\/2024\/02\/swimming-pool-with-stair-768x514.jpg 768w, https:\/\/www.ecosolucionesquimicas.es\/wp-content\/uploads\/2024\/02\/swimming-pool-with-stair-1536x1029.jpg 1536w, https:\/\/www.ecosolucionesquimicas.es\/wp-content\/uploads\/2024\/02\/swimming-pool-with-stair-2048x1372.jpg 2048w, https:\/\/www.ecosolucionesquimicas.es\/wp-content\/uploads\/2024\/02\/swimming-pool-with-stair-600x402.jpg 600w\" sizes=\"(max-width: 550px) 100vw, 550px\" \/><\/p>\n<p><strong>INSTRU\u00c7\u00d5ES DE UTILIZA\u00c7\u00c3O<\/strong><\/p>\n<div class=\"flex-shrink-0 flex flex-col relative items-end\">\n<div>\n<div class=\"pt-0\">\n<div class=\"gizmo-bot-avatar flex h-8 w-8 items-center justify-center overflow-hidden rounded-full\">\n<div class=\"relative p-1 rounded-sm flex items-center justify-center bg-token-main-surface-primary text-token-text-primary h-8 w-8\"><strong>Prepara\u00e7\u00e3o<\/strong>: Certifica-te de que a piscina est\u00e1 vazia, seca e sem detritos soltos.<\/div>\n<div class=\"relative p-1 rounded-sm flex items-center justify-center bg-token-main-surface-primary text-token-text-primary h-8 w-8\"><strong>Aplica\u00e7\u00e3o<\/strong>: Aplica o produto de limpeza uniformemente sobre as manchas e as incrusta\u00e7\u00f5es.<\/div>\n<div class=\"relative p-1 rounded-sm flex items-center justify-center bg-token-main-surface-primary text-token-text-primary h-8 w-8\"><strong>Tempo de a\u00e7\u00e3o<\/strong>: Deixa o produto atuar durante 10-15 minutos, dependendo da gravidade.<\/div>\n<div class=\"relative p-1 rounded-sm flex items-center justify-center bg-token-main-surface-primary text-token-text-primary h-8 w-8\"><strong>Esfregar e enxaguar<\/strong>: Esfrega com uma escova ou esponja e enxagua com \u00e1gua limpa.<\/div>\n<div class=\"relative p-1 rounded-sm flex items-center justify-center bg-token-main-surface-primary text-token-text-primary h-8 w-8\"><strong>Secagem<\/strong>: Espera que as superf\u00edcies sequem completamente antes de voltar a encher a piscina.<\/div>\n<\/div>\n<\/div>\n<\/div>\n<\/div>\n<p><strong>Recomenda\u00e7\u00f5es:<\/strong><\/p>\n<p>Utilizar <strong>equipamento de prote\u00e7\u00e3o:<\/strong> Usar luvas e \u00f3culos de prote\u00e7\u00e3o para evitar o contacto direto com o produto e para proteger contra poss\u00edveis irrita\u00e7\u00f5es.<br \/>\n<strong>Ventila\u00e7\u00e3o adequada:<\/strong> Se trabalhares numa \u00e1rea fechada, certifica-te de que esta \u00e9 bem ventilada para evitar a acumula\u00e7\u00e3o de vapores.<\/p>\n","protected":false},"excerpt":{"rendered":"<div class=\"flex max-w-full flex-col flex-grow\">\n<div class=\"min-h-[20px] text-message flex w-full flex-col items-end gap-2 whitespace-normal break-words [.text-message+&amp;]:mt-5 overflow-x-auto\" dir=\"auto\" data-message-author-role=\"assistant\" data-message-id=\"7b760005-c54a-4539-8d0e-675e5742254a\">\n<div class=\"flex w-full flex-col gap-1 empty:hidden first:pt-[3px]\">\n<div class=\"markdown prose w-full break-words dark:prose-invert light\">\n<p><strong> O ECO-501 \u00c9 UM PODEROSO DETERGENTE DE LIMPEZA E DESINCRUSTANTE<\/strong>. F\u00e1cil de aplicar e de a\u00e7\u00e3o r\u00e1pida, oferece uma solu\u00e7\u00e3o eficiente para a limpeza intensiva de superf\u00edcies dif\u00edceis. <\/p>\n<p><strong> ESPECIFICAMENTE FORMULADO PARA A LIMPEZA EM PROFUNDIDADE DE PISCINAS CONSTRU\u00cdDAS EM BET\u00c3O, AZULEJO E PEDRA<\/strong>. Este produto foi concebido para proporcionar uma limpeza eficaz em superf\u00edcies duras, garantindo resultados profissionais em materiais resistentes como o bet\u00e3o, os azulejos e o gresite, que s\u00e3o frequentemente dif\u00edceis de limpar. <\/p>\n<p><strong> ELIMINA OS DEP\u00d3SITOS DE C\u00c1LCIO, MAGN\u00c9SIO E ORG\u00c2NICOS<\/strong><strong>.<\/strong> ECO-501 dissolve e elimina eficazmente as incrusta\u00e7\u00f5es e os dep\u00f3sitos que aderem \u00e0s paredes e ao fundo da piscina, melhorando o seu aspeto geral. <\/p>\n<p><strong> F\u00d3RMULA AVAN\u00c7ADA QUE REDUZ O TEMPO E O ESFOR\u00c7O DE LIMPEZA<\/strong>. Gra\u00e7as \u00e0 sua a\u00e7\u00e3o r\u00e1pida e eficaz, o ECO-501 optimiza os processos de manuten\u00e7\u00e3o da piscina, poupando tempo e esfor\u00e7o. <\/p>\n<p><strong>FORMATO DE 5 LITROS.<\/strong><\/p>\n<\/div>\n<\/div>\n<\/div>\n<\/div>\n<p><strong>\u26ab<\/strong><strong> N.\u00ba de ref.: ECO-501<\/strong><\/p>\n","protected":false},"featured_media":10995,"template":"","meta":[],"product_brand":[225],"product_cat":[245],"product_tag":[372,371,370],"class_list":{"0":"post-10990","1":"product","2":"type-product","3":"status-publish","4":"has-post-thumbnail","6":"product_brand-eqm","7":"product_cat-piscinas","8":"product_tag-agua-turva","9":"product_tag-limpa-fundos","10":"product_tag-piscina","12":"first","13":"instock","14":"taxable","15":"shipping-taxable","16":"purchasable","17":"product-type-simple"},"acf":[],"yoast_head":"<!-- This site is optimized with the Yoast SEO Premium plugin v27.1 (Yoast SEO v27.4) - https:\/\/yoast.com\/product\/yoast-seo-premium-wordpress\/ -->\n<title>Desincrustante para piscinas de cimento e gresite - Ecosoluciones Qu\u00edmicas<\/title>\n<meta name=\"robots\" content=\"index, follow, max-snippet:-1, max-image-preview:large, max-video-preview:-1\" \/>\n<link rel=\"canonical\" href=\"https:\/\/www.ecosolucionesquimicas.es\/pt-pt\/producto\/limpeza-desincrustante-piscinas-cimento-e-gresite\/\" \/>\n<meta property=\"og:locale\" content=\"pt_PT\" \/>\n<meta property=\"og:type\" content=\"article\" \/>\n<meta property=\"og:title\" content=\"Desincrustante para piscinas de cimento e gresite\" \/>\n<meta property=\"og:description\" content=\"O ECO-501 \u00c9 UM PODEROSO DETERGENTE DE LIMPEZA E DESINCRUSTANTE. F\u00e1cil de aplicar e de a\u00e7\u00e3o r\u00e1pida, oferece uma solu\u00e7\u00e3o eficiente para a limpeza intensiva de superf\u00edcies dif\u00edceis.  ESPECIFICAMENTE FORMULADO PARA A LIMPEZA EM PROFUNDIDADE DE PISCINAS CONSTRU\u00cdDAS EM BET\u00c3O, AZULEJO E PEDRA. Este produto foi concebido para proporcionar uma limpeza eficaz em superf\u00edcies duras, garantindo resultados profissionais em materiais resistentes como o bet\u00e3o, os azulejos e o gresite, que s\u00e3o frequentemente dif\u00edceis de limpar.  ELIMINA OS DEP\u00d3SITOS DE C\u00c1LCIO, MAGN\u00c9SIO E ORG\u00c2NICOS. ECO-501 dissolve e elimina eficazmente as incrusta\u00e7\u00f5es e os dep\u00f3sitos que aderem \u00e0s paredes e ao fundo da piscina, melhorando o seu aspeto geral.  F\u00d3RMULA AVAN\u00c7ADA QUE REDUZ O TEMPO E O ESFOR\u00c7O DE LIMPEZA. Gra\u00e7as \u00e0 sua a\u00e7\u00e3o r\u00e1pida e eficaz, o ECO-501 optimiza os processos de manuten\u00e7\u00e3o da piscina, poupando tempo e esfor\u00e7o.  FORMATO DE 5 LITROS.   \u26ab N.\u00ba de ref.: ECO-501\" \/>\n<meta property=\"og:url\" content=\"https:\/\/www.ecosolucionesquimicas.es\/pt-pt\/producto\/limpeza-desincrustante-piscinas-cimento-e-gresite\/\" \/>\n<meta property=\"og:site_name\" content=\"Ecosoluciones Qu\u00edmicas\" \/>\n<meta property=\"article:publisher\" content=\"https:\/\/www.facebook.com\/ecosolucionesquimicasmadrid\/\" \/>\n<meta property=\"article:modified_time\" content=\"2025-11-18T19:58:02+00:00\" \/>\n<meta property=\"og:image\" content=\"https:\/\/www.ecosolucionesquimicas.es\/wp-content\/uploads\/2024\/02\/ECO-501-5L-scaled.jpg\" \/>\n\t<meta property=\"og:image:width\" content=\"2350\" \/>\n\t<meta property=\"og:image:height\" content=\"2560\" \/>\n\t<meta property=\"og:image:type\" content=\"image\/jpeg\" \/>\n<meta name=\"twitter:card\" content=\"summary_large_image\" \/>\n<meta name=\"twitter:label1\" content=\"pre\u00e7o\" \/>\n\t<meta name=\"twitter:data1\" content=\"15,72&nbsp;&euro; IVA inc.\" \/>\n\t<meta name=\"twitter:label2\" content=\"Disponibilidade\" \/>\n\t<meta name=\"twitter:data2\" content=\"Em stock\" \/>\n<script type=\"application\/ld+json\" class=\"yoast-schema-graph\">{\"@context\":\"https:\\\/\\\/schema.org\",\"@graph\":[{\"@type\":\"WebPage\",\"@id\":\"https:\\\/\\\/www.ecosolucionesquimicas.es\\\/pt-pt\\\/producto\\\/limpeza-desincrustante-piscinas-cimento-e-gresite\\\/\",\"url\":\"https:\\\/\\\/www.ecosolucionesquimicas.es\\\/pt-pt\\\/producto\\\/limpeza-desincrustante-piscinas-cimento-e-gresite\\\/\",\"name\":\"Desincrustante para piscinas de cimento e gresite - Ecosoluciones Qu\u00edmicas\",\"isPartOf\":{\"@id\":\"https:\\\/\\\/www.ecosolucionesquimicas.es\\\/pt-pt\\\/#website\"},\"primaryImageOfPage\":{\"@id\":\"https:\\\/\\\/www.ecosolucionesquimicas.es\\\/pt-pt\\\/producto\\\/limpeza-desincrustante-piscinas-cimento-e-gresite\\\/#primaryimage\"},\"image\":{\"@id\":\"https:\\\/\\\/www.ecosolucionesquimicas.es\\\/pt-pt\\\/producto\\\/limpeza-desincrustante-piscinas-cimento-e-gresite\\\/#primaryimage\"},\"thumbnailUrl\":\"https:\\\/\\\/www.ecosolucionesquimicas.es\\\/wp-content\\\/uploads\\\/2024\\\/02\\\/ECO-501-5L-scaled.jpg\",\"datePublished\":\"2024-02-22T14:11:41+00:00\",\"dateModified\":\"2025-11-18T19:58:02+00:00\",\"breadcrumb\":{\"@id\":\"https:\\\/\\\/www.ecosolucionesquimicas.es\\\/pt-pt\\\/producto\\\/limpeza-desincrustante-piscinas-cimento-e-gresite\\\/#breadcrumb\"},\"inLanguage\":\"pt-PT\",\"potentialAction\":[{\"@type\":\"ReadAction\",\"target\":[\"https:\\\/\\\/www.ecosolucionesquimicas.es\\\/pt-pt\\\/producto\\\/limpeza-desincrustante-piscinas-cimento-e-gresite\\\/\"]}]},{\"@type\":\"ImageObject\",\"inLanguage\":\"pt-PT\",\"@id\":\"https:\\\/\\\/www.ecosolucionesquimicas.es\\\/pt-pt\\\/producto\\\/limpeza-desincrustante-piscinas-cimento-e-gresite\\\/#primaryimage\",\"url\":\"https:\\\/\\\/www.ecosolucionesquimicas.es\\\/wp-content\\\/uploads\\\/2024\\\/02\\\/ECO-501-5L-scaled.jpg\",\"contentUrl\":\"https:\\\/\\\/www.ecosolucionesquimicas.es\\\/wp-content\\\/uploads\\\/2024\\\/02\\\/ECO-501-5L-scaled.jpg\",\"width\":2350,\"height\":2560},{\"@type\":\"BreadcrumbList\",\"@id\":\"https:\\\/\\\/www.ecosolucionesquimicas.es\\\/pt-pt\\\/producto\\\/limpeza-desincrustante-piscinas-cimento-e-gresite\\\/#breadcrumb\",\"itemListElement\":[{\"@type\":\"ListItem\",\"position\":1,\"name\":\"Portada\",\"item\":\"https:\\\/\\\/www.ecosolucionesquimicas.es\\\/pt-pt\\\/home\\\/\"},{\"@type\":\"ListItem\",\"position\":2,\"name\":\"Desincrustante para piscinas de cimento e gresite\"}]},{\"@type\":\"WebSite\",\"@id\":\"https:\\\/\\\/www.ecosolucionesquimicas.es\\\/pt-pt\\\/#website\",\"url\":\"https:\\\/\\\/www.ecosolucionesquimicas.es\\\/pt-pt\\\/\",\"name\":\"Ecosoluciones Qu\u00edmicas\",\"description\":\"Compre produtos de limpeza e qu\u00edmicos, de fabrica\u00e7\u00e3o pr\u00f3pria, online.\",\"publisher\":{\"@id\":\"https:\\\/\\\/www.ecosolucionesquimicas.es\\\/pt-pt\\\/#organization\"},\"alternateName\":\"EQM\",\"potentialAction\":[{\"@type\":\"SearchAction\",\"target\":{\"@type\":\"EntryPoint\",\"urlTemplate\":\"https:\\\/\\\/www.ecosolucionesquimicas.es\\\/pt-pt\\\/?s={search_term_string}\"},\"query-input\":{\"@type\":\"PropertyValueSpecification\",\"valueRequired\":true,\"valueName\":\"search_term_string\"}}],\"inLanguage\":\"pt-PT\"},{\"@type\":\"Organization\",\"@id\":\"https:\\\/\\\/www.ecosolucionesquimicas.es\\\/pt-pt\\\/#organization\",\"name\":\"Ecosoluciones Qu\u00edmicas\",\"url\":\"https:\\\/\\\/www.ecosolucionesquimicas.es\\\/pt-pt\\\/\",\"logo\":{\"@type\":\"ImageObject\",\"inLanguage\":\"pt-PT\",\"@id\":\"https:\\\/\\\/www.ecosolucionesquimicas.es\\\/pt-pt\\\/#\\\/schema\\\/logo\\\/image\\\/\",\"url\":\"https:\\\/\\\/www.ecosolucionesquimicas.es\\\/wp-content\\\/uploads\\\/2024\\\/08\\\/LOGO-EQM-NUEVO-.png\",\"contentUrl\":\"https:\\\/\\\/www.ecosolucionesquimicas.es\\\/wp-content\\\/uploads\\\/2024\\\/08\\\/LOGO-EQM-NUEVO-.png\",\"width\":1060,\"height\":456,\"caption\":\"Ecosoluciones Qu\u00edmicas\"},\"image\":{\"@id\":\"https:\\\/\\\/www.ecosolucionesquimicas.es\\\/pt-pt\\\/#\\\/schema\\\/logo\\\/image\\\/\"},\"sameAs\":[\"https:\\\/\\\/www.facebook.com\\\/ecosolucionesquimicasmadrid\\\/\",\"https:\\\/\\\/www.instagram.com\\\/ecosolucionesquimicas\\\/\"],\"hasMerchantReturnPolicy\":{\"@type\":\"MerchantReturnPolicy\",\"merchantReturnLink\":\"https:\\\/\\\/www.ecosolucionesquimicas.es\\\/refund_returns\\\/\"}}]}<\/script>\n<meta property=\"product:brand\" content=\"EQM\" \/>\n<meta property=\"product:price:amount\" content=\"15.72\" \/>\n<meta property=\"product:price:currency\" content=\"EUR\" \/>\n<meta property=\"og:availability\" content=\"instock\" \/>\n<meta property=\"product:availability\" content=\"instock\" \/>\n<meta property=\"product:retailer_item_id\" content=\"ECO-501\" \/>\n<meta property=\"product:condition\" content=\"new\" \/>\n<!-- \/ Yoast SEO Premium plugin. -->","yoast_head_json":{"title":"Desincrustante para piscinas de cimento e gresite - Ecosoluciones Qu\u00edmicas","robots":{"index":"index","follow":"follow","max-snippet":"max-snippet:-1","max-image-preview":"max-image-preview:large","max-video-preview":"max-video-preview:-1"},"canonical":"https:\/\/www.ecosolucionesquimicas.es\/pt-pt\/producto\/limpeza-desincrustante-piscinas-cimento-e-gresite\/","og_locale":"pt_PT","og_type":"article","og_title":"Desincrustante para piscinas de cimento e gresite","og_description":"O ECO-501 \u00c9 UM PODEROSO DETERGENTE DE LIMPEZA E DESINCRUSTANTE. F\u00e1cil de aplicar e de a\u00e7\u00e3o r\u00e1pida, oferece uma solu\u00e7\u00e3o eficiente para a limpeza intensiva de superf\u00edcies dif\u00edceis.  ESPECIFICAMENTE FORMULADO PARA A LIMPEZA EM PROFUNDIDADE DE PISCINAS CONSTRU\u00cdDAS EM BET\u00c3O, AZULEJO E PEDRA. Este produto foi concebido para proporcionar uma limpeza eficaz em superf\u00edcies duras, garantindo resultados profissionais em materiais resistentes como o bet\u00e3o, os azulejos e o gresite, que s\u00e3o frequentemente dif\u00edceis de limpar.  ELIMINA OS DEP\u00d3SITOS DE C\u00c1LCIO, MAGN\u00c9SIO E ORG\u00c2NICOS. ECO-501 dissolve e elimina eficazmente as incrusta\u00e7\u00f5es e os dep\u00f3sitos que aderem \u00e0s paredes e ao fundo da piscina, melhorando o seu aspeto geral.  F\u00d3RMULA AVAN\u00c7ADA QUE REDUZ O TEMPO E O ESFOR\u00c7O DE LIMPEZA. Gra\u00e7as \u00e0 sua a\u00e7\u00e3o r\u00e1pida e eficaz, o ECO-501 optimiza os processos de manuten\u00e7\u00e3o da piscina, poupando tempo e esfor\u00e7o.  FORMATO DE 5 LITROS.   \u26ab N.\u00ba de ref.: ECO-501","og_url":"https:\/\/www.ecosolucionesquimicas.es\/pt-pt\/producto\/limpeza-desincrustante-piscinas-cimento-e-gresite\/","og_site_name":"Ecosoluciones Qu\u00edmicas","article_publisher":"https:\/\/www.facebook.com\/ecosolucionesquimicasmadrid\/","article_modified_time":"2025-11-18T19:58:02+00:00","og_image":[{"width":2350,"height":2560,"url":"https:\/\/www.ecosolucionesquimicas.es\/wp-content\/uploads\/2024\/02\/ECO-501-5L-scaled.jpg","type":"image\/jpeg"}],"twitter_card":"summary_large_image","twitter_misc":{"pre\u00e7o":"15,72&nbsp;&euro; IVA inc.","Disponibilidade":"Em stock"},"schema":{"@context":"https:\/\/schema.org","@graph":[{"@type":"WebPage","@id":"https:\/\/www.ecosolucionesquimicas.es\/pt-pt\/producto\/limpeza-desincrustante-piscinas-cimento-e-gresite\/","url":"https:\/\/www.ecosolucionesquimicas.es\/pt-pt\/producto\/limpeza-desincrustante-piscinas-cimento-e-gresite\/","name":"Desincrustante para piscinas de cimento e gresite - Ecosoluciones Qu\u00edmicas","isPartOf":{"@id":"https:\/\/www.ecosolucionesquimicas.es\/pt-pt\/#website"},"primaryImageOfPage":{"@id":"https:\/\/www.ecosolucionesquimicas.es\/pt-pt\/producto\/limpeza-desincrustante-piscinas-cimento-e-gresite\/#primaryimage"},"image":{"@id":"https:\/\/www.ecosolucionesquimicas.es\/pt-pt\/producto\/limpeza-desincrustante-piscinas-cimento-e-gresite\/#primaryimage"},"thumbnailUrl":"https:\/\/www.ecosolucionesquimicas.es\/wp-content\/uploads\/2024\/02\/ECO-501-5L-scaled.jpg","datePublished":"2024-02-22T14:11:41+00:00","dateModified":"2025-11-18T19:58:02+00:00","breadcrumb":{"@id":"https:\/\/www.ecosolucionesquimicas.es\/pt-pt\/producto\/limpeza-desincrustante-piscinas-cimento-e-gresite\/#breadcrumb"},"inLanguage":"pt-PT","potentialAction":[{"@type":"ReadAction","target":["https:\/\/www.ecosolucionesquimicas.es\/pt-pt\/producto\/limpeza-desincrustante-piscinas-cimento-e-gresite\/"]}]},{"@type":"ImageObject","inLanguage":"pt-PT","@id":"https:\/\/www.ecosolucionesquimicas.es\/pt-pt\/producto\/limpeza-desincrustante-piscinas-cimento-e-gresite\/#primaryimage","url":"https:\/\/www.ecosolucionesquimicas.es\/wp-content\/uploads\/2024\/02\/ECO-501-5L-scaled.jpg","contentUrl":"https:\/\/www.ecosolucionesquimicas.es\/wp-content\/uploads\/2024\/02\/ECO-501-5L-scaled.jpg","width":2350,"height":2560},{"@type":"BreadcrumbList","@id":"https:\/\/www.ecosolucionesquimicas.es\/pt-pt\/producto\/limpeza-desincrustante-piscinas-cimento-e-gresite\/#breadcrumb","itemListElement":[{"@type":"ListItem","position":1,"name":"Portada","item":"https:\/\/www.ecosolucionesquimicas.es\/pt-pt\/home\/"},{"@type":"ListItem","position":2,"name":"Desincrustante para piscinas de cimento e gresite"}]},{"@type":"WebSite","@id":"https:\/\/www.ecosolucionesquimicas.es\/pt-pt\/#website","url":"https:\/\/www.ecosolucionesquimicas.es\/pt-pt\/","name":"Ecosoluciones Qu\u00edmicas","description":"Compre produtos de limpeza e qu\u00edmicos, de fabrica\u00e7\u00e3o pr\u00f3pria, online.","publisher":{"@id":"https:\/\/www.ecosolucionesquimicas.es\/pt-pt\/#organization"},"alternateName":"EQM","potentialAction":[{"@type":"SearchAction","target":{"@type":"EntryPoint","urlTemplate":"https:\/\/www.ecosolucionesquimicas.es\/pt-pt\/?s={search_term_string}"},"query-input":{"@type":"PropertyValueSpecification","valueRequired":true,"valueName":"search_term_string"}}],"inLanguage":"pt-PT"},{"@type":"Organization","@id":"https:\/\/www.ecosolucionesquimicas.es\/pt-pt\/#organization","name":"Ecosoluciones Qu\u00edmicas","url":"https:\/\/www.ecosolucionesquimicas.es\/pt-pt\/","logo":{"@type":"ImageObject","inLanguage":"pt-PT","@id":"https:\/\/www.ecosolucionesquimicas.es\/pt-pt\/#\/schema\/logo\/image\/","url":"https:\/\/www.ecosolucionesquimicas.es\/wp-content\/uploads\/2024\/08\/LOGO-EQM-NUEVO-.png","contentUrl":"https:\/\/www.ecosolucionesquimicas.es\/wp-content\/uploads\/2024\/08\/LOGO-EQM-NUEVO-.png","width":1060,"height":456,"caption":"Ecosoluciones Qu\u00edmicas"},"image":{"@id":"https:\/\/www.ecosolucionesquimicas.es\/pt-pt\/#\/schema\/logo\/image\/"},"sameAs":["https:\/\/www.facebook.com\/ecosolucionesquimicasmadrid\/","https:\/\/www.instagram.com\/ecosolucionesquimicas\/"],"hasMerchantReturnPolicy":{"@type":"MerchantReturnPolicy","merchantReturnLink":"https:\/\/www.ecosolucionesquimicas.es\/refund_returns\/"}}]},"product_brand":"EQM","product_price_amount":"15.72","product_price_currency":"EUR","og_availability":"instock","product_availability":"instock","product_retailer_item_id":"ECO-501","product_condition":"new"},"_links":{"self":[{"href":"https:\/\/www.ecosolucionesquimicas.es\/pt-pt\/wp-json\/wp\/v2\/product\/10990","targetHints":{"allow":["GET"]}}],"collection":[{"href":"https:\/\/www.ecosolucionesquimicas.es\/pt-pt\/wp-json\/wp\/v2\/product"}],"about":[{"href":"https:\/\/www.ecosolucionesquimicas.es\/pt-pt\/wp-json\/wp\/v2\/types\/product"}],"wp:featuredmedia":[{"embeddable":true,"href":"https:\/\/www.ecosolucionesquimicas.es\/pt-pt\/wp-json\/wp\/v2\/media\/10995"}],"wp:attachment":[{"href":"https:\/\/www.ecosolucionesquimicas.es\/pt-pt\/wp-json\/wp\/v2\/media?parent=10990"}],"wp:term":[{"taxonomy":"product_brand","embeddable":true,"href":"https:\/\/www.ecosolucionesquimicas.es\/pt-pt\/wp-json\/wp\/v2\/product_brand?post=10990"},{"taxonomy":"product_cat","embeddable":true,"href":"https:\/\/www.ecosolucionesquimicas.es\/pt-pt\/wp-json\/wp\/v2\/product_cat?post=10990"},{"taxonomy":"product_tag","embeddable":true,"href":"https:\/\/www.ecosolucionesquimicas.es\/pt-pt\/wp-json\/wp\/v2\/product_tag?post=10990"}],"curies":[{"name":"wp","href":"https:\/\/api.w.org\/{rel}","templated":true}]}}