{"id":10981,"date":"2024-02-22T15:11:41","date_gmt":"2024-02-22T14:11:41","guid":{"rendered":"https:\/\/www.ecosolucionesquimicas.es\/producto\/limpeza-desincrustante-piscinas-poliester-fibra\/"},"modified":"2025-11-18T20:58:26","modified_gmt":"2025-11-18T19:58:26","slug":"limpeza-desincrustante-piscinas-poliester-fibra","status":"publish","type":"product","link":"https:\/\/www.ecosolucionesquimicas.es\/pt-pt\/producto\/limpeza-desincrustante-piscinas-poliester-fibra\/","title":{"rendered":"Limpador desincrustante para piscinas em poli\u00e9ster\/fibra"},"content":{"rendered":"<p><img fetchpriority=\"high\" decoding=\"async\" class=\"alignnone wp-image-2152\" src=\"https:\/\/www.ecosolucionesquimicas.es\/wp-content\/uploads\/2024\/02\/LIMPIADOR-DESINCRUSTANTE-PISCINAS-POLfoto-descripcion-300x192.jpeg\" alt=\"\" width=\"550\" height=\"352\" srcset=\"https:\/\/www.ecosolucionesquimicas.es\/wp-content\/uploads\/2024\/02\/LIMPIADOR-DESINCRUSTANTE-PISCINAS-POLfoto-descripcion-300x192.jpeg 300w, https:\/\/www.ecosolucionesquimicas.es\/wp-content\/uploads\/2024\/02\/LIMPIADOR-DESINCRUSTANTE-PISCINAS-POLfoto-descripcion-600x384.jpeg 600w, https:\/\/www.ecosolucionesquimicas.es\/wp-content\/uploads\/2024\/02\/LIMPIADOR-DESINCRUSTANTE-PISCINAS-POLfoto-descripcion.jpeg 768w\" sizes=\"(max-width: 550px) 100vw, 550px\" \/><\/p>\n<p><strong>INSTRU\u00c7\u00d5ES DE UTILIZA\u00c7\u00c3O<\/strong><\/p>\n<p><strong>Prepara\u00e7\u00e3o<\/strong>: Certifica-te de que a piscina est\u00e1 vazia e seca; remove os detritos soltos.<br \/>\n\ud83d\udd18 <strong>Aplica\u00e7\u00e3o<\/strong>: Aplica o ECO-502 uniformemente em \u00e1reas como skimmers e linhas de \u00e1gua com um rolo, escova ou esponja.<br \/>\n<strong>Tempo de a\u00e7\u00e3o<\/strong>: Aguardar 10-15 minutos para o produto atuar.<br \/>\n\ud83d\udd18 <strong>Esfregar e enxaguar<\/strong>: Esfregar com escova ou esponja e enxaguar com \u00e1gua limpa.<br \/>\n\ud83d\udd18 <strong>Secagem<\/strong>: Aguardar que as superf\u00edcies sequem antes de encher a piscina ou efetuar a manuten\u00e7\u00e3o.<\/p>\n<p><strong>Recomenda\u00e7\u00f5es:<\/strong><\/p>\n<p>Utilizar <strong>equipamento de prote\u00e7\u00e3o:<\/strong> Usar luvas e \u00f3culos de prote\u00e7\u00e3o para evitar o contacto direto com o produto e para proteger contra poss\u00edveis irrita\u00e7\u00f5es.<br \/>\n<strong>Ventila\u00e7\u00e3o adequada:<\/strong> Se trabalhares numa \u00e1rea fechada, certifica-te de que esta \u00e9 bem ventilada para evitar a acumula\u00e7\u00e3o de vapores.<\/p>\n","protected":false},"excerpt":{"rendered":"<p><strong> O ECO-502 \u00c9 UM PODEROSO DETERGENTE DE LIMPEZA E DESINCRUSTA\u00c7\u00c3O<\/strong>. Destaca-se pela sua f\u00e1cil aplica\u00e7\u00e3o e a\u00e7\u00e3o r\u00e1pida, tornando-o ideal para a limpeza eficiente de superf\u00edcies dif\u00edceis. <\/p>\n<p><strong> FORMULADO PARA A LIMPEZA DE PISCINAS DE POLI\u00c9STER OU DE FIBRA DE VIDRO<\/strong><strong>.<\/strong> Este produto assegura uma limpeza profunda e duradoura dos recipientes de piscina fabricados com estes materiais espec\u00edficos. <\/p>\n<p><strong> ELIMINA O CALC\u00c1RIO, OS RES\u00cdDUOS ORG\u00c2NICOS E OS SEDIMENTOS MINERAIS<\/strong><strong>.<\/strong> ECO-502 foi concebido para tratar superf\u00edcies como skimmers, linhas flutuantes e escadas, especialmente em piscinas de poli\u00e9ster ou fibra de vidro. <\/p>\n<p><strong> F\u00d3RMULA AVAN\u00c7ADA QUE FACILITA A MANUTEN\u00c7\u00c3O REGULAR<\/strong>. Actua rapidamente, reduzindo o tempo e o esfor\u00e7o necess\u00e1rios para eliminar os dep\u00f3sitos mais dif\u00edceis e facilitando a manuten\u00e7\u00e3o da piscina. <\/p>\n<p><strong>FORMATO DE 5 LITROS.<\/strong><\/p>\n<p><strong>\u26ab<\/strong><strong> N.\u00ba de ref.: ECO-502<\/strong><\/p>\n","protected":false},"featured_media":10984,"template":"","meta":[],"product_brand":[225],"product_cat":[245],"product_tag":[372,371,370],"class_list":{"0":"post-10981","1":"product","2":"type-product","3":"status-publish","4":"has-post-thumbnail","6":"product_brand-eqm","7":"product_cat-piscinas","8":"product_tag-agua-turva","9":"product_tag-limpa-fundos","10":"product_tag-piscina","12":"first","13":"instock","14":"taxable","15":"shipping-taxable","16":"purchasable","17":"product-type-simple"},"acf":[],"yoast_head":"<!-- This site is optimized with the Yoast SEO Premium plugin v27.1 (Yoast SEO v27.4) - https:\/\/yoast.com\/product\/yoast-seo-premium-wordpress\/ -->\n<title>Limpador desincrustante para piscinas em poli\u00e9ster\/fibra - Ecosoluciones Qu\u00edmicas<\/title>\n<meta name=\"robots\" content=\"index, follow, max-snippet:-1, max-image-preview:large, max-video-preview:-1\" \/>\n<link rel=\"canonical\" href=\"https:\/\/www.ecosolucionesquimicas.es\/pt-pt\/producto\/limpeza-desincrustante-piscinas-poliester-fibra\/\" \/>\n<meta property=\"og:locale\" content=\"pt_PT\" \/>\n<meta property=\"og:type\" content=\"article\" \/>\n<meta property=\"og:title\" content=\"Limpador desincrustante para piscinas em poli\u00e9ster\/fibra\" \/>\n<meta property=\"og:description\" content=\"O ECO-502 \u00c9 UM PODEROSO DETERGENTE DE LIMPEZA E DESINCRUSTA\u00c7\u00c3O. Destaca-se pela sua f\u00e1cil aplica\u00e7\u00e3o e a\u00e7\u00e3o r\u00e1pida, tornando-o ideal para a limpeza eficiente de superf\u00edcies dif\u00edceis.  FORMULADO PARA A LIMPEZA DE PISCINAS DE POLI\u00c9STER OU DE FIBRA DE VIDRO. Este produto assegura uma limpeza profunda e duradoura dos recipientes de piscina fabricados com estes materiais espec\u00edficos.  ELIMINA O CALC\u00c1RIO, OS RES\u00cdDUOS ORG\u00c2NICOS E OS SEDIMENTOS MINERAIS. ECO-502 foi concebido para tratar superf\u00edcies como skimmers, linhas flutuantes e escadas, especialmente em piscinas de poli\u00e9ster ou fibra de vidro.  F\u00d3RMULA AVAN\u00c7ADA QUE FACILITA A MANUTEN\u00c7\u00c3O REGULAR. Actua rapidamente, reduzindo o tempo e o esfor\u00e7o necess\u00e1rios para eliminar os dep\u00f3sitos mais dif\u00edceis e facilitando a manuten\u00e7\u00e3o da piscina.  FORMATO DE 5 LITROS. \u26ab N.\u00ba de ref.: ECO-502\" \/>\n<meta property=\"og:url\" content=\"https:\/\/www.ecosolucionesquimicas.es\/pt-pt\/producto\/limpeza-desincrustante-piscinas-poliester-fibra\/\" \/>\n<meta property=\"og:site_name\" content=\"Ecosoluciones Qu\u00edmicas\" \/>\n<meta property=\"article:publisher\" content=\"https:\/\/www.facebook.com\/ecosolucionesquimicasmadrid\/\" \/>\n<meta property=\"article:modified_time\" content=\"2025-11-18T19:58:26+00:00\" \/>\n<meta property=\"og:image\" content=\"https:\/\/www.ecosolucionesquimicas.es\/wp-content\/uploads\/2024\/02\/ECO-5022222-scaled.jpg\" \/>\n\t<meta property=\"og:image:width\" content=\"2350\" \/>\n\t<meta property=\"og:image:height\" content=\"2560\" \/>\n\t<meta property=\"og:image:type\" content=\"image\/jpeg\" \/>\n<meta name=\"twitter:card\" content=\"summary_large_image\" \/>\n<meta name=\"twitter:label1\" content=\"pre\u00e7o\" \/>\n\t<meta name=\"twitter:data1\" content=\"24,19&nbsp;&euro; IVA inc.\" \/>\n\t<meta name=\"twitter:label2\" content=\"Disponibilidade\" \/>\n\t<meta name=\"twitter:data2\" content=\"Em stock\" \/>\n<script type=\"application\/ld+json\" class=\"yoast-schema-graph\">{\"@context\":\"https:\\\/\\\/schema.org\",\"@graph\":[{\"@type\":\"WebPage\",\"@id\":\"https:\\\/\\\/www.ecosolucionesquimicas.es\\\/pt-pt\\\/producto\\\/limpeza-desincrustante-piscinas-poliester-fibra\\\/\",\"url\":\"https:\\\/\\\/www.ecosolucionesquimicas.es\\\/pt-pt\\\/producto\\\/limpeza-desincrustante-piscinas-poliester-fibra\\\/\",\"name\":\"Limpador desincrustante para piscinas em poli\u00e9ster\\\/fibra - Ecosoluciones Qu\u00edmicas\",\"isPartOf\":{\"@id\":\"https:\\\/\\\/www.ecosolucionesquimicas.es\\\/pt-pt\\\/#website\"},\"primaryImageOfPage\":{\"@id\":\"https:\\\/\\\/www.ecosolucionesquimicas.es\\\/pt-pt\\\/producto\\\/limpeza-desincrustante-piscinas-poliester-fibra\\\/#primaryimage\"},\"image\":{\"@id\":\"https:\\\/\\\/www.ecosolucionesquimicas.es\\\/pt-pt\\\/producto\\\/limpeza-desincrustante-piscinas-poliester-fibra\\\/#primaryimage\"},\"thumbnailUrl\":\"https:\\\/\\\/www.ecosolucionesquimicas.es\\\/wp-content\\\/uploads\\\/2024\\\/02\\\/ECO-5022222-scaled.jpg\",\"datePublished\":\"2024-02-22T14:11:41+00:00\",\"dateModified\":\"2025-11-18T19:58:26+00:00\",\"breadcrumb\":{\"@id\":\"https:\\\/\\\/www.ecosolucionesquimicas.es\\\/pt-pt\\\/producto\\\/limpeza-desincrustante-piscinas-poliester-fibra\\\/#breadcrumb\"},\"inLanguage\":\"pt-PT\",\"potentialAction\":[{\"@type\":\"ReadAction\",\"target\":[\"https:\\\/\\\/www.ecosolucionesquimicas.es\\\/pt-pt\\\/producto\\\/limpeza-desincrustante-piscinas-poliester-fibra\\\/\"]}]},{\"@type\":\"ImageObject\",\"inLanguage\":\"pt-PT\",\"@id\":\"https:\\\/\\\/www.ecosolucionesquimicas.es\\\/pt-pt\\\/producto\\\/limpeza-desincrustante-piscinas-poliester-fibra\\\/#primaryimage\",\"url\":\"https:\\\/\\\/www.ecosolucionesquimicas.es\\\/wp-content\\\/uploads\\\/2024\\\/02\\\/ECO-5022222-scaled.jpg\",\"contentUrl\":\"https:\\\/\\\/www.ecosolucionesquimicas.es\\\/wp-content\\\/uploads\\\/2024\\\/02\\\/ECO-5022222-scaled.jpg\",\"width\":2350,\"height\":2560},{\"@type\":\"BreadcrumbList\",\"@id\":\"https:\\\/\\\/www.ecosolucionesquimicas.es\\\/pt-pt\\\/producto\\\/limpeza-desincrustante-piscinas-poliester-fibra\\\/#breadcrumb\",\"itemListElement\":[{\"@type\":\"ListItem\",\"position\":1,\"name\":\"Portada\",\"item\":\"https:\\\/\\\/www.ecosolucionesquimicas.es\\\/pt-pt\\\/home\\\/\"},{\"@type\":\"ListItem\",\"position\":2,\"name\":\"Limpador desincrustante para piscinas em poli\u00e9ster\\\/fibra\"}]},{\"@type\":\"WebSite\",\"@id\":\"https:\\\/\\\/www.ecosolucionesquimicas.es\\\/pt-pt\\\/#website\",\"url\":\"https:\\\/\\\/www.ecosolucionesquimicas.es\\\/pt-pt\\\/\",\"name\":\"Ecosoluciones Qu\u00edmicas\",\"description\":\"Compre produtos de limpeza e qu\u00edmicos, de fabrica\u00e7\u00e3o pr\u00f3pria, online.\",\"publisher\":{\"@id\":\"https:\\\/\\\/www.ecosolucionesquimicas.es\\\/pt-pt\\\/#organization\"},\"alternateName\":\"EQM\",\"potentialAction\":[{\"@type\":\"SearchAction\",\"target\":{\"@type\":\"EntryPoint\",\"urlTemplate\":\"https:\\\/\\\/www.ecosolucionesquimicas.es\\\/pt-pt\\\/?s={search_term_string}\"},\"query-input\":{\"@type\":\"PropertyValueSpecification\",\"valueRequired\":true,\"valueName\":\"search_term_string\"}}],\"inLanguage\":\"pt-PT\"},{\"@type\":\"Organization\",\"@id\":\"https:\\\/\\\/www.ecosolucionesquimicas.es\\\/pt-pt\\\/#organization\",\"name\":\"Ecosoluciones Qu\u00edmicas\",\"url\":\"https:\\\/\\\/www.ecosolucionesquimicas.es\\\/pt-pt\\\/\",\"logo\":{\"@type\":\"ImageObject\",\"inLanguage\":\"pt-PT\",\"@id\":\"https:\\\/\\\/www.ecosolucionesquimicas.es\\\/pt-pt\\\/#\\\/schema\\\/logo\\\/image\\\/\",\"url\":\"https:\\\/\\\/www.ecosolucionesquimicas.es\\\/wp-content\\\/uploads\\\/2024\\\/08\\\/LOGO-EQM-NUEVO-.png\",\"contentUrl\":\"https:\\\/\\\/www.ecosolucionesquimicas.es\\\/wp-content\\\/uploads\\\/2024\\\/08\\\/LOGO-EQM-NUEVO-.png\",\"width\":1060,\"height\":456,\"caption\":\"Ecosoluciones Qu\u00edmicas\"},\"image\":{\"@id\":\"https:\\\/\\\/www.ecosolucionesquimicas.es\\\/pt-pt\\\/#\\\/schema\\\/logo\\\/image\\\/\"},\"sameAs\":[\"https:\\\/\\\/www.facebook.com\\\/ecosolucionesquimicasmadrid\\\/\",\"https:\\\/\\\/www.instagram.com\\\/ecosolucionesquimicas\\\/\"],\"hasMerchantReturnPolicy\":{\"@type\":\"MerchantReturnPolicy\",\"merchantReturnLink\":\"https:\\\/\\\/www.ecosolucionesquimicas.es\\\/refund_returns\\\/\"}}]}<\/script>\n<meta property=\"product:brand\" content=\"EQM\" \/>\n<meta property=\"product:price:amount\" content=\"24.19\" \/>\n<meta property=\"product:price:currency\" content=\"EUR\" \/>\n<meta property=\"og:availability\" content=\"instock\" \/>\n<meta property=\"product:availability\" content=\"instock\" \/>\n<meta property=\"product:retailer_item_id\" content=\"ECO-502\" \/>\n<meta property=\"product:condition\" content=\"new\" \/>\n<!-- \/ Yoast SEO Premium plugin. -->","yoast_head_json":{"title":"Limpador desincrustante para piscinas em poli\u00e9ster\/fibra - Ecosoluciones Qu\u00edmicas","robots":{"index":"index","follow":"follow","max-snippet":"max-snippet:-1","max-image-preview":"max-image-preview:large","max-video-preview":"max-video-preview:-1"},"canonical":"https:\/\/www.ecosolucionesquimicas.es\/pt-pt\/producto\/limpeza-desincrustante-piscinas-poliester-fibra\/","og_locale":"pt_PT","og_type":"article","og_title":"Limpador desincrustante para piscinas em poli\u00e9ster\/fibra","og_description":"O ECO-502 \u00c9 UM PODEROSO DETERGENTE DE LIMPEZA E DESINCRUSTA\u00c7\u00c3O. Destaca-se pela sua f\u00e1cil aplica\u00e7\u00e3o e a\u00e7\u00e3o r\u00e1pida, tornando-o ideal para a limpeza eficiente de superf\u00edcies dif\u00edceis.  FORMULADO PARA A LIMPEZA DE PISCINAS DE POLI\u00c9STER OU DE FIBRA DE VIDRO. Este produto assegura uma limpeza profunda e duradoura dos recipientes de piscina fabricados com estes materiais espec\u00edficos.  ELIMINA O CALC\u00c1RIO, OS RES\u00cdDUOS ORG\u00c2NICOS E OS SEDIMENTOS MINERAIS. ECO-502 foi concebido para tratar superf\u00edcies como skimmers, linhas flutuantes e escadas, especialmente em piscinas de poli\u00e9ster ou fibra de vidro.  F\u00d3RMULA AVAN\u00c7ADA QUE FACILITA A MANUTEN\u00c7\u00c3O REGULAR. Actua rapidamente, reduzindo o tempo e o esfor\u00e7o necess\u00e1rios para eliminar os dep\u00f3sitos mais dif\u00edceis e facilitando a manuten\u00e7\u00e3o da piscina.  FORMATO DE 5 LITROS. \u26ab N.\u00ba de ref.: ECO-502","og_url":"https:\/\/www.ecosolucionesquimicas.es\/pt-pt\/producto\/limpeza-desincrustante-piscinas-poliester-fibra\/","og_site_name":"Ecosoluciones Qu\u00edmicas","article_publisher":"https:\/\/www.facebook.com\/ecosolucionesquimicasmadrid\/","article_modified_time":"2025-11-18T19:58:26+00:00","og_image":[{"width":2350,"height":2560,"url":"https:\/\/www.ecosolucionesquimicas.es\/wp-content\/uploads\/2024\/02\/ECO-5022222-scaled.jpg","type":"image\/jpeg"}],"twitter_card":"summary_large_image","twitter_misc":{"pre\u00e7o":"24,19&nbsp;&euro; IVA inc.","Disponibilidade":"Em stock"},"schema":{"@context":"https:\/\/schema.org","@graph":[{"@type":"WebPage","@id":"https:\/\/www.ecosolucionesquimicas.es\/pt-pt\/producto\/limpeza-desincrustante-piscinas-poliester-fibra\/","url":"https:\/\/www.ecosolucionesquimicas.es\/pt-pt\/producto\/limpeza-desincrustante-piscinas-poliester-fibra\/","name":"Limpador desincrustante para piscinas em poli\u00e9ster\/fibra - Ecosoluciones Qu\u00edmicas","isPartOf":{"@id":"https:\/\/www.ecosolucionesquimicas.es\/pt-pt\/#website"},"primaryImageOfPage":{"@id":"https:\/\/www.ecosolucionesquimicas.es\/pt-pt\/producto\/limpeza-desincrustante-piscinas-poliester-fibra\/#primaryimage"},"image":{"@id":"https:\/\/www.ecosolucionesquimicas.es\/pt-pt\/producto\/limpeza-desincrustante-piscinas-poliester-fibra\/#primaryimage"},"thumbnailUrl":"https:\/\/www.ecosolucionesquimicas.es\/wp-content\/uploads\/2024\/02\/ECO-5022222-scaled.jpg","datePublished":"2024-02-22T14:11:41+00:00","dateModified":"2025-11-18T19:58:26+00:00","breadcrumb":{"@id":"https:\/\/www.ecosolucionesquimicas.es\/pt-pt\/producto\/limpeza-desincrustante-piscinas-poliester-fibra\/#breadcrumb"},"inLanguage":"pt-PT","potentialAction":[{"@type":"ReadAction","target":["https:\/\/www.ecosolucionesquimicas.es\/pt-pt\/producto\/limpeza-desincrustante-piscinas-poliester-fibra\/"]}]},{"@type":"ImageObject","inLanguage":"pt-PT","@id":"https:\/\/www.ecosolucionesquimicas.es\/pt-pt\/producto\/limpeza-desincrustante-piscinas-poliester-fibra\/#primaryimage","url":"https:\/\/www.ecosolucionesquimicas.es\/wp-content\/uploads\/2024\/02\/ECO-5022222-scaled.jpg","contentUrl":"https:\/\/www.ecosolucionesquimicas.es\/wp-content\/uploads\/2024\/02\/ECO-5022222-scaled.jpg","width":2350,"height":2560},{"@type":"BreadcrumbList","@id":"https:\/\/www.ecosolucionesquimicas.es\/pt-pt\/producto\/limpeza-desincrustante-piscinas-poliester-fibra\/#breadcrumb","itemListElement":[{"@type":"ListItem","position":1,"name":"Portada","item":"https:\/\/www.ecosolucionesquimicas.es\/pt-pt\/home\/"},{"@type":"ListItem","position":2,"name":"Limpador desincrustante para piscinas em poli\u00e9ster\/fibra"}]},{"@type":"WebSite","@id":"https:\/\/www.ecosolucionesquimicas.es\/pt-pt\/#website","url":"https:\/\/www.ecosolucionesquimicas.es\/pt-pt\/","name":"Ecosoluciones Qu\u00edmicas","description":"Compre produtos de limpeza e qu\u00edmicos, de fabrica\u00e7\u00e3o pr\u00f3pria, online.","publisher":{"@id":"https:\/\/www.ecosolucionesquimicas.es\/pt-pt\/#organization"},"alternateName":"EQM","potentialAction":[{"@type":"SearchAction","target":{"@type":"EntryPoint","urlTemplate":"https:\/\/www.ecosolucionesquimicas.es\/pt-pt\/?s={search_term_string}"},"query-input":{"@type":"PropertyValueSpecification","valueRequired":true,"valueName":"search_term_string"}}],"inLanguage":"pt-PT"},{"@type":"Organization","@id":"https:\/\/www.ecosolucionesquimicas.es\/pt-pt\/#organization","name":"Ecosoluciones Qu\u00edmicas","url":"https:\/\/www.ecosolucionesquimicas.es\/pt-pt\/","logo":{"@type":"ImageObject","inLanguage":"pt-PT","@id":"https:\/\/www.ecosolucionesquimicas.es\/pt-pt\/#\/schema\/logo\/image\/","url":"https:\/\/www.ecosolucionesquimicas.es\/wp-content\/uploads\/2024\/08\/LOGO-EQM-NUEVO-.png","contentUrl":"https:\/\/www.ecosolucionesquimicas.es\/wp-content\/uploads\/2024\/08\/LOGO-EQM-NUEVO-.png","width":1060,"height":456,"caption":"Ecosoluciones Qu\u00edmicas"},"image":{"@id":"https:\/\/www.ecosolucionesquimicas.es\/pt-pt\/#\/schema\/logo\/image\/"},"sameAs":["https:\/\/www.facebook.com\/ecosolucionesquimicasmadrid\/","https:\/\/www.instagram.com\/ecosolucionesquimicas\/"],"hasMerchantReturnPolicy":{"@type":"MerchantReturnPolicy","merchantReturnLink":"https:\/\/www.ecosolucionesquimicas.es\/refund_returns\/"}}]},"product_brand":"EQM","product_price_amount":"24.19","product_price_currency":"EUR","og_availability":"instock","product_availability":"instock","product_retailer_item_id":"ECO-502","product_condition":"new"},"_links":{"self":[{"href":"https:\/\/www.ecosolucionesquimicas.es\/pt-pt\/wp-json\/wp\/v2\/product\/10981","targetHints":{"allow":["GET"]}}],"collection":[{"href":"https:\/\/www.ecosolucionesquimicas.es\/pt-pt\/wp-json\/wp\/v2\/product"}],"about":[{"href":"https:\/\/www.ecosolucionesquimicas.es\/pt-pt\/wp-json\/wp\/v2\/types\/product"}],"wp:featuredmedia":[{"embeddable":true,"href":"https:\/\/www.ecosolucionesquimicas.es\/pt-pt\/wp-json\/wp\/v2\/media\/10984"}],"wp:attachment":[{"href":"https:\/\/www.ecosolucionesquimicas.es\/pt-pt\/wp-json\/wp\/v2\/media?parent=10981"}],"wp:term":[{"taxonomy":"product_brand","embeddable":true,"href":"https:\/\/www.ecosolucionesquimicas.es\/pt-pt\/wp-json\/wp\/v2\/product_brand?post=10981"},{"taxonomy":"product_cat","embeddable":true,"href":"https:\/\/www.ecosolucionesquimicas.es\/pt-pt\/wp-json\/wp\/v2\/product_cat?post=10981"},{"taxonomy":"product_tag","embeddable":true,"href":"https:\/\/www.ecosolucionesquimicas.es\/pt-pt\/wp-json\/wp\/v2\/product_tag?post=10981"}],"curies":[{"name":"wp","href":"https:\/\/api.w.org\/{rel}","templated":true}]}}