{"id":10962,"date":"2024-02-22T15:11:41","date_gmt":"2024-02-22T14:11:41","guid":{"rendered":"https:\/\/www.ecosolucionesquimicas.es\/producto\/limpeza-amoniacal-multiusos-perfumado\/"},"modified":"2025-11-18T20:58:05","modified_gmt":"2025-11-18T19:58:05","slug":"limpeza-amoniacal-multiusos-perfumado","status":"publish","type":"product","link":"https:\/\/www.ecosolucionesquimicas.es\/pt-pt\/producto\/limpeza-amoniacal-multiusos-perfumado\/","title":{"rendered":"Produto de limpeza multiusos perfumado com amon\u00edaco"},"content":{"rendered":"<p><img fetchpriority=\"high\" decoding=\"async\" class=\"alignnone wp-image-3384\" src=\"https:\/\/www.ecosolucionesquimicas.es\/wp-content\/uploads\/2024\/02\/white-sink-with-faucet-water-running-down-side-300x168.jpg\" alt=\"\" width=\"550\" height=\"308\" srcset=\"https:\/\/www.ecosolucionesquimicas.es\/wp-content\/uploads\/2024\/02\/white-sink-with-faucet-water-running-down-side-300x168.jpg 300w, https:\/\/www.ecosolucionesquimicas.es\/wp-content\/uploads\/2024\/02\/white-sink-with-faucet-water-running-down-side-1024x574.jpg 1024w, https:\/\/www.ecosolucionesquimicas.es\/wp-content\/uploads\/2024\/02\/white-sink-with-faucet-water-running-down-side-768x430.jpg 768w, https:\/\/www.ecosolucionesquimicas.es\/wp-content\/uploads\/2024\/02\/white-sink-with-faucet-water-running-down-side-1536x861.jpg 1536w, https:\/\/www.ecosolucionesquimicas.es\/wp-content\/uploads\/2024\/02\/white-sink-with-faucet-water-running-down-side-2048x1148.jpg 2048w, https:\/\/www.ecosolucionesquimicas.es\/wp-content\/uploads\/2024\/02\/white-sink-with-faucet-water-running-down-side-600x336.jpg 600w\" sizes=\"(max-width: 550px) 100vw, 550px\" \/><\/p>\n<p><strong>MODO DE EMPREGO<\/strong><\/p>\n<div class=\"group\/conversation-turn relative flex w-full min-w-0 flex-col agent-turn\">\n<div class=\"flex-col gap-1 md:gap-3\">\n<div class=\"flex max-w-full flex-col flex-grow\">\n<div class=\"min-h-[20px] text-message flex w-full flex-col items-end gap-2 whitespace-normal break-words [.text-message+&amp;]:mt-5\" dir=\"auto\" data-message-author-role=\"assistant\" data-message-id=\"762a746f-f808-4305-856c-1341a6ee50c9\">\n<div class=\"flex w-full flex-col gap-1 empty:hidden first:pt-[3px]\">\n<div class=\"markdown prose w-full break-words dark:prose-invert light\">\n<p><strong>Aplica\u00e7\u00e3o:<\/strong> Pulveriza o produto de limpeza anti-calc\u00e1rio diretamente sobre a superf\u00edcie afetada pelo calc\u00e1rio.<br \/>\n\ud83d\udd18 <strong>Tempo de a\u00e7\u00e3o:<\/strong> Deixa atuar durante alguns minutos para dissolver o calc\u00e1rio e as manchas.<br \/>\n\ud83d\udd18 <strong>Limpeza:<\/strong> Esfrega com uma esponja ou pano h\u00famido, utilizando uma esponja macia para superf\u00edcies delicadas.<br \/>\n\ud83d\udd18 <strong>Enxaguamento:<\/strong> Enxagua com \u00e1gua limpa em abund\u00e2ncia para remover os res\u00edduos e evitar danos.<\/p>\n<\/div>\n<\/div>\n<\/div>\n<\/div>\n<\/div>\n<\/div>\n<p><b>Recomenda\u00e7\u00f5es:<\/b><\/p>\n<div class=\"flex max-w-full flex-col flex-grow\">\n<div class=\"min-h-[20px] text-message flex w-full flex-col items-end gap-2 whitespace-normal break-words [.text-message+&amp;]:mt-5\" dir=\"auto\" data-message-author-role=\"assistant\" data-message-id=\"b813a9de-fbc9-4792-a800-5a7d911cca71\">\n<div class=\"flex w-full flex-col gap-1 empty:hidden first:pt-[3px]\">\n<div class=\"markdown prose w-full break-words dark:prose-invert light\">\n<p><strong>Utiliza\u00e7\u00e3o recomendada para superf\u00edcies duras:<\/strong> Ideal para a limpeza di\u00e1ria de pavimentos, azulejos, porcelanas, casas de banho, cozinhas e m\u00f3veis, mantendo-os livres de calc\u00e1rio e com um brilho impec\u00e1vel.<\/p>\n<\/div>\n<\/div>\n<\/div>\n<\/div>\n","protected":false},"excerpt":{"rendered":"<p><strong>O ECO-215 \u00c9 IDEAL PARA A LIMPEZA PROFUNDA DE TODOS OS TIPOS DE SUPERF\u00cdCIES.<\/strong><\/p>\n<p><strong>COM AMON\u00cdACO, \u00c9 F\u00c1CIL REMOVER A SUJIDADE E AS IMPRESS\u00d5ES DIGITAIS DOS ESPELHOS E DOS VIDROS.<\/strong> Para al\u00e9m de deixar as superf\u00edcies imaculadas, d\u00e1 \u00e0s portas e janelas um brilho incompar\u00e1vel.<\/p>\n<p><strong>PERFEITO PARA A LIMPEZA PROFUNDA DE CASAS DE BANHO<\/strong>. O amon\u00edaco \u00e9 altamente eficaz na remo\u00e7\u00e3o de manchas de calc\u00e1rio e ferrugem das torneiras e dos rejuntes dos azulejos, resolvendo dois dos problemas mais comuns de sujidade na casa de banho.<\/p>\n<p><strong>PODEROSO REMOVEDOR DE GORDURAS, IDEAL PARA A COZINHA.<\/strong> O amon\u00edaco remove facilmente manchas de gordura de azulejos, electrodom\u00e9sticos, exaustores e at\u00e9 fornos, tornando-o uma ferramenta muito \u00fatil para as tarefas de limpeza di\u00e1rias.<\/p>\n<p><strong>\u2705<\/strong><strong> FORMATO DE 1 E 5 LITROS.<\/strong><\/p>\n<p><strong>Refer\u00eancia: ECO-215<\/strong><\/p>\n","protected":false},"featured_media":10978,"template":"","meta":[],"product_brand":[225],"product_cat":[255],"product_tag":[369,283,318],"class_list":{"0":"post-10962","1":"product","2":"type-product","3":"status-publish","4":"has-post-thumbnail","6":"product_brand-eqm","7":"product_cat-limpeza-profissional","8":"product_tag-amoniaco","9":"product_tag-limpador","10":"product_tag-superficies","12":"first","13":"instock","14":"taxable","15":"shipping-taxable","16":"purchasable","17":"product-type-variable"},"acf":[],"yoast_head":"<!-- This site is optimized with the Yoast SEO Premium plugin v27.1 (Yoast SEO v27.4) - https:\/\/yoast.com\/product\/yoast-seo-premium-wordpress\/ -->\n<title>Produto de limpeza multiusos perfumado com amon\u00edaco - Ecosoluciones Qu\u00edmicas<\/title>\n<meta name=\"robots\" content=\"index, follow, max-snippet:-1, max-image-preview:large, max-video-preview:-1\" \/>\n<link rel=\"canonical\" href=\"https:\/\/www.ecosolucionesquimicas.es\/pt-pt\/producto\/limpeza-amoniacal-multiusos-perfumado\/\" \/>\n<meta property=\"og:locale\" content=\"pt_PT\" \/>\n<meta property=\"og:type\" content=\"article\" \/>\n<meta property=\"og:title\" content=\"Produto de limpeza multiusos perfumado com amon\u00edaco\" \/>\n<meta property=\"og:description\" content=\"O ECO-215 \u00c9 IDEAL PARA A LIMPEZA PROFUNDA DE TODOS OS TIPOS DE SUPERF\u00cdCIES. COM AMON\u00cdACO, \u00c9 F\u00c1CIL REMOVER A SUJIDADE E AS IMPRESS\u00d5ES DIGITAIS DOS ESPELHOS E DOS VIDROS. Para al\u00e9m de deixar as superf\u00edcies imaculadas, d\u00e1 \u00e0s portas e janelas um brilho incompar\u00e1vel. PERFEITO PARA A LIMPEZA PROFUNDA DE CASAS DE BANHO. O amon\u00edaco \u00e9 altamente eficaz na remo\u00e7\u00e3o de manchas de calc\u00e1rio e ferrugem das torneiras e dos rejuntes dos azulejos, resolvendo dois dos problemas mais comuns de sujidade na casa de banho. PODEROSO REMOVEDOR DE GORDURAS, IDEAL PARA A COZINHA. O amon\u00edaco remove facilmente manchas de gordura de azulejos, electrodom\u00e9sticos, exaustores e at\u00e9 fornos, tornando-o uma ferramenta muito \u00fatil para as tarefas de limpeza di\u00e1rias. \u2705 FORMATO DE 1 E 5 LITROS. Refer\u00eancia: ECO-215\" \/>\n<meta property=\"og:url\" content=\"https:\/\/www.ecosolucionesquimicas.es\/pt-pt\/producto\/limpeza-amoniacal-multiusos-perfumado\/\" \/>\n<meta property=\"og:site_name\" content=\"Ecosoluciones Qu\u00edmicas\" \/>\n<meta property=\"article:publisher\" content=\"https:\/\/www.facebook.com\/ecosolucionesquimicasmadrid\/\" \/>\n<meta property=\"article:modified_time\" content=\"2025-11-18T19:58:05+00:00\" \/>\n<meta property=\"og:image\" content=\"https:\/\/www.ecosolucionesquimicas.es\/wp-content\/uploads\/2025\/10\/ECO-215-1L-scaled.jpg\" \/>\n\t<meta property=\"og:image:width\" content=\"2350\" \/>\n\t<meta property=\"og:image:height\" content=\"2560\" \/>\n\t<meta property=\"og:image:type\" content=\"image\/jpeg\" \/>\n<meta name=\"twitter:card\" content=\"summary_large_image\" \/>\n<meta name=\"twitter:label1\" content=\"Disponibilidade\" \/>\n\t<meta name=\"twitter:data1\" content=\"Em stock\" \/>\n<script type=\"application\/ld+json\" class=\"yoast-schema-graph\">{\"@context\":\"https:\\\/\\\/schema.org\",\"@graph\":[{\"@type\":\"WebPage\",\"@id\":\"https:\\\/\\\/www.ecosolucionesquimicas.es\\\/pt-pt\\\/producto\\\/limpeza-amoniacal-multiusos-perfumado\\\/\",\"url\":\"https:\\\/\\\/www.ecosolucionesquimicas.es\\\/pt-pt\\\/producto\\\/limpeza-amoniacal-multiusos-perfumado\\\/\",\"name\":\"Produto de limpeza multiusos perfumado com amon\u00edaco - Ecosoluciones Qu\u00edmicas\",\"isPartOf\":{\"@id\":\"https:\\\/\\\/www.ecosolucionesquimicas.es\\\/pt-pt\\\/#website\"},\"primaryImageOfPage\":{\"@id\":\"https:\\\/\\\/www.ecosolucionesquimicas.es\\\/pt-pt\\\/producto\\\/limpeza-amoniacal-multiusos-perfumado\\\/#primaryimage\"},\"image\":{\"@id\":\"https:\\\/\\\/www.ecosolucionesquimicas.es\\\/pt-pt\\\/producto\\\/limpeza-amoniacal-multiusos-perfumado\\\/#primaryimage\"},\"thumbnailUrl\":\"https:\\\/\\\/www.ecosolucionesquimicas.es\\\/wp-content\\\/uploads\\\/2025\\\/10\\\/ECO-215-1L-scaled.jpg\",\"datePublished\":\"2024-02-22T14:11:41+00:00\",\"dateModified\":\"2025-11-18T19:58:05+00:00\",\"breadcrumb\":{\"@id\":\"https:\\\/\\\/www.ecosolucionesquimicas.es\\\/pt-pt\\\/producto\\\/limpeza-amoniacal-multiusos-perfumado\\\/#breadcrumb\"},\"inLanguage\":\"pt-PT\",\"potentialAction\":[{\"@type\":\"ReadAction\",\"target\":[\"https:\\\/\\\/www.ecosolucionesquimicas.es\\\/pt-pt\\\/producto\\\/limpeza-amoniacal-multiusos-perfumado\\\/\"]}]},{\"@type\":\"ImageObject\",\"inLanguage\":\"pt-PT\",\"@id\":\"https:\\\/\\\/www.ecosolucionesquimicas.es\\\/pt-pt\\\/producto\\\/limpeza-amoniacal-multiusos-perfumado\\\/#primaryimage\",\"url\":\"https:\\\/\\\/www.ecosolucionesquimicas.es\\\/wp-content\\\/uploads\\\/2025\\\/10\\\/ECO-215-1L-scaled.jpg\",\"contentUrl\":\"https:\\\/\\\/www.ecosolucionesquimicas.es\\\/wp-content\\\/uploads\\\/2025\\\/10\\\/ECO-215-1L-scaled.jpg\",\"width\":2350,\"height\":2560},{\"@type\":\"BreadcrumbList\",\"@id\":\"https:\\\/\\\/www.ecosolucionesquimicas.es\\\/pt-pt\\\/producto\\\/limpeza-amoniacal-multiusos-perfumado\\\/#breadcrumb\",\"itemListElement\":[{\"@type\":\"ListItem\",\"position\":1,\"name\":\"Portada\",\"item\":\"https:\\\/\\\/www.ecosolucionesquimicas.es\\\/pt-pt\\\/home\\\/\"},{\"@type\":\"ListItem\",\"position\":2,\"name\":\"Produto de limpeza multiusos perfumado com amon\u00edaco\"}]},{\"@type\":\"WebSite\",\"@id\":\"https:\\\/\\\/www.ecosolucionesquimicas.es\\\/pt-pt\\\/#website\",\"url\":\"https:\\\/\\\/www.ecosolucionesquimicas.es\\\/pt-pt\\\/\",\"name\":\"Ecosoluciones Qu\u00edmicas\",\"description\":\"Compre produtos de limpeza e qu\u00edmicos, de fabrica\u00e7\u00e3o pr\u00f3pria, online.\",\"publisher\":{\"@id\":\"https:\\\/\\\/www.ecosolucionesquimicas.es\\\/pt-pt\\\/#organization\"},\"alternateName\":\"EQM\",\"potentialAction\":[{\"@type\":\"SearchAction\",\"target\":{\"@type\":\"EntryPoint\",\"urlTemplate\":\"https:\\\/\\\/www.ecosolucionesquimicas.es\\\/pt-pt\\\/?s={search_term_string}\"},\"query-input\":{\"@type\":\"PropertyValueSpecification\",\"valueRequired\":true,\"valueName\":\"search_term_string\"}}],\"inLanguage\":\"pt-PT\"},{\"@type\":\"Organization\",\"@id\":\"https:\\\/\\\/www.ecosolucionesquimicas.es\\\/pt-pt\\\/#organization\",\"name\":\"Ecosoluciones Qu\u00edmicas\",\"url\":\"https:\\\/\\\/www.ecosolucionesquimicas.es\\\/pt-pt\\\/\",\"logo\":{\"@type\":\"ImageObject\",\"inLanguage\":\"pt-PT\",\"@id\":\"https:\\\/\\\/www.ecosolucionesquimicas.es\\\/pt-pt\\\/#\\\/schema\\\/logo\\\/image\\\/\",\"url\":\"https:\\\/\\\/www.ecosolucionesquimicas.es\\\/wp-content\\\/uploads\\\/2024\\\/08\\\/LOGO-EQM-NUEVO-.png\",\"contentUrl\":\"https:\\\/\\\/www.ecosolucionesquimicas.es\\\/wp-content\\\/uploads\\\/2024\\\/08\\\/LOGO-EQM-NUEVO-.png\",\"width\":1060,\"height\":456,\"caption\":\"Ecosoluciones Qu\u00edmicas\"},\"image\":{\"@id\":\"https:\\\/\\\/www.ecosolucionesquimicas.es\\\/pt-pt\\\/#\\\/schema\\\/logo\\\/image\\\/\"},\"sameAs\":[\"https:\\\/\\\/www.facebook.com\\\/ecosolucionesquimicasmadrid\\\/\",\"https:\\\/\\\/www.instagram.com\\\/ecosolucionesquimicas\\\/\"],\"hasMerchantReturnPolicy\":{\"@type\":\"MerchantReturnPolicy\",\"merchantReturnLink\":\"https:\\\/\\\/www.ecosolucionesquimicas.es\\\/refund_returns\\\/\"}}]}<\/script>\n<meta property=\"product:brand\" content=\"EQM\" \/>\n<meta property=\"og:availability\" content=\"instock\" \/>\n<meta property=\"product:availability\" content=\"instock\" \/>\n<meta property=\"product:retailer_item_id\" content=\"ECO-215\" \/>\n<meta property=\"product:condition\" content=\"new\" \/>\n<!-- \/ Yoast SEO Premium plugin. -->","yoast_head_json":{"title":"Produto de limpeza multiusos perfumado com amon\u00edaco - Ecosoluciones Qu\u00edmicas","robots":{"index":"index","follow":"follow","max-snippet":"max-snippet:-1","max-image-preview":"max-image-preview:large","max-video-preview":"max-video-preview:-1"},"canonical":"https:\/\/www.ecosolucionesquimicas.es\/pt-pt\/producto\/limpeza-amoniacal-multiusos-perfumado\/","og_locale":"pt_PT","og_type":"article","og_title":"Produto de limpeza multiusos perfumado com amon\u00edaco","og_description":"O ECO-215 \u00c9 IDEAL PARA A LIMPEZA PROFUNDA DE TODOS OS TIPOS DE SUPERF\u00cdCIES. COM AMON\u00cdACO, \u00c9 F\u00c1CIL REMOVER A SUJIDADE E AS IMPRESS\u00d5ES DIGITAIS DOS ESPELHOS E DOS VIDROS. Para al\u00e9m de deixar as superf\u00edcies imaculadas, d\u00e1 \u00e0s portas e janelas um brilho incompar\u00e1vel. PERFEITO PARA A LIMPEZA PROFUNDA DE CASAS DE BANHO. O amon\u00edaco \u00e9 altamente eficaz na remo\u00e7\u00e3o de manchas de calc\u00e1rio e ferrugem das torneiras e dos rejuntes dos azulejos, resolvendo dois dos problemas mais comuns de sujidade na casa de banho. PODEROSO REMOVEDOR DE GORDURAS, IDEAL PARA A COZINHA. O amon\u00edaco remove facilmente manchas de gordura de azulejos, electrodom\u00e9sticos, exaustores e at\u00e9 fornos, tornando-o uma ferramenta muito \u00fatil para as tarefas de limpeza di\u00e1rias. \u2705 FORMATO DE 1 E 5 LITROS. Refer\u00eancia: ECO-215","og_url":"https:\/\/www.ecosolucionesquimicas.es\/pt-pt\/producto\/limpeza-amoniacal-multiusos-perfumado\/","og_site_name":"Ecosoluciones Qu\u00edmicas","article_publisher":"https:\/\/www.facebook.com\/ecosolucionesquimicasmadrid\/","article_modified_time":"2025-11-18T19:58:05+00:00","og_image":[{"width":2350,"height":2560,"url":"https:\/\/www.ecosolucionesquimicas.es\/wp-content\/uploads\/2025\/10\/ECO-215-1L-scaled.jpg","type":"image\/jpeg"}],"twitter_card":"summary_large_image","twitter_misc":{"Disponibilidade":"Em stock"},"schema":{"@context":"https:\/\/schema.org","@graph":[{"@type":"WebPage","@id":"https:\/\/www.ecosolucionesquimicas.es\/pt-pt\/producto\/limpeza-amoniacal-multiusos-perfumado\/","url":"https:\/\/www.ecosolucionesquimicas.es\/pt-pt\/producto\/limpeza-amoniacal-multiusos-perfumado\/","name":"Produto de limpeza multiusos perfumado com amon\u00edaco - Ecosoluciones Qu\u00edmicas","isPartOf":{"@id":"https:\/\/www.ecosolucionesquimicas.es\/pt-pt\/#website"},"primaryImageOfPage":{"@id":"https:\/\/www.ecosolucionesquimicas.es\/pt-pt\/producto\/limpeza-amoniacal-multiusos-perfumado\/#primaryimage"},"image":{"@id":"https:\/\/www.ecosolucionesquimicas.es\/pt-pt\/producto\/limpeza-amoniacal-multiusos-perfumado\/#primaryimage"},"thumbnailUrl":"https:\/\/www.ecosolucionesquimicas.es\/wp-content\/uploads\/2025\/10\/ECO-215-1L-scaled.jpg","datePublished":"2024-02-22T14:11:41+00:00","dateModified":"2025-11-18T19:58:05+00:00","breadcrumb":{"@id":"https:\/\/www.ecosolucionesquimicas.es\/pt-pt\/producto\/limpeza-amoniacal-multiusos-perfumado\/#breadcrumb"},"inLanguage":"pt-PT","potentialAction":[{"@type":"ReadAction","target":["https:\/\/www.ecosolucionesquimicas.es\/pt-pt\/producto\/limpeza-amoniacal-multiusos-perfumado\/"]}]},{"@type":"ImageObject","inLanguage":"pt-PT","@id":"https:\/\/www.ecosolucionesquimicas.es\/pt-pt\/producto\/limpeza-amoniacal-multiusos-perfumado\/#primaryimage","url":"https:\/\/www.ecosolucionesquimicas.es\/wp-content\/uploads\/2025\/10\/ECO-215-1L-scaled.jpg","contentUrl":"https:\/\/www.ecosolucionesquimicas.es\/wp-content\/uploads\/2025\/10\/ECO-215-1L-scaled.jpg","width":2350,"height":2560},{"@type":"BreadcrumbList","@id":"https:\/\/www.ecosolucionesquimicas.es\/pt-pt\/producto\/limpeza-amoniacal-multiusos-perfumado\/#breadcrumb","itemListElement":[{"@type":"ListItem","position":1,"name":"Portada","item":"https:\/\/www.ecosolucionesquimicas.es\/pt-pt\/home\/"},{"@type":"ListItem","position":2,"name":"Produto de limpeza multiusos perfumado com amon\u00edaco"}]},{"@type":"WebSite","@id":"https:\/\/www.ecosolucionesquimicas.es\/pt-pt\/#website","url":"https:\/\/www.ecosolucionesquimicas.es\/pt-pt\/","name":"Ecosoluciones Qu\u00edmicas","description":"Compre produtos de limpeza e qu\u00edmicos, de fabrica\u00e7\u00e3o pr\u00f3pria, online.","publisher":{"@id":"https:\/\/www.ecosolucionesquimicas.es\/pt-pt\/#organization"},"alternateName":"EQM","potentialAction":[{"@type":"SearchAction","target":{"@type":"EntryPoint","urlTemplate":"https:\/\/www.ecosolucionesquimicas.es\/pt-pt\/?s={search_term_string}"},"query-input":{"@type":"PropertyValueSpecification","valueRequired":true,"valueName":"search_term_string"}}],"inLanguage":"pt-PT"},{"@type":"Organization","@id":"https:\/\/www.ecosolucionesquimicas.es\/pt-pt\/#organization","name":"Ecosoluciones Qu\u00edmicas","url":"https:\/\/www.ecosolucionesquimicas.es\/pt-pt\/","logo":{"@type":"ImageObject","inLanguage":"pt-PT","@id":"https:\/\/www.ecosolucionesquimicas.es\/pt-pt\/#\/schema\/logo\/image\/","url":"https:\/\/www.ecosolucionesquimicas.es\/wp-content\/uploads\/2024\/08\/LOGO-EQM-NUEVO-.png","contentUrl":"https:\/\/www.ecosolucionesquimicas.es\/wp-content\/uploads\/2024\/08\/LOGO-EQM-NUEVO-.png","width":1060,"height":456,"caption":"Ecosoluciones Qu\u00edmicas"},"image":{"@id":"https:\/\/www.ecosolucionesquimicas.es\/pt-pt\/#\/schema\/logo\/image\/"},"sameAs":["https:\/\/www.facebook.com\/ecosolucionesquimicasmadrid\/","https:\/\/www.instagram.com\/ecosolucionesquimicas\/"],"hasMerchantReturnPolicy":{"@type":"MerchantReturnPolicy","merchantReturnLink":"https:\/\/www.ecosolucionesquimicas.es\/refund_returns\/"}}]},"product_brand":"EQM","og_availability":"instock","product_availability":"instock","product_retailer_item_id":"ECO-215","product_condition":"new"},"_links":{"self":[{"href":"https:\/\/www.ecosolucionesquimicas.es\/pt-pt\/wp-json\/wp\/v2\/product\/10962","targetHints":{"allow":["GET"]}}],"collection":[{"href":"https:\/\/www.ecosolucionesquimicas.es\/pt-pt\/wp-json\/wp\/v2\/product"}],"about":[{"href":"https:\/\/www.ecosolucionesquimicas.es\/pt-pt\/wp-json\/wp\/v2\/types\/product"}],"wp:featuredmedia":[{"embeddable":true,"href":"https:\/\/www.ecosolucionesquimicas.es\/pt-pt\/wp-json\/wp\/v2\/media\/10978"}],"wp:attachment":[{"href":"https:\/\/www.ecosolucionesquimicas.es\/pt-pt\/wp-json\/wp\/v2\/media?parent=10962"}],"wp:term":[{"taxonomy":"product_brand","embeddable":true,"href":"https:\/\/www.ecosolucionesquimicas.es\/pt-pt\/wp-json\/wp\/v2\/product_brand?post=10962"},{"taxonomy":"product_cat","embeddable":true,"href":"https:\/\/www.ecosolucionesquimicas.es\/pt-pt\/wp-json\/wp\/v2\/product_cat?post=10962"},{"taxonomy":"product_tag","embeddable":true,"href":"https:\/\/www.ecosolucionesquimicas.es\/pt-pt\/wp-json\/wp\/v2\/product_tag?post=10962"}],"curies":[{"name":"wp","href":"https:\/\/api.w.org\/{rel}","templated":true}]}}