{"id":10954,"date":"2024-02-22T15:11:41","date_gmt":"2024-02-22T14:11:41","guid":{"rendered":"https:\/\/www.ecosolucionesquimicas.es\/producto\/limpeza-abrilhantador-para-pisos-de-marmore-terrazzo-e-granito\/"},"modified":"2026-03-16T15:22:39","modified_gmt":"2026-03-16T14:22:39","slug":"limpeza-abrilhantador-para-pisos-de-marmore-terrazzo-e-granito","status":"publish","type":"product","link":"https:\/\/www.ecosolucionesquimicas.es\/pt-pt\/producto\/limpeza-abrilhantador-para-pisos-de-marmore-terrazzo-e-granito\/","title":{"rendered":"Limpador &#8211; Polidor para pavimentos de m\u00e1rmore, tijoleira e granito"},"content":{"rendered":"<p><img fetchpriority=\"high\" decoding=\"async\" class=\"alignnone wp-image-3382\" src=\"https:\/\/www.ecosolucionesquimicas.es\/wp-content\/uploads\/2024\/02\/A_detailed_image_of_someone_cleaning_a_marble_floo-300x171.jpg\" alt=\"\" width=\"550\" height=\"314\" srcset=\"https:\/\/www.ecosolucionesquimicas.es\/wp-content\/uploads\/2024\/02\/A_detailed_image_of_someone_cleaning_a_marble_floo-300x171.jpg 300w, https:\/\/www.ecosolucionesquimicas.es\/wp-content\/uploads\/2024\/02\/A_detailed_image_of_someone_cleaning_a_marble_floo-1024x585.jpg 1024w, https:\/\/www.ecosolucionesquimicas.es\/wp-content\/uploads\/2024\/02\/A_detailed_image_of_someone_cleaning_a_marble_floo-768x439.jpg 768w, https:\/\/www.ecosolucionesquimicas.es\/wp-content\/uploads\/2024\/02\/A_detailed_image_of_someone_cleaning_a_marble_floo-1536x878.jpg 1536w, https:\/\/www.ecosolucionesquimicas.es\/wp-content\/uploads\/2024\/02\/A_detailed_image_of_someone_cleaning_a_marble_floo-600x343.jpg 600w, https:\/\/www.ecosolucionesquimicas.es\/wp-content\/uploads\/2024\/02\/A_detailed_image_of_someone_cleaning_a_marble_floo.jpg 1792w\" sizes=\"(max-width: 550px) 100vw, 550px\" \/><\/p>\n<p><strong>MODO DE USO<\/strong><\/p>\n<p>\ud83d\udd18 <strong>Prepara\u00e7\u00e3o:<\/strong> Diluir 125 ml em 5 litros de \u00e1gua para uma limpeza segura do m\u00e1rmore.<br \/>\n\ud83d\udd18 <strong>Aplica\u00e7\u00e3o:<\/strong> Espalha com uma esfregona espremida, cobrindo toda a superf\u00edcie.<br \/>\n\ud83d\udd18 <strong>Secagem:<\/strong> Deixa secar durante 15 minutos e evita pisar a \u00e1rea durante este tempo.<\/p>\n","protected":false},"excerpt":{"rendered":"<p><strong>\u2705 FORMULADO PARA A LIMPEZA E MANUTEN\u00c7\u00c3O DE M\u00c1RMORE, GRANITO E TERRA\u00c7O.  <\/strong>O ECO-214 foi especialmente concebido para a manuten\u00e7\u00e3o e o cuidado regulares dos pavimentos, assegurando que estes permanecem em perfeitas condi\u00e7\u00f5es com o uso cont\u00ednuo.<\/p>\n<p><strong>O ECO-214 ELIMINA A SUJIDADE INCRUSTADA DO M\u00c1RMORE E DO CALC\u00c1RIO.  <\/strong>A sua f\u00f3rmula permite a remo\u00e7\u00e3o r\u00e1pida e f\u00e1cil da sujidade mais persistente deste tipo de superf\u00edcies, deixando um agrad\u00e1vel e duradouro aroma a limpeza.<\/p>\n<p><strong>REAL\u00c7A A COR E O BRILHO NATURAIS DA PEDRA.  <\/strong>ECO-214 n\u00e3o s\u00f3 limpa, mas tamb\u00e9m revitaliza a cor e o brilho originais da pedra, dando-lhe uma apar\u00eancia renovada e restaurando o seu aspeto natural.<\/p>\n<p><strong>HIDRATA E PROTEGE CONTRA AS MANCHAS.  <\/strong>Quando o produto \u00e9 aplicado, forma-se uma pel\u00edcula protetora que prolonga a vida do pavimento, refor\u00e7ando a sua resist\u00eancia ao desgaste di\u00e1rio e \u00e0s manchas.<\/p>\n<p><strong>\u2705<\/strong><strong> FORMATO DE 1 E 5 LITROS.<\/strong><\/p>\n<p><strong>Refer\u00eancia: ECO-214<\/strong><\/p>\n","protected":false},"featured_media":10958,"template":"","meta":[],"product_brand":[225],"product_cat":[255],"product_tag":[361,363,283,362],"class_list":{"0":"post-10954","1":"product","2":"type-product","3":"status-publish","4":"has-post-thumbnail","6":"product_brand-eqm","7":"product_cat-limpeza-profissional","8":"product_tag-abrilhantador-2","9":"product_tag-antimanchas","10":"product_tag-limpador","11":"product_tag-marmore","13":"first","14":"instock","15":"taxable","16":"shipping-taxable","17":"purchasable","18":"product-type-variable"},"acf":[],"yoast_head":"<!-- This site is optimized with the Yoast SEO Premium plugin v27.1 (Yoast SEO v27.4) - https:\/\/yoast.com\/product\/yoast-seo-premium-wordpress\/ -->\n<title>Limpador - Polidor para pavimentos de m\u00e1rmore, tijoleira e granito - Ecosoluciones Qu\u00edmicas<\/title>\n<meta name=\"robots\" content=\"index, follow, max-snippet:-1, max-image-preview:large, max-video-preview:-1\" \/>\n<link rel=\"canonical\" href=\"https:\/\/www.ecosolucionesquimicas.es\/pt-pt\/producto\/limpeza-abrilhantador-para-pisos-de-marmore-terrazzo-e-granito\/\" \/>\n<meta property=\"og:locale\" content=\"pt_PT\" \/>\n<meta property=\"og:type\" content=\"article\" \/>\n<meta property=\"og:title\" content=\"Limpador - Polidor para pavimentos de m\u00e1rmore, tijoleira e granito\" \/>\n<meta property=\"og:description\" content=\"\u2705 FORMULADO PARA A LIMPEZA E MANUTEN\u00c7\u00c3O DE M\u00c1RMORE, GRANITO E TERRA\u00c7O. O ECO-214 foi especialmente concebido para a manuten\u00e7\u00e3o e o cuidado regulares dos pavimentos, assegurando que estes permanecem em perfeitas condi\u00e7\u00f5es com o uso cont\u00ednuo. O ECO-214 ELIMINA A SUJIDADE INCRUSTADA DO M\u00c1RMORE E DO CALC\u00c1RIO. A sua f\u00f3rmula permite a remo\u00e7\u00e3o r\u00e1pida e f\u00e1cil da sujidade mais persistente deste tipo de superf\u00edcies, deixando um agrad\u00e1vel e duradouro aroma a limpeza. REAL\u00c7A A COR E O BRILHO NATURAIS DA PEDRA. ECO-214 n\u00e3o s\u00f3 limpa, mas tamb\u00e9m revitaliza a cor e o brilho originais da pedra, dando-lhe uma apar\u00eancia renovada e restaurando o seu aspeto natural. HIDRATA E PROTEGE CONTRA AS MANCHAS. Quando o produto \u00e9 aplicado, forma-se uma pel\u00edcula protetora que prolonga a vida do pavimento, refor\u00e7ando a sua resist\u00eancia ao desgaste di\u00e1rio e \u00e0s manchas. \u2705 FORMATO DE 1 E 5 LITROS. Refer\u00eancia: ECO-214\" \/>\n<meta property=\"og:url\" content=\"https:\/\/www.ecosolucionesquimicas.es\/pt-pt\/producto\/limpeza-abrilhantador-para-pisos-de-marmore-terrazzo-e-granito\/\" \/>\n<meta property=\"og:site_name\" content=\"Ecosoluciones Qu\u00edmicas\" \/>\n<meta property=\"article:publisher\" content=\"https:\/\/www.facebook.com\/ecosolucionesquimicasmadrid\/\" \/>\n<meta property=\"article:modified_time\" content=\"2026-03-16T14:22:39+00:00\" \/>\n<meta property=\"og:image\" content=\"https:\/\/www.ecosolucionesquimicas.es\/wp-content\/uploads\/2024\/02\/ECO-214-5L-scaled.jpg\" \/>\n\t<meta property=\"og:image:width\" content=\"2350\" \/>\n\t<meta property=\"og:image:height\" content=\"2560\" \/>\n\t<meta property=\"og:image:type\" content=\"image\/jpeg\" \/>\n<meta name=\"twitter:card\" content=\"summary_large_image\" \/>\n<meta name=\"twitter:label1\" content=\"Disponibilidade\" \/>\n\t<meta name=\"twitter:data1\" content=\"Em stock\" \/>\n<script type=\"application\/ld+json\" class=\"yoast-schema-graph\">{\"@context\":\"https:\\\/\\\/schema.org\",\"@graph\":[{\"@type\":\"WebPage\",\"@id\":\"https:\\\/\\\/www.ecosolucionesquimicas.es\\\/pt-pt\\\/producto\\\/limpeza-abrilhantador-para-pisos-de-marmore-terrazzo-e-granito\\\/\",\"url\":\"https:\\\/\\\/www.ecosolucionesquimicas.es\\\/pt-pt\\\/producto\\\/limpeza-abrilhantador-para-pisos-de-marmore-terrazzo-e-granito\\\/\",\"name\":\"Limpador - Polidor para pavimentos de m\u00e1rmore, tijoleira e granito - Ecosoluciones Qu\u00edmicas\",\"isPartOf\":{\"@id\":\"https:\\\/\\\/www.ecosolucionesquimicas.es\\\/pt-pt\\\/#website\"},\"primaryImageOfPage\":{\"@id\":\"https:\\\/\\\/www.ecosolucionesquimicas.es\\\/pt-pt\\\/producto\\\/limpeza-abrilhantador-para-pisos-de-marmore-terrazzo-e-granito\\\/#primaryimage\"},\"image\":{\"@id\":\"https:\\\/\\\/www.ecosolucionesquimicas.es\\\/pt-pt\\\/producto\\\/limpeza-abrilhantador-para-pisos-de-marmore-terrazzo-e-granito\\\/#primaryimage\"},\"thumbnailUrl\":\"https:\\\/\\\/www.ecosolucionesquimicas.es\\\/wp-content\\\/uploads\\\/2024\\\/02\\\/ECO-214-5L-scaled.jpg\",\"datePublished\":\"2024-02-22T14:11:41+00:00\",\"dateModified\":\"2026-03-16T14:22:39+00:00\",\"breadcrumb\":{\"@id\":\"https:\\\/\\\/www.ecosolucionesquimicas.es\\\/pt-pt\\\/producto\\\/limpeza-abrilhantador-para-pisos-de-marmore-terrazzo-e-granito\\\/#breadcrumb\"},\"inLanguage\":\"pt-PT\",\"potentialAction\":[{\"@type\":\"ReadAction\",\"target\":[\"https:\\\/\\\/www.ecosolucionesquimicas.es\\\/pt-pt\\\/producto\\\/limpeza-abrilhantador-para-pisos-de-marmore-terrazzo-e-granito\\\/\"]}]},{\"@type\":\"ImageObject\",\"inLanguage\":\"pt-PT\",\"@id\":\"https:\\\/\\\/www.ecosolucionesquimicas.es\\\/pt-pt\\\/producto\\\/limpeza-abrilhantador-para-pisos-de-marmore-terrazzo-e-granito\\\/#primaryimage\",\"url\":\"https:\\\/\\\/www.ecosolucionesquimicas.es\\\/wp-content\\\/uploads\\\/2024\\\/02\\\/ECO-214-5L-scaled.jpg\",\"contentUrl\":\"https:\\\/\\\/www.ecosolucionesquimicas.es\\\/wp-content\\\/uploads\\\/2024\\\/02\\\/ECO-214-5L-scaled.jpg\",\"width\":2350,\"height\":2560},{\"@type\":\"BreadcrumbList\",\"@id\":\"https:\\\/\\\/www.ecosolucionesquimicas.es\\\/pt-pt\\\/producto\\\/limpeza-abrilhantador-para-pisos-de-marmore-terrazzo-e-granito\\\/#breadcrumb\",\"itemListElement\":[{\"@type\":\"ListItem\",\"position\":1,\"name\":\"Portada\",\"item\":\"https:\\\/\\\/www.ecosolucionesquimicas.es\\\/pt-pt\\\/home\\\/\"},{\"@type\":\"ListItem\",\"position\":2,\"name\":\"Limpador &#8211; Polidor para pavimentos de m\u00e1rmore, tijoleira e granito\"}]},{\"@type\":\"WebSite\",\"@id\":\"https:\\\/\\\/www.ecosolucionesquimicas.es\\\/pt-pt\\\/#website\",\"url\":\"https:\\\/\\\/www.ecosolucionesquimicas.es\\\/pt-pt\\\/\",\"name\":\"Ecosoluciones Qu\u00edmicas\",\"description\":\"Compre produtos de limpeza e qu\u00edmicos, de fabrica\u00e7\u00e3o pr\u00f3pria, online.\",\"publisher\":{\"@id\":\"https:\\\/\\\/www.ecosolucionesquimicas.es\\\/pt-pt\\\/#organization\"},\"alternateName\":\"EQM\",\"potentialAction\":[{\"@type\":\"SearchAction\",\"target\":{\"@type\":\"EntryPoint\",\"urlTemplate\":\"https:\\\/\\\/www.ecosolucionesquimicas.es\\\/pt-pt\\\/?s={search_term_string}\"},\"query-input\":{\"@type\":\"PropertyValueSpecification\",\"valueRequired\":true,\"valueName\":\"search_term_string\"}}],\"inLanguage\":\"pt-PT\"},{\"@type\":\"Organization\",\"@id\":\"https:\\\/\\\/www.ecosolucionesquimicas.es\\\/pt-pt\\\/#organization\",\"name\":\"Ecosoluciones Qu\u00edmicas\",\"url\":\"https:\\\/\\\/www.ecosolucionesquimicas.es\\\/pt-pt\\\/\",\"logo\":{\"@type\":\"ImageObject\",\"inLanguage\":\"pt-PT\",\"@id\":\"https:\\\/\\\/www.ecosolucionesquimicas.es\\\/pt-pt\\\/#\\\/schema\\\/logo\\\/image\\\/\",\"url\":\"https:\\\/\\\/www.ecosolucionesquimicas.es\\\/wp-content\\\/uploads\\\/2024\\\/08\\\/LOGO-EQM-NUEVO-.png\",\"contentUrl\":\"https:\\\/\\\/www.ecosolucionesquimicas.es\\\/wp-content\\\/uploads\\\/2024\\\/08\\\/LOGO-EQM-NUEVO-.png\",\"width\":1060,\"height\":456,\"caption\":\"Ecosoluciones Qu\u00edmicas\"},\"image\":{\"@id\":\"https:\\\/\\\/www.ecosolucionesquimicas.es\\\/pt-pt\\\/#\\\/schema\\\/logo\\\/image\\\/\"},\"sameAs\":[\"https:\\\/\\\/www.facebook.com\\\/ecosolucionesquimicasmadrid\\\/\",\"https:\\\/\\\/www.instagram.com\\\/ecosolucionesquimicas\\\/\"],\"hasMerchantReturnPolicy\":{\"@type\":\"MerchantReturnPolicy\",\"merchantReturnLink\":\"https:\\\/\\\/www.ecosolucionesquimicas.es\\\/refund_returns\\\/\"}}]}<\/script>\n<meta property=\"product:brand\" content=\"EQM\" \/>\n<meta property=\"og:availability\" content=\"instock\" \/>\n<meta property=\"product:availability\" content=\"instock\" \/>\n<meta property=\"product:retailer_item_id\" content=\"ECO-214\" \/>\n<meta property=\"product:condition\" content=\"new\" \/>\n<!-- \/ Yoast SEO Premium plugin. -->","yoast_head_json":{"title":"Limpador - Polidor para pavimentos de m\u00e1rmore, tijoleira e granito - Ecosoluciones Qu\u00edmicas","robots":{"index":"index","follow":"follow","max-snippet":"max-snippet:-1","max-image-preview":"max-image-preview:large","max-video-preview":"max-video-preview:-1"},"canonical":"https:\/\/www.ecosolucionesquimicas.es\/pt-pt\/producto\/limpeza-abrilhantador-para-pisos-de-marmore-terrazzo-e-granito\/","og_locale":"pt_PT","og_type":"article","og_title":"Limpador - Polidor para pavimentos de m\u00e1rmore, tijoleira e granito","og_description":"\u2705 FORMULADO PARA A LIMPEZA E MANUTEN\u00c7\u00c3O DE M\u00c1RMORE, GRANITO E TERRA\u00c7O. O ECO-214 foi especialmente concebido para a manuten\u00e7\u00e3o e o cuidado regulares dos pavimentos, assegurando que estes permanecem em perfeitas condi\u00e7\u00f5es com o uso cont\u00ednuo. O ECO-214 ELIMINA A SUJIDADE INCRUSTADA DO M\u00c1RMORE E DO CALC\u00c1RIO. A sua f\u00f3rmula permite a remo\u00e7\u00e3o r\u00e1pida e f\u00e1cil da sujidade mais persistente deste tipo de superf\u00edcies, deixando um agrad\u00e1vel e duradouro aroma a limpeza. REAL\u00c7A A COR E O BRILHO NATURAIS DA PEDRA. ECO-214 n\u00e3o s\u00f3 limpa, mas tamb\u00e9m revitaliza a cor e o brilho originais da pedra, dando-lhe uma apar\u00eancia renovada e restaurando o seu aspeto natural. HIDRATA E PROTEGE CONTRA AS MANCHAS. Quando o produto \u00e9 aplicado, forma-se uma pel\u00edcula protetora que prolonga a vida do pavimento, refor\u00e7ando a sua resist\u00eancia ao desgaste di\u00e1rio e \u00e0s manchas. \u2705 FORMATO DE 1 E 5 LITROS. Refer\u00eancia: ECO-214","og_url":"https:\/\/www.ecosolucionesquimicas.es\/pt-pt\/producto\/limpeza-abrilhantador-para-pisos-de-marmore-terrazzo-e-granito\/","og_site_name":"Ecosoluciones Qu\u00edmicas","article_publisher":"https:\/\/www.facebook.com\/ecosolucionesquimicasmadrid\/","article_modified_time":"2026-03-16T14:22:39+00:00","og_image":[{"width":2350,"height":2560,"url":"https:\/\/www.ecosolucionesquimicas.es\/wp-content\/uploads\/2024\/02\/ECO-214-5L-scaled.jpg","type":"image\/jpeg"}],"twitter_card":"summary_large_image","twitter_misc":{"Disponibilidade":"Em stock"},"schema":{"@context":"https:\/\/schema.org","@graph":[{"@type":"WebPage","@id":"https:\/\/www.ecosolucionesquimicas.es\/pt-pt\/producto\/limpeza-abrilhantador-para-pisos-de-marmore-terrazzo-e-granito\/","url":"https:\/\/www.ecosolucionesquimicas.es\/pt-pt\/producto\/limpeza-abrilhantador-para-pisos-de-marmore-terrazzo-e-granito\/","name":"Limpador - Polidor para pavimentos de m\u00e1rmore, tijoleira e granito - Ecosoluciones Qu\u00edmicas","isPartOf":{"@id":"https:\/\/www.ecosolucionesquimicas.es\/pt-pt\/#website"},"primaryImageOfPage":{"@id":"https:\/\/www.ecosolucionesquimicas.es\/pt-pt\/producto\/limpeza-abrilhantador-para-pisos-de-marmore-terrazzo-e-granito\/#primaryimage"},"image":{"@id":"https:\/\/www.ecosolucionesquimicas.es\/pt-pt\/producto\/limpeza-abrilhantador-para-pisos-de-marmore-terrazzo-e-granito\/#primaryimage"},"thumbnailUrl":"https:\/\/www.ecosolucionesquimicas.es\/wp-content\/uploads\/2024\/02\/ECO-214-5L-scaled.jpg","datePublished":"2024-02-22T14:11:41+00:00","dateModified":"2026-03-16T14:22:39+00:00","breadcrumb":{"@id":"https:\/\/www.ecosolucionesquimicas.es\/pt-pt\/producto\/limpeza-abrilhantador-para-pisos-de-marmore-terrazzo-e-granito\/#breadcrumb"},"inLanguage":"pt-PT","potentialAction":[{"@type":"ReadAction","target":["https:\/\/www.ecosolucionesquimicas.es\/pt-pt\/producto\/limpeza-abrilhantador-para-pisos-de-marmore-terrazzo-e-granito\/"]}]},{"@type":"ImageObject","inLanguage":"pt-PT","@id":"https:\/\/www.ecosolucionesquimicas.es\/pt-pt\/producto\/limpeza-abrilhantador-para-pisos-de-marmore-terrazzo-e-granito\/#primaryimage","url":"https:\/\/www.ecosolucionesquimicas.es\/wp-content\/uploads\/2024\/02\/ECO-214-5L-scaled.jpg","contentUrl":"https:\/\/www.ecosolucionesquimicas.es\/wp-content\/uploads\/2024\/02\/ECO-214-5L-scaled.jpg","width":2350,"height":2560},{"@type":"BreadcrumbList","@id":"https:\/\/www.ecosolucionesquimicas.es\/pt-pt\/producto\/limpeza-abrilhantador-para-pisos-de-marmore-terrazzo-e-granito\/#breadcrumb","itemListElement":[{"@type":"ListItem","position":1,"name":"Portada","item":"https:\/\/www.ecosolucionesquimicas.es\/pt-pt\/home\/"},{"@type":"ListItem","position":2,"name":"Limpador &#8211; Polidor para pavimentos de m\u00e1rmore, tijoleira e granito"}]},{"@type":"WebSite","@id":"https:\/\/www.ecosolucionesquimicas.es\/pt-pt\/#website","url":"https:\/\/www.ecosolucionesquimicas.es\/pt-pt\/","name":"Ecosoluciones Qu\u00edmicas","description":"Compre produtos de limpeza e qu\u00edmicos, de fabrica\u00e7\u00e3o pr\u00f3pria, online.","publisher":{"@id":"https:\/\/www.ecosolucionesquimicas.es\/pt-pt\/#organization"},"alternateName":"EQM","potentialAction":[{"@type":"SearchAction","target":{"@type":"EntryPoint","urlTemplate":"https:\/\/www.ecosolucionesquimicas.es\/pt-pt\/?s={search_term_string}"},"query-input":{"@type":"PropertyValueSpecification","valueRequired":true,"valueName":"search_term_string"}}],"inLanguage":"pt-PT"},{"@type":"Organization","@id":"https:\/\/www.ecosolucionesquimicas.es\/pt-pt\/#organization","name":"Ecosoluciones Qu\u00edmicas","url":"https:\/\/www.ecosolucionesquimicas.es\/pt-pt\/","logo":{"@type":"ImageObject","inLanguage":"pt-PT","@id":"https:\/\/www.ecosolucionesquimicas.es\/pt-pt\/#\/schema\/logo\/image\/","url":"https:\/\/www.ecosolucionesquimicas.es\/wp-content\/uploads\/2024\/08\/LOGO-EQM-NUEVO-.png","contentUrl":"https:\/\/www.ecosolucionesquimicas.es\/wp-content\/uploads\/2024\/08\/LOGO-EQM-NUEVO-.png","width":1060,"height":456,"caption":"Ecosoluciones Qu\u00edmicas"},"image":{"@id":"https:\/\/www.ecosolucionesquimicas.es\/pt-pt\/#\/schema\/logo\/image\/"},"sameAs":["https:\/\/www.facebook.com\/ecosolucionesquimicasmadrid\/","https:\/\/www.instagram.com\/ecosolucionesquimicas\/"],"hasMerchantReturnPolicy":{"@type":"MerchantReturnPolicy","merchantReturnLink":"https:\/\/www.ecosolucionesquimicas.es\/refund_returns\/"}}]},"product_brand":"EQM","og_availability":"instock","product_availability":"instock","product_retailer_item_id":"ECO-214","product_condition":"new"},"_links":{"self":[{"href":"https:\/\/www.ecosolucionesquimicas.es\/pt-pt\/wp-json\/wp\/v2\/product\/10954","targetHints":{"allow":["GET"]}}],"collection":[{"href":"https:\/\/www.ecosolucionesquimicas.es\/pt-pt\/wp-json\/wp\/v2\/product"}],"about":[{"href":"https:\/\/www.ecosolucionesquimicas.es\/pt-pt\/wp-json\/wp\/v2\/types\/product"}],"wp:featuredmedia":[{"embeddable":true,"href":"https:\/\/www.ecosolucionesquimicas.es\/pt-pt\/wp-json\/wp\/v2\/media\/10958"}],"wp:attachment":[{"href":"https:\/\/www.ecosolucionesquimicas.es\/pt-pt\/wp-json\/wp\/v2\/media?parent=10954"}],"wp:term":[{"taxonomy":"product_brand","embeddable":true,"href":"https:\/\/www.ecosolucionesquimicas.es\/pt-pt\/wp-json\/wp\/v2\/product_brand?post=10954"},{"taxonomy":"product_cat","embeddable":true,"href":"https:\/\/www.ecosolucionesquimicas.es\/pt-pt\/wp-json\/wp\/v2\/product_cat?post=10954"},{"taxonomy":"product_tag","embeddable":true,"href":"https:\/\/www.ecosolucionesquimicas.es\/pt-pt\/wp-json\/wp\/v2\/product_tag?post=10954"}],"curies":[{"name":"wp","href":"https:\/\/api.w.org\/{rel}","templated":true}]}}