{"id":10934,"date":"2024-02-22T15:11:41","date_gmt":"2024-02-22T14:11:41","guid":{"rendered":"https:\/\/www.ecosolucionesquimicas.es\/producto\/desentupidor-de-tubagens\/"},"modified":"2026-01-13T00:42:23","modified_gmt":"2026-01-12T23:42:23","slug":"desentupidor-de-tubagens","status":"publish","type":"product","link":"https:\/\/www.ecosolucionesquimicas.es\/pt-pt\/producto\/desentupidor-de-tubagens\/","title":{"rendered":"Desbloqueador de tubos"},"content":{"rendered":"<p><img fetchpriority=\"high\" decoding=\"async\" class=\"alignnone wp-image-3822\" src=\"https:\/\/www.ecosolucionesquimicas.es\/wp-content\/uploads\/2024\/02\/TUBERIAS-300x200.jpg\" alt=\"\" width=\"550\" height=\"367\" srcset=\"https:\/\/www.ecosolucionesquimicas.es\/wp-content\/uploads\/2024\/02\/TUBERIAS-300x200.jpg 300w, https:\/\/www.ecosolucionesquimicas.es\/wp-content\/uploads\/2024\/02\/TUBERIAS-1024x683.jpg 1024w, https:\/\/www.ecosolucionesquimicas.es\/wp-content\/uploads\/2024\/02\/TUBERIAS-768x512.jpg 768w, https:\/\/www.ecosolucionesquimicas.es\/wp-content\/uploads\/2024\/02\/TUBERIAS-1536x1024.jpg 1536w, https:\/\/www.ecosolucionesquimicas.es\/wp-content\/uploads\/2024\/02\/TUBERIAS-2048x1365.jpg 2048w, https:\/\/www.ecosolucionesquimicas.es\/wp-content\/uploads\/2024\/02\/TUBERIAS-600x400.jpg 600w\" sizes=\"(max-width: 550px) 100vw, 550px\" \/><\/p>\n<p><strong>INSTRU\u00c7\u00d5ES DE UTILIZA\u00c7\u00c3O<\/strong><\/p>\n<p><strong>Prepara\u00e7\u00e3o:<\/strong> Assegura uma boa ventila\u00e7\u00e3o e usa luvas de prote\u00e7\u00e3o.<br \/>\n\ud83d\udd18 <strong>Aplica\u00e7\u00e3o:<\/strong> Aplica o produto diretamente no ralo entupido, cobrindo bem a \u00e1rea.<br \/>\n<strong>Tempo de a\u00e7\u00e3o:<\/strong> Deixa atuar durante pelo menos 30 minutos, ou mais tempo se o entupimento for grave.<br \/>\n\ud83d\udd18 <strong>Enxaguamento:<\/strong> Enxagua com \u00e1gua morna para remover os res\u00edduos e os entupimentos dissolvidos.<br \/>\n\ud83d\udd18 <strong>Repeti\u00e7\u00e3o:<\/strong> Se o entupimento persistir, repete o processo.<\/p>\n<p><strong>Recomenda\u00e7\u00f5es:<\/strong><\/p>\n<p><strong>Prote\u00e7\u00e3o pessoal<\/strong>: Usa sempre luvas e trabalha numa \u00e1rea bem ventilada para evitar o contacto com a pele e os vapores do produto.<br \/>\n<strong>Utiliza\u00e7\u00e3o correta<\/strong>: Aplica apenas a quantidade necess\u00e1ria de produto para evitar a utiliza\u00e7\u00e3o excessiva e para garantir que o gel actua eficazmente sobre a obstru\u00e7\u00e3o.<br \/>\n<strong>Manuten\u00e7\u00e3o preventiva<\/strong>: Para evitar futuros entupimentos, considera a utiliza\u00e7\u00e3o regular do produto em doses mais pequenas para manter os tubos limpos e em boas condi\u00e7\u00f5es.<\/p>\n","protected":false},"excerpt":{"rendered":"<p><strong> O ECO-808 FOI CONCEBIDO PARA ELIMINAR EFICAZMENTE OS ENTUPIMENTOS DE CANOS, PIAS, BACIAS E RALOS.<\/strong> A sua a\u00e7\u00e3o garante uma limpeza profunda e profissional, assegurando a remo\u00e7\u00e3o completa dos bloqueios mais comuns.<\/p>\n<p><strong> ACTUA R\u00c1PIDA E EFICAZMENTE SOBRE AS OBSTRU\u00c7\u00d5ES CAUSADAS POR GORDURA, \u00d3LEO, ALIMENTOS, CABELO, SAB\u00c3O E OUTROS DETRITOS.<\/strong> Estes elementos s\u00e3o muitas vezes dif\u00edceis de remover, mas o ECO-808 consegue desintegr\u00e1-los eficazmente, optimizando a limpeza dos tubos.<\/p>\n<p><strong> A SUA F\u00d3RMULA AVAN\u00c7ADA PERMITE-LHE PENETRAR NA \u00c1GUA PARADA E DISSOLVER OS BLOQUEIOS COM GRANDE EFIC\u00c1CIA.<\/strong> Mesmo em casos de entupimentos complicados, o produto garante resultados eficazes, desfazendo rapidamente as acumula\u00e7\u00f5es mais dif\u00edceis.<\/p>\n<p><strong> PARA AL\u00c9M DE ELIMINAR OS ODORES DESAGRAD\u00c1VEIS, O ECO-808 TEM UMA AC\u00c7\u00c3O PREVENTIVA.<\/strong> N\u00e3o s\u00f3 resolve os problemas actuais, como tamb\u00e9m evita a forma\u00e7\u00e3o de futuras obstru\u00e7\u00f5es, mantendo as canaliza\u00e7\u00f5es livres de odores desagrad\u00e1veis e em boas condi\u00e7\u00f5es.<\/p>\n<p><strong> FORMATOS DE 1 E 5 LITROS.<\/strong><\/p>\n<p><strong>\u26ab<\/strong><strong> N.\u00ba de ref.: ECO-808<\/strong><\/p>\n","protected":false},"featured_media":10940,"template":"","meta":[],"product_brand":[225],"product_cat":[251],"product_tag":[343,357,330,356],"class_list":{"0":"post-10934","1":"product","2":"type-product","3":"status-publish","4":"has-post-thumbnail","6":"product_brand-eqm","7":"product_cat-quimicos","8":"product_tag-desentupidor","9":"product_tag-lava-loucas","10":"product_tag-ralos","11":"product_tag-tubagens","13":"first","14":"instock","15":"taxable","16":"shipping-taxable","17":"purchasable","18":"product-type-variable"},"acf":[],"yoast_head":"<!-- This site is optimized with the Yoast SEO Premium plugin v27.1 (Yoast SEO v27.4) - https:\/\/yoast.com\/product\/yoast-seo-premium-wordpress\/ -->\n<title>Desbloqueador de tubos - Ecosoluciones Qu\u00edmicas<\/title>\n<meta name=\"robots\" content=\"index, follow, max-snippet:-1, max-image-preview:large, max-video-preview:-1\" \/>\n<link rel=\"canonical\" href=\"https:\/\/www.ecosolucionesquimicas.es\/pt-pt\/producto\/desentupidor-de-tubagens\/\" \/>\n<meta property=\"og:locale\" content=\"pt_PT\" \/>\n<meta property=\"og:type\" content=\"article\" \/>\n<meta property=\"og:title\" content=\"Desbloqueador de tubos\" \/>\n<meta property=\"og:description\" content=\"O ECO-808 FOI CONCEBIDO PARA ELIMINAR EFICAZMENTE OS ENTUPIMENTOS DE CANOS, PIAS, BACIAS E RALOS. A sua a\u00e7\u00e3o garante uma limpeza profunda e profissional, assegurando a remo\u00e7\u00e3o completa dos bloqueios mais comuns.  ACTUA R\u00c1PIDA E EFICAZMENTE SOBRE AS OBSTRU\u00c7\u00d5ES CAUSADAS POR GORDURA, \u00d3LEO, ALIMENTOS, CABELO, SAB\u00c3O E OUTROS DETRITOS. Estes elementos s\u00e3o muitas vezes dif\u00edceis de remover, mas o ECO-808 consegue desintegr\u00e1-los eficazmente, optimizando a limpeza dos tubos.  A SUA F\u00d3RMULA AVAN\u00c7ADA PERMITE-LHE PENETRAR NA \u00c1GUA PARADA E DISSOLVER OS BLOQUEIOS COM GRANDE EFIC\u00c1CIA. Mesmo em casos de entupimentos complicados, o produto garante resultados eficazes, desfazendo rapidamente as acumula\u00e7\u00f5es mais dif\u00edceis.  PARA AL\u00c9M DE ELIMINAR OS ODORES DESAGRAD\u00c1VEIS, O ECO-808 TEM UMA AC\u00c7\u00c3O PREVENTIVA. N\u00e3o s\u00f3 resolve os problemas actuais, como tamb\u00e9m evita a forma\u00e7\u00e3o de futuras obstru\u00e7\u00f5es, mantendo as canaliza\u00e7\u00f5es livres de odores desagrad\u00e1veis e em boas condi\u00e7\u00f5es.  FORMATOS DE 1 E 5 LITROS. \u26ab N.\u00ba de ref.: ECO-808\" \/>\n<meta property=\"og:url\" content=\"https:\/\/www.ecosolucionesquimicas.es\/pt-pt\/producto\/desentupidor-de-tubagens\/\" \/>\n<meta property=\"og:site_name\" content=\"Ecosoluciones Qu\u00edmicas\" \/>\n<meta property=\"article:publisher\" content=\"https:\/\/www.facebook.com\/ecosolucionesquimicasmadrid\/\" \/>\n<meta property=\"article:modified_time\" content=\"2026-01-12T23:42:23+00:00\" \/>\n<meta property=\"og:image\" content=\"https:\/\/www.ecosolucionesquimicas.es\/wp-content\/uploads\/2025\/11\/ECO-808-1L-scaled.jpg\" \/>\n\t<meta property=\"og:image:width\" content=\"2350\" \/>\n\t<meta property=\"og:image:height\" content=\"2560\" \/>\n\t<meta property=\"og:image:type\" content=\"image\/jpeg\" \/>\n<meta name=\"twitter:card\" content=\"summary_large_image\" \/>\n<meta name=\"twitter:label1\" content=\"Disponibilidade\" \/>\n\t<meta name=\"twitter:data1\" content=\"Em stock\" \/>\n<script type=\"application\/ld+json\" class=\"yoast-schema-graph\">{\"@context\":\"https:\\\/\\\/schema.org\",\"@graph\":[{\"@type\":\"WebPage\",\"@id\":\"https:\\\/\\\/www.ecosolucionesquimicas.es\\\/pt-pt\\\/producto\\\/desentupidor-de-tubagens\\\/\",\"url\":\"https:\\\/\\\/www.ecosolucionesquimicas.es\\\/pt-pt\\\/producto\\\/desentupidor-de-tubagens\\\/\",\"name\":\"Desbloqueador de tubos - Ecosoluciones Qu\u00edmicas\",\"isPartOf\":{\"@id\":\"https:\\\/\\\/www.ecosolucionesquimicas.es\\\/pt-pt\\\/#website\"},\"primaryImageOfPage\":{\"@id\":\"https:\\\/\\\/www.ecosolucionesquimicas.es\\\/pt-pt\\\/producto\\\/desentupidor-de-tubagens\\\/#primaryimage\"},\"image\":{\"@id\":\"https:\\\/\\\/www.ecosolucionesquimicas.es\\\/pt-pt\\\/producto\\\/desentupidor-de-tubagens\\\/#primaryimage\"},\"thumbnailUrl\":\"https:\\\/\\\/www.ecosolucionesquimicas.es\\\/wp-content\\\/uploads\\\/2025\\\/11\\\/ECO-808-1L-scaled.jpg\",\"datePublished\":\"2024-02-22T14:11:41+00:00\",\"dateModified\":\"2026-01-12T23:42:23+00:00\",\"breadcrumb\":{\"@id\":\"https:\\\/\\\/www.ecosolucionesquimicas.es\\\/pt-pt\\\/producto\\\/desentupidor-de-tubagens\\\/#breadcrumb\"},\"inLanguage\":\"pt-PT\",\"potentialAction\":[{\"@type\":\"ReadAction\",\"target\":[\"https:\\\/\\\/www.ecosolucionesquimicas.es\\\/pt-pt\\\/producto\\\/desentupidor-de-tubagens\\\/\"]}]},{\"@type\":\"ImageObject\",\"inLanguage\":\"pt-PT\",\"@id\":\"https:\\\/\\\/www.ecosolucionesquimicas.es\\\/pt-pt\\\/producto\\\/desentupidor-de-tubagens\\\/#primaryimage\",\"url\":\"https:\\\/\\\/www.ecosolucionesquimicas.es\\\/wp-content\\\/uploads\\\/2025\\\/11\\\/ECO-808-1L-scaled.jpg\",\"contentUrl\":\"https:\\\/\\\/www.ecosolucionesquimicas.es\\\/wp-content\\\/uploads\\\/2025\\\/11\\\/ECO-808-1L-scaled.jpg\",\"width\":2350,\"height\":2560},{\"@type\":\"BreadcrumbList\",\"@id\":\"https:\\\/\\\/www.ecosolucionesquimicas.es\\\/pt-pt\\\/producto\\\/desentupidor-de-tubagens\\\/#breadcrumb\",\"itemListElement\":[{\"@type\":\"ListItem\",\"position\":1,\"name\":\"Portada\",\"item\":\"https:\\\/\\\/www.ecosolucionesquimicas.es\\\/pt-pt\\\/home\\\/\"},{\"@type\":\"ListItem\",\"position\":2,\"name\":\"Desbloqueador de tubos\"}]},{\"@type\":\"WebSite\",\"@id\":\"https:\\\/\\\/www.ecosolucionesquimicas.es\\\/pt-pt\\\/#website\",\"url\":\"https:\\\/\\\/www.ecosolucionesquimicas.es\\\/pt-pt\\\/\",\"name\":\"Ecosoluciones Qu\u00edmicas\",\"description\":\"Compre produtos de limpeza e qu\u00edmicos, de fabrica\u00e7\u00e3o pr\u00f3pria, online.\",\"publisher\":{\"@id\":\"https:\\\/\\\/www.ecosolucionesquimicas.es\\\/pt-pt\\\/#organization\"},\"alternateName\":\"EQM\",\"potentialAction\":[{\"@type\":\"SearchAction\",\"target\":{\"@type\":\"EntryPoint\",\"urlTemplate\":\"https:\\\/\\\/www.ecosolucionesquimicas.es\\\/pt-pt\\\/?s={search_term_string}\"},\"query-input\":{\"@type\":\"PropertyValueSpecification\",\"valueRequired\":true,\"valueName\":\"search_term_string\"}}],\"inLanguage\":\"pt-PT\"},{\"@type\":\"Organization\",\"@id\":\"https:\\\/\\\/www.ecosolucionesquimicas.es\\\/pt-pt\\\/#organization\",\"name\":\"Ecosoluciones Qu\u00edmicas\",\"url\":\"https:\\\/\\\/www.ecosolucionesquimicas.es\\\/pt-pt\\\/\",\"logo\":{\"@type\":\"ImageObject\",\"inLanguage\":\"pt-PT\",\"@id\":\"https:\\\/\\\/www.ecosolucionesquimicas.es\\\/pt-pt\\\/#\\\/schema\\\/logo\\\/image\\\/\",\"url\":\"https:\\\/\\\/www.ecosolucionesquimicas.es\\\/wp-content\\\/uploads\\\/2024\\\/08\\\/LOGO-EQM-NUEVO-.png\",\"contentUrl\":\"https:\\\/\\\/www.ecosolucionesquimicas.es\\\/wp-content\\\/uploads\\\/2024\\\/08\\\/LOGO-EQM-NUEVO-.png\",\"width\":1060,\"height\":456,\"caption\":\"Ecosoluciones Qu\u00edmicas\"},\"image\":{\"@id\":\"https:\\\/\\\/www.ecosolucionesquimicas.es\\\/pt-pt\\\/#\\\/schema\\\/logo\\\/image\\\/\"},\"sameAs\":[\"https:\\\/\\\/www.facebook.com\\\/ecosolucionesquimicasmadrid\\\/\",\"https:\\\/\\\/www.instagram.com\\\/ecosolucionesquimicas\\\/\"],\"hasMerchantReturnPolicy\":{\"@type\":\"MerchantReturnPolicy\",\"merchantReturnLink\":\"https:\\\/\\\/www.ecosolucionesquimicas.es\\\/refund_returns\\\/\"}}]}<\/script>\n<meta property=\"product:brand\" content=\"EQM\" \/>\n<meta property=\"og:availability\" content=\"instock\" \/>\n<meta property=\"product:availability\" content=\"instock\" \/>\n<meta property=\"product:retailer_item_id\" content=\"ECO-808\" \/>\n<meta property=\"product:condition\" content=\"new\" \/>\n<!-- \/ Yoast SEO Premium plugin. -->","yoast_head_json":{"title":"Desbloqueador de tubos - Ecosoluciones Qu\u00edmicas","robots":{"index":"index","follow":"follow","max-snippet":"max-snippet:-1","max-image-preview":"max-image-preview:large","max-video-preview":"max-video-preview:-1"},"canonical":"https:\/\/www.ecosolucionesquimicas.es\/pt-pt\/producto\/desentupidor-de-tubagens\/","og_locale":"pt_PT","og_type":"article","og_title":"Desbloqueador de tubos","og_description":"O ECO-808 FOI CONCEBIDO PARA ELIMINAR EFICAZMENTE OS ENTUPIMENTOS DE CANOS, PIAS, BACIAS E RALOS. A sua a\u00e7\u00e3o garante uma limpeza profunda e profissional, assegurando a remo\u00e7\u00e3o completa dos bloqueios mais comuns.  ACTUA R\u00c1PIDA E EFICAZMENTE SOBRE AS OBSTRU\u00c7\u00d5ES CAUSADAS POR GORDURA, \u00d3LEO, ALIMENTOS, CABELO, SAB\u00c3O E OUTROS DETRITOS. Estes elementos s\u00e3o muitas vezes dif\u00edceis de remover, mas o ECO-808 consegue desintegr\u00e1-los eficazmente, optimizando a limpeza dos tubos.  A SUA F\u00d3RMULA AVAN\u00c7ADA PERMITE-LHE PENETRAR NA \u00c1GUA PARADA E DISSOLVER OS BLOQUEIOS COM GRANDE EFIC\u00c1CIA. Mesmo em casos de entupimentos complicados, o produto garante resultados eficazes, desfazendo rapidamente as acumula\u00e7\u00f5es mais dif\u00edceis.  PARA AL\u00c9M DE ELIMINAR OS ODORES DESAGRAD\u00c1VEIS, O ECO-808 TEM UMA AC\u00c7\u00c3O PREVENTIVA. N\u00e3o s\u00f3 resolve os problemas actuais, como tamb\u00e9m evita a forma\u00e7\u00e3o de futuras obstru\u00e7\u00f5es, mantendo as canaliza\u00e7\u00f5es livres de odores desagrad\u00e1veis e em boas condi\u00e7\u00f5es.  FORMATOS DE 1 E 5 LITROS. \u26ab N.\u00ba de ref.: ECO-808","og_url":"https:\/\/www.ecosolucionesquimicas.es\/pt-pt\/producto\/desentupidor-de-tubagens\/","og_site_name":"Ecosoluciones Qu\u00edmicas","article_publisher":"https:\/\/www.facebook.com\/ecosolucionesquimicasmadrid\/","article_modified_time":"2026-01-12T23:42:23+00:00","og_image":[{"width":2350,"height":2560,"url":"https:\/\/www.ecosolucionesquimicas.es\/wp-content\/uploads\/2025\/11\/ECO-808-1L-scaled.jpg","type":"image\/jpeg"}],"twitter_card":"summary_large_image","twitter_misc":{"Disponibilidade":"Em stock"},"schema":{"@context":"https:\/\/schema.org","@graph":[{"@type":"WebPage","@id":"https:\/\/www.ecosolucionesquimicas.es\/pt-pt\/producto\/desentupidor-de-tubagens\/","url":"https:\/\/www.ecosolucionesquimicas.es\/pt-pt\/producto\/desentupidor-de-tubagens\/","name":"Desbloqueador de tubos - Ecosoluciones Qu\u00edmicas","isPartOf":{"@id":"https:\/\/www.ecosolucionesquimicas.es\/pt-pt\/#website"},"primaryImageOfPage":{"@id":"https:\/\/www.ecosolucionesquimicas.es\/pt-pt\/producto\/desentupidor-de-tubagens\/#primaryimage"},"image":{"@id":"https:\/\/www.ecosolucionesquimicas.es\/pt-pt\/producto\/desentupidor-de-tubagens\/#primaryimage"},"thumbnailUrl":"https:\/\/www.ecosolucionesquimicas.es\/wp-content\/uploads\/2025\/11\/ECO-808-1L-scaled.jpg","datePublished":"2024-02-22T14:11:41+00:00","dateModified":"2026-01-12T23:42:23+00:00","breadcrumb":{"@id":"https:\/\/www.ecosolucionesquimicas.es\/pt-pt\/producto\/desentupidor-de-tubagens\/#breadcrumb"},"inLanguage":"pt-PT","potentialAction":[{"@type":"ReadAction","target":["https:\/\/www.ecosolucionesquimicas.es\/pt-pt\/producto\/desentupidor-de-tubagens\/"]}]},{"@type":"ImageObject","inLanguage":"pt-PT","@id":"https:\/\/www.ecosolucionesquimicas.es\/pt-pt\/producto\/desentupidor-de-tubagens\/#primaryimage","url":"https:\/\/www.ecosolucionesquimicas.es\/wp-content\/uploads\/2025\/11\/ECO-808-1L-scaled.jpg","contentUrl":"https:\/\/www.ecosolucionesquimicas.es\/wp-content\/uploads\/2025\/11\/ECO-808-1L-scaled.jpg","width":2350,"height":2560},{"@type":"BreadcrumbList","@id":"https:\/\/www.ecosolucionesquimicas.es\/pt-pt\/producto\/desentupidor-de-tubagens\/#breadcrumb","itemListElement":[{"@type":"ListItem","position":1,"name":"Portada","item":"https:\/\/www.ecosolucionesquimicas.es\/pt-pt\/home\/"},{"@type":"ListItem","position":2,"name":"Desbloqueador de tubos"}]},{"@type":"WebSite","@id":"https:\/\/www.ecosolucionesquimicas.es\/pt-pt\/#website","url":"https:\/\/www.ecosolucionesquimicas.es\/pt-pt\/","name":"Ecosoluciones Qu\u00edmicas","description":"Compre produtos de limpeza e qu\u00edmicos, de fabrica\u00e7\u00e3o pr\u00f3pria, online.","publisher":{"@id":"https:\/\/www.ecosolucionesquimicas.es\/pt-pt\/#organization"},"alternateName":"EQM","potentialAction":[{"@type":"SearchAction","target":{"@type":"EntryPoint","urlTemplate":"https:\/\/www.ecosolucionesquimicas.es\/pt-pt\/?s={search_term_string}"},"query-input":{"@type":"PropertyValueSpecification","valueRequired":true,"valueName":"search_term_string"}}],"inLanguage":"pt-PT"},{"@type":"Organization","@id":"https:\/\/www.ecosolucionesquimicas.es\/pt-pt\/#organization","name":"Ecosoluciones Qu\u00edmicas","url":"https:\/\/www.ecosolucionesquimicas.es\/pt-pt\/","logo":{"@type":"ImageObject","inLanguage":"pt-PT","@id":"https:\/\/www.ecosolucionesquimicas.es\/pt-pt\/#\/schema\/logo\/image\/","url":"https:\/\/www.ecosolucionesquimicas.es\/wp-content\/uploads\/2024\/08\/LOGO-EQM-NUEVO-.png","contentUrl":"https:\/\/www.ecosolucionesquimicas.es\/wp-content\/uploads\/2024\/08\/LOGO-EQM-NUEVO-.png","width":1060,"height":456,"caption":"Ecosoluciones Qu\u00edmicas"},"image":{"@id":"https:\/\/www.ecosolucionesquimicas.es\/pt-pt\/#\/schema\/logo\/image\/"},"sameAs":["https:\/\/www.facebook.com\/ecosolucionesquimicasmadrid\/","https:\/\/www.instagram.com\/ecosolucionesquimicas\/"],"hasMerchantReturnPolicy":{"@type":"MerchantReturnPolicy","merchantReturnLink":"https:\/\/www.ecosolucionesquimicas.es\/refund_returns\/"}}]},"product_brand":"EQM","og_availability":"instock","product_availability":"instock","product_retailer_item_id":"ECO-808","product_condition":"new"},"_links":{"self":[{"href":"https:\/\/www.ecosolucionesquimicas.es\/pt-pt\/wp-json\/wp\/v2\/product\/10934","targetHints":{"allow":["GET"]}}],"collection":[{"href":"https:\/\/www.ecosolucionesquimicas.es\/pt-pt\/wp-json\/wp\/v2\/product"}],"about":[{"href":"https:\/\/www.ecosolucionesquimicas.es\/pt-pt\/wp-json\/wp\/v2\/types\/product"}],"wp:featuredmedia":[{"embeddable":true,"href":"https:\/\/www.ecosolucionesquimicas.es\/pt-pt\/wp-json\/wp\/v2\/media\/10940"}],"wp:attachment":[{"href":"https:\/\/www.ecosolucionesquimicas.es\/pt-pt\/wp-json\/wp\/v2\/media?parent=10934"}],"wp:term":[{"taxonomy":"product_brand","embeddable":true,"href":"https:\/\/www.ecosolucionesquimicas.es\/pt-pt\/wp-json\/wp\/v2\/product_brand?post=10934"},{"taxonomy":"product_cat","embeddable":true,"href":"https:\/\/www.ecosolucionesquimicas.es\/pt-pt\/wp-json\/wp\/v2\/product_cat?post=10934"},{"taxonomy":"product_tag","embeddable":true,"href":"https:\/\/www.ecosolucionesquimicas.es\/pt-pt\/wp-json\/wp\/v2\/product_tag?post=10934"}],"curies":[{"name":"wp","href":"https:\/\/api.w.org\/{rel}","templated":true}]}}