{"id":10927,"date":"2024-02-22T15:11:41","date_gmt":"2024-02-22T14:11:41","guid":{"rendered":"https:\/\/www.ecosolucionesquimicas.es\/producto\/limpa-vidros-para-lareira\/"},"modified":"2026-02-23T09:03:59","modified_gmt":"2026-02-23T08:03:59","slug":"limpa-vidros-para-lareira","status":"publish","type":"product","link":"https:\/\/www.ecosolucionesquimicas.es\/pt-pt\/producto\/limpa-vidros-para-lareira\/","title":{"rendered":"Limpa vidros de chamin\u00e9s"},"content":{"rendered":"<p><img fetchpriority=\"high\" decoding=\"async\" class=\"alignnone wp-image-3381\" src=\"https:\/\/www.ecosolucionesquimicas.es\/wp-content\/uploads\/2024\/02\/DALL%C2%B7E-2024-08-24-00.39.52-A-person-cleaning-the-glass-of-a-fireplace-using-only-a-cloth-with-no-cleaning-products-visible.-The-scene-focuses-on-the-person-wiping-the-glass-cle-300x171.webp\" alt=\"\" width=\"550\" height=\"314\"><\/p>\n<div class=\"group\/conversation-turn relative flex w-full min-w-0 flex-col agent-turn\">\n<div class=\"flex-col gap-1 md:gap-3\">\n<div class=\"flex max-w-full flex-col flex-grow\">\n<div class=\"min-h-[20px] text-message flex w-full flex-col items-end gap-2 break-words [.text-message+&amp;]:mt-5 overflow-x-auto whitespace-normal\" dir=\"auto\" data-message-author-role=\"assistant\" data-message-id=\"c2a6719c-c6b4-4561-9b86-b0e45a4fd5a9\">\n<div class=\"flex w-full flex-col gap-1 empty:hidden first:pt-[3px]\">\n<div class=\"markdown prose w-full break-words dark:prose-invert light\">\n<p><strong>INSTRU\u00c7\u00d5ES DE UTILIZA\u00c7\u00c3O<\/strong><\/p>\n<p><strong>Aplica\u00e7\u00e3o:<\/strong> Pulveriza o produto diretamente sobre o vidro ou superf\u00edcie a limpar.<br \/>\n\ud83d\udd18 <strong>Esfregar:<\/strong> Utiliza um pano ou esponja limpa e esfrega at\u00e9 os res\u00edduos serem completamente removidos.<br \/>\n\ud83d\udd18 <strong>Secar:<\/strong> Deixa secar ou passa um pano seco para obteres um acabamento brilhante e sem riscos.<\/p>\n<p><strong>Recomenda\u00e7\u00f5es:<\/strong><\/p>\n<p><strong>Dilui\u00e7\u00e3o:<\/strong> Para superf\u00edcies pintadas e de alum\u00ednio, dilui 1 litro de produto em 15 litros de \u00e1gua para evitar danos. Recomenda-se a utiliza\u00e7\u00e3o de \u00e1gua morna para melhorar a efic\u00e1cia.<br \/>\n\u2757 <strong>Limpeza:<\/strong> Para res\u00edduos persistentes, apoia a a\u00e7\u00e3o do produto de limpeza com um pano, uma esponja, um esfreg\u00e3o ou uma escova.<br \/>\n\u2757 <strong>Enxaguamento: Enxagua<\/strong> bem para evitar a corros\u00e3o, uma vez que os res\u00edduos do produto podem danificar as superf\u00edcies ao longo do tempo. <\/p>\n<\/div>\n<\/div>\n<\/div>\n<\/div>\n<\/div>\n<\/div>\n","protected":false},"excerpt":{"rendered":"<p><strong>REMOVE A SUJIDADE PERSISTENTE.<\/strong> O ECO-213 foi concebido para remover rapidamente manchas de fuligem, gordura, fumo e alcatr\u00e3o de vidros de chamin\u00e9s, fog\u00f5es, inser\u00e7\u00f5es e fornos, assegurando uma limpeza completa das superf\u00edcies expostas ao fogo.<\/p>\n<p><strong>DISSOLVE RAPIDAMENTE E SEM ESFOR\u00c7O.<\/strong> Penetra nas manchas mais dif\u00edceis e dissolve-as sem esfregar excessivamente, deixando o vidro como novo com menos esfor\u00e7o.<\/p>\n<p><strong>Elimina<\/strong> eficazmente os res\u00edduos que se colam ao vidro quando se queima lenha ou pellets, devolvendo o brilho e a transpar\u00eancia total \u00e0s superf\u00edcies.<\/p>\n<p><strong>VERSATILIDADE NUMA GRANDE VARIEDADE DE SUPERF\u00cdCIES.<\/strong> Para al\u00e9m de limpar vidro, \u00e9 ideal para remover fuligem de tijolos e outras superf\u00edcies expostas ao fogo, restaurando o seu aspeto original e limpo.<\/p>\n<p><strong>\u2705<\/strong><strong> FORMATOS DE 500 ML E 5 LITROS.<\/strong><\/p>\n<p><strong>Refer\u00eancia: ECO-213<\/strong><\/p>\n","protected":false},"featured_media":10931,"template":"","meta":[],"product_brand":[225],"product_cat":[255,279],"product_tag":[353,348,354,355,283],"class_list":{"0":"post-10927","1":"product","2":"type-product","3":"status-publish","4":"has-post-thumbnail","6":"product_brand-eqm","7":"product_cat-limpeza-profissional","8":"product_cat-ofertas","9":"product_tag-fogo","10":"product_tag-forno","11":"product_tag-lareira","12":"product_tag-lenha","13":"product_tag-limpador","15":"first","16":"instock","17":"taxable","18":"shipping-taxable","19":"purchasable","20":"product-type-variable"},"acf":[],"yoast_head":"<!-- This site is optimized with the Yoast SEO Premium plugin v27.1 (Yoast SEO v27.4) - https:\/\/yoast.com\/product\/yoast-seo-premium-wordpress\/ -->\n<title>Limpa vidros de chamin\u00e9s - Ecosoluciones Qu\u00edmicas<\/title>\n<meta name=\"robots\" content=\"index, follow, max-snippet:-1, max-image-preview:large, max-video-preview:-1\" \/>\n<link rel=\"canonical\" href=\"https:\/\/www.ecosolucionesquimicas.es\/pt-pt\/producto\/limpa-vidros-para-lareira\/\" \/>\n<meta property=\"og:locale\" content=\"pt_PT\" \/>\n<meta property=\"og:type\" content=\"article\" \/>\n<meta property=\"og:title\" content=\"Limpa vidros de chamin\u00e9s\" \/>\n<meta property=\"og:description\" content=\"REMOVE A SUJIDADE PERSISTENTE. O ECO-213 foi concebido para remover rapidamente manchas de fuligem, gordura, fumo e alcatr\u00e3o de vidros de chamin\u00e9s, fog\u00f5es, inser\u00e7\u00f5es e fornos, assegurando uma limpeza completa das superf\u00edcies expostas ao fogo. DISSOLVE RAPIDAMENTE E SEM ESFOR\u00c7O. Penetra nas manchas mais dif\u00edceis e dissolve-as sem esfregar excessivamente, deixando o vidro como novo com menos esfor\u00e7o. Elimina eficazmente os res\u00edduos que se colam ao vidro quando se queima lenha ou pellets, devolvendo o brilho e a transpar\u00eancia total \u00e0s superf\u00edcies. VERSATILIDADE NUMA GRANDE VARIEDADE DE SUPERF\u00cdCIES. Para al\u00e9m de limpar vidro, \u00e9 ideal para remover fuligem de tijolos e outras superf\u00edcies expostas ao fogo, restaurando o seu aspeto original e limpo. \u2705 FORMATOS DE 500 ML E 5 LITROS. Refer\u00eancia: ECO-213\" \/>\n<meta property=\"og:url\" content=\"https:\/\/www.ecosolucionesquimicas.es\/pt-pt\/producto\/limpa-vidros-para-lareira\/\" \/>\n<meta property=\"og:site_name\" content=\"Ecosoluciones Qu\u00edmicas\" \/>\n<meta property=\"article:publisher\" content=\"https:\/\/www.facebook.com\/ecosolucionesquimicasmadrid\/\" \/>\n<meta property=\"article:modified_time\" content=\"2026-02-23T08:03:59+00:00\" \/>\n<meta property=\"og:image\" content=\"https:\/\/www.ecosolucionesquimicas.es\/wp-content\/uploads\/2024\/02\/ECO-213-5L-scaled.jpg\" \/>\n\t<meta property=\"og:image:width\" content=\"2350\" \/>\n\t<meta property=\"og:image:height\" content=\"2560\" \/>\n\t<meta property=\"og:image:type\" content=\"image\/jpeg\" \/>\n<meta name=\"twitter:card\" content=\"summary_large_image\" \/>\n<meta name=\"twitter:label1\" content=\"Disponibilidade\" \/>\n\t<meta name=\"twitter:data1\" content=\"Em stock\" \/>\n<script type=\"application\/ld+json\" class=\"yoast-schema-graph\">{\"@context\":\"https:\\\/\\\/schema.org\",\"@graph\":[{\"@type\":\"WebPage\",\"@id\":\"https:\\\/\\\/www.ecosolucionesquimicas.es\\\/pt-pt\\\/producto\\\/limpa-vidros-para-lareira\\\/\",\"url\":\"https:\\\/\\\/www.ecosolucionesquimicas.es\\\/pt-pt\\\/producto\\\/limpa-vidros-para-lareira\\\/\",\"name\":\"Limpa vidros de chamin\u00e9s - Ecosoluciones Qu\u00edmicas\",\"isPartOf\":{\"@id\":\"https:\\\/\\\/www.ecosolucionesquimicas.es\\\/pt-pt\\\/#website\"},\"primaryImageOfPage\":{\"@id\":\"https:\\\/\\\/www.ecosolucionesquimicas.es\\\/pt-pt\\\/producto\\\/limpa-vidros-para-lareira\\\/#primaryimage\"},\"image\":{\"@id\":\"https:\\\/\\\/www.ecosolucionesquimicas.es\\\/pt-pt\\\/producto\\\/limpa-vidros-para-lareira\\\/#primaryimage\"},\"thumbnailUrl\":\"https:\\\/\\\/www.ecosolucionesquimicas.es\\\/wp-content\\\/uploads\\\/2024\\\/02\\\/ECO-213-5L-scaled.jpg\",\"datePublished\":\"2024-02-22T14:11:41+00:00\",\"dateModified\":\"2026-02-23T08:03:59+00:00\",\"breadcrumb\":{\"@id\":\"https:\\\/\\\/www.ecosolucionesquimicas.es\\\/pt-pt\\\/producto\\\/limpa-vidros-para-lareira\\\/#breadcrumb\"},\"inLanguage\":\"pt-PT\",\"potentialAction\":[{\"@type\":\"ReadAction\",\"target\":[\"https:\\\/\\\/www.ecosolucionesquimicas.es\\\/pt-pt\\\/producto\\\/limpa-vidros-para-lareira\\\/\"]}]},{\"@type\":\"ImageObject\",\"inLanguage\":\"pt-PT\",\"@id\":\"https:\\\/\\\/www.ecosolucionesquimicas.es\\\/pt-pt\\\/producto\\\/limpa-vidros-para-lareira\\\/#primaryimage\",\"url\":\"https:\\\/\\\/www.ecosolucionesquimicas.es\\\/wp-content\\\/uploads\\\/2024\\\/02\\\/ECO-213-5L-scaled.jpg\",\"contentUrl\":\"https:\\\/\\\/www.ecosolucionesquimicas.es\\\/wp-content\\\/uploads\\\/2024\\\/02\\\/ECO-213-5L-scaled.jpg\",\"width\":2350,\"height\":2560},{\"@type\":\"BreadcrumbList\",\"@id\":\"https:\\\/\\\/www.ecosolucionesquimicas.es\\\/pt-pt\\\/producto\\\/limpa-vidros-para-lareira\\\/#breadcrumb\",\"itemListElement\":[{\"@type\":\"ListItem\",\"position\":1,\"name\":\"Portada\",\"item\":\"https:\\\/\\\/www.ecosolucionesquimicas.es\\\/pt-pt\\\/home\\\/\"},{\"@type\":\"ListItem\",\"position\":2,\"name\":\"Limpa vidros de chamin\u00e9s\"}]},{\"@type\":\"WebSite\",\"@id\":\"https:\\\/\\\/www.ecosolucionesquimicas.es\\\/pt-pt\\\/#website\",\"url\":\"https:\\\/\\\/www.ecosolucionesquimicas.es\\\/pt-pt\\\/\",\"name\":\"Ecosoluciones Qu\u00edmicas\",\"description\":\"Compre produtos de limpeza e qu\u00edmicos, de fabrica\u00e7\u00e3o pr\u00f3pria, online.\",\"publisher\":{\"@id\":\"https:\\\/\\\/www.ecosolucionesquimicas.es\\\/pt-pt\\\/#organization\"},\"alternateName\":\"EQM\",\"potentialAction\":[{\"@type\":\"SearchAction\",\"target\":{\"@type\":\"EntryPoint\",\"urlTemplate\":\"https:\\\/\\\/www.ecosolucionesquimicas.es\\\/pt-pt\\\/?s={search_term_string}\"},\"query-input\":{\"@type\":\"PropertyValueSpecification\",\"valueRequired\":true,\"valueName\":\"search_term_string\"}}],\"inLanguage\":\"pt-PT\"},{\"@type\":\"Organization\",\"@id\":\"https:\\\/\\\/www.ecosolucionesquimicas.es\\\/pt-pt\\\/#organization\",\"name\":\"Ecosoluciones Qu\u00edmicas\",\"url\":\"https:\\\/\\\/www.ecosolucionesquimicas.es\\\/pt-pt\\\/\",\"logo\":{\"@type\":\"ImageObject\",\"inLanguage\":\"pt-PT\",\"@id\":\"https:\\\/\\\/www.ecosolucionesquimicas.es\\\/pt-pt\\\/#\\\/schema\\\/logo\\\/image\\\/\",\"url\":\"https:\\\/\\\/www.ecosolucionesquimicas.es\\\/wp-content\\\/uploads\\\/2024\\\/08\\\/LOGO-EQM-NUEVO-.png\",\"contentUrl\":\"https:\\\/\\\/www.ecosolucionesquimicas.es\\\/wp-content\\\/uploads\\\/2024\\\/08\\\/LOGO-EQM-NUEVO-.png\",\"width\":1060,\"height\":456,\"caption\":\"Ecosoluciones Qu\u00edmicas\"},\"image\":{\"@id\":\"https:\\\/\\\/www.ecosolucionesquimicas.es\\\/pt-pt\\\/#\\\/schema\\\/logo\\\/image\\\/\"},\"sameAs\":[\"https:\\\/\\\/www.facebook.com\\\/ecosolucionesquimicasmadrid\\\/\",\"https:\\\/\\\/www.instagram.com\\\/ecosolucionesquimicas\\\/\"],\"hasMerchantReturnPolicy\":{\"@type\":\"MerchantReturnPolicy\",\"merchantReturnLink\":\"https:\\\/\\\/www.ecosolucionesquimicas.es\\\/refund_returns\\\/\"}}]}<\/script>\n<meta property=\"product:brand\" content=\"EQM\" \/>\n<meta property=\"og:availability\" content=\"instock\" \/>\n<meta property=\"product:availability\" content=\"instock\" \/>\n<meta property=\"product:retailer_item_id\" content=\"ECO-213\" \/>\n<meta property=\"product:condition\" content=\"new\" \/>\n<!-- \/ Yoast SEO Premium plugin. -->","yoast_head_json":{"title":"Limpa vidros de chamin\u00e9s - Ecosoluciones Qu\u00edmicas","robots":{"index":"index","follow":"follow","max-snippet":"max-snippet:-1","max-image-preview":"max-image-preview:large","max-video-preview":"max-video-preview:-1"},"canonical":"https:\/\/www.ecosolucionesquimicas.es\/pt-pt\/producto\/limpa-vidros-para-lareira\/","og_locale":"pt_PT","og_type":"article","og_title":"Limpa vidros de chamin\u00e9s","og_description":"REMOVE A SUJIDADE PERSISTENTE. O ECO-213 foi concebido para remover rapidamente manchas de fuligem, gordura, fumo e alcatr\u00e3o de vidros de chamin\u00e9s, fog\u00f5es, inser\u00e7\u00f5es e fornos, assegurando uma limpeza completa das superf\u00edcies expostas ao fogo. DISSOLVE RAPIDAMENTE E SEM ESFOR\u00c7O. Penetra nas manchas mais dif\u00edceis e dissolve-as sem esfregar excessivamente, deixando o vidro como novo com menos esfor\u00e7o. Elimina eficazmente os res\u00edduos que se colam ao vidro quando se queima lenha ou pellets, devolvendo o brilho e a transpar\u00eancia total \u00e0s superf\u00edcies. VERSATILIDADE NUMA GRANDE VARIEDADE DE SUPERF\u00cdCIES. Para al\u00e9m de limpar vidro, \u00e9 ideal para remover fuligem de tijolos e outras superf\u00edcies expostas ao fogo, restaurando o seu aspeto original e limpo. \u2705 FORMATOS DE 500 ML E 5 LITROS. Refer\u00eancia: ECO-213","og_url":"https:\/\/www.ecosolucionesquimicas.es\/pt-pt\/producto\/limpa-vidros-para-lareira\/","og_site_name":"Ecosoluciones Qu\u00edmicas","article_publisher":"https:\/\/www.facebook.com\/ecosolucionesquimicasmadrid\/","article_modified_time":"2026-02-23T08:03:59+00:00","og_image":[{"width":2350,"height":2560,"url":"https:\/\/www.ecosolucionesquimicas.es\/wp-content\/uploads\/2024\/02\/ECO-213-5L-scaled.jpg","type":"image\/jpeg"}],"twitter_card":"summary_large_image","twitter_misc":{"Disponibilidade":"Em stock"},"schema":{"@context":"https:\/\/schema.org","@graph":[{"@type":"WebPage","@id":"https:\/\/www.ecosolucionesquimicas.es\/pt-pt\/producto\/limpa-vidros-para-lareira\/","url":"https:\/\/www.ecosolucionesquimicas.es\/pt-pt\/producto\/limpa-vidros-para-lareira\/","name":"Limpa vidros de chamin\u00e9s - Ecosoluciones Qu\u00edmicas","isPartOf":{"@id":"https:\/\/www.ecosolucionesquimicas.es\/pt-pt\/#website"},"primaryImageOfPage":{"@id":"https:\/\/www.ecosolucionesquimicas.es\/pt-pt\/producto\/limpa-vidros-para-lareira\/#primaryimage"},"image":{"@id":"https:\/\/www.ecosolucionesquimicas.es\/pt-pt\/producto\/limpa-vidros-para-lareira\/#primaryimage"},"thumbnailUrl":"https:\/\/www.ecosolucionesquimicas.es\/wp-content\/uploads\/2024\/02\/ECO-213-5L-scaled.jpg","datePublished":"2024-02-22T14:11:41+00:00","dateModified":"2026-02-23T08:03:59+00:00","breadcrumb":{"@id":"https:\/\/www.ecosolucionesquimicas.es\/pt-pt\/producto\/limpa-vidros-para-lareira\/#breadcrumb"},"inLanguage":"pt-PT","potentialAction":[{"@type":"ReadAction","target":["https:\/\/www.ecosolucionesquimicas.es\/pt-pt\/producto\/limpa-vidros-para-lareira\/"]}]},{"@type":"ImageObject","inLanguage":"pt-PT","@id":"https:\/\/www.ecosolucionesquimicas.es\/pt-pt\/producto\/limpa-vidros-para-lareira\/#primaryimage","url":"https:\/\/www.ecosolucionesquimicas.es\/wp-content\/uploads\/2024\/02\/ECO-213-5L-scaled.jpg","contentUrl":"https:\/\/www.ecosolucionesquimicas.es\/wp-content\/uploads\/2024\/02\/ECO-213-5L-scaled.jpg","width":2350,"height":2560},{"@type":"BreadcrumbList","@id":"https:\/\/www.ecosolucionesquimicas.es\/pt-pt\/producto\/limpa-vidros-para-lareira\/#breadcrumb","itemListElement":[{"@type":"ListItem","position":1,"name":"Portada","item":"https:\/\/www.ecosolucionesquimicas.es\/pt-pt\/home\/"},{"@type":"ListItem","position":2,"name":"Limpa vidros de chamin\u00e9s"}]},{"@type":"WebSite","@id":"https:\/\/www.ecosolucionesquimicas.es\/pt-pt\/#website","url":"https:\/\/www.ecosolucionesquimicas.es\/pt-pt\/","name":"Ecosoluciones Qu\u00edmicas","description":"Compre produtos de limpeza e qu\u00edmicos, de fabrica\u00e7\u00e3o pr\u00f3pria, online.","publisher":{"@id":"https:\/\/www.ecosolucionesquimicas.es\/pt-pt\/#organization"},"alternateName":"EQM","potentialAction":[{"@type":"SearchAction","target":{"@type":"EntryPoint","urlTemplate":"https:\/\/www.ecosolucionesquimicas.es\/pt-pt\/?s={search_term_string}"},"query-input":{"@type":"PropertyValueSpecification","valueRequired":true,"valueName":"search_term_string"}}],"inLanguage":"pt-PT"},{"@type":"Organization","@id":"https:\/\/www.ecosolucionesquimicas.es\/pt-pt\/#organization","name":"Ecosoluciones Qu\u00edmicas","url":"https:\/\/www.ecosolucionesquimicas.es\/pt-pt\/","logo":{"@type":"ImageObject","inLanguage":"pt-PT","@id":"https:\/\/www.ecosolucionesquimicas.es\/pt-pt\/#\/schema\/logo\/image\/","url":"https:\/\/www.ecosolucionesquimicas.es\/wp-content\/uploads\/2024\/08\/LOGO-EQM-NUEVO-.png","contentUrl":"https:\/\/www.ecosolucionesquimicas.es\/wp-content\/uploads\/2024\/08\/LOGO-EQM-NUEVO-.png","width":1060,"height":456,"caption":"Ecosoluciones Qu\u00edmicas"},"image":{"@id":"https:\/\/www.ecosolucionesquimicas.es\/pt-pt\/#\/schema\/logo\/image\/"},"sameAs":["https:\/\/www.facebook.com\/ecosolucionesquimicasmadrid\/","https:\/\/www.instagram.com\/ecosolucionesquimicas\/"],"hasMerchantReturnPolicy":{"@type":"MerchantReturnPolicy","merchantReturnLink":"https:\/\/www.ecosolucionesquimicas.es\/refund_returns\/"}}]},"product_brand":"EQM","og_availability":"instock","product_availability":"instock","product_retailer_item_id":"ECO-213","product_condition":"new"},"_links":{"self":[{"href":"https:\/\/www.ecosolucionesquimicas.es\/pt-pt\/wp-json\/wp\/v2\/product\/10927","targetHints":{"allow":["GET"]}}],"collection":[{"href":"https:\/\/www.ecosolucionesquimicas.es\/pt-pt\/wp-json\/wp\/v2\/product"}],"about":[{"href":"https:\/\/www.ecosolucionesquimicas.es\/pt-pt\/wp-json\/wp\/v2\/types\/product"}],"wp:featuredmedia":[{"embeddable":true,"href":"https:\/\/www.ecosolucionesquimicas.es\/pt-pt\/wp-json\/wp\/v2\/media\/10931"}],"wp:attachment":[{"href":"https:\/\/www.ecosolucionesquimicas.es\/pt-pt\/wp-json\/wp\/v2\/media?parent=10927"}],"wp:term":[{"taxonomy":"product_brand","embeddable":true,"href":"https:\/\/www.ecosolucionesquimicas.es\/pt-pt\/wp-json\/wp\/v2\/product_brand?post=10927"},{"taxonomy":"product_cat","embeddable":true,"href":"https:\/\/www.ecosolucionesquimicas.es\/pt-pt\/wp-json\/wp\/v2\/product_cat?post=10927"},{"taxonomy":"product_tag","embeddable":true,"href":"https:\/\/www.ecosolucionesquimicas.es\/pt-pt\/wp-json\/wp\/v2\/product_tag?post=10927"}],"curies":[{"name":"wp","href":"https:\/\/api.w.org\/{rel}","templated":true}]}}