{"id":10901,"date":"2024-04-11T16:58:25","date_gmt":"2024-04-11T14:58:25","guid":{"rendered":"https:\/\/www.ecosolucionesquimicas.es\/producto\/champo-para-carros\/"},"modified":"2025-12-07T01:57:05","modified_gmt":"2025-12-07T00:57:05","slug":"champo-para-carros","status":"publish","type":"product","link":"https:\/\/www.ecosolucionesquimicas.es\/pt-pt\/producto\/champo-para-carros\/","title":{"rendered":"Champ\u00f4 para Carros"},"content":{"rendered":"<p><img fetchpriority=\"high\" decoding=\"async\" class=\"alignnone wp-image-3730\" src=\"https:\/\/www.ecosolucionesquimicas.es\/wp-content\/uploads\/2024\/04\/Captura-de-pantalla-2024-09-04-a-las-21.36.22-300x186.png\" alt=\"\" width=\"550\" height=\"341\" srcset=\"https:\/\/www.ecosolucionesquimicas.es\/wp-content\/uploads\/2024\/04\/Captura-de-pantalla-2024-09-04-a-las-21.36.22-300x186.png 300w, https:\/\/www.ecosolucionesquimicas.es\/wp-content\/uploads\/2024\/04\/Captura-de-pantalla-2024-09-04-a-las-21.36.22-1024x636.png 1024w, https:\/\/www.ecosolucionesquimicas.es\/wp-content\/uploads\/2024\/04\/Captura-de-pantalla-2024-09-04-a-las-21.36.22-768x477.png 768w, https:\/\/www.ecosolucionesquimicas.es\/wp-content\/uploads\/2024\/04\/Captura-de-pantalla-2024-09-04-a-las-21.36.22-600x372.png 600w, https:\/\/www.ecosolucionesquimicas.es\/wp-content\/uploads\/2024\/04\/Captura-de-pantalla-2024-09-04-a-las-21.36.22.png 1524w\" sizes=\"(max-width: 550px) 100vw, 550px\" \/><\/p>\n<p><strong>MODO DE EMPREGO<\/strong><\/p>\n<p><strong>\ud83d\udd18 Dilui\u00e7\u00e3o:<\/strong> Dilua ECO-105 a 5-10% num balde de \u00e1gua (aproximadamente 50-100 ml de produto por cada litro de \u00e1gua).<br \/>\n<strong>\ud83d\udd18 Aplica\u00e7\u00e3o:<\/strong> Com uma esponja, aplique a solu\u00e7\u00e3o sobre a carro\u00e7aria do ve\u00edculo, realizando movimentos suaves e uniformes.<br \/>\n<strong>\ud83d\udd18 Sujidade profunda:<\/strong> Em caso de sujidade dif\u00edcil ou incrustada, utilize uma escova suave para esfregar as zonas afetadas e, em seguida, enxague com \u00e1gua abundante.<br \/>\n<strong>\ud83d\udd18 Enxaguamento:<\/strong> Enxague a carro\u00e7aria completamente com \u00e1gua limpa para eliminar todo o vest\u00edgio de produto.<\/p>\n<p><strong>Recomenda\u00e7\u00f5es:<\/strong><\/p>\n<p>\u2757Lave o ve\u00edculo quando a superf\u00edcie estiver fria para evitar danos.<br \/>\n\u2757N\u00e3o deixe que a \u00e1gua com sab\u00e3o seque na carro\u00e7aria durante o processo de lavagem para evitar manchas ou res\u00edduos.<\/p>\n","protected":false},"excerpt":{"rendered":"<p>\u2705 <strong>ECO-105 \u00c9 UM DETERGENTE DESENHADO PARA A LAVAGEM MANUAL DE CARRO\u00c7ARIAS<\/strong>. Tornando-se assim o champ\u00f4 ideal para o cuidado e limpeza profissional de autom\u00f3veis. A sua f\u00f3rmula permite eliminar eficazmente a sujidade, lama e manchas, deixando um acabamento impec\u00e1vel sem res\u00edduos.  <\/p>\n<p>\u2705 <strong>O CHAMP\u00d4 EST\u00c1 FORMULADO PARA CAPTURAR E AMOLECER A SUJIDADE<\/strong>. Facilitando a sua elimina\u00e7\u00e3o sem necessidade de esfregar em excesso. \u00c9 adequado para todo o tipo de ve\u00edculos, desde autom\u00f3veis at\u00e9 cami\u00f5es e reboques, garantindo uma limpeza eficiente em qualquer superf\u00edcie.  <\/p>\n<p>\u2705 <strong>ECO-105 TEM UM PH NEUTRO, O QUE ASSEGURA QUE N\u00c3O DANIFICAR\u00c1 A PINTURA NEM OUTROS COMPONENTES.<\/strong> Como borracha, pl\u00e1stico, cr\u00f3mio ou pe\u00e7as met\u00e1licas. A sua f\u00f3rmula equilibrada permite uma lavagem profunda sem risco de causar danos nos materiais mais delicados. <\/p>\n<p>\u2705 <strong>\u00c9 COMPAT\u00cdVEL COM TODO O TIPO DE \u00c1GUA E CONT\u00c9M SEQUESTRANTES QUE PREVINEM A FORMA\u00c7\u00c3O DE MANCHAS BRANCAS<\/strong>. Assegurando que o ve\u00edculo fica sem marcas ap\u00f3s a lavagem. Isto torna-o perfeito para um resultado limpo e brilhante.  <\/p>\n<p><strong>\u2705 FORMATO DE 1, 5 E 20 LITROS.<\/strong><\/p>\n<p><strong>\u26ab<\/strong><strong> Refer\u00eancia: ECO-105<\/strong><\/p>\n","protected":false},"featured_media":10909,"template":"","meta":[],"product_brand":[225],"product_cat":[269],"product_tag":[270,334,335],"class_list":{"0":"post-10901","1":"product","2":"type-product","3":"status-publish","4":"has-post-thumbnail","6":"product_brand-eqm","7":"product_cat-automovel","8":"product_tag-carro","9":"product_tag-carrocaria","10":"product_tag-lavagem","12":"first","13":"instock","14":"taxable","15":"shipping-taxable","16":"purchasable","17":"product-type-variable"},"acf":[],"yoast_head":"<!-- This site is optimized with the Yoast SEO Premium plugin v27.1 (Yoast SEO v27.4) - https:\/\/yoast.com\/product\/yoast-seo-premium-wordpress\/ -->\n<title>Champ\u00f4 para Carros - Ecosoluciones Qu\u00edmicas<\/title>\n<meta name=\"robots\" content=\"index, follow, max-snippet:-1, max-image-preview:large, max-video-preview:-1\" \/>\n<link rel=\"canonical\" href=\"https:\/\/www.ecosolucionesquimicas.es\/pt-pt\/producto\/champo-para-carros\/\" \/>\n<meta property=\"og:locale\" content=\"pt_PT\" \/>\n<meta property=\"og:type\" content=\"article\" \/>\n<meta property=\"og:title\" content=\"Champ\u00f4 para Carros\" \/>\n<meta property=\"og:description\" content=\"\u2705 ECO-105 \u00c9 UM DETERGENTE DESENHADO PARA A LAVAGEM MANUAL DE CARRO\u00c7ARIAS. Tornando-se assim o champ\u00f4 ideal para o cuidado e limpeza profissional de autom\u00f3veis. A sua f\u00f3rmula permite eliminar eficazmente a sujidade, lama e manchas, deixando um acabamento impec\u00e1vel sem res\u00edduos.  \u2705 O CHAMP\u00d4 EST\u00c1 FORMULADO PARA CAPTURAR E AMOLECER A SUJIDADE. Facilitando a sua elimina\u00e7\u00e3o sem necessidade de esfregar em excesso. \u00c9 adequado para todo o tipo de ve\u00edculos, desde autom\u00f3veis at\u00e9 cami\u00f5es e reboques, garantindo uma limpeza eficiente em qualquer superf\u00edcie.  \u2705 ECO-105 TEM UM PH NEUTRO, O QUE ASSEGURA QUE N\u00c3O DANIFICAR\u00c1 A PINTURA NEM OUTROS COMPONENTES. Como borracha, pl\u00e1stico, cr\u00f3mio ou pe\u00e7as met\u00e1licas. A sua f\u00f3rmula equilibrada permite uma lavagem profunda sem risco de causar danos nos materiais mais delicados.  \u2705 \u00c9 COMPAT\u00cdVEL COM TODO O TIPO DE \u00c1GUA E CONT\u00c9M SEQUESTRANTES QUE PREVINEM A FORMA\u00c7\u00c3O DE MANCHAS BRANCAS. Assegurando que o ve\u00edculo fica sem marcas ap\u00f3s a lavagem. Isto torna-o perfeito para um resultado limpo e brilhante.  \u2705 FORMATO DE 1, 5 E 20 LITROS. \u26ab Refer\u00eancia: ECO-105\" \/>\n<meta property=\"og:url\" content=\"https:\/\/www.ecosolucionesquimicas.es\/pt-pt\/producto\/champo-para-carros\/\" \/>\n<meta property=\"og:site_name\" content=\"Ecosoluciones Qu\u00edmicas\" \/>\n<meta property=\"article:publisher\" content=\"https:\/\/www.facebook.com\/ecosolucionesquimicasmadrid\/\" \/>\n<meta property=\"article:modified_time\" content=\"2025-12-07T00:57:05+00:00\" \/>\n<meta property=\"og:image\" content=\"https:\/\/www.ecosolucionesquimicas.es\/wp-content\/uploads\/2024\/04\/Captura-de-pantalla-2024-09-04-a-las-21.36.22-300x186.png\" \/>\n<meta name=\"twitter:card\" content=\"summary_large_image\" \/>\n<meta name=\"twitter:label1\" content=\"Disponibilidade\" \/>\n\t<meta name=\"twitter:data1\" content=\"Em stock\" \/>\n<script type=\"application\/ld+json\" class=\"yoast-schema-graph\">{\"@context\":\"https:\\\/\\\/schema.org\",\"@graph\":[{\"@type\":\"WebPage\",\"@id\":\"https:\\\/\\\/www.ecosolucionesquimicas.es\\\/pt-pt\\\/producto\\\/champo-para-carros\\\/\",\"url\":\"https:\\\/\\\/www.ecosolucionesquimicas.es\\\/pt-pt\\\/producto\\\/champo-para-carros\\\/\",\"name\":\"Champ\u00f4 para Carros - Ecosoluciones Qu\u00edmicas\",\"isPartOf\":{\"@id\":\"https:\\\/\\\/www.ecosolucionesquimicas.es\\\/pt-pt\\\/#website\"},\"primaryImageOfPage\":{\"@id\":\"https:\\\/\\\/www.ecosolucionesquimicas.es\\\/pt-pt\\\/producto\\\/champo-para-carros\\\/#primaryimage\"},\"image\":{\"@id\":\"https:\\\/\\\/www.ecosolucionesquimicas.es\\\/pt-pt\\\/producto\\\/champo-para-carros\\\/#primaryimage\"},\"thumbnailUrl\":\"https:\\\/\\\/www.ecosolucionesquimicas.es\\\/wp-content\\\/uploads\\\/2024\\\/04\\\/ECO-105-1L-scaled.jpg\",\"datePublished\":\"2024-04-11T14:58:25+00:00\",\"dateModified\":\"2025-12-07T00:57:05+00:00\",\"breadcrumb\":{\"@id\":\"https:\\\/\\\/www.ecosolucionesquimicas.es\\\/pt-pt\\\/producto\\\/champo-para-carros\\\/#breadcrumb\"},\"inLanguage\":\"pt-PT\",\"potentialAction\":[{\"@type\":\"ReadAction\",\"target\":[\"https:\\\/\\\/www.ecosolucionesquimicas.es\\\/pt-pt\\\/producto\\\/champo-para-carros\\\/\"]}]},{\"@type\":\"ImageObject\",\"inLanguage\":\"pt-PT\",\"@id\":\"https:\\\/\\\/www.ecosolucionesquimicas.es\\\/pt-pt\\\/producto\\\/champo-para-carros\\\/#primaryimage\",\"url\":\"https:\\\/\\\/www.ecosolucionesquimicas.es\\\/wp-content\\\/uploads\\\/2024\\\/04\\\/ECO-105-1L-scaled.jpg\",\"contentUrl\":\"https:\\\/\\\/www.ecosolucionesquimicas.es\\\/wp-content\\\/uploads\\\/2024\\\/04\\\/ECO-105-1L-scaled.jpg\",\"width\":2350,\"height\":2560},{\"@type\":\"BreadcrumbList\",\"@id\":\"https:\\\/\\\/www.ecosolucionesquimicas.es\\\/pt-pt\\\/producto\\\/champo-para-carros\\\/#breadcrumb\",\"itemListElement\":[{\"@type\":\"ListItem\",\"position\":1,\"name\":\"Portada\",\"item\":\"https:\\\/\\\/www.ecosolucionesquimicas.es\\\/pt-pt\\\/home\\\/\"},{\"@type\":\"ListItem\",\"position\":2,\"name\":\"Champ\u00f4 para Carros\"}]},{\"@type\":\"WebSite\",\"@id\":\"https:\\\/\\\/www.ecosolucionesquimicas.es\\\/pt-pt\\\/#website\",\"url\":\"https:\\\/\\\/www.ecosolucionesquimicas.es\\\/pt-pt\\\/\",\"name\":\"Ecosoluciones Qu\u00edmicas\",\"description\":\"Compre produtos de limpeza e qu\u00edmicos, de fabrica\u00e7\u00e3o pr\u00f3pria, online.\",\"publisher\":{\"@id\":\"https:\\\/\\\/www.ecosolucionesquimicas.es\\\/pt-pt\\\/#organization\"},\"alternateName\":\"EQM\",\"potentialAction\":[{\"@type\":\"SearchAction\",\"target\":{\"@type\":\"EntryPoint\",\"urlTemplate\":\"https:\\\/\\\/www.ecosolucionesquimicas.es\\\/pt-pt\\\/?s={search_term_string}\"},\"query-input\":{\"@type\":\"PropertyValueSpecification\",\"valueRequired\":true,\"valueName\":\"search_term_string\"}}],\"inLanguage\":\"pt-PT\"},{\"@type\":\"Organization\",\"@id\":\"https:\\\/\\\/www.ecosolucionesquimicas.es\\\/pt-pt\\\/#organization\",\"name\":\"Ecosoluciones Qu\u00edmicas\",\"url\":\"https:\\\/\\\/www.ecosolucionesquimicas.es\\\/pt-pt\\\/\",\"logo\":{\"@type\":\"ImageObject\",\"inLanguage\":\"pt-PT\",\"@id\":\"https:\\\/\\\/www.ecosolucionesquimicas.es\\\/pt-pt\\\/#\\\/schema\\\/logo\\\/image\\\/\",\"url\":\"https:\\\/\\\/www.ecosolucionesquimicas.es\\\/wp-content\\\/uploads\\\/2024\\\/08\\\/LOGO-EQM-NUEVO-.png\",\"contentUrl\":\"https:\\\/\\\/www.ecosolucionesquimicas.es\\\/wp-content\\\/uploads\\\/2024\\\/08\\\/LOGO-EQM-NUEVO-.png\",\"width\":1060,\"height\":456,\"caption\":\"Ecosoluciones Qu\u00edmicas\"},\"image\":{\"@id\":\"https:\\\/\\\/www.ecosolucionesquimicas.es\\\/pt-pt\\\/#\\\/schema\\\/logo\\\/image\\\/\"},\"sameAs\":[\"https:\\\/\\\/www.facebook.com\\\/ecosolucionesquimicasmadrid\\\/\",\"https:\\\/\\\/www.instagram.com\\\/ecosolucionesquimicas\\\/\"],\"hasMerchantReturnPolicy\":{\"@type\":\"MerchantReturnPolicy\",\"merchantReturnLink\":\"https:\\\/\\\/www.ecosolucionesquimicas.es\\\/refund_returns\\\/\"}}]}<\/script>\n<meta property=\"product:brand\" content=\"EQM\" \/>\n<meta property=\"og:availability\" content=\"instock\" \/>\n<meta property=\"product:availability\" content=\"instock\" \/>\n<meta property=\"product:retailer_item_id\" content=\"ECO-105\" \/>\n<meta property=\"product:condition\" content=\"new\" \/>\n<!-- \/ Yoast SEO Premium plugin. -->","yoast_head_json":{"title":"Champ\u00f4 para Carros - Ecosoluciones Qu\u00edmicas","robots":{"index":"index","follow":"follow","max-snippet":"max-snippet:-1","max-image-preview":"max-image-preview:large","max-video-preview":"max-video-preview:-1"},"canonical":"https:\/\/www.ecosolucionesquimicas.es\/pt-pt\/producto\/champo-para-carros\/","og_locale":"pt_PT","og_type":"article","og_title":"Champ\u00f4 para Carros","og_description":"\u2705 ECO-105 \u00c9 UM DETERGENTE DESENHADO PARA A LAVAGEM MANUAL DE CARRO\u00c7ARIAS. Tornando-se assim o champ\u00f4 ideal para o cuidado e limpeza profissional de autom\u00f3veis. A sua f\u00f3rmula permite eliminar eficazmente a sujidade, lama e manchas, deixando um acabamento impec\u00e1vel sem res\u00edduos.  \u2705 O CHAMP\u00d4 EST\u00c1 FORMULADO PARA CAPTURAR E AMOLECER A SUJIDADE. Facilitando a sua elimina\u00e7\u00e3o sem necessidade de esfregar em excesso. \u00c9 adequado para todo o tipo de ve\u00edculos, desde autom\u00f3veis at\u00e9 cami\u00f5es e reboques, garantindo uma limpeza eficiente em qualquer superf\u00edcie.  \u2705 ECO-105 TEM UM PH NEUTRO, O QUE ASSEGURA QUE N\u00c3O DANIFICAR\u00c1 A PINTURA NEM OUTROS COMPONENTES. Como borracha, pl\u00e1stico, cr\u00f3mio ou pe\u00e7as met\u00e1licas. A sua f\u00f3rmula equilibrada permite uma lavagem profunda sem risco de causar danos nos materiais mais delicados.  \u2705 \u00c9 COMPAT\u00cdVEL COM TODO O TIPO DE \u00c1GUA E CONT\u00c9M SEQUESTRANTES QUE PREVINEM A FORMA\u00c7\u00c3O DE MANCHAS BRANCAS. Assegurando que o ve\u00edculo fica sem marcas ap\u00f3s a lavagem. Isto torna-o perfeito para um resultado limpo e brilhante.  \u2705 FORMATO DE 1, 5 E 20 LITROS. \u26ab Refer\u00eancia: ECO-105","og_url":"https:\/\/www.ecosolucionesquimicas.es\/pt-pt\/producto\/champo-para-carros\/","og_site_name":"Ecosoluciones Qu\u00edmicas","article_publisher":"https:\/\/www.facebook.com\/ecosolucionesquimicasmadrid\/","article_modified_time":"2025-12-07T00:57:05+00:00","og_image":[{"url":"https:\/\/www.ecosolucionesquimicas.es\/wp-content\/uploads\/2024\/04\/Captura-de-pantalla-2024-09-04-a-las-21.36.22-300x186.png","type":"","width":"","height":""}],"twitter_card":"summary_large_image","twitter_misc":{"Disponibilidade":"Em stock"},"schema":{"@context":"https:\/\/schema.org","@graph":[{"@type":"WebPage","@id":"https:\/\/www.ecosolucionesquimicas.es\/pt-pt\/producto\/champo-para-carros\/","url":"https:\/\/www.ecosolucionesquimicas.es\/pt-pt\/producto\/champo-para-carros\/","name":"Champ\u00f4 para Carros - Ecosoluciones Qu\u00edmicas","isPartOf":{"@id":"https:\/\/www.ecosolucionesquimicas.es\/pt-pt\/#website"},"primaryImageOfPage":{"@id":"https:\/\/www.ecosolucionesquimicas.es\/pt-pt\/producto\/champo-para-carros\/#primaryimage"},"image":{"@id":"https:\/\/www.ecosolucionesquimicas.es\/pt-pt\/producto\/champo-para-carros\/#primaryimage"},"thumbnailUrl":"https:\/\/www.ecosolucionesquimicas.es\/wp-content\/uploads\/2024\/04\/ECO-105-1L-scaled.jpg","datePublished":"2024-04-11T14:58:25+00:00","dateModified":"2025-12-07T00:57:05+00:00","breadcrumb":{"@id":"https:\/\/www.ecosolucionesquimicas.es\/pt-pt\/producto\/champo-para-carros\/#breadcrumb"},"inLanguage":"pt-PT","potentialAction":[{"@type":"ReadAction","target":["https:\/\/www.ecosolucionesquimicas.es\/pt-pt\/producto\/champo-para-carros\/"]}]},{"@type":"ImageObject","inLanguage":"pt-PT","@id":"https:\/\/www.ecosolucionesquimicas.es\/pt-pt\/producto\/champo-para-carros\/#primaryimage","url":"https:\/\/www.ecosolucionesquimicas.es\/wp-content\/uploads\/2024\/04\/ECO-105-1L-scaled.jpg","contentUrl":"https:\/\/www.ecosolucionesquimicas.es\/wp-content\/uploads\/2024\/04\/ECO-105-1L-scaled.jpg","width":2350,"height":2560},{"@type":"BreadcrumbList","@id":"https:\/\/www.ecosolucionesquimicas.es\/pt-pt\/producto\/champo-para-carros\/#breadcrumb","itemListElement":[{"@type":"ListItem","position":1,"name":"Portada","item":"https:\/\/www.ecosolucionesquimicas.es\/pt-pt\/home\/"},{"@type":"ListItem","position":2,"name":"Champ\u00f4 para Carros"}]},{"@type":"WebSite","@id":"https:\/\/www.ecosolucionesquimicas.es\/pt-pt\/#website","url":"https:\/\/www.ecosolucionesquimicas.es\/pt-pt\/","name":"Ecosoluciones Qu\u00edmicas","description":"Compre produtos de limpeza e qu\u00edmicos, de fabrica\u00e7\u00e3o pr\u00f3pria, online.","publisher":{"@id":"https:\/\/www.ecosolucionesquimicas.es\/pt-pt\/#organization"},"alternateName":"EQM","potentialAction":[{"@type":"SearchAction","target":{"@type":"EntryPoint","urlTemplate":"https:\/\/www.ecosolucionesquimicas.es\/pt-pt\/?s={search_term_string}"},"query-input":{"@type":"PropertyValueSpecification","valueRequired":true,"valueName":"search_term_string"}}],"inLanguage":"pt-PT"},{"@type":"Organization","@id":"https:\/\/www.ecosolucionesquimicas.es\/pt-pt\/#organization","name":"Ecosoluciones Qu\u00edmicas","url":"https:\/\/www.ecosolucionesquimicas.es\/pt-pt\/","logo":{"@type":"ImageObject","inLanguage":"pt-PT","@id":"https:\/\/www.ecosolucionesquimicas.es\/pt-pt\/#\/schema\/logo\/image\/","url":"https:\/\/www.ecosolucionesquimicas.es\/wp-content\/uploads\/2024\/08\/LOGO-EQM-NUEVO-.png","contentUrl":"https:\/\/www.ecosolucionesquimicas.es\/wp-content\/uploads\/2024\/08\/LOGO-EQM-NUEVO-.png","width":1060,"height":456,"caption":"Ecosoluciones Qu\u00edmicas"},"image":{"@id":"https:\/\/www.ecosolucionesquimicas.es\/pt-pt\/#\/schema\/logo\/image\/"},"sameAs":["https:\/\/www.facebook.com\/ecosolucionesquimicasmadrid\/","https:\/\/www.instagram.com\/ecosolucionesquimicas\/"],"hasMerchantReturnPolicy":{"@type":"MerchantReturnPolicy","merchantReturnLink":"https:\/\/www.ecosolucionesquimicas.es\/refund_returns\/"}}]},"product_brand":"EQM","og_availability":"instock","product_availability":"instock","product_retailer_item_id":"ECO-105","product_condition":"new"},"_links":{"self":[{"href":"https:\/\/www.ecosolucionesquimicas.es\/pt-pt\/wp-json\/wp\/v2\/product\/10901","targetHints":{"allow":["GET"]}}],"collection":[{"href":"https:\/\/www.ecosolucionesquimicas.es\/pt-pt\/wp-json\/wp\/v2\/product"}],"about":[{"href":"https:\/\/www.ecosolucionesquimicas.es\/pt-pt\/wp-json\/wp\/v2\/types\/product"}],"wp:featuredmedia":[{"embeddable":true,"href":"https:\/\/www.ecosolucionesquimicas.es\/pt-pt\/wp-json\/wp\/v2\/media\/10909"}],"wp:attachment":[{"href":"https:\/\/www.ecosolucionesquimicas.es\/pt-pt\/wp-json\/wp\/v2\/media?parent=10901"}],"wp:term":[{"taxonomy":"product_brand","embeddable":true,"href":"https:\/\/www.ecosolucionesquimicas.es\/pt-pt\/wp-json\/wp\/v2\/product_brand?post=10901"},{"taxonomy":"product_cat","embeddable":true,"href":"https:\/\/www.ecosolucionesquimicas.es\/pt-pt\/wp-json\/wp\/v2\/product_cat?post=10901"},{"taxonomy":"product_tag","embeddable":true,"href":"https:\/\/www.ecosolucionesquimicas.es\/pt-pt\/wp-json\/wp\/v2\/product_tag?post=10901"}],"curies":[{"name":"wp","href":"https:\/\/api.w.org\/{rel}","templated":true}]}}