{"id":10895,"date":"2024-02-22T15:11:41","date_gmt":"2024-02-22T14:11:41","guid":{"rendered":"https:\/\/www.ecosolucionesquimicas.es\/producto\/soda-caustica-liquida\/"},"modified":"2025-11-18T20:59:14","modified_gmt":"2025-11-18T19:59:14","slug":"soda-caustica-liquida","status":"publish","type":"product","link":"https:\/\/www.ecosolucionesquimicas.es\/pt-pt\/producto\/soda-caustica-liquida\/","title":{"rendered":"Soda c\u00e1ustica l\u00edquida"},"content":{"rendered":"<p><img fetchpriority=\"high\" decoding=\"async\" class=\"alignnone wp-image-3951\" src=\"https:\/\/www.ecosolucionesquimicas.es\/wp-content\/uploads\/2024\/02\/2243-300x200.jpg\" alt=\"\" width=\"550\" height=\"367\" srcset=\"https:\/\/www.ecosolucionesquimicas.es\/wp-content\/uploads\/2024\/02\/2243-300x200.jpg 300w, https:\/\/www.ecosolucionesquimicas.es\/wp-content\/uploads\/2024\/02\/2243-768x512.jpg 768w, https:\/\/www.ecosolucionesquimicas.es\/wp-content\/uploads\/2024\/02\/2243-600x400.jpg 600w, https:\/\/www.ecosolucionesquimicas.es\/wp-content\/uploads\/2024\/02\/2243.jpg 1000w\" sizes=\"(max-width: 550px) 100vw, 550px\" \/><\/p>\n<p><strong>APLICA\u00c7\u00d5ES<\/strong><\/p>\n<p><strong>Desentupidor: Dissolve<\/strong> bloqueios de gorduras e res\u00edduos em tubagens.<br \/>\n\u2714 <strong>Desengordurante:<\/strong> Remove gorduras de m\u00e1quinas e superf\u00edcies industriais.<br \/>\n\u2714 <strong>Fabrico de produtos qu\u00edmicos:<\/strong> Saponifica gorduras para produzir detergentes.<br \/>\n<strong>Tratamento de \u00e1gua:<\/strong> Neutraliza \u00e1cidos e ajusta o pH em \u00e1guas residuais.<br \/>\n\u2714 <strong>Desidrata\u00e7\u00e3o:<\/strong> Ajuda em processos de desidrata\u00e7\u00e3o em ind\u00fastrias alimentares e de papel.<br \/>\n\u2714 <strong>Produ\u00e7\u00e3o de biodiesel:<\/strong> Transforma \u00f3leos em biodiesel.<br \/>\n\u2714 <strong>Limpeza e desinfe\u00e7\u00e3o:<\/strong> Limpa e desinfecta superf\u00edcies.<br \/>\n\u2714 <strong>Remo\u00e7\u00e3o de manchas:<\/strong> Remove manchas dif\u00edceis em t\u00eaxteis e superf\u00edcies.<\/p>\n<p><strong>Recomenda\u00e7\u00f5es<\/strong>:<\/p>\n<div class=\"flex max-w-full flex-col flex-grow\">\n<div class=\"min-h-[20px] text-message flex w-full flex-col items-end gap-2 break-words [.text-message+&amp;]:mt-5 overflow-x-auto whitespace-normal\" dir=\"auto\" data-message-author-role=\"assistant\" data-message-id=\"59eab24a-547c-42d6-989f-5068598a3d12\">\n<div class=\"flex w-full flex-col gap-1 empty:hidden first:pt-[3px]\">\n<div class=\"markdown prose w-full break-words dark:prose-invert light\">\n<p><strong>Prote\u00e7\u00e3o pessoal<\/strong>: Usar luvas, \u00f3culos de prote\u00e7\u00e3o e m\u00e1scara ao manusear soda c\u00e1ustica para evitar queimaduras e ferimentos.<br \/>\n<strong>\u2757Ventila\u00e7\u00e3o<\/strong>: Trabalhar numa \u00e1rea bem ventilada ou ao ar livre para evitar a inala\u00e7\u00e3o de vapores.<\/p>\n<\/div>\n<\/div>\n<\/div>\n<\/div>\n<div class=\"mt-1 flex gap-3 empty:hidden -ml-2\">\n<div class=\"items-center justify-start rounded-xl p-1 flex\"><\/div>\n<\/div>\n","protected":false},"excerpt":{"rendered":"<p><strong> O ECO-805 \u00c9 UMA SODA C\u00c1USTICA L\u00cdQUIDA ALTAMENTE EFICAZ NA REMO\u00c7\u00c3O DE GORDURAS, \u00d3LEOS E RES\u00cdDUOS ORG\u00c2NICOS.<\/strong> \u00c9 ideal para a limpeza de superf\u00edcies industriais e comerciais, tais como equipamentos industriais e \u00e1reas de cozinha, para uma limpeza eficiente e completa.<\/p>\n<p><strong> O<\/strong> SEU<strong> USO \u00c9 IDEAL TANTO PARA APLICA\u00c7\u00d5ES INDUSTRIAIS COMO DOM\u00c9STICAS.<\/strong> A sua versatilidade permite-lhe ser utilizado para limpar e desentupir canos, descalcificar dep\u00f3sitos e remover restos de comida, proporcionando resultados eficazes numa variedade de ambientes.<\/p>\n<p><strong> A SUA F\u00d3RMULA CONCENTRADA PERMITE UMA AC\u00c7\u00c3O R\u00c1PIDA E POTENTE.<\/strong> Gra\u00e7as a esta concentra\u00e7\u00e3o, o produto \u00e9 capaz de atuar eficazmente mesmo nas manchas mais dif\u00edceis e na acumula\u00e7\u00e3o de res\u00edduos mais persistentes, reduzindo o tempo necess\u00e1rio para obter resultados vis\u00edveis.<\/p>\n<p><strong> UMA VEZ QUE A SODA C\u00c1USTICA \u00c9 EXTREMAMENTE CORROSIVA, \u00c9 ESSENCIAL A UTILIZA\u00c7\u00c3O DE EQUIPAMENTO DE PROTEC\u00c7\u00c3O INDIVIDUAL.<\/strong> \u00c9 essencial usar luvas, \u00f3culos de prote\u00e7\u00e3o e uma m\u00e1scara ao manusear este produto para evitar queimaduras e outros danos.<\/p>\n<p><strong> FORMATO DE 40 QUILOGRAMAS.<\/strong><\/p>\n<p><strong>\u26ab<\/strong><strong> N.\u00ba de ref.: ECO-805<\/strong><\/p>\n","protected":false},"featured_media":10898,"template":"","meta":[],"product_brand":[225],"product_cat":[251],"product_tag":[345,347,343,346,344],"class_list":{"0":"post-10895","1":"product","2":"type-product","3":"status-publish","4":"has-post-thumbnail","6":"product_brand-eqm","7":"product_cat-quimicos","8":"product_tag-caustica","9":"product_tag-desengordurante-industrial","10":"product_tag-desentupidor","11":"product_tag-saboes","12":"product_tag-soda","14":"first","15":"instock","16":"taxable","17":"shipping-taxable","18":"purchasable","19":"product-type-simple"},"acf":[],"yoast_head":"<!-- This site is optimized with the Yoast SEO Premium plugin v27.1 (Yoast SEO v27.4) - https:\/\/yoast.com\/product\/yoast-seo-premium-wordpress\/ -->\n<title>Soda c\u00e1ustica l\u00edquida - Ecosoluciones Qu\u00edmicas<\/title>\n<meta name=\"robots\" content=\"index, follow, max-snippet:-1, max-image-preview:large, max-video-preview:-1\" \/>\n<link rel=\"canonical\" href=\"https:\/\/www.ecosolucionesquimicas.es\/pt-pt\/producto\/soda-caustica-liquida\/\" \/>\n<meta property=\"og:locale\" content=\"pt_PT\" \/>\n<meta property=\"og:type\" content=\"article\" \/>\n<meta property=\"og:title\" content=\"Soda c\u00e1ustica l\u00edquida\" \/>\n<meta property=\"og:description\" content=\"O ECO-805 \u00c9 UMA SODA C\u00c1USTICA L\u00cdQUIDA ALTAMENTE EFICAZ NA REMO\u00c7\u00c3O DE GORDURAS, \u00d3LEOS E RES\u00cdDUOS ORG\u00c2NICOS. \u00c9 ideal para a limpeza de superf\u00edcies industriais e comerciais, tais como equipamentos industriais e \u00e1reas de cozinha, para uma limpeza eficiente e completa.  O SEU USO \u00c9 IDEAL TANTO PARA APLICA\u00c7\u00d5ES INDUSTRIAIS COMO DOM\u00c9STICAS. A sua versatilidade permite-lhe ser utilizado para limpar e desentupir canos, descalcificar dep\u00f3sitos e remover restos de comida, proporcionando resultados eficazes numa variedade de ambientes.  A SUA F\u00d3RMULA CONCENTRADA PERMITE UMA AC\u00c7\u00c3O R\u00c1PIDA E POTENTE. Gra\u00e7as a esta concentra\u00e7\u00e3o, o produto \u00e9 capaz de atuar eficazmente mesmo nas manchas mais dif\u00edceis e na acumula\u00e7\u00e3o de res\u00edduos mais persistentes, reduzindo o tempo necess\u00e1rio para obter resultados vis\u00edveis.  UMA VEZ QUE A SODA C\u00c1USTICA \u00c9 EXTREMAMENTE CORROSIVA, \u00c9 ESSENCIAL A UTILIZA\u00c7\u00c3O DE EQUIPAMENTO DE PROTEC\u00c7\u00c3O INDIVIDUAL. \u00c9 essencial usar luvas, \u00f3culos de prote\u00e7\u00e3o e uma m\u00e1scara ao manusear este produto para evitar queimaduras e outros danos.  FORMATO DE 40 QUILOGRAMAS. \u26ab N.\u00ba de ref.: ECO-805\" \/>\n<meta property=\"og:url\" content=\"https:\/\/www.ecosolucionesquimicas.es\/pt-pt\/producto\/soda-caustica-liquida\/\" \/>\n<meta property=\"og:site_name\" content=\"Ecosoluciones Qu\u00edmicas\" \/>\n<meta property=\"article:publisher\" content=\"https:\/\/www.facebook.com\/ecosolucionesquimicasmadrid\/\" \/>\n<meta property=\"article:modified_time\" content=\"2025-11-18T19:59:14+00:00\" \/>\n<meta property=\"og:image\" content=\"https:\/\/www.ecosolucionesquimicas.es\/wp-content\/uploads\/2024\/02\/ECO-805-ES.jpg\" \/>\n\t<meta property=\"og:image:width\" content=\"1500\" \/>\n\t<meta property=\"og:image:height\" content=\"1500\" \/>\n\t<meta property=\"og:image:type\" content=\"image\/jpeg\" \/>\n<meta name=\"twitter:card\" content=\"summary_large_image\" \/>\n<meta name=\"twitter:label1\" content=\"pre\u00e7o\" \/>\n\t<meta name=\"twitter:data1\" content=\"153,66&nbsp;&euro; IVA inc.\" \/>\n\t<meta name=\"twitter:label2\" content=\"Disponibilidade\" \/>\n\t<meta name=\"twitter:data2\" content=\"Em stock\" \/>\n<script type=\"application\/ld+json\" class=\"yoast-schema-graph\">{\"@context\":\"https:\\\/\\\/schema.org\",\"@graph\":[{\"@type\":\"WebPage\",\"@id\":\"https:\\\/\\\/www.ecosolucionesquimicas.es\\\/pt-pt\\\/producto\\\/soda-caustica-liquida\\\/\",\"url\":\"https:\\\/\\\/www.ecosolucionesquimicas.es\\\/pt-pt\\\/producto\\\/soda-caustica-liquida\\\/\",\"name\":\"Soda c\u00e1ustica l\u00edquida - Ecosoluciones Qu\u00edmicas\",\"isPartOf\":{\"@id\":\"https:\\\/\\\/www.ecosolucionesquimicas.es\\\/pt-pt\\\/#website\"},\"primaryImageOfPage\":{\"@id\":\"https:\\\/\\\/www.ecosolucionesquimicas.es\\\/pt-pt\\\/producto\\\/soda-caustica-liquida\\\/#primaryimage\"},\"image\":{\"@id\":\"https:\\\/\\\/www.ecosolucionesquimicas.es\\\/pt-pt\\\/producto\\\/soda-caustica-liquida\\\/#primaryimage\"},\"thumbnailUrl\":\"https:\\\/\\\/www.ecosolucionesquimicas.es\\\/wp-content\\\/uploads\\\/2024\\\/02\\\/ECO-805-ES.jpg\",\"datePublished\":\"2024-02-22T14:11:41+00:00\",\"dateModified\":\"2025-11-18T19:59:14+00:00\",\"breadcrumb\":{\"@id\":\"https:\\\/\\\/www.ecosolucionesquimicas.es\\\/pt-pt\\\/producto\\\/soda-caustica-liquida\\\/#breadcrumb\"},\"inLanguage\":\"pt-PT\",\"potentialAction\":[{\"@type\":\"ReadAction\",\"target\":[\"https:\\\/\\\/www.ecosolucionesquimicas.es\\\/pt-pt\\\/producto\\\/soda-caustica-liquida\\\/\"]}]},{\"@type\":\"ImageObject\",\"inLanguage\":\"pt-PT\",\"@id\":\"https:\\\/\\\/www.ecosolucionesquimicas.es\\\/pt-pt\\\/producto\\\/soda-caustica-liquida\\\/#primaryimage\",\"url\":\"https:\\\/\\\/www.ecosolucionesquimicas.es\\\/wp-content\\\/uploads\\\/2024\\\/02\\\/ECO-805-ES.jpg\",\"contentUrl\":\"https:\\\/\\\/www.ecosolucionesquimicas.es\\\/wp-content\\\/uploads\\\/2024\\\/02\\\/ECO-805-ES.jpg\",\"width\":1500,\"height\":1500},{\"@type\":\"BreadcrumbList\",\"@id\":\"https:\\\/\\\/www.ecosolucionesquimicas.es\\\/pt-pt\\\/producto\\\/soda-caustica-liquida\\\/#breadcrumb\",\"itemListElement\":[{\"@type\":\"ListItem\",\"position\":1,\"name\":\"Portada\",\"item\":\"https:\\\/\\\/www.ecosolucionesquimicas.es\\\/pt-pt\\\/home\\\/\"},{\"@type\":\"ListItem\",\"position\":2,\"name\":\"Soda c\u00e1ustica l\u00edquida\"}]},{\"@type\":\"WebSite\",\"@id\":\"https:\\\/\\\/www.ecosolucionesquimicas.es\\\/pt-pt\\\/#website\",\"url\":\"https:\\\/\\\/www.ecosolucionesquimicas.es\\\/pt-pt\\\/\",\"name\":\"Ecosoluciones Qu\u00edmicas\",\"description\":\"Compre produtos de limpeza e qu\u00edmicos, de fabrica\u00e7\u00e3o pr\u00f3pria, online.\",\"publisher\":{\"@id\":\"https:\\\/\\\/www.ecosolucionesquimicas.es\\\/pt-pt\\\/#organization\"},\"alternateName\":\"EQM\",\"potentialAction\":[{\"@type\":\"SearchAction\",\"target\":{\"@type\":\"EntryPoint\",\"urlTemplate\":\"https:\\\/\\\/www.ecosolucionesquimicas.es\\\/pt-pt\\\/?s={search_term_string}\"},\"query-input\":{\"@type\":\"PropertyValueSpecification\",\"valueRequired\":true,\"valueName\":\"search_term_string\"}}],\"inLanguage\":\"pt-PT\"},{\"@type\":\"Organization\",\"@id\":\"https:\\\/\\\/www.ecosolucionesquimicas.es\\\/pt-pt\\\/#organization\",\"name\":\"Ecosoluciones Qu\u00edmicas\",\"url\":\"https:\\\/\\\/www.ecosolucionesquimicas.es\\\/pt-pt\\\/\",\"logo\":{\"@type\":\"ImageObject\",\"inLanguage\":\"pt-PT\",\"@id\":\"https:\\\/\\\/www.ecosolucionesquimicas.es\\\/pt-pt\\\/#\\\/schema\\\/logo\\\/image\\\/\",\"url\":\"https:\\\/\\\/www.ecosolucionesquimicas.es\\\/wp-content\\\/uploads\\\/2024\\\/08\\\/LOGO-EQM-NUEVO-.png\",\"contentUrl\":\"https:\\\/\\\/www.ecosolucionesquimicas.es\\\/wp-content\\\/uploads\\\/2024\\\/08\\\/LOGO-EQM-NUEVO-.png\",\"width\":1060,\"height\":456,\"caption\":\"Ecosoluciones Qu\u00edmicas\"},\"image\":{\"@id\":\"https:\\\/\\\/www.ecosolucionesquimicas.es\\\/pt-pt\\\/#\\\/schema\\\/logo\\\/image\\\/\"},\"sameAs\":[\"https:\\\/\\\/www.facebook.com\\\/ecosolucionesquimicasmadrid\\\/\",\"https:\\\/\\\/www.instagram.com\\\/ecosolucionesquimicas\\\/\"],\"hasMerchantReturnPolicy\":{\"@type\":\"MerchantReturnPolicy\",\"merchantReturnLink\":\"https:\\\/\\\/www.ecosolucionesquimicas.es\\\/refund_returns\\\/\"}}]}<\/script>\n<meta property=\"product:brand\" content=\"EQM\" \/>\n<meta property=\"product:price:amount\" content=\"153.66\" \/>\n<meta property=\"product:price:currency\" content=\"EUR\" \/>\n<meta property=\"og:availability\" content=\"instock\" \/>\n<meta property=\"product:availability\" content=\"instock\" \/>\n<meta property=\"product:retailer_item_id\" content=\"ECO-805\" \/>\n<meta property=\"product:condition\" content=\"new\" \/>\n<!-- \/ Yoast SEO Premium plugin. -->","yoast_head_json":{"title":"Soda c\u00e1ustica l\u00edquida - Ecosoluciones Qu\u00edmicas","robots":{"index":"index","follow":"follow","max-snippet":"max-snippet:-1","max-image-preview":"max-image-preview:large","max-video-preview":"max-video-preview:-1"},"canonical":"https:\/\/www.ecosolucionesquimicas.es\/pt-pt\/producto\/soda-caustica-liquida\/","og_locale":"pt_PT","og_type":"article","og_title":"Soda c\u00e1ustica l\u00edquida","og_description":"O ECO-805 \u00c9 UMA SODA C\u00c1USTICA L\u00cdQUIDA ALTAMENTE EFICAZ NA REMO\u00c7\u00c3O DE GORDURAS, \u00d3LEOS E RES\u00cdDUOS ORG\u00c2NICOS. \u00c9 ideal para a limpeza de superf\u00edcies industriais e comerciais, tais como equipamentos industriais e \u00e1reas de cozinha, para uma limpeza eficiente e completa.  O SEU USO \u00c9 IDEAL TANTO PARA APLICA\u00c7\u00d5ES INDUSTRIAIS COMO DOM\u00c9STICAS. A sua versatilidade permite-lhe ser utilizado para limpar e desentupir canos, descalcificar dep\u00f3sitos e remover restos de comida, proporcionando resultados eficazes numa variedade de ambientes.  A SUA F\u00d3RMULA CONCENTRADA PERMITE UMA AC\u00c7\u00c3O R\u00c1PIDA E POTENTE. Gra\u00e7as a esta concentra\u00e7\u00e3o, o produto \u00e9 capaz de atuar eficazmente mesmo nas manchas mais dif\u00edceis e na acumula\u00e7\u00e3o de res\u00edduos mais persistentes, reduzindo o tempo necess\u00e1rio para obter resultados vis\u00edveis.  UMA VEZ QUE A SODA C\u00c1USTICA \u00c9 EXTREMAMENTE CORROSIVA, \u00c9 ESSENCIAL A UTILIZA\u00c7\u00c3O DE EQUIPAMENTO DE PROTEC\u00c7\u00c3O INDIVIDUAL. \u00c9 essencial usar luvas, \u00f3culos de prote\u00e7\u00e3o e uma m\u00e1scara ao manusear este produto para evitar queimaduras e outros danos.  FORMATO DE 40 QUILOGRAMAS. \u26ab N.\u00ba de ref.: ECO-805","og_url":"https:\/\/www.ecosolucionesquimicas.es\/pt-pt\/producto\/soda-caustica-liquida\/","og_site_name":"Ecosoluciones Qu\u00edmicas","article_publisher":"https:\/\/www.facebook.com\/ecosolucionesquimicasmadrid\/","article_modified_time":"2025-11-18T19:59:14+00:00","og_image":[{"width":1500,"height":1500,"url":"https:\/\/www.ecosolucionesquimicas.es\/wp-content\/uploads\/2024\/02\/ECO-805-ES.jpg","type":"image\/jpeg"}],"twitter_card":"summary_large_image","twitter_misc":{"pre\u00e7o":"153,66&nbsp;&euro; IVA inc.","Disponibilidade":"Em stock"},"schema":{"@context":"https:\/\/schema.org","@graph":[{"@type":"WebPage","@id":"https:\/\/www.ecosolucionesquimicas.es\/pt-pt\/producto\/soda-caustica-liquida\/","url":"https:\/\/www.ecosolucionesquimicas.es\/pt-pt\/producto\/soda-caustica-liquida\/","name":"Soda c\u00e1ustica l\u00edquida - Ecosoluciones Qu\u00edmicas","isPartOf":{"@id":"https:\/\/www.ecosolucionesquimicas.es\/pt-pt\/#website"},"primaryImageOfPage":{"@id":"https:\/\/www.ecosolucionesquimicas.es\/pt-pt\/producto\/soda-caustica-liquida\/#primaryimage"},"image":{"@id":"https:\/\/www.ecosolucionesquimicas.es\/pt-pt\/producto\/soda-caustica-liquida\/#primaryimage"},"thumbnailUrl":"https:\/\/www.ecosolucionesquimicas.es\/wp-content\/uploads\/2024\/02\/ECO-805-ES.jpg","datePublished":"2024-02-22T14:11:41+00:00","dateModified":"2025-11-18T19:59:14+00:00","breadcrumb":{"@id":"https:\/\/www.ecosolucionesquimicas.es\/pt-pt\/producto\/soda-caustica-liquida\/#breadcrumb"},"inLanguage":"pt-PT","potentialAction":[{"@type":"ReadAction","target":["https:\/\/www.ecosolucionesquimicas.es\/pt-pt\/producto\/soda-caustica-liquida\/"]}]},{"@type":"ImageObject","inLanguage":"pt-PT","@id":"https:\/\/www.ecosolucionesquimicas.es\/pt-pt\/producto\/soda-caustica-liquida\/#primaryimage","url":"https:\/\/www.ecosolucionesquimicas.es\/wp-content\/uploads\/2024\/02\/ECO-805-ES.jpg","contentUrl":"https:\/\/www.ecosolucionesquimicas.es\/wp-content\/uploads\/2024\/02\/ECO-805-ES.jpg","width":1500,"height":1500},{"@type":"BreadcrumbList","@id":"https:\/\/www.ecosolucionesquimicas.es\/pt-pt\/producto\/soda-caustica-liquida\/#breadcrumb","itemListElement":[{"@type":"ListItem","position":1,"name":"Portada","item":"https:\/\/www.ecosolucionesquimicas.es\/pt-pt\/home\/"},{"@type":"ListItem","position":2,"name":"Soda c\u00e1ustica l\u00edquida"}]},{"@type":"WebSite","@id":"https:\/\/www.ecosolucionesquimicas.es\/pt-pt\/#website","url":"https:\/\/www.ecosolucionesquimicas.es\/pt-pt\/","name":"Ecosoluciones Qu\u00edmicas","description":"Compre produtos de limpeza e qu\u00edmicos, de fabrica\u00e7\u00e3o pr\u00f3pria, online.","publisher":{"@id":"https:\/\/www.ecosolucionesquimicas.es\/pt-pt\/#organization"},"alternateName":"EQM","potentialAction":[{"@type":"SearchAction","target":{"@type":"EntryPoint","urlTemplate":"https:\/\/www.ecosolucionesquimicas.es\/pt-pt\/?s={search_term_string}"},"query-input":{"@type":"PropertyValueSpecification","valueRequired":true,"valueName":"search_term_string"}}],"inLanguage":"pt-PT"},{"@type":"Organization","@id":"https:\/\/www.ecosolucionesquimicas.es\/pt-pt\/#organization","name":"Ecosoluciones Qu\u00edmicas","url":"https:\/\/www.ecosolucionesquimicas.es\/pt-pt\/","logo":{"@type":"ImageObject","inLanguage":"pt-PT","@id":"https:\/\/www.ecosolucionesquimicas.es\/pt-pt\/#\/schema\/logo\/image\/","url":"https:\/\/www.ecosolucionesquimicas.es\/wp-content\/uploads\/2024\/08\/LOGO-EQM-NUEVO-.png","contentUrl":"https:\/\/www.ecosolucionesquimicas.es\/wp-content\/uploads\/2024\/08\/LOGO-EQM-NUEVO-.png","width":1060,"height":456,"caption":"Ecosoluciones Qu\u00edmicas"},"image":{"@id":"https:\/\/www.ecosolucionesquimicas.es\/pt-pt\/#\/schema\/logo\/image\/"},"sameAs":["https:\/\/www.facebook.com\/ecosolucionesquimicasmadrid\/","https:\/\/www.instagram.com\/ecosolucionesquimicas\/"],"hasMerchantReturnPolicy":{"@type":"MerchantReturnPolicy","merchantReturnLink":"https:\/\/www.ecosolucionesquimicas.es\/refund_returns\/"}}]},"product_brand":"EQM","product_price_amount":"153.66","product_price_currency":"EUR","og_availability":"instock","product_availability":"instock","product_retailer_item_id":"ECO-805","product_condition":"new"},"_links":{"self":[{"href":"https:\/\/www.ecosolucionesquimicas.es\/pt-pt\/wp-json\/wp\/v2\/product\/10895","targetHints":{"allow":["GET"]}}],"collection":[{"href":"https:\/\/www.ecosolucionesquimicas.es\/pt-pt\/wp-json\/wp\/v2\/product"}],"about":[{"href":"https:\/\/www.ecosolucionesquimicas.es\/pt-pt\/wp-json\/wp\/v2\/types\/product"}],"wp:featuredmedia":[{"embeddable":true,"href":"https:\/\/www.ecosolucionesquimicas.es\/pt-pt\/wp-json\/wp\/v2\/media\/10898"}],"wp:attachment":[{"href":"https:\/\/www.ecosolucionesquimicas.es\/pt-pt\/wp-json\/wp\/v2\/media?parent=10895"}],"wp:term":[{"taxonomy":"product_brand","embeddable":true,"href":"https:\/\/www.ecosolucionesquimicas.es\/pt-pt\/wp-json\/wp\/v2\/product_brand?post=10895"},{"taxonomy":"product_cat","embeddable":true,"href":"https:\/\/www.ecosolucionesquimicas.es\/pt-pt\/wp-json\/wp\/v2\/product_cat?post=10895"},{"taxonomy":"product_tag","embeddable":true,"href":"https:\/\/www.ecosolucionesquimicas.es\/pt-pt\/wp-json\/wp\/v2\/product_tag?post=10895"}],"curies":[{"name":"wp","href":"https:\/\/api.w.org\/{rel}","templated":true}]}}