{"id":10885,"date":"2024-02-22T15:11:41","date_gmt":"2024-02-22T14:11:41","guid":{"rendered":"https:\/\/www.ecosolucionesquimicas.es\/producto\/garrafa-pulverizadora-1-litro\/"},"modified":"2026-02-11T12:31:46","modified_gmt":"2026-02-11T11:31:46","slug":"garrafa-pulverizadora-1-litro","status":"publish","type":"product","link":"https:\/\/www.ecosolucionesquimicas.es\/pt-pt\/producto\/garrafa-pulverizadora-1-litro\/","title":{"rendered":"Frasco de spray de 1 litro"},"content":{"rendered":"<p>Frasco de spray de 1000 ml Natural.<br \/>\n* Fabricado em polietileno.<br \/>\n* Funcionamento eficiente e r\u00e1pido da v\u00e1lvula, sem necessidade de escorva.<br \/>\n* Pulveriza\u00e7\u00e3o potente e sem pingos.<br \/>\n* Ideal para pulverizar todos os nossos produtos.<\/p>\n","protected":false},"excerpt":{"rendered":"<p>FRASCO DE SPRAY DE 1 LITRO<\/p>\n","protected":false},"featured_media":10886,"template":"","meta":[],"product_brand":[225],"product_cat":[337,282,244],"product_tag":[339,338],"class_list":{"0":"post-10885","1":"product","2":"type-product","3":"status-publish","4":"has-post-thumbnail","6":"product_brand-eqm","7":"product_cat-embalagens","8":"product_cat-especial-bicicletas","9":"product_cat-sem-categoria","10":"product_tag-pulverizar","11":"product_tag-spay","13":"first","14":"instock","15":"taxable","16":"shipping-taxable","17":"purchasable","18":"product-type-simple"},"acf":[],"yoast_head":"<!-- This site is optimized with the Yoast SEO Premium plugin v27.1 (Yoast SEO v27.4) - https:\/\/yoast.com\/product\/yoast-seo-premium-wordpress\/ -->\n<title>Frasco de spray de 1 litro - Ecosoluciones Qu\u00edmicas<\/title>\n<meta name=\"robots\" content=\"index, follow, max-snippet:-1, max-image-preview:large, max-video-preview:-1\" \/>\n<link rel=\"canonical\" href=\"https:\/\/www.ecosolucionesquimicas.es\/pt-pt\/producto\/garrafa-pulverizadora-1-litro\/\" \/>\n<meta property=\"og:locale\" content=\"pt_PT\" \/>\n<meta property=\"og:type\" content=\"article\" \/>\n<meta property=\"og:title\" content=\"Frasco de spray de 1 litro\" \/>\n<meta property=\"og:description\" content=\"FRASCO DE SPRAY DE 1 LITRO\" \/>\n<meta property=\"og:url\" content=\"https:\/\/www.ecosolucionesquimicas.es\/pt-pt\/producto\/garrafa-pulverizadora-1-litro\/\" \/>\n<meta property=\"og:site_name\" content=\"Ecosoluciones Qu\u00edmicas\" \/>\n<meta property=\"article:publisher\" content=\"https:\/\/www.facebook.com\/ecosolucionesquimicasmadrid\/\" \/>\n<meta property=\"article:modified_time\" content=\"2026-02-11T11:31:46+00:00\" \/>\n<meta property=\"og:image\" content=\"https:\/\/www.ecosolucionesquimicas.es\/wp-content\/uploads\/2024\/02\/BOTELLA-PULVERIZADORA-1-LITRO.png\" \/>\n\t<meta property=\"og:image:width\" content=\"1500\" \/>\n\t<meta property=\"og:image:height\" content=\"1500\" \/>\n\t<meta property=\"og:image:type\" content=\"image\/png\" \/>\n<meta name=\"twitter:card\" content=\"summary_large_image\" \/>\n<meta name=\"twitter:label1\" content=\"pre\u00e7o\" \/>\n\t<meta name=\"twitter:data1\" content=\"2,41&nbsp;&euro; IVA inc.\" \/>\n\t<meta name=\"twitter:label2\" content=\"Disponibilidade\" \/>\n\t<meta name=\"twitter:data2\" content=\"Em stock\" \/>\n<script type=\"application\/ld+json\" class=\"yoast-schema-graph\">{\"@context\":\"https:\\\/\\\/schema.org\",\"@graph\":[{\"@type\":\"WebPage\",\"@id\":\"https:\\\/\\\/www.ecosolucionesquimicas.es\\\/pt-pt\\\/producto\\\/garrafa-pulverizadora-1-litro\\\/\",\"url\":\"https:\\\/\\\/www.ecosolucionesquimicas.es\\\/pt-pt\\\/producto\\\/garrafa-pulverizadora-1-litro\\\/\",\"name\":\"Frasco de spray de 1 litro - Ecosoluciones Qu\u00edmicas\",\"isPartOf\":{\"@id\":\"https:\\\/\\\/www.ecosolucionesquimicas.es\\\/pt-pt\\\/#website\"},\"primaryImageOfPage\":{\"@id\":\"https:\\\/\\\/www.ecosolucionesquimicas.es\\\/pt-pt\\\/producto\\\/garrafa-pulverizadora-1-litro\\\/#primaryimage\"},\"image\":{\"@id\":\"https:\\\/\\\/www.ecosolucionesquimicas.es\\\/pt-pt\\\/producto\\\/garrafa-pulverizadora-1-litro\\\/#primaryimage\"},\"thumbnailUrl\":\"https:\\\/\\\/www.ecosolucionesquimicas.es\\\/wp-content\\\/uploads\\\/2024\\\/02\\\/BOTELLA-PULVERIZADORA-1-LITRO.png\",\"datePublished\":\"2024-02-22T14:11:41+00:00\",\"dateModified\":\"2026-02-11T11:31:46+00:00\",\"breadcrumb\":{\"@id\":\"https:\\\/\\\/www.ecosolucionesquimicas.es\\\/pt-pt\\\/producto\\\/garrafa-pulverizadora-1-litro\\\/#breadcrumb\"},\"inLanguage\":\"pt-PT\",\"potentialAction\":[{\"@type\":\"ReadAction\",\"target\":[\"https:\\\/\\\/www.ecosolucionesquimicas.es\\\/pt-pt\\\/producto\\\/garrafa-pulverizadora-1-litro\\\/\"]}]},{\"@type\":\"ImageObject\",\"inLanguage\":\"pt-PT\",\"@id\":\"https:\\\/\\\/www.ecosolucionesquimicas.es\\\/pt-pt\\\/producto\\\/garrafa-pulverizadora-1-litro\\\/#primaryimage\",\"url\":\"https:\\\/\\\/www.ecosolucionesquimicas.es\\\/wp-content\\\/uploads\\\/2024\\\/02\\\/BOTELLA-PULVERIZADORA-1-LITRO.png\",\"contentUrl\":\"https:\\\/\\\/www.ecosolucionesquimicas.es\\\/wp-content\\\/uploads\\\/2024\\\/02\\\/BOTELLA-PULVERIZADORA-1-LITRO.png\",\"width\":1500,\"height\":1500},{\"@type\":\"BreadcrumbList\",\"@id\":\"https:\\\/\\\/www.ecosolucionesquimicas.es\\\/pt-pt\\\/producto\\\/garrafa-pulverizadora-1-litro\\\/#breadcrumb\",\"itemListElement\":[{\"@type\":\"ListItem\",\"position\":1,\"name\":\"Portada\",\"item\":\"https:\\\/\\\/www.ecosolucionesquimicas.es\\\/pt-pt\\\/home\\\/\"},{\"@type\":\"ListItem\",\"position\":2,\"name\":\"Frasco de spray de 1 litro\"}]},{\"@type\":\"WebSite\",\"@id\":\"https:\\\/\\\/www.ecosolucionesquimicas.es\\\/pt-pt\\\/#website\",\"url\":\"https:\\\/\\\/www.ecosolucionesquimicas.es\\\/pt-pt\\\/\",\"name\":\"Ecosoluciones Qu\u00edmicas\",\"description\":\"Compre produtos de limpeza e qu\u00edmicos, de fabrica\u00e7\u00e3o pr\u00f3pria, online.\",\"publisher\":{\"@id\":\"https:\\\/\\\/www.ecosolucionesquimicas.es\\\/pt-pt\\\/#organization\"},\"alternateName\":\"EQM\",\"potentialAction\":[{\"@type\":\"SearchAction\",\"target\":{\"@type\":\"EntryPoint\",\"urlTemplate\":\"https:\\\/\\\/www.ecosolucionesquimicas.es\\\/pt-pt\\\/?s={search_term_string}\"},\"query-input\":{\"@type\":\"PropertyValueSpecification\",\"valueRequired\":true,\"valueName\":\"search_term_string\"}}],\"inLanguage\":\"pt-PT\"},{\"@type\":\"Organization\",\"@id\":\"https:\\\/\\\/www.ecosolucionesquimicas.es\\\/pt-pt\\\/#organization\",\"name\":\"Ecosoluciones Qu\u00edmicas\",\"url\":\"https:\\\/\\\/www.ecosolucionesquimicas.es\\\/pt-pt\\\/\",\"logo\":{\"@type\":\"ImageObject\",\"inLanguage\":\"pt-PT\",\"@id\":\"https:\\\/\\\/www.ecosolucionesquimicas.es\\\/pt-pt\\\/#\\\/schema\\\/logo\\\/image\\\/\",\"url\":\"https:\\\/\\\/www.ecosolucionesquimicas.es\\\/wp-content\\\/uploads\\\/2024\\\/08\\\/LOGO-EQM-NUEVO-.png\",\"contentUrl\":\"https:\\\/\\\/www.ecosolucionesquimicas.es\\\/wp-content\\\/uploads\\\/2024\\\/08\\\/LOGO-EQM-NUEVO-.png\",\"width\":1060,\"height\":456,\"caption\":\"Ecosoluciones Qu\u00edmicas\"},\"image\":{\"@id\":\"https:\\\/\\\/www.ecosolucionesquimicas.es\\\/pt-pt\\\/#\\\/schema\\\/logo\\\/image\\\/\"},\"sameAs\":[\"https:\\\/\\\/www.facebook.com\\\/ecosolucionesquimicasmadrid\\\/\",\"https:\\\/\\\/www.instagram.com\\\/ecosolucionesquimicas\\\/\"],\"hasMerchantReturnPolicy\":{\"@type\":\"MerchantReturnPolicy\",\"merchantReturnLink\":\"https:\\\/\\\/www.ecosolucionesquimicas.es\\\/refund_returns\\\/\"}}]}<\/script>\n<meta property=\"product:brand\" content=\"EQM\" \/>\n<meta property=\"product:price:amount\" content=\"2.41\" \/>\n<meta property=\"product:price:currency\" content=\"EUR\" \/>\n<meta property=\"og:availability\" content=\"instock\" \/>\n<meta property=\"product:availability\" content=\"instock\" \/>\n<meta property=\"product:retailer_item_id\" content=\"ECO-1000\" \/>\n<meta property=\"product:condition\" content=\"new\" \/>\n<!-- \/ Yoast SEO Premium plugin. -->","yoast_head_json":{"title":"Frasco de spray de 1 litro - Ecosoluciones Qu\u00edmicas","robots":{"index":"index","follow":"follow","max-snippet":"max-snippet:-1","max-image-preview":"max-image-preview:large","max-video-preview":"max-video-preview:-1"},"canonical":"https:\/\/www.ecosolucionesquimicas.es\/pt-pt\/producto\/garrafa-pulverizadora-1-litro\/","og_locale":"pt_PT","og_type":"article","og_title":"Frasco de spray de 1 litro","og_description":"FRASCO DE SPRAY DE 1 LITRO","og_url":"https:\/\/www.ecosolucionesquimicas.es\/pt-pt\/producto\/garrafa-pulverizadora-1-litro\/","og_site_name":"Ecosoluciones Qu\u00edmicas","article_publisher":"https:\/\/www.facebook.com\/ecosolucionesquimicasmadrid\/","article_modified_time":"2026-02-11T11:31:46+00:00","og_image":[{"width":1500,"height":1500,"url":"https:\/\/www.ecosolucionesquimicas.es\/wp-content\/uploads\/2024\/02\/BOTELLA-PULVERIZADORA-1-LITRO.png","type":"image\/png"}],"twitter_card":"summary_large_image","twitter_misc":{"pre\u00e7o":"2,41&nbsp;&euro; IVA inc.","Disponibilidade":"Em stock"},"schema":{"@context":"https:\/\/schema.org","@graph":[{"@type":"WebPage","@id":"https:\/\/www.ecosolucionesquimicas.es\/pt-pt\/producto\/garrafa-pulverizadora-1-litro\/","url":"https:\/\/www.ecosolucionesquimicas.es\/pt-pt\/producto\/garrafa-pulverizadora-1-litro\/","name":"Frasco de spray de 1 litro - Ecosoluciones Qu\u00edmicas","isPartOf":{"@id":"https:\/\/www.ecosolucionesquimicas.es\/pt-pt\/#website"},"primaryImageOfPage":{"@id":"https:\/\/www.ecosolucionesquimicas.es\/pt-pt\/producto\/garrafa-pulverizadora-1-litro\/#primaryimage"},"image":{"@id":"https:\/\/www.ecosolucionesquimicas.es\/pt-pt\/producto\/garrafa-pulverizadora-1-litro\/#primaryimage"},"thumbnailUrl":"https:\/\/www.ecosolucionesquimicas.es\/wp-content\/uploads\/2024\/02\/BOTELLA-PULVERIZADORA-1-LITRO.png","datePublished":"2024-02-22T14:11:41+00:00","dateModified":"2026-02-11T11:31:46+00:00","breadcrumb":{"@id":"https:\/\/www.ecosolucionesquimicas.es\/pt-pt\/producto\/garrafa-pulverizadora-1-litro\/#breadcrumb"},"inLanguage":"pt-PT","potentialAction":[{"@type":"ReadAction","target":["https:\/\/www.ecosolucionesquimicas.es\/pt-pt\/producto\/garrafa-pulverizadora-1-litro\/"]}]},{"@type":"ImageObject","inLanguage":"pt-PT","@id":"https:\/\/www.ecosolucionesquimicas.es\/pt-pt\/producto\/garrafa-pulverizadora-1-litro\/#primaryimage","url":"https:\/\/www.ecosolucionesquimicas.es\/wp-content\/uploads\/2024\/02\/BOTELLA-PULVERIZADORA-1-LITRO.png","contentUrl":"https:\/\/www.ecosolucionesquimicas.es\/wp-content\/uploads\/2024\/02\/BOTELLA-PULVERIZADORA-1-LITRO.png","width":1500,"height":1500},{"@type":"BreadcrumbList","@id":"https:\/\/www.ecosolucionesquimicas.es\/pt-pt\/producto\/garrafa-pulverizadora-1-litro\/#breadcrumb","itemListElement":[{"@type":"ListItem","position":1,"name":"Portada","item":"https:\/\/www.ecosolucionesquimicas.es\/pt-pt\/home\/"},{"@type":"ListItem","position":2,"name":"Frasco de spray de 1 litro"}]},{"@type":"WebSite","@id":"https:\/\/www.ecosolucionesquimicas.es\/pt-pt\/#website","url":"https:\/\/www.ecosolucionesquimicas.es\/pt-pt\/","name":"Ecosoluciones Qu\u00edmicas","description":"Compre produtos de limpeza e qu\u00edmicos, de fabrica\u00e7\u00e3o pr\u00f3pria, online.","publisher":{"@id":"https:\/\/www.ecosolucionesquimicas.es\/pt-pt\/#organization"},"alternateName":"EQM","potentialAction":[{"@type":"SearchAction","target":{"@type":"EntryPoint","urlTemplate":"https:\/\/www.ecosolucionesquimicas.es\/pt-pt\/?s={search_term_string}"},"query-input":{"@type":"PropertyValueSpecification","valueRequired":true,"valueName":"search_term_string"}}],"inLanguage":"pt-PT"},{"@type":"Organization","@id":"https:\/\/www.ecosolucionesquimicas.es\/pt-pt\/#organization","name":"Ecosoluciones Qu\u00edmicas","url":"https:\/\/www.ecosolucionesquimicas.es\/pt-pt\/","logo":{"@type":"ImageObject","inLanguage":"pt-PT","@id":"https:\/\/www.ecosolucionesquimicas.es\/pt-pt\/#\/schema\/logo\/image\/","url":"https:\/\/www.ecosolucionesquimicas.es\/wp-content\/uploads\/2024\/08\/LOGO-EQM-NUEVO-.png","contentUrl":"https:\/\/www.ecosolucionesquimicas.es\/wp-content\/uploads\/2024\/08\/LOGO-EQM-NUEVO-.png","width":1060,"height":456,"caption":"Ecosoluciones Qu\u00edmicas"},"image":{"@id":"https:\/\/www.ecosolucionesquimicas.es\/pt-pt\/#\/schema\/logo\/image\/"},"sameAs":["https:\/\/www.facebook.com\/ecosolucionesquimicasmadrid\/","https:\/\/www.instagram.com\/ecosolucionesquimicas\/"],"hasMerchantReturnPolicy":{"@type":"MerchantReturnPolicy","merchantReturnLink":"https:\/\/www.ecosolucionesquimicas.es\/refund_returns\/"}}]},"product_brand":"EQM","product_price_amount":"2.41","product_price_currency":"EUR","og_availability":"instock","product_availability":"instock","product_retailer_item_id":"ECO-1000","product_condition":"new"},"_links":{"self":[{"href":"https:\/\/www.ecosolucionesquimicas.es\/pt-pt\/wp-json\/wp\/v2\/product\/10885","targetHints":{"allow":["GET"]}}],"collection":[{"href":"https:\/\/www.ecosolucionesquimicas.es\/pt-pt\/wp-json\/wp\/v2\/product"}],"about":[{"href":"https:\/\/www.ecosolucionesquimicas.es\/pt-pt\/wp-json\/wp\/v2\/types\/product"}],"wp:featuredmedia":[{"embeddable":true,"href":"https:\/\/www.ecosolucionesquimicas.es\/pt-pt\/wp-json\/wp\/v2\/media\/10886"}],"wp:attachment":[{"href":"https:\/\/www.ecosolucionesquimicas.es\/pt-pt\/wp-json\/wp\/v2\/media?parent=10885"}],"wp:term":[{"taxonomy":"product_brand","embeddable":true,"href":"https:\/\/www.ecosolucionesquimicas.es\/pt-pt\/wp-json\/wp\/v2\/product_brand?post=10885"},{"taxonomy":"product_cat","embeddable":true,"href":"https:\/\/www.ecosolucionesquimicas.es\/pt-pt\/wp-json\/wp\/v2\/product_cat?post=10885"},{"taxonomy":"product_tag","embeddable":true,"href":"https:\/\/www.ecosolucionesquimicas.es\/pt-pt\/wp-json\/wp\/v2\/product_tag?post=10885"}],"curies":[{"name":"wp","href":"https:\/\/api.w.org\/{rel}","templated":true}]}}