{"id":10872,"date":"2024-02-22T13:40:05","date_gmt":"2024-02-22T12:40:05","guid":{"rendered":"https:\/\/www.ecosolucionesquimicas.es\/producto\/champo-para-tuneis-de-lavagem-e-maquinas-de-pressao\/"},"modified":"2026-03-24T22:21:14","modified_gmt":"2026-03-24T21:21:14","slug":"champo-para-tuneis-de-lavagem-e-maquinas-de-pressao","status":"publish","type":"product","link":"https:\/\/www.ecosolucionesquimicas.es\/pt-pt\/producto\/champo-para-tuneis-de-lavagem-e-maquinas-de-pressao\/","title":{"rendered":"Lavadoras de t\u00faneis de champ\u00f4 e lavadoras de press\u00e3o"},"content":{"rendered":"<div class=\"flex-shrink-0 flex flex-col relative items-end\">\n<div class=\"pt-0\">\n<div class=\"gizmo-bot-avatar flex h-8 w-8 items-center justify-center overflow-hidden rounded-full\">\n<div><\/div>\n<div>\n<p><img fetchpriority=\"high\" decoding=\"async\" class=\" wp-image-3723\" src=\"https:\/\/www.ecosolucionesquimicas.es\/wp-content\/uploads\/2024\/02\/car-is-being-washed-automatic-car-wash-with-red-brushes-300x168.jpg\" alt=\"\" width=\"633\" height=\"354\" srcset=\"https:\/\/www.ecosolucionesquimicas.es\/wp-content\/uploads\/2024\/02\/car-is-being-washed-automatic-car-wash-with-red-brushes-300x168.jpg 300w, https:\/\/www.ecosolucionesquimicas.es\/wp-content\/uploads\/2024\/02\/car-is-being-washed-automatic-car-wash-with-red-brushes-1024x574.jpg 1024w, https:\/\/www.ecosolucionesquimicas.es\/wp-content\/uploads\/2024\/02\/car-is-being-washed-automatic-car-wash-with-red-brushes-768x430.jpg 768w, https:\/\/www.ecosolucionesquimicas.es\/wp-content\/uploads\/2024\/02\/car-is-being-washed-automatic-car-wash-with-red-brushes-1536x861.jpg 1536w, https:\/\/www.ecosolucionesquimicas.es\/wp-content\/uploads\/2024\/02\/car-is-being-washed-automatic-car-wash-with-red-brushes-2048x1148.jpg 2048w, https:\/\/www.ecosolucionesquimicas.es\/wp-content\/uploads\/2024\/02\/car-is-being-washed-automatic-car-wash-with-red-brushes-600x336.jpg 600w\" sizes=\"(max-width: 633px) 100vw, 633px\" \/><\/p>\n<p><strong>INSTRU\u00c7\u00d5ES DE UTILIZA\u00c7\u00c3O:<\/strong><\/p>\n<\/div>\n<\/div>\n<\/div>\n<\/div>\n<div class=\"group\/conversation-turn relative flex w-full min-w-0 flex-col agent-turn\">\n<div class=\"flex-col gap-1 md:gap-3\">\n<div class=\"flex max-w-full flex-col flex-grow\">\n<div class=\"min-h-[20px] text-message flex w-full flex-col items-end gap-2 break-words [.text-message+&amp;]:mt-5 overflow-x-auto whitespace-normal\" dir=\"auto\" data-message-author-role=\"assistant\" data-message-id=\"1790ae53-b877-4ee9-8486-7cf68247d9cf\">\n<div class=\"flex w-full flex-col gap-1 empty:hidden first:pt-[3px]\">\n<div class=\"markdown prose w-full break-words dark:prose-invert light\">\n<div class=\"group\/conversation-turn relative flex w-full min-w-0 flex-col agent-turn\">\n<div class=\"flex-col gap-1 md:gap-3\">\n<div class=\"flex max-w-full flex-col flex-grow\">\n<div class=\"min-h-[20px] text-message flex w-full flex-col items-end gap-2 break-words [.text-message+&amp;]:mt-5 overflow-x-auto whitespace-normal\" dir=\"auto\" data-message-author-role=\"assistant\" data-message-id=\"1790ae53-b877-4ee9-8486-7cf68247d9cf\">\n<div class=\"flex w-full flex-col gap-1 empty:hidden first:pt-[3px]\">\n<div class=\"markdown prose w-full break-words dark:prose-invert light\">\n<p><strong>Prepara\u00e7\u00e3o:<\/strong> diluir na base de 1 litro de champ\u00f4 por 4 a 5 litros de \u00e1gua.<br \/>\n<strong>Aplica\u00e7\u00e3o:<\/strong> Coloca a solu\u00e7\u00e3o dilu\u00edda no sistema de dosagem do t\u00fanel. Assegura-te de que o equipamento distribui uniformemente o champ\u00f4 pela carro\u00e7aria.<br \/>\n<strong>Modo de funcionamento:<\/strong> Inicia o ciclo de lavagem. A espuma gerada ajudar\u00e1 a descalcificar e a remover a sujidade. <\/p>\n<\/div>\n<\/div>\n<\/div>\n<\/div>\n<\/div>\n<\/div>\n<p><strong>Aplica\u00e7\u00e3o com m\u00e1quinas de press\u00e3o:<\/strong><\/p>\n<p>Deita a solu\u00e7\u00e3o dilu\u00edda no dep\u00f3sito da m\u00e1quina.<br \/>\nAplica a mistura na superf\u00edcie do ve\u00edculo com a press\u00e3o adequada, certificando-se de que cobre toda a carro\u00e7aria.<br \/>\nEnxagua abundantemente com \u00e1gua limpa ap\u00f3s a aplica\u00e7\u00e3o.<\/p>\n<p><strong>Recomenda\u00e7\u00f5es:<\/strong><\/p>\n<p>Evita aplicar o produto sob luz solar direta ou em superf\u00edcies quentes para evitar manchas ou secagem prematura.<\/p>\n<\/div>\n<\/div>\n<\/div>\n<\/div>\n<\/div>\n<\/div>\n","protected":false},"excerpt":{"rendered":"<div class=\"flex max-w-full flex-col flex-grow\">\n<div class=\"min-h-[20px] text-message flex w-full flex-col items-end gap-2 break-words [.text-message+&amp;]:mt-5 overflow-x-auto whitespace-normal\" dir=\"auto\" data-message-author-role=\"assistant\" data-message-id=\"c28ea39d-b2cc-4f4c-8cb3-ea4c3b14758c\">\n<div class=\"flex w-full flex-col gap-1 empty:hidden first:pt-[3px]\">\n<div class=\"markdown prose w-full break-words dark:prose-invert light\">\n<p><strong>O ECO-104 FOI FORMULADO PARA REMOVER EFICAZMENTE A SUJIDADE, O P\u00d3 E OS DETRITOS DA ESTRADA.<\/strong> Sem afetar a pintura ou o acabamento do ve\u00edculo. A sua f\u00f3rmula limpa em profundidade sem comprometer a integridade da superf\u00edcie. <\/p>\n<p>\u2705 <strong>GERA UMA ESPUMA DENSA QUE COBRE COMPLETAMENTE A CARRO\u00c7ARIA<\/strong>. Isto facilita a remo\u00e7\u00e3o de contaminantes aderentes e reduz o risco de riscos. A espuma actua como uma camada protetora que dissolve a sujidade e protege a pintura.  <\/p>\n<p><strong>A SUA F\u00d3RMULA EQUILIBRADA \u00c9 SEGURA PARA TODOS OS TIPOS DE TINTAS E MATERIAIS<\/strong>. Garante uma limpeza profunda sem provocar a corros\u00e3o e o desgaste dos v\u00e1rios componentes do ve\u00edculo. <\/p>\n<p>\u2705 <strong>\u00c9 IDEAL PARA LAVADORAS DE T\u00daNEIS AUTOMATIZADAS E LAVADORAS DE PRESS\u00c3O<\/strong>. Optimizado para utiliza\u00e7\u00e3o em sistemas industriais e comerciais, garantindo um desempenho eficiente e uma limpeza profissional. <\/p>\n<\/div>\n<\/div>\n<\/div>\n<\/div>\n<div class=\"mt-1 flex gap-3 empty:hidden -ml-2\">\n<div class=\"items-center justify-start rounded-xl p-1 flex\"><span style=\"color: #000000;\"><strong>FORMATO DE 5 E 20 LITROS.<\/strong><\/span><\/div>\n<div><\/div>\n<div class=\"items-center justify-start rounded-xl p-1 flex\"><strong><span style=\"color: #000000;\">Refer\u00eancia: ECO-104<\/span><\/strong><\/div>\n<\/div>\n","protected":false},"featured_media":10881,"template":"","meta":[],"product_brand":[225],"product_cat":[269],"product_tag":[270,334,335,336],"class_list":{"0":"post-10872","1":"product","2":"type-product","3":"status-publish","4":"has-post-thumbnail","6":"product_brand-eqm","7":"product_cat-automovel","8":"product_tag-carro","9":"product_tag-carrocaria","10":"product_tag-lavagem","11":"product_tag-tuneis-de-pressao","13":"first","14":"instock","15":"taxable","16":"shipping-taxable","17":"purchasable","18":"product-type-variable"},"acf":[],"yoast_head":"<!-- This site is optimized with the Yoast SEO Premium plugin v27.1 (Yoast SEO v27.4) - https:\/\/yoast.com\/product\/yoast-seo-premium-wordpress\/ -->\n<title>Lavadoras de t\u00faneis de champ\u00f4 e lavadoras de press\u00e3o - Ecosoluciones Qu\u00edmicas<\/title>\n<meta name=\"robots\" content=\"index, follow, max-snippet:-1, max-image-preview:large, max-video-preview:-1\" \/>\n<link rel=\"canonical\" href=\"https:\/\/www.ecosolucionesquimicas.es\/pt-pt\/producto\/champo-para-tuneis-de-lavagem-e-maquinas-de-pressao\/\" \/>\n<meta property=\"og:locale\" content=\"pt_PT\" \/>\n<meta property=\"og:type\" content=\"article\" \/>\n<meta property=\"og:title\" content=\"Lavadoras de t\u00faneis de champ\u00f4 e lavadoras de press\u00e3o\" \/>\n<meta property=\"og:description\" content=\"O ECO-104 FOI FORMULADO PARA REMOVER EFICAZMENTE A SUJIDADE, O P\u00d3 E OS DETRITOS DA ESTRADA. Sem afetar a pintura ou o acabamento do ve\u00edculo. A sua f\u00f3rmula limpa em profundidade sem comprometer a integridade da superf\u00edcie.  \u2705 GERA UMA ESPUMA DENSA QUE COBRE COMPLETAMENTE A CARRO\u00c7ARIA. Isto facilita a remo\u00e7\u00e3o de contaminantes aderentes e reduz o risco de riscos. A espuma actua como uma camada protetora que dissolve a sujidade e protege a pintura.  A SUA F\u00d3RMULA EQUILIBRADA \u00c9 SEGURA PARA TODOS OS TIPOS DE TINTAS E MATERIAIS. Garante uma limpeza profunda sem provocar a corros\u00e3o e o desgaste dos v\u00e1rios componentes do ve\u00edculo.  \u2705 \u00c9 IDEAL PARA LAVADORAS DE T\u00daNEIS AUTOMATIZADAS E LAVADORAS DE PRESS\u00c3O. Optimizado para utiliza\u00e7\u00e3o em sistemas industriais e comerciais, garantindo um desempenho eficiente e uma limpeza profissional.    FORMATO DE 5 E 20 LITROS. Refer\u00eancia: ECO-104\" \/>\n<meta property=\"og:url\" content=\"https:\/\/www.ecosolucionesquimicas.es\/pt-pt\/producto\/champo-para-tuneis-de-lavagem-e-maquinas-de-pressao\/\" \/>\n<meta property=\"og:site_name\" content=\"Ecosoluciones Qu\u00edmicas\" \/>\n<meta property=\"article:publisher\" content=\"https:\/\/www.facebook.com\/ecosolucionesquimicasmadrid\/\" \/>\n<meta property=\"article:modified_time\" content=\"2026-03-24T21:21:14+00:00\" \/>\n<meta property=\"og:image\" content=\"https:\/\/www.ecosolucionesquimicas.es\/wp-content\/uploads\/2024\/02\/ECO-104444-scaled.jpg\" \/>\n\t<meta property=\"og:image:width\" content=\"2350\" \/>\n\t<meta property=\"og:image:height\" content=\"2560\" \/>\n\t<meta property=\"og:image:type\" content=\"image\/jpeg\" \/>\n<meta name=\"twitter:card\" content=\"summary_large_image\" \/>\n<meta name=\"twitter:label1\" content=\"Disponibilidade\" \/>\n\t<meta name=\"twitter:data1\" content=\"Em stock\" \/>\n<script type=\"application\/ld+json\" class=\"yoast-schema-graph\">{\"@context\":\"https:\\\/\\\/schema.org\",\"@graph\":[{\"@type\":\"WebPage\",\"@id\":\"https:\\\/\\\/www.ecosolucionesquimicas.es\\\/pt-pt\\\/producto\\\/champo-para-tuneis-de-lavagem-e-maquinas-de-pressao\\\/\",\"url\":\"https:\\\/\\\/www.ecosolucionesquimicas.es\\\/pt-pt\\\/producto\\\/champo-para-tuneis-de-lavagem-e-maquinas-de-pressao\\\/\",\"name\":\"Lavadoras de t\u00faneis de champ\u00f4 e lavadoras de press\u00e3o - Ecosoluciones Qu\u00edmicas\",\"isPartOf\":{\"@id\":\"https:\\\/\\\/www.ecosolucionesquimicas.es\\\/pt-pt\\\/#website\"},\"primaryImageOfPage\":{\"@id\":\"https:\\\/\\\/www.ecosolucionesquimicas.es\\\/pt-pt\\\/producto\\\/champo-para-tuneis-de-lavagem-e-maquinas-de-pressao\\\/#primaryimage\"},\"image\":{\"@id\":\"https:\\\/\\\/www.ecosolucionesquimicas.es\\\/pt-pt\\\/producto\\\/champo-para-tuneis-de-lavagem-e-maquinas-de-pressao\\\/#primaryimage\"},\"thumbnailUrl\":\"https:\\\/\\\/www.ecosolucionesquimicas.es\\\/wp-content\\\/uploads\\\/2024\\\/02\\\/ECO-104444-scaled.jpg\",\"datePublished\":\"2024-02-22T12:40:05+00:00\",\"dateModified\":\"2026-03-24T21:21:14+00:00\",\"breadcrumb\":{\"@id\":\"https:\\\/\\\/www.ecosolucionesquimicas.es\\\/pt-pt\\\/producto\\\/champo-para-tuneis-de-lavagem-e-maquinas-de-pressao\\\/#breadcrumb\"},\"inLanguage\":\"pt-PT\",\"potentialAction\":[{\"@type\":\"ReadAction\",\"target\":[\"https:\\\/\\\/www.ecosolucionesquimicas.es\\\/pt-pt\\\/producto\\\/champo-para-tuneis-de-lavagem-e-maquinas-de-pressao\\\/\"]}]},{\"@type\":\"ImageObject\",\"inLanguage\":\"pt-PT\",\"@id\":\"https:\\\/\\\/www.ecosolucionesquimicas.es\\\/pt-pt\\\/producto\\\/champo-para-tuneis-de-lavagem-e-maquinas-de-pressao\\\/#primaryimage\",\"url\":\"https:\\\/\\\/www.ecosolucionesquimicas.es\\\/wp-content\\\/uploads\\\/2024\\\/02\\\/ECO-104444-scaled.jpg\",\"contentUrl\":\"https:\\\/\\\/www.ecosolucionesquimicas.es\\\/wp-content\\\/uploads\\\/2024\\\/02\\\/ECO-104444-scaled.jpg\",\"width\":2350,\"height\":2560},{\"@type\":\"BreadcrumbList\",\"@id\":\"https:\\\/\\\/www.ecosolucionesquimicas.es\\\/pt-pt\\\/producto\\\/champo-para-tuneis-de-lavagem-e-maquinas-de-pressao\\\/#breadcrumb\",\"itemListElement\":[{\"@type\":\"ListItem\",\"position\":1,\"name\":\"Portada\",\"item\":\"https:\\\/\\\/www.ecosolucionesquimicas.es\\\/pt-pt\\\/home\\\/\"},{\"@type\":\"ListItem\",\"position\":2,\"name\":\"Lavadoras de t\u00faneis de champ\u00f4 e lavadoras de press\u00e3o\"}]},{\"@type\":\"WebSite\",\"@id\":\"https:\\\/\\\/www.ecosolucionesquimicas.es\\\/pt-pt\\\/#website\",\"url\":\"https:\\\/\\\/www.ecosolucionesquimicas.es\\\/pt-pt\\\/\",\"name\":\"Ecosoluciones Qu\u00edmicas\",\"description\":\"Compre produtos de limpeza e qu\u00edmicos, de fabrica\u00e7\u00e3o pr\u00f3pria, online.\",\"publisher\":{\"@id\":\"https:\\\/\\\/www.ecosolucionesquimicas.es\\\/pt-pt\\\/#organization\"},\"alternateName\":\"EQM\",\"potentialAction\":[{\"@type\":\"SearchAction\",\"target\":{\"@type\":\"EntryPoint\",\"urlTemplate\":\"https:\\\/\\\/www.ecosolucionesquimicas.es\\\/pt-pt\\\/?s={search_term_string}\"},\"query-input\":{\"@type\":\"PropertyValueSpecification\",\"valueRequired\":true,\"valueName\":\"search_term_string\"}}],\"inLanguage\":\"pt-PT\"},{\"@type\":\"Organization\",\"@id\":\"https:\\\/\\\/www.ecosolucionesquimicas.es\\\/pt-pt\\\/#organization\",\"name\":\"Ecosoluciones Qu\u00edmicas\",\"url\":\"https:\\\/\\\/www.ecosolucionesquimicas.es\\\/pt-pt\\\/\",\"logo\":{\"@type\":\"ImageObject\",\"inLanguage\":\"pt-PT\",\"@id\":\"https:\\\/\\\/www.ecosolucionesquimicas.es\\\/pt-pt\\\/#\\\/schema\\\/logo\\\/image\\\/\",\"url\":\"https:\\\/\\\/www.ecosolucionesquimicas.es\\\/wp-content\\\/uploads\\\/2024\\\/08\\\/LOGO-EQM-NUEVO-.png\",\"contentUrl\":\"https:\\\/\\\/www.ecosolucionesquimicas.es\\\/wp-content\\\/uploads\\\/2024\\\/08\\\/LOGO-EQM-NUEVO-.png\",\"width\":1060,\"height\":456,\"caption\":\"Ecosoluciones Qu\u00edmicas\"},\"image\":{\"@id\":\"https:\\\/\\\/www.ecosolucionesquimicas.es\\\/pt-pt\\\/#\\\/schema\\\/logo\\\/image\\\/\"},\"sameAs\":[\"https:\\\/\\\/www.facebook.com\\\/ecosolucionesquimicasmadrid\\\/\",\"https:\\\/\\\/www.instagram.com\\\/ecosolucionesquimicas\\\/\"],\"hasMerchantReturnPolicy\":{\"@type\":\"MerchantReturnPolicy\",\"merchantReturnLink\":\"https:\\\/\\\/www.ecosolucionesquimicas.es\\\/refund_returns\\\/\"}}]}<\/script>\n<meta property=\"product:brand\" content=\"EQM\" \/>\n<meta property=\"og:availability\" content=\"instock\" \/>\n<meta property=\"product:availability\" content=\"instock\" \/>\n<meta property=\"product:retailer_item_id\" content=\"ECO-104\" \/>\n<meta property=\"product:condition\" content=\"new\" \/>\n<!-- \/ Yoast SEO Premium plugin. -->","yoast_head_json":{"title":"Lavadoras de t\u00faneis de champ\u00f4 e lavadoras de press\u00e3o - Ecosoluciones Qu\u00edmicas","robots":{"index":"index","follow":"follow","max-snippet":"max-snippet:-1","max-image-preview":"max-image-preview:large","max-video-preview":"max-video-preview:-1"},"canonical":"https:\/\/www.ecosolucionesquimicas.es\/pt-pt\/producto\/champo-para-tuneis-de-lavagem-e-maquinas-de-pressao\/","og_locale":"pt_PT","og_type":"article","og_title":"Lavadoras de t\u00faneis de champ\u00f4 e lavadoras de press\u00e3o","og_description":"O ECO-104 FOI FORMULADO PARA REMOVER EFICAZMENTE A SUJIDADE, O P\u00d3 E OS DETRITOS DA ESTRADA. Sem afetar a pintura ou o acabamento do ve\u00edculo. A sua f\u00f3rmula limpa em profundidade sem comprometer a integridade da superf\u00edcie.  \u2705 GERA UMA ESPUMA DENSA QUE COBRE COMPLETAMENTE A CARRO\u00c7ARIA. Isto facilita a remo\u00e7\u00e3o de contaminantes aderentes e reduz o risco de riscos. A espuma actua como uma camada protetora que dissolve a sujidade e protege a pintura.  A SUA F\u00d3RMULA EQUILIBRADA \u00c9 SEGURA PARA TODOS OS TIPOS DE TINTAS E MATERIAIS. Garante uma limpeza profunda sem provocar a corros\u00e3o e o desgaste dos v\u00e1rios componentes do ve\u00edculo.  \u2705 \u00c9 IDEAL PARA LAVADORAS DE T\u00daNEIS AUTOMATIZADAS E LAVADORAS DE PRESS\u00c3O. Optimizado para utiliza\u00e7\u00e3o em sistemas industriais e comerciais, garantindo um desempenho eficiente e uma limpeza profissional.    FORMATO DE 5 E 20 LITROS. Refer\u00eancia: ECO-104","og_url":"https:\/\/www.ecosolucionesquimicas.es\/pt-pt\/producto\/champo-para-tuneis-de-lavagem-e-maquinas-de-pressao\/","og_site_name":"Ecosoluciones Qu\u00edmicas","article_publisher":"https:\/\/www.facebook.com\/ecosolucionesquimicasmadrid\/","article_modified_time":"2026-03-24T21:21:14+00:00","og_image":[{"width":2350,"height":2560,"url":"https:\/\/www.ecosolucionesquimicas.es\/wp-content\/uploads\/2024\/02\/ECO-104444-scaled.jpg","type":"image\/jpeg"}],"twitter_card":"summary_large_image","twitter_misc":{"Disponibilidade":"Em stock"},"schema":{"@context":"https:\/\/schema.org","@graph":[{"@type":"WebPage","@id":"https:\/\/www.ecosolucionesquimicas.es\/pt-pt\/producto\/champo-para-tuneis-de-lavagem-e-maquinas-de-pressao\/","url":"https:\/\/www.ecosolucionesquimicas.es\/pt-pt\/producto\/champo-para-tuneis-de-lavagem-e-maquinas-de-pressao\/","name":"Lavadoras de t\u00faneis de champ\u00f4 e lavadoras de press\u00e3o - Ecosoluciones Qu\u00edmicas","isPartOf":{"@id":"https:\/\/www.ecosolucionesquimicas.es\/pt-pt\/#website"},"primaryImageOfPage":{"@id":"https:\/\/www.ecosolucionesquimicas.es\/pt-pt\/producto\/champo-para-tuneis-de-lavagem-e-maquinas-de-pressao\/#primaryimage"},"image":{"@id":"https:\/\/www.ecosolucionesquimicas.es\/pt-pt\/producto\/champo-para-tuneis-de-lavagem-e-maquinas-de-pressao\/#primaryimage"},"thumbnailUrl":"https:\/\/www.ecosolucionesquimicas.es\/wp-content\/uploads\/2024\/02\/ECO-104444-scaled.jpg","datePublished":"2024-02-22T12:40:05+00:00","dateModified":"2026-03-24T21:21:14+00:00","breadcrumb":{"@id":"https:\/\/www.ecosolucionesquimicas.es\/pt-pt\/producto\/champo-para-tuneis-de-lavagem-e-maquinas-de-pressao\/#breadcrumb"},"inLanguage":"pt-PT","potentialAction":[{"@type":"ReadAction","target":["https:\/\/www.ecosolucionesquimicas.es\/pt-pt\/producto\/champo-para-tuneis-de-lavagem-e-maquinas-de-pressao\/"]}]},{"@type":"ImageObject","inLanguage":"pt-PT","@id":"https:\/\/www.ecosolucionesquimicas.es\/pt-pt\/producto\/champo-para-tuneis-de-lavagem-e-maquinas-de-pressao\/#primaryimage","url":"https:\/\/www.ecosolucionesquimicas.es\/wp-content\/uploads\/2024\/02\/ECO-104444-scaled.jpg","contentUrl":"https:\/\/www.ecosolucionesquimicas.es\/wp-content\/uploads\/2024\/02\/ECO-104444-scaled.jpg","width":2350,"height":2560},{"@type":"BreadcrumbList","@id":"https:\/\/www.ecosolucionesquimicas.es\/pt-pt\/producto\/champo-para-tuneis-de-lavagem-e-maquinas-de-pressao\/#breadcrumb","itemListElement":[{"@type":"ListItem","position":1,"name":"Portada","item":"https:\/\/www.ecosolucionesquimicas.es\/pt-pt\/home\/"},{"@type":"ListItem","position":2,"name":"Lavadoras de t\u00faneis de champ\u00f4 e lavadoras de press\u00e3o"}]},{"@type":"WebSite","@id":"https:\/\/www.ecosolucionesquimicas.es\/pt-pt\/#website","url":"https:\/\/www.ecosolucionesquimicas.es\/pt-pt\/","name":"Ecosoluciones Qu\u00edmicas","description":"Compre produtos de limpeza e qu\u00edmicos, de fabrica\u00e7\u00e3o pr\u00f3pria, online.","publisher":{"@id":"https:\/\/www.ecosolucionesquimicas.es\/pt-pt\/#organization"},"alternateName":"EQM","potentialAction":[{"@type":"SearchAction","target":{"@type":"EntryPoint","urlTemplate":"https:\/\/www.ecosolucionesquimicas.es\/pt-pt\/?s={search_term_string}"},"query-input":{"@type":"PropertyValueSpecification","valueRequired":true,"valueName":"search_term_string"}}],"inLanguage":"pt-PT"},{"@type":"Organization","@id":"https:\/\/www.ecosolucionesquimicas.es\/pt-pt\/#organization","name":"Ecosoluciones Qu\u00edmicas","url":"https:\/\/www.ecosolucionesquimicas.es\/pt-pt\/","logo":{"@type":"ImageObject","inLanguage":"pt-PT","@id":"https:\/\/www.ecosolucionesquimicas.es\/pt-pt\/#\/schema\/logo\/image\/","url":"https:\/\/www.ecosolucionesquimicas.es\/wp-content\/uploads\/2024\/08\/LOGO-EQM-NUEVO-.png","contentUrl":"https:\/\/www.ecosolucionesquimicas.es\/wp-content\/uploads\/2024\/08\/LOGO-EQM-NUEVO-.png","width":1060,"height":456,"caption":"Ecosoluciones Qu\u00edmicas"},"image":{"@id":"https:\/\/www.ecosolucionesquimicas.es\/pt-pt\/#\/schema\/logo\/image\/"},"sameAs":["https:\/\/www.facebook.com\/ecosolucionesquimicasmadrid\/","https:\/\/www.instagram.com\/ecosolucionesquimicas\/"],"hasMerchantReturnPolicy":{"@type":"MerchantReturnPolicy","merchantReturnLink":"https:\/\/www.ecosolucionesquimicas.es\/refund_returns\/"}}]},"product_brand":"EQM","og_availability":"instock","product_availability":"instock","product_retailer_item_id":"ECO-104","product_condition":"new"},"_links":{"self":[{"href":"https:\/\/www.ecosolucionesquimicas.es\/pt-pt\/wp-json\/wp\/v2\/product\/10872","targetHints":{"allow":["GET"]}}],"collection":[{"href":"https:\/\/www.ecosolucionesquimicas.es\/pt-pt\/wp-json\/wp\/v2\/product"}],"about":[{"href":"https:\/\/www.ecosolucionesquimicas.es\/pt-pt\/wp-json\/wp\/v2\/types\/product"}],"wp:featuredmedia":[{"embeddable":true,"href":"https:\/\/www.ecosolucionesquimicas.es\/pt-pt\/wp-json\/wp\/v2\/media\/10881"}],"wp:attachment":[{"href":"https:\/\/www.ecosolucionesquimicas.es\/pt-pt\/wp-json\/wp\/v2\/media?parent=10872"}],"wp:term":[{"taxonomy":"product_brand","embeddable":true,"href":"https:\/\/www.ecosolucionesquimicas.es\/pt-pt\/wp-json\/wp\/v2\/product_brand?post=10872"},{"taxonomy":"product_cat","embeddable":true,"href":"https:\/\/www.ecosolucionesquimicas.es\/pt-pt\/wp-json\/wp\/v2\/product_cat?post=10872"},{"taxonomy":"product_tag","embeddable":true,"href":"https:\/\/www.ecosolucionesquimicas.es\/pt-pt\/wp-json\/wp\/v2\/product_tag?post=10872"}],"curies":[{"name":"wp","href":"https:\/\/api.w.org\/{rel}","templated":true}]}}