{"id":10871,"date":"2024-02-22T13:39:58","date_gmt":"2024-02-22T12:39:58","guid":{"rendered":"https:\/\/www.ecosolucionesquimicas.es\/producto\/tratamento-biologico-fossas-septicas\/"},"modified":"2025-11-15T14:38:23","modified_gmt":"2025-11-15T13:38:23","slug":"tratamento-biologico-fossas-septicas","status":"publish","type":"product","link":"https:\/\/www.ecosolucionesquimicas.es\/pt-pt\/producto\/tratamento-biologico-fossas-septicas\/","title":{"rendered":"Tratamento Biol\u00f3gico Fossas S\u00e9pticas"},"content":{"rendered":"<p><img fetchpriority=\"high\" decoding=\"async\" class=\"alignnone wp-image-2169\" src=\"https:\/\/www.ecosolucionesquimicas.es\/wp-content\/uploads\/2024\/02\/TRATAMIENTO-BIOLOGICO-FOSAS-SEPTICAS-foto-descripcion-300x188.jpg\" alt=\"\" width=\"550\" height=\"344\" srcset=\"https:\/\/www.ecosolucionesquimicas.es\/wp-content\/uploads\/2024\/02\/TRATAMIENTO-BIOLOGICO-FOSAS-SEPTICAS-foto-descripcion-300x188.jpg 300w, https:\/\/www.ecosolucionesquimicas.es\/wp-content\/uploads\/2024\/02\/TRATAMIENTO-BIOLOGICO-FOSAS-SEPTICAS-foto-descripcion-1024x640.jpg 1024w, https:\/\/www.ecosolucionesquimicas.es\/wp-content\/uploads\/2024\/02\/TRATAMIENTO-BIOLOGICO-FOSAS-SEPTICAS-foto-descripcion-768x480.jpg 768w, https:\/\/www.ecosolucionesquimicas.es\/wp-content\/uploads\/2024\/02\/TRATAMIENTO-BIOLOGICO-FOSAS-SEPTICAS-foto-descripcion-600x375.jpg 600w, https:\/\/www.ecosolucionesquimicas.es\/wp-content\/uploads\/2024\/02\/TRATAMIENTO-BIOLOGICO-FOSAS-SEPTICAS-foto-descripcion.jpg 1080w\" sizes=\"(max-width: 550px) 100vw, 550px\" \/><\/p>\n<p><strong>APLICA\u00c7\u00d5ES<\/strong><\/p>\n<p>\u2714 <strong>Limpeza de ralos<\/strong>: Decomp\u00f5e a mat\u00e9ria org\u00e2nica acumulada, prevenindo obstru\u00e7\u00f5es e maus odores.<br \/>\n\u2714 <strong>Tratamento de \u00e1guas residuais<\/strong>: Melhora o tratamento biol\u00f3gico em esta\u00e7\u00f5es, reduzindo os s\u00f3lidos suspensos e melhorando a qualidade do efluente.<br \/>\n\u2714 <strong>Controlo de odores<\/strong>: Elimina odores desagrad\u00e1veis em instala\u00e7\u00f5es de tratamento de \u00e1guas residuais e em \u00e1reas agr\u00edcolas ou pecu\u00e1rias.<br \/>\n\u2714 <strong>Elimina\u00e7\u00e3o de acumula\u00e7\u00f5es em sumidouros<\/strong>: Desintegra res\u00edduos org\u00e2nicos que causam obstru\u00e7\u00f5es e maus odores.<br \/>\n\u2714 <strong>Manuten\u00e7\u00e3o de fossas s\u00e9pticas<\/strong>: Melhora a decomposi\u00e7\u00e3o de res\u00edduos s\u00f3lidos, reduzindo a frequ\u00eancia de bombagem e mantendo a funcionalidade.<br \/>\n\u2714 <strong>Desodoriza\u00e7\u00e3o de urin\u00f3is e lavat\u00f3rios<\/strong>: Elimina maus odores em instala\u00e7\u00f5es p\u00fablicas e privadas.<br \/>\n\u2714 <strong>Tratamento de desperd\u00edcios org\u00e2nicos<\/strong>: Facilita a decomposi\u00e7\u00e3o de res\u00edduos org\u00e2nicos em compostagem e outros sistemas de gest\u00e3o de res\u00edduos.<\/p>\n<p><strong>JUNTO COM O PRODUTO, S\u00c3O INCLU\u00cdDAS AS INSTRU\u00c7\u00d5ES DE UTILIZA\u00c7\u00c3O PARA TODO O TIPO DE INSTALA\u00c7\u00d5ES.<\/strong><\/p>\n","protected":false},"excerpt":{"rendered":"<p>\u2705 <strong>ECO-701 \u00c9 UM COMPOSTO BIOL\u00d3GICO PARA A LIMPEZA DE RALOS E TRATAMENTO DE \u00c1GUAS RESIDUAIS<\/strong>. Utiliza um sistema estabilizado de esporos bacterianos para uma limpeza eficaz. <\/p>\n<p>\u2705 <strong>CONT\u00c9M CEPAS DO G\u00c9NERO BACILLUS<\/strong>. Estas cepas s\u00e3o eficazes no controlo de odores, elimina\u00e7\u00e3o de acumula\u00e7\u00f5es em sumidouros, manuten\u00e7\u00e3o de fossas s\u00e9pticas e desodoriza\u00e7\u00e3o de urin\u00f3is e lavat\u00f3rios. <\/p>\n<p>\u2705 <strong>LONGA VIDA \u00daTIL GRA\u00c7AS \u00c0 SUA FORMA DE CULTIVO ESPORULADO<\/strong>. Os esporos mant\u00eam-se inativos at\u00e9 entrarem em contacto com res\u00edduos org\u00e2nicos, ativando-se para realizar a sua fun\u00e7\u00e3o. <\/p>\n<p>\u2705 <strong>PRODUTO ECOL\u00d3GICO BASEADO EM MICROORGANISMOS<\/strong>. Decomp\u00f5e res\u00edduos de forma natural, sem danificar o meio ambiente nem gerar res\u00edduos t\u00f3xicos. <\/p>\n<p>\u2705 <strong>FORMATO DE 25 LITROS.<\/strong> Produto unicamente dispon\u00edvel sob pedido. <a href=\"https:\/\/www.ecosolucionesquimicas.es\/solicita-presupuesto\/\">Solicite o seu or\u00e7amento<\/a>.<\/p>\n<p><strong>\u26ab<\/strong><strong> Refer\u00eancia: ECO-701<\/strong><\/p>\n","protected":false},"featured_media":10875,"template":"","meta":[],"product_brand":[225],"product_cat":[329],"product_tag":[331,333,330,332],"class_list":{"0":"post-10871","1":"product","2":"type-product","3":"status-publish","4":"has-post-thumbnail","6":"product_brand-eqm","7":"product_cat-tratamento-biologico","8":"product_tag-desodorizante","9":"product_tag-fossas-septicas","10":"product_tag-ralos","11":"product_tag-septicas","13":"first","14":"outofstock","15":"taxable","16":"shipping-taxable","17":"purchasable","18":"product-type-simple"},"acf":[],"yoast_head":"<!-- This site is optimized with the Yoast SEO Premium plugin v27.1 (Yoast SEO v27.4) - https:\/\/yoast.com\/product\/yoast-seo-premium-wordpress\/ -->\n<title>Tratamento Biol\u00f3gico Fossas S\u00e9pticas - Ecosoluciones Qu\u00edmicas<\/title>\n<meta name=\"robots\" content=\"index, follow, max-snippet:-1, max-image-preview:large, max-video-preview:-1\" \/>\n<link rel=\"canonical\" href=\"https:\/\/www.ecosolucionesquimicas.es\/pt-pt\/producto\/tratamento-biologico-fossas-septicas\/\" \/>\n<meta property=\"og:locale\" content=\"pt_PT\" \/>\n<meta property=\"og:type\" content=\"article\" \/>\n<meta property=\"og:title\" content=\"Tratamento Biol\u00f3gico Fossas S\u00e9pticas\" \/>\n<meta property=\"og:description\" content=\"\u2705 ECO-701 \u00c9 UM COMPOSTO BIOL\u00d3GICO PARA A LIMPEZA DE RALOS E TRATAMENTO DE \u00c1GUAS RESIDUAIS. Utiliza um sistema estabilizado de esporos bacterianos para uma limpeza eficaz.  \u2705 CONT\u00c9M CEPAS DO G\u00c9NERO BACILLUS. Estas cepas s\u00e3o eficazes no controlo de odores, elimina\u00e7\u00e3o de acumula\u00e7\u00f5es em sumidouros, manuten\u00e7\u00e3o de fossas s\u00e9pticas e desodoriza\u00e7\u00e3o de urin\u00f3is e lavat\u00f3rios.  \u2705 LONGA VIDA \u00daTIL GRA\u00c7AS \u00c0 SUA FORMA DE CULTIVO ESPORULADO. Os esporos mant\u00eam-se inativos at\u00e9 entrarem em contacto com res\u00edduos org\u00e2nicos, ativando-se para realizar a sua fun\u00e7\u00e3o.  \u2705 PRODUTO ECOL\u00d3GICO BASEADO EM MICROORGANISMOS. Decomp\u00f5e res\u00edduos de forma natural, sem danificar o meio ambiente nem gerar res\u00edduos t\u00f3xicos.  \u2705 FORMATO DE 25 LITROS. Produto unicamente dispon\u00edvel sob pedido. Solicite o seu or\u00e7amento. \u26ab Refer\u00eancia: ECO-701\" \/>\n<meta property=\"og:url\" content=\"https:\/\/www.ecosolucionesquimicas.es\/pt-pt\/producto\/tratamento-biologico-fossas-septicas\/\" \/>\n<meta property=\"og:site_name\" content=\"Ecosoluciones Qu\u00edmicas\" \/>\n<meta property=\"article:publisher\" content=\"https:\/\/www.facebook.com\/ecosolucionesquimicasmadrid\/\" \/>\n<meta property=\"article:modified_time\" content=\"2025-11-15T13:38:23+00:00\" \/>\n<meta property=\"og:image\" content=\"https:\/\/www.ecosolucionesquimicas.es\/wp-content\/uploads\/2024\/02\/ECO-701-25L-ANTIGUA-scaled.jpg\" \/>\n\t<meta property=\"og:image:width\" content=\"2350\" \/>\n\t<meta property=\"og:image:height\" content=\"2560\" \/>\n\t<meta property=\"og:image:type\" content=\"image\/jpeg\" \/>\n<meta name=\"twitter:card\" content=\"summary_large_image\" \/>\n<meta name=\"twitter:label1\" content=\"pre\u00e7o\" \/>\n\t<meta name=\"twitter:data1\" content=\"3,62&nbsp;&euro; IVA inc.\" \/>\n\t<meta name=\"twitter:label2\" content=\"Disponibilidade\" \/>\n\t<meta name=\"twitter:data2\" content=\"Esgotado\" \/>\n<script type=\"application\/ld+json\" class=\"yoast-schema-graph\">{\"@context\":\"https:\\\/\\\/schema.org\",\"@graph\":[{\"@type\":\"WebPage\",\"@id\":\"https:\\\/\\\/www.ecosolucionesquimicas.es\\\/pt-pt\\\/producto\\\/tratamento-biologico-fossas-septicas\\\/\",\"url\":\"https:\\\/\\\/www.ecosolucionesquimicas.es\\\/pt-pt\\\/producto\\\/tratamento-biologico-fossas-septicas\\\/\",\"name\":\"Tratamento Biol\u00f3gico Fossas S\u00e9pticas - Ecosoluciones Qu\u00edmicas\",\"isPartOf\":{\"@id\":\"https:\\\/\\\/www.ecosolucionesquimicas.es\\\/pt-pt\\\/#website\"},\"primaryImageOfPage\":{\"@id\":\"https:\\\/\\\/www.ecosolucionesquimicas.es\\\/pt-pt\\\/producto\\\/tratamento-biologico-fossas-septicas\\\/#primaryimage\"},\"image\":{\"@id\":\"https:\\\/\\\/www.ecosolucionesquimicas.es\\\/pt-pt\\\/producto\\\/tratamento-biologico-fossas-septicas\\\/#primaryimage\"},\"thumbnailUrl\":\"https:\\\/\\\/www.ecosolucionesquimicas.es\\\/wp-content\\\/uploads\\\/2024\\\/02\\\/ECO-701-25L-ANTIGUA-scaled.jpg\",\"datePublished\":\"2024-02-22T12:39:58+00:00\",\"dateModified\":\"2025-11-15T13:38:23+00:00\",\"breadcrumb\":{\"@id\":\"https:\\\/\\\/www.ecosolucionesquimicas.es\\\/pt-pt\\\/producto\\\/tratamento-biologico-fossas-septicas\\\/#breadcrumb\"},\"inLanguage\":\"pt-PT\",\"potentialAction\":[{\"@type\":\"ReadAction\",\"target\":[\"https:\\\/\\\/www.ecosolucionesquimicas.es\\\/pt-pt\\\/producto\\\/tratamento-biologico-fossas-septicas\\\/\"]}]},{\"@type\":\"ImageObject\",\"inLanguage\":\"pt-PT\",\"@id\":\"https:\\\/\\\/www.ecosolucionesquimicas.es\\\/pt-pt\\\/producto\\\/tratamento-biologico-fossas-septicas\\\/#primaryimage\",\"url\":\"https:\\\/\\\/www.ecosolucionesquimicas.es\\\/wp-content\\\/uploads\\\/2024\\\/02\\\/ECO-701-25L-ANTIGUA-scaled.jpg\",\"contentUrl\":\"https:\\\/\\\/www.ecosolucionesquimicas.es\\\/wp-content\\\/uploads\\\/2024\\\/02\\\/ECO-701-25L-ANTIGUA-scaled.jpg\",\"width\":2350,\"height\":2560},{\"@type\":\"BreadcrumbList\",\"@id\":\"https:\\\/\\\/www.ecosolucionesquimicas.es\\\/pt-pt\\\/producto\\\/tratamento-biologico-fossas-septicas\\\/#breadcrumb\",\"itemListElement\":[{\"@type\":\"ListItem\",\"position\":1,\"name\":\"Portada\",\"item\":\"https:\\\/\\\/www.ecosolucionesquimicas.es\\\/pt-pt\\\/home\\\/\"},{\"@type\":\"ListItem\",\"position\":2,\"name\":\"Tratamento Biol\u00f3gico Fossas S\u00e9pticas\"}]},{\"@type\":\"WebSite\",\"@id\":\"https:\\\/\\\/www.ecosolucionesquimicas.es\\\/pt-pt\\\/#website\",\"url\":\"https:\\\/\\\/www.ecosolucionesquimicas.es\\\/pt-pt\\\/\",\"name\":\"Ecosoluciones Qu\u00edmicas\",\"description\":\"Compre produtos de limpeza e qu\u00edmicos, de fabrica\u00e7\u00e3o pr\u00f3pria, online.\",\"publisher\":{\"@id\":\"https:\\\/\\\/www.ecosolucionesquimicas.es\\\/pt-pt\\\/#organization\"},\"alternateName\":\"EQM\",\"potentialAction\":[{\"@type\":\"SearchAction\",\"target\":{\"@type\":\"EntryPoint\",\"urlTemplate\":\"https:\\\/\\\/www.ecosolucionesquimicas.es\\\/pt-pt\\\/?s={search_term_string}\"},\"query-input\":{\"@type\":\"PropertyValueSpecification\",\"valueRequired\":true,\"valueName\":\"search_term_string\"}}],\"inLanguage\":\"pt-PT\"},{\"@type\":\"Organization\",\"@id\":\"https:\\\/\\\/www.ecosolucionesquimicas.es\\\/pt-pt\\\/#organization\",\"name\":\"Ecosoluciones Qu\u00edmicas\",\"url\":\"https:\\\/\\\/www.ecosolucionesquimicas.es\\\/pt-pt\\\/\",\"logo\":{\"@type\":\"ImageObject\",\"inLanguage\":\"pt-PT\",\"@id\":\"https:\\\/\\\/www.ecosolucionesquimicas.es\\\/pt-pt\\\/#\\\/schema\\\/logo\\\/image\\\/\",\"url\":\"https:\\\/\\\/www.ecosolucionesquimicas.es\\\/wp-content\\\/uploads\\\/2024\\\/08\\\/LOGO-EQM-NUEVO-.png\",\"contentUrl\":\"https:\\\/\\\/www.ecosolucionesquimicas.es\\\/wp-content\\\/uploads\\\/2024\\\/08\\\/LOGO-EQM-NUEVO-.png\",\"width\":1060,\"height\":456,\"caption\":\"Ecosoluciones Qu\u00edmicas\"},\"image\":{\"@id\":\"https:\\\/\\\/www.ecosolucionesquimicas.es\\\/pt-pt\\\/#\\\/schema\\\/logo\\\/image\\\/\"},\"sameAs\":[\"https:\\\/\\\/www.facebook.com\\\/ecosolucionesquimicasmadrid\\\/\",\"https:\\\/\\\/www.instagram.com\\\/ecosolucionesquimicas\\\/\"],\"hasMerchantReturnPolicy\":{\"@type\":\"MerchantReturnPolicy\",\"merchantReturnLink\":\"https:\\\/\\\/www.ecosolucionesquimicas.es\\\/refund_returns\\\/\"}}]}<\/script>\n<meta property=\"product:brand\" content=\"EQM\" \/>\n<meta property=\"product:price:amount\" content=\"3.62\" \/>\n<meta property=\"product:price:currency\" content=\"EUR\" \/>\n<meta property=\"og:availability\" content=\"out of stock\" \/>\n<meta property=\"product:availability\" content=\"out of stock\" \/>\n<meta property=\"product:retailer_item_id\" content=\"ECO-701\" \/>\n<meta property=\"product:condition\" content=\"new\" \/>\n<!-- \/ Yoast SEO Premium plugin. -->","yoast_head_json":{"title":"Tratamento Biol\u00f3gico Fossas S\u00e9pticas - Ecosoluciones Qu\u00edmicas","robots":{"index":"index","follow":"follow","max-snippet":"max-snippet:-1","max-image-preview":"max-image-preview:large","max-video-preview":"max-video-preview:-1"},"canonical":"https:\/\/www.ecosolucionesquimicas.es\/pt-pt\/producto\/tratamento-biologico-fossas-septicas\/","og_locale":"pt_PT","og_type":"article","og_title":"Tratamento Biol\u00f3gico Fossas S\u00e9pticas","og_description":"\u2705 ECO-701 \u00c9 UM COMPOSTO BIOL\u00d3GICO PARA A LIMPEZA DE RALOS E TRATAMENTO DE \u00c1GUAS RESIDUAIS. Utiliza um sistema estabilizado de esporos bacterianos para uma limpeza eficaz.  \u2705 CONT\u00c9M CEPAS DO G\u00c9NERO BACILLUS. Estas cepas s\u00e3o eficazes no controlo de odores, elimina\u00e7\u00e3o de acumula\u00e7\u00f5es em sumidouros, manuten\u00e7\u00e3o de fossas s\u00e9pticas e desodoriza\u00e7\u00e3o de urin\u00f3is e lavat\u00f3rios.  \u2705 LONGA VIDA \u00daTIL GRA\u00c7AS \u00c0 SUA FORMA DE CULTIVO ESPORULADO. Os esporos mant\u00eam-se inativos at\u00e9 entrarem em contacto com res\u00edduos org\u00e2nicos, ativando-se para realizar a sua fun\u00e7\u00e3o.  \u2705 PRODUTO ECOL\u00d3GICO BASEADO EM MICROORGANISMOS. Decomp\u00f5e res\u00edduos de forma natural, sem danificar o meio ambiente nem gerar res\u00edduos t\u00f3xicos.  \u2705 FORMATO DE 25 LITROS. Produto unicamente dispon\u00edvel sob pedido. Solicite o seu or\u00e7amento. \u26ab Refer\u00eancia: ECO-701","og_url":"https:\/\/www.ecosolucionesquimicas.es\/pt-pt\/producto\/tratamento-biologico-fossas-septicas\/","og_site_name":"Ecosoluciones Qu\u00edmicas","article_publisher":"https:\/\/www.facebook.com\/ecosolucionesquimicasmadrid\/","article_modified_time":"2025-11-15T13:38:23+00:00","og_image":[{"width":2350,"height":2560,"url":"https:\/\/www.ecosolucionesquimicas.es\/wp-content\/uploads\/2024\/02\/ECO-701-25L-ANTIGUA-scaled.jpg","type":"image\/jpeg"}],"twitter_card":"summary_large_image","twitter_misc":{"pre\u00e7o":"3,62&nbsp;&euro; IVA inc.","Disponibilidade":"Esgotado"},"schema":{"@context":"https:\/\/schema.org","@graph":[{"@type":"WebPage","@id":"https:\/\/www.ecosolucionesquimicas.es\/pt-pt\/producto\/tratamento-biologico-fossas-septicas\/","url":"https:\/\/www.ecosolucionesquimicas.es\/pt-pt\/producto\/tratamento-biologico-fossas-septicas\/","name":"Tratamento Biol\u00f3gico Fossas S\u00e9pticas - Ecosoluciones Qu\u00edmicas","isPartOf":{"@id":"https:\/\/www.ecosolucionesquimicas.es\/pt-pt\/#website"},"primaryImageOfPage":{"@id":"https:\/\/www.ecosolucionesquimicas.es\/pt-pt\/producto\/tratamento-biologico-fossas-septicas\/#primaryimage"},"image":{"@id":"https:\/\/www.ecosolucionesquimicas.es\/pt-pt\/producto\/tratamento-biologico-fossas-septicas\/#primaryimage"},"thumbnailUrl":"https:\/\/www.ecosolucionesquimicas.es\/wp-content\/uploads\/2024\/02\/ECO-701-25L-ANTIGUA-scaled.jpg","datePublished":"2024-02-22T12:39:58+00:00","dateModified":"2025-11-15T13:38:23+00:00","breadcrumb":{"@id":"https:\/\/www.ecosolucionesquimicas.es\/pt-pt\/producto\/tratamento-biologico-fossas-septicas\/#breadcrumb"},"inLanguage":"pt-PT","potentialAction":[{"@type":"ReadAction","target":["https:\/\/www.ecosolucionesquimicas.es\/pt-pt\/producto\/tratamento-biologico-fossas-septicas\/"]}]},{"@type":"ImageObject","inLanguage":"pt-PT","@id":"https:\/\/www.ecosolucionesquimicas.es\/pt-pt\/producto\/tratamento-biologico-fossas-septicas\/#primaryimage","url":"https:\/\/www.ecosolucionesquimicas.es\/wp-content\/uploads\/2024\/02\/ECO-701-25L-ANTIGUA-scaled.jpg","contentUrl":"https:\/\/www.ecosolucionesquimicas.es\/wp-content\/uploads\/2024\/02\/ECO-701-25L-ANTIGUA-scaled.jpg","width":2350,"height":2560},{"@type":"BreadcrumbList","@id":"https:\/\/www.ecosolucionesquimicas.es\/pt-pt\/producto\/tratamento-biologico-fossas-septicas\/#breadcrumb","itemListElement":[{"@type":"ListItem","position":1,"name":"Portada","item":"https:\/\/www.ecosolucionesquimicas.es\/pt-pt\/home\/"},{"@type":"ListItem","position":2,"name":"Tratamento Biol\u00f3gico Fossas S\u00e9pticas"}]},{"@type":"WebSite","@id":"https:\/\/www.ecosolucionesquimicas.es\/pt-pt\/#website","url":"https:\/\/www.ecosolucionesquimicas.es\/pt-pt\/","name":"Ecosoluciones Qu\u00edmicas","description":"Compre produtos de limpeza e qu\u00edmicos, de fabrica\u00e7\u00e3o pr\u00f3pria, online.","publisher":{"@id":"https:\/\/www.ecosolucionesquimicas.es\/pt-pt\/#organization"},"alternateName":"EQM","potentialAction":[{"@type":"SearchAction","target":{"@type":"EntryPoint","urlTemplate":"https:\/\/www.ecosolucionesquimicas.es\/pt-pt\/?s={search_term_string}"},"query-input":{"@type":"PropertyValueSpecification","valueRequired":true,"valueName":"search_term_string"}}],"inLanguage":"pt-PT"},{"@type":"Organization","@id":"https:\/\/www.ecosolucionesquimicas.es\/pt-pt\/#organization","name":"Ecosoluciones Qu\u00edmicas","url":"https:\/\/www.ecosolucionesquimicas.es\/pt-pt\/","logo":{"@type":"ImageObject","inLanguage":"pt-PT","@id":"https:\/\/www.ecosolucionesquimicas.es\/pt-pt\/#\/schema\/logo\/image\/","url":"https:\/\/www.ecosolucionesquimicas.es\/wp-content\/uploads\/2024\/08\/LOGO-EQM-NUEVO-.png","contentUrl":"https:\/\/www.ecosolucionesquimicas.es\/wp-content\/uploads\/2024\/08\/LOGO-EQM-NUEVO-.png","width":1060,"height":456,"caption":"Ecosoluciones Qu\u00edmicas"},"image":{"@id":"https:\/\/www.ecosolucionesquimicas.es\/pt-pt\/#\/schema\/logo\/image\/"},"sameAs":["https:\/\/www.facebook.com\/ecosolucionesquimicasmadrid\/","https:\/\/www.instagram.com\/ecosolucionesquimicas\/"],"hasMerchantReturnPolicy":{"@type":"MerchantReturnPolicy","merchantReturnLink":"https:\/\/www.ecosolucionesquimicas.es\/refund_returns\/"}}]},"product_brand":"EQM","product_price_amount":"3.62","product_price_currency":"EUR","og_availability":"out of stock","product_availability":"out of stock","product_retailer_item_id":"ECO-701","product_condition":"new"},"_links":{"self":[{"href":"https:\/\/www.ecosolucionesquimicas.es\/pt-pt\/wp-json\/wp\/v2\/product\/10871","targetHints":{"allow":["GET"]}}],"collection":[{"href":"https:\/\/www.ecosolucionesquimicas.es\/pt-pt\/wp-json\/wp\/v2\/product"}],"about":[{"href":"https:\/\/www.ecosolucionesquimicas.es\/pt-pt\/wp-json\/wp\/v2\/types\/product"}],"wp:featuredmedia":[{"embeddable":true,"href":"https:\/\/www.ecosolucionesquimicas.es\/pt-pt\/wp-json\/wp\/v2\/media\/10875"}],"wp:attachment":[{"href":"https:\/\/www.ecosolucionesquimicas.es\/pt-pt\/wp-json\/wp\/v2\/media?parent=10871"}],"wp:term":[{"taxonomy":"product_brand","embeddable":true,"href":"https:\/\/www.ecosolucionesquimicas.es\/pt-pt\/wp-json\/wp\/v2\/product_brand?post=10871"},{"taxonomy":"product_cat","embeddable":true,"href":"https:\/\/www.ecosolucionesquimicas.es\/pt-pt\/wp-json\/wp\/v2\/product_cat?post=10871"},{"taxonomy":"product_tag","embeddable":true,"href":"https:\/\/www.ecosolucionesquimicas.es\/pt-pt\/wp-json\/wp\/v2\/product_tag?post=10871"}],"curies":[{"name":"wp","href":"https:\/\/api.w.org\/{rel}","templated":true}]}}