{"id":10863,"date":"2024-02-22T13:39:59","date_gmt":"2024-02-22T12:39:59","guid":{"rendered":"https:\/\/www.ecosolucionesquimicas.es\/producto\/monoetilenoglicol-meg-puro\/"},"modified":"2025-11-15T14:38:21","modified_gmt":"2025-11-15T13:38:21","slug":"monoetilenoglicol-meg-puro","status":"publish","type":"product","link":"https:\/\/www.ecosolucionesquimicas.es\/pt-pt\/producto\/monoetilenoglicol-meg-puro\/","title":{"rendered":"Monoetilenoglicol (MEG) Puro"},"content":{"rendered":"<p><img fetchpriority=\"high\" decoding=\"async\" class=\"wp-image-3964\" src=\"https:\/\/www.ecosolucionesquimicas.es\/wp-content\/uploads\/2024\/02\/ETILENGLICOL-300x200.jpg\" alt=\"\" width=\"550\" height=\"367\" srcset=\"https:\/\/www.ecosolucionesquimicas.es\/wp-content\/uploads\/2024\/02\/ETILENGLICOL-300x200.jpg 300w, https:\/\/www.ecosolucionesquimicas.es\/wp-content\/uploads\/2024\/02\/ETILENGLICOL-1024x683.jpg 1024w, https:\/\/www.ecosolucionesquimicas.es\/wp-content\/uploads\/2024\/02\/ETILENGLICOL-768x512.jpg 768w, https:\/\/www.ecosolucionesquimicas.es\/wp-content\/uploads\/2024\/02\/ETILENGLICOL-1536x1024.jpg 1536w, https:\/\/www.ecosolucionesquimicas.es\/wp-content\/uploads\/2024\/02\/ETILENGLICOL-2048x1365.jpg 2048w, https:\/\/www.ecosolucionesquimicas.es\/wp-content\/uploads\/2024\/02\/ETILENGLICOL-600x400.jpg 600w\" sizes=\"(max-width: 550px) 100vw, 550px\" \/><\/p>\n<p><strong>APLICA\u00c7\u00d5ES<\/strong><\/p>\n<p>\u2714 <strong>Sistemas de refrigera\u00e7\u00e3o<\/strong>: Ideal para proteger sistemas industriais e comerciais contra congelamento e sobreaquecimento.<br \/>\n\u2714 <strong>Sistemas de aquecimento<\/strong>: Mant\u00e9m a temperatura ideal em radiadores e aquecimento central, evitando o congelamento em climas frios.<br \/>\n\u2714 <strong>Circuitos de energia solar<\/strong>: Protege instala\u00e7\u00f5es solares t\u00e9rmicas contra danos por congelamento.<br \/>\n\u2714 <strong>Climatiza\u00e7\u00e3o e ventila\u00e7\u00e3o<\/strong>: Melhora a efici\u00eancia t\u00e9rmica e previne o congelamento em equipamentos de climatiza\u00e7\u00e3o.<br \/>\n\u2714 <strong>Processos industriais<\/strong>: Controla a temperatura em sistemas de fluidos, evitando o congelamento em processos industriais.<\/p>\n","protected":false},"excerpt":{"rendered":"<p><strong>\u2705<\/strong><strong> ECO-603 \u00c9 UM MONOETILENOGLICOL DE ALTA QUALIDADE<\/strong>. Utilizado principalmente como refrigerante e anticongelante, \u00e9 adequado para sistemas de arrefecimento em motores de autom\u00f3veis, cami\u00f5es, maquinaria pesada, bem como em refrigera\u00e7\u00e3o industrial e sistemas HVAC. <\/p>\n<p><strong>\u2705<\/strong><strong> IDEAL PARA EVITAR O SOBREAQUECIMENTO E O CONGELAMENTO<\/strong>. Oferece prote\u00e7\u00e3o tanto em climas quentes como frios, gra\u00e7as \u00e0 sua excelente capacidade de transfer\u00eancia de calor, o que melhora a efici\u00eancia dos sistemas. <\/p>\n<p><strong>\u2705<\/strong><strong> PREVINE A CORROS\u00c3O E A FORMA\u00c7\u00c3O DE INCRUSTA\u00c7\u00d5ES<\/strong>. Proporciona uma prote\u00e7\u00e3o duradoura, assegurando que o equipamento esteja livre de danos a longo prazo e que o sistema funcione sem problemas. <\/p>\n<p><strong>\u2705<\/strong><strong> PROTEGE EM TEMPERATURAS EXTREMAS<\/strong>. Mant\u00e9m a sua fluidez no frio e resiste ao calor, assegurando um desempenho \u00f3timo em condi\u00e7\u00f5es adversas. Isto prolonga a vida \u00fatil do equipamento e garante a sua fiabilidade.  <\/p>\n<p>\u2705 <strong>FORMATO DE 5 LITROS.<\/strong> Pode solicitar um or\u00e7amento de 20L, 200L ou 1000L em <a href=\"https:\/\/www.ecosolucionesquimicas.es\/solicita-presupuesto\/\">Solicite o seu or\u00e7amento<\/a>.<\/p>\n<p><strong>\u26ab<\/strong><strong> Refer\u00eancia: ECO-603<\/strong><\/p>\n","protected":false},"featured_media":10866,"template":"","meta":[],"product_brand":[225],"product_cat":[312],"product_tag":[328],"class_list":{"0":"post-10863","1":"product","2":"type-product","3":"status-publish","4":"has-post-thumbnail","6":"product_brand-eqm","7":"product_cat-anticongelantes-e-glicois-puros","8":"product_tag-monoetilenoglicol","10":"first","11":"outofstock","12":"taxable","13":"shipping-taxable","14":"purchasable","15":"product-type-variable"},"acf":[],"yoast_head":"<!-- This site is optimized with the Yoast SEO Premium plugin v27.1 (Yoast SEO v27.4) - https:\/\/yoast.com\/product\/yoast-seo-premium-wordpress\/ -->\n<title>Monoetilenoglicol (MEG) Puro - Ecosoluciones Qu\u00edmicas<\/title>\n<meta name=\"robots\" content=\"index, follow, max-snippet:-1, max-image-preview:large, max-video-preview:-1\" \/>\n<link rel=\"canonical\" href=\"https:\/\/www.ecosolucionesquimicas.es\/pt-pt\/producto\/monoetilenoglicol-meg-puro\/\" \/>\n<meta property=\"og:locale\" content=\"pt_PT\" \/>\n<meta property=\"og:type\" content=\"article\" \/>\n<meta property=\"og:title\" content=\"Monoetilenoglicol (MEG) Puro\" \/>\n<meta property=\"og:description\" content=\"\u2705 ECO-603 \u00c9 UM MONOETILENOGLICOL DE ALTA QUALIDADE. Utilizado principalmente como refrigerante e anticongelante, \u00e9 adequado para sistemas de arrefecimento em motores de autom\u00f3veis, cami\u00f5es, maquinaria pesada, bem como em refrigera\u00e7\u00e3o industrial e sistemas HVAC.  \u2705 IDEAL PARA EVITAR O SOBREAQUECIMENTO E O CONGELAMENTO. Oferece prote\u00e7\u00e3o tanto em climas quentes como frios, gra\u00e7as \u00e0 sua excelente capacidade de transfer\u00eancia de calor, o que melhora a efici\u00eancia dos sistemas.  \u2705 PREVINE A CORROS\u00c3O E A FORMA\u00c7\u00c3O DE INCRUSTA\u00c7\u00d5ES. Proporciona uma prote\u00e7\u00e3o duradoura, assegurando que o equipamento esteja livre de danos a longo prazo e que o sistema funcione sem problemas.  \u2705 PROTEGE EM TEMPERATURAS EXTREMAS. Mant\u00e9m a sua fluidez no frio e resiste ao calor, assegurando um desempenho \u00f3timo em condi\u00e7\u00f5es adversas. Isto prolonga a vida \u00fatil do equipamento e garante a sua fiabilidade.  \u2705 FORMATO DE 5 LITROS. Pode solicitar um or\u00e7amento de 20L, 200L ou 1000L em Solicite o seu or\u00e7amento. \u26ab Refer\u00eancia: ECO-603\" \/>\n<meta property=\"og:url\" content=\"https:\/\/www.ecosolucionesquimicas.es\/pt-pt\/producto\/monoetilenoglicol-meg-puro\/\" \/>\n<meta property=\"og:site_name\" content=\"Ecosoluciones Qu\u00edmicas\" \/>\n<meta property=\"article:publisher\" content=\"https:\/\/www.facebook.com\/ecosolucionesquimicasmadrid\/\" \/>\n<meta property=\"article:modified_time\" content=\"2025-11-15T13:38:21+00:00\" \/>\n<meta property=\"og:image\" content=\"https:\/\/www.ecosolucionesquimicas.es\/wp-content\/uploads\/2024\/02\/603--scaled.jpg\" \/>\n\t<meta property=\"og:image:width\" content=\"2350\" \/>\n\t<meta property=\"og:image:height\" content=\"2560\" \/>\n\t<meta property=\"og:image:type\" content=\"image\/jpeg\" \/>\n<meta name=\"twitter:card\" content=\"summary_large_image\" \/>\n<meta name=\"twitter:label1\" content=\"Disponibilidade\" \/>\n\t<meta name=\"twitter:data1\" content=\"Esgotado\" \/>\n<script type=\"application\/ld+json\" class=\"yoast-schema-graph\">{\"@context\":\"https:\\\/\\\/schema.org\",\"@graph\":[{\"@type\":\"WebPage\",\"@id\":\"https:\\\/\\\/www.ecosolucionesquimicas.es\\\/pt-pt\\\/producto\\\/monoetilenoglicol-meg-puro\\\/\",\"url\":\"https:\\\/\\\/www.ecosolucionesquimicas.es\\\/pt-pt\\\/producto\\\/monoetilenoglicol-meg-puro\\\/\",\"name\":\"Monoetilenoglicol (MEG) Puro - Ecosoluciones Qu\u00edmicas\",\"isPartOf\":{\"@id\":\"https:\\\/\\\/www.ecosolucionesquimicas.es\\\/pt-pt\\\/#website\"},\"primaryImageOfPage\":{\"@id\":\"https:\\\/\\\/www.ecosolucionesquimicas.es\\\/pt-pt\\\/producto\\\/monoetilenoglicol-meg-puro\\\/#primaryimage\"},\"image\":{\"@id\":\"https:\\\/\\\/www.ecosolucionesquimicas.es\\\/pt-pt\\\/producto\\\/monoetilenoglicol-meg-puro\\\/#primaryimage\"},\"thumbnailUrl\":\"https:\\\/\\\/www.ecosolucionesquimicas.es\\\/wp-content\\\/uploads\\\/2024\\\/02\\\/603--scaled.jpg\",\"datePublished\":\"2024-02-22T12:39:59+00:00\",\"dateModified\":\"2025-11-15T13:38:21+00:00\",\"breadcrumb\":{\"@id\":\"https:\\\/\\\/www.ecosolucionesquimicas.es\\\/pt-pt\\\/producto\\\/monoetilenoglicol-meg-puro\\\/#breadcrumb\"},\"inLanguage\":\"pt-PT\",\"potentialAction\":[{\"@type\":\"ReadAction\",\"target\":[\"https:\\\/\\\/www.ecosolucionesquimicas.es\\\/pt-pt\\\/producto\\\/monoetilenoglicol-meg-puro\\\/\"]}]},{\"@type\":\"ImageObject\",\"inLanguage\":\"pt-PT\",\"@id\":\"https:\\\/\\\/www.ecosolucionesquimicas.es\\\/pt-pt\\\/producto\\\/monoetilenoglicol-meg-puro\\\/#primaryimage\",\"url\":\"https:\\\/\\\/www.ecosolucionesquimicas.es\\\/wp-content\\\/uploads\\\/2024\\\/02\\\/603--scaled.jpg\",\"contentUrl\":\"https:\\\/\\\/www.ecosolucionesquimicas.es\\\/wp-content\\\/uploads\\\/2024\\\/02\\\/603--scaled.jpg\",\"width\":2350,\"height\":2560},{\"@type\":\"BreadcrumbList\",\"@id\":\"https:\\\/\\\/www.ecosolucionesquimicas.es\\\/pt-pt\\\/producto\\\/monoetilenoglicol-meg-puro\\\/#breadcrumb\",\"itemListElement\":[{\"@type\":\"ListItem\",\"position\":1,\"name\":\"Portada\",\"item\":\"https:\\\/\\\/www.ecosolucionesquimicas.es\\\/pt-pt\\\/home\\\/\"},{\"@type\":\"ListItem\",\"position\":2,\"name\":\"Monoetilenoglicol (MEG) Puro\"}]},{\"@type\":\"WebSite\",\"@id\":\"https:\\\/\\\/www.ecosolucionesquimicas.es\\\/pt-pt\\\/#website\",\"url\":\"https:\\\/\\\/www.ecosolucionesquimicas.es\\\/pt-pt\\\/\",\"name\":\"Ecosoluciones Qu\u00edmicas\",\"description\":\"Compre produtos de limpeza e qu\u00edmicos, de fabrica\u00e7\u00e3o pr\u00f3pria, online.\",\"publisher\":{\"@id\":\"https:\\\/\\\/www.ecosolucionesquimicas.es\\\/pt-pt\\\/#organization\"},\"alternateName\":\"EQM\",\"potentialAction\":[{\"@type\":\"SearchAction\",\"target\":{\"@type\":\"EntryPoint\",\"urlTemplate\":\"https:\\\/\\\/www.ecosolucionesquimicas.es\\\/pt-pt\\\/?s={search_term_string}\"},\"query-input\":{\"@type\":\"PropertyValueSpecification\",\"valueRequired\":true,\"valueName\":\"search_term_string\"}}],\"inLanguage\":\"pt-PT\"},{\"@type\":\"Organization\",\"@id\":\"https:\\\/\\\/www.ecosolucionesquimicas.es\\\/pt-pt\\\/#organization\",\"name\":\"Ecosoluciones Qu\u00edmicas\",\"url\":\"https:\\\/\\\/www.ecosolucionesquimicas.es\\\/pt-pt\\\/\",\"logo\":{\"@type\":\"ImageObject\",\"inLanguage\":\"pt-PT\",\"@id\":\"https:\\\/\\\/www.ecosolucionesquimicas.es\\\/pt-pt\\\/#\\\/schema\\\/logo\\\/image\\\/\",\"url\":\"https:\\\/\\\/www.ecosolucionesquimicas.es\\\/wp-content\\\/uploads\\\/2024\\\/08\\\/LOGO-EQM-NUEVO-.png\",\"contentUrl\":\"https:\\\/\\\/www.ecosolucionesquimicas.es\\\/wp-content\\\/uploads\\\/2024\\\/08\\\/LOGO-EQM-NUEVO-.png\",\"width\":1060,\"height\":456,\"caption\":\"Ecosoluciones Qu\u00edmicas\"},\"image\":{\"@id\":\"https:\\\/\\\/www.ecosolucionesquimicas.es\\\/pt-pt\\\/#\\\/schema\\\/logo\\\/image\\\/\"},\"sameAs\":[\"https:\\\/\\\/www.facebook.com\\\/ecosolucionesquimicasmadrid\\\/\",\"https:\\\/\\\/www.instagram.com\\\/ecosolucionesquimicas\\\/\"],\"hasMerchantReturnPolicy\":{\"@type\":\"MerchantReturnPolicy\",\"merchantReturnLink\":\"https:\\\/\\\/www.ecosolucionesquimicas.es\\\/refund_returns\\\/\"}}]}<\/script>\n<meta property=\"product:brand\" content=\"EQM\" \/>\n<meta property=\"og:availability\" content=\"out of stock\" \/>\n<meta property=\"product:availability\" content=\"out of stock\" \/>\n<meta property=\"product:retailer_item_id\" content=\"ECO-603\" \/>\n<meta property=\"product:condition\" content=\"new\" \/>\n<!-- \/ Yoast SEO Premium plugin. -->","yoast_head_json":{"title":"Monoetilenoglicol (MEG) Puro - Ecosoluciones Qu\u00edmicas","robots":{"index":"index","follow":"follow","max-snippet":"max-snippet:-1","max-image-preview":"max-image-preview:large","max-video-preview":"max-video-preview:-1"},"canonical":"https:\/\/www.ecosolucionesquimicas.es\/pt-pt\/producto\/monoetilenoglicol-meg-puro\/","og_locale":"pt_PT","og_type":"article","og_title":"Monoetilenoglicol (MEG) Puro","og_description":"\u2705 ECO-603 \u00c9 UM MONOETILENOGLICOL DE ALTA QUALIDADE. Utilizado principalmente como refrigerante e anticongelante, \u00e9 adequado para sistemas de arrefecimento em motores de autom\u00f3veis, cami\u00f5es, maquinaria pesada, bem como em refrigera\u00e7\u00e3o industrial e sistemas HVAC.  \u2705 IDEAL PARA EVITAR O SOBREAQUECIMENTO E O CONGELAMENTO. Oferece prote\u00e7\u00e3o tanto em climas quentes como frios, gra\u00e7as \u00e0 sua excelente capacidade de transfer\u00eancia de calor, o que melhora a efici\u00eancia dos sistemas.  \u2705 PREVINE A CORROS\u00c3O E A FORMA\u00c7\u00c3O DE INCRUSTA\u00c7\u00d5ES. Proporciona uma prote\u00e7\u00e3o duradoura, assegurando que o equipamento esteja livre de danos a longo prazo e que o sistema funcione sem problemas.  \u2705 PROTEGE EM TEMPERATURAS EXTREMAS. Mant\u00e9m a sua fluidez no frio e resiste ao calor, assegurando um desempenho \u00f3timo em condi\u00e7\u00f5es adversas. Isto prolonga a vida \u00fatil do equipamento e garante a sua fiabilidade.  \u2705 FORMATO DE 5 LITROS. Pode solicitar um or\u00e7amento de 20L, 200L ou 1000L em Solicite o seu or\u00e7amento. \u26ab Refer\u00eancia: ECO-603","og_url":"https:\/\/www.ecosolucionesquimicas.es\/pt-pt\/producto\/monoetilenoglicol-meg-puro\/","og_site_name":"Ecosoluciones Qu\u00edmicas","article_publisher":"https:\/\/www.facebook.com\/ecosolucionesquimicasmadrid\/","article_modified_time":"2025-11-15T13:38:21+00:00","og_image":[{"width":2350,"height":2560,"url":"https:\/\/www.ecosolucionesquimicas.es\/wp-content\/uploads\/2024\/02\/603--scaled.jpg","type":"image\/jpeg"}],"twitter_card":"summary_large_image","twitter_misc":{"Disponibilidade":"Esgotado"},"schema":{"@context":"https:\/\/schema.org","@graph":[{"@type":"WebPage","@id":"https:\/\/www.ecosolucionesquimicas.es\/pt-pt\/producto\/monoetilenoglicol-meg-puro\/","url":"https:\/\/www.ecosolucionesquimicas.es\/pt-pt\/producto\/monoetilenoglicol-meg-puro\/","name":"Monoetilenoglicol (MEG) Puro - Ecosoluciones Qu\u00edmicas","isPartOf":{"@id":"https:\/\/www.ecosolucionesquimicas.es\/pt-pt\/#website"},"primaryImageOfPage":{"@id":"https:\/\/www.ecosolucionesquimicas.es\/pt-pt\/producto\/monoetilenoglicol-meg-puro\/#primaryimage"},"image":{"@id":"https:\/\/www.ecosolucionesquimicas.es\/pt-pt\/producto\/monoetilenoglicol-meg-puro\/#primaryimage"},"thumbnailUrl":"https:\/\/www.ecosolucionesquimicas.es\/wp-content\/uploads\/2024\/02\/603--scaled.jpg","datePublished":"2024-02-22T12:39:59+00:00","dateModified":"2025-11-15T13:38:21+00:00","breadcrumb":{"@id":"https:\/\/www.ecosolucionesquimicas.es\/pt-pt\/producto\/monoetilenoglicol-meg-puro\/#breadcrumb"},"inLanguage":"pt-PT","potentialAction":[{"@type":"ReadAction","target":["https:\/\/www.ecosolucionesquimicas.es\/pt-pt\/producto\/monoetilenoglicol-meg-puro\/"]}]},{"@type":"ImageObject","inLanguage":"pt-PT","@id":"https:\/\/www.ecosolucionesquimicas.es\/pt-pt\/producto\/monoetilenoglicol-meg-puro\/#primaryimage","url":"https:\/\/www.ecosolucionesquimicas.es\/wp-content\/uploads\/2024\/02\/603--scaled.jpg","contentUrl":"https:\/\/www.ecosolucionesquimicas.es\/wp-content\/uploads\/2024\/02\/603--scaled.jpg","width":2350,"height":2560},{"@type":"BreadcrumbList","@id":"https:\/\/www.ecosolucionesquimicas.es\/pt-pt\/producto\/monoetilenoglicol-meg-puro\/#breadcrumb","itemListElement":[{"@type":"ListItem","position":1,"name":"Portada","item":"https:\/\/www.ecosolucionesquimicas.es\/pt-pt\/home\/"},{"@type":"ListItem","position":2,"name":"Monoetilenoglicol (MEG) Puro"}]},{"@type":"WebSite","@id":"https:\/\/www.ecosolucionesquimicas.es\/pt-pt\/#website","url":"https:\/\/www.ecosolucionesquimicas.es\/pt-pt\/","name":"Ecosoluciones Qu\u00edmicas","description":"Compre produtos de limpeza e qu\u00edmicos, de fabrica\u00e7\u00e3o pr\u00f3pria, online.","publisher":{"@id":"https:\/\/www.ecosolucionesquimicas.es\/pt-pt\/#organization"},"alternateName":"EQM","potentialAction":[{"@type":"SearchAction","target":{"@type":"EntryPoint","urlTemplate":"https:\/\/www.ecosolucionesquimicas.es\/pt-pt\/?s={search_term_string}"},"query-input":{"@type":"PropertyValueSpecification","valueRequired":true,"valueName":"search_term_string"}}],"inLanguage":"pt-PT"},{"@type":"Organization","@id":"https:\/\/www.ecosolucionesquimicas.es\/pt-pt\/#organization","name":"Ecosoluciones Qu\u00edmicas","url":"https:\/\/www.ecosolucionesquimicas.es\/pt-pt\/","logo":{"@type":"ImageObject","inLanguage":"pt-PT","@id":"https:\/\/www.ecosolucionesquimicas.es\/pt-pt\/#\/schema\/logo\/image\/","url":"https:\/\/www.ecosolucionesquimicas.es\/wp-content\/uploads\/2024\/08\/LOGO-EQM-NUEVO-.png","contentUrl":"https:\/\/www.ecosolucionesquimicas.es\/wp-content\/uploads\/2024\/08\/LOGO-EQM-NUEVO-.png","width":1060,"height":456,"caption":"Ecosoluciones Qu\u00edmicas"},"image":{"@id":"https:\/\/www.ecosolucionesquimicas.es\/pt-pt\/#\/schema\/logo\/image\/"},"sameAs":["https:\/\/www.facebook.com\/ecosolucionesquimicasmadrid\/","https:\/\/www.instagram.com\/ecosolucionesquimicas\/"],"hasMerchantReturnPolicy":{"@type":"MerchantReturnPolicy","merchantReturnLink":"https:\/\/www.ecosolucionesquimicas.es\/refund_returns\/"}}]},"product_brand":"EQM","og_availability":"out of stock","product_availability":"out of stock","product_retailer_item_id":"ECO-603","product_condition":"new"},"_links":{"self":[{"href":"https:\/\/www.ecosolucionesquimicas.es\/pt-pt\/wp-json\/wp\/v2\/product\/10863","targetHints":{"allow":["GET"]}}],"collection":[{"href":"https:\/\/www.ecosolucionesquimicas.es\/pt-pt\/wp-json\/wp\/v2\/product"}],"about":[{"href":"https:\/\/www.ecosolucionesquimicas.es\/pt-pt\/wp-json\/wp\/v2\/types\/product"}],"wp:featuredmedia":[{"embeddable":true,"href":"https:\/\/www.ecosolucionesquimicas.es\/pt-pt\/wp-json\/wp\/v2\/media\/10866"}],"wp:attachment":[{"href":"https:\/\/www.ecosolucionesquimicas.es\/pt-pt\/wp-json\/wp\/v2\/media?parent=10863"}],"wp:term":[{"taxonomy":"product_brand","embeddable":true,"href":"https:\/\/www.ecosolucionesquimicas.es\/pt-pt\/wp-json\/wp\/v2\/product_brand?post=10863"},{"taxonomy":"product_cat","embeddable":true,"href":"https:\/\/www.ecosolucionesquimicas.es\/pt-pt\/wp-json\/wp\/v2\/product_cat?post=10863"},{"taxonomy":"product_tag","embeddable":true,"href":"https:\/\/www.ecosolucionesquimicas.es\/pt-pt\/wp-json\/wp\/v2\/product_tag?post=10863"}],"curies":[{"name":"wp","href":"https:\/\/api.w.org\/{rel}","templated":true}]}}