{"id":10829,"date":"2024-02-22T13:40:01","date_gmt":"2024-02-22T12:40:01","guid":{"rendered":"https:\/\/www.ecosolucionesquimicas.es\/producto\/anticongelante-refrigerante-circuito-energia-solar\/"},"modified":"2025-11-15T14:38:17","modified_gmt":"2025-11-15T13:38:17","slug":"anticongelante-refrigerante-circuito-energia-solar","status":"publish","type":"product","link":"https:\/\/www.ecosolucionesquimicas.es\/pt-pt\/producto\/anticongelante-refrigerante-circuito-energia-solar\/","title":{"rendered":"Anticongelante-Refrigerante Circuito Energia Solar"},"content":{"rendered":"<p><img fetchpriority=\"high\" decoding=\"async\" class=\"alignnone wp-image-2104\" src=\"https:\/\/www.ecosolucionesquimicas.es\/wp-content\/uploads\/2024\/02\/ANTICONGELANTE-REFRIGERANTE-PLACAS-SOLARES-foto-descripcion-300x214.jpg\" alt=\"\" width=\"550\" height=\"393\" srcset=\"https:\/\/www.ecosolucionesquimicas.es\/wp-content\/uploads\/2024\/02\/ANTICONGELANTE-REFRIGERANTE-PLACAS-SOLARES-foto-descripcion-300x214.jpg 300w, https:\/\/www.ecosolucionesquimicas.es\/wp-content\/uploads\/2024\/02\/ANTICONGELANTE-REFRIGERANTE-PLACAS-SOLARES-foto-descripcion-600x429.jpg 600w, https:\/\/www.ecosolucionesquimicas.es\/wp-content\/uploads\/2024\/02\/ANTICONGELANTE-REFRIGERANTE-PLACAS-SOLARES-foto-descripcion.jpg 700w\" sizes=\"(max-width: 550px) 100vw, 550px\" \/><\/p>\n<p><strong>MODO DE EMPREGO<\/strong><\/p>\n<div class=\"flex max-w-full flex-col flex-grow\">\n<div class=\"min-h-[20px] text-message flex w-full flex-col items-end gap-2 whitespace-normal break-words [.text-message+&amp;]:mt-5\" dir=\"auto\" data-message-author-role=\"assistant\" data-message-id=\"268195ea-ca7d-4efa-9a44-f5115b9363f6\">\n<div class=\"flex w-full flex-col gap-1 empty:hidden first:pt-[3px]\">\n<div class=\"markdown prose w-full break-words dark:prose-invert light\">\n<p>\ud83d\udd18 <strong>Prepara\u00e7\u00e3o<\/strong>: Limpe o sistema antes de adicionar ECO-601.<br \/>\n\ud83d\udd18 <strong>Mistura<\/strong>: Pronto a usar sem dilui\u00e7\u00e3o, mantendo a concentra\u00e7\u00e3o a 40 %.<br \/>\n\ud83d\udd18 <strong>Adicionar<\/strong>: Verta o produto diretamente no circuito, usando um funil se necess\u00e1rio.<br \/>\n\ud83d\udd18 <strong>Purgar<\/strong>: Elimine bolhas de ar para uma distribui\u00e7\u00e3o uniforme.<br \/>\n\ud83d\udd18 <strong>Verifica\u00e7\u00e3o<\/strong>: Verifique se existem fugas e se os n\u00edveis est\u00e3o corretos.<br \/>\n\ud83d\udd18 <strong>Manuten\u00e7\u00e3o<\/strong>: Realize controlos peri\u00f3dicos do sistema.<\/p>\n<\/div>\n<\/div>\n<\/div>\n<\/div>\n","protected":false},"excerpt":{"rendered":"<p><strong>\u2705<\/strong><strong> ANTICONGELANTE-REFRIGERANTE DE USO DIRETO, N\u00c3O T\u00d3XICO, \u00c0 BASE DE PROPILENOGLICOL<\/strong>. Este produto foi concebido para instala\u00e7\u00f5es de energia solar e circuitos que requerem baixa toxicidade. Com uma concentra\u00e7\u00e3o de propilenoglicol a 40 %, oferece prote\u00e7\u00e3o num intervalo de temperaturas de -24 \u00baC a 130 \u00baC.  <\/p>\n<p><strong>\u2705<\/strong><strong> PREVINE A FORMA\u00c7\u00c3O DE DEP\u00d3SITOS CALC\u00c1RIOS<\/strong>. Formulado com aditivos especiais, evita a acumula\u00e7\u00e3o de calc\u00e1rio nos circuitos de refrigera\u00e7\u00e3o, o que garante uma \u00f3tima transmiss\u00e3o t\u00e9rmica. Al\u00e9m disso, protege as partes met\u00e1licas da instala\u00e7\u00e3o contra a corros\u00e3o.  <\/p>\n<p><strong>\u2705<\/strong><strong> ALTA ESTABILIDADE PARA ARMAZENAMENTO PROLONGADO<\/strong>. A sua estabilidade permite que seja armazenado por mais de dois anos sem perder propriedades, desde que seja mantido nos seus recipientes originais e bem fechados. <\/p>\n<p><strong>\u2705<\/strong><strong> COR AMARELA PARA FACILITAR A DETE\u00c7\u00c3O DE FUGAS<\/strong>. A cor distintiva do produto ajuda a identificar poss\u00edveis fugas no circuito. \u00c9 completamente in\u00f3cuo, n\u00e3o t\u00f3xico para a sa\u00fade humana e biodegrad\u00e1vel, garantindo seguran\u00e7a na sua utiliza\u00e7\u00e3o.  <\/p>\n<p>\u2705 <strong>FORMATO DE 5 E 20 LITROS.<\/strong> Para quantidades de 200L e 1000L, pode solicitar um or\u00e7amento em <a href=\"https:\/\/www.ecosolucionesquimicas.es\/solicita-presupuesto\/\">Solicite o seu or\u00e7amento<\/a>.<\/p>\n<p><strong>\u26ab<\/strong><strong> Refer\u00eancia: ECO-601<\/strong><\/p>\n","protected":false},"featured_media":10833,"template":"","meta":[],"product_brand":[225],"product_cat":[312,279],"product_tag":[324,326,327],"class_list":{"0":"post-10829","1":"product","2":"type-product","3":"status-publish","4":"has-post-thumbnail","6":"product_brand-eqm","7":"product_cat-anticongelantes-e-glicois-puros","8":"product_cat-ofertas","9":"product_tag-anticongelante","10":"product_tag-placa","11":"product_tag-solar","13":"first","14":"instock","15":"taxable","16":"shipping-taxable","17":"purchasable","18":"product-type-variable"},"acf":[],"yoast_head":"<!-- This site is optimized with the Yoast SEO Premium plugin v27.1 (Yoast SEO v27.4) - https:\/\/yoast.com\/product\/yoast-seo-premium-wordpress\/ -->\n<title>Anticongelante-Refrigerante Circuito Energia Solar - Ecosoluciones Qu\u00edmicas<\/title>\n<meta name=\"robots\" content=\"index, follow, max-snippet:-1, max-image-preview:large, max-video-preview:-1\" \/>\n<link rel=\"canonical\" href=\"https:\/\/www.ecosolucionesquimicas.es\/pt-pt\/producto\/anticongelante-refrigerante-circuito-energia-solar\/\" \/>\n<meta property=\"og:locale\" content=\"pt_PT\" \/>\n<meta property=\"og:type\" content=\"article\" \/>\n<meta property=\"og:title\" content=\"Anticongelante-Refrigerante Circuito Energia Solar\" \/>\n<meta property=\"og:description\" content=\"\u2705 ANTICONGELANTE-REFRIGERANTE DE USO DIRETO, N\u00c3O T\u00d3XICO, \u00c0 BASE DE PROPILENOGLICOL. Este produto foi concebido para instala\u00e7\u00f5es de energia solar e circuitos que requerem baixa toxicidade. Com uma concentra\u00e7\u00e3o de propilenoglicol a 40 %, oferece prote\u00e7\u00e3o num intervalo de temperaturas de -24 \u00baC a 130 \u00baC.  \u2705 PREVINE A FORMA\u00c7\u00c3O DE DEP\u00d3SITOS CALC\u00c1RIOS. Formulado com aditivos especiais, evita a acumula\u00e7\u00e3o de calc\u00e1rio nos circuitos de refrigera\u00e7\u00e3o, o que garante uma \u00f3tima transmiss\u00e3o t\u00e9rmica. Al\u00e9m disso, protege as partes met\u00e1licas da instala\u00e7\u00e3o contra a corros\u00e3o.  \u2705 ALTA ESTABILIDADE PARA ARMAZENAMENTO PROLONGADO. A sua estabilidade permite que seja armazenado por mais de dois anos sem perder propriedades, desde que seja mantido nos seus recipientes originais e bem fechados.  \u2705 COR AMARELA PARA FACILITAR A DETE\u00c7\u00c3O DE FUGAS. A cor distintiva do produto ajuda a identificar poss\u00edveis fugas no circuito. \u00c9 completamente in\u00f3cuo, n\u00e3o t\u00f3xico para a sa\u00fade humana e biodegrad\u00e1vel, garantindo seguran\u00e7a na sua utiliza\u00e7\u00e3o.  \u2705 FORMATO DE 5 E 20 LITROS. Para quantidades de 200L e 1000L, pode solicitar um or\u00e7amento em Solicite o seu or\u00e7amento. \u26ab Refer\u00eancia: ECO-601\" \/>\n<meta property=\"og:url\" content=\"https:\/\/www.ecosolucionesquimicas.es\/pt-pt\/producto\/anticongelante-refrigerante-circuito-energia-solar\/\" \/>\n<meta property=\"og:site_name\" content=\"Ecosoluciones Qu\u00edmicas\" \/>\n<meta property=\"article:publisher\" content=\"https:\/\/www.facebook.com\/ecosolucionesquimicasmadrid\/\" \/>\n<meta property=\"article:modified_time\" content=\"2025-11-15T13:38:17+00:00\" \/>\n<meta property=\"og:image\" content=\"https:\/\/www.ecosolucionesquimicas.es\/wp-content\/uploads\/2024\/02\/ECO-601-5L-scaled.jpg\" \/>\n\t<meta property=\"og:image:width\" content=\"2350\" \/>\n\t<meta property=\"og:image:height\" content=\"2560\" \/>\n\t<meta property=\"og:image:type\" content=\"image\/jpeg\" \/>\n<meta name=\"twitter:card\" content=\"summary_large_image\" \/>\n<meta name=\"twitter:label1\" content=\"Disponibilidade\" \/>\n\t<meta name=\"twitter:data1\" content=\"Em stock\" \/>\n<script type=\"application\/ld+json\" class=\"yoast-schema-graph\">{\"@context\":\"https:\\\/\\\/schema.org\",\"@graph\":[{\"@type\":\"WebPage\",\"@id\":\"https:\\\/\\\/www.ecosolucionesquimicas.es\\\/pt-pt\\\/producto\\\/anticongelante-refrigerante-circuito-energia-solar\\\/\",\"url\":\"https:\\\/\\\/www.ecosolucionesquimicas.es\\\/pt-pt\\\/producto\\\/anticongelante-refrigerante-circuito-energia-solar\\\/\",\"name\":\"Anticongelante-Refrigerante Circuito Energia Solar - Ecosoluciones Qu\u00edmicas\",\"isPartOf\":{\"@id\":\"https:\\\/\\\/www.ecosolucionesquimicas.es\\\/pt-pt\\\/#website\"},\"primaryImageOfPage\":{\"@id\":\"https:\\\/\\\/www.ecosolucionesquimicas.es\\\/pt-pt\\\/producto\\\/anticongelante-refrigerante-circuito-energia-solar\\\/#primaryimage\"},\"image\":{\"@id\":\"https:\\\/\\\/www.ecosolucionesquimicas.es\\\/pt-pt\\\/producto\\\/anticongelante-refrigerante-circuito-energia-solar\\\/#primaryimage\"},\"thumbnailUrl\":\"https:\\\/\\\/www.ecosolucionesquimicas.es\\\/wp-content\\\/uploads\\\/2024\\\/02\\\/ECO-601-5L-scaled.jpg\",\"datePublished\":\"2024-02-22T12:40:01+00:00\",\"dateModified\":\"2025-11-15T13:38:17+00:00\",\"breadcrumb\":{\"@id\":\"https:\\\/\\\/www.ecosolucionesquimicas.es\\\/pt-pt\\\/producto\\\/anticongelante-refrigerante-circuito-energia-solar\\\/#breadcrumb\"},\"inLanguage\":\"pt-PT\",\"potentialAction\":[{\"@type\":\"ReadAction\",\"target\":[\"https:\\\/\\\/www.ecosolucionesquimicas.es\\\/pt-pt\\\/producto\\\/anticongelante-refrigerante-circuito-energia-solar\\\/\"]}]},{\"@type\":\"ImageObject\",\"inLanguage\":\"pt-PT\",\"@id\":\"https:\\\/\\\/www.ecosolucionesquimicas.es\\\/pt-pt\\\/producto\\\/anticongelante-refrigerante-circuito-energia-solar\\\/#primaryimage\",\"url\":\"https:\\\/\\\/www.ecosolucionesquimicas.es\\\/wp-content\\\/uploads\\\/2024\\\/02\\\/ECO-601-5L-scaled.jpg\",\"contentUrl\":\"https:\\\/\\\/www.ecosolucionesquimicas.es\\\/wp-content\\\/uploads\\\/2024\\\/02\\\/ECO-601-5L-scaled.jpg\",\"width\":2350,\"height\":2560},{\"@type\":\"BreadcrumbList\",\"@id\":\"https:\\\/\\\/www.ecosolucionesquimicas.es\\\/pt-pt\\\/producto\\\/anticongelante-refrigerante-circuito-energia-solar\\\/#breadcrumb\",\"itemListElement\":[{\"@type\":\"ListItem\",\"position\":1,\"name\":\"Portada\",\"item\":\"https:\\\/\\\/www.ecosolucionesquimicas.es\\\/pt-pt\\\/home\\\/\"},{\"@type\":\"ListItem\",\"position\":2,\"name\":\"Anticongelante-Refrigerante Circuito Energia Solar\"}]},{\"@type\":\"WebSite\",\"@id\":\"https:\\\/\\\/www.ecosolucionesquimicas.es\\\/pt-pt\\\/#website\",\"url\":\"https:\\\/\\\/www.ecosolucionesquimicas.es\\\/pt-pt\\\/\",\"name\":\"Ecosoluciones Qu\u00edmicas\",\"description\":\"Compre produtos de limpeza e qu\u00edmicos, de fabrica\u00e7\u00e3o pr\u00f3pria, online.\",\"publisher\":{\"@id\":\"https:\\\/\\\/www.ecosolucionesquimicas.es\\\/pt-pt\\\/#organization\"},\"alternateName\":\"EQM\",\"potentialAction\":[{\"@type\":\"SearchAction\",\"target\":{\"@type\":\"EntryPoint\",\"urlTemplate\":\"https:\\\/\\\/www.ecosolucionesquimicas.es\\\/pt-pt\\\/?s={search_term_string}\"},\"query-input\":{\"@type\":\"PropertyValueSpecification\",\"valueRequired\":true,\"valueName\":\"search_term_string\"}}],\"inLanguage\":\"pt-PT\"},{\"@type\":\"Organization\",\"@id\":\"https:\\\/\\\/www.ecosolucionesquimicas.es\\\/pt-pt\\\/#organization\",\"name\":\"Ecosoluciones Qu\u00edmicas\",\"url\":\"https:\\\/\\\/www.ecosolucionesquimicas.es\\\/pt-pt\\\/\",\"logo\":{\"@type\":\"ImageObject\",\"inLanguage\":\"pt-PT\",\"@id\":\"https:\\\/\\\/www.ecosolucionesquimicas.es\\\/pt-pt\\\/#\\\/schema\\\/logo\\\/image\\\/\",\"url\":\"https:\\\/\\\/www.ecosolucionesquimicas.es\\\/wp-content\\\/uploads\\\/2024\\\/08\\\/LOGO-EQM-NUEVO-.png\",\"contentUrl\":\"https:\\\/\\\/www.ecosolucionesquimicas.es\\\/wp-content\\\/uploads\\\/2024\\\/08\\\/LOGO-EQM-NUEVO-.png\",\"width\":1060,\"height\":456,\"caption\":\"Ecosoluciones Qu\u00edmicas\"},\"image\":{\"@id\":\"https:\\\/\\\/www.ecosolucionesquimicas.es\\\/pt-pt\\\/#\\\/schema\\\/logo\\\/image\\\/\"},\"sameAs\":[\"https:\\\/\\\/www.facebook.com\\\/ecosolucionesquimicasmadrid\\\/\",\"https:\\\/\\\/www.instagram.com\\\/ecosolucionesquimicas\\\/\"],\"hasMerchantReturnPolicy\":{\"@type\":\"MerchantReturnPolicy\",\"merchantReturnLink\":\"https:\\\/\\\/www.ecosolucionesquimicas.es\\\/refund_returns\\\/\"}}]}<\/script>\n<meta property=\"product:brand\" content=\"EQM\" \/>\n<meta property=\"og:availability\" content=\"instock\" \/>\n<meta property=\"product:availability\" content=\"instock\" \/>\n<meta property=\"product:retailer_item_id\" content=\"ECO-601\" \/>\n<meta property=\"product:condition\" content=\"new\" \/>\n<!-- \/ Yoast SEO Premium plugin. -->","yoast_head_json":{"title":"Anticongelante-Refrigerante Circuito Energia Solar - Ecosoluciones Qu\u00edmicas","robots":{"index":"index","follow":"follow","max-snippet":"max-snippet:-1","max-image-preview":"max-image-preview:large","max-video-preview":"max-video-preview:-1"},"canonical":"https:\/\/www.ecosolucionesquimicas.es\/pt-pt\/producto\/anticongelante-refrigerante-circuito-energia-solar\/","og_locale":"pt_PT","og_type":"article","og_title":"Anticongelante-Refrigerante Circuito Energia Solar","og_description":"\u2705 ANTICONGELANTE-REFRIGERANTE DE USO DIRETO, N\u00c3O T\u00d3XICO, \u00c0 BASE DE PROPILENOGLICOL. Este produto foi concebido para instala\u00e7\u00f5es de energia solar e circuitos que requerem baixa toxicidade. Com uma concentra\u00e7\u00e3o de propilenoglicol a 40 %, oferece prote\u00e7\u00e3o num intervalo de temperaturas de -24 \u00baC a 130 \u00baC.  \u2705 PREVINE A FORMA\u00c7\u00c3O DE DEP\u00d3SITOS CALC\u00c1RIOS. Formulado com aditivos especiais, evita a acumula\u00e7\u00e3o de calc\u00e1rio nos circuitos de refrigera\u00e7\u00e3o, o que garante uma \u00f3tima transmiss\u00e3o t\u00e9rmica. Al\u00e9m disso, protege as partes met\u00e1licas da instala\u00e7\u00e3o contra a corros\u00e3o.  \u2705 ALTA ESTABILIDADE PARA ARMAZENAMENTO PROLONGADO. A sua estabilidade permite que seja armazenado por mais de dois anos sem perder propriedades, desde que seja mantido nos seus recipientes originais e bem fechados.  \u2705 COR AMARELA PARA FACILITAR A DETE\u00c7\u00c3O DE FUGAS. A cor distintiva do produto ajuda a identificar poss\u00edveis fugas no circuito. \u00c9 completamente in\u00f3cuo, n\u00e3o t\u00f3xico para a sa\u00fade humana e biodegrad\u00e1vel, garantindo seguran\u00e7a na sua utiliza\u00e7\u00e3o.  \u2705 FORMATO DE 5 E 20 LITROS. Para quantidades de 200L e 1000L, pode solicitar um or\u00e7amento em Solicite o seu or\u00e7amento. \u26ab Refer\u00eancia: ECO-601","og_url":"https:\/\/www.ecosolucionesquimicas.es\/pt-pt\/producto\/anticongelante-refrigerante-circuito-energia-solar\/","og_site_name":"Ecosoluciones Qu\u00edmicas","article_publisher":"https:\/\/www.facebook.com\/ecosolucionesquimicasmadrid\/","article_modified_time":"2025-11-15T13:38:17+00:00","og_image":[{"width":2350,"height":2560,"url":"https:\/\/www.ecosolucionesquimicas.es\/wp-content\/uploads\/2024\/02\/ECO-601-5L-scaled.jpg","type":"image\/jpeg"}],"twitter_card":"summary_large_image","twitter_misc":{"Disponibilidade":"Em stock"},"schema":{"@context":"https:\/\/schema.org","@graph":[{"@type":"WebPage","@id":"https:\/\/www.ecosolucionesquimicas.es\/pt-pt\/producto\/anticongelante-refrigerante-circuito-energia-solar\/","url":"https:\/\/www.ecosolucionesquimicas.es\/pt-pt\/producto\/anticongelante-refrigerante-circuito-energia-solar\/","name":"Anticongelante-Refrigerante Circuito Energia Solar - Ecosoluciones Qu\u00edmicas","isPartOf":{"@id":"https:\/\/www.ecosolucionesquimicas.es\/pt-pt\/#website"},"primaryImageOfPage":{"@id":"https:\/\/www.ecosolucionesquimicas.es\/pt-pt\/producto\/anticongelante-refrigerante-circuito-energia-solar\/#primaryimage"},"image":{"@id":"https:\/\/www.ecosolucionesquimicas.es\/pt-pt\/producto\/anticongelante-refrigerante-circuito-energia-solar\/#primaryimage"},"thumbnailUrl":"https:\/\/www.ecosolucionesquimicas.es\/wp-content\/uploads\/2024\/02\/ECO-601-5L-scaled.jpg","datePublished":"2024-02-22T12:40:01+00:00","dateModified":"2025-11-15T13:38:17+00:00","breadcrumb":{"@id":"https:\/\/www.ecosolucionesquimicas.es\/pt-pt\/producto\/anticongelante-refrigerante-circuito-energia-solar\/#breadcrumb"},"inLanguage":"pt-PT","potentialAction":[{"@type":"ReadAction","target":["https:\/\/www.ecosolucionesquimicas.es\/pt-pt\/producto\/anticongelante-refrigerante-circuito-energia-solar\/"]}]},{"@type":"ImageObject","inLanguage":"pt-PT","@id":"https:\/\/www.ecosolucionesquimicas.es\/pt-pt\/producto\/anticongelante-refrigerante-circuito-energia-solar\/#primaryimage","url":"https:\/\/www.ecosolucionesquimicas.es\/wp-content\/uploads\/2024\/02\/ECO-601-5L-scaled.jpg","contentUrl":"https:\/\/www.ecosolucionesquimicas.es\/wp-content\/uploads\/2024\/02\/ECO-601-5L-scaled.jpg","width":2350,"height":2560},{"@type":"BreadcrumbList","@id":"https:\/\/www.ecosolucionesquimicas.es\/pt-pt\/producto\/anticongelante-refrigerante-circuito-energia-solar\/#breadcrumb","itemListElement":[{"@type":"ListItem","position":1,"name":"Portada","item":"https:\/\/www.ecosolucionesquimicas.es\/pt-pt\/home\/"},{"@type":"ListItem","position":2,"name":"Anticongelante-Refrigerante Circuito Energia Solar"}]},{"@type":"WebSite","@id":"https:\/\/www.ecosolucionesquimicas.es\/pt-pt\/#website","url":"https:\/\/www.ecosolucionesquimicas.es\/pt-pt\/","name":"Ecosoluciones Qu\u00edmicas","description":"Compre produtos de limpeza e qu\u00edmicos, de fabrica\u00e7\u00e3o pr\u00f3pria, online.","publisher":{"@id":"https:\/\/www.ecosolucionesquimicas.es\/pt-pt\/#organization"},"alternateName":"EQM","potentialAction":[{"@type":"SearchAction","target":{"@type":"EntryPoint","urlTemplate":"https:\/\/www.ecosolucionesquimicas.es\/pt-pt\/?s={search_term_string}"},"query-input":{"@type":"PropertyValueSpecification","valueRequired":true,"valueName":"search_term_string"}}],"inLanguage":"pt-PT"},{"@type":"Organization","@id":"https:\/\/www.ecosolucionesquimicas.es\/pt-pt\/#organization","name":"Ecosoluciones Qu\u00edmicas","url":"https:\/\/www.ecosolucionesquimicas.es\/pt-pt\/","logo":{"@type":"ImageObject","inLanguage":"pt-PT","@id":"https:\/\/www.ecosolucionesquimicas.es\/pt-pt\/#\/schema\/logo\/image\/","url":"https:\/\/www.ecosolucionesquimicas.es\/wp-content\/uploads\/2024\/08\/LOGO-EQM-NUEVO-.png","contentUrl":"https:\/\/www.ecosolucionesquimicas.es\/wp-content\/uploads\/2024\/08\/LOGO-EQM-NUEVO-.png","width":1060,"height":456,"caption":"Ecosoluciones Qu\u00edmicas"},"image":{"@id":"https:\/\/www.ecosolucionesquimicas.es\/pt-pt\/#\/schema\/logo\/image\/"},"sameAs":["https:\/\/www.facebook.com\/ecosolucionesquimicasmadrid\/","https:\/\/www.instagram.com\/ecosolucionesquimicas\/"],"hasMerchantReturnPolicy":{"@type":"MerchantReturnPolicy","merchantReturnLink":"https:\/\/www.ecosolucionesquimicas.es\/refund_returns\/"}}]},"product_brand":"EQM","og_availability":"instock","product_availability":"instock","product_retailer_item_id":"ECO-601","product_condition":"new"},"_links":{"self":[{"href":"https:\/\/www.ecosolucionesquimicas.es\/pt-pt\/wp-json\/wp\/v2\/product\/10829","targetHints":{"allow":["GET"]}}],"collection":[{"href":"https:\/\/www.ecosolucionesquimicas.es\/pt-pt\/wp-json\/wp\/v2\/product"}],"about":[{"href":"https:\/\/www.ecosolucionesquimicas.es\/pt-pt\/wp-json\/wp\/v2\/types\/product"}],"wp:featuredmedia":[{"embeddable":true,"href":"https:\/\/www.ecosolucionesquimicas.es\/pt-pt\/wp-json\/wp\/v2\/media\/10833"}],"wp:attachment":[{"href":"https:\/\/www.ecosolucionesquimicas.es\/pt-pt\/wp-json\/wp\/v2\/media?parent=10829"}],"wp:term":[{"taxonomy":"product_brand","embeddable":true,"href":"https:\/\/www.ecosolucionesquimicas.es\/pt-pt\/wp-json\/wp\/v2\/product_brand?post=10829"},{"taxonomy":"product_cat","embeddable":true,"href":"https:\/\/www.ecosolucionesquimicas.es\/pt-pt\/wp-json\/wp\/v2\/product_cat?post=10829"},{"taxonomy":"product_tag","embeddable":true,"href":"https:\/\/www.ecosolucionesquimicas.es\/pt-pt\/wp-json\/wp\/v2\/product_tag?post=10829"}],"curies":[{"name":"wp","href":"https:\/\/api.w.org\/{rel}","templated":true}]}}