{"id":10828,"date":"2024-02-22T13:39:59","date_gmt":"2024-02-22T12:39:59","guid":{"rendered":"https:\/\/www.ecosolucionesquimicas.es\/producto\/alcool-isopropilico-eqm-999-pureza\/"},"modified":"2026-04-15T00:30:49","modified_gmt":"2026-04-14T22:30:49","slug":"alcool-isopropilico-eqm-999-pureza","status":"publish","type":"product","link":"https:\/\/www.ecosolucionesquimicas.es\/pt-pt\/producto\/alcool-isopropilico-eqm-999-pureza\/","title":{"rendered":"\u00c1lcool Isoprop\u00edlico EQM 99,9% Pureza"},"content":{"rendered":"<p><img fetchpriority=\"high\" decoding=\"async\" class=\"alignnone wp-image-3897\" src=\"https:\/\/www.ecosolucionesquimicas.es\/wp-content\/uploads\/2024\/02\/arduino-control-broad-element-assembly-by-human-300x225.jpg\" alt=\"\" width=\"550\" height=\"413\" srcset=\"https:\/\/www.ecosolucionesquimicas.es\/wp-content\/uploads\/2024\/02\/arduino-control-broad-element-assembly-by-human-300x225.jpg 300w, https:\/\/www.ecosolucionesquimicas.es\/wp-content\/uploads\/2024\/02\/arduino-control-broad-element-assembly-by-human-1024x768.jpg 1024w, https:\/\/www.ecosolucionesquimicas.es\/wp-content\/uploads\/2024\/02\/arduino-control-broad-element-assembly-by-human-768x576.jpg 768w, https:\/\/www.ecosolucionesquimicas.es\/wp-content\/uploads\/2024\/02\/arduino-control-broad-element-assembly-by-human-1536x1152.jpg 1536w, https:\/\/www.ecosolucionesquimicas.es\/wp-content\/uploads\/2024\/02\/arduino-control-broad-element-assembly-by-human-2048x1536.jpg 2048w, https:\/\/www.ecosolucionesquimicas.es\/wp-content\/uploads\/2024\/02\/arduino-control-broad-element-assembly-by-human-600x450.jpg 600w\" sizes=\"(max-width: 550px) 100vw, 550px\" \/><\/p>\n<p><strong>APLICA\u00c7\u00d5ES<\/strong><\/p>\n<div class=\"flex max-w-full flex-col flex-grow\">\n<div class=\"min-h-[20px] text-message flex w-full flex-col items-end gap-2 whitespace-normal break-words [.text-message+&amp;]:mt-5\" dir=\"auto\" data-message-author-role=\"assistant\" data-message-id=\"0c436366-6e00-4346-9faa-496f91c256a3\">\n<div class=\"flex w-full flex-col gap-1 empty:hidden first:pt-[3px]\">\n<div class=\"markdown prose w-full break-words dark:prose-invert light\">\n<p>\u2714 <strong>Limpeza de Eletr\u00f3nicos:<\/strong> Para componentes sens\u00edveis, sem res\u00edduos nem danos.<br \/>\n\u2714 <strong>Lentes e Ecr\u00e3s:<\/strong> Limpa objetivas e ecr\u00e3s sem marcas.<br \/>\n\u2714 <strong>Impress\u00f5es 3D:<\/strong> Remove resinas n\u00e3o curadas para acabamentos precisos.<br \/>\n\u2714 <strong>Tintas e Vernizes:<\/strong> Dissolve e remove tintas e adesivos.<br \/>\n\u2714 <strong>Ind\u00fastria Farmac\u00eautica e Cosm\u00e9tica:<\/strong> Desinfeta e limpa com alta pureza.<br \/>\n\u2714 <strong>Lar:<\/strong> Para vidros, espelhos e desengordurar utens\u00edlios.<br \/>\n\u2714 <strong>Desinfe\u00e7\u00e3o:<\/strong> Em ambientes m\u00e9dicos e de laborat\u00f3rio.<br \/>\n\u2714 <strong>Autom\u00f3veis:<\/strong> Limpa e desengordura partes do motor e carro\u00e7aria.<\/p>\n<\/div>\n<\/div>\n<\/div>\n<\/div>\n","protected":false},"excerpt":{"rendered":"<p><span class=\"a-list-item\">\u2705 <strong>EVAPORA\u00c7\u00c3O R\u00c1PIDA E SEM RES\u00cdDUOS.<\/strong> O \u00e1lcool isoprop\u00edlico, tamb\u00e9m chamado isopropanol ou 2-propanol, evapora-se rapidamente sem deixar manchas nem res\u00edduos, o que o torna ideal para limpar superf\u00edcies delicadas como componentes eletr\u00f3nicos ou lentes. N\u00e3o cont\u00e9m corantes nem fragr\u00e2ncias. <\/span><\/p>\n<p><span class=\"a-list-item\">\u2705<strong> INCOLOR.<\/strong> ECO-301 \u00e9 um \u00e1lcool incolor, inflam\u00e1vel, com um odor intenso e muito misc\u00edvel com a \u00e1gua.<\/span><\/p>\n<p><span class=\"a-list-item\">\u2705 <strong>M\u00daLTIPLAS APLICA\u00c7\u00d5ES.<\/strong> Ideal para a limpeza de dispositivos eletr\u00f3nicos como processadores, placas de base, dissipadores de calor, GPUs e sensores CCD. Perfeito para limpar objetivas, lentes e ecr\u00e3s. Tamb\u00e9m se utiliza para a limpeza de resina em impress\u00f5es 3D, a dissolu\u00e7\u00e3o de tintas, vernizes e ceras. As suas aplica\u00e7\u00f5es estendem-se \u00e0 ind\u00fastria farmac\u00eautica e cosm\u00e9tica, al\u00e9m da sua utiliza\u00e7\u00e3o no lar para limpar vidros e como desengordurante.   <\/span><\/p>\n<p><span class=\"a-list-item\">\u2705 <strong>M\u00c1XIMA PUREZA.<\/strong> Produto sem aditivos e com uma pureza superior a 99,9%, garantida mediante certifica\u00e7\u00e3o de laborat\u00f3rio.<\/span><\/p>\n<p><strong>\u2705 FORMATO DE 500ML, 750 ML, 1, 5 E 20 LITROS. <\/strong>Para quantidades 200L e 1000L pode solicitar or\u00e7amento em <a href=\"https:\/\/www.ecosolucionesquimicas.es\/solicita-presupuesto\/\">Solicite o seu or\u00e7amento<\/a>.<\/p>\n<p><strong>\u26ab<\/strong><strong> Refer\u00eancia: ECO-301<\/strong><\/p>\n","protected":false},"featured_media":10845,"template":"","meta":[],"product_brand":[225],"product_cat":[313,282,260],"product_tag":[320,323,325],"class_list":{"0":"post-10828","1":"product","2":"type-product","3":"status-publish","4":"has-post-thumbnail","6":"product_brand-eqm","7":"product_cat-alcoois-e-solucoes-hidroalcoolicas","8":"product_cat-especial-bicicletas","9":"product_cat-limpezas-de-superficies-com-acao-reforcada","10":"product_tag-alcool","11":"product_tag-isopropilico","12":"product_tag-propanol","14":"first","15":"instock","16":"taxable","17":"shipping-taxable","18":"purchasable","19":"product-type-variable","20":"has-default-attributes"},"acf":[],"yoast_head":"<!-- This site is optimized with the Yoast SEO Premium plugin v27.1 (Yoast SEO v27.4) - https:\/\/yoast.com\/product\/yoast-seo-premium-wordpress\/ -->\n<title>\u00c1lcool Isoprop\u00edlico EQM 99,9% Pureza - Ecosoluciones Qu\u00edmicas<\/title>\n<meta name=\"robots\" content=\"index, follow, max-snippet:-1, max-image-preview:large, max-video-preview:-1\" \/>\n<link rel=\"canonical\" href=\"https:\/\/www.ecosolucionesquimicas.es\/pt-pt\/producto\/alcool-isopropilico-eqm-999-pureza\/\" \/>\n<meta property=\"og:locale\" content=\"pt_PT\" \/>\n<meta property=\"og:type\" content=\"article\" \/>\n<meta property=\"og:title\" content=\"\u00c1lcool Isoprop\u00edlico EQM 99,9% Pureza\" \/>\n<meta property=\"og:description\" content=\"\u2705 EVAPORA\u00c7\u00c3O R\u00c1PIDA E SEM RES\u00cdDUOS. O \u00e1lcool isoprop\u00edlico, tamb\u00e9m chamado isopropanol ou 2-propanol, evapora-se rapidamente sem deixar manchas nem res\u00edduos, o que o torna ideal para limpar superf\u00edcies delicadas como componentes eletr\u00f3nicos ou lentes. N\u00e3o cont\u00e9m corantes nem fragr\u00e2ncias.  \u2705 INCOLOR. ECO-301 \u00e9 um \u00e1lcool incolor, inflam\u00e1vel, com um odor intenso e muito misc\u00edvel com a \u00e1gua. \u2705 M\u00daLTIPLAS APLICA\u00c7\u00d5ES. Ideal para a limpeza de dispositivos eletr\u00f3nicos como processadores, placas de base, dissipadores de calor, GPUs e sensores CCD. Perfeito para limpar objetivas, lentes e ecr\u00e3s. Tamb\u00e9m se utiliza para a limpeza de resina em impress\u00f5es 3D, a dissolu\u00e7\u00e3o de tintas, vernizes e ceras. As suas aplica\u00e7\u00f5es estendem-se \u00e0 ind\u00fastria farmac\u00eautica e cosm\u00e9tica, al\u00e9m da sua utiliza\u00e7\u00e3o no lar para limpar vidros e como desengordurante.   \u2705 M\u00c1XIMA PUREZA. Produto sem aditivos e com uma pureza superior a 99,9%, garantida mediante certifica\u00e7\u00e3o de laborat\u00f3rio. \u2705 FORMATO DE 500ML, 750 ML, 1, 5 E 20 LITROS. Para quantidades 200L e 1000L pode solicitar or\u00e7amento em Solicite o seu or\u00e7amento. \u26ab Refer\u00eancia: ECO-301\" \/>\n<meta property=\"og:url\" content=\"https:\/\/www.ecosolucionesquimicas.es\/pt-pt\/producto\/alcool-isopropilico-eqm-999-pureza\/\" \/>\n<meta property=\"og:site_name\" content=\"Ecosoluciones Qu\u00edmicas\" \/>\n<meta property=\"article:publisher\" content=\"https:\/\/www.facebook.com\/ecosolucionesquimicasmadrid\/\" \/>\n<meta property=\"article:modified_time\" content=\"2026-04-14T22:30:49+00:00\" \/>\n<meta property=\"og:image\" content=\"https:\/\/www.ecosolucionesquimicas.es\/wp-content\/uploads\/2024\/02\/ECO-301-500ML-scaled.jpg\" \/>\n\t<meta property=\"og:image:width\" content=\"2350\" \/>\n\t<meta property=\"og:image:height\" content=\"2560\" \/>\n\t<meta property=\"og:image:type\" content=\"image\/jpeg\" \/>\n<meta name=\"twitter:card\" content=\"summary_large_image\" \/>\n<meta name=\"twitter:label1\" content=\"Disponibilidade\" \/>\n\t<meta name=\"twitter:data1\" content=\"Em stock\" \/>\n<script type=\"application\/ld+json\" class=\"yoast-schema-graph\">{\"@context\":\"https:\\\/\\\/schema.org\",\"@graph\":[{\"@type\":\"WebPage\",\"@id\":\"https:\\\/\\\/www.ecosolucionesquimicas.es\\\/pt-pt\\\/producto\\\/alcool-isopropilico-eqm-999-pureza\\\/\",\"url\":\"https:\\\/\\\/www.ecosolucionesquimicas.es\\\/pt-pt\\\/producto\\\/alcool-isopropilico-eqm-999-pureza\\\/\",\"name\":\"\u00c1lcool Isoprop\u00edlico EQM 99,9% Pureza - Ecosoluciones Qu\u00edmicas\",\"isPartOf\":{\"@id\":\"https:\\\/\\\/www.ecosolucionesquimicas.es\\\/pt-pt\\\/#website\"},\"primaryImageOfPage\":{\"@id\":\"https:\\\/\\\/www.ecosolucionesquimicas.es\\\/pt-pt\\\/producto\\\/alcool-isopropilico-eqm-999-pureza\\\/#primaryimage\"},\"image\":{\"@id\":\"https:\\\/\\\/www.ecosolucionesquimicas.es\\\/pt-pt\\\/producto\\\/alcool-isopropilico-eqm-999-pureza\\\/#primaryimage\"},\"thumbnailUrl\":\"https:\\\/\\\/www.ecosolucionesquimicas.es\\\/wp-content\\\/uploads\\\/2024\\\/02\\\/ECO-301-500ML-scaled.jpg\",\"datePublished\":\"2024-02-22T12:39:59+00:00\",\"dateModified\":\"2026-04-14T22:30:49+00:00\",\"breadcrumb\":{\"@id\":\"https:\\\/\\\/www.ecosolucionesquimicas.es\\\/pt-pt\\\/producto\\\/alcool-isopropilico-eqm-999-pureza\\\/#breadcrumb\"},\"inLanguage\":\"pt-PT\",\"potentialAction\":[{\"@type\":\"ReadAction\",\"target\":[\"https:\\\/\\\/www.ecosolucionesquimicas.es\\\/pt-pt\\\/producto\\\/alcool-isopropilico-eqm-999-pureza\\\/\"]}]},{\"@type\":\"ImageObject\",\"inLanguage\":\"pt-PT\",\"@id\":\"https:\\\/\\\/www.ecosolucionesquimicas.es\\\/pt-pt\\\/producto\\\/alcool-isopropilico-eqm-999-pureza\\\/#primaryimage\",\"url\":\"https:\\\/\\\/www.ecosolucionesquimicas.es\\\/wp-content\\\/uploads\\\/2024\\\/02\\\/ECO-301-500ML-scaled.jpg\",\"contentUrl\":\"https:\\\/\\\/www.ecosolucionesquimicas.es\\\/wp-content\\\/uploads\\\/2024\\\/02\\\/ECO-301-500ML-scaled.jpg\",\"width\":2350,\"height\":2560},{\"@type\":\"BreadcrumbList\",\"@id\":\"https:\\\/\\\/www.ecosolucionesquimicas.es\\\/pt-pt\\\/producto\\\/alcool-isopropilico-eqm-999-pureza\\\/#breadcrumb\",\"itemListElement\":[{\"@type\":\"ListItem\",\"position\":1,\"name\":\"Portada\",\"item\":\"https:\\\/\\\/www.ecosolucionesquimicas.es\\\/pt-pt\\\/home\\\/\"},{\"@type\":\"ListItem\",\"position\":2,\"name\":\"\u00c1lcool Isoprop\u00edlico EQM 99,9% Pureza\"}]},{\"@type\":\"WebSite\",\"@id\":\"https:\\\/\\\/www.ecosolucionesquimicas.es\\\/pt-pt\\\/#website\",\"url\":\"https:\\\/\\\/www.ecosolucionesquimicas.es\\\/pt-pt\\\/\",\"name\":\"Ecosoluciones Qu\u00edmicas\",\"description\":\"Compre produtos de limpeza e qu\u00edmicos, de fabrica\u00e7\u00e3o pr\u00f3pria, online.\",\"publisher\":{\"@id\":\"https:\\\/\\\/www.ecosolucionesquimicas.es\\\/pt-pt\\\/#organization\"},\"alternateName\":\"EQM\",\"potentialAction\":[{\"@type\":\"SearchAction\",\"target\":{\"@type\":\"EntryPoint\",\"urlTemplate\":\"https:\\\/\\\/www.ecosolucionesquimicas.es\\\/pt-pt\\\/?s={search_term_string}\"},\"query-input\":{\"@type\":\"PropertyValueSpecification\",\"valueRequired\":true,\"valueName\":\"search_term_string\"}}],\"inLanguage\":\"pt-PT\"},{\"@type\":\"Organization\",\"@id\":\"https:\\\/\\\/www.ecosolucionesquimicas.es\\\/pt-pt\\\/#organization\",\"name\":\"Ecosoluciones Qu\u00edmicas\",\"url\":\"https:\\\/\\\/www.ecosolucionesquimicas.es\\\/pt-pt\\\/\",\"logo\":{\"@type\":\"ImageObject\",\"inLanguage\":\"pt-PT\",\"@id\":\"https:\\\/\\\/www.ecosolucionesquimicas.es\\\/pt-pt\\\/#\\\/schema\\\/logo\\\/image\\\/\",\"url\":\"https:\\\/\\\/www.ecosolucionesquimicas.es\\\/wp-content\\\/uploads\\\/2024\\\/08\\\/LOGO-EQM-NUEVO-.png\",\"contentUrl\":\"https:\\\/\\\/www.ecosolucionesquimicas.es\\\/wp-content\\\/uploads\\\/2024\\\/08\\\/LOGO-EQM-NUEVO-.png\",\"width\":1060,\"height\":456,\"caption\":\"Ecosoluciones Qu\u00edmicas\"},\"image\":{\"@id\":\"https:\\\/\\\/www.ecosolucionesquimicas.es\\\/pt-pt\\\/#\\\/schema\\\/logo\\\/image\\\/\"},\"sameAs\":[\"https:\\\/\\\/www.facebook.com\\\/ecosolucionesquimicasmadrid\\\/\",\"https:\\\/\\\/www.instagram.com\\\/ecosolucionesquimicas\\\/\"],\"hasMerchantReturnPolicy\":{\"@type\":\"MerchantReturnPolicy\",\"merchantReturnLink\":\"https:\\\/\\\/www.ecosolucionesquimicas.es\\\/refund_returns\\\/\"}}]}<\/script>\n<meta property=\"product:brand\" content=\"EQM\" \/>\n<meta property=\"og:availability\" content=\"instock\" \/>\n<meta property=\"product:availability\" content=\"instock\" \/>\n<meta property=\"product:retailer_item_id\" content=\"ECO-301\" \/>\n<meta property=\"product:condition\" content=\"new\" \/>\n<!-- \/ Yoast SEO Premium plugin. -->","yoast_head_json":{"title":"\u00c1lcool Isoprop\u00edlico EQM 99,9% Pureza - Ecosoluciones Qu\u00edmicas","robots":{"index":"index","follow":"follow","max-snippet":"max-snippet:-1","max-image-preview":"max-image-preview:large","max-video-preview":"max-video-preview:-1"},"canonical":"https:\/\/www.ecosolucionesquimicas.es\/pt-pt\/producto\/alcool-isopropilico-eqm-999-pureza\/","og_locale":"pt_PT","og_type":"article","og_title":"\u00c1lcool Isoprop\u00edlico EQM 99,9% Pureza","og_description":"\u2705 EVAPORA\u00c7\u00c3O R\u00c1PIDA E SEM RES\u00cdDUOS. O \u00e1lcool isoprop\u00edlico, tamb\u00e9m chamado isopropanol ou 2-propanol, evapora-se rapidamente sem deixar manchas nem res\u00edduos, o que o torna ideal para limpar superf\u00edcies delicadas como componentes eletr\u00f3nicos ou lentes. N\u00e3o cont\u00e9m corantes nem fragr\u00e2ncias.  \u2705 INCOLOR. ECO-301 \u00e9 um \u00e1lcool incolor, inflam\u00e1vel, com um odor intenso e muito misc\u00edvel com a \u00e1gua. \u2705 M\u00daLTIPLAS APLICA\u00c7\u00d5ES. Ideal para a limpeza de dispositivos eletr\u00f3nicos como processadores, placas de base, dissipadores de calor, GPUs e sensores CCD. Perfeito para limpar objetivas, lentes e ecr\u00e3s. Tamb\u00e9m se utiliza para a limpeza de resina em impress\u00f5es 3D, a dissolu\u00e7\u00e3o de tintas, vernizes e ceras. As suas aplica\u00e7\u00f5es estendem-se \u00e0 ind\u00fastria farmac\u00eautica e cosm\u00e9tica, al\u00e9m da sua utiliza\u00e7\u00e3o no lar para limpar vidros e como desengordurante.   \u2705 M\u00c1XIMA PUREZA. Produto sem aditivos e com uma pureza superior a 99,9%, garantida mediante certifica\u00e7\u00e3o de laborat\u00f3rio. \u2705 FORMATO DE 500ML, 750 ML, 1, 5 E 20 LITROS. Para quantidades 200L e 1000L pode solicitar or\u00e7amento em Solicite o seu or\u00e7amento. \u26ab Refer\u00eancia: ECO-301","og_url":"https:\/\/www.ecosolucionesquimicas.es\/pt-pt\/producto\/alcool-isopropilico-eqm-999-pureza\/","og_site_name":"Ecosoluciones Qu\u00edmicas","article_publisher":"https:\/\/www.facebook.com\/ecosolucionesquimicasmadrid\/","article_modified_time":"2026-04-14T22:30:49+00:00","og_image":[{"width":2350,"height":2560,"url":"https:\/\/www.ecosolucionesquimicas.es\/wp-content\/uploads\/2024\/02\/ECO-301-500ML-scaled.jpg","type":"image\/jpeg"}],"twitter_card":"summary_large_image","twitter_misc":{"Disponibilidade":"Em stock"},"schema":{"@context":"https:\/\/schema.org","@graph":[{"@type":"WebPage","@id":"https:\/\/www.ecosolucionesquimicas.es\/pt-pt\/producto\/alcool-isopropilico-eqm-999-pureza\/","url":"https:\/\/www.ecosolucionesquimicas.es\/pt-pt\/producto\/alcool-isopropilico-eqm-999-pureza\/","name":"\u00c1lcool Isoprop\u00edlico EQM 99,9% Pureza - Ecosoluciones Qu\u00edmicas","isPartOf":{"@id":"https:\/\/www.ecosolucionesquimicas.es\/pt-pt\/#website"},"primaryImageOfPage":{"@id":"https:\/\/www.ecosolucionesquimicas.es\/pt-pt\/producto\/alcool-isopropilico-eqm-999-pureza\/#primaryimage"},"image":{"@id":"https:\/\/www.ecosolucionesquimicas.es\/pt-pt\/producto\/alcool-isopropilico-eqm-999-pureza\/#primaryimage"},"thumbnailUrl":"https:\/\/www.ecosolucionesquimicas.es\/wp-content\/uploads\/2024\/02\/ECO-301-500ML-scaled.jpg","datePublished":"2024-02-22T12:39:59+00:00","dateModified":"2026-04-14T22:30:49+00:00","breadcrumb":{"@id":"https:\/\/www.ecosolucionesquimicas.es\/pt-pt\/producto\/alcool-isopropilico-eqm-999-pureza\/#breadcrumb"},"inLanguage":"pt-PT","potentialAction":[{"@type":"ReadAction","target":["https:\/\/www.ecosolucionesquimicas.es\/pt-pt\/producto\/alcool-isopropilico-eqm-999-pureza\/"]}]},{"@type":"ImageObject","inLanguage":"pt-PT","@id":"https:\/\/www.ecosolucionesquimicas.es\/pt-pt\/producto\/alcool-isopropilico-eqm-999-pureza\/#primaryimage","url":"https:\/\/www.ecosolucionesquimicas.es\/wp-content\/uploads\/2024\/02\/ECO-301-500ML-scaled.jpg","contentUrl":"https:\/\/www.ecosolucionesquimicas.es\/wp-content\/uploads\/2024\/02\/ECO-301-500ML-scaled.jpg","width":2350,"height":2560},{"@type":"BreadcrumbList","@id":"https:\/\/www.ecosolucionesquimicas.es\/pt-pt\/producto\/alcool-isopropilico-eqm-999-pureza\/#breadcrumb","itemListElement":[{"@type":"ListItem","position":1,"name":"Portada","item":"https:\/\/www.ecosolucionesquimicas.es\/pt-pt\/home\/"},{"@type":"ListItem","position":2,"name":"\u00c1lcool Isoprop\u00edlico EQM 99,9% Pureza"}]},{"@type":"WebSite","@id":"https:\/\/www.ecosolucionesquimicas.es\/pt-pt\/#website","url":"https:\/\/www.ecosolucionesquimicas.es\/pt-pt\/","name":"Ecosoluciones Qu\u00edmicas","description":"Compre produtos de limpeza e qu\u00edmicos, de fabrica\u00e7\u00e3o pr\u00f3pria, online.","publisher":{"@id":"https:\/\/www.ecosolucionesquimicas.es\/pt-pt\/#organization"},"alternateName":"EQM","potentialAction":[{"@type":"SearchAction","target":{"@type":"EntryPoint","urlTemplate":"https:\/\/www.ecosolucionesquimicas.es\/pt-pt\/?s={search_term_string}"},"query-input":{"@type":"PropertyValueSpecification","valueRequired":true,"valueName":"search_term_string"}}],"inLanguage":"pt-PT"},{"@type":"Organization","@id":"https:\/\/www.ecosolucionesquimicas.es\/pt-pt\/#organization","name":"Ecosoluciones Qu\u00edmicas","url":"https:\/\/www.ecosolucionesquimicas.es\/pt-pt\/","logo":{"@type":"ImageObject","inLanguage":"pt-PT","@id":"https:\/\/www.ecosolucionesquimicas.es\/pt-pt\/#\/schema\/logo\/image\/","url":"https:\/\/www.ecosolucionesquimicas.es\/wp-content\/uploads\/2024\/08\/LOGO-EQM-NUEVO-.png","contentUrl":"https:\/\/www.ecosolucionesquimicas.es\/wp-content\/uploads\/2024\/08\/LOGO-EQM-NUEVO-.png","width":1060,"height":456,"caption":"Ecosoluciones Qu\u00edmicas"},"image":{"@id":"https:\/\/www.ecosolucionesquimicas.es\/pt-pt\/#\/schema\/logo\/image\/"},"sameAs":["https:\/\/www.facebook.com\/ecosolucionesquimicasmadrid\/","https:\/\/www.instagram.com\/ecosolucionesquimicas\/"],"hasMerchantReturnPolicy":{"@type":"MerchantReturnPolicy","merchantReturnLink":"https:\/\/www.ecosolucionesquimicas.es\/refund_returns\/"}}]},"product_brand":"EQM","og_availability":"instock","product_availability":"instock","product_retailer_item_id":"ECO-301","product_condition":"new"},"_links":{"self":[{"href":"https:\/\/www.ecosolucionesquimicas.es\/pt-pt\/wp-json\/wp\/v2\/product\/10828","targetHints":{"allow":["GET"]}}],"collection":[{"href":"https:\/\/www.ecosolucionesquimicas.es\/pt-pt\/wp-json\/wp\/v2\/product"}],"about":[{"href":"https:\/\/www.ecosolucionesquimicas.es\/pt-pt\/wp-json\/wp\/v2\/types\/product"}],"wp:featuredmedia":[{"embeddable":true,"href":"https:\/\/www.ecosolucionesquimicas.es\/pt-pt\/wp-json\/wp\/v2\/media\/10845"}],"wp:attachment":[{"href":"https:\/\/www.ecosolucionesquimicas.es\/pt-pt\/wp-json\/wp\/v2\/media?parent=10828"}],"wp:term":[{"taxonomy":"product_brand","embeddable":true,"href":"https:\/\/www.ecosolucionesquimicas.es\/pt-pt\/wp-json\/wp\/v2\/product_brand?post=10828"},{"taxonomy":"product_cat","embeddable":true,"href":"https:\/\/www.ecosolucionesquimicas.es\/pt-pt\/wp-json\/wp\/v2\/product_cat?post=10828"},{"taxonomy":"product_tag","embeddable":true,"href":"https:\/\/www.ecosolucionesquimicas.es\/pt-pt\/wp-json\/wp\/v2\/product_tag?post=10828"}],"curies":[{"name":"wp","href":"https:\/\/api.w.org\/{rel}","templated":true}]}}