{"id":10787,"date":"2024-02-22T13:40:01","date_gmt":"2024-02-22T12:40:01","guid":{"rendered":"https:\/\/www.ecosolucionesquimicas.es\/producto\/limpeza-acida-desincrustante-de-cimento\/"},"modified":"2026-03-09T13:46:47","modified_gmt":"2026-03-09T12:46:47","slug":"limpeza-acida-desincrustante-de-cimento","status":"publish","type":"product","link":"https:\/\/www.ecosolucionesquimicas.es\/pt-pt\/producto\/limpeza-acida-desincrustante-de-cimento\/","title":{"rendered":"Limpeza \u00c1cida. Desincrustante de Cimento"},"content":{"rendered":"<p><img fetchpriority=\"high\" decoding=\"async\" class=\"alignnone wp-image-3790\" src=\"https:\/\/www.ecosolucionesquimicas.es\/wp-content\/uploads\/2024\/02\/construction-worker-meticulously-laying-tiles-300x200.jpg\" alt=\"\" width=\"550\" height=\"367\" srcset=\"https:\/\/www.ecosolucionesquimicas.es\/wp-content\/uploads\/2024\/02\/construction-worker-meticulously-laying-tiles-300x200.jpg 300w, https:\/\/www.ecosolucionesquimicas.es\/wp-content\/uploads\/2024\/02\/construction-worker-meticulously-laying-tiles-1024x683.jpg 1024w, https:\/\/www.ecosolucionesquimicas.es\/wp-content\/uploads\/2024\/02\/construction-worker-meticulously-laying-tiles-768x512.jpg 768w, https:\/\/www.ecosolucionesquimicas.es\/wp-content\/uploads\/2024\/02\/construction-worker-meticulously-laying-tiles-1536x1024.jpg 1536w, https:\/\/www.ecosolucionesquimicas.es\/wp-content\/uploads\/2024\/02\/construction-worker-meticulously-laying-tiles-2048x1366.jpg 2048w, https:\/\/www.ecosolucionesquimicas.es\/wp-content\/uploads\/2024\/02\/construction-worker-meticulously-laying-tiles-600x400.jpg 600w\" sizes=\"(max-width: 550px) 100vw, 550px\" \/><\/p>\n<article class=\"w-full text-token-text-primary focus-visible:outline-2 focus-visible:outline-offset-[-4px]\" dir=\"auto\" data-testid=\"conversation-turn-27\" data-scroll-anchor=\"true\">\n<div class=\"text-base py-[18px] px-3 md:px-4 m-auto w-full md:px-5 lg:px-1 xl:px-5\">\n<div class=\"mx-auto flex flex-1 gap-4 text-base md:gap-5 lg:gap-6 md:max-w-3xl lg:max-w-[40rem] xl:max-w-[48rem]\">\n<div class=\"group\/conversation-turn relative flex w-full min-w-0 flex-col agent-turn\">\n<div class=\"flex-col gap-1 md:gap-3\">\n<div class=\"flex max-w-full flex-col flex-grow\">\n<div class=\"min-h-[20px] text-message flex w-full flex-col items-end gap-2 break-words [.text-message+&amp;]:mt-5 overflow-x-auto whitespace-normal\" dir=\"auto\" data-message-author-role=\"assistant\" data-message-id=\"16b05cc1-7133-466e-a8b3-c5b564ead872\">\n<div class=\"flex w-full flex-col gap-1 empty:hidden first:pt-[3px]\">\n<div class=\"markdown prose w-full break-words dark:prose-invert light\"><strong>MODO DE EMPREGO<\/strong><\/div>\n<div><\/div>\n<div class=\"markdown prose w-full break-words dark:prose-invert light\">\ud83d\udd18 <strong>Prepara\u00e7\u00e3o:<\/strong> Ventile a \u00e1rea e utilize equipamento de prote\u00e7\u00e3o.<br \/>\n\ud83d\udd18 <strong>Aplica\u00e7\u00e3o:<\/strong> Aplique o produto de limpeza com pincel, rolo ou esponja.<br \/>\n\ud83d\udd18 <strong>Tempo de a\u00e7\u00e3o:<\/strong> Deixe atuar 5-10 minutos, sem exceder o tempo.<br \/>\n\ud83d\udd18 <strong>Esfregar e enxaguar:<\/strong> Esfregue e enxague com \u00e1gua para retirar res\u00edduos.<br \/>\n\ud83d\udd18 <strong>Limpeza:<\/strong> Lave as ferramentas de imediato para evitar corros\u00e3o.<\/div>\n<div><\/div>\n<div class=\"markdown prose w-full break-words dark:prose-invert light\"><strong>Dilui\u00e7\u00f5es orientativas<\/strong>:<\/div>\n<div class=\"markdown prose w-full break-words dark:prose-invert light\">\u2714 Para casos de sujidade extrema, poder\u00e1 aplicar-se puro.<br \/>\n\u2714 Limpeza de restos de argamassa em mosaicos de terrazzo: Diluir de 1:2 a 1:3 em \u00e1gua.<br \/>\n\u2714 Limpeza de efloresc\u00eancias de tijolo \u00e0 vista: Diluir 1:2 em \u00e1gua.<br \/>\n\u2714 Limpeza de argamassa e cimento em betoneiras: Diluir de 1:1 a 1:2 em \u00e1gua.<br \/>\n\u2714 Limpeza de granitos e pedras naturais e\/ou artificiais: Diluir de 1:3 a 1:5 em \u00e1gua, em fun\u00e7\u00e3o da porosidade e tipo de pedra (maior porosidade, maior dilui\u00e7\u00e3o).<br \/>\n\u2714 Superf\u00edcies p\u00e9treas polidas (m\u00e1rmore, cer\u00e2mica, etc.): Diluir 1:5 a 1:6 em \u00e1gua.<br \/>\n\u2714 Limpeza de restos de \u00f3leo e outros desmoldantes em bet\u00f5es lisos: Diluir 1:2 em \u00e1gua.<\/div>\n<p><strong>Recomenda\u00e7\u00f5es:<\/strong><\/p>\n<div class=\"markdown prose w-full break-words dark:prose-invert light\">\n<p><strong>\u2757N\u00e3o misturar com outros produtos<\/strong>: Evite misturar o produto de limpeza \u00e1cido com outros produtos de limpeza, especialmente com aqueles que contenham amon\u00edaco, uma vez que pode gerar vapores t\u00f3xicos perigosos.<br \/>\n<strong>\u2757Manuseamento seguro<\/strong>: Se o produto entrar em contacto com a pele ou os olhos, enxague imediatamente com \u00e1gua abundante e procure assist\u00eancia m\u00e9dica, se necess\u00e1rio.<\/p>\n<\/div>\n<\/div>\n<\/div>\n<\/div>\n<\/div>\n<\/div>\n<\/div>\n<\/div>\n<\/article>\n","protected":false},"excerpt":{"rendered":"<p><strong>\u2705<\/strong><strong> ECO-803 ELIMINA EFICAZMENTE RESTOS DE CIMENTO E MINERAIS.<\/strong> Concebido para dissolver e remover res\u00edduos de cimento, argamassa e incrusta\u00e7\u00f5es minerais, deixando as superf\u00edcies limpas e sem res\u00edduos.<\/p>\n<p><strong>\u2705<\/strong><strong> ADEQUADO PARA UMA GRANDE VARIEDADE DE SUPERF\u00cdCIES, COMO AZULEJOS, TIJOLOS, PAVIMENTOS E FERRAMENTAS DE CONSTRU\u00c7\u00c3O.<\/strong> Facilita a limpeza tanto em projetos de obras novas como em remodela\u00e7\u00f5es, tornando-o ideal para diferentes tipos de trabalhos.<\/p>\n<p><strong>\u2705<\/strong><strong> F\u00d3RMULA \u00c1CIDA DE A\u00c7\u00c3O R\u00c1PIDA.<\/strong> A sua f\u00f3rmula decomp\u00f5e dep\u00f3sitos duros de forma eficiente, reduzindo tempo e esfor\u00e7o na limpeza de superf\u00edcies com acumula\u00e7\u00f5es persistentes.<\/p>\n<p><strong>\u2705<\/strong><strong> ALTAMENTE CORROSIVO, REQUER PROTE\u00c7\u00c3O.<\/strong> \u00c9 imprescind\u00edvel usar luvas, \u00f3culos e m\u00e1scara, al\u00e9m de trabalhar em \u00e1reas ventiladas e enxaguar bem ap\u00f3s a sua utiliza\u00e7\u00e3o para evitar danos.<\/p>\n<p>\u2705 <strong>FORMATO DE 5 E 20 LITROS.<\/strong><\/p>\n<p><strong>\u26ab<\/strong><strong> Refer\u00eancia: ECO-803<\/strong><\/p>\n","protected":false},"featured_media":10793,"template":"","meta":[],"product_brand":[225],"product_cat":[251],"product_tag":[311,310,309],"class_list":{"0":"post-10787","1":"product","2":"type-product","3":"status-publish","4":"has-post-thumbnail","6":"product_brand-eqm","7":"product_cat-quimicos","8":"product_tag-calcario","9":"product_tag-cimento","10":"product_tag-desincrustante","12":"first","13":"instock","14":"taxable","15":"shipping-taxable","16":"purchasable","17":"product-type-variable"},"acf":[],"yoast_head":"<!-- This site is optimized with the Yoast SEO Premium plugin v27.1 (Yoast SEO v27.4) - https:\/\/yoast.com\/product\/yoast-seo-premium-wordpress\/ -->\n<title>Limpeza \u00c1cida. Desincrustante de Cimento - Ecosoluciones Qu\u00edmicas<\/title>\n<meta name=\"robots\" content=\"index, follow, max-snippet:-1, max-image-preview:large, max-video-preview:-1\" \/>\n<link rel=\"canonical\" href=\"https:\/\/www.ecosolucionesquimicas.es\/pt-pt\/producto\/limpeza-acida-desincrustante-de-cimento\/\" \/>\n<meta property=\"og:locale\" content=\"pt_PT\" \/>\n<meta property=\"og:type\" content=\"article\" \/>\n<meta property=\"og:title\" content=\"Limpeza \u00c1cida. Desincrustante de Cimento\" \/>\n<meta property=\"og:description\" content=\"\u2705 ECO-803 ELIMINA EFICAZMENTE RESTOS DE CIMENTO E MINERAIS. Concebido para dissolver e remover res\u00edduos de cimento, argamassa e incrusta\u00e7\u00f5es minerais, deixando as superf\u00edcies limpas e sem res\u00edduos. \u2705 ADEQUADO PARA UMA GRANDE VARIEDADE DE SUPERF\u00cdCIES, COMO AZULEJOS, TIJOLOS, PAVIMENTOS E FERRAMENTAS DE CONSTRU\u00c7\u00c3O. Facilita a limpeza tanto em projetos de obras novas como em remodela\u00e7\u00f5es, tornando-o ideal para diferentes tipos de trabalhos. \u2705 F\u00d3RMULA \u00c1CIDA DE A\u00c7\u00c3O R\u00c1PIDA. A sua f\u00f3rmula decomp\u00f5e dep\u00f3sitos duros de forma eficiente, reduzindo tempo e esfor\u00e7o na limpeza de superf\u00edcies com acumula\u00e7\u00f5es persistentes. \u2705 ALTAMENTE CORROSIVO, REQUER PROTE\u00c7\u00c3O. \u00c9 imprescind\u00edvel usar luvas, \u00f3culos e m\u00e1scara, al\u00e9m de trabalhar em \u00e1reas ventiladas e enxaguar bem ap\u00f3s a sua utiliza\u00e7\u00e3o para evitar danos. \u2705 FORMATO DE 5 E 20 LITROS. \u26ab Refer\u00eancia: ECO-803\" \/>\n<meta property=\"og:url\" content=\"https:\/\/www.ecosolucionesquimicas.es\/pt-pt\/producto\/limpeza-acida-desincrustante-de-cimento\/\" \/>\n<meta property=\"og:site_name\" content=\"Ecosoluciones Qu\u00edmicas\" \/>\n<meta property=\"article:publisher\" content=\"https:\/\/www.facebook.com\/ecosolucionesquimicasmadrid\/\" \/>\n<meta property=\"article:modified_time\" content=\"2026-03-09T12:46:47+00:00\" \/>\n<meta property=\"og:image\" content=\"https:\/\/www.ecosolucionesquimicas.es\/wp-content\/uploads\/2024\/02\/ECO-803-5L-scaled.jpg\" \/>\n\t<meta property=\"og:image:width\" content=\"2350\" \/>\n\t<meta property=\"og:image:height\" content=\"2560\" \/>\n\t<meta property=\"og:image:type\" content=\"image\/jpeg\" \/>\n<meta name=\"twitter:card\" content=\"summary_large_image\" \/>\n<meta name=\"twitter:label1\" content=\"Disponibilidade\" \/>\n\t<meta name=\"twitter:data1\" content=\"Em stock\" \/>\n<script type=\"application\/ld+json\" class=\"yoast-schema-graph\">{\"@context\":\"https:\\\/\\\/schema.org\",\"@graph\":[{\"@type\":\"WebPage\",\"@id\":\"https:\\\/\\\/www.ecosolucionesquimicas.es\\\/pt-pt\\\/producto\\\/limpeza-acida-desincrustante-de-cimento\\\/\",\"url\":\"https:\\\/\\\/www.ecosolucionesquimicas.es\\\/pt-pt\\\/producto\\\/limpeza-acida-desincrustante-de-cimento\\\/\",\"name\":\"Limpeza \u00c1cida. Desincrustante de Cimento - Ecosoluciones Qu\u00edmicas\",\"isPartOf\":{\"@id\":\"https:\\\/\\\/www.ecosolucionesquimicas.es\\\/pt-pt\\\/#website\"},\"primaryImageOfPage\":{\"@id\":\"https:\\\/\\\/www.ecosolucionesquimicas.es\\\/pt-pt\\\/producto\\\/limpeza-acida-desincrustante-de-cimento\\\/#primaryimage\"},\"image\":{\"@id\":\"https:\\\/\\\/www.ecosolucionesquimicas.es\\\/pt-pt\\\/producto\\\/limpeza-acida-desincrustante-de-cimento\\\/#primaryimage\"},\"thumbnailUrl\":\"https:\\\/\\\/www.ecosolucionesquimicas.es\\\/wp-content\\\/uploads\\\/2024\\\/02\\\/ECO-803-5L-scaled.jpg\",\"datePublished\":\"2024-02-22T12:40:01+00:00\",\"dateModified\":\"2026-03-09T12:46:47+00:00\",\"breadcrumb\":{\"@id\":\"https:\\\/\\\/www.ecosolucionesquimicas.es\\\/pt-pt\\\/producto\\\/limpeza-acida-desincrustante-de-cimento\\\/#breadcrumb\"},\"inLanguage\":\"pt-PT\",\"potentialAction\":[{\"@type\":\"ReadAction\",\"target\":[\"https:\\\/\\\/www.ecosolucionesquimicas.es\\\/pt-pt\\\/producto\\\/limpeza-acida-desincrustante-de-cimento\\\/\"]}]},{\"@type\":\"ImageObject\",\"inLanguage\":\"pt-PT\",\"@id\":\"https:\\\/\\\/www.ecosolucionesquimicas.es\\\/pt-pt\\\/producto\\\/limpeza-acida-desincrustante-de-cimento\\\/#primaryimage\",\"url\":\"https:\\\/\\\/www.ecosolucionesquimicas.es\\\/wp-content\\\/uploads\\\/2024\\\/02\\\/ECO-803-5L-scaled.jpg\",\"contentUrl\":\"https:\\\/\\\/www.ecosolucionesquimicas.es\\\/wp-content\\\/uploads\\\/2024\\\/02\\\/ECO-803-5L-scaled.jpg\",\"width\":2350,\"height\":2560},{\"@type\":\"BreadcrumbList\",\"@id\":\"https:\\\/\\\/www.ecosolucionesquimicas.es\\\/pt-pt\\\/producto\\\/limpeza-acida-desincrustante-de-cimento\\\/#breadcrumb\",\"itemListElement\":[{\"@type\":\"ListItem\",\"position\":1,\"name\":\"Portada\",\"item\":\"https:\\\/\\\/www.ecosolucionesquimicas.es\\\/pt-pt\\\/home\\\/\"},{\"@type\":\"ListItem\",\"position\":2,\"name\":\"Limpeza \u00c1cida. Desincrustante de Cimento\"}]},{\"@type\":\"WebSite\",\"@id\":\"https:\\\/\\\/www.ecosolucionesquimicas.es\\\/pt-pt\\\/#website\",\"url\":\"https:\\\/\\\/www.ecosolucionesquimicas.es\\\/pt-pt\\\/\",\"name\":\"Ecosoluciones Qu\u00edmicas\",\"description\":\"Compre produtos de limpeza e qu\u00edmicos, de fabrica\u00e7\u00e3o pr\u00f3pria, online.\",\"publisher\":{\"@id\":\"https:\\\/\\\/www.ecosolucionesquimicas.es\\\/pt-pt\\\/#organization\"},\"alternateName\":\"EQM\",\"potentialAction\":[{\"@type\":\"SearchAction\",\"target\":{\"@type\":\"EntryPoint\",\"urlTemplate\":\"https:\\\/\\\/www.ecosolucionesquimicas.es\\\/pt-pt\\\/?s={search_term_string}\"},\"query-input\":{\"@type\":\"PropertyValueSpecification\",\"valueRequired\":true,\"valueName\":\"search_term_string\"}}],\"inLanguage\":\"pt-PT\"},{\"@type\":\"Organization\",\"@id\":\"https:\\\/\\\/www.ecosolucionesquimicas.es\\\/pt-pt\\\/#organization\",\"name\":\"Ecosoluciones Qu\u00edmicas\",\"url\":\"https:\\\/\\\/www.ecosolucionesquimicas.es\\\/pt-pt\\\/\",\"logo\":{\"@type\":\"ImageObject\",\"inLanguage\":\"pt-PT\",\"@id\":\"https:\\\/\\\/www.ecosolucionesquimicas.es\\\/pt-pt\\\/#\\\/schema\\\/logo\\\/image\\\/\",\"url\":\"https:\\\/\\\/www.ecosolucionesquimicas.es\\\/wp-content\\\/uploads\\\/2024\\\/08\\\/LOGO-EQM-NUEVO-.png\",\"contentUrl\":\"https:\\\/\\\/www.ecosolucionesquimicas.es\\\/wp-content\\\/uploads\\\/2024\\\/08\\\/LOGO-EQM-NUEVO-.png\",\"width\":1060,\"height\":456,\"caption\":\"Ecosoluciones Qu\u00edmicas\"},\"image\":{\"@id\":\"https:\\\/\\\/www.ecosolucionesquimicas.es\\\/pt-pt\\\/#\\\/schema\\\/logo\\\/image\\\/\"},\"sameAs\":[\"https:\\\/\\\/www.facebook.com\\\/ecosolucionesquimicasmadrid\\\/\",\"https:\\\/\\\/www.instagram.com\\\/ecosolucionesquimicas\\\/\"],\"hasMerchantReturnPolicy\":{\"@type\":\"MerchantReturnPolicy\",\"merchantReturnLink\":\"https:\\\/\\\/www.ecosolucionesquimicas.es\\\/refund_returns\\\/\"}}]}<\/script>\n<meta property=\"product:brand\" content=\"EQM\" \/>\n<meta property=\"og:availability\" content=\"instock\" \/>\n<meta property=\"product:availability\" content=\"instock\" \/>\n<meta property=\"product:retailer_item_id\" content=\"ECO-803\" \/>\n<meta property=\"product:condition\" content=\"new\" \/>\n<!-- \/ Yoast SEO Premium plugin. -->","yoast_head_json":{"title":"Limpeza \u00c1cida. Desincrustante de Cimento - Ecosoluciones Qu\u00edmicas","robots":{"index":"index","follow":"follow","max-snippet":"max-snippet:-1","max-image-preview":"max-image-preview:large","max-video-preview":"max-video-preview:-1"},"canonical":"https:\/\/www.ecosolucionesquimicas.es\/pt-pt\/producto\/limpeza-acida-desincrustante-de-cimento\/","og_locale":"pt_PT","og_type":"article","og_title":"Limpeza \u00c1cida. Desincrustante de Cimento","og_description":"\u2705 ECO-803 ELIMINA EFICAZMENTE RESTOS DE CIMENTO E MINERAIS. Concebido para dissolver e remover res\u00edduos de cimento, argamassa e incrusta\u00e7\u00f5es minerais, deixando as superf\u00edcies limpas e sem res\u00edduos. \u2705 ADEQUADO PARA UMA GRANDE VARIEDADE DE SUPERF\u00cdCIES, COMO AZULEJOS, TIJOLOS, PAVIMENTOS E FERRAMENTAS DE CONSTRU\u00c7\u00c3O. Facilita a limpeza tanto em projetos de obras novas como em remodela\u00e7\u00f5es, tornando-o ideal para diferentes tipos de trabalhos. \u2705 F\u00d3RMULA \u00c1CIDA DE A\u00c7\u00c3O R\u00c1PIDA. A sua f\u00f3rmula decomp\u00f5e dep\u00f3sitos duros de forma eficiente, reduzindo tempo e esfor\u00e7o na limpeza de superf\u00edcies com acumula\u00e7\u00f5es persistentes. \u2705 ALTAMENTE CORROSIVO, REQUER PROTE\u00c7\u00c3O. \u00c9 imprescind\u00edvel usar luvas, \u00f3culos e m\u00e1scara, al\u00e9m de trabalhar em \u00e1reas ventiladas e enxaguar bem ap\u00f3s a sua utiliza\u00e7\u00e3o para evitar danos. \u2705 FORMATO DE 5 E 20 LITROS. \u26ab Refer\u00eancia: ECO-803","og_url":"https:\/\/www.ecosolucionesquimicas.es\/pt-pt\/producto\/limpeza-acida-desincrustante-de-cimento\/","og_site_name":"Ecosoluciones Qu\u00edmicas","article_publisher":"https:\/\/www.facebook.com\/ecosolucionesquimicasmadrid\/","article_modified_time":"2026-03-09T12:46:47+00:00","og_image":[{"width":2350,"height":2560,"url":"https:\/\/www.ecosolucionesquimicas.es\/wp-content\/uploads\/2024\/02\/ECO-803-5L-scaled.jpg","type":"image\/jpeg"}],"twitter_card":"summary_large_image","twitter_misc":{"Disponibilidade":"Em stock"},"schema":{"@context":"https:\/\/schema.org","@graph":[{"@type":"WebPage","@id":"https:\/\/www.ecosolucionesquimicas.es\/pt-pt\/producto\/limpeza-acida-desincrustante-de-cimento\/","url":"https:\/\/www.ecosolucionesquimicas.es\/pt-pt\/producto\/limpeza-acida-desincrustante-de-cimento\/","name":"Limpeza \u00c1cida. Desincrustante de Cimento - Ecosoluciones Qu\u00edmicas","isPartOf":{"@id":"https:\/\/www.ecosolucionesquimicas.es\/pt-pt\/#website"},"primaryImageOfPage":{"@id":"https:\/\/www.ecosolucionesquimicas.es\/pt-pt\/producto\/limpeza-acida-desincrustante-de-cimento\/#primaryimage"},"image":{"@id":"https:\/\/www.ecosolucionesquimicas.es\/pt-pt\/producto\/limpeza-acida-desincrustante-de-cimento\/#primaryimage"},"thumbnailUrl":"https:\/\/www.ecosolucionesquimicas.es\/wp-content\/uploads\/2024\/02\/ECO-803-5L-scaled.jpg","datePublished":"2024-02-22T12:40:01+00:00","dateModified":"2026-03-09T12:46:47+00:00","breadcrumb":{"@id":"https:\/\/www.ecosolucionesquimicas.es\/pt-pt\/producto\/limpeza-acida-desincrustante-de-cimento\/#breadcrumb"},"inLanguage":"pt-PT","potentialAction":[{"@type":"ReadAction","target":["https:\/\/www.ecosolucionesquimicas.es\/pt-pt\/producto\/limpeza-acida-desincrustante-de-cimento\/"]}]},{"@type":"ImageObject","inLanguage":"pt-PT","@id":"https:\/\/www.ecosolucionesquimicas.es\/pt-pt\/producto\/limpeza-acida-desincrustante-de-cimento\/#primaryimage","url":"https:\/\/www.ecosolucionesquimicas.es\/wp-content\/uploads\/2024\/02\/ECO-803-5L-scaled.jpg","contentUrl":"https:\/\/www.ecosolucionesquimicas.es\/wp-content\/uploads\/2024\/02\/ECO-803-5L-scaled.jpg","width":2350,"height":2560},{"@type":"BreadcrumbList","@id":"https:\/\/www.ecosolucionesquimicas.es\/pt-pt\/producto\/limpeza-acida-desincrustante-de-cimento\/#breadcrumb","itemListElement":[{"@type":"ListItem","position":1,"name":"Portada","item":"https:\/\/www.ecosolucionesquimicas.es\/pt-pt\/home\/"},{"@type":"ListItem","position":2,"name":"Limpeza \u00c1cida. Desincrustante de Cimento"}]},{"@type":"WebSite","@id":"https:\/\/www.ecosolucionesquimicas.es\/pt-pt\/#website","url":"https:\/\/www.ecosolucionesquimicas.es\/pt-pt\/","name":"Ecosoluciones Qu\u00edmicas","description":"Compre produtos de limpeza e qu\u00edmicos, de fabrica\u00e7\u00e3o pr\u00f3pria, online.","publisher":{"@id":"https:\/\/www.ecosolucionesquimicas.es\/pt-pt\/#organization"},"alternateName":"EQM","potentialAction":[{"@type":"SearchAction","target":{"@type":"EntryPoint","urlTemplate":"https:\/\/www.ecosolucionesquimicas.es\/pt-pt\/?s={search_term_string}"},"query-input":{"@type":"PropertyValueSpecification","valueRequired":true,"valueName":"search_term_string"}}],"inLanguage":"pt-PT"},{"@type":"Organization","@id":"https:\/\/www.ecosolucionesquimicas.es\/pt-pt\/#organization","name":"Ecosoluciones Qu\u00edmicas","url":"https:\/\/www.ecosolucionesquimicas.es\/pt-pt\/","logo":{"@type":"ImageObject","inLanguage":"pt-PT","@id":"https:\/\/www.ecosolucionesquimicas.es\/pt-pt\/#\/schema\/logo\/image\/","url":"https:\/\/www.ecosolucionesquimicas.es\/wp-content\/uploads\/2024\/08\/LOGO-EQM-NUEVO-.png","contentUrl":"https:\/\/www.ecosolucionesquimicas.es\/wp-content\/uploads\/2024\/08\/LOGO-EQM-NUEVO-.png","width":1060,"height":456,"caption":"Ecosoluciones Qu\u00edmicas"},"image":{"@id":"https:\/\/www.ecosolucionesquimicas.es\/pt-pt\/#\/schema\/logo\/image\/"},"sameAs":["https:\/\/www.facebook.com\/ecosolucionesquimicasmadrid\/","https:\/\/www.instagram.com\/ecosolucionesquimicas\/"],"hasMerchantReturnPolicy":{"@type":"MerchantReturnPolicy","merchantReturnLink":"https:\/\/www.ecosolucionesquimicas.es\/refund_returns\/"}}]},"product_brand":"EQM","og_availability":"instock","product_availability":"instock","product_retailer_item_id":"ECO-803","product_condition":"new"},"_links":{"self":[{"href":"https:\/\/www.ecosolucionesquimicas.es\/pt-pt\/wp-json\/wp\/v2\/product\/10787","targetHints":{"allow":["GET"]}}],"collection":[{"href":"https:\/\/www.ecosolucionesquimicas.es\/pt-pt\/wp-json\/wp\/v2\/product"}],"about":[{"href":"https:\/\/www.ecosolucionesquimicas.es\/pt-pt\/wp-json\/wp\/v2\/types\/product"}],"wp:featuredmedia":[{"embeddable":true,"href":"https:\/\/www.ecosolucionesquimicas.es\/pt-pt\/wp-json\/wp\/v2\/media\/10793"}],"wp:attachment":[{"href":"https:\/\/www.ecosolucionesquimicas.es\/pt-pt\/wp-json\/wp\/v2\/media?parent=10787"}],"wp:term":[{"taxonomy":"product_brand","embeddable":true,"href":"https:\/\/www.ecosolucionesquimicas.es\/pt-pt\/wp-json\/wp\/v2\/product_brand?post=10787"},{"taxonomy":"product_cat","embeddable":true,"href":"https:\/\/www.ecosolucionesquimicas.es\/pt-pt\/wp-json\/wp\/v2\/product_cat?post=10787"},{"taxonomy":"product_tag","embeddable":true,"href":"https:\/\/www.ecosolucionesquimicas.es\/pt-pt\/wp-json\/wp\/v2\/product_tag?post=10787"}],"curies":[{"name":"wp","href":"https:\/\/api.w.org\/{rel}","templated":true}]}}