{"id":10768,"date":"2024-02-22T13:40:01","date_gmt":"2024-02-22T12:40:01","guid":{"rendered":"https:\/\/www.ecosolucionesquimicas.es\/producto\/desengordurante-multiusos-neutro\/"},"modified":"2026-03-02T23:11:54","modified_gmt":"2026-03-02T22:11:54","slug":"desengordurante-multiusos-neutro","status":"publish","type":"product","link":"https:\/\/www.ecosolucionesquimicas.es\/pt-pt\/producto\/desengordurante-multiusos-neutro\/","title":{"rendered":"Desengordurante Multiusos Neutro"},"content":{"rendered":"<p><img fetchpriority=\"high\" decoding=\"async\" class=\"alignnone wp-image-3075\" src=\"https:\/\/www.ecosolucionesquimicas.es\/wp-content\/uploads\/2024\/02\/A_sparkling_clean_kitchen_with_modern_appliances_a-1-300x171.jpg\" alt=\"\" width=\"550\" height=\"314\" srcset=\"https:\/\/www.ecosolucionesquimicas.es\/wp-content\/uploads\/2024\/02\/A_sparkling_clean_kitchen_with_modern_appliances_a-1-300x171.jpg 300w, https:\/\/www.ecosolucionesquimicas.es\/wp-content\/uploads\/2024\/02\/A_sparkling_clean_kitchen_with_modern_appliances_a-1-1024x585.jpg 1024w, https:\/\/www.ecosolucionesquimicas.es\/wp-content\/uploads\/2024\/02\/A_sparkling_clean_kitchen_with_modern_appliances_a-1-768x439.jpg 768w, https:\/\/www.ecosolucionesquimicas.es\/wp-content\/uploads\/2024\/02\/A_sparkling_clean_kitchen_with_modern_appliances_a-1-1536x878.jpg 1536w, https:\/\/www.ecosolucionesquimicas.es\/wp-content\/uploads\/2024\/02\/A_sparkling_clean_kitchen_with_modern_appliances_a-1-600x343.jpg 600w, https:\/\/www.ecosolucionesquimicas.es\/wp-content\/uploads\/2024\/02\/A_sparkling_clean_kitchen_with_modern_appliances_a-1.jpg 1792w\" sizes=\"(max-width: 550px) 100vw, 550px\" \/><\/p>\n<p><strong>MODO DE EMPREGO<\/strong><\/p>\n<p>\ud83d\udd18 <strong>Aplica\u00e7\u00e3o:<\/strong> aplique o desengordurante sem diluir sobre a superf\u00edcie.<br \/>\n\ud83d\udd18 <strong>Tempo de atua\u00e7\u00e3o:<\/strong> deixe atuar alguns minutos para decompor a sujidade.<br \/>\n\ud83d\udd18 <strong>Enxaguamento:<\/strong> retire o produto com um pano h\u00famido, assegurando uma limpeza completa.<\/p>\n<p><strong>Aplica\u00e7\u00f5es comuns:<\/strong> Este desengordurante neutro \u00e9 vers\u00e1til e seguro para utiliza\u00e7\u00e3o em v\u00e1rias superf\u00edcies:<br \/>\n\u2714 <strong>Metais:<\/strong> Ideal para ferramentas e maquinaria, n\u00e3o danifica nem corr\u00f3i.<br \/>\n\u2714 <strong>Bet\u00e3o:<\/strong> Limpa sem afetar a durabilidade de pavimentos e estruturas.<br \/>\n\u2714 <strong>Vidro e Porcelana:<\/strong> Deixa superf\u00edcies limpas e sem marcas.<br \/>\n\u2714 <strong>Madeira e Pl\u00e1sticos:<\/strong> Seguro para madeira e pl\u00e1sticos, sem descolorar nem danificar.<\/p>\n","protected":false},"excerpt":{"rendered":"<p>\u2705 <strong>DESENGORDURANTE NEUTRO, ISENTO DE C\u00c1USTICOS AGRESSIVOS.<\/strong> O que o torna uma op\u00e7\u00e3o segura e eficaz para a limpeza de qualquer superf\u00edcie sem risco de danos. A sua composi\u00e7\u00e3o evita a corros\u00e3o ou desgaste, permitindo a sua utiliza\u00e7\u00e3o numa vasta gama de materiais. <\/p>\n<p>\u2705 <strong>ECO-111 ELIMINA GORDURAS E SUJIDADE GRA\u00c7AS AO SEU ALTO PODER HUMECTANTE, EMULSIONANTE E SOLVENTE.<\/strong> Deixa as superf\u00edcies completamente limpas. A sua a\u00e7\u00e3o profunda assegura a elimina\u00e7\u00e3o eficaz de res\u00edduos dif\u00edceis, proporcionando um acabamento impec\u00e1vel. <\/p>\n<p>\u2705 <strong>\u00c9 IDEAL PARA A LIMPEZA INTEGRAL DE COZINHAS.<\/strong> Incluindo bancadas, fog\u00f5es, exaustores e fornos, al\u00e9m de arm\u00e1rios e eletrodom\u00e9sticos como fritadeiras. A sua versatilidade permite uma limpeza profunda em cada recanto do espa\u00e7o culin\u00e1rio. <\/p>\n<p>\u2705 <strong>\u00c9 PERFEITO PARA A LIMPEZA COMPLETA DO LAR.<\/strong> Mantendo em perfeito estado persianas, aparelhos de ar condicionado, radiadores, m\u00f3veis de jardim e churrasqueiras. O ECO-111 garante a elimina\u00e7\u00e3o de sujidade, p\u00f3 e gordura, assegurando um acabamento limpo e reluzente em todo o tipo de superf\u00edcies. <\/p>\n<p><strong>\u2705<\/strong><strong> FORMATO DE <\/strong><strong>5 E 20 LITROS.<\/strong><\/p>\n<p>\u26ab <strong>Refer\u00eancia: ECO-111<\/strong><\/p>\n","protected":false},"featured_media":10775,"template":"","meta":[],"product_brand":[225],"product_cat":[255],"product_tag":[289,306,261],"class_list":{"0":"post-10768","1":"product","2":"type-product","3":"status-publish","4":"has-post-thumbnail","6":"product_brand-eqm","7":"product_cat-limpeza-profissional","8":"product_tag-desengordurante","9":"product_tag-limpeza","10":"product_tag-multiusos","12":"first","13":"instock","14":"taxable","15":"shipping-taxable","16":"purchasable","17":"product-type-variable"},"acf":[],"yoast_head":"<!-- This site is optimized with the Yoast SEO Premium plugin v27.1 (Yoast SEO v27.4) - https:\/\/yoast.com\/product\/yoast-seo-premium-wordpress\/ -->\n<title>Desengordurante Multiusos Neutro - Ecosoluciones Qu\u00edmicas<\/title>\n<meta name=\"robots\" content=\"index, follow, max-snippet:-1, max-image-preview:large, max-video-preview:-1\" \/>\n<link rel=\"canonical\" href=\"https:\/\/www.ecosolucionesquimicas.es\/pt-pt\/producto\/desengordurante-multiusos-neutro\/\" \/>\n<meta property=\"og:locale\" content=\"pt_PT\" \/>\n<meta property=\"og:type\" content=\"article\" \/>\n<meta property=\"og:title\" content=\"Desengordurante Multiusos Neutro\" \/>\n<meta property=\"og:description\" content=\"\u2705 DESENGORDURANTE NEUTRO, ISENTO DE C\u00c1USTICOS AGRESSIVOS. O que o torna uma op\u00e7\u00e3o segura e eficaz para a limpeza de qualquer superf\u00edcie sem risco de danos. A sua composi\u00e7\u00e3o evita a corros\u00e3o ou desgaste, permitindo a sua utiliza\u00e7\u00e3o numa vasta gama de materiais.  \u2705 ECO-111 ELIMINA GORDURAS E SUJIDADE GRA\u00c7AS AO SEU ALTO PODER HUMECTANTE, EMULSIONANTE E SOLVENTE. Deixa as superf\u00edcies completamente limpas. A sua a\u00e7\u00e3o profunda assegura a elimina\u00e7\u00e3o eficaz de res\u00edduos dif\u00edceis, proporcionando um acabamento impec\u00e1vel.  \u2705 \u00c9 IDEAL PARA A LIMPEZA INTEGRAL DE COZINHAS. Incluindo bancadas, fog\u00f5es, exaustores e fornos, al\u00e9m de arm\u00e1rios e eletrodom\u00e9sticos como fritadeiras. A sua versatilidade permite uma limpeza profunda em cada recanto do espa\u00e7o culin\u00e1rio.  \u2705 \u00c9 PERFEITO PARA A LIMPEZA COMPLETA DO LAR. Mantendo em perfeito estado persianas, aparelhos de ar condicionado, radiadores, m\u00f3veis de jardim e churrasqueiras. O ECO-111 garante a elimina\u00e7\u00e3o de sujidade, p\u00f3 e gordura, assegurando um acabamento limpo e reluzente em todo o tipo de superf\u00edcies.  \u2705 FORMATO DE 5 E 20 LITROS. \u26ab Refer\u00eancia: ECO-111\" \/>\n<meta property=\"og:url\" content=\"https:\/\/www.ecosolucionesquimicas.es\/pt-pt\/producto\/desengordurante-multiusos-neutro\/\" \/>\n<meta property=\"og:site_name\" content=\"Ecosoluciones Qu\u00edmicas\" \/>\n<meta property=\"article:publisher\" content=\"https:\/\/www.facebook.com\/ecosolucionesquimicasmadrid\/\" \/>\n<meta property=\"article:modified_time\" content=\"2026-03-02T22:11:54+00:00\" \/>\n<meta property=\"og:image\" content=\"https:\/\/www.ecosolucionesquimicas.es\/wp-content\/uploads\/2024\/02\/ECO-111-5L-scaled.jpg\" \/>\n\t<meta property=\"og:image:width\" content=\"2350\" \/>\n\t<meta property=\"og:image:height\" content=\"2560\" \/>\n\t<meta property=\"og:image:type\" content=\"image\/jpeg\" \/>\n<meta name=\"twitter:card\" content=\"summary_large_image\" \/>\n<meta name=\"twitter:label1\" content=\"Disponibilidade\" \/>\n\t<meta name=\"twitter:data1\" content=\"Em stock\" \/>\n<script type=\"application\/ld+json\" class=\"yoast-schema-graph\">{\"@context\":\"https:\\\/\\\/schema.org\",\"@graph\":[{\"@type\":\"WebPage\",\"@id\":\"https:\\\/\\\/www.ecosolucionesquimicas.es\\\/pt-pt\\\/producto\\\/desengordurante-multiusos-neutro\\\/\",\"url\":\"https:\\\/\\\/www.ecosolucionesquimicas.es\\\/pt-pt\\\/producto\\\/desengordurante-multiusos-neutro\\\/\",\"name\":\"Desengordurante Multiusos Neutro - Ecosoluciones Qu\u00edmicas\",\"isPartOf\":{\"@id\":\"https:\\\/\\\/www.ecosolucionesquimicas.es\\\/pt-pt\\\/#website\"},\"primaryImageOfPage\":{\"@id\":\"https:\\\/\\\/www.ecosolucionesquimicas.es\\\/pt-pt\\\/producto\\\/desengordurante-multiusos-neutro\\\/#primaryimage\"},\"image\":{\"@id\":\"https:\\\/\\\/www.ecosolucionesquimicas.es\\\/pt-pt\\\/producto\\\/desengordurante-multiusos-neutro\\\/#primaryimage\"},\"thumbnailUrl\":\"https:\\\/\\\/www.ecosolucionesquimicas.es\\\/wp-content\\\/uploads\\\/2024\\\/02\\\/ECO-111-5L-scaled.jpg\",\"datePublished\":\"2024-02-22T12:40:01+00:00\",\"dateModified\":\"2026-03-02T22:11:54+00:00\",\"breadcrumb\":{\"@id\":\"https:\\\/\\\/www.ecosolucionesquimicas.es\\\/pt-pt\\\/producto\\\/desengordurante-multiusos-neutro\\\/#breadcrumb\"},\"inLanguage\":\"pt-PT\",\"potentialAction\":[{\"@type\":\"ReadAction\",\"target\":[\"https:\\\/\\\/www.ecosolucionesquimicas.es\\\/pt-pt\\\/producto\\\/desengordurante-multiusos-neutro\\\/\"]}]},{\"@type\":\"ImageObject\",\"inLanguage\":\"pt-PT\",\"@id\":\"https:\\\/\\\/www.ecosolucionesquimicas.es\\\/pt-pt\\\/producto\\\/desengordurante-multiusos-neutro\\\/#primaryimage\",\"url\":\"https:\\\/\\\/www.ecosolucionesquimicas.es\\\/wp-content\\\/uploads\\\/2024\\\/02\\\/ECO-111-5L-scaled.jpg\",\"contentUrl\":\"https:\\\/\\\/www.ecosolucionesquimicas.es\\\/wp-content\\\/uploads\\\/2024\\\/02\\\/ECO-111-5L-scaled.jpg\",\"width\":2350,\"height\":2560},{\"@type\":\"BreadcrumbList\",\"@id\":\"https:\\\/\\\/www.ecosolucionesquimicas.es\\\/pt-pt\\\/producto\\\/desengordurante-multiusos-neutro\\\/#breadcrumb\",\"itemListElement\":[{\"@type\":\"ListItem\",\"position\":1,\"name\":\"Portada\",\"item\":\"https:\\\/\\\/www.ecosolucionesquimicas.es\\\/pt-pt\\\/home\\\/\"},{\"@type\":\"ListItem\",\"position\":2,\"name\":\"Desengordurante Multiusos Neutro\"}]},{\"@type\":\"WebSite\",\"@id\":\"https:\\\/\\\/www.ecosolucionesquimicas.es\\\/pt-pt\\\/#website\",\"url\":\"https:\\\/\\\/www.ecosolucionesquimicas.es\\\/pt-pt\\\/\",\"name\":\"Ecosoluciones Qu\u00edmicas\",\"description\":\"Compre produtos de limpeza e qu\u00edmicos, de fabrica\u00e7\u00e3o pr\u00f3pria, online.\",\"publisher\":{\"@id\":\"https:\\\/\\\/www.ecosolucionesquimicas.es\\\/pt-pt\\\/#organization\"},\"alternateName\":\"EQM\",\"potentialAction\":[{\"@type\":\"SearchAction\",\"target\":{\"@type\":\"EntryPoint\",\"urlTemplate\":\"https:\\\/\\\/www.ecosolucionesquimicas.es\\\/pt-pt\\\/?s={search_term_string}\"},\"query-input\":{\"@type\":\"PropertyValueSpecification\",\"valueRequired\":true,\"valueName\":\"search_term_string\"}}],\"inLanguage\":\"pt-PT\"},{\"@type\":\"Organization\",\"@id\":\"https:\\\/\\\/www.ecosolucionesquimicas.es\\\/pt-pt\\\/#organization\",\"name\":\"Ecosoluciones Qu\u00edmicas\",\"url\":\"https:\\\/\\\/www.ecosolucionesquimicas.es\\\/pt-pt\\\/\",\"logo\":{\"@type\":\"ImageObject\",\"inLanguage\":\"pt-PT\",\"@id\":\"https:\\\/\\\/www.ecosolucionesquimicas.es\\\/pt-pt\\\/#\\\/schema\\\/logo\\\/image\\\/\",\"url\":\"https:\\\/\\\/www.ecosolucionesquimicas.es\\\/wp-content\\\/uploads\\\/2024\\\/08\\\/LOGO-EQM-NUEVO-.png\",\"contentUrl\":\"https:\\\/\\\/www.ecosolucionesquimicas.es\\\/wp-content\\\/uploads\\\/2024\\\/08\\\/LOGO-EQM-NUEVO-.png\",\"width\":1060,\"height\":456,\"caption\":\"Ecosoluciones Qu\u00edmicas\"},\"image\":{\"@id\":\"https:\\\/\\\/www.ecosolucionesquimicas.es\\\/pt-pt\\\/#\\\/schema\\\/logo\\\/image\\\/\"},\"sameAs\":[\"https:\\\/\\\/www.facebook.com\\\/ecosolucionesquimicasmadrid\\\/\",\"https:\\\/\\\/www.instagram.com\\\/ecosolucionesquimicas\\\/\"],\"hasMerchantReturnPolicy\":{\"@type\":\"MerchantReturnPolicy\",\"merchantReturnLink\":\"https:\\\/\\\/www.ecosolucionesquimicas.es\\\/refund_returns\\\/\"}}]}<\/script>\n<meta property=\"product:brand\" content=\"EQM\" \/>\n<meta property=\"og:availability\" content=\"instock\" \/>\n<meta property=\"product:availability\" content=\"instock\" \/>\n<meta property=\"product:retailer_item_id\" content=\"ECO-111\" \/>\n<meta property=\"product:condition\" content=\"new\" \/>\n<!-- \/ Yoast SEO Premium plugin. -->","yoast_head_json":{"title":"Desengordurante Multiusos Neutro - Ecosoluciones Qu\u00edmicas","robots":{"index":"index","follow":"follow","max-snippet":"max-snippet:-1","max-image-preview":"max-image-preview:large","max-video-preview":"max-video-preview:-1"},"canonical":"https:\/\/www.ecosolucionesquimicas.es\/pt-pt\/producto\/desengordurante-multiusos-neutro\/","og_locale":"pt_PT","og_type":"article","og_title":"Desengordurante Multiusos Neutro","og_description":"\u2705 DESENGORDURANTE NEUTRO, ISENTO DE C\u00c1USTICOS AGRESSIVOS. O que o torna uma op\u00e7\u00e3o segura e eficaz para a limpeza de qualquer superf\u00edcie sem risco de danos. A sua composi\u00e7\u00e3o evita a corros\u00e3o ou desgaste, permitindo a sua utiliza\u00e7\u00e3o numa vasta gama de materiais.  \u2705 ECO-111 ELIMINA GORDURAS E SUJIDADE GRA\u00c7AS AO SEU ALTO PODER HUMECTANTE, EMULSIONANTE E SOLVENTE. Deixa as superf\u00edcies completamente limpas. A sua a\u00e7\u00e3o profunda assegura a elimina\u00e7\u00e3o eficaz de res\u00edduos dif\u00edceis, proporcionando um acabamento impec\u00e1vel.  \u2705 \u00c9 IDEAL PARA A LIMPEZA INTEGRAL DE COZINHAS. Incluindo bancadas, fog\u00f5es, exaustores e fornos, al\u00e9m de arm\u00e1rios e eletrodom\u00e9sticos como fritadeiras. A sua versatilidade permite uma limpeza profunda em cada recanto do espa\u00e7o culin\u00e1rio.  \u2705 \u00c9 PERFEITO PARA A LIMPEZA COMPLETA DO LAR. Mantendo em perfeito estado persianas, aparelhos de ar condicionado, radiadores, m\u00f3veis de jardim e churrasqueiras. O ECO-111 garante a elimina\u00e7\u00e3o de sujidade, p\u00f3 e gordura, assegurando um acabamento limpo e reluzente em todo o tipo de superf\u00edcies.  \u2705 FORMATO DE 5 E 20 LITROS. \u26ab Refer\u00eancia: ECO-111","og_url":"https:\/\/www.ecosolucionesquimicas.es\/pt-pt\/producto\/desengordurante-multiusos-neutro\/","og_site_name":"Ecosoluciones Qu\u00edmicas","article_publisher":"https:\/\/www.facebook.com\/ecosolucionesquimicasmadrid\/","article_modified_time":"2026-03-02T22:11:54+00:00","og_image":[{"width":2350,"height":2560,"url":"https:\/\/www.ecosolucionesquimicas.es\/wp-content\/uploads\/2024\/02\/ECO-111-5L-scaled.jpg","type":"image\/jpeg"}],"twitter_card":"summary_large_image","twitter_misc":{"Disponibilidade":"Em stock"},"schema":{"@context":"https:\/\/schema.org","@graph":[{"@type":"WebPage","@id":"https:\/\/www.ecosolucionesquimicas.es\/pt-pt\/producto\/desengordurante-multiusos-neutro\/","url":"https:\/\/www.ecosolucionesquimicas.es\/pt-pt\/producto\/desengordurante-multiusos-neutro\/","name":"Desengordurante Multiusos Neutro - Ecosoluciones Qu\u00edmicas","isPartOf":{"@id":"https:\/\/www.ecosolucionesquimicas.es\/pt-pt\/#website"},"primaryImageOfPage":{"@id":"https:\/\/www.ecosolucionesquimicas.es\/pt-pt\/producto\/desengordurante-multiusos-neutro\/#primaryimage"},"image":{"@id":"https:\/\/www.ecosolucionesquimicas.es\/pt-pt\/producto\/desengordurante-multiusos-neutro\/#primaryimage"},"thumbnailUrl":"https:\/\/www.ecosolucionesquimicas.es\/wp-content\/uploads\/2024\/02\/ECO-111-5L-scaled.jpg","datePublished":"2024-02-22T12:40:01+00:00","dateModified":"2026-03-02T22:11:54+00:00","breadcrumb":{"@id":"https:\/\/www.ecosolucionesquimicas.es\/pt-pt\/producto\/desengordurante-multiusos-neutro\/#breadcrumb"},"inLanguage":"pt-PT","potentialAction":[{"@type":"ReadAction","target":["https:\/\/www.ecosolucionesquimicas.es\/pt-pt\/producto\/desengordurante-multiusos-neutro\/"]}]},{"@type":"ImageObject","inLanguage":"pt-PT","@id":"https:\/\/www.ecosolucionesquimicas.es\/pt-pt\/producto\/desengordurante-multiusos-neutro\/#primaryimage","url":"https:\/\/www.ecosolucionesquimicas.es\/wp-content\/uploads\/2024\/02\/ECO-111-5L-scaled.jpg","contentUrl":"https:\/\/www.ecosolucionesquimicas.es\/wp-content\/uploads\/2024\/02\/ECO-111-5L-scaled.jpg","width":2350,"height":2560},{"@type":"BreadcrumbList","@id":"https:\/\/www.ecosolucionesquimicas.es\/pt-pt\/producto\/desengordurante-multiusos-neutro\/#breadcrumb","itemListElement":[{"@type":"ListItem","position":1,"name":"Portada","item":"https:\/\/www.ecosolucionesquimicas.es\/pt-pt\/home\/"},{"@type":"ListItem","position":2,"name":"Desengordurante Multiusos Neutro"}]},{"@type":"WebSite","@id":"https:\/\/www.ecosolucionesquimicas.es\/pt-pt\/#website","url":"https:\/\/www.ecosolucionesquimicas.es\/pt-pt\/","name":"Ecosoluciones Qu\u00edmicas","description":"Compre produtos de limpeza e qu\u00edmicos, de fabrica\u00e7\u00e3o pr\u00f3pria, online.","publisher":{"@id":"https:\/\/www.ecosolucionesquimicas.es\/pt-pt\/#organization"},"alternateName":"EQM","potentialAction":[{"@type":"SearchAction","target":{"@type":"EntryPoint","urlTemplate":"https:\/\/www.ecosolucionesquimicas.es\/pt-pt\/?s={search_term_string}"},"query-input":{"@type":"PropertyValueSpecification","valueRequired":true,"valueName":"search_term_string"}}],"inLanguage":"pt-PT"},{"@type":"Organization","@id":"https:\/\/www.ecosolucionesquimicas.es\/pt-pt\/#organization","name":"Ecosoluciones Qu\u00edmicas","url":"https:\/\/www.ecosolucionesquimicas.es\/pt-pt\/","logo":{"@type":"ImageObject","inLanguage":"pt-PT","@id":"https:\/\/www.ecosolucionesquimicas.es\/pt-pt\/#\/schema\/logo\/image\/","url":"https:\/\/www.ecosolucionesquimicas.es\/wp-content\/uploads\/2024\/08\/LOGO-EQM-NUEVO-.png","contentUrl":"https:\/\/www.ecosolucionesquimicas.es\/wp-content\/uploads\/2024\/08\/LOGO-EQM-NUEVO-.png","width":1060,"height":456,"caption":"Ecosoluciones Qu\u00edmicas"},"image":{"@id":"https:\/\/www.ecosolucionesquimicas.es\/pt-pt\/#\/schema\/logo\/image\/"},"sameAs":["https:\/\/www.facebook.com\/ecosolucionesquimicasmadrid\/","https:\/\/www.instagram.com\/ecosolucionesquimicas\/"],"hasMerchantReturnPolicy":{"@type":"MerchantReturnPolicy","merchantReturnLink":"https:\/\/www.ecosolucionesquimicas.es\/refund_returns\/"}}]},"product_brand":"EQM","og_availability":"instock","product_availability":"instock","product_retailer_item_id":"ECO-111","product_condition":"new"},"_links":{"self":[{"href":"https:\/\/www.ecosolucionesquimicas.es\/pt-pt\/wp-json\/wp\/v2\/product\/10768","targetHints":{"allow":["GET"]}}],"collection":[{"href":"https:\/\/www.ecosolucionesquimicas.es\/pt-pt\/wp-json\/wp\/v2\/product"}],"about":[{"href":"https:\/\/www.ecosolucionesquimicas.es\/pt-pt\/wp-json\/wp\/v2\/types\/product"}],"wp:featuredmedia":[{"embeddable":true,"href":"https:\/\/www.ecosolucionesquimicas.es\/pt-pt\/wp-json\/wp\/v2\/media\/10775"}],"wp:attachment":[{"href":"https:\/\/www.ecosolucionesquimicas.es\/pt-pt\/wp-json\/wp\/v2\/media?parent=10768"}],"wp:term":[{"taxonomy":"product_brand","embeddable":true,"href":"https:\/\/www.ecosolucionesquimicas.es\/pt-pt\/wp-json\/wp\/v2\/product_brand?post=10768"},{"taxonomy":"product_cat","embeddable":true,"href":"https:\/\/www.ecosolucionesquimicas.es\/pt-pt\/wp-json\/wp\/v2\/product_cat?post=10768"},{"taxonomy":"product_tag","embeddable":true,"href":"https:\/\/www.ecosolucionesquimicas.es\/pt-pt\/wp-json\/wp\/v2\/product_tag?post=10768"}],"curies":[{"name":"wp","href":"https:\/\/api.w.org\/{rel}","templated":true}]}}