{"id":10758,"date":"2024-02-22T13:40:01","date_gmt":"2024-02-22T12:40:01","guid":{"rendered":"https:\/\/www.ecosolucionesquimicas.es\/producto\/abrilhantador-de-pneus\/"},"modified":"2025-12-08T23:52:30","modified_gmt":"2025-12-08T22:52:30","slug":"abrilhantador-de-pneus","status":"publish","type":"product","link":"https:\/\/www.ecosolucionesquimicas.es\/pt-pt\/producto\/abrilhantador-de-pneus\/","title":{"rendered":"Abrilhantador de Pneus"},"content":{"rendered":"<p><img fetchpriority=\"high\" decoding=\"async\" class=\"alignnone wp-image-2113\" src=\"https:\/\/www.ecosolucionesquimicas.es\/wp-content\/uploads\/2024\/02\/Abrillantador-neumaticos-foto-descripcion-300x198.png\" alt=\"\" width=\"550\" height=\"363\" srcset=\"https:\/\/www.ecosolucionesquimicas.es\/wp-content\/uploads\/2024\/02\/Abrillantador-neumaticos-foto-descripcion-300x198.png 300w, https:\/\/www.ecosolucionesquimicas.es\/wp-content\/uploads\/2024\/02\/Abrillantador-neumaticos-foto-descripcion-768x507.png 768w, https:\/\/www.ecosolucionesquimicas.es\/wp-content\/uploads\/2024\/02\/Abrillantador-neumaticos-foto-descripcion-600x396.png 600w, https:\/\/www.ecosolucionesquimicas.es\/wp-content\/uploads\/2024\/02\/Abrillantador-neumaticos-foto-descripcion.png 966w\" sizes=\"(max-width: 550px) 100vw, 550px\" \/><\/p>\n<p><strong>MODO DE EMPREGO<\/strong><\/p>\n<p>\ud83d\udd18 <strong>Limpeza pr\u00e9via<\/strong>: Certifique-se de que a superf\u00edcie est\u00e1 limpa e seca.<br \/>\n\ud83d\udd18 <strong>Aplicar o produto<\/strong>: Coloque uma pequena quantidade numa esponja ou pano.<br \/>\n\ud83d\udd18 <strong>Distribuir<\/strong>: Espalhe o produto uniformemente sobre pl\u00e1sticos ou borrachas.<br \/>\n\ud83d\udd18 <strong>Secagem<\/strong>: Deixe que seja absorvido e seque sem enxaguar. Aplique uma segunda camada se desejar mais brilho. <\/p>\n<p><strong>Recomenda\u00e7\u00f5es:<\/strong><\/p>\n<div class=\"group\/conversation-turn relative flex w-full min-w-0 flex-col agent-turn\">\n<div class=\"flex-col gap-1 md:gap-3\">\n<div class=\"flex max-w-full flex-col flex-grow\">\n<div class=\"min-h-[20px] text-message flex w-full flex-col items-end gap-2 whitespace-normal break-words [.text-message+&amp;]:mt-5\" dir=\"auto\" data-message-author-role=\"assistant\" data-message-id=\"aabfb1f0-c09a-45ae-b24e-23cfd3f9c12a\">\n<div class=\"flex w-full flex-col gap-1 empty:hidden first:pt-[3px]\">\n<div class=\"markdown prose w-full break-words dark:prose-invert light\">\n<p>\u2757 <strong>N\u00e3o exceder a quantidade:<\/strong> Use apenas o necess\u00e1rio; aplicar em excesso pode prolongar a secagem.<br \/>\n\u2757 <strong>Proteger contra agentes externos:<\/strong> O ECO-110 protege os ve\u00edculos de danos causados pelo sol, chuva e clima.<\/p>\n<\/div>\n<\/div>\n<\/div>\n<\/div>\n<\/div>\n<\/div>\n","protected":false},"excerpt":{"rendered":"<p>\u2705 <strong>O ECO-110 OFERECE UMA PROTE\u00c7\u00c3O SUPERIOR PARA JUNTAS, PL\u00c1STICOS E BORRACHAS<\/strong> <strong>DO VE\u00cdCULO.<\/strong> Assegurando que mant\u00eam a sua suavidade e elasticidade. \u00c9 ideal para pneus e pl\u00e1sticos exteriores, proporcionando um cuidado integral e duradouro. Isto garante que as pe\u00e7as n\u00e3o se deteriorem com o passar do tempo ou com o uso.  <\/p>\n<p>\u2705 <strong>RESTAURA E REVITALIZA PL\u00c1STICOS E BORRACHAS<\/strong>. Devolvendo-lhes a sua apar\u00eancia original tanto no interior como no exterior do carro ou mota. \u00c0 medida que estes materiais envelhecem, tendem a perder cor e a desgastar-se. O ECO-110 devolve-lhes o seu brilho, prolongando a sua vida \u00fatil.   <\/p>\n<p>\u2705 <strong>N\u00c3O DEIXA RES\u00cdDUOS NEM MANCHAS AP\u00d3S A SUA APLICA\u00c7\u00c3O<\/strong>. Gra\u00e7as \u00e0 sua textura especial. Isto facilita a sua utiliza\u00e7\u00e3o e assegura um acabamento impec\u00e1vel. Al\u00e9m disso, forma uma barreira protetora contra fatores ambientais e o ressecamento, mantendo os materiais em perfeitas condi\u00e7\u00f5es.   <\/p>\n<p><strong>\u2705 FORMATO DE 750 ML, 5 E 20 LITROS.<\/strong><\/p>\n<p><strong>\u26ab<\/strong><strong> Refer\u00eancia: ECO-110<\/strong><\/p>\n","protected":false},"featured_media":10763,"template":"","meta":[],"product_brand":[225],"product_cat":[269],"product_tag":[304,270,297,305],"class_list":{"0":"post-10758","1":"product","2":"type-product","3":"status-publish","4":"has-post-thumbnail","6":"product_brand-eqm","7":"product_cat-automovel","8":"product_tag-abrilhantador","9":"product_tag-carro","10":"product_tag-jante","11":"product_tag-pneu","13":"first","14":"instock","15":"taxable","16":"shipping-taxable","17":"purchasable","18":"product-type-variable"},"acf":[],"yoast_head":"<!-- This site is optimized with the Yoast SEO Premium plugin v27.1 (Yoast SEO v27.4) - https:\/\/yoast.com\/product\/yoast-seo-premium-wordpress\/ -->\n<title>Abrilhantador de Pneus - Ecosoluciones Qu\u00edmicas<\/title>\n<meta name=\"robots\" content=\"index, follow, max-snippet:-1, max-image-preview:large, max-video-preview:-1\" \/>\n<link rel=\"canonical\" href=\"https:\/\/www.ecosolucionesquimicas.es\/pt-pt\/producto\/abrilhantador-de-pneus\/\" \/>\n<meta property=\"og:locale\" content=\"pt_PT\" \/>\n<meta property=\"og:type\" content=\"article\" \/>\n<meta property=\"og:title\" content=\"Abrilhantador de Pneus\" \/>\n<meta property=\"og:description\" content=\"\u2705 O ECO-110 OFERECE UMA PROTE\u00c7\u00c3O SUPERIOR PARA JUNTAS, PL\u00c1STICOS E BORRACHAS DO VE\u00cdCULO. Assegurando que mant\u00eam a sua suavidade e elasticidade. \u00c9 ideal para pneus e pl\u00e1sticos exteriores, proporcionando um cuidado integral e duradouro. Isto garante que as pe\u00e7as n\u00e3o se deteriorem com o passar do tempo ou com o uso.  \u2705 RESTAURA E REVITALIZA PL\u00c1STICOS E BORRACHAS. Devolvendo-lhes a sua apar\u00eancia original tanto no interior como no exterior do carro ou mota. \u00c0 medida que estes materiais envelhecem, tendem a perder cor e a desgastar-se. O ECO-110 devolve-lhes o seu brilho, prolongando a sua vida \u00fatil.   \u2705 N\u00c3O DEIXA RES\u00cdDUOS NEM MANCHAS AP\u00d3S A SUA APLICA\u00c7\u00c3O. Gra\u00e7as \u00e0 sua textura especial. Isto facilita a sua utiliza\u00e7\u00e3o e assegura um acabamento impec\u00e1vel. Al\u00e9m disso, forma uma barreira protetora contra fatores ambientais e o ressecamento, mantendo os materiais em perfeitas condi\u00e7\u00f5es.   \u2705 FORMATO DE 750 ML, 5 E 20 LITROS. \u26ab Refer\u00eancia: ECO-110\" \/>\n<meta property=\"og:url\" content=\"https:\/\/www.ecosolucionesquimicas.es\/pt-pt\/producto\/abrilhantador-de-pneus\/\" \/>\n<meta property=\"og:site_name\" content=\"Ecosoluciones Qu\u00edmicas\" \/>\n<meta property=\"article:publisher\" content=\"https:\/\/www.facebook.com\/ecosolucionesquimicasmadrid\/\" \/>\n<meta property=\"article:modified_time\" content=\"2025-12-08T22:52:30+00:00\" \/>\n<meta property=\"og:image\" content=\"https:\/\/www.ecosolucionesquimicas.es\/wp-content\/uploads\/2024\/02\/ECO-110-750ML-scaled.jpg\" \/>\n\t<meta property=\"og:image:width\" content=\"2350\" \/>\n\t<meta property=\"og:image:height\" content=\"2560\" \/>\n\t<meta property=\"og:image:type\" content=\"image\/jpeg\" \/>\n<meta name=\"twitter:card\" content=\"summary_large_image\" \/>\n<meta name=\"twitter:label1\" content=\"Disponibilidade\" \/>\n\t<meta name=\"twitter:data1\" content=\"Em stock\" \/>\n<script type=\"application\/ld+json\" class=\"yoast-schema-graph\">{\"@context\":\"https:\\\/\\\/schema.org\",\"@graph\":[{\"@type\":\"WebPage\",\"@id\":\"https:\\\/\\\/www.ecosolucionesquimicas.es\\\/pt-pt\\\/producto\\\/abrilhantador-de-pneus\\\/\",\"url\":\"https:\\\/\\\/www.ecosolucionesquimicas.es\\\/pt-pt\\\/producto\\\/abrilhantador-de-pneus\\\/\",\"name\":\"Abrilhantador de Pneus - Ecosoluciones Qu\u00edmicas\",\"isPartOf\":{\"@id\":\"https:\\\/\\\/www.ecosolucionesquimicas.es\\\/pt-pt\\\/#website\"},\"primaryImageOfPage\":{\"@id\":\"https:\\\/\\\/www.ecosolucionesquimicas.es\\\/pt-pt\\\/producto\\\/abrilhantador-de-pneus\\\/#primaryimage\"},\"image\":{\"@id\":\"https:\\\/\\\/www.ecosolucionesquimicas.es\\\/pt-pt\\\/producto\\\/abrilhantador-de-pneus\\\/#primaryimage\"},\"thumbnailUrl\":\"https:\\\/\\\/www.ecosolucionesquimicas.es\\\/wp-content\\\/uploads\\\/2024\\\/02\\\/ECO-110-750ML-scaled.jpg\",\"datePublished\":\"2024-02-22T12:40:01+00:00\",\"dateModified\":\"2025-12-08T22:52:30+00:00\",\"breadcrumb\":{\"@id\":\"https:\\\/\\\/www.ecosolucionesquimicas.es\\\/pt-pt\\\/producto\\\/abrilhantador-de-pneus\\\/#breadcrumb\"},\"inLanguage\":\"pt-PT\",\"potentialAction\":[{\"@type\":\"ReadAction\",\"target\":[\"https:\\\/\\\/www.ecosolucionesquimicas.es\\\/pt-pt\\\/producto\\\/abrilhantador-de-pneus\\\/\"]}]},{\"@type\":\"ImageObject\",\"inLanguage\":\"pt-PT\",\"@id\":\"https:\\\/\\\/www.ecosolucionesquimicas.es\\\/pt-pt\\\/producto\\\/abrilhantador-de-pneus\\\/#primaryimage\",\"url\":\"https:\\\/\\\/www.ecosolucionesquimicas.es\\\/wp-content\\\/uploads\\\/2024\\\/02\\\/ECO-110-750ML-scaled.jpg\",\"contentUrl\":\"https:\\\/\\\/www.ecosolucionesquimicas.es\\\/wp-content\\\/uploads\\\/2024\\\/02\\\/ECO-110-750ML-scaled.jpg\",\"width\":2350,\"height\":2560},{\"@type\":\"BreadcrumbList\",\"@id\":\"https:\\\/\\\/www.ecosolucionesquimicas.es\\\/pt-pt\\\/producto\\\/abrilhantador-de-pneus\\\/#breadcrumb\",\"itemListElement\":[{\"@type\":\"ListItem\",\"position\":1,\"name\":\"Portada\",\"item\":\"https:\\\/\\\/www.ecosolucionesquimicas.es\\\/pt-pt\\\/home\\\/\"},{\"@type\":\"ListItem\",\"position\":2,\"name\":\"Abrilhantador de Pneus\"}]},{\"@type\":\"WebSite\",\"@id\":\"https:\\\/\\\/www.ecosolucionesquimicas.es\\\/pt-pt\\\/#website\",\"url\":\"https:\\\/\\\/www.ecosolucionesquimicas.es\\\/pt-pt\\\/\",\"name\":\"Ecosoluciones Qu\u00edmicas\",\"description\":\"Compre produtos de limpeza e qu\u00edmicos, de fabrica\u00e7\u00e3o pr\u00f3pria, online.\",\"publisher\":{\"@id\":\"https:\\\/\\\/www.ecosolucionesquimicas.es\\\/pt-pt\\\/#organization\"},\"alternateName\":\"EQM\",\"potentialAction\":[{\"@type\":\"SearchAction\",\"target\":{\"@type\":\"EntryPoint\",\"urlTemplate\":\"https:\\\/\\\/www.ecosolucionesquimicas.es\\\/pt-pt\\\/?s={search_term_string}\"},\"query-input\":{\"@type\":\"PropertyValueSpecification\",\"valueRequired\":true,\"valueName\":\"search_term_string\"}}],\"inLanguage\":\"pt-PT\"},{\"@type\":\"Organization\",\"@id\":\"https:\\\/\\\/www.ecosolucionesquimicas.es\\\/pt-pt\\\/#organization\",\"name\":\"Ecosoluciones Qu\u00edmicas\",\"url\":\"https:\\\/\\\/www.ecosolucionesquimicas.es\\\/pt-pt\\\/\",\"logo\":{\"@type\":\"ImageObject\",\"inLanguage\":\"pt-PT\",\"@id\":\"https:\\\/\\\/www.ecosolucionesquimicas.es\\\/pt-pt\\\/#\\\/schema\\\/logo\\\/image\\\/\",\"url\":\"https:\\\/\\\/www.ecosolucionesquimicas.es\\\/wp-content\\\/uploads\\\/2024\\\/08\\\/LOGO-EQM-NUEVO-.png\",\"contentUrl\":\"https:\\\/\\\/www.ecosolucionesquimicas.es\\\/wp-content\\\/uploads\\\/2024\\\/08\\\/LOGO-EQM-NUEVO-.png\",\"width\":1060,\"height\":456,\"caption\":\"Ecosoluciones Qu\u00edmicas\"},\"image\":{\"@id\":\"https:\\\/\\\/www.ecosolucionesquimicas.es\\\/pt-pt\\\/#\\\/schema\\\/logo\\\/image\\\/\"},\"sameAs\":[\"https:\\\/\\\/www.facebook.com\\\/ecosolucionesquimicasmadrid\\\/\",\"https:\\\/\\\/www.instagram.com\\\/ecosolucionesquimicas\\\/\"],\"hasMerchantReturnPolicy\":{\"@type\":\"MerchantReturnPolicy\",\"merchantReturnLink\":\"https:\\\/\\\/www.ecosolucionesquimicas.es\\\/refund_returns\\\/\"}}]}<\/script>\n<meta property=\"product:brand\" content=\"EQM\" \/>\n<meta property=\"og:availability\" content=\"instock\" \/>\n<meta property=\"product:availability\" content=\"instock\" \/>\n<meta property=\"product:retailer_item_id\" content=\"ECO-110\" \/>\n<meta property=\"product:condition\" content=\"new\" \/>\n<!-- \/ Yoast SEO Premium plugin. -->","yoast_head_json":{"title":"Abrilhantador de Pneus - Ecosoluciones Qu\u00edmicas","robots":{"index":"index","follow":"follow","max-snippet":"max-snippet:-1","max-image-preview":"max-image-preview:large","max-video-preview":"max-video-preview:-1"},"canonical":"https:\/\/www.ecosolucionesquimicas.es\/pt-pt\/producto\/abrilhantador-de-pneus\/","og_locale":"pt_PT","og_type":"article","og_title":"Abrilhantador de Pneus","og_description":"\u2705 O ECO-110 OFERECE UMA PROTE\u00c7\u00c3O SUPERIOR PARA JUNTAS, PL\u00c1STICOS E BORRACHAS DO VE\u00cdCULO. Assegurando que mant\u00eam a sua suavidade e elasticidade. \u00c9 ideal para pneus e pl\u00e1sticos exteriores, proporcionando um cuidado integral e duradouro. Isto garante que as pe\u00e7as n\u00e3o se deteriorem com o passar do tempo ou com o uso.  \u2705 RESTAURA E REVITALIZA PL\u00c1STICOS E BORRACHAS. Devolvendo-lhes a sua apar\u00eancia original tanto no interior como no exterior do carro ou mota. \u00c0 medida que estes materiais envelhecem, tendem a perder cor e a desgastar-se. O ECO-110 devolve-lhes o seu brilho, prolongando a sua vida \u00fatil.   \u2705 N\u00c3O DEIXA RES\u00cdDUOS NEM MANCHAS AP\u00d3S A SUA APLICA\u00c7\u00c3O. Gra\u00e7as \u00e0 sua textura especial. Isto facilita a sua utiliza\u00e7\u00e3o e assegura um acabamento impec\u00e1vel. Al\u00e9m disso, forma uma barreira protetora contra fatores ambientais e o ressecamento, mantendo os materiais em perfeitas condi\u00e7\u00f5es.   \u2705 FORMATO DE 750 ML, 5 E 20 LITROS. \u26ab Refer\u00eancia: ECO-110","og_url":"https:\/\/www.ecosolucionesquimicas.es\/pt-pt\/producto\/abrilhantador-de-pneus\/","og_site_name":"Ecosoluciones Qu\u00edmicas","article_publisher":"https:\/\/www.facebook.com\/ecosolucionesquimicasmadrid\/","article_modified_time":"2025-12-08T22:52:30+00:00","og_image":[{"width":2350,"height":2560,"url":"https:\/\/www.ecosolucionesquimicas.es\/wp-content\/uploads\/2024\/02\/ECO-110-750ML-scaled.jpg","type":"image\/jpeg"}],"twitter_card":"summary_large_image","twitter_misc":{"Disponibilidade":"Em stock"},"schema":{"@context":"https:\/\/schema.org","@graph":[{"@type":"WebPage","@id":"https:\/\/www.ecosolucionesquimicas.es\/pt-pt\/producto\/abrilhantador-de-pneus\/","url":"https:\/\/www.ecosolucionesquimicas.es\/pt-pt\/producto\/abrilhantador-de-pneus\/","name":"Abrilhantador de Pneus - Ecosoluciones Qu\u00edmicas","isPartOf":{"@id":"https:\/\/www.ecosolucionesquimicas.es\/pt-pt\/#website"},"primaryImageOfPage":{"@id":"https:\/\/www.ecosolucionesquimicas.es\/pt-pt\/producto\/abrilhantador-de-pneus\/#primaryimage"},"image":{"@id":"https:\/\/www.ecosolucionesquimicas.es\/pt-pt\/producto\/abrilhantador-de-pneus\/#primaryimage"},"thumbnailUrl":"https:\/\/www.ecosolucionesquimicas.es\/wp-content\/uploads\/2024\/02\/ECO-110-750ML-scaled.jpg","datePublished":"2024-02-22T12:40:01+00:00","dateModified":"2025-12-08T22:52:30+00:00","breadcrumb":{"@id":"https:\/\/www.ecosolucionesquimicas.es\/pt-pt\/producto\/abrilhantador-de-pneus\/#breadcrumb"},"inLanguage":"pt-PT","potentialAction":[{"@type":"ReadAction","target":["https:\/\/www.ecosolucionesquimicas.es\/pt-pt\/producto\/abrilhantador-de-pneus\/"]}]},{"@type":"ImageObject","inLanguage":"pt-PT","@id":"https:\/\/www.ecosolucionesquimicas.es\/pt-pt\/producto\/abrilhantador-de-pneus\/#primaryimage","url":"https:\/\/www.ecosolucionesquimicas.es\/wp-content\/uploads\/2024\/02\/ECO-110-750ML-scaled.jpg","contentUrl":"https:\/\/www.ecosolucionesquimicas.es\/wp-content\/uploads\/2024\/02\/ECO-110-750ML-scaled.jpg","width":2350,"height":2560},{"@type":"BreadcrumbList","@id":"https:\/\/www.ecosolucionesquimicas.es\/pt-pt\/producto\/abrilhantador-de-pneus\/#breadcrumb","itemListElement":[{"@type":"ListItem","position":1,"name":"Portada","item":"https:\/\/www.ecosolucionesquimicas.es\/pt-pt\/home\/"},{"@type":"ListItem","position":2,"name":"Abrilhantador de Pneus"}]},{"@type":"WebSite","@id":"https:\/\/www.ecosolucionesquimicas.es\/pt-pt\/#website","url":"https:\/\/www.ecosolucionesquimicas.es\/pt-pt\/","name":"Ecosoluciones Qu\u00edmicas","description":"Compre produtos de limpeza e qu\u00edmicos, de fabrica\u00e7\u00e3o pr\u00f3pria, online.","publisher":{"@id":"https:\/\/www.ecosolucionesquimicas.es\/pt-pt\/#organization"},"alternateName":"EQM","potentialAction":[{"@type":"SearchAction","target":{"@type":"EntryPoint","urlTemplate":"https:\/\/www.ecosolucionesquimicas.es\/pt-pt\/?s={search_term_string}"},"query-input":{"@type":"PropertyValueSpecification","valueRequired":true,"valueName":"search_term_string"}}],"inLanguage":"pt-PT"},{"@type":"Organization","@id":"https:\/\/www.ecosolucionesquimicas.es\/pt-pt\/#organization","name":"Ecosoluciones Qu\u00edmicas","url":"https:\/\/www.ecosolucionesquimicas.es\/pt-pt\/","logo":{"@type":"ImageObject","inLanguage":"pt-PT","@id":"https:\/\/www.ecosolucionesquimicas.es\/pt-pt\/#\/schema\/logo\/image\/","url":"https:\/\/www.ecosolucionesquimicas.es\/wp-content\/uploads\/2024\/08\/LOGO-EQM-NUEVO-.png","contentUrl":"https:\/\/www.ecosolucionesquimicas.es\/wp-content\/uploads\/2024\/08\/LOGO-EQM-NUEVO-.png","width":1060,"height":456,"caption":"Ecosoluciones Qu\u00edmicas"},"image":{"@id":"https:\/\/www.ecosolucionesquimicas.es\/pt-pt\/#\/schema\/logo\/image\/"},"sameAs":["https:\/\/www.facebook.com\/ecosolucionesquimicasmadrid\/","https:\/\/www.instagram.com\/ecosolucionesquimicas\/"],"hasMerchantReturnPolicy":{"@type":"MerchantReturnPolicy","merchantReturnLink":"https:\/\/www.ecosolucionesquimicas.es\/refund_returns\/"}}]},"product_brand":"EQM","og_availability":"instock","product_availability":"instock","product_retailer_item_id":"ECO-110","product_condition":"new"},"_links":{"self":[{"href":"https:\/\/www.ecosolucionesquimicas.es\/pt-pt\/wp-json\/wp\/v2\/product\/10758","targetHints":{"allow":["GET"]}}],"collection":[{"href":"https:\/\/www.ecosolucionesquimicas.es\/pt-pt\/wp-json\/wp\/v2\/product"}],"about":[{"href":"https:\/\/www.ecosolucionesquimicas.es\/pt-pt\/wp-json\/wp\/v2\/types\/product"}],"wp:featuredmedia":[{"embeddable":true,"href":"https:\/\/www.ecosolucionesquimicas.es\/pt-pt\/wp-json\/wp\/v2\/media\/10763"}],"wp:attachment":[{"href":"https:\/\/www.ecosolucionesquimicas.es\/pt-pt\/wp-json\/wp\/v2\/media?parent=10758"}],"wp:term":[{"taxonomy":"product_brand","embeddable":true,"href":"https:\/\/www.ecosolucionesquimicas.es\/pt-pt\/wp-json\/wp\/v2\/product_brand?post=10758"},{"taxonomy":"product_cat","embeddable":true,"href":"https:\/\/www.ecosolucionesquimicas.es\/pt-pt\/wp-json\/wp\/v2\/product_cat?post=10758"},{"taxonomy":"product_tag","embeddable":true,"href":"https:\/\/www.ecosolucionesquimicas.es\/pt-pt\/wp-json\/wp\/v2\/product_tag?post=10758"}],"curies":[{"name":"wp","href":"https:\/\/api.w.org\/{rel}","templated":true}]}}