{"id":10752,"date":"2024-02-22T13:40:05","date_gmt":"2024-02-22T12:40:05","guid":{"rendered":"https:\/\/www.ecosolucionesquimicas.es\/producto\/detergente-manual-concentrado-para-a-loica\/"},"modified":"2025-11-15T14:38:16","modified_gmt":"2025-11-15T13:38:16","slug":"detergente-manual-concentrado-para-a-loica","status":"publish","type":"product","link":"https:\/\/www.ecosolucionesquimicas.es\/pt-pt\/producto\/detergente-manual-concentrado-para-a-loica\/","title":{"rendered":"Detergente Manual Concentrado para a Loi\u00e7a"},"content":{"rendered":"<p><img fetchpriority=\"high\" decoding=\"async\" class=\"alignnone wp-image-3116\" src=\"https:\/\/www.ecosolucionesquimicas.es\/wp-content\/uploads\/2024\/02\/2827-300x200.jpg\" alt=\"\" width=\"550\" height=\"367\" srcset=\"https:\/\/www.ecosolucionesquimicas.es\/wp-content\/uploads\/2024\/02\/2827-300x200.jpg 300w, https:\/\/www.ecosolucionesquimicas.es\/wp-content\/uploads\/2024\/02\/2827-1024x682.jpg 1024w, https:\/\/www.ecosolucionesquimicas.es\/wp-content\/uploads\/2024\/02\/2827-768x512.jpg 768w, https:\/\/www.ecosolucionesquimicas.es\/wp-content\/uploads\/2024\/02\/2827-1536x1024.jpg 1536w, https:\/\/www.ecosolucionesquimicas.es\/wp-content\/uploads\/2024\/02\/2827-600x400.jpg 600w, https:\/\/www.ecosolucionesquimicas.es\/wp-content\/uploads\/2024\/02\/2827.jpg 2000w\" sizes=\"(max-width: 550px) 100vw, 550px\" \/><\/p>\n<div class=\"group\/conversation-turn relative flex w-full min-w-0 flex-col agent-turn\">\n<div class=\"flex-col gap-1 md:gap-3\">\n<div class=\"flex flex-grow flex-col max-w-full\">\n<div class=\"min-h-[20px] text-message flex w-full flex-col items-end gap-2 whitespace-pre-wrap break-words [.text-message+&amp;]:mt-5 overflow-x-auto\" dir=\"auto\" data-message-author-role=\"assistant\" data-message-id=\"96bd6530-877b-45a8-a936-1d76777873f9\">\n<div class=\"flex w-full flex-col gap-1 empty:hidden first:pt-[3px]\">\n<div class=\"markdown prose w-full break-words dark:prose-invert light\">\n<p><strong>MODO DE EMPREGO<\/strong><\/p>\n<p>\u25ef <strong>Aplica\u00e7\u00e3o:<\/strong> Adicione detergente \u00e0 \u00e1gua do lava-loi\u00e7a, dependendo da sujidade.<br \/>\n\u25ef <strong>Lavagem:<\/strong> Mergulhe e esfregue os utens\u00edlios com uma palha de a\u00e7o.<br \/>\n\u25ef <strong>Enxaguamento:<\/strong> Enxague com \u00e1gua corrente.<br \/>\n\u25ef <strong>Secagem:<\/strong> Escorra e seque com um pano ou deixe secar ao ar.<\/p>\n<\/div>\n<\/div>\n<\/div>\n<\/div>\n<\/div>\n<\/div>\n","protected":false},"excerpt":{"rendered":"<p>\u2705 <strong>O ECO-201 \u00c9 ALTAMENTE CONCENTRADO E ECON\u00d3MICO.<\/strong> Uma pequena quantidade de ECO-201 \u00e9 suficiente para gerar uma grande quantidade de espuma e limpar grandes volumes de loi\u00e7a. Isto torna-o uma op\u00e7\u00e3o econ\u00f3mica e eficiente para a lavagem di\u00e1ria, maximizando o rendimento do produto. <\/p>\n<p>\u2705 <strong>ALTO PODER ESPUMANTE COM PH NEUTRO.<\/strong> Formulado com um pH neutro, este detergente \u00e9 suave para as m\u00e3os e seguro para todos os tipos de loi\u00e7as e utens\u00edlios. O seu alto poder espumante garante uma limpeza eficaz, eliminando a gordura e os res\u00edduos de alimentos com facilidade e deixando os pratos brilhantes sem necessidade de um esfor\u00e7o excessivo. <\/p>\n<p>\u2705 <strong>FACILITA O ESCORRIMENTO E A SECAGEM.<\/strong> O ECO-201 n\u00e3o s\u00f3 limpa, como tamb\u00e9m foi concebido para melhorar o processo de escorrimento e secagem dos utens\u00edlios de cozinha. Isto \u00e9 especialmente ben\u00e9fico para a cristaleira e a loi\u00e7a fina, uma vez que reduz as marcas de \u00e1gua e acelera a secagem, deixando-os brilhantes e prontos para usar ou guardar. <\/p>\n<p><strong>\u2705<\/strong><strong> FORMATO DE 5 E 20 LITROS.<\/strong><\/p>\n<p>\u26ab<strong> Refer\u00eancia: ECO-201<\/strong><\/p>\n","protected":false},"featured_media":10755,"template":"","meta":[],"product_brand":[225],"product_cat":[255],"product_tag":[303,302],"class_list":{"0":"post-10752","1":"product","2":"type-product","3":"status-publish","4":"has-post-thumbnail","6":"product_brand-eqm","7":"product_cat-limpeza-profissional","8":"product_tag-cozinha","9":"product_tag-lava-loica","11":"first","12":"instock","13":"taxable","14":"shipping-taxable","15":"purchasable","16":"product-type-variable"},"acf":[],"yoast_head":"<!-- This site is optimized with the Yoast SEO Premium plugin v27.1 (Yoast SEO v27.4) - https:\/\/yoast.com\/product\/yoast-seo-premium-wordpress\/ -->\n<title>Detergente Manual Concentrado para a Loi\u00e7a - Ecosoluciones Qu\u00edmicas<\/title>\n<meta name=\"robots\" content=\"index, follow, max-snippet:-1, max-image-preview:large, max-video-preview:-1\" \/>\n<link rel=\"canonical\" href=\"https:\/\/www.ecosolucionesquimicas.es\/pt-pt\/producto\/detergente-manual-concentrado-para-a-loica\/\" \/>\n<meta property=\"og:locale\" content=\"pt_PT\" \/>\n<meta property=\"og:type\" content=\"article\" \/>\n<meta property=\"og:title\" content=\"Detergente Manual Concentrado para a Loi\u00e7a\" \/>\n<meta property=\"og:description\" content=\"\u2705 O ECO-201 \u00c9 ALTAMENTE CONCENTRADO E ECON\u00d3MICO. Uma pequena quantidade de ECO-201 \u00e9 suficiente para gerar uma grande quantidade de espuma e limpar grandes volumes de loi\u00e7a. Isto torna-o uma op\u00e7\u00e3o econ\u00f3mica e eficiente para a lavagem di\u00e1ria, maximizando o rendimento do produto.  \u2705 ALTO PODER ESPUMANTE COM PH NEUTRO. Formulado com um pH neutro, este detergente \u00e9 suave para as m\u00e3os e seguro para todos os tipos de loi\u00e7as e utens\u00edlios. O seu alto poder espumante garante uma limpeza eficaz, eliminando a gordura e os res\u00edduos de alimentos com facilidade e deixando os pratos brilhantes sem necessidade de um esfor\u00e7o excessivo.  \u2705 FACILITA O ESCORRIMENTO E A SECAGEM. O ECO-201 n\u00e3o s\u00f3 limpa, como tamb\u00e9m foi concebido para melhorar o processo de escorrimento e secagem dos utens\u00edlios de cozinha. Isto \u00e9 especialmente ben\u00e9fico para a cristaleira e a loi\u00e7a fina, uma vez que reduz as marcas de \u00e1gua e acelera a secagem, deixando-os brilhantes e prontos para usar ou guardar.  \u2705 FORMATO DE 5 E 20 LITROS. \u26ab Refer\u00eancia: ECO-201\" \/>\n<meta property=\"og:url\" content=\"https:\/\/www.ecosolucionesquimicas.es\/pt-pt\/producto\/detergente-manual-concentrado-para-a-loica\/\" \/>\n<meta property=\"og:site_name\" content=\"Ecosoluciones Qu\u00edmicas\" \/>\n<meta property=\"article:publisher\" content=\"https:\/\/www.facebook.com\/ecosolucionesquimicasmadrid\/\" \/>\n<meta property=\"article:modified_time\" content=\"2025-11-15T13:38:16+00:00\" \/>\n<meta property=\"og:image\" content=\"https:\/\/www.ecosolucionesquimicas.es\/wp-content\/uploads\/2024\/02\/ECO-201-5L-scaled.jpg\" \/>\n\t<meta property=\"og:image:width\" content=\"2350\" \/>\n\t<meta property=\"og:image:height\" content=\"2560\" \/>\n\t<meta property=\"og:image:type\" content=\"image\/jpeg\" \/>\n<meta name=\"twitter:card\" content=\"summary_large_image\" \/>\n<meta name=\"twitter:label1\" content=\"Disponibilidade\" \/>\n\t<meta name=\"twitter:data1\" content=\"Em stock\" \/>\n<script type=\"application\/ld+json\" class=\"yoast-schema-graph\">{\"@context\":\"https:\\\/\\\/schema.org\",\"@graph\":[{\"@type\":\"WebPage\",\"@id\":\"https:\\\/\\\/www.ecosolucionesquimicas.es\\\/pt-pt\\\/producto\\\/detergente-manual-concentrado-para-a-loica\\\/\",\"url\":\"https:\\\/\\\/www.ecosolucionesquimicas.es\\\/pt-pt\\\/producto\\\/detergente-manual-concentrado-para-a-loica\\\/\",\"name\":\"Detergente Manual Concentrado para a Loi\u00e7a - Ecosoluciones Qu\u00edmicas\",\"isPartOf\":{\"@id\":\"https:\\\/\\\/www.ecosolucionesquimicas.es\\\/pt-pt\\\/#website\"},\"primaryImageOfPage\":{\"@id\":\"https:\\\/\\\/www.ecosolucionesquimicas.es\\\/pt-pt\\\/producto\\\/detergente-manual-concentrado-para-a-loica\\\/#primaryimage\"},\"image\":{\"@id\":\"https:\\\/\\\/www.ecosolucionesquimicas.es\\\/pt-pt\\\/producto\\\/detergente-manual-concentrado-para-a-loica\\\/#primaryimage\"},\"thumbnailUrl\":\"https:\\\/\\\/www.ecosolucionesquimicas.es\\\/wp-content\\\/uploads\\\/2024\\\/02\\\/ECO-201-5L-scaled.jpg\",\"datePublished\":\"2024-02-22T12:40:05+00:00\",\"dateModified\":\"2025-11-15T13:38:16+00:00\",\"breadcrumb\":{\"@id\":\"https:\\\/\\\/www.ecosolucionesquimicas.es\\\/pt-pt\\\/producto\\\/detergente-manual-concentrado-para-a-loica\\\/#breadcrumb\"},\"inLanguage\":\"pt-PT\",\"potentialAction\":[{\"@type\":\"ReadAction\",\"target\":[\"https:\\\/\\\/www.ecosolucionesquimicas.es\\\/pt-pt\\\/producto\\\/detergente-manual-concentrado-para-a-loica\\\/\"]}]},{\"@type\":\"ImageObject\",\"inLanguage\":\"pt-PT\",\"@id\":\"https:\\\/\\\/www.ecosolucionesquimicas.es\\\/pt-pt\\\/producto\\\/detergente-manual-concentrado-para-a-loica\\\/#primaryimage\",\"url\":\"https:\\\/\\\/www.ecosolucionesquimicas.es\\\/wp-content\\\/uploads\\\/2024\\\/02\\\/ECO-201-5L-scaled.jpg\",\"contentUrl\":\"https:\\\/\\\/www.ecosolucionesquimicas.es\\\/wp-content\\\/uploads\\\/2024\\\/02\\\/ECO-201-5L-scaled.jpg\",\"width\":2350,\"height\":2560},{\"@type\":\"BreadcrumbList\",\"@id\":\"https:\\\/\\\/www.ecosolucionesquimicas.es\\\/pt-pt\\\/producto\\\/detergente-manual-concentrado-para-a-loica\\\/#breadcrumb\",\"itemListElement\":[{\"@type\":\"ListItem\",\"position\":1,\"name\":\"Portada\",\"item\":\"https:\\\/\\\/www.ecosolucionesquimicas.es\\\/pt-pt\\\/home\\\/\"},{\"@type\":\"ListItem\",\"position\":2,\"name\":\"Detergente Manual Concentrado para a Loi\u00e7a\"}]},{\"@type\":\"WebSite\",\"@id\":\"https:\\\/\\\/www.ecosolucionesquimicas.es\\\/pt-pt\\\/#website\",\"url\":\"https:\\\/\\\/www.ecosolucionesquimicas.es\\\/pt-pt\\\/\",\"name\":\"Ecosoluciones Qu\u00edmicas\",\"description\":\"Compre produtos de limpeza e qu\u00edmicos, de fabrica\u00e7\u00e3o pr\u00f3pria, online.\",\"publisher\":{\"@id\":\"https:\\\/\\\/www.ecosolucionesquimicas.es\\\/pt-pt\\\/#organization\"},\"alternateName\":\"EQM\",\"potentialAction\":[{\"@type\":\"SearchAction\",\"target\":{\"@type\":\"EntryPoint\",\"urlTemplate\":\"https:\\\/\\\/www.ecosolucionesquimicas.es\\\/pt-pt\\\/?s={search_term_string}\"},\"query-input\":{\"@type\":\"PropertyValueSpecification\",\"valueRequired\":true,\"valueName\":\"search_term_string\"}}],\"inLanguage\":\"pt-PT\"},{\"@type\":\"Organization\",\"@id\":\"https:\\\/\\\/www.ecosolucionesquimicas.es\\\/pt-pt\\\/#organization\",\"name\":\"Ecosoluciones Qu\u00edmicas\",\"url\":\"https:\\\/\\\/www.ecosolucionesquimicas.es\\\/pt-pt\\\/\",\"logo\":{\"@type\":\"ImageObject\",\"inLanguage\":\"pt-PT\",\"@id\":\"https:\\\/\\\/www.ecosolucionesquimicas.es\\\/pt-pt\\\/#\\\/schema\\\/logo\\\/image\\\/\",\"url\":\"https:\\\/\\\/www.ecosolucionesquimicas.es\\\/wp-content\\\/uploads\\\/2024\\\/08\\\/LOGO-EQM-NUEVO-.png\",\"contentUrl\":\"https:\\\/\\\/www.ecosolucionesquimicas.es\\\/wp-content\\\/uploads\\\/2024\\\/08\\\/LOGO-EQM-NUEVO-.png\",\"width\":1060,\"height\":456,\"caption\":\"Ecosoluciones Qu\u00edmicas\"},\"image\":{\"@id\":\"https:\\\/\\\/www.ecosolucionesquimicas.es\\\/pt-pt\\\/#\\\/schema\\\/logo\\\/image\\\/\"},\"sameAs\":[\"https:\\\/\\\/www.facebook.com\\\/ecosolucionesquimicasmadrid\\\/\",\"https:\\\/\\\/www.instagram.com\\\/ecosolucionesquimicas\\\/\"],\"hasMerchantReturnPolicy\":{\"@type\":\"MerchantReturnPolicy\",\"merchantReturnLink\":\"https:\\\/\\\/www.ecosolucionesquimicas.es\\\/refund_returns\\\/\"}}]}<\/script>\n<meta property=\"product:brand\" content=\"EQM\" \/>\n<meta property=\"og:availability\" content=\"instock\" \/>\n<meta property=\"product:availability\" content=\"instock\" \/>\n<meta property=\"product:retailer_item_id\" content=\"ECO-201\" \/>\n<meta property=\"product:condition\" content=\"new\" \/>\n<!-- \/ Yoast SEO Premium plugin. -->","yoast_head_json":{"title":"Detergente Manual Concentrado para a Loi\u00e7a - Ecosoluciones Qu\u00edmicas","robots":{"index":"index","follow":"follow","max-snippet":"max-snippet:-1","max-image-preview":"max-image-preview:large","max-video-preview":"max-video-preview:-1"},"canonical":"https:\/\/www.ecosolucionesquimicas.es\/pt-pt\/producto\/detergente-manual-concentrado-para-a-loica\/","og_locale":"pt_PT","og_type":"article","og_title":"Detergente Manual Concentrado para a Loi\u00e7a","og_description":"\u2705 O ECO-201 \u00c9 ALTAMENTE CONCENTRADO E ECON\u00d3MICO. Uma pequena quantidade de ECO-201 \u00e9 suficiente para gerar uma grande quantidade de espuma e limpar grandes volumes de loi\u00e7a. Isto torna-o uma op\u00e7\u00e3o econ\u00f3mica e eficiente para a lavagem di\u00e1ria, maximizando o rendimento do produto.  \u2705 ALTO PODER ESPUMANTE COM PH NEUTRO. Formulado com um pH neutro, este detergente \u00e9 suave para as m\u00e3os e seguro para todos os tipos de loi\u00e7as e utens\u00edlios. O seu alto poder espumante garante uma limpeza eficaz, eliminando a gordura e os res\u00edduos de alimentos com facilidade e deixando os pratos brilhantes sem necessidade de um esfor\u00e7o excessivo.  \u2705 FACILITA O ESCORRIMENTO E A SECAGEM. O ECO-201 n\u00e3o s\u00f3 limpa, como tamb\u00e9m foi concebido para melhorar o processo de escorrimento e secagem dos utens\u00edlios de cozinha. Isto \u00e9 especialmente ben\u00e9fico para a cristaleira e a loi\u00e7a fina, uma vez que reduz as marcas de \u00e1gua e acelera a secagem, deixando-os brilhantes e prontos para usar ou guardar.  \u2705 FORMATO DE 5 E 20 LITROS. \u26ab Refer\u00eancia: ECO-201","og_url":"https:\/\/www.ecosolucionesquimicas.es\/pt-pt\/producto\/detergente-manual-concentrado-para-a-loica\/","og_site_name":"Ecosoluciones Qu\u00edmicas","article_publisher":"https:\/\/www.facebook.com\/ecosolucionesquimicasmadrid\/","article_modified_time":"2025-11-15T13:38:16+00:00","og_image":[{"width":2350,"height":2560,"url":"https:\/\/www.ecosolucionesquimicas.es\/wp-content\/uploads\/2024\/02\/ECO-201-5L-scaled.jpg","type":"image\/jpeg"}],"twitter_card":"summary_large_image","twitter_misc":{"Disponibilidade":"Em stock"},"schema":{"@context":"https:\/\/schema.org","@graph":[{"@type":"WebPage","@id":"https:\/\/www.ecosolucionesquimicas.es\/pt-pt\/producto\/detergente-manual-concentrado-para-a-loica\/","url":"https:\/\/www.ecosolucionesquimicas.es\/pt-pt\/producto\/detergente-manual-concentrado-para-a-loica\/","name":"Detergente Manual Concentrado para a Loi\u00e7a - Ecosoluciones Qu\u00edmicas","isPartOf":{"@id":"https:\/\/www.ecosolucionesquimicas.es\/pt-pt\/#website"},"primaryImageOfPage":{"@id":"https:\/\/www.ecosolucionesquimicas.es\/pt-pt\/producto\/detergente-manual-concentrado-para-a-loica\/#primaryimage"},"image":{"@id":"https:\/\/www.ecosolucionesquimicas.es\/pt-pt\/producto\/detergente-manual-concentrado-para-a-loica\/#primaryimage"},"thumbnailUrl":"https:\/\/www.ecosolucionesquimicas.es\/wp-content\/uploads\/2024\/02\/ECO-201-5L-scaled.jpg","datePublished":"2024-02-22T12:40:05+00:00","dateModified":"2025-11-15T13:38:16+00:00","breadcrumb":{"@id":"https:\/\/www.ecosolucionesquimicas.es\/pt-pt\/producto\/detergente-manual-concentrado-para-a-loica\/#breadcrumb"},"inLanguage":"pt-PT","potentialAction":[{"@type":"ReadAction","target":["https:\/\/www.ecosolucionesquimicas.es\/pt-pt\/producto\/detergente-manual-concentrado-para-a-loica\/"]}]},{"@type":"ImageObject","inLanguage":"pt-PT","@id":"https:\/\/www.ecosolucionesquimicas.es\/pt-pt\/producto\/detergente-manual-concentrado-para-a-loica\/#primaryimage","url":"https:\/\/www.ecosolucionesquimicas.es\/wp-content\/uploads\/2024\/02\/ECO-201-5L-scaled.jpg","contentUrl":"https:\/\/www.ecosolucionesquimicas.es\/wp-content\/uploads\/2024\/02\/ECO-201-5L-scaled.jpg","width":2350,"height":2560},{"@type":"BreadcrumbList","@id":"https:\/\/www.ecosolucionesquimicas.es\/pt-pt\/producto\/detergente-manual-concentrado-para-a-loica\/#breadcrumb","itemListElement":[{"@type":"ListItem","position":1,"name":"Portada","item":"https:\/\/www.ecosolucionesquimicas.es\/pt-pt\/home\/"},{"@type":"ListItem","position":2,"name":"Detergente Manual Concentrado para a Loi\u00e7a"}]},{"@type":"WebSite","@id":"https:\/\/www.ecosolucionesquimicas.es\/pt-pt\/#website","url":"https:\/\/www.ecosolucionesquimicas.es\/pt-pt\/","name":"Ecosoluciones Qu\u00edmicas","description":"Compre produtos de limpeza e qu\u00edmicos, de fabrica\u00e7\u00e3o pr\u00f3pria, online.","publisher":{"@id":"https:\/\/www.ecosolucionesquimicas.es\/pt-pt\/#organization"},"alternateName":"EQM","potentialAction":[{"@type":"SearchAction","target":{"@type":"EntryPoint","urlTemplate":"https:\/\/www.ecosolucionesquimicas.es\/pt-pt\/?s={search_term_string}"},"query-input":{"@type":"PropertyValueSpecification","valueRequired":true,"valueName":"search_term_string"}}],"inLanguage":"pt-PT"},{"@type":"Organization","@id":"https:\/\/www.ecosolucionesquimicas.es\/pt-pt\/#organization","name":"Ecosoluciones Qu\u00edmicas","url":"https:\/\/www.ecosolucionesquimicas.es\/pt-pt\/","logo":{"@type":"ImageObject","inLanguage":"pt-PT","@id":"https:\/\/www.ecosolucionesquimicas.es\/pt-pt\/#\/schema\/logo\/image\/","url":"https:\/\/www.ecosolucionesquimicas.es\/wp-content\/uploads\/2024\/08\/LOGO-EQM-NUEVO-.png","contentUrl":"https:\/\/www.ecosolucionesquimicas.es\/wp-content\/uploads\/2024\/08\/LOGO-EQM-NUEVO-.png","width":1060,"height":456,"caption":"Ecosoluciones Qu\u00edmicas"},"image":{"@id":"https:\/\/www.ecosolucionesquimicas.es\/pt-pt\/#\/schema\/logo\/image\/"},"sameAs":["https:\/\/www.facebook.com\/ecosolucionesquimicasmadrid\/","https:\/\/www.instagram.com\/ecosolucionesquimicas\/"],"hasMerchantReturnPolicy":{"@type":"MerchantReturnPolicy","merchantReturnLink":"https:\/\/www.ecosolucionesquimicas.es\/refund_returns\/"}}]},"product_brand":"EQM","og_availability":"instock","product_availability":"instock","product_retailer_item_id":"ECO-201","product_condition":"new"},"_links":{"self":[{"href":"https:\/\/www.ecosolucionesquimicas.es\/pt-pt\/wp-json\/wp\/v2\/product\/10752","targetHints":{"allow":["GET"]}}],"collection":[{"href":"https:\/\/www.ecosolucionesquimicas.es\/pt-pt\/wp-json\/wp\/v2\/product"}],"about":[{"href":"https:\/\/www.ecosolucionesquimicas.es\/pt-pt\/wp-json\/wp\/v2\/types\/product"}],"wp:featuredmedia":[{"embeddable":true,"href":"https:\/\/www.ecosolucionesquimicas.es\/pt-pt\/wp-json\/wp\/v2\/media\/10755"}],"wp:attachment":[{"href":"https:\/\/www.ecosolucionesquimicas.es\/pt-pt\/wp-json\/wp\/v2\/media?parent=10752"}],"wp:term":[{"taxonomy":"product_brand","embeddable":true,"href":"https:\/\/www.ecosolucionesquimicas.es\/pt-pt\/wp-json\/wp\/v2\/product_brand?post=10752"},{"taxonomy":"product_cat","embeddable":true,"href":"https:\/\/www.ecosolucionesquimicas.es\/pt-pt\/wp-json\/wp\/v2\/product_cat?post=10752"},{"taxonomy":"product_tag","embeddable":true,"href":"https:\/\/www.ecosolucionesquimicas.es\/pt-pt\/wp-json\/wp\/v2\/product_tag?post=10752"}],"curies":[{"name":"wp","href":"https:\/\/api.w.org\/{rel}","templated":true}]}}