{"id":10744,"date":"2024-02-22T13:40:04","date_gmt":"2024-02-22T12:40:04","guid":{"rendered":"https:\/\/www.ecosolucionesquimicas.es\/producto\/eliminador-de-insetos\/"},"modified":"2026-03-24T22:21:15","modified_gmt":"2026-03-24T21:21:15","slug":"eliminador-de-insetos","status":"publish","type":"product","link":"https:\/\/www.ecosolucionesquimicas.es\/pt-pt\/producto\/eliminador-de-insetos\/","title":{"rendered":"Eliminador de Insetos"},"content":{"rendered":"<p><img fetchpriority=\"high\" decoding=\"async\" class=\"alignnone wp-image-3909\" src=\"https:\/\/www.ecosolucionesquimicas.es\/wp-content\/uploads\/2024\/02\/77293591_l_opt-300x200.jpg\" alt=\"\" width=\"550\" height=\"367\" srcset=\"https:\/\/www.ecosolucionesquimicas.es\/wp-content\/uploads\/2024\/02\/77293591_l_opt-300x200.jpg 300w, https:\/\/www.ecosolucionesquimicas.es\/wp-content\/uploads\/2024\/02\/77293591_l_opt-600x400.jpg 600w, https:\/\/www.ecosolucionesquimicas.es\/wp-content\/uploads\/2024\/02\/77293591_l_opt.jpg 720w\" sizes=\"(max-width: 550px) 100vw, 550px\" \/><\/p>\n<p><strong>MODO DE EMPREGO<\/strong><\/p>\n<p><strong>\ud83d\udd18 Aplica\u00e7\u00e3o:<\/strong> pulverize o produto de limpeza diretamente sobre os insetos incrustados na superf\u00edcie do carro, mantendo uma dist\u00e2ncia entre 10 e 15 cm.<br \/>\n<strong>\ud83d\udd18 Tempo de atua\u00e7\u00e3o:<\/strong> deixe o produto atuar durante 1 minuto para permitir que os insetos se dissolvam adequadamente.<br \/>\n<strong>\ud83d\udd18 Enxaguamento:<\/strong> enxague com \u00e1gua sob press\u00e3o para eliminar os restos de insetos e do produto.<\/p>\n<p><strong>Recomenda\u00e7\u00f5es:<\/strong><\/p>\n<p>\u2757N\u00e3o aplique o produto sobre superf\u00edcies quentes ou diretamente expostas ao sol.<br \/>\n\u2757Caso os insetos estejam muito aderidos, pode utilizar uma escova suave para facilitar a limpeza.<\/p>\n","protected":false},"excerpt":{"rendered":"<p><strong>\u2705 ECO-103 \u00c9 ESPEC\u00cdFICO PARA LIMPAR INSETOS INCRUSTADOS EM PARA-BRISAS, PARA-CHOQUES, ESPELHOS, ETC.<\/strong> A sua r\u00e1pida a\u00e7\u00e3o \u00e9 essencial para evitar marcas na carro\u00e7aria do carro.<\/p>\n<p><strong>\u2705 DISSOLVE RAPIDAMENTE OS INSETOS, INCLUSIVE OS SECOS, SEM NECESSIDADE DE ESFREGAR<\/strong>. Em pe\u00e7as de pl\u00e1stico, l\u00e2minas e para-brisas. Devolve de imediato a transpar\u00eancia e o brilho original \u00e0s superf\u00edcies tratadas.  <\/p>\n<p><strong>\u2705 PREVINE MARCAS DE INSETOS EM PARA-CHOQUES, RETROVISORES E VIDROS<\/strong>. Recomenda-se a sua utiliza\u00e7\u00e3o tanto de forma pontual como durante a pr\u00e9-lavagem. <\/p>\n<p><strong>\u2705 COM PH NEUTRO, PROTEGE TODOS OS MATERIAIS DO VE\u00cdCULO SEM CAUSAR DANOS. <\/strong>O seu pH neutro garante uma limpeza eficaz sem danificar a pintura, o pl\u00e1stico ou o vidro do ve\u00edculo, mantendo a sua integridade e apar\u00eancia original.<\/p>\n<p><strong>\u2705 FORMATO DE 750 ML, 5 E 20 LITROS.<\/strong><\/p>\n<p><strong>\u26ab Refer\u00eancia: ECO-103<\/strong><\/p>\n","protected":false},"featured_media":10748,"template":"","meta":[],"product_brand":[225],"product_cat":[269],"product_tag":[270,301,299,300],"class_list":{"0":"post-10744","1":"product","2":"type-product","3":"status-publish","4":"has-post-thumbnail","6":"product_brand-eqm","7":"product_cat-automovel","8":"product_tag-carro","9":"product_tag-eliminador-de-insetos","10":"product_tag-insetos","11":"product_tag-motor","13":"first","14":"instock","15":"taxable","16":"shipping-taxable","17":"purchasable","18":"product-type-variable"},"acf":[],"yoast_head":"<!-- This site is optimized with the Yoast SEO Premium plugin v27.1 (Yoast SEO v27.4) - https:\/\/yoast.com\/product\/yoast-seo-premium-wordpress\/ -->\n<title>Eliminador de Insetos - Ecosoluciones Qu\u00edmicas<\/title>\n<meta name=\"robots\" content=\"index, follow, max-snippet:-1, max-image-preview:large, max-video-preview:-1\" \/>\n<link rel=\"canonical\" href=\"https:\/\/www.ecosolucionesquimicas.es\/pt-pt\/producto\/eliminador-de-insetos\/\" \/>\n<meta property=\"og:locale\" content=\"pt_PT\" \/>\n<meta property=\"og:type\" content=\"article\" \/>\n<meta property=\"og:title\" content=\"Eliminador de Insetos\" \/>\n<meta property=\"og:description\" content=\"\u2705 ECO-103 \u00c9 ESPEC\u00cdFICO PARA LIMPAR INSETOS INCRUSTADOS EM PARA-BRISAS, PARA-CHOQUES, ESPELHOS, ETC. A sua r\u00e1pida a\u00e7\u00e3o \u00e9 essencial para evitar marcas na carro\u00e7aria do carro. \u2705 DISSOLVE RAPIDAMENTE OS INSETOS, INCLUSIVE OS SECOS, SEM NECESSIDADE DE ESFREGAR. Em pe\u00e7as de pl\u00e1stico, l\u00e2minas e para-brisas. Devolve de imediato a transpar\u00eancia e o brilho original \u00e0s superf\u00edcies tratadas.  \u2705 PREVINE MARCAS DE INSETOS EM PARA-CHOQUES, RETROVISORES E VIDROS. Recomenda-se a sua utiliza\u00e7\u00e3o tanto de forma pontual como durante a pr\u00e9-lavagem.  \u2705 COM PH NEUTRO, PROTEGE TODOS OS MATERIAIS DO VE\u00cdCULO SEM CAUSAR DANOS. O seu pH neutro garante uma limpeza eficaz sem danificar a pintura, o pl\u00e1stico ou o vidro do ve\u00edculo, mantendo a sua integridade e apar\u00eancia original. \u2705 FORMATO DE 750 ML, 5 E 20 LITROS. \u26ab Refer\u00eancia: ECO-103\" \/>\n<meta property=\"og:url\" content=\"https:\/\/www.ecosolucionesquimicas.es\/pt-pt\/producto\/eliminador-de-insetos\/\" \/>\n<meta property=\"og:site_name\" content=\"Ecosoluciones Qu\u00edmicas\" \/>\n<meta property=\"article:publisher\" content=\"https:\/\/www.facebook.com\/ecosolucionesquimicasmadrid\/\" \/>\n<meta property=\"article:modified_time\" content=\"2026-03-24T21:21:15+00:00\" \/>\n<meta property=\"og:image\" content=\"https:\/\/www.ecosolucionesquimicas.es\/wp-content\/uploads\/2024\/02\/ECO-103-750ML-scaled.jpg\" \/>\n\t<meta property=\"og:image:width\" content=\"2350\" \/>\n\t<meta property=\"og:image:height\" content=\"2560\" \/>\n\t<meta property=\"og:image:type\" content=\"image\/jpeg\" \/>\n<meta name=\"twitter:card\" content=\"summary_large_image\" \/>\n<meta name=\"twitter:label1\" content=\"Disponibilidade\" \/>\n\t<meta name=\"twitter:data1\" content=\"Em stock\" \/>\n<script type=\"application\/ld+json\" class=\"yoast-schema-graph\">{\"@context\":\"https:\\\/\\\/schema.org\",\"@graph\":[{\"@type\":\"WebPage\",\"@id\":\"https:\\\/\\\/www.ecosolucionesquimicas.es\\\/pt-pt\\\/producto\\\/eliminador-de-insetos\\\/\",\"url\":\"https:\\\/\\\/www.ecosolucionesquimicas.es\\\/pt-pt\\\/producto\\\/eliminador-de-insetos\\\/\",\"name\":\"Eliminador de Insetos - Ecosoluciones Qu\u00edmicas\",\"isPartOf\":{\"@id\":\"https:\\\/\\\/www.ecosolucionesquimicas.es\\\/pt-pt\\\/#website\"},\"primaryImageOfPage\":{\"@id\":\"https:\\\/\\\/www.ecosolucionesquimicas.es\\\/pt-pt\\\/producto\\\/eliminador-de-insetos\\\/#primaryimage\"},\"image\":{\"@id\":\"https:\\\/\\\/www.ecosolucionesquimicas.es\\\/pt-pt\\\/producto\\\/eliminador-de-insetos\\\/#primaryimage\"},\"thumbnailUrl\":\"https:\\\/\\\/www.ecosolucionesquimicas.es\\\/wp-content\\\/uploads\\\/2024\\\/02\\\/ECO-103-750ML-scaled.jpg\",\"datePublished\":\"2024-02-22T12:40:04+00:00\",\"dateModified\":\"2026-03-24T21:21:15+00:00\",\"breadcrumb\":{\"@id\":\"https:\\\/\\\/www.ecosolucionesquimicas.es\\\/pt-pt\\\/producto\\\/eliminador-de-insetos\\\/#breadcrumb\"},\"inLanguage\":\"pt-PT\",\"potentialAction\":[{\"@type\":\"ReadAction\",\"target\":[\"https:\\\/\\\/www.ecosolucionesquimicas.es\\\/pt-pt\\\/producto\\\/eliminador-de-insetos\\\/\"]}]},{\"@type\":\"ImageObject\",\"inLanguage\":\"pt-PT\",\"@id\":\"https:\\\/\\\/www.ecosolucionesquimicas.es\\\/pt-pt\\\/producto\\\/eliminador-de-insetos\\\/#primaryimage\",\"url\":\"https:\\\/\\\/www.ecosolucionesquimicas.es\\\/wp-content\\\/uploads\\\/2024\\\/02\\\/ECO-103-750ML-scaled.jpg\",\"contentUrl\":\"https:\\\/\\\/www.ecosolucionesquimicas.es\\\/wp-content\\\/uploads\\\/2024\\\/02\\\/ECO-103-750ML-scaled.jpg\",\"width\":2350,\"height\":2560},{\"@type\":\"BreadcrumbList\",\"@id\":\"https:\\\/\\\/www.ecosolucionesquimicas.es\\\/pt-pt\\\/producto\\\/eliminador-de-insetos\\\/#breadcrumb\",\"itemListElement\":[{\"@type\":\"ListItem\",\"position\":1,\"name\":\"Portada\",\"item\":\"https:\\\/\\\/www.ecosolucionesquimicas.es\\\/pt-pt\\\/home\\\/\"},{\"@type\":\"ListItem\",\"position\":2,\"name\":\"Eliminador de Insetos\"}]},{\"@type\":\"WebSite\",\"@id\":\"https:\\\/\\\/www.ecosolucionesquimicas.es\\\/pt-pt\\\/#website\",\"url\":\"https:\\\/\\\/www.ecosolucionesquimicas.es\\\/pt-pt\\\/\",\"name\":\"Ecosoluciones Qu\u00edmicas\",\"description\":\"Compre produtos de limpeza e qu\u00edmicos, de fabrica\u00e7\u00e3o pr\u00f3pria, online.\",\"publisher\":{\"@id\":\"https:\\\/\\\/www.ecosolucionesquimicas.es\\\/pt-pt\\\/#organization\"},\"alternateName\":\"EQM\",\"potentialAction\":[{\"@type\":\"SearchAction\",\"target\":{\"@type\":\"EntryPoint\",\"urlTemplate\":\"https:\\\/\\\/www.ecosolucionesquimicas.es\\\/pt-pt\\\/?s={search_term_string}\"},\"query-input\":{\"@type\":\"PropertyValueSpecification\",\"valueRequired\":true,\"valueName\":\"search_term_string\"}}],\"inLanguage\":\"pt-PT\"},{\"@type\":\"Organization\",\"@id\":\"https:\\\/\\\/www.ecosolucionesquimicas.es\\\/pt-pt\\\/#organization\",\"name\":\"Ecosoluciones Qu\u00edmicas\",\"url\":\"https:\\\/\\\/www.ecosolucionesquimicas.es\\\/pt-pt\\\/\",\"logo\":{\"@type\":\"ImageObject\",\"inLanguage\":\"pt-PT\",\"@id\":\"https:\\\/\\\/www.ecosolucionesquimicas.es\\\/pt-pt\\\/#\\\/schema\\\/logo\\\/image\\\/\",\"url\":\"https:\\\/\\\/www.ecosolucionesquimicas.es\\\/wp-content\\\/uploads\\\/2024\\\/08\\\/LOGO-EQM-NUEVO-.png\",\"contentUrl\":\"https:\\\/\\\/www.ecosolucionesquimicas.es\\\/wp-content\\\/uploads\\\/2024\\\/08\\\/LOGO-EQM-NUEVO-.png\",\"width\":1060,\"height\":456,\"caption\":\"Ecosoluciones Qu\u00edmicas\"},\"image\":{\"@id\":\"https:\\\/\\\/www.ecosolucionesquimicas.es\\\/pt-pt\\\/#\\\/schema\\\/logo\\\/image\\\/\"},\"sameAs\":[\"https:\\\/\\\/www.facebook.com\\\/ecosolucionesquimicasmadrid\\\/\",\"https:\\\/\\\/www.instagram.com\\\/ecosolucionesquimicas\\\/\"],\"hasMerchantReturnPolicy\":{\"@type\":\"MerchantReturnPolicy\",\"merchantReturnLink\":\"https:\\\/\\\/www.ecosolucionesquimicas.es\\\/refund_returns\\\/\"}}]}<\/script>\n<meta property=\"product:brand\" content=\"EQM\" \/>\n<meta property=\"og:availability\" content=\"instock\" \/>\n<meta property=\"product:availability\" content=\"instock\" \/>\n<meta property=\"product:retailer_item_id\" content=\"ECO-103\" \/>\n<meta property=\"product:condition\" content=\"new\" \/>\n<!-- \/ Yoast SEO Premium plugin. -->","yoast_head_json":{"title":"Eliminador de Insetos - Ecosoluciones Qu\u00edmicas","robots":{"index":"index","follow":"follow","max-snippet":"max-snippet:-1","max-image-preview":"max-image-preview:large","max-video-preview":"max-video-preview:-1"},"canonical":"https:\/\/www.ecosolucionesquimicas.es\/pt-pt\/producto\/eliminador-de-insetos\/","og_locale":"pt_PT","og_type":"article","og_title":"Eliminador de Insetos","og_description":"\u2705 ECO-103 \u00c9 ESPEC\u00cdFICO PARA LIMPAR INSETOS INCRUSTADOS EM PARA-BRISAS, PARA-CHOQUES, ESPELHOS, ETC. A sua r\u00e1pida a\u00e7\u00e3o \u00e9 essencial para evitar marcas na carro\u00e7aria do carro. \u2705 DISSOLVE RAPIDAMENTE OS INSETOS, INCLUSIVE OS SECOS, SEM NECESSIDADE DE ESFREGAR. Em pe\u00e7as de pl\u00e1stico, l\u00e2minas e para-brisas. Devolve de imediato a transpar\u00eancia e o brilho original \u00e0s superf\u00edcies tratadas.  \u2705 PREVINE MARCAS DE INSETOS EM PARA-CHOQUES, RETROVISORES E VIDROS. Recomenda-se a sua utiliza\u00e7\u00e3o tanto de forma pontual como durante a pr\u00e9-lavagem.  \u2705 COM PH NEUTRO, PROTEGE TODOS OS MATERIAIS DO VE\u00cdCULO SEM CAUSAR DANOS. O seu pH neutro garante uma limpeza eficaz sem danificar a pintura, o pl\u00e1stico ou o vidro do ve\u00edculo, mantendo a sua integridade e apar\u00eancia original. \u2705 FORMATO DE 750 ML, 5 E 20 LITROS. \u26ab Refer\u00eancia: ECO-103","og_url":"https:\/\/www.ecosolucionesquimicas.es\/pt-pt\/producto\/eliminador-de-insetos\/","og_site_name":"Ecosoluciones Qu\u00edmicas","article_publisher":"https:\/\/www.facebook.com\/ecosolucionesquimicasmadrid\/","article_modified_time":"2026-03-24T21:21:15+00:00","og_image":[{"width":2350,"height":2560,"url":"https:\/\/www.ecosolucionesquimicas.es\/wp-content\/uploads\/2024\/02\/ECO-103-750ML-scaled.jpg","type":"image\/jpeg"}],"twitter_card":"summary_large_image","twitter_misc":{"Disponibilidade":"Em stock"},"schema":{"@context":"https:\/\/schema.org","@graph":[{"@type":"WebPage","@id":"https:\/\/www.ecosolucionesquimicas.es\/pt-pt\/producto\/eliminador-de-insetos\/","url":"https:\/\/www.ecosolucionesquimicas.es\/pt-pt\/producto\/eliminador-de-insetos\/","name":"Eliminador de Insetos - Ecosoluciones Qu\u00edmicas","isPartOf":{"@id":"https:\/\/www.ecosolucionesquimicas.es\/pt-pt\/#website"},"primaryImageOfPage":{"@id":"https:\/\/www.ecosolucionesquimicas.es\/pt-pt\/producto\/eliminador-de-insetos\/#primaryimage"},"image":{"@id":"https:\/\/www.ecosolucionesquimicas.es\/pt-pt\/producto\/eliminador-de-insetos\/#primaryimage"},"thumbnailUrl":"https:\/\/www.ecosolucionesquimicas.es\/wp-content\/uploads\/2024\/02\/ECO-103-750ML-scaled.jpg","datePublished":"2024-02-22T12:40:04+00:00","dateModified":"2026-03-24T21:21:15+00:00","breadcrumb":{"@id":"https:\/\/www.ecosolucionesquimicas.es\/pt-pt\/producto\/eliminador-de-insetos\/#breadcrumb"},"inLanguage":"pt-PT","potentialAction":[{"@type":"ReadAction","target":["https:\/\/www.ecosolucionesquimicas.es\/pt-pt\/producto\/eliminador-de-insetos\/"]}]},{"@type":"ImageObject","inLanguage":"pt-PT","@id":"https:\/\/www.ecosolucionesquimicas.es\/pt-pt\/producto\/eliminador-de-insetos\/#primaryimage","url":"https:\/\/www.ecosolucionesquimicas.es\/wp-content\/uploads\/2024\/02\/ECO-103-750ML-scaled.jpg","contentUrl":"https:\/\/www.ecosolucionesquimicas.es\/wp-content\/uploads\/2024\/02\/ECO-103-750ML-scaled.jpg","width":2350,"height":2560},{"@type":"BreadcrumbList","@id":"https:\/\/www.ecosolucionesquimicas.es\/pt-pt\/producto\/eliminador-de-insetos\/#breadcrumb","itemListElement":[{"@type":"ListItem","position":1,"name":"Portada","item":"https:\/\/www.ecosolucionesquimicas.es\/pt-pt\/home\/"},{"@type":"ListItem","position":2,"name":"Eliminador de Insetos"}]},{"@type":"WebSite","@id":"https:\/\/www.ecosolucionesquimicas.es\/pt-pt\/#website","url":"https:\/\/www.ecosolucionesquimicas.es\/pt-pt\/","name":"Ecosoluciones Qu\u00edmicas","description":"Compre produtos de limpeza e qu\u00edmicos, de fabrica\u00e7\u00e3o pr\u00f3pria, online.","publisher":{"@id":"https:\/\/www.ecosolucionesquimicas.es\/pt-pt\/#organization"},"alternateName":"EQM","potentialAction":[{"@type":"SearchAction","target":{"@type":"EntryPoint","urlTemplate":"https:\/\/www.ecosolucionesquimicas.es\/pt-pt\/?s={search_term_string}"},"query-input":{"@type":"PropertyValueSpecification","valueRequired":true,"valueName":"search_term_string"}}],"inLanguage":"pt-PT"},{"@type":"Organization","@id":"https:\/\/www.ecosolucionesquimicas.es\/pt-pt\/#organization","name":"Ecosoluciones Qu\u00edmicas","url":"https:\/\/www.ecosolucionesquimicas.es\/pt-pt\/","logo":{"@type":"ImageObject","inLanguage":"pt-PT","@id":"https:\/\/www.ecosolucionesquimicas.es\/pt-pt\/#\/schema\/logo\/image\/","url":"https:\/\/www.ecosolucionesquimicas.es\/wp-content\/uploads\/2024\/08\/LOGO-EQM-NUEVO-.png","contentUrl":"https:\/\/www.ecosolucionesquimicas.es\/wp-content\/uploads\/2024\/08\/LOGO-EQM-NUEVO-.png","width":1060,"height":456,"caption":"Ecosoluciones Qu\u00edmicas"},"image":{"@id":"https:\/\/www.ecosolucionesquimicas.es\/pt-pt\/#\/schema\/logo\/image\/"},"sameAs":["https:\/\/www.facebook.com\/ecosolucionesquimicasmadrid\/","https:\/\/www.instagram.com\/ecosolucionesquimicas\/"],"hasMerchantReturnPolicy":{"@type":"MerchantReturnPolicy","merchantReturnLink":"https:\/\/www.ecosolucionesquimicas.es\/refund_returns\/"}}]},"product_brand":"EQM","og_availability":"instock","product_availability":"instock","product_retailer_item_id":"ECO-103","product_condition":"new"},"_links":{"self":[{"href":"https:\/\/www.ecosolucionesquimicas.es\/pt-pt\/wp-json\/wp\/v2\/product\/10744","targetHints":{"allow":["GET"]}}],"collection":[{"href":"https:\/\/www.ecosolucionesquimicas.es\/pt-pt\/wp-json\/wp\/v2\/product"}],"about":[{"href":"https:\/\/www.ecosolucionesquimicas.es\/pt-pt\/wp-json\/wp\/v2\/types\/product"}],"wp:featuredmedia":[{"embeddable":true,"href":"https:\/\/www.ecosolucionesquimicas.es\/pt-pt\/wp-json\/wp\/v2\/media\/10748"}],"wp:attachment":[{"href":"https:\/\/www.ecosolucionesquimicas.es\/pt-pt\/wp-json\/wp\/v2\/media?parent=10744"}],"wp:term":[{"taxonomy":"product_brand","embeddable":true,"href":"https:\/\/www.ecosolucionesquimicas.es\/pt-pt\/wp-json\/wp\/v2\/product_brand?post=10744"},{"taxonomy":"product_cat","embeddable":true,"href":"https:\/\/www.ecosolucionesquimicas.es\/pt-pt\/wp-json\/wp\/v2\/product_cat?post=10744"},{"taxonomy":"product_tag","embeddable":true,"href":"https:\/\/www.ecosolucionesquimicas.es\/pt-pt\/wp-json\/wp\/v2\/product_tag?post=10744"}],"curies":[{"name":"wp","href":"https:\/\/api.w.org\/{rel}","templated":true}]}}