{"id":10734,"date":"2024-02-22T13:40:01","date_gmt":"2024-02-22T12:40:01","guid":{"rendered":"https:\/\/www.ecosolucionesquimicas.es\/producto\/limpa-jantes-neutro\/"},"modified":"2026-03-24T22:21:15","modified_gmt":"2026-03-24T21:21:15","slug":"limpa-jantes-neutro","status":"publish","type":"product","link":"https:\/\/www.ecosolucionesquimicas.es\/pt-pt\/producto\/limpa-jantes-neutro\/","title":{"rendered":"Limpa Jantes Neutro"},"content":{"rendered":"<p><img fetchpriority=\"high\" decoding=\"async\" class=\"alignnone wp-image-3623\" src=\"https:\/\/www.ecosolucionesquimicas.es\/wp-content\/uploads\/2024\/02\/Captura-de-pantalla-2024-08-31-a-las-18.56.13-300x207.png\" alt=\"\" width=\"550\" height=\"380\" srcset=\"https:\/\/www.ecosolucionesquimicas.es\/wp-content\/uploads\/2024\/02\/Captura-de-pantalla-2024-08-31-a-las-18.56.13-300x207.png 300w, https:\/\/www.ecosolucionesquimicas.es\/wp-content\/uploads\/2024\/02\/Captura-de-pantalla-2024-08-31-a-las-18.56.13-1024x708.png 1024w, https:\/\/www.ecosolucionesquimicas.es\/wp-content\/uploads\/2024\/02\/Captura-de-pantalla-2024-08-31-a-las-18.56.13-768x531.png 768w, https:\/\/www.ecosolucionesquimicas.es\/wp-content\/uploads\/2024\/02\/Captura-de-pantalla-2024-08-31-a-las-18.56.13-1536x1061.png 1536w, https:\/\/www.ecosolucionesquimicas.es\/wp-content\/uploads\/2024\/02\/Captura-de-pantalla-2024-08-31-a-las-18.56.13-600x415.png 600w, https:\/\/www.ecosolucionesquimicas.es\/wp-content\/uploads\/2024\/02\/Captura-de-pantalla-2024-08-31-a-las-18.56.13.png 1566w\" sizes=\"(max-width: 550px) 100vw, 550px\" \/><\/p>\n<p><strong>MODO DE EMPREGO<\/strong><\/p>\n<div class=\"flex max-w-full flex-col flex-grow\">\n<div class=\"min-h-[20px] text-message flex w-full flex-col items-end gap-2 whitespace-normal break-words [.text-message+&amp;]:mt-5\" dir=\"auto\" data-message-author-role=\"assistant\" data-message-id=\"0f9828b1-e62f-40dc-8086-80742f708461\">\n<div class=\"flex w-full flex-col gap-1 empty:hidden first:pt-[3px]\">\n<div class=\"markdown prose w-full break-words dark:prose-invert light\">\n<p>\ud83d\udd18 <strong>Pr\u00e9-lavagem<\/strong>: Efetue uma pr\u00e9-lavagem com \u00e1gua corrente ou \u00e0 press\u00e3o para remover a sujidade superficial. Deixe escorrer o excesso de \u00e1gua.<br \/>\n\ud83d\udd18 <strong>Agitar<\/strong>: Agite bem o produto antes de o utilizar. Pulverize uniformemente sobre toda a superf\u00edcie da jante.<br \/>\n\ud83d\udd18 <strong>Tempo de espera<\/strong>: Deixe o produto atuar durante 3-5 minutos, evitando que seque.<br \/>\n\ud83d\udd18 <strong>Enxaguamento<\/strong>: Enxague a jante com \u00e1gua \u00e0 press\u00e3o para remover o produto e a sujidade. Seque com um pano limpo e seco.<\/p>\n<\/div>\n<\/div>\n<\/div>\n<\/div>\n<p><strong>Recomenda\u00e7\u00f5es:<\/strong><\/p>\n<p>\u2757N\u00e3o aplique o produto sob exposi\u00e7\u00e3o direta ao sol nem sobre superf\u00edcies quentes, uma vez que tal pode afetar a sua efic\u00e1cia.<\/p>\n","protected":false},"excerpt":{"rendered":"<p>\u2705 <strong>F\u00d3RMULA NEUTRA E SEM \u00c1CIDOS<\/strong>. Especialmente concebida para ser segura em todo o tipo de jantes, incluindo as de liga leve e a\u00e7o. A sua f\u00f3rmula n\u00e3o danifica as pastilhas de trav\u00e3o nem os cromados, assegurando uma limpeza eficaz sem comprometer os materiais delicados do ve\u00edculo.<\/p>\n<p>\u2705 <strong>RECUPERA O ASPETO COMO NOVO<\/strong>. Gra\u00e7as \u00e0 sua potente f\u00f3rmula de limpeza, ECO-101 remove rapidamente o p\u00f3 de trav\u00e3o mais incrustado, res\u00edduos f\u00e9rricos, carv\u00e3o, calc\u00e1rio e sujidade seca em apenas alguns minutos. A limpeza \u00e9 t\u00e3o eficaz que n\u00e3o requer esfregar intensamente para obter resultados vis\u00edveis.<\/p>\n<p>\u2705 <strong>PREVINE A ACUMULA\u00c7\u00c3O DE SUJIDADE PERSISTENTE<\/strong>. ECO-101 n\u00e3o s\u00f3 remove a sujidade mais resistente, como tamb\u00e9m ajuda a prevenir a acumula\u00e7\u00e3o futura. \u00c9 ideal para desengordurar e limpar jantes e embelezadores de todos os tipos de materiais, incluindo ferro, alum\u00ednio, cromados e pl\u00e1stico, de forma r\u00e1pida e sem esfor\u00e7o.<\/p>\n<p><strong>\u2705 FORMATO DE 750 ML, 5 E 20 LITROS.<\/strong><\/p>\n<p><strong>\u26ab Refer\u00eancia: ECO-101<\/strong><\/p>\n","protected":false},"featured_media":10740,"template":"","meta":[],"product_brand":[225],"product_cat":[269,244],"product_tag":[270,298,297],"class_list":{"0":"post-10734","1":"product","2":"type-product","3":"status-publish","4":"has-post-thumbnail","6":"product_brand-eqm","7":"product_cat-automovel","8":"product_cat-sem-categoria","9":"product_tag-carro","10":"product_tag-emblemas","11":"product_tag-jante","13":"first","14":"instock","15":"taxable","16":"shipping-taxable","17":"purchasable","18":"product-type-variable"},"acf":[],"yoast_head":"<!-- This site is optimized with the Yoast SEO Premium plugin v27.1 (Yoast SEO v27.4) - https:\/\/yoast.com\/product\/yoast-seo-premium-wordpress\/ -->\n<title>Limpa Jantes Neutro - Ecosoluciones Qu\u00edmicas<\/title>\n<meta name=\"robots\" content=\"index, follow, max-snippet:-1, max-image-preview:large, max-video-preview:-1\" \/>\n<link rel=\"canonical\" href=\"https:\/\/www.ecosolucionesquimicas.es\/pt-pt\/producto\/limpa-jantes-neutro\/\" \/>\n<meta property=\"og:locale\" content=\"pt_PT\" \/>\n<meta property=\"og:type\" content=\"article\" \/>\n<meta property=\"og:title\" content=\"Limpa Jantes Neutro\" \/>\n<meta property=\"og:description\" content=\"\u2705 F\u00d3RMULA NEUTRA E SEM \u00c1CIDOS. Especialmente concebida para ser segura em todo o tipo de jantes, incluindo as de liga leve e a\u00e7o. A sua f\u00f3rmula n\u00e3o danifica as pastilhas de trav\u00e3o nem os cromados, assegurando uma limpeza eficaz sem comprometer os materiais delicados do ve\u00edculo. \u2705 RECUPERA O ASPETO COMO NOVO. Gra\u00e7as \u00e0 sua potente f\u00f3rmula de limpeza, ECO-101 remove rapidamente o p\u00f3 de trav\u00e3o mais incrustado, res\u00edduos f\u00e9rricos, carv\u00e3o, calc\u00e1rio e sujidade seca em apenas alguns minutos. A limpeza \u00e9 t\u00e3o eficaz que n\u00e3o requer esfregar intensamente para obter resultados vis\u00edveis. \u2705 PREVINE A ACUMULA\u00c7\u00c3O DE SUJIDADE PERSISTENTE. ECO-101 n\u00e3o s\u00f3 remove a sujidade mais resistente, como tamb\u00e9m ajuda a prevenir a acumula\u00e7\u00e3o futura. \u00c9 ideal para desengordurar e limpar jantes e embelezadores de todos os tipos de materiais, incluindo ferro, alum\u00ednio, cromados e pl\u00e1stico, de forma r\u00e1pida e sem esfor\u00e7o. \u2705 FORMATO DE 750 ML, 5 E 20 LITROS. \u26ab Refer\u00eancia: ECO-101\" \/>\n<meta property=\"og:url\" content=\"https:\/\/www.ecosolucionesquimicas.es\/pt-pt\/producto\/limpa-jantes-neutro\/\" \/>\n<meta property=\"og:site_name\" content=\"Ecosoluciones Qu\u00edmicas\" \/>\n<meta property=\"article:publisher\" content=\"https:\/\/www.facebook.com\/ecosolucionesquimicasmadrid\/\" \/>\n<meta property=\"article:modified_time\" content=\"2026-03-24T21:21:15+00:00\" \/>\n<meta property=\"og:image\" content=\"https:\/\/www.ecosolucionesquimicas.es\/wp-content\/uploads\/2024\/02\/ECO-101-750ML-scaled.jpg\" \/>\n\t<meta property=\"og:image:width\" content=\"2350\" \/>\n\t<meta property=\"og:image:height\" content=\"2560\" \/>\n\t<meta property=\"og:image:type\" content=\"image\/jpeg\" \/>\n<meta name=\"twitter:card\" content=\"summary_large_image\" \/>\n<meta name=\"twitter:label1\" content=\"Disponibilidade\" \/>\n\t<meta name=\"twitter:data1\" content=\"Em stock\" \/>\n<script type=\"application\/ld+json\" class=\"yoast-schema-graph\">{\"@context\":\"https:\\\/\\\/schema.org\",\"@graph\":[{\"@type\":\"WebPage\",\"@id\":\"https:\\\/\\\/www.ecosolucionesquimicas.es\\\/pt-pt\\\/producto\\\/limpa-jantes-neutro\\\/\",\"url\":\"https:\\\/\\\/www.ecosolucionesquimicas.es\\\/pt-pt\\\/producto\\\/limpa-jantes-neutro\\\/\",\"name\":\"Limpa Jantes Neutro - Ecosoluciones Qu\u00edmicas\",\"isPartOf\":{\"@id\":\"https:\\\/\\\/www.ecosolucionesquimicas.es\\\/pt-pt\\\/#website\"},\"primaryImageOfPage\":{\"@id\":\"https:\\\/\\\/www.ecosolucionesquimicas.es\\\/pt-pt\\\/producto\\\/limpa-jantes-neutro\\\/#primaryimage\"},\"image\":{\"@id\":\"https:\\\/\\\/www.ecosolucionesquimicas.es\\\/pt-pt\\\/producto\\\/limpa-jantes-neutro\\\/#primaryimage\"},\"thumbnailUrl\":\"https:\\\/\\\/www.ecosolucionesquimicas.es\\\/wp-content\\\/uploads\\\/2024\\\/02\\\/ECO-101-750ML-scaled.jpg\",\"datePublished\":\"2024-02-22T12:40:01+00:00\",\"dateModified\":\"2026-03-24T21:21:15+00:00\",\"breadcrumb\":{\"@id\":\"https:\\\/\\\/www.ecosolucionesquimicas.es\\\/pt-pt\\\/producto\\\/limpa-jantes-neutro\\\/#breadcrumb\"},\"inLanguage\":\"pt-PT\",\"potentialAction\":[{\"@type\":\"ReadAction\",\"target\":[\"https:\\\/\\\/www.ecosolucionesquimicas.es\\\/pt-pt\\\/producto\\\/limpa-jantes-neutro\\\/\"]}]},{\"@type\":\"ImageObject\",\"inLanguage\":\"pt-PT\",\"@id\":\"https:\\\/\\\/www.ecosolucionesquimicas.es\\\/pt-pt\\\/producto\\\/limpa-jantes-neutro\\\/#primaryimage\",\"url\":\"https:\\\/\\\/www.ecosolucionesquimicas.es\\\/wp-content\\\/uploads\\\/2024\\\/02\\\/ECO-101-750ML-scaled.jpg\",\"contentUrl\":\"https:\\\/\\\/www.ecosolucionesquimicas.es\\\/wp-content\\\/uploads\\\/2024\\\/02\\\/ECO-101-750ML-scaled.jpg\",\"width\":2350,\"height\":2560},{\"@type\":\"BreadcrumbList\",\"@id\":\"https:\\\/\\\/www.ecosolucionesquimicas.es\\\/pt-pt\\\/producto\\\/limpa-jantes-neutro\\\/#breadcrumb\",\"itemListElement\":[{\"@type\":\"ListItem\",\"position\":1,\"name\":\"Portada\",\"item\":\"https:\\\/\\\/www.ecosolucionesquimicas.es\\\/pt-pt\\\/home\\\/\"},{\"@type\":\"ListItem\",\"position\":2,\"name\":\"Limpa Jantes Neutro\"}]},{\"@type\":\"WebSite\",\"@id\":\"https:\\\/\\\/www.ecosolucionesquimicas.es\\\/pt-pt\\\/#website\",\"url\":\"https:\\\/\\\/www.ecosolucionesquimicas.es\\\/pt-pt\\\/\",\"name\":\"Ecosoluciones Qu\u00edmicas\",\"description\":\"Compre produtos de limpeza e qu\u00edmicos, de fabrica\u00e7\u00e3o pr\u00f3pria, online.\",\"publisher\":{\"@id\":\"https:\\\/\\\/www.ecosolucionesquimicas.es\\\/pt-pt\\\/#organization\"},\"alternateName\":\"EQM\",\"potentialAction\":[{\"@type\":\"SearchAction\",\"target\":{\"@type\":\"EntryPoint\",\"urlTemplate\":\"https:\\\/\\\/www.ecosolucionesquimicas.es\\\/pt-pt\\\/?s={search_term_string}\"},\"query-input\":{\"@type\":\"PropertyValueSpecification\",\"valueRequired\":true,\"valueName\":\"search_term_string\"}}],\"inLanguage\":\"pt-PT\"},{\"@type\":\"Organization\",\"@id\":\"https:\\\/\\\/www.ecosolucionesquimicas.es\\\/pt-pt\\\/#organization\",\"name\":\"Ecosoluciones Qu\u00edmicas\",\"url\":\"https:\\\/\\\/www.ecosolucionesquimicas.es\\\/pt-pt\\\/\",\"logo\":{\"@type\":\"ImageObject\",\"inLanguage\":\"pt-PT\",\"@id\":\"https:\\\/\\\/www.ecosolucionesquimicas.es\\\/pt-pt\\\/#\\\/schema\\\/logo\\\/image\\\/\",\"url\":\"https:\\\/\\\/www.ecosolucionesquimicas.es\\\/wp-content\\\/uploads\\\/2024\\\/08\\\/LOGO-EQM-NUEVO-.png\",\"contentUrl\":\"https:\\\/\\\/www.ecosolucionesquimicas.es\\\/wp-content\\\/uploads\\\/2024\\\/08\\\/LOGO-EQM-NUEVO-.png\",\"width\":1060,\"height\":456,\"caption\":\"Ecosoluciones Qu\u00edmicas\"},\"image\":{\"@id\":\"https:\\\/\\\/www.ecosolucionesquimicas.es\\\/pt-pt\\\/#\\\/schema\\\/logo\\\/image\\\/\"},\"sameAs\":[\"https:\\\/\\\/www.facebook.com\\\/ecosolucionesquimicasmadrid\\\/\",\"https:\\\/\\\/www.instagram.com\\\/ecosolucionesquimicas\\\/\"],\"hasMerchantReturnPolicy\":{\"@type\":\"MerchantReturnPolicy\",\"merchantReturnLink\":\"https:\\\/\\\/www.ecosolucionesquimicas.es\\\/refund_returns\\\/\"}}]}<\/script>\n<meta property=\"product:brand\" content=\"EQM\" \/>\n<meta property=\"og:availability\" content=\"instock\" \/>\n<meta property=\"product:availability\" content=\"instock\" \/>\n<meta property=\"product:retailer_item_id\" content=\"ECO-101\" \/>\n<meta property=\"product:condition\" content=\"new\" \/>\n<!-- \/ Yoast SEO Premium plugin. -->","yoast_head_json":{"title":"Limpa Jantes Neutro - Ecosoluciones Qu\u00edmicas","robots":{"index":"index","follow":"follow","max-snippet":"max-snippet:-1","max-image-preview":"max-image-preview:large","max-video-preview":"max-video-preview:-1"},"canonical":"https:\/\/www.ecosolucionesquimicas.es\/pt-pt\/producto\/limpa-jantes-neutro\/","og_locale":"pt_PT","og_type":"article","og_title":"Limpa Jantes Neutro","og_description":"\u2705 F\u00d3RMULA NEUTRA E SEM \u00c1CIDOS. Especialmente concebida para ser segura em todo o tipo de jantes, incluindo as de liga leve e a\u00e7o. A sua f\u00f3rmula n\u00e3o danifica as pastilhas de trav\u00e3o nem os cromados, assegurando uma limpeza eficaz sem comprometer os materiais delicados do ve\u00edculo. \u2705 RECUPERA O ASPETO COMO NOVO. Gra\u00e7as \u00e0 sua potente f\u00f3rmula de limpeza, ECO-101 remove rapidamente o p\u00f3 de trav\u00e3o mais incrustado, res\u00edduos f\u00e9rricos, carv\u00e3o, calc\u00e1rio e sujidade seca em apenas alguns minutos. A limpeza \u00e9 t\u00e3o eficaz que n\u00e3o requer esfregar intensamente para obter resultados vis\u00edveis. \u2705 PREVINE A ACUMULA\u00c7\u00c3O DE SUJIDADE PERSISTENTE. ECO-101 n\u00e3o s\u00f3 remove a sujidade mais resistente, como tamb\u00e9m ajuda a prevenir a acumula\u00e7\u00e3o futura. \u00c9 ideal para desengordurar e limpar jantes e embelezadores de todos os tipos de materiais, incluindo ferro, alum\u00ednio, cromados e pl\u00e1stico, de forma r\u00e1pida e sem esfor\u00e7o. \u2705 FORMATO DE 750 ML, 5 E 20 LITROS. \u26ab Refer\u00eancia: ECO-101","og_url":"https:\/\/www.ecosolucionesquimicas.es\/pt-pt\/producto\/limpa-jantes-neutro\/","og_site_name":"Ecosoluciones Qu\u00edmicas","article_publisher":"https:\/\/www.facebook.com\/ecosolucionesquimicasmadrid\/","article_modified_time":"2026-03-24T21:21:15+00:00","og_image":[{"width":2350,"height":2560,"url":"https:\/\/www.ecosolucionesquimicas.es\/wp-content\/uploads\/2024\/02\/ECO-101-750ML-scaled.jpg","type":"image\/jpeg"}],"twitter_card":"summary_large_image","twitter_misc":{"Disponibilidade":"Em stock"},"schema":{"@context":"https:\/\/schema.org","@graph":[{"@type":"WebPage","@id":"https:\/\/www.ecosolucionesquimicas.es\/pt-pt\/producto\/limpa-jantes-neutro\/","url":"https:\/\/www.ecosolucionesquimicas.es\/pt-pt\/producto\/limpa-jantes-neutro\/","name":"Limpa Jantes Neutro - Ecosoluciones Qu\u00edmicas","isPartOf":{"@id":"https:\/\/www.ecosolucionesquimicas.es\/pt-pt\/#website"},"primaryImageOfPage":{"@id":"https:\/\/www.ecosolucionesquimicas.es\/pt-pt\/producto\/limpa-jantes-neutro\/#primaryimage"},"image":{"@id":"https:\/\/www.ecosolucionesquimicas.es\/pt-pt\/producto\/limpa-jantes-neutro\/#primaryimage"},"thumbnailUrl":"https:\/\/www.ecosolucionesquimicas.es\/wp-content\/uploads\/2024\/02\/ECO-101-750ML-scaled.jpg","datePublished":"2024-02-22T12:40:01+00:00","dateModified":"2026-03-24T21:21:15+00:00","breadcrumb":{"@id":"https:\/\/www.ecosolucionesquimicas.es\/pt-pt\/producto\/limpa-jantes-neutro\/#breadcrumb"},"inLanguage":"pt-PT","potentialAction":[{"@type":"ReadAction","target":["https:\/\/www.ecosolucionesquimicas.es\/pt-pt\/producto\/limpa-jantes-neutro\/"]}]},{"@type":"ImageObject","inLanguage":"pt-PT","@id":"https:\/\/www.ecosolucionesquimicas.es\/pt-pt\/producto\/limpa-jantes-neutro\/#primaryimage","url":"https:\/\/www.ecosolucionesquimicas.es\/wp-content\/uploads\/2024\/02\/ECO-101-750ML-scaled.jpg","contentUrl":"https:\/\/www.ecosolucionesquimicas.es\/wp-content\/uploads\/2024\/02\/ECO-101-750ML-scaled.jpg","width":2350,"height":2560},{"@type":"BreadcrumbList","@id":"https:\/\/www.ecosolucionesquimicas.es\/pt-pt\/producto\/limpa-jantes-neutro\/#breadcrumb","itemListElement":[{"@type":"ListItem","position":1,"name":"Portada","item":"https:\/\/www.ecosolucionesquimicas.es\/pt-pt\/home\/"},{"@type":"ListItem","position":2,"name":"Limpa Jantes Neutro"}]},{"@type":"WebSite","@id":"https:\/\/www.ecosolucionesquimicas.es\/pt-pt\/#website","url":"https:\/\/www.ecosolucionesquimicas.es\/pt-pt\/","name":"Ecosoluciones Qu\u00edmicas","description":"Compre produtos de limpeza e qu\u00edmicos, de fabrica\u00e7\u00e3o pr\u00f3pria, online.","publisher":{"@id":"https:\/\/www.ecosolucionesquimicas.es\/pt-pt\/#organization"},"alternateName":"EQM","potentialAction":[{"@type":"SearchAction","target":{"@type":"EntryPoint","urlTemplate":"https:\/\/www.ecosolucionesquimicas.es\/pt-pt\/?s={search_term_string}"},"query-input":{"@type":"PropertyValueSpecification","valueRequired":true,"valueName":"search_term_string"}}],"inLanguage":"pt-PT"},{"@type":"Organization","@id":"https:\/\/www.ecosolucionesquimicas.es\/pt-pt\/#organization","name":"Ecosoluciones Qu\u00edmicas","url":"https:\/\/www.ecosolucionesquimicas.es\/pt-pt\/","logo":{"@type":"ImageObject","inLanguage":"pt-PT","@id":"https:\/\/www.ecosolucionesquimicas.es\/pt-pt\/#\/schema\/logo\/image\/","url":"https:\/\/www.ecosolucionesquimicas.es\/wp-content\/uploads\/2024\/08\/LOGO-EQM-NUEVO-.png","contentUrl":"https:\/\/www.ecosolucionesquimicas.es\/wp-content\/uploads\/2024\/08\/LOGO-EQM-NUEVO-.png","width":1060,"height":456,"caption":"Ecosoluciones Qu\u00edmicas"},"image":{"@id":"https:\/\/www.ecosolucionesquimicas.es\/pt-pt\/#\/schema\/logo\/image\/"},"sameAs":["https:\/\/www.facebook.com\/ecosolucionesquimicasmadrid\/","https:\/\/www.instagram.com\/ecosolucionesquimicas\/"],"hasMerchantReturnPolicy":{"@type":"MerchantReturnPolicy","merchantReturnLink":"https:\/\/www.ecosolucionesquimicas.es\/refund_returns\/"}}]},"product_brand":"EQM","og_availability":"instock","product_availability":"instock","product_retailer_item_id":"ECO-101","product_condition":"new"},"_links":{"self":[{"href":"https:\/\/www.ecosolucionesquimicas.es\/pt-pt\/wp-json\/wp\/v2\/product\/10734","targetHints":{"allow":["GET"]}}],"collection":[{"href":"https:\/\/www.ecosolucionesquimicas.es\/pt-pt\/wp-json\/wp\/v2\/product"}],"about":[{"href":"https:\/\/www.ecosolucionesquimicas.es\/pt-pt\/wp-json\/wp\/v2\/types\/product"}],"wp:featuredmedia":[{"embeddable":true,"href":"https:\/\/www.ecosolucionesquimicas.es\/pt-pt\/wp-json\/wp\/v2\/media\/10740"}],"wp:attachment":[{"href":"https:\/\/www.ecosolucionesquimicas.es\/pt-pt\/wp-json\/wp\/v2\/media?parent=10734"}],"wp:term":[{"taxonomy":"product_brand","embeddable":true,"href":"https:\/\/www.ecosolucionesquimicas.es\/pt-pt\/wp-json\/wp\/v2\/product_brand?post=10734"},{"taxonomy":"product_cat","embeddable":true,"href":"https:\/\/www.ecosolucionesquimicas.es\/pt-pt\/wp-json\/wp\/v2\/product_cat?post=10734"},{"taxonomy":"product_tag","embeddable":true,"href":"https:\/\/www.ecosolucionesquimicas.es\/pt-pt\/wp-json\/wp\/v2\/product_tag?post=10734"}],"curies":[{"name":"wp","href":"https:\/\/api.w.org\/{rel}","templated":true}]}}