{"id":10701,"date":"2024-02-22T13:40:05","date_gmt":"2024-02-22T12:40:05","guid":{"rendered":"https:\/\/www.ecosolucionesquimicas.es\/producto\/desengordurante-concentrado\/"},"modified":"2026-03-24T22:21:16","modified_gmt":"2026-03-24T21:21:16","slug":"desengordurante-concentrado","status":"publish","type":"product","link":"https:\/\/www.ecosolucionesquimicas.es\/pt-pt\/producto\/desengordurante-concentrado\/","title":{"rendered":"Desengordurante Concentrado"},"content":{"rendered":"<h6><img fetchpriority=\"high\" decoding=\"async\" class=\"alignnone wp-image-3071\" src=\"https:\/\/www.ecosolucionesquimicas.es\/wp-content\/uploads\/2024\/02\/DALL%C2%B7E-2024-08-01-23.07.45-oven-with-moderate-dirt-and-visible-grease-integrated-into-a-kitchen.-A-person-is-cleaning-the-oven-using-a-sponge-and-cleaning-solution.-Th-300x300.webp\" alt=\"\" width=\"550\" height=\"550\"><\/h6>\n<p><strong>MODO DE EMPREGO<\/strong><\/p>\n<p>\ud83d\udd18 <strong>Aplica\u00e7\u00e3o geral:<\/strong> Pulverize o desengordurante sobre a superf\u00edcie, deixe atuar 10-15 minutos e enxague com \u00e1gua.<br \/>\n\ud83d\udd18 <strong>Limpeza de maquinaria ou superf\u00edcies pintadas:<\/strong> Dilua 1:15, aplique, deixe atuar e enxague.<br \/>\n\ud83d\udd18 <strong>Limpeza de pavimentos industriais:<\/strong> Dilua 1:10, pulverize, deixe atuar e enxague.<br \/>\n\ud83d\udd18 <strong>Sujeiras por intensidade: <\/strong><span style=\"text-decoration: underline;\">Leve:<\/span> Dilua 1:20 <span style=\"text-decoration: underline;\">Moderada<\/span>: Dilua 1:10 <span style=\"text-decoration: underline;\">Forte:<\/span> Dilua 1:5.<br \/>\n\ud83d\udd18 <strong>Superf\u00edcies de alum\u00ednio:<\/strong> Dilua 1:15.<\/p>\n","protected":false},"excerpt":{"rendered":"<div class=\"flex-shrink-0 flex flex-col relative items-end\">\n<div class=\"pt-0\">\n<div class=\"gizmo-bot-avatar flex h-8 w-8 items-center justify-center overflow-hidden rounded-full\">\n<div class=\"relative p-1 rounded-sm flex items-center justify-center bg-token-main-surface-primary text-token-text-primary h-8 w-8\">\n<p><strong>\u2705 O ECO-109 \u00c9 IDEAL PARA UMA AMPLA VARIEDADE DE SUPERF\u00cdCIES. Como cozinhas, fornos, grelhadores, exaustores, azulejos, frigor\u00edficos, casas de banho, vestu\u00e1rio, estofos, madeira, maquinaria, motores, filtros e pavimentos industriais. <\/strong><\/p>\n<p><strong>\u2705 DESENGORDURANTE ALTAMENTE CONCENTRADO \u00c0 BASE DE TENSOATIVOS, \u00c1LCOOIS E AGENTES ALCALINOS.<\/strong>  Dissolvem gorduras, \u00f3leos, ceras e adesivos, facilitando a limpeza de superf\u00edcies duras e reduzindo o esfor\u00e7o pessoal.<\/p>\n<p><strong>\u2705 GRANDE PODER DESENGORDURANTE, PERFEITO PARA LIMPAR ZONAS EXTREMAMENTE SUJAS<\/strong>. Dissolvendo rapidamente as gorduras de origem vegetal, animal ou mineral, garantindo uma limpeza imediata. <\/p>\n<p><strong>\u2705 DESIGNADO PARA USO TANTO INDUSTRIAL COMO DOM\u00c9STICO.<\/strong>  Oferecendo resultados eficientes em qualquer tipo de ambiente, desde grandes instala\u00e7\u00f5es at\u00e9 ao lar.<\/p>\n<\/div>\n<\/div>\n<\/div>\n<\/div>\n<p><strong>\u2705<\/strong><strong> FORMATO DE 5 E 20 LITROS.<\/strong><\/p>\n<p><strong>\u26ab Refer\u00eancia: ECO-109<\/strong><\/p>\n","protected":false},"featured_media":10710,"template":"","meta":[],"product_brand":[225],"product_cat":[255],"product_tag":[289,283,290],"class_list":{"0":"post-10701","1":"product","2":"type-product","3":"status-publish","4":"has-post-thumbnail","6":"product_brand-eqm","7":"product_cat-limpeza-profissional","8":"product_tag-desengordurante","9":"product_tag-limpador","10":"product_tag-sujidade","12":"first","13":"instock","14":"taxable","15":"shipping-taxable","16":"purchasable","17":"product-type-variable"},"acf":[],"yoast_head":"<!-- This site is optimized with the Yoast SEO Premium plugin v27.1 (Yoast SEO v27.4) - https:\/\/yoast.com\/product\/yoast-seo-premium-wordpress\/ -->\n<title>Desengordurante Concentrado - Ecosoluciones Qu\u00edmicas<\/title>\n<meta name=\"robots\" content=\"index, follow, max-snippet:-1, max-image-preview:large, max-video-preview:-1\" \/>\n<link rel=\"canonical\" href=\"https:\/\/www.ecosolucionesquimicas.es\/pt-pt\/producto\/desengordurante-concentrado\/\" \/>\n<meta property=\"og:locale\" content=\"pt_PT\" \/>\n<meta property=\"og:type\" content=\"article\" \/>\n<meta property=\"og:title\" content=\"Desengordurante Concentrado\" \/>\n<meta property=\"og:description\" content=\"\u2705 O ECO-109 \u00c9 IDEAL PARA UMA AMPLA VARIEDADE DE SUPERF\u00cdCIES. Como cozinhas, fornos, grelhadores, exaustores, azulejos, frigor\u00edficos, casas de banho, vestu\u00e1rio, estofos, madeira, maquinaria, motores, filtros e pavimentos industriais.  \u2705 DESENGORDURANTE ALTAMENTE CONCENTRADO \u00c0 BASE DE TENSOATIVOS, \u00c1LCOOIS E AGENTES ALCALINOS. Dissolvem gorduras, \u00f3leos, ceras e adesivos, facilitando a limpeza de superf\u00edcies duras e reduzindo o esfor\u00e7o pessoal. \u2705 GRANDE PODER DESENGORDURANTE, PERFEITO PARA LIMPAR ZONAS EXTREMAMENTE SUJAS. Dissolvendo rapidamente as gorduras de origem vegetal, animal ou mineral, garantindo uma limpeza imediata.  \u2705 DESIGNADO PARA USO TANTO INDUSTRIAL COMO DOM\u00c9STICO. Oferecendo resultados eficientes em qualquer tipo de ambiente, desde grandes instala\u00e7\u00f5es at\u00e9 ao lar.   \u2705 FORMATO DE 5 E 20 LITROS. \u26ab Refer\u00eancia: ECO-109\" \/>\n<meta property=\"og:url\" content=\"https:\/\/www.ecosolucionesquimicas.es\/pt-pt\/producto\/desengordurante-concentrado\/\" \/>\n<meta property=\"og:site_name\" content=\"Ecosoluciones Qu\u00edmicas\" \/>\n<meta property=\"article:publisher\" content=\"https:\/\/www.facebook.com\/ecosolucionesquimicasmadrid\/\" \/>\n<meta property=\"article:modified_time\" content=\"2026-03-24T21:21:16+00:00\" \/>\n<meta property=\"og:image\" content=\"https:\/\/www.ecosolucionesquimicas.es\/wp-content\/uploads\/2024\/02\/ECO-109-5L-scaled.jpg\" \/>\n\t<meta property=\"og:image:width\" content=\"2350\" \/>\n\t<meta property=\"og:image:height\" content=\"2560\" \/>\n\t<meta property=\"og:image:type\" content=\"image\/jpeg\" \/>\n<meta name=\"twitter:card\" content=\"summary_large_image\" \/>\n<meta name=\"twitter:label1\" content=\"Disponibilidade\" \/>\n\t<meta name=\"twitter:data1\" content=\"Em stock\" \/>\n<script type=\"application\/ld+json\" class=\"yoast-schema-graph\">{\"@context\":\"https:\\\/\\\/schema.org\",\"@graph\":[{\"@type\":\"WebPage\",\"@id\":\"https:\\\/\\\/www.ecosolucionesquimicas.es\\\/pt-pt\\\/producto\\\/desengordurante-concentrado\\\/\",\"url\":\"https:\\\/\\\/www.ecosolucionesquimicas.es\\\/pt-pt\\\/producto\\\/desengordurante-concentrado\\\/\",\"name\":\"Desengordurante Concentrado - Ecosoluciones Qu\u00edmicas\",\"isPartOf\":{\"@id\":\"https:\\\/\\\/www.ecosolucionesquimicas.es\\\/pt-pt\\\/#website\"},\"primaryImageOfPage\":{\"@id\":\"https:\\\/\\\/www.ecosolucionesquimicas.es\\\/pt-pt\\\/producto\\\/desengordurante-concentrado\\\/#primaryimage\"},\"image\":{\"@id\":\"https:\\\/\\\/www.ecosolucionesquimicas.es\\\/pt-pt\\\/producto\\\/desengordurante-concentrado\\\/#primaryimage\"},\"thumbnailUrl\":\"https:\\\/\\\/www.ecosolucionesquimicas.es\\\/wp-content\\\/uploads\\\/2024\\\/02\\\/ECO-109-5L-scaled.jpg\",\"datePublished\":\"2024-02-22T12:40:05+00:00\",\"dateModified\":\"2026-03-24T21:21:16+00:00\",\"breadcrumb\":{\"@id\":\"https:\\\/\\\/www.ecosolucionesquimicas.es\\\/pt-pt\\\/producto\\\/desengordurante-concentrado\\\/#breadcrumb\"},\"inLanguage\":\"pt-PT\",\"potentialAction\":[{\"@type\":\"ReadAction\",\"target\":[\"https:\\\/\\\/www.ecosolucionesquimicas.es\\\/pt-pt\\\/producto\\\/desengordurante-concentrado\\\/\"]}]},{\"@type\":\"ImageObject\",\"inLanguage\":\"pt-PT\",\"@id\":\"https:\\\/\\\/www.ecosolucionesquimicas.es\\\/pt-pt\\\/producto\\\/desengordurante-concentrado\\\/#primaryimage\",\"url\":\"https:\\\/\\\/www.ecosolucionesquimicas.es\\\/wp-content\\\/uploads\\\/2024\\\/02\\\/ECO-109-5L-scaled.jpg\",\"contentUrl\":\"https:\\\/\\\/www.ecosolucionesquimicas.es\\\/wp-content\\\/uploads\\\/2024\\\/02\\\/ECO-109-5L-scaled.jpg\",\"width\":2350,\"height\":2560},{\"@type\":\"BreadcrumbList\",\"@id\":\"https:\\\/\\\/www.ecosolucionesquimicas.es\\\/pt-pt\\\/producto\\\/desengordurante-concentrado\\\/#breadcrumb\",\"itemListElement\":[{\"@type\":\"ListItem\",\"position\":1,\"name\":\"Portada\",\"item\":\"https:\\\/\\\/www.ecosolucionesquimicas.es\\\/pt-pt\\\/home\\\/\"},{\"@type\":\"ListItem\",\"position\":2,\"name\":\"Desengordurante Concentrado\"}]},{\"@type\":\"WebSite\",\"@id\":\"https:\\\/\\\/www.ecosolucionesquimicas.es\\\/pt-pt\\\/#website\",\"url\":\"https:\\\/\\\/www.ecosolucionesquimicas.es\\\/pt-pt\\\/\",\"name\":\"Ecosoluciones Qu\u00edmicas\",\"description\":\"Compre produtos de limpeza e qu\u00edmicos, de fabrica\u00e7\u00e3o pr\u00f3pria, online.\",\"publisher\":{\"@id\":\"https:\\\/\\\/www.ecosolucionesquimicas.es\\\/pt-pt\\\/#organization\"},\"alternateName\":\"EQM\",\"potentialAction\":[{\"@type\":\"SearchAction\",\"target\":{\"@type\":\"EntryPoint\",\"urlTemplate\":\"https:\\\/\\\/www.ecosolucionesquimicas.es\\\/pt-pt\\\/?s={search_term_string}\"},\"query-input\":{\"@type\":\"PropertyValueSpecification\",\"valueRequired\":true,\"valueName\":\"search_term_string\"}}],\"inLanguage\":\"pt-PT\"},{\"@type\":\"Organization\",\"@id\":\"https:\\\/\\\/www.ecosolucionesquimicas.es\\\/pt-pt\\\/#organization\",\"name\":\"Ecosoluciones Qu\u00edmicas\",\"url\":\"https:\\\/\\\/www.ecosolucionesquimicas.es\\\/pt-pt\\\/\",\"logo\":{\"@type\":\"ImageObject\",\"inLanguage\":\"pt-PT\",\"@id\":\"https:\\\/\\\/www.ecosolucionesquimicas.es\\\/pt-pt\\\/#\\\/schema\\\/logo\\\/image\\\/\",\"url\":\"https:\\\/\\\/www.ecosolucionesquimicas.es\\\/wp-content\\\/uploads\\\/2024\\\/08\\\/LOGO-EQM-NUEVO-.png\",\"contentUrl\":\"https:\\\/\\\/www.ecosolucionesquimicas.es\\\/wp-content\\\/uploads\\\/2024\\\/08\\\/LOGO-EQM-NUEVO-.png\",\"width\":1060,\"height\":456,\"caption\":\"Ecosoluciones Qu\u00edmicas\"},\"image\":{\"@id\":\"https:\\\/\\\/www.ecosolucionesquimicas.es\\\/pt-pt\\\/#\\\/schema\\\/logo\\\/image\\\/\"},\"sameAs\":[\"https:\\\/\\\/www.facebook.com\\\/ecosolucionesquimicasmadrid\\\/\",\"https:\\\/\\\/www.instagram.com\\\/ecosolucionesquimicas\\\/\"],\"hasMerchantReturnPolicy\":{\"@type\":\"MerchantReturnPolicy\",\"merchantReturnLink\":\"https:\\\/\\\/www.ecosolucionesquimicas.es\\\/refund_returns\\\/\"}}]}<\/script>\n<meta property=\"product:brand\" content=\"EQM\" \/>\n<meta property=\"og:availability\" content=\"instock\" \/>\n<meta property=\"product:availability\" content=\"instock\" \/>\n<meta property=\"product:retailer_item_id\" content=\"ECO-109\" \/>\n<meta property=\"product:condition\" content=\"new\" \/>\n<!-- \/ Yoast SEO Premium plugin. -->","yoast_head_json":{"title":"Desengordurante Concentrado - Ecosoluciones Qu\u00edmicas","robots":{"index":"index","follow":"follow","max-snippet":"max-snippet:-1","max-image-preview":"max-image-preview:large","max-video-preview":"max-video-preview:-1"},"canonical":"https:\/\/www.ecosolucionesquimicas.es\/pt-pt\/producto\/desengordurante-concentrado\/","og_locale":"pt_PT","og_type":"article","og_title":"Desengordurante Concentrado","og_description":"\u2705 O ECO-109 \u00c9 IDEAL PARA UMA AMPLA VARIEDADE DE SUPERF\u00cdCIES. Como cozinhas, fornos, grelhadores, exaustores, azulejos, frigor\u00edficos, casas de banho, vestu\u00e1rio, estofos, madeira, maquinaria, motores, filtros e pavimentos industriais.  \u2705 DESENGORDURANTE ALTAMENTE CONCENTRADO \u00c0 BASE DE TENSOATIVOS, \u00c1LCOOIS E AGENTES ALCALINOS. Dissolvem gorduras, \u00f3leos, ceras e adesivos, facilitando a limpeza de superf\u00edcies duras e reduzindo o esfor\u00e7o pessoal. \u2705 GRANDE PODER DESENGORDURANTE, PERFEITO PARA LIMPAR ZONAS EXTREMAMENTE SUJAS. Dissolvendo rapidamente as gorduras de origem vegetal, animal ou mineral, garantindo uma limpeza imediata.  \u2705 DESIGNADO PARA USO TANTO INDUSTRIAL COMO DOM\u00c9STICO. Oferecendo resultados eficientes em qualquer tipo de ambiente, desde grandes instala\u00e7\u00f5es at\u00e9 ao lar.   \u2705 FORMATO DE 5 E 20 LITROS. \u26ab Refer\u00eancia: ECO-109","og_url":"https:\/\/www.ecosolucionesquimicas.es\/pt-pt\/producto\/desengordurante-concentrado\/","og_site_name":"Ecosoluciones Qu\u00edmicas","article_publisher":"https:\/\/www.facebook.com\/ecosolucionesquimicasmadrid\/","article_modified_time":"2026-03-24T21:21:16+00:00","og_image":[{"width":2350,"height":2560,"url":"https:\/\/www.ecosolucionesquimicas.es\/wp-content\/uploads\/2024\/02\/ECO-109-5L-scaled.jpg","type":"image\/jpeg"}],"twitter_card":"summary_large_image","twitter_misc":{"Disponibilidade":"Em stock"},"schema":{"@context":"https:\/\/schema.org","@graph":[{"@type":"WebPage","@id":"https:\/\/www.ecosolucionesquimicas.es\/pt-pt\/producto\/desengordurante-concentrado\/","url":"https:\/\/www.ecosolucionesquimicas.es\/pt-pt\/producto\/desengordurante-concentrado\/","name":"Desengordurante Concentrado - Ecosoluciones Qu\u00edmicas","isPartOf":{"@id":"https:\/\/www.ecosolucionesquimicas.es\/pt-pt\/#website"},"primaryImageOfPage":{"@id":"https:\/\/www.ecosolucionesquimicas.es\/pt-pt\/producto\/desengordurante-concentrado\/#primaryimage"},"image":{"@id":"https:\/\/www.ecosolucionesquimicas.es\/pt-pt\/producto\/desengordurante-concentrado\/#primaryimage"},"thumbnailUrl":"https:\/\/www.ecosolucionesquimicas.es\/wp-content\/uploads\/2024\/02\/ECO-109-5L-scaled.jpg","datePublished":"2024-02-22T12:40:05+00:00","dateModified":"2026-03-24T21:21:16+00:00","breadcrumb":{"@id":"https:\/\/www.ecosolucionesquimicas.es\/pt-pt\/producto\/desengordurante-concentrado\/#breadcrumb"},"inLanguage":"pt-PT","potentialAction":[{"@type":"ReadAction","target":["https:\/\/www.ecosolucionesquimicas.es\/pt-pt\/producto\/desengordurante-concentrado\/"]}]},{"@type":"ImageObject","inLanguage":"pt-PT","@id":"https:\/\/www.ecosolucionesquimicas.es\/pt-pt\/producto\/desengordurante-concentrado\/#primaryimage","url":"https:\/\/www.ecosolucionesquimicas.es\/wp-content\/uploads\/2024\/02\/ECO-109-5L-scaled.jpg","contentUrl":"https:\/\/www.ecosolucionesquimicas.es\/wp-content\/uploads\/2024\/02\/ECO-109-5L-scaled.jpg","width":2350,"height":2560},{"@type":"BreadcrumbList","@id":"https:\/\/www.ecosolucionesquimicas.es\/pt-pt\/producto\/desengordurante-concentrado\/#breadcrumb","itemListElement":[{"@type":"ListItem","position":1,"name":"Portada","item":"https:\/\/www.ecosolucionesquimicas.es\/pt-pt\/home\/"},{"@type":"ListItem","position":2,"name":"Desengordurante Concentrado"}]},{"@type":"WebSite","@id":"https:\/\/www.ecosolucionesquimicas.es\/pt-pt\/#website","url":"https:\/\/www.ecosolucionesquimicas.es\/pt-pt\/","name":"Ecosoluciones Qu\u00edmicas","description":"Compre produtos de limpeza e qu\u00edmicos, de fabrica\u00e7\u00e3o pr\u00f3pria, online.","publisher":{"@id":"https:\/\/www.ecosolucionesquimicas.es\/pt-pt\/#organization"},"alternateName":"EQM","potentialAction":[{"@type":"SearchAction","target":{"@type":"EntryPoint","urlTemplate":"https:\/\/www.ecosolucionesquimicas.es\/pt-pt\/?s={search_term_string}"},"query-input":{"@type":"PropertyValueSpecification","valueRequired":true,"valueName":"search_term_string"}}],"inLanguage":"pt-PT"},{"@type":"Organization","@id":"https:\/\/www.ecosolucionesquimicas.es\/pt-pt\/#organization","name":"Ecosoluciones Qu\u00edmicas","url":"https:\/\/www.ecosolucionesquimicas.es\/pt-pt\/","logo":{"@type":"ImageObject","inLanguage":"pt-PT","@id":"https:\/\/www.ecosolucionesquimicas.es\/pt-pt\/#\/schema\/logo\/image\/","url":"https:\/\/www.ecosolucionesquimicas.es\/wp-content\/uploads\/2024\/08\/LOGO-EQM-NUEVO-.png","contentUrl":"https:\/\/www.ecosolucionesquimicas.es\/wp-content\/uploads\/2024\/08\/LOGO-EQM-NUEVO-.png","width":1060,"height":456,"caption":"Ecosoluciones Qu\u00edmicas"},"image":{"@id":"https:\/\/www.ecosolucionesquimicas.es\/pt-pt\/#\/schema\/logo\/image\/"},"sameAs":["https:\/\/www.facebook.com\/ecosolucionesquimicasmadrid\/","https:\/\/www.instagram.com\/ecosolucionesquimicas\/"],"hasMerchantReturnPolicy":{"@type":"MerchantReturnPolicy","merchantReturnLink":"https:\/\/www.ecosolucionesquimicas.es\/refund_returns\/"}}]},"product_brand":"EQM","og_availability":"instock","product_availability":"instock","product_retailer_item_id":"ECO-109","product_condition":"new"},"_links":{"self":[{"href":"https:\/\/www.ecosolucionesquimicas.es\/pt-pt\/wp-json\/wp\/v2\/product\/10701","targetHints":{"allow":["GET"]}}],"collection":[{"href":"https:\/\/www.ecosolucionesquimicas.es\/pt-pt\/wp-json\/wp\/v2\/product"}],"about":[{"href":"https:\/\/www.ecosolucionesquimicas.es\/pt-pt\/wp-json\/wp\/v2\/types\/product"}],"wp:featuredmedia":[{"embeddable":true,"href":"https:\/\/www.ecosolucionesquimicas.es\/pt-pt\/wp-json\/wp\/v2\/media\/10710"}],"wp:attachment":[{"href":"https:\/\/www.ecosolucionesquimicas.es\/pt-pt\/wp-json\/wp\/v2\/media?parent=10701"}],"wp:term":[{"taxonomy":"product_brand","embeddable":true,"href":"https:\/\/www.ecosolucionesquimicas.es\/pt-pt\/wp-json\/wp\/v2\/product_brand?post=10701"},{"taxonomy":"product_cat","embeddable":true,"href":"https:\/\/www.ecosolucionesquimicas.es\/pt-pt\/wp-json\/wp\/v2\/product_cat?post=10701"},{"taxonomy":"product_tag","embeddable":true,"href":"https:\/\/www.ecosolucionesquimicas.es\/pt-pt\/wp-json\/wp\/v2\/product_tag?post=10701"}],"curies":[{"name":"wp","href":"https:\/\/api.w.org\/{rel}","templated":true}]}}