{"id":10693,"date":"2024-08-28T11:17:23","date_gmt":"2024-08-28T09:17:23","guid":{"rendered":"https:\/\/www.ecosolucionesquimicas.es\/producto\/desengordurante-de-cozinha\/"},"modified":"2024-08-28T11:17:23","modified_gmt":"2024-08-28T09:17:23","slug":"desengordurante-de-cozinha","status":"publish","type":"product","link":"https:\/\/www.ecosolucionesquimicas.es\/pt-pt\/producto\/desengordurante-de-cozinha\/","title":{"rendered":"Desengordurante de Cozinha"},"content":{"rendered":"<p><img fetchpriority=\"high\" decoding=\"async\" class=\"alignnone wp-image-3549\" src=\"https:\/\/www.ecosolucionesquimicas.es\/wp-content\/uploads\/2024\/08\/Captura-de-pantalla-2024-08-28-a-las-11.52.46-300x248.png\" alt=\"\" width=\"550\" height=\"454\" srcset=\"https:\/\/www.ecosolucionesquimicas.es\/wp-content\/uploads\/2024\/08\/Captura-de-pantalla-2024-08-28-a-las-11.52.46-300x248.png 300w, https:\/\/www.ecosolucionesquimicas.es\/wp-content\/uploads\/2024\/08\/Captura-de-pantalla-2024-08-28-a-las-11.52.46-1024x845.png 1024w, https:\/\/www.ecosolucionesquimicas.es\/wp-content\/uploads\/2024\/08\/Captura-de-pantalla-2024-08-28-a-las-11.52.46-768x634.png 768w, https:\/\/www.ecosolucionesquimicas.es\/wp-content\/uploads\/2024\/08\/Captura-de-pantalla-2024-08-28-a-las-11.52.46-600x495.png 600w, https:\/\/www.ecosolucionesquimicas.es\/wp-content\/uploads\/2024\/08\/Captura-de-pantalla-2024-08-28-a-las-11.52.46.png 1490w\" sizes=\"(max-width: 550px) 100vw, 550px\" \/><\/p>\n<p><strong>MODO DE EMPREGO<\/strong><\/p>\n<div class=\"flex max-w-full flex-col flex-grow\">\n<div class=\"min-h-[20px] text-message flex w-full flex-col items-end gap-2 whitespace-normal break-words [.text-message+&amp;]:mt-5\" dir=\"auto\" data-message-author-role=\"assistant\" data-message-id=\"e53dd7b0-34f3-4e5e-8923-dd097caf3241\">\n<div class=\"flex w-full flex-col gap-1 empty:hidden first:pt-[3px]\">\n<div class=\"markdown prose w-full break-words dark:prose-invert light\">\n<p>\ud83d\udd18 <strong>Aplica\u00e7\u00e3o<\/strong>: Agite bem a embalagem e pulverize generosamente a 15-20 cm da superf\u00edcie suja ou com gordura.<br \/>\n\ud83d\udd18 <strong>Tempo de a\u00e7\u00e3o<\/strong>: Deixe o produto atuar durante alguns segundos ou mais para sujidade resistente, permitindo que penetre e dissolva as gorduras.<br \/>\n\ud83d\udd18 <strong>Limpeza<\/strong>: Esfregue a superf\u00edcie com um pano limpo ou esponja para remover a gordura e os res\u00edduos. Repita se necess\u00e1rio para \u00e1reas persistentes.<br \/>\n\ud83d\udd18 <b>Aclarado: <\/b>Enxague com \u00e1gua limpa se necess\u00e1rio, especialmente em superf\u00edcies em contacto com alimentos, para eliminar qualquer res\u00edduo do produto.<br \/>\n\ud83d\udd18 <strong>Secagem<\/strong>: Seque a superf\u00edcie com um pano limpo e seco para um acabamento sem humidade. <\/p>\n<\/div>\n<\/div>\n<\/div>\n<\/div>\n","protected":false},"excerpt":{"rendered":"<p>\u2705 <strong>F\u00d3RMULA DE ALTA CONCENTRA\u00c7\u00c3O<\/strong>. ECO-100 oferece um poder desengordurante excecional, capaz de dissolver gorduras e sujidades resistentes de forma eficaz. <\/p>\n<p>\u2705 <strong>LIMPEZA COMPLETA EM COZINHAS<\/strong>. Concebido para fornos, grelhadores, exaustores, azulejos e bancadas, proporcionando uma limpeza profunda e completa. <\/p>\n<p>\u2705 <strong>LIMPEZA PROFISSIONAL SEM ESFOR\u00c7O<\/strong>. A sua f\u00f3rmula avan\u00e7ada facilita a elimina\u00e7\u00e3o de gordura e sujidade, reduzindo o esfor\u00e7o f\u00edsico necess\u00e1rio para uma limpeza exaustiva. <\/p>\n<p>\u2705 <strong>SOLU\u00c7\u00c3O TUDO EM UM<\/strong>. Atua rapidamente em diversas superf\u00edcies para eliminar gordura, manchas, bolor, \u00f3leo, cera e adesivos, oferecendo uma solu\u00e7\u00e3o integral para qualquer desafio de limpeza. <\/p>\n<p><strong>\u2705<\/strong><strong> FORMATO DE 750 MILILITROS.<\/strong><\/p>\n<p><strong>\u26ab Refer\u00eancia: ECO-100<\/strong><\/p>\n","protected":false},"featured_media":10700,"template":"","meta":[],"product_brand":[225],"product_cat":[255,279],"product_tag":[288,286,287],"class_list":{"0":"post-10693","1":"product","2":"type-product","3":"status-publish","4":"has-post-thumbnail","6":"product_brand-eqm","7":"product_cat-limpeza-profissional","8":"product_cat-ofertas","9":"product_tag-cozinhas","10":"product_tag-desengordurantes","11":"product_tag-removedor-de-gordura","13":"first","14":"instock","15":"taxable","16":"shipping-taxable","17":"purchasable","18":"product-type-simple"},"acf":[],"yoast_head":"<!-- This site is optimized with the Yoast SEO Premium plugin v27.1 (Yoast SEO v27.4) - https:\/\/yoast.com\/product\/yoast-seo-premium-wordpress\/ -->\n<title>Desengordurante de Cozinha - Ecosoluciones Qu\u00edmicas<\/title>\n<meta name=\"robots\" content=\"index, follow, max-snippet:-1, max-image-preview:large, max-video-preview:-1\" \/>\n<link rel=\"canonical\" href=\"https:\/\/www.ecosolucionesquimicas.es\/pt-pt\/producto\/desengordurante-de-cozinha\/\" \/>\n<meta property=\"og:locale\" content=\"pt_PT\" \/>\n<meta property=\"og:type\" content=\"article\" \/>\n<meta property=\"og:title\" content=\"Desengordurante de Cozinha\" \/>\n<meta property=\"og:description\" content=\"\u2705 F\u00d3RMULA DE ALTA CONCENTRA\u00c7\u00c3O. ECO-100 oferece um poder desengordurante excecional, capaz de dissolver gorduras e sujidades resistentes de forma eficaz.  \u2705 LIMPEZA COMPLETA EM COZINHAS. Concebido para fornos, grelhadores, exaustores, azulejos e bancadas, proporcionando uma limpeza profunda e completa.  \u2705 LIMPEZA PROFISSIONAL SEM ESFOR\u00c7O. A sua f\u00f3rmula avan\u00e7ada facilita a elimina\u00e7\u00e3o de gordura e sujidade, reduzindo o esfor\u00e7o f\u00edsico necess\u00e1rio para uma limpeza exaustiva.  \u2705 SOLU\u00c7\u00c3O TUDO EM UM. Atua rapidamente em diversas superf\u00edcies para eliminar gordura, manchas, bolor, \u00f3leo, cera e adesivos, oferecendo uma solu\u00e7\u00e3o integral para qualquer desafio de limpeza.  \u2705 FORMATO DE 750 MILILITROS. \u26ab Refer\u00eancia: ECO-100\" \/>\n<meta property=\"og:url\" content=\"https:\/\/www.ecosolucionesquimicas.es\/pt-pt\/producto\/desengordurante-de-cozinha\/\" \/>\n<meta property=\"og:site_name\" content=\"Ecosoluciones Qu\u00edmicas\" \/>\n<meta property=\"article:publisher\" content=\"https:\/\/www.facebook.com\/ecosolucionesquimicasmadrid\/\" \/>\n<meta property=\"og:image\" content=\"https:\/\/www.ecosolucionesquimicas.es\/wp-content\/uploads\/2024\/08\/Captura-de-pantalla-2024-08-28-a-las-11.52.46-300x248.png\" \/>\n<meta name=\"twitter:card\" content=\"summary_large_image\" \/>\n<meta name=\"twitter:label1\" content=\"pre\u00e7o\" \/>\n\t<meta name=\"twitter:data1\" content=\"4,83&nbsp;&euro; IVA inc.\" \/>\n\t<meta name=\"twitter:label2\" content=\"Disponibilidade\" \/>\n\t<meta name=\"twitter:data2\" content=\"Em stock\" \/>\n<script type=\"application\/ld+json\" class=\"yoast-schema-graph\">{\"@context\":\"https:\\\/\\\/schema.org\",\"@graph\":[{\"@type\":\"WebPage\",\"@id\":\"https:\\\/\\\/www.ecosolucionesquimicas.es\\\/pt-pt\\\/producto\\\/desengordurante-de-cozinha\\\/\",\"url\":\"https:\\\/\\\/www.ecosolucionesquimicas.es\\\/pt-pt\\\/producto\\\/desengordurante-de-cozinha\\\/\",\"name\":\"Desengordurante de Cozinha - Ecosoluciones Qu\u00edmicas\",\"isPartOf\":{\"@id\":\"https:\\\/\\\/www.ecosolucionesquimicas.es\\\/pt-pt\\\/#website\"},\"primaryImageOfPage\":{\"@id\":\"https:\\\/\\\/www.ecosolucionesquimicas.es\\\/pt-pt\\\/producto\\\/desengordurante-de-cozinha\\\/#primaryimage\"},\"image\":{\"@id\":\"https:\\\/\\\/www.ecosolucionesquimicas.es\\\/pt-pt\\\/producto\\\/desengordurante-de-cozinha\\\/#primaryimage\"},\"thumbnailUrl\":\"https:\\\/\\\/www.ecosolucionesquimicas.es\\\/wp-content\\\/uploads\\\/2024\\\/08\\\/ECO-100-750ML-scaled.jpg\",\"datePublished\":\"2024-08-28T09:17:23+00:00\",\"breadcrumb\":{\"@id\":\"https:\\\/\\\/www.ecosolucionesquimicas.es\\\/pt-pt\\\/producto\\\/desengordurante-de-cozinha\\\/#breadcrumb\"},\"inLanguage\":\"pt-PT\",\"potentialAction\":[{\"@type\":\"ReadAction\",\"target\":[\"https:\\\/\\\/www.ecosolucionesquimicas.es\\\/pt-pt\\\/producto\\\/desengordurante-de-cozinha\\\/\"]}]},{\"@type\":\"ImageObject\",\"inLanguage\":\"pt-PT\",\"@id\":\"https:\\\/\\\/www.ecosolucionesquimicas.es\\\/pt-pt\\\/producto\\\/desengordurante-de-cozinha\\\/#primaryimage\",\"url\":\"https:\\\/\\\/www.ecosolucionesquimicas.es\\\/wp-content\\\/uploads\\\/2024\\\/08\\\/ECO-100-750ML-scaled.jpg\",\"contentUrl\":\"https:\\\/\\\/www.ecosolucionesquimicas.es\\\/wp-content\\\/uploads\\\/2024\\\/08\\\/ECO-100-750ML-scaled.jpg\",\"width\":2350,\"height\":2560},{\"@type\":\"BreadcrumbList\",\"@id\":\"https:\\\/\\\/www.ecosolucionesquimicas.es\\\/pt-pt\\\/producto\\\/desengordurante-de-cozinha\\\/#breadcrumb\",\"itemListElement\":[{\"@type\":\"ListItem\",\"position\":1,\"name\":\"Portada\",\"item\":\"https:\\\/\\\/www.ecosolucionesquimicas.es\\\/pt-pt\\\/home\\\/\"},{\"@type\":\"ListItem\",\"position\":2,\"name\":\"Desengordurante de Cozinha\"}]},{\"@type\":\"WebSite\",\"@id\":\"https:\\\/\\\/www.ecosolucionesquimicas.es\\\/pt-pt\\\/#website\",\"url\":\"https:\\\/\\\/www.ecosolucionesquimicas.es\\\/pt-pt\\\/\",\"name\":\"Ecosoluciones Qu\u00edmicas\",\"description\":\"Compre produtos de limpeza e qu\u00edmicos, de fabrica\u00e7\u00e3o pr\u00f3pria, online.\",\"publisher\":{\"@id\":\"https:\\\/\\\/www.ecosolucionesquimicas.es\\\/pt-pt\\\/#organization\"},\"alternateName\":\"EQM\",\"potentialAction\":[{\"@type\":\"SearchAction\",\"target\":{\"@type\":\"EntryPoint\",\"urlTemplate\":\"https:\\\/\\\/www.ecosolucionesquimicas.es\\\/pt-pt\\\/?s={search_term_string}\"},\"query-input\":{\"@type\":\"PropertyValueSpecification\",\"valueRequired\":true,\"valueName\":\"search_term_string\"}}],\"inLanguage\":\"pt-PT\"},{\"@type\":\"Organization\",\"@id\":\"https:\\\/\\\/www.ecosolucionesquimicas.es\\\/pt-pt\\\/#organization\",\"name\":\"Ecosoluciones Qu\u00edmicas\",\"url\":\"https:\\\/\\\/www.ecosolucionesquimicas.es\\\/pt-pt\\\/\",\"logo\":{\"@type\":\"ImageObject\",\"inLanguage\":\"pt-PT\",\"@id\":\"https:\\\/\\\/www.ecosolucionesquimicas.es\\\/pt-pt\\\/#\\\/schema\\\/logo\\\/image\\\/\",\"url\":\"https:\\\/\\\/www.ecosolucionesquimicas.es\\\/wp-content\\\/uploads\\\/2024\\\/08\\\/LOGO-EQM-NUEVO-.png\",\"contentUrl\":\"https:\\\/\\\/www.ecosolucionesquimicas.es\\\/wp-content\\\/uploads\\\/2024\\\/08\\\/LOGO-EQM-NUEVO-.png\",\"width\":1060,\"height\":456,\"caption\":\"Ecosoluciones Qu\u00edmicas\"},\"image\":{\"@id\":\"https:\\\/\\\/www.ecosolucionesquimicas.es\\\/pt-pt\\\/#\\\/schema\\\/logo\\\/image\\\/\"},\"sameAs\":[\"https:\\\/\\\/www.facebook.com\\\/ecosolucionesquimicasmadrid\\\/\",\"https:\\\/\\\/www.instagram.com\\\/ecosolucionesquimicas\\\/\"],\"hasMerchantReturnPolicy\":{\"@type\":\"MerchantReturnPolicy\",\"merchantReturnLink\":\"https:\\\/\\\/www.ecosolucionesquimicas.es\\\/refund_returns\\\/\"}}]}<\/script>\n<meta property=\"product:brand\" content=\"EQM\" \/>\n<meta property=\"product:price:amount\" content=\"4.83\" \/>\n<meta property=\"product:price:currency\" content=\"EUR\" \/>\n<meta property=\"og:availability\" content=\"instock\" \/>\n<meta property=\"product:availability\" content=\"instock\" \/>\n<meta property=\"product:retailer_item_id\" content=\"ECO-100\" \/>\n<meta property=\"product:condition\" content=\"new\" \/>\n<!-- \/ Yoast SEO Premium plugin. -->","yoast_head_json":{"title":"Desengordurante de Cozinha - Ecosoluciones Qu\u00edmicas","robots":{"index":"index","follow":"follow","max-snippet":"max-snippet:-1","max-image-preview":"max-image-preview:large","max-video-preview":"max-video-preview:-1"},"canonical":"https:\/\/www.ecosolucionesquimicas.es\/pt-pt\/producto\/desengordurante-de-cozinha\/","og_locale":"pt_PT","og_type":"article","og_title":"Desengordurante de Cozinha","og_description":"\u2705 F\u00d3RMULA DE ALTA CONCENTRA\u00c7\u00c3O. ECO-100 oferece um poder desengordurante excecional, capaz de dissolver gorduras e sujidades resistentes de forma eficaz.  \u2705 LIMPEZA COMPLETA EM COZINHAS. Concebido para fornos, grelhadores, exaustores, azulejos e bancadas, proporcionando uma limpeza profunda e completa.  \u2705 LIMPEZA PROFISSIONAL SEM ESFOR\u00c7O. A sua f\u00f3rmula avan\u00e7ada facilita a elimina\u00e7\u00e3o de gordura e sujidade, reduzindo o esfor\u00e7o f\u00edsico necess\u00e1rio para uma limpeza exaustiva.  \u2705 SOLU\u00c7\u00c3O TUDO EM UM. Atua rapidamente em diversas superf\u00edcies para eliminar gordura, manchas, bolor, \u00f3leo, cera e adesivos, oferecendo uma solu\u00e7\u00e3o integral para qualquer desafio de limpeza.  \u2705 FORMATO DE 750 MILILITROS. \u26ab Refer\u00eancia: ECO-100","og_url":"https:\/\/www.ecosolucionesquimicas.es\/pt-pt\/producto\/desengordurante-de-cozinha\/","og_site_name":"Ecosoluciones Qu\u00edmicas","article_publisher":"https:\/\/www.facebook.com\/ecosolucionesquimicasmadrid\/","og_image":[{"url":"https:\/\/www.ecosolucionesquimicas.es\/wp-content\/uploads\/2024\/08\/Captura-de-pantalla-2024-08-28-a-las-11.52.46-300x248.png","type":"","width":"","height":""}],"twitter_card":"summary_large_image","twitter_misc":{"pre\u00e7o":"4,83&nbsp;&euro; IVA inc.","Disponibilidade":"Em stock"},"schema":{"@context":"https:\/\/schema.org","@graph":[{"@type":"WebPage","@id":"https:\/\/www.ecosolucionesquimicas.es\/pt-pt\/producto\/desengordurante-de-cozinha\/","url":"https:\/\/www.ecosolucionesquimicas.es\/pt-pt\/producto\/desengordurante-de-cozinha\/","name":"Desengordurante de Cozinha - Ecosoluciones Qu\u00edmicas","isPartOf":{"@id":"https:\/\/www.ecosolucionesquimicas.es\/pt-pt\/#website"},"primaryImageOfPage":{"@id":"https:\/\/www.ecosolucionesquimicas.es\/pt-pt\/producto\/desengordurante-de-cozinha\/#primaryimage"},"image":{"@id":"https:\/\/www.ecosolucionesquimicas.es\/pt-pt\/producto\/desengordurante-de-cozinha\/#primaryimage"},"thumbnailUrl":"https:\/\/www.ecosolucionesquimicas.es\/wp-content\/uploads\/2024\/08\/ECO-100-750ML-scaled.jpg","datePublished":"2024-08-28T09:17:23+00:00","breadcrumb":{"@id":"https:\/\/www.ecosolucionesquimicas.es\/pt-pt\/producto\/desengordurante-de-cozinha\/#breadcrumb"},"inLanguage":"pt-PT","potentialAction":[{"@type":"ReadAction","target":["https:\/\/www.ecosolucionesquimicas.es\/pt-pt\/producto\/desengordurante-de-cozinha\/"]}]},{"@type":"ImageObject","inLanguage":"pt-PT","@id":"https:\/\/www.ecosolucionesquimicas.es\/pt-pt\/producto\/desengordurante-de-cozinha\/#primaryimage","url":"https:\/\/www.ecosolucionesquimicas.es\/wp-content\/uploads\/2024\/08\/ECO-100-750ML-scaled.jpg","contentUrl":"https:\/\/www.ecosolucionesquimicas.es\/wp-content\/uploads\/2024\/08\/ECO-100-750ML-scaled.jpg","width":2350,"height":2560},{"@type":"BreadcrumbList","@id":"https:\/\/www.ecosolucionesquimicas.es\/pt-pt\/producto\/desengordurante-de-cozinha\/#breadcrumb","itemListElement":[{"@type":"ListItem","position":1,"name":"Portada","item":"https:\/\/www.ecosolucionesquimicas.es\/pt-pt\/home\/"},{"@type":"ListItem","position":2,"name":"Desengordurante de Cozinha"}]},{"@type":"WebSite","@id":"https:\/\/www.ecosolucionesquimicas.es\/pt-pt\/#website","url":"https:\/\/www.ecosolucionesquimicas.es\/pt-pt\/","name":"Ecosoluciones Qu\u00edmicas","description":"Compre produtos de limpeza e qu\u00edmicos, de fabrica\u00e7\u00e3o pr\u00f3pria, online.","publisher":{"@id":"https:\/\/www.ecosolucionesquimicas.es\/pt-pt\/#organization"},"alternateName":"EQM","potentialAction":[{"@type":"SearchAction","target":{"@type":"EntryPoint","urlTemplate":"https:\/\/www.ecosolucionesquimicas.es\/pt-pt\/?s={search_term_string}"},"query-input":{"@type":"PropertyValueSpecification","valueRequired":true,"valueName":"search_term_string"}}],"inLanguage":"pt-PT"},{"@type":"Organization","@id":"https:\/\/www.ecosolucionesquimicas.es\/pt-pt\/#organization","name":"Ecosoluciones Qu\u00edmicas","url":"https:\/\/www.ecosolucionesquimicas.es\/pt-pt\/","logo":{"@type":"ImageObject","inLanguage":"pt-PT","@id":"https:\/\/www.ecosolucionesquimicas.es\/pt-pt\/#\/schema\/logo\/image\/","url":"https:\/\/www.ecosolucionesquimicas.es\/wp-content\/uploads\/2024\/08\/LOGO-EQM-NUEVO-.png","contentUrl":"https:\/\/www.ecosolucionesquimicas.es\/wp-content\/uploads\/2024\/08\/LOGO-EQM-NUEVO-.png","width":1060,"height":456,"caption":"Ecosoluciones Qu\u00edmicas"},"image":{"@id":"https:\/\/www.ecosolucionesquimicas.es\/pt-pt\/#\/schema\/logo\/image\/"},"sameAs":["https:\/\/www.facebook.com\/ecosolucionesquimicasmadrid\/","https:\/\/www.instagram.com\/ecosolucionesquimicas\/"],"hasMerchantReturnPolicy":{"@type":"MerchantReturnPolicy","merchantReturnLink":"https:\/\/www.ecosolucionesquimicas.es\/refund_returns\/"}}]},"product_brand":"EQM","product_price_amount":"4.83","product_price_currency":"EUR","og_availability":"instock","product_availability":"instock","product_retailer_item_id":"ECO-100","product_condition":"new"},"_links":{"self":[{"href":"https:\/\/www.ecosolucionesquimicas.es\/pt-pt\/wp-json\/wp\/v2\/product\/10693","targetHints":{"allow":["GET"]}}],"collection":[{"href":"https:\/\/www.ecosolucionesquimicas.es\/pt-pt\/wp-json\/wp\/v2\/product"}],"about":[{"href":"https:\/\/www.ecosolucionesquimicas.es\/pt-pt\/wp-json\/wp\/v2\/types\/product"}],"wp:featuredmedia":[{"embeddable":true,"href":"https:\/\/www.ecosolucionesquimicas.es\/pt-pt\/wp-json\/wp\/v2\/media\/10700"}],"wp:attachment":[{"href":"https:\/\/www.ecosolucionesquimicas.es\/pt-pt\/wp-json\/wp\/v2\/media?parent=10693"}],"wp:term":[{"taxonomy":"product_brand","embeddable":true,"href":"https:\/\/www.ecosolucionesquimicas.es\/pt-pt\/wp-json\/wp\/v2\/product_brand?post=10693"},{"taxonomy":"product_cat","embeddable":true,"href":"https:\/\/www.ecosolucionesquimicas.es\/pt-pt\/wp-json\/wp\/v2\/product_cat?post=10693"},{"taxonomy":"product_tag","embeddable":true,"href":"https:\/\/www.ecosolucionesquimicas.es\/pt-pt\/wp-json\/wp\/v2\/product_tag?post=10693"}],"curies":[{"name":"wp","href":"https:\/\/api.w.org\/{rel}","templated":true}]}}