{"id":10620,"date":"2024-08-26T15:09:16","date_gmt":"2024-08-26T13:09:16","guid":{"rendered":"https:\/\/www.ecosolucionesquimicas.es\/producto\/eliminador-de-odores\/"},"modified":"2026-02-17T21:54:00","modified_gmt":"2026-02-17T20:54:00","slug":"eliminador-de-odores","status":"publish","type":"product","link":"https:\/\/www.ecosolucionesquimicas.es\/pt-pt\/producto\/eliminador-de-odores\/","title":{"rendered":"Eliminador de Odores"},"content":{"rendered":"<p>&nbsp;<\/p>\n<p><img fetchpriority=\"high\" decoding=\"async\" class=\"alignnone wp-image-3472\" src=\"https:\/\/www.ecosolucionesquimicas.es\/wp-content\/uploads\/2024\/08\/eco-220--300x171.jpg\" alt=\"\" width=\"550\" height=\"314\" srcset=\"https:\/\/www.ecosolucionesquimicas.es\/wp-content\/uploads\/2024\/08\/eco-220--300x171.jpg 300w, https:\/\/www.ecosolucionesquimicas.es\/wp-content\/uploads\/2024\/08\/eco-220--1024x585.jpg 1024w, https:\/\/www.ecosolucionesquimicas.es\/wp-content\/uploads\/2024\/08\/eco-220--768x439.jpg 768w, https:\/\/www.ecosolucionesquimicas.es\/wp-content\/uploads\/2024\/08\/eco-220--1536x878.jpg 1536w, https:\/\/www.ecosolucionesquimicas.es\/wp-content\/uploads\/2024\/08\/eco-220--600x343.jpg 600w, https:\/\/www.ecosolucionesquimicas.es\/wp-content\/uploads\/2024\/08\/eco-220-.jpg 1792w\" sizes=\"(max-width: 550px) 100vw, 550px\" \/><\/p>\n<p><strong>MODO DE EMPREGO<\/strong><\/p>\n<p>\ud83d\udd18 <strong>Aplicar na zona afetada:<\/strong> Pulverize diretamente sobre a superf\u00edcie a 20-30 cm.<br \/>\n\ud83d\udd18 <strong>Deixar atuar:<\/strong> Deixe que o produto neutralize os odores sem enxaguar.<br \/>\n\ud83d\udd18 <strong>Repetir se necess\u00e1rio:<\/strong> Reaplique em caso de odores persistentes.<br \/>\n\ud83d\udd18 <strong>Fragr\u00e2ncia:<\/strong> Deixa um aroma agrad\u00e1vel, melhorando a frescura do ambiente.<\/p>\n","protected":false},"excerpt":{"rendered":"<p>\u2705 <strong>NEUTRALIZA\u00c7\u00c3O INSTANT\u00c2NEA DE ODORES.<\/strong> ECO-220 elimina eficazmente os maus odores em qualquer ambiente, como sof\u00e1s, urin\u00f3is, alcatifas, camas de animais, contentores de lixo e ve\u00edculos. Al\u00e9m de neutralizar os odores, deixa um aroma agrad\u00e1vel no ambiente.<\/p>\n<p>\u2705 <strong>MICROORGANISMOS NATURAIS QUE ELIMINAM A RA\u00cdZ DO ODOR.<\/strong> Estes microrganismos neutralizam as mol\u00e9culas que causam o mau odor, proporcionando uma solu\u00e7\u00e3o instant\u00e2nea e duradoura. N\u00e3o mascara o odor com perfume, mas elimina-o desde a sua origem.<\/p>\n<p>\u2705 <strong>ECO-220 \u00c9 BIODEGRAD\u00c1VEL E DE ORIGEM NATURAL.<\/strong> Concebido para ser respeitador com o meio ambiente. A sua f\u00f3rmula, baseada em milh\u00f5es de microrganismos, elimina os maus odores de maneira eficaz sem deixar res\u00edduos t\u00f3xicos.<\/p>\n<p>\u2705 <strong>PODE SER APLICADO EM QUALQUER SUPERF\u00cdCIE.<\/strong> Neutralizando odores sem deixar manchas nem marcas na roupa, tape\u00e7arias ou materiais delicados. O seu uso \u00e9 seguro inclusive em superf\u00edcies sens\u00edveis.<\/p>\n<p>\u2705 <strong>SEGURO PARA A FAM\u00cdLIA E OS ANIMAIS DE ESTIMA\u00c7\u00c3O.<\/strong> ECO-220 pode ser aplicado em camas de animais de estima\u00e7\u00e3o, quartos do lar, roupa ou cal\u00e7ado sem risco para a sa\u00fade das pessoas ou animais, garantindo um ambiente limpo e livre de odores.<\/p>\n<p><strong>\u2705<\/strong><strong> FORMATO DE 500 ML.<\/strong><\/p>\n<p><strong>\u26ab Refer\u00eancia: ECO-220<\/strong><\/p>\n","protected":false},"featured_media":10626,"template":"","meta":[],"product_brand":[225],"product_cat":[255,246],"product_tag":[268],"class_list":{"0":"post-10620","1":"product","2":"type-product","3":"status-publish","4":"has-post-thumbnail","6":"product_brand-eqm","7":"product_cat-limpeza-profissional","8":"product_cat-novidades","9":"product_tag-eliminador-de-odores","11":"first","12":"instock","13":"taxable","14":"shipping-taxable","15":"purchasable","16":"product-type-simple"},"acf":[],"yoast_head":"<!-- This site is optimized with the Yoast SEO Premium plugin v27.1 (Yoast SEO v27.4) - https:\/\/yoast.com\/product\/yoast-seo-premium-wordpress\/ -->\n<title>Eliminador de Odores - Ecosoluciones Qu\u00edmicas<\/title>\n<meta name=\"robots\" content=\"index, follow, max-snippet:-1, max-image-preview:large, max-video-preview:-1\" \/>\n<link rel=\"canonical\" href=\"https:\/\/www.ecosolucionesquimicas.es\/pt-pt\/producto\/eliminador-de-odores\/\" \/>\n<meta property=\"og:locale\" content=\"pt_PT\" \/>\n<meta property=\"og:type\" content=\"article\" \/>\n<meta property=\"og:title\" content=\"Eliminador de Odores\" \/>\n<meta property=\"og:description\" content=\"\u2705 NEUTRALIZA\u00c7\u00c3O INSTANT\u00c2NEA DE ODORES. ECO-220 elimina eficazmente os maus odores em qualquer ambiente, como sof\u00e1s, urin\u00f3is, alcatifas, camas de animais, contentores de lixo e ve\u00edculos. Al\u00e9m de neutralizar os odores, deixa um aroma agrad\u00e1vel no ambiente. \u2705 MICROORGANISMOS NATURAIS QUE ELIMINAM A RA\u00cdZ DO ODOR. Estes microrganismos neutralizam as mol\u00e9culas que causam o mau odor, proporcionando uma solu\u00e7\u00e3o instant\u00e2nea e duradoura. N\u00e3o mascara o odor com perfume, mas elimina-o desde a sua origem. \u2705 ECO-220 \u00c9 BIODEGRAD\u00c1VEL E DE ORIGEM NATURAL. Concebido para ser respeitador com o meio ambiente. A sua f\u00f3rmula, baseada em milh\u00f5es de microrganismos, elimina os maus odores de maneira eficaz sem deixar res\u00edduos t\u00f3xicos. \u2705 PODE SER APLICADO EM QUALQUER SUPERF\u00cdCIE. Neutralizando odores sem deixar manchas nem marcas na roupa, tape\u00e7arias ou materiais delicados. O seu uso \u00e9 seguro inclusive em superf\u00edcies sens\u00edveis. \u2705 SEGURO PARA A FAM\u00cdLIA E OS ANIMAIS DE ESTIMA\u00c7\u00c3O. ECO-220 pode ser aplicado em camas de animais de estima\u00e7\u00e3o, quartos do lar, roupa ou cal\u00e7ado sem risco para a sa\u00fade das pessoas ou animais, garantindo um ambiente limpo e livre de odores. \u2705 FORMATO DE 500 ML. \u26ab Refer\u00eancia: ECO-220\" \/>\n<meta property=\"og:url\" content=\"https:\/\/www.ecosolucionesquimicas.es\/pt-pt\/producto\/eliminador-de-odores\/\" \/>\n<meta property=\"og:site_name\" content=\"Ecosoluciones Qu\u00edmicas\" \/>\n<meta property=\"article:publisher\" content=\"https:\/\/www.facebook.com\/ecosolucionesquimicasmadrid\/\" \/>\n<meta property=\"article:modified_time\" content=\"2026-02-17T20:54:00+00:00\" \/>\n<meta property=\"og:image\" content=\"https:\/\/www.ecosolucionesquimicas.es\/wp-content\/uploads\/2024\/08\/eco-220--300x171.jpg\" \/>\n<meta name=\"twitter:card\" content=\"summary_large_image\" \/>\n<meta name=\"twitter:label1\" content=\"pre\u00e7o\" \/>\n\t<meta name=\"twitter:data1\" content=\"9,67&nbsp;&euro; IVA inc.\" \/>\n\t<meta name=\"twitter:label2\" content=\"Disponibilidade\" \/>\n\t<meta name=\"twitter:data2\" content=\"Em stock\" \/>\n<script type=\"application\/ld+json\" class=\"yoast-schema-graph\">{\"@context\":\"https:\\\/\\\/schema.org\",\"@graph\":[{\"@type\":\"WebPage\",\"@id\":\"https:\\\/\\\/www.ecosolucionesquimicas.es\\\/pt-pt\\\/producto\\\/eliminador-de-odores\\\/\",\"url\":\"https:\\\/\\\/www.ecosolucionesquimicas.es\\\/pt-pt\\\/producto\\\/eliminador-de-odores\\\/\",\"name\":\"Eliminador de Odores - Ecosoluciones Qu\u00edmicas\",\"isPartOf\":{\"@id\":\"https:\\\/\\\/www.ecosolucionesquimicas.es\\\/pt-pt\\\/#website\"},\"primaryImageOfPage\":{\"@id\":\"https:\\\/\\\/www.ecosolucionesquimicas.es\\\/pt-pt\\\/producto\\\/eliminador-de-odores\\\/#primaryimage\"},\"image\":{\"@id\":\"https:\\\/\\\/www.ecosolucionesquimicas.es\\\/pt-pt\\\/producto\\\/eliminador-de-odores\\\/#primaryimage\"},\"thumbnailUrl\":\"https:\\\/\\\/www.ecosolucionesquimicas.es\\\/wp-content\\\/uploads\\\/2024\\\/08\\\/ECO-220-500ML-scaled.jpg\",\"datePublished\":\"2024-08-26T13:09:16+00:00\",\"dateModified\":\"2026-02-17T20:54:00+00:00\",\"breadcrumb\":{\"@id\":\"https:\\\/\\\/www.ecosolucionesquimicas.es\\\/pt-pt\\\/producto\\\/eliminador-de-odores\\\/#breadcrumb\"},\"inLanguage\":\"pt-PT\",\"potentialAction\":[{\"@type\":\"ReadAction\",\"target\":[\"https:\\\/\\\/www.ecosolucionesquimicas.es\\\/pt-pt\\\/producto\\\/eliminador-de-odores\\\/\"]}]},{\"@type\":\"ImageObject\",\"inLanguage\":\"pt-PT\",\"@id\":\"https:\\\/\\\/www.ecosolucionesquimicas.es\\\/pt-pt\\\/producto\\\/eliminador-de-odores\\\/#primaryimage\",\"url\":\"https:\\\/\\\/www.ecosolucionesquimicas.es\\\/wp-content\\\/uploads\\\/2024\\\/08\\\/ECO-220-500ML-scaled.jpg\",\"contentUrl\":\"https:\\\/\\\/www.ecosolucionesquimicas.es\\\/wp-content\\\/uploads\\\/2024\\\/08\\\/ECO-220-500ML-scaled.jpg\",\"width\":2350,\"height\":2560},{\"@type\":\"BreadcrumbList\",\"@id\":\"https:\\\/\\\/www.ecosolucionesquimicas.es\\\/pt-pt\\\/producto\\\/eliminador-de-odores\\\/#breadcrumb\",\"itemListElement\":[{\"@type\":\"ListItem\",\"position\":1,\"name\":\"Portada\",\"item\":\"https:\\\/\\\/www.ecosolucionesquimicas.es\\\/pt-pt\\\/home\\\/\"},{\"@type\":\"ListItem\",\"position\":2,\"name\":\"Eliminador de Odores\"}]},{\"@type\":\"WebSite\",\"@id\":\"https:\\\/\\\/www.ecosolucionesquimicas.es\\\/pt-pt\\\/#website\",\"url\":\"https:\\\/\\\/www.ecosolucionesquimicas.es\\\/pt-pt\\\/\",\"name\":\"Ecosoluciones Qu\u00edmicas\",\"description\":\"Compre produtos de limpeza e qu\u00edmicos, de fabrica\u00e7\u00e3o pr\u00f3pria, online.\",\"publisher\":{\"@id\":\"https:\\\/\\\/www.ecosolucionesquimicas.es\\\/pt-pt\\\/#organization\"},\"alternateName\":\"EQM\",\"potentialAction\":[{\"@type\":\"SearchAction\",\"target\":{\"@type\":\"EntryPoint\",\"urlTemplate\":\"https:\\\/\\\/www.ecosolucionesquimicas.es\\\/pt-pt\\\/?s={search_term_string}\"},\"query-input\":{\"@type\":\"PropertyValueSpecification\",\"valueRequired\":true,\"valueName\":\"search_term_string\"}}],\"inLanguage\":\"pt-PT\"},{\"@type\":\"Organization\",\"@id\":\"https:\\\/\\\/www.ecosolucionesquimicas.es\\\/pt-pt\\\/#organization\",\"name\":\"Ecosoluciones Qu\u00edmicas\",\"url\":\"https:\\\/\\\/www.ecosolucionesquimicas.es\\\/pt-pt\\\/\",\"logo\":{\"@type\":\"ImageObject\",\"inLanguage\":\"pt-PT\",\"@id\":\"https:\\\/\\\/www.ecosolucionesquimicas.es\\\/pt-pt\\\/#\\\/schema\\\/logo\\\/image\\\/\",\"url\":\"https:\\\/\\\/www.ecosolucionesquimicas.es\\\/wp-content\\\/uploads\\\/2024\\\/08\\\/LOGO-EQM-NUEVO-.png\",\"contentUrl\":\"https:\\\/\\\/www.ecosolucionesquimicas.es\\\/wp-content\\\/uploads\\\/2024\\\/08\\\/LOGO-EQM-NUEVO-.png\",\"width\":1060,\"height\":456,\"caption\":\"Ecosoluciones Qu\u00edmicas\"},\"image\":{\"@id\":\"https:\\\/\\\/www.ecosolucionesquimicas.es\\\/pt-pt\\\/#\\\/schema\\\/logo\\\/image\\\/\"},\"sameAs\":[\"https:\\\/\\\/www.facebook.com\\\/ecosolucionesquimicasmadrid\\\/\",\"https:\\\/\\\/www.instagram.com\\\/ecosolucionesquimicas\\\/\"],\"hasMerchantReturnPolicy\":{\"@type\":\"MerchantReturnPolicy\",\"merchantReturnLink\":\"https:\\\/\\\/www.ecosolucionesquimicas.es\\\/refund_returns\\\/\"}}]}<\/script>\n<meta property=\"product:brand\" content=\"EQM\" \/>\n<meta property=\"product:price:amount\" content=\"9.67\" \/>\n<meta property=\"product:price:currency\" content=\"EUR\" \/>\n<meta property=\"og:availability\" content=\"instock\" \/>\n<meta property=\"product:availability\" content=\"instock\" \/>\n<meta property=\"product:retailer_item_id\" content=\"ECO-220\" \/>\n<meta property=\"product:condition\" content=\"new\" \/>\n<!-- \/ Yoast SEO Premium plugin. -->","yoast_head_json":{"title":"Eliminador de Odores - Ecosoluciones Qu\u00edmicas","robots":{"index":"index","follow":"follow","max-snippet":"max-snippet:-1","max-image-preview":"max-image-preview:large","max-video-preview":"max-video-preview:-1"},"canonical":"https:\/\/www.ecosolucionesquimicas.es\/pt-pt\/producto\/eliminador-de-odores\/","og_locale":"pt_PT","og_type":"article","og_title":"Eliminador de Odores","og_description":"\u2705 NEUTRALIZA\u00c7\u00c3O INSTANT\u00c2NEA DE ODORES. ECO-220 elimina eficazmente os maus odores em qualquer ambiente, como sof\u00e1s, urin\u00f3is, alcatifas, camas de animais, contentores de lixo e ve\u00edculos. Al\u00e9m de neutralizar os odores, deixa um aroma agrad\u00e1vel no ambiente. \u2705 MICROORGANISMOS NATURAIS QUE ELIMINAM A RA\u00cdZ DO ODOR. Estes microrganismos neutralizam as mol\u00e9culas que causam o mau odor, proporcionando uma solu\u00e7\u00e3o instant\u00e2nea e duradoura. N\u00e3o mascara o odor com perfume, mas elimina-o desde a sua origem. \u2705 ECO-220 \u00c9 BIODEGRAD\u00c1VEL E DE ORIGEM NATURAL. Concebido para ser respeitador com o meio ambiente. A sua f\u00f3rmula, baseada em milh\u00f5es de microrganismos, elimina os maus odores de maneira eficaz sem deixar res\u00edduos t\u00f3xicos. \u2705 PODE SER APLICADO EM QUALQUER SUPERF\u00cdCIE. Neutralizando odores sem deixar manchas nem marcas na roupa, tape\u00e7arias ou materiais delicados. O seu uso \u00e9 seguro inclusive em superf\u00edcies sens\u00edveis. \u2705 SEGURO PARA A FAM\u00cdLIA E OS ANIMAIS DE ESTIMA\u00c7\u00c3O. ECO-220 pode ser aplicado em camas de animais de estima\u00e7\u00e3o, quartos do lar, roupa ou cal\u00e7ado sem risco para a sa\u00fade das pessoas ou animais, garantindo um ambiente limpo e livre de odores. \u2705 FORMATO DE 500 ML. \u26ab Refer\u00eancia: ECO-220","og_url":"https:\/\/www.ecosolucionesquimicas.es\/pt-pt\/producto\/eliminador-de-odores\/","og_site_name":"Ecosoluciones Qu\u00edmicas","article_publisher":"https:\/\/www.facebook.com\/ecosolucionesquimicasmadrid\/","article_modified_time":"2026-02-17T20:54:00+00:00","og_image":[{"url":"https:\/\/www.ecosolucionesquimicas.es\/wp-content\/uploads\/2024\/08\/eco-220--300x171.jpg","type":"","width":"","height":""}],"twitter_card":"summary_large_image","twitter_misc":{"pre\u00e7o":"9,67&nbsp;&euro; IVA inc.","Disponibilidade":"Em stock"},"schema":{"@context":"https:\/\/schema.org","@graph":[{"@type":"WebPage","@id":"https:\/\/www.ecosolucionesquimicas.es\/pt-pt\/producto\/eliminador-de-odores\/","url":"https:\/\/www.ecosolucionesquimicas.es\/pt-pt\/producto\/eliminador-de-odores\/","name":"Eliminador de Odores - Ecosoluciones Qu\u00edmicas","isPartOf":{"@id":"https:\/\/www.ecosolucionesquimicas.es\/pt-pt\/#website"},"primaryImageOfPage":{"@id":"https:\/\/www.ecosolucionesquimicas.es\/pt-pt\/producto\/eliminador-de-odores\/#primaryimage"},"image":{"@id":"https:\/\/www.ecosolucionesquimicas.es\/pt-pt\/producto\/eliminador-de-odores\/#primaryimage"},"thumbnailUrl":"https:\/\/www.ecosolucionesquimicas.es\/wp-content\/uploads\/2024\/08\/ECO-220-500ML-scaled.jpg","datePublished":"2024-08-26T13:09:16+00:00","dateModified":"2026-02-17T20:54:00+00:00","breadcrumb":{"@id":"https:\/\/www.ecosolucionesquimicas.es\/pt-pt\/producto\/eliminador-de-odores\/#breadcrumb"},"inLanguage":"pt-PT","potentialAction":[{"@type":"ReadAction","target":["https:\/\/www.ecosolucionesquimicas.es\/pt-pt\/producto\/eliminador-de-odores\/"]}]},{"@type":"ImageObject","inLanguage":"pt-PT","@id":"https:\/\/www.ecosolucionesquimicas.es\/pt-pt\/producto\/eliminador-de-odores\/#primaryimage","url":"https:\/\/www.ecosolucionesquimicas.es\/wp-content\/uploads\/2024\/08\/ECO-220-500ML-scaled.jpg","contentUrl":"https:\/\/www.ecosolucionesquimicas.es\/wp-content\/uploads\/2024\/08\/ECO-220-500ML-scaled.jpg","width":2350,"height":2560},{"@type":"BreadcrumbList","@id":"https:\/\/www.ecosolucionesquimicas.es\/pt-pt\/producto\/eliminador-de-odores\/#breadcrumb","itemListElement":[{"@type":"ListItem","position":1,"name":"Portada","item":"https:\/\/www.ecosolucionesquimicas.es\/pt-pt\/home\/"},{"@type":"ListItem","position":2,"name":"Eliminador de Odores"}]},{"@type":"WebSite","@id":"https:\/\/www.ecosolucionesquimicas.es\/pt-pt\/#website","url":"https:\/\/www.ecosolucionesquimicas.es\/pt-pt\/","name":"Ecosoluciones Qu\u00edmicas","description":"Compre produtos de limpeza e qu\u00edmicos, de fabrica\u00e7\u00e3o pr\u00f3pria, online.","publisher":{"@id":"https:\/\/www.ecosolucionesquimicas.es\/pt-pt\/#organization"},"alternateName":"EQM","potentialAction":[{"@type":"SearchAction","target":{"@type":"EntryPoint","urlTemplate":"https:\/\/www.ecosolucionesquimicas.es\/pt-pt\/?s={search_term_string}"},"query-input":{"@type":"PropertyValueSpecification","valueRequired":true,"valueName":"search_term_string"}}],"inLanguage":"pt-PT"},{"@type":"Organization","@id":"https:\/\/www.ecosolucionesquimicas.es\/pt-pt\/#organization","name":"Ecosoluciones Qu\u00edmicas","url":"https:\/\/www.ecosolucionesquimicas.es\/pt-pt\/","logo":{"@type":"ImageObject","inLanguage":"pt-PT","@id":"https:\/\/www.ecosolucionesquimicas.es\/pt-pt\/#\/schema\/logo\/image\/","url":"https:\/\/www.ecosolucionesquimicas.es\/wp-content\/uploads\/2024\/08\/LOGO-EQM-NUEVO-.png","contentUrl":"https:\/\/www.ecosolucionesquimicas.es\/wp-content\/uploads\/2024\/08\/LOGO-EQM-NUEVO-.png","width":1060,"height":456,"caption":"Ecosoluciones Qu\u00edmicas"},"image":{"@id":"https:\/\/www.ecosolucionesquimicas.es\/pt-pt\/#\/schema\/logo\/image\/"},"sameAs":["https:\/\/www.facebook.com\/ecosolucionesquimicasmadrid\/","https:\/\/www.instagram.com\/ecosolucionesquimicas\/"],"hasMerchantReturnPolicy":{"@type":"MerchantReturnPolicy","merchantReturnLink":"https:\/\/www.ecosolucionesquimicas.es\/refund_returns\/"}}]},"product_brand":"EQM","product_price_amount":"9.67","product_price_currency":"EUR","og_availability":"instock","product_availability":"instock","product_retailer_item_id":"ECO-220","product_condition":"new"},"_links":{"self":[{"href":"https:\/\/www.ecosolucionesquimicas.es\/pt-pt\/wp-json\/wp\/v2\/product\/10620","targetHints":{"allow":["GET"]}}],"collection":[{"href":"https:\/\/www.ecosolucionesquimicas.es\/pt-pt\/wp-json\/wp\/v2\/product"}],"about":[{"href":"https:\/\/www.ecosolucionesquimicas.es\/pt-pt\/wp-json\/wp\/v2\/types\/product"}],"wp:featuredmedia":[{"embeddable":true,"href":"https:\/\/www.ecosolucionesquimicas.es\/pt-pt\/wp-json\/wp\/v2\/media\/10626"}],"wp:attachment":[{"href":"https:\/\/www.ecosolucionesquimicas.es\/pt-pt\/wp-json\/wp\/v2\/media?parent=10620"}],"wp:term":[{"taxonomy":"product_brand","embeddable":true,"href":"https:\/\/www.ecosolucionesquimicas.es\/pt-pt\/wp-json\/wp\/v2\/product_brand?post=10620"},{"taxonomy":"product_cat","embeddable":true,"href":"https:\/\/www.ecosolucionesquimicas.es\/pt-pt\/wp-json\/wp\/v2\/product_cat?post=10620"},{"taxonomy":"product_tag","embeddable":true,"href":"https:\/\/www.ecosolucionesquimicas.es\/pt-pt\/wp-json\/wp\/v2\/product_tag?post=10620"}],"curies":[{"name":"wp","href":"https:\/\/api.w.org\/{rel}","templated":true}]}}