{"id":10597,"date":"2024-08-28T12:43:01","date_gmt":"2024-08-28T10:43:01","guid":{"rendered":"https:\/\/www.ecosolucionesquimicas.es\/producto\/limpeza-multiusos-perfumada\/"},"modified":"2026-03-02T23:11:51","modified_gmt":"2026-03-02T22:11:51","slug":"limpeza-multiusos-perfumada","status":"publish","type":"product","link":"https:\/\/www.ecosolucionesquimicas.es\/pt-pt\/producto\/limpeza-multiusos-perfumada\/","title":{"rendered":"Limpeza Multiusos Perfumada"},"content":{"rendered":"<p><img fetchpriority=\"high\" decoding=\"async\" class=\"alignnone wp-image-3559\" src=\"https:\/\/www.ecosolucionesquimicas.es\/wp-content\/uploads\/2024\/08\/Captura-de-pantalla-2024-08-28-a-las-13.05.51-300x170.png\" alt=\"\" width=\"550\" height=\"311\" srcset=\"https:\/\/www.ecosolucionesquimicas.es\/wp-content\/uploads\/2024\/08\/Captura-de-pantalla-2024-08-28-a-las-13.05.51-300x170.png 300w, https:\/\/www.ecosolucionesquimicas.es\/wp-content\/uploads\/2024\/08\/Captura-de-pantalla-2024-08-28-a-las-13.05.51-1024x579.png 1024w, https:\/\/www.ecosolucionesquimicas.es\/wp-content\/uploads\/2024\/08\/Captura-de-pantalla-2024-08-28-a-las-13.05.51-768x434.png 768w, https:\/\/www.ecosolucionesquimicas.es\/wp-content\/uploads\/2024\/08\/Captura-de-pantalla-2024-08-28-a-las-13.05.51-1536x869.png 1536w, https:\/\/www.ecosolucionesquimicas.es\/wp-content\/uploads\/2024\/08\/Captura-de-pantalla-2024-08-28-a-las-13.05.51-2048x1159.png 2048w, https:\/\/www.ecosolucionesquimicas.es\/wp-content\/uploads\/2024\/08\/Captura-de-pantalla-2024-08-28-a-las-13.05.51-600x339.png 600w\" sizes=\"(max-width: 550px) 100vw, 550px\" \/><\/p>\n<p><strong>MODO DE EMPREGO<\/strong><\/p>\n<p><strong>\ud83d\udd18 Pulverizar:<\/strong> Pulverize o produto de limpeza diretamente sobre a superf\u00edcie que deseja limpar, mantendo o pulverizador a uma dist\u00e2ncia de 15-20 cm.<br \/>\n<strong>\ud83d\udd18 Deixar atuar:<\/strong> Permita que o produto repouse durante alguns segundos para que possa penetrar e dissolver a sujidade.<br \/>\n<strong>\ud83d\udd18 Limpar:<\/strong> Use um pano limpo e seco para esfregar suavemente a superf\u00edcie, removendo a sujidade e os res\u00edduos.<br \/>\n<strong>\ud83d\udd18 Verificar:<\/strong> Se necess\u00e1rio, repita o processo em \u00e1reas com sujidade mais persistente para garantir uma limpeza completa.<\/p>\n","protected":false},"excerpt":{"rendered":"<p>\u2705 <strong>ECO-203 \u00c9 UM PRODUTO DE LIMPEZA MULTIUSOS PARA TODO O TIPO DE SUPERF\u00cdCIES<\/strong>. Remove gordura e manchas de forma segura, sem danificar as superf\u00edcies. N\u00e3o requer aclaramento nem enxaguamento, o que torna a limpeza r\u00e1pida e simples.<\/p>\n<p>\u2705 <strong>F\u00d3RMULA SEM \u00c1LCOOL, AMON\u00cdACO NEM LIX\u00cdVIA.<\/strong> Este produto de limpeza \u00e9 seguro para superf\u00edcies duras e delicadas. Por n\u00e3o conter estes componentes, n\u00e3o produz fumos nem vapores irritantes e n\u00e3o danifica nem mancha tecidos, o que o torna adequado para utiliza\u00e7\u00e3o em roupa.<\/p>\n<p>\u2705 <strong>CONT\u00c9M AM\u00d3NIO QUATERN\u00c1RIO<\/strong>. Este ingrediente garante uma limpeza completa e eficaz, protegendo todas as superf\u00edcies de forma eficiente.<\/p>\n<p>\u2705 <strong>DEIXA UM AROMA AGRAD\u00c1VEL E SUAVE<\/strong>. Ap\u00f3s a limpeza, o ECO-203 proporciona uma fragr\u00e2ncia a erva limpa e fresca que permanece no ambiente, oferecendo uma sensa\u00e7\u00e3o de pureza e frescura.<\/p>\n<p><strong>\u2705<\/strong><strong> FORMATO DE 5 E 20 LITROS.<\/strong><\/p>\n<p><strong>\u26ab Refer\u00eancia: ECO-203<\/strong><\/p>\n","protected":false},"featured_media":10604,"template":"","meta":[],"product_brand":[225],"product_cat":[255,260],"product_tag":[262,261],"class_list":{"0":"post-10597","1":"product","2":"type-product","3":"status-publish","4":"has-post-thumbnail","6":"product_brand-eqm","7":"product_cat-limpeza-profissional","8":"product_cat-limpezas-de-superficies-com-acao-reforcada","9":"product_tag-desinfecao-de-superficies","10":"product_tag-multiusos","12":"first","13":"instock","14":"taxable","15":"shipping-taxable","16":"purchasable","17":"product-type-variable"},"acf":[],"yoast_head":"<!-- This site is optimized with the Yoast SEO Premium plugin v27.1 (Yoast SEO v27.4) - https:\/\/yoast.com\/product\/yoast-seo-premium-wordpress\/ -->\n<title>Limpeza Multiusos Perfumada - Ecosoluciones Qu\u00edmicas<\/title>\n<meta name=\"robots\" content=\"index, follow, max-snippet:-1, max-image-preview:large, max-video-preview:-1\" \/>\n<link rel=\"canonical\" href=\"https:\/\/www.ecosolucionesquimicas.es\/pt-pt\/producto\/limpeza-multiusos-perfumada\/\" \/>\n<meta property=\"og:locale\" content=\"pt_PT\" \/>\n<meta property=\"og:type\" content=\"article\" \/>\n<meta property=\"og:title\" content=\"Limpeza Multiusos Perfumada\" \/>\n<meta property=\"og:description\" content=\"\u2705 ECO-203 \u00c9 UM PRODUTO DE LIMPEZA MULTIUSOS PARA TODO O TIPO DE SUPERF\u00cdCIES. Remove gordura e manchas de forma segura, sem danificar as superf\u00edcies. N\u00e3o requer aclaramento nem enxaguamento, o que torna a limpeza r\u00e1pida e simples. \u2705 F\u00d3RMULA SEM \u00c1LCOOL, AMON\u00cdACO NEM LIX\u00cdVIA. Este produto de limpeza \u00e9 seguro para superf\u00edcies duras e delicadas. Por n\u00e3o conter estes componentes, n\u00e3o produz fumos nem vapores irritantes e n\u00e3o danifica nem mancha tecidos, o que o torna adequado para utiliza\u00e7\u00e3o em roupa. \u2705 CONT\u00c9M AM\u00d3NIO QUATERN\u00c1RIO. Este ingrediente garante uma limpeza completa e eficaz, protegendo todas as superf\u00edcies de forma eficiente. \u2705 DEIXA UM AROMA AGRAD\u00c1VEL E SUAVE. Ap\u00f3s a limpeza, o ECO-203 proporciona uma fragr\u00e2ncia a erva limpa e fresca que permanece no ambiente, oferecendo uma sensa\u00e7\u00e3o de pureza e frescura. \u2705 FORMATO DE 5 E 20 LITROS. \u26ab Refer\u00eancia: ECO-203\" \/>\n<meta property=\"og:url\" content=\"https:\/\/www.ecosolucionesquimicas.es\/pt-pt\/producto\/limpeza-multiusos-perfumada\/\" \/>\n<meta property=\"og:site_name\" content=\"Ecosoluciones Qu\u00edmicas\" \/>\n<meta property=\"article:publisher\" content=\"https:\/\/www.facebook.com\/ecosolucionesquimicasmadrid\/\" \/>\n<meta property=\"article:modified_time\" content=\"2026-03-02T22:11:51+00:00\" \/>\n<meta property=\"og:image\" content=\"https:\/\/www.ecosolucionesquimicas.es\/wp-content\/uploads\/2024\/08\/Captura-de-pantalla-2024-08-28-a-las-13.05.51-300x170.png\" \/>\n<meta name=\"twitter:card\" content=\"summary_large_image\" \/>\n<meta name=\"twitter:label1\" content=\"Disponibilidade\" \/>\n\t<meta name=\"twitter:data1\" content=\"Em stock\" \/>\n<script type=\"application\/ld+json\" class=\"yoast-schema-graph\">{\"@context\":\"https:\\\/\\\/schema.org\",\"@graph\":[{\"@type\":\"WebPage\",\"@id\":\"https:\\\/\\\/www.ecosolucionesquimicas.es\\\/pt-pt\\\/producto\\\/limpeza-multiusos-perfumada\\\/\",\"url\":\"https:\\\/\\\/www.ecosolucionesquimicas.es\\\/pt-pt\\\/producto\\\/limpeza-multiusos-perfumada\\\/\",\"name\":\"Limpeza Multiusos Perfumada - Ecosoluciones Qu\u00edmicas\",\"isPartOf\":{\"@id\":\"https:\\\/\\\/www.ecosolucionesquimicas.es\\\/pt-pt\\\/#website\"},\"primaryImageOfPage\":{\"@id\":\"https:\\\/\\\/www.ecosolucionesquimicas.es\\\/pt-pt\\\/producto\\\/limpeza-multiusos-perfumada\\\/#primaryimage\"},\"image\":{\"@id\":\"https:\\\/\\\/www.ecosolucionesquimicas.es\\\/pt-pt\\\/producto\\\/limpeza-multiusos-perfumada\\\/#primaryimage\"},\"thumbnailUrl\":\"https:\\\/\\\/www.ecosolucionesquimicas.es\\\/wp-content\\\/uploads\\\/2024\\\/08\\\/ECO-203-5L-scaled.jpg\",\"datePublished\":\"2024-08-28T10:43:01+00:00\",\"dateModified\":\"2026-03-02T22:11:51+00:00\",\"breadcrumb\":{\"@id\":\"https:\\\/\\\/www.ecosolucionesquimicas.es\\\/pt-pt\\\/producto\\\/limpeza-multiusos-perfumada\\\/#breadcrumb\"},\"inLanguage\":\"pt-PT\",\"potentialAction\":[{\"@type\":\"ReadAction\",\"target\":[\"https:\\\/\\\/www.ecosolucionesquimicas.es\\\/pt-pt\\\/producto\\\/limpeza-multiusos-perfumada\\\/\"]}]},{\"@type\":\"ImageObject\",\"inLanguage\":\"pt-PT\",\"@id\":\"https:\\\/\\\/www.ecosolucionesquimicas.es\\\/pt-pt\\\/producto\\\/limpeza-multiusos-perfumada\\\/#primaryimage\",\"url\":\"https:\\\/\\\/www.ecosolucionesquimicas.es\\\/wp-content\\\/uploads\\\/2024\\\/08\\\/ECO-203-5L-scaled.jpg\",\"contentUrl\":\"https:\\\/\\\/www.ecosolucionesquimicas.es\\\/wp-content\\\/uploads\\\/2024\\\/08\\\/ECO-203-5L-scaled.jpg\",\"width\":2350,\"height\":2560},{\"@type\":\"BreadcrumbList\",\"@id\":\"https:\\\/\\\/www.ecosolucionesquimicas.es\\\/pt-pt\\\/producto\\\/limpeza-multiusos-perfumada\\\/#breadcrumb\",\"itemListElement\":[{\"@type\":\"ListItem\",\"position\":1,\"name\":\"Portada\",\"item\":\"https:\\\/\\\/www.ecosolucionesquimicas.es\\\/pt-pt\\\/home\\\/\"},{\"@type\":\"ListItem\",\"position\":2,\"name\":\"Limpeza Multiusos Perfumada\"}]},{\"@type\":\"WebSite\",\"@id\":\"https:\\\/\\\/www.ecosolucionesquimicas.es\\\/pt-pt\\\/#website\",\"url\":\"https:\\\/\\\/www.ecosolucionesquimicas.es\\\/pt-pt\\\/\",\"name\":\"Ecosoluciones Qu\u00edmicas\",\"description\":\"Compre produtos de limpeza e qu\u00edmicos, de fabrica\u00e7\u00e3o pr\u00f3pria, online.\",\"publisher\":{\"@id\":\"https:\\\/\\\/www.ecosolucionesquimicas.es\\\/pt-pt\\\/#organization\"},\"alternateName\":\"EQM\",\"potentialAction\":[{\"@type\":\"SearchAction\",\"target\":{\"@type\":\"EntryPoint\",\"urlTemplate\":\"https:\\\/\\\/www.ecosolucionesquimicas.es\\\/pt-pt\\\/?s={search_term_string}\"},\"query-input\":{\"@type\":\"PropertyValueSpecification\",\"valueRequired\":true,\"valueName\":\"search_term_string\"}}],\"inLanguage\":\"pt-PT\"},{\"@type\":\"Organization\",\"@id\":\"https:\\\/\\\/www.ecosolucionesquimicas.es\\\/pt-pt\\\/#organization\",\"name\":\"Ecosoluciones Qu\u00edmicas\",\"url\":\"https:\\\/\\\/www.ecosolucionesquimicas.es\\\/pt-pt\\\/\",\"logo\":{\"@type\":\"ImageObject\",\"inLanguage\":\"pt-PT\",\"@id\":\"https:\\\/\\\/www.ecosolucionesquimicas.es\\\/pt-pt\\\/#\\\/schema\\\/logo\\\/image\\\/\",\"url\":\"https:\\\/\\\/www.ecosolucionesquimicas.es\\\/wp-content\\\/uploads\\\/2024\\\/08\\\/LOGO-EQM-NUEVO-.png\",\"contentUrl\":\"https:\\\/\\\/www.ecosolucionesquimicas.es\\\/wp-content\\\/uploads\\\/2024\\\/08\\\/LOGO-EQM-NUEVO-.png\",\"width\":1060,\"height\":456,\"caption\":\"Ecosoluciones Qu\u00edmicas\"},\"image\":{\"@id\":\"https:\\\/\\\/www.ecosolucionesquimicas.es\\\/pt-pt\\\/#\\\/schema\\\/logo\\\/image\\\/\"},\"sameAs\":[\"https:\\\/\\\/www.facebook.com\\\/ecosolucionesquimicasmadrid\\\/\",\"https:\\\/\\\/www.instagram.com\\\/ecosolucionesquimicas\\\/\"],\"hasMerchantReturnPolicy\":{\"@type\":\"MerchantReturnPolicy\",\"merchantReturnLink\":\"https:\\\/\\\/www.ecosolucionesquimicas.es\\\/refund_returns\\\/\"}}]}<\/script>\n<meta property=\"product:brand\" content=\"EQM\" \/>\n<meta property=\"og:availability\" content=\"instock\" \/>\n<meta property=\"product:availability\" content=\"instock\" \/>\n<meta property=\"product:retailer_item_id\" content=\"ECO-203\" \/>\n<meta property=\"product:condition\" content=\"new\" \/>\n<!-- \/ Yoast SEO Premium plugin. -->","yoast_head_json":{"title":"Limpeza Multiusos Perfumada - Ecosoluciones Qu\u00edmicas","robots":{"index":"index","follow":"follow","max-snippet":"max-snippet:-1","max-image-preview":"max-image-preview:large","max-video-preview":"max-video-preview:-1"},"canonical":"https:\/\/www.ecosolucionesquimicas.es\/pt-pt\/producto\/limpeza-multiusos-perfumada\/","og_locale":"pt_PT","og_type":"article","og_title":"Limpeza Multiusos Perfumada","og_description":"\u2705 ECO-203 \u00c9 UM PRODUTO DE LIMPEZA MULTIUSOS PARA TODO O TIPO DE SUPERF\u00cdCIES. Remove gordura e manchas de forma segura, sem danificar as superf\u00edcies. N\u00e3o requer aclaramento nem enxaguamento, o que torna a limpeza r\u00e1pida e simples. \u2705 F\u00d3RMULA SEM \u00c1LCOOL, AMON\u00cdACO NEM LIX\u00cdVIA. Este produto de limpeza \u00e9 seguro para superf\u00edcies duras e delicadas. Por n\u00e3o conter estes componentes, n\u00e3o produz fumos nem vapores irritantes e n\u00e3o danifica nem mancha tecidos, o que o torna adequado para utiliza\u00e7\u00e3o em roupa. \u2705 CONT\u00c9M AM\u00d3NIO QUATERN\u00c1RIO. Este ingrediente garante uma limpeza completa e eficaz, protegendo todas as superf\u00edcies de forma eficiente. \u2705 DEIXA UM AROMA AGRAD\u00c1VEL E SUAVE. Ap\u00f3s a limpeza, o ECO-203 proporciona uma fragr\u00e2ncia a erva limpa e fresca que permanece no ambiente, oferecendo uma sensa\u00e7\u00e3o de pureza e frescura. \u2705 FORMATO DE 5 E 20 LITROS. \u26ab Refer\u00eancia: ECO-203","og_url":"https:\/\/www.ecosolucionesquimicas.es\/pt-pt\/producto\/limpeza-multiusos-perfumada\/","og_site_name":"Ecosoluciones Qu\u00edmicas","article_publisher":"https:\/\/www.facebook.com\/ecosolucionesquimicasmadrid\/","article_modified_time":"2026-03-02T22:11:51+00:00","og_image":[{"url":"https:\/\/www.ecosolucionesquimicas.es\/wp-content\/uploads\/2024\/08\/Captura-de-pantalla-2024-08-28-a-las-13.05.51-300x170.png","type":"","width":"","height":""}],"twitter_card":"summary_large_image","twitter_misc":{"Disponibilidade":"Em stock"},"schema":{"@context":"https:\/\/schema.org","@graph":[{"@type":"WebPage","@id":"https:\/\/www.ecosolucionesquimicas.es\/pt-pt\/producto\/limpeza-multiusos-perfumada\/","url":"https:\/\/www.ecosolucionesquimicas.es\/pt-pt\/producto\/limpeza-multiusos-perfumada\/","name":"Limpeza Multiusos Perfumada - Ecosoluciones Qu\u00edmicas","isPartOf":{"@id":"https:\/\/www.ecosolucionesquimicas.es\/pt-pt\/#website"},"primaryImageOfPage":{"@id":"https:\/\/www.ecosolucionesquimicas.es\/pt-pt\/producto\/limpeza-multiusos-perfumada\/#primaryimage"},"image":{"@id":"https:\/\/www.ecosolucionesquimicas.es\/pt-pt\/producto\/limpeza-multiusos-perfumada\/#primaryimage"},"thumbnailUrl":"https:\/\/www.ecosolucionesquimicas.es\/wp-content\/uploads\/2024\/08\/ECO-203-5L-scaled.jpg","datePublished":"2024-08-28T10:43:01+00:00","dateModified":"2026-03-02T22:11:51+00:00","breadcrumb":{"@id":"https:\/\/www.ecosolucionesquimicas.es\/pt-pt\/producto\/limpeza-multiusos-perfumada\/#breadcrumb"},"inLanguage":"pt-PT","potentialAction":[{"@type":"ReadAction","target":["https:\/\/www.ecosolucionesquimicas.es\/pt-pt\/producto\/limpeza-multiusos-perfumada\/"]}]},{"@type":"ImageObject","inLanguage":"pt-PT","@id":"https:\/\/www.ecosolucionesquimicas.es\/pt-pt\/producto\/limpeza-multiusos-perfumada\/#primaryimage","url":"https:\/\/www.ecosolucionesquimicas.es\/wp-content\/uploads\/2024\/08\/ECO-203-5L-scaled.jpg","contentUrl":"https:\/\/www.ecosolucionesquimicas.es\/wp-content\/uploads\/2024\/08\/ECO-203-5L-scaled.jpg","width":2350,"height":2560},{"@type":"BreadcrumbList","@id":"https:\/\/www.ecosolucionesquimicas.es\/pt-pt\/producto\/limpeza-multiusos-perfumada\/#breadcrumb","itemListElement":[{"@type":"ListItem","position":1,"name":"Portada","item":"https:\/\/www.ecosolucionesquimicas.es\/pt-pt\/home\/"},{"@type":"ListItem","position":2,"name":"Limpeza Multiusos Perfumada"}]},{"@type":"WebSite","@id":"https:\/\/www.ecosolucionesquimicas.es\/pt-pt\/#website","url":"https:\/\/www.ecosolucionesquimicas.es\/pt-pt\/","name":"Ecosoluciones Qu\u00edmicas","description":"Compre produtos de limpeza e qu\u00edmicos, de fabrica\u00e7\u00e3o pr\u00f3pria, online.","publisher":{"@id":"https:\/\/www.ecosolucionesquimicas.es\/pt-pt\/#organization"},"alternateName":"EQM","potentialAction":[{"@type":"SearchAction","target":{"@type":"EntryPoint","urlTemplate":"https:\/\/www.ecosolucionesquimicas.es\/pt-pt\/?s={search_term_string}"},"query-input":{"@type":"PropertyValueSpecification","valueRequired":true,"valueName":"search_term_string"}}],"inLanguage":"pt-PT"},{"@type":"Organization","@id":"https:\/\/www.ecosolucionesquimicas.es\/pt-pt\/#organization","name":"Ecosoluciones Qu\u00edmicas","url":"https:\/\/www.ecosolucionesquimicas.es\/pt-pt\/","logo":{"@type":"ImageObject","inLanguage":"pt-PT","@id":"https:\/\/www.ecosolucionesquimicas.es\/pt-pt\/#\/schema\/logo\/image\/","url":"https:\/\/www.ecosolucionesquimicas.es\/wp-content\/uploads\/2024\/08\/LOGO-EQM-NUEVO-.png","contentUrl":"https:\/\/www.ecosolucionesquimicas.es\/wp-content\/uploads\/2024\/08\/LOGO-EQM-NUEVO-.png","width":1060,"height":456,"caption":"Ecosoluciones Qu\u00edmicas"},"image":{"@id":"https:\/\/www.ecosolucionesquimicas.es\/pt-pt\/#\/schema\/logo\/image\/"},"sameAs":["https:\/\/www.facebook.com\/ecosolucionesquimicasmadrid\/","https:\/\/www.instagram.com\/ecosolucionesquimicas\/"],"hasMerchantReturnPolicy":{"@type":"MerchantReturnPolicy","merchantReturnLink":"https:\/\/www.ecosolucionesquimicas.es\/refund_returns\/"}}]},"product_brand":"EQM","og_availability":"instock","product_availability":"instock","product_retailer_item_id":"ECO-203","product_condition":"new"},"_links":{"self":[{"href":"https:\/\/www.ecosolucionesquimicas.es\/pt-pt\/wp-json\/wp\/v2\/product\/10597","targetHints":{"allow":["GET"]}}],"collection":[{"href":"https:\/\/www.ecosolucionesquimicas.es\/pt-pt\/wp-json\/wp\/v2\/product"}],"about":[{"href":"https:\/\/www.ecosolucionesquimicas.es\/pt-pt\/wp-json\/wp\/v2\/types\/product"}],"wp:featuredmedia":[{"embeddable":true,"href":"https:\/\/www.ecosolucionesquimicas.es\/pt-pt\/wp-json\/wp\/v2\/media\/10604"}],"wp:attachment":[{"href":"https:\/\/www.ecosolucionesquimicas.es\/pt-pt\/wp-json\/wp\/v2\/media?parent=10597"}],"wp:term":[{"taxonomy":"product_brand","embeddable":true,"href":"https:\/\/www.ecosolucionesquimicas.es\/pt-pt\/wp-json\/wp\/v2\/product_brand?post=10597"},{"taxonomy":"product_cat","embeddable":true,"href":"https:\/\/www.ecosolucionesquimicas.es\/pt-pt\/wp-json\/wp\/v2\/product_cat?post=10597"},{"taxonomy":"product_tag","embeddable":true,"href":"https:\/\/www.ecosolucionesquimicas.es\/pt-pt\/wp-json\/wp\/v2\/product_tag?post=10597"}],"curies":[{"name":"wp","href":"https:\/\/api.w.org\/{rel}","templated":true}]}}