{"id":10596,"date":"2025-05-02T11:01:17","date_gmt":"2025-05-02T09:01:17","guid":{"rendered":"https:\/\/www.ecosolucionesquimicas.es\/producto\/limpeza-de-tenis\/"},"modified":"2025-12-07T13:42:31","modified_gmt":"2025-12-07T12:42:31","slug":"limpeza-de-tenis","status":"publish","type":"product","link":"https:\/\/www.ecosolucionesquimicas.es\/pt-pt\/producto\/limpeza-de-tenis\/","title":{"rendered":"Limpeza de T\u00e9nis"},"content":{"rendered":"<p><img fetchpriority=\"high\" decoding=\"async\" class=\"alignnone wp-image-7019\" src=\"https:\/\/www.ecosolucionesquimicas.es\/wp-content\/uploads\/2025\/04\/20250429_1429_Botella-Pulverizadora-EQM_remix_01jt0r8kbket3she3d22qbcdsa-1-246x300.png\" alt=\"\" width=\"550\" height=\"670\" srcset=\"https:\/\/www.ecosolucionesquimicas.es\/wp-content\/uploads\/2025\/04\/20250429_1429_Botella-Pulverizadora-EQM_remix_01jt0r8kbket3she3d22qbcdsa-1-246x300.png 246w, https:\/\/www.ecosolucionesquimicas.es\/wp-content\/uploads\/2025\/04\/20250429_1429_Botella-Pulverizadora-EQM_remix_01jt0r8kbket3she3d22qbcdsa-1-840x1024.png 840w, https:\/\/www.ecosolucionesquimicas.es\/wp-content\/uploads\/2025\/04\/20250429_1429_Botella-Pulverizadora-EQM_remix_01jt0r8kbket3she3d22qbcdsa-1-768x936.png 768w, https:\/\/www.ecosolucionesquimicas.es\/wp-content\/uploads\/2025\/04\/20250429_1429_Botella-Pulverizadora-EQM_remix_01jt0r8kbket3she3d22qbcdsa-1-600x731.png 600w, https:\/\/www.ecosolucionesquimicas.es\/wp-content\/uploads\/2025\/04\/20250429_1429_Botella-Pulverizadora-EQM_remix_01jt0r8kbket3she3d22qbcdsa-1.png 1024w\" sizes=\"(max-width: 550px) 100vw, 550px\" \/><\/p>\n<p><strong>MODO DE EMPREGO<\/strong><\/p>\n<p>\u25ef <strong data-start=\"137\" data-end=\"152\">Prepara\u00e7\u00e3o<\/strong>: Agitar antes de usar.<br data-start=\"175\" data-end=\"178\">\u25ef <strong data-start=\"181\" data-end=\"195\">Aplica\u00e7\u00e3o<\/strong>: Pulverizar a 10\u201315 cm sobre a sujidade.<br data-start=\"233\" data-end=\"236\">\u25ef <strong data-start=\"239\" data-end=\"249\">A\u00e7\u00e3o<\/strong>: Deixar atuar alguns segundos.<br data-start=\"278\" data-end=\"281\">\u25ef <strong data-start=\"284\" data-end=\"296\">Limpeza<\/strong>: Esfregar suavemente com uma escova ou esponja.<br data-start=\"338\" data-end=\"341\">\u25ef <strong data-start=\"344\" data-end=\"356\">Enxaguamento<\/strong>: Limpar com um pano h\u00famido ou \u00e1gua.<br data-start=\"389\" data-end=\"392\">\u25ef <strong data-start=\"395\" data-end=\"405\">Secagem<\/strong>: Secar ao ar, sem luz solar direta ou calor.<\/p>\n","protected":false},"excerpt":{"rendered":"<p class=\"\" data-start=\"109\" data-end=\"358\"><strong data-start=\"109\" data-end=\"140\">\u2705 LIMPEZA PROFUNDA E SEGURA:<\/strong> O ECO-221 foi especialmente concebido para t\u00e9nis desportivos, eliminando eficazmente a sujidade, manchas e gordura sem danificar materiais como couro, lona ou malha. Ideal para o cuidado di\u00e1rio e a conserva\u00e7\u00e3o dos seus t\u00e9nis favoritos. <\/p>\n<p class=\"\" data-start=\"360\" data-end=\"535\"><strong data-start=\"360\" data-end=\"384\">\u2705 F\u00d3RMULA CONCENTRADA:<\/strong> Desenvolvida por especialistas, a sua elevada concentra\u00e7\u00e3o permite uma limpeza profunda com poucas pulveriza\u00e7\u00f5es, restaurando o aspeto original do cal\u00e7ado.<\/p>\n<p class=\"\" data-start=\"537\" data-end=\"670\"><strong data-start=\"537\" data-end=\"555\">\u2705 CUIDADO TOTAL:<\/strong> Livre de agentes agressivos e t\u00f3xicos, \u00e9 seguro para todos os tipos de t\u00e9nis, respeitando as cores e os acabamentos.<\/p>\n<p class=\"\" data-start=\"672\" data-end=\"840\"><strong data-start=\"672\" data-end=\"701\">\u2705 RESULTADOS PROFISSIONAIS:<\/strong> Aprovado por colecionadores e especialistas em cal\u00e7ado. Os seus t\u00e9nis ficar\u00e3o limpos, frescos e como novos desde a primeira aplica\u00e7\u00e3o. <\/p>\n<p data-start=\"672\" data-end=\"840\">\u2705<strong> FORMATO DE 500 MILILITROS. <\/strong> <\/p>\n<p data-start=\"672\" data-end=\"840\"><strong>\u26ab Refer\u00eancia: ECO-221<\/strong><\/p>\n","protected":false},"featured_media":10600,"template":"","meta":[],"product_brand":[225],"product_cat":[255],"product_tag":[257,259],"class_list":{"0":"post-10596","1":"product","2":"type-product","3":"status-publish","4":"has-post-thumbnail","6":"product_brand-eqm","7":"product_cat-limpeza-profissional","8":"product_tag-limpa-tenis","9":"product_tag-limpador-de-tenis","11":"first","12":"instock","13":"taxable","14":"shipping-taxable","15":"purchasable","16":"product-type-simple"},"acf":[],"yoast_head":"<!-- This site is optimized with the Yoast SEO Premium plugin v27.1 (Yoast SEO v27.4) - https:\/\/yoast.com\/product\/yoast-seo-premium-wordpress\/ -->\n<title>Limpeza de T\u00e9nis - Ecosoluciones Qu\u00edmicas<\/title>\n<meta name=\"robots\" content=\"index, follow, max-snippet:-1, max-image-preview:large, max-video-preview:-1\" \/>\n<link rel=\"canonical\" href=\"https:\/\/www.ecosolucionesquimicas.es\/pt-pt\/producto\/limpeza-de-tenis\/\" \/>\n<meta property=\"og:locale\" content=\"pt_PT\" \/>\n<meta property=\"og:type\" content=\"article\" \/>\n<meta property=\"og:title\" content=\"Limpeza de T\u00e9nis\" \/>\n<meta property=\"og:description\" content=\"\u2705 LIMPEZA PROFUNDA E SEGURA: O ECO-221 foi especialmente concebido para t\u00e9nis desportivos, eliminando eficazmente a sujidade, manchas e gordura sem danificar materiais como couro, lona ou malha. Ideal para o cuidado di\u00e1rio e a conserva\u00e7\u00e3o dos seus t\u00e9nis favoritos. \u2705 F\u00d3RMULA CONCENTRADA: Desenvolvida por especialistas, a sua elevada concentra\u00e7\u00e3o permite uma limpeza profunda com poucas pulveriza\u00e7\u00f5es, restaurando o aspeto original do cal\u00e7ado. \u2705 CUIDADO TOTAL: Livre de agentes agressivos e t\u00f3xicos, \u00e9 seguro para todos os tipos de t\u00e9nis, respeitando as cores e os acabamentos. \u2705 RESULTADOS PROFISSIONAIS: Aprovado por colecionadores e especialistas em cal\u00e7ado. Os seus t\u00e9nis ficar\u00e3o limpos, frescos e como novos desde a primeira aplica\u00e7\u00e3o. \u2705 FORMATO DE 500 MILILITROS.  \u26ab Refer\u00eancia: ECO-221\" \/>\n<meta property=\"og:url\" content=\"https:\/\/www.ecosolucionesquimicas.es\/pt-pt\/producto\/limpeza-de-tenis\/\" \/>\n<meta property=\"og:site_name\" content=\"Ecosoluciones Qu\u00edmicas\" \/>\n<meta property=\"article:publisher\" content=\"https:\/\/www.facebook.com\/ecosolucionesquimicasmadrid\/\" \/>\n<meta property=\"article:modified_time\" content=\"2025-12-07T12:42:31+00:00\" \/>\n<meta property=\"og:image\" content=\"https:\/\/www.ecosolucionesquimicas.es\/wp-content\/uploads\/2025\/04\/ECO-221-500ML-scaled.jpg\" \/>\n\t<meta property=\"og:image:width\" content=\"2350\" \/>\n\t<meta property=\"og:image:height\" content=\"2560\" \/>\n\t<meta property=\"og:image:type\" content=\"image\/jpeg\" \/>\n<meta name=\"twitter:card\" content=\"summary_large_image\" \/>\n<meta name=\"twitter:label1\" content=\"pre\u00e7o\" \/>\n\t<meta name=\"twitter:data1\" content=\"4,83&nbsp;&euro; IVA inc.\" \/>\n\t<meta name=\"twitter:label2\" content=\"Disponibilidade\" \/>\n\t<meta name=\"twitter:data2\" content=\"Em stock\" \/>\n<script type=\"application\/ld+json\" class=\"yoast-schema-graph\">{\"@context\":\"https:\\\/\\\/schema.org\",\"@graph\":[{\"@type\":\"WebPage\",\"@id\":\"https:\\\/\\\/www.ecosolucionesquimicas.es\\\/pt-pt\\\/producto\\\/limpeza-de-tenis\\\/\",\"url\":\"https:\\\/\\\/www.ecosolucionesquimicas.es\\\/pt-pt\\\/producto\\\/limpeza-de-tenis\\\/\",\"name\":\"Limpeza de T\u00e9nis - Ecosoluciones Qu\u00edmicas\",\"isPartOf\":{\"@id\":\"https:\\\/\\\/www.ecosolucionesquimicas.es\\\/pt-pt\\\/#website\"},\"primaryImageOfPage\":{\"@id\":\"https:\\\/\\\/www.ecosolucionesquimicas.es\\\/pt-pt\\\/producto\\\/limpeza-de-tenis\\\/#primaryimage\"},\"image\":{\"@id\":\"https:\\\/\\\/www.ecosolucionesquimicas.es\\\/pt-pt\\\/producto\\\/limpeza-de-tenis\\\/#primaryimage\"},\"thumbnailUrl\":\"https:\\\/\\\/www.ecosolucionesquimicas.es\\\/wp-content\\\/uploads\\\/2025\\\/04\\\/ECO-221-500ML-scaled.jpg\",\"datePublished\":\"2025-05-02T09:01:17+00:00\",\"dateModified\":\"2025-12-07T12:42:31+00:00\",\"breadcrumb\":{\"@id\":\"https:\\\/\\\/www.ecosolucionesquimicas.es\\\/pt-pt\\\/producto\\\/limpeza-de-tenis\\\/#breadcrumb\"},\"inLanguage\":\"pt-PT\",\"potentialAction\":[{\"@type\":\"ReadAction\",\"target\":[\"https:\\\/\\\/www.ecosolucionesquimicas.es\\\/pt-pt\\\/producto\\\/limpeza-de-tenis\\\/\"]}]},{\"@type\":\"ImageObject\",\"inLanguage\":\"pt-PT\",\"@id\":\"https:\\\/\\\/www.ecosolucionesquimicas.es\\\/pt-pt\\\/producto\\\/limpeza-de-tenis\\\/#primaryimage\",\"url\":\"https:\\\/\\\/www.ecosolucionesquimicas.es\\\/wp-content\\\/uploads\\\/2025\\\/04\\\/ECO-221-500ML-scaled.jpg\",\"contentUrl\":\"https:\\\/\\\/www.ecosolucionesquimicas.es\\\/wp-content\\\/uploads\\\/2025\\\/04\\\/ECO-221-500ML-scaled.jpg\",\"width\":2350,\"height\":2560},{\"@type\":\"BreadcrumbList\",\"@id\":\"https:\\\/\\\/www.ecosolucionesquimicas.es\\\/pt-pt\\\/producto\\\/limpeza-de-tenis\\\/#breadcrumb\",\"itemListElement\":[{\"@type\":\"ListItem\",\"position\":1,\"name\":\"Portada\",\"item\":\"https:\\\/\\\/www.ecosolucionesquimicas.es\\\/pt-pt\\\/home\\\/\"},{\"@type\":\"ListItem\",\"position\":2,\"name\":\"Limpeza de T\u00e9nis\"}]},{\"@type\":\"WebSite\",\"@id\":\"https:\\\/\\\/www.ecosolucionesquimicas.es\\\/pt-pt\\\/#website\",\"url\":\"https:\\\/\\\/www.ecosolucionesquimicas.es\\\/pt-pt\\\/\",\"name\":\"Ecosoluciones Qu\u00edmicas\",\"description\":\"Compre produtos de limpeza e qu\u00edmicos, de fabrica\u00e7\u00e3o pr\u00f3pria, online.\",\"publisher\":{\"@id\":\"https:\\\/\\\/www.ecosolucionesquimicas.es\\\/pt-pt\\\/#organization\"},\"alternateName\":\"EQM\",\"potentialAction\":[{\"@type\":\"SearchAction\",\"target\":{\"@type\":\"EntryPoint\",\"urlTemplate\":\"https:\\\/\\\/www.ecosolucionesquimicas.es\\\/pt-pt\\\/?s={search_term_string}\"},\"query-input\":{\"@type\":\"PropertyValueSpecification\",\"valueRequired\":true,\"valueName\":\"search_term_string\"}}],\"inLanguage\":\"pt-PT\"},{\"@type\":\"Organization\",\"@id\":\"https:\\\/\\\/www.ecosolucionesquimicas.es\\\/pt-pt\\\/#organization\",\"name\":\"Ecosoluciones Qu\u00edmicas\",\"url\":\"https:\\\/\\\/www.ecosolucionesquimicas.es\\\/pt-pt\\\/\",\"logo\":{\"@type\":\"ImageObject\",\"inLanguage\":\"pt-PT\",\"@id\":\"https:\\\/\\\/www.ecosolucionesquimicas.es\\\/pt-pt\\\/#\\\/schema\\\/logo\\\/image\\\/\",\"url\":\"https:\\\/\\\/www.ecosolucionesquimicas.es\\\/wp-content\\\/uploads\\\/2024\\\/08\\\/LOGO-EQM-NUEVO-.png\",\"contentUrl\":\"https:\\\/\\\/www.ecosolucionesquimicas.es\\\/wp-content\\\/uploads\\\/2024\\\/08\\\/LOGO-EQM-NUEVO-.png\",\"width\":1060,\"height\":456,\"caption\":\"Ecosoluciones Qu\u00edmicas\"},\"image\":{\"@id\":\"https:\\\/\\\/www.ecosolucionesquimicas.es\\\/pt-pt\\\/#\\\/schema\\\/logo\\\/image\\\/\"},\"sameAs\":[\"https:\\\/\\\/www.facebook.com\\\/ecosolucionesquimicasmadrid\\\/\",\"https:\\\/\\\/www.instagram.com\\\/ecosolucionesquimicas\\\/\"],\"hasMerchantReturnPolicy\":{\"@type\":\"MerchantReturnPolicy\",\"merchantReturnLink\":\"https:\\\/\\\/www.ecosolucionesquimicas.es\\\/refund_returns\\\/\"}}]}<\/script>\n<meta property=\"product:brand\" content=\"EQM\" \/>\n<meta property=\"product:price:amount\" content=\"4.83\" \/>\n<meta property=\"product:price:currency\" content=\"EUR\" \/>\n<meta property=\"og:availability\" content=\"instock\" \/>\n<meta property=\"product:availability\" content=\"instock\" \/>\n<meta property=\"product:retailer_item_id\" content=\"ECO-221\" \/>\n<meta property=\"product:condition\" content=\"new\" \/>\n<!-- \/ Yoast SEO Premium plugin. -->","yoast_head_json":{"title":"Limpeza de T\u00e9nis - Ecosoluciones Qu\u00edmicas","robots":{"index":"index","follow":"follow","max-snippet":"max-snippet:-1","max-image-preview":"max-image-preview:large","max-video-preview":"max-video-preview:-1"},"canonical":"https:\/\/www.ecosolucionesquimicas.es\/pt-pt\/producto\/limpeza-de-tenis\/","og_locale":"pt_PT","og_type":"article","og_title":"Limpeza de T\u00e9nis","og_description":"\u2705 LIMPEZA PROFUNDA E SEGURA: O ECO-221 foi especialmente concebido para t\u00e9nis desportivos, eliminando eficazmente a sujidade, manchas e gordura sem danificar materiais como couro, lona ou malha. Ideal para o cuidado di\u00e1rio e a conserva\u00e7\u00e3o dos seus t\u00e9nis favoritos. \u2705 F\u00d3RMULA CONCENTRADA: Desenvolvida por especialistas, a sua elevada concentra\u00e7\u00e3o permite uma limpeza profunda com poucas pulveriza\u00e7\u00f5es, restaurando o aspeto original do cal\u00e7ado. \u2705 CUIDADO TOTAL: Livre de agentes agressivos e t\u00f3xicos, \u00e9 seguro para todos os tipos de t\u00e9nis, respeitando as cores e os acabamentos. \u2705 RESULTADOS PROFISSIONAIS: Aprovado por colecionadores e especialistas em cal\u00e7ado. Os seus t\u00e9nis ficar\u00e3o limpos, frescos e como novos desde a primeira aplica\u00e7\u00e3o. \u2705 FORMATO DE 500 MILILITROS.  \u26ab Refer\u00eancia: ECO-221","og_url":"https:\/\/www.ecosolucionesquimicas.es\/pt-pt\/producto\/limpeza-de-tenis\/","og_site_name":"Ecosoluciones Qu\u00edmicas","article_publisher":"https:\/\/www.facebook.com\/ecosolucionesquimicasmadrid\/","article_modified_time":"2025-12-07T12:42:31+00:00","og_image":[{"width":2350,"height":2560,"url":"https:\/\/www.ecosolucionesquimicas.es\/wp-content\/uploads\/2025\/04\/ECO-221-500ML-scaled.jpg","type":"image\/jpeg"}],"twitter_card":"summary_large_image","twitter_misc":{"pre\u00e7o":"4,83&nbsp;&euro; IVA inc.","Disponibilidade":"Em stock"},"schema":{"@context":"https:\/\/schema.org","@graph":[{"@type":"WebPage","@id":"https:\/\/www.ecosolucionesquimicas.es\/pt-pt\/producto\/limpeza-de-tenis\/","url":"https:\/\/www.ecosolucionesquimicas.es\/pt-pt\/producto\/limpeza-de-tenis\/","name":"Limpeza de T\u00e9nis - Ecosoluciones Qu\u00edmicas","isPartOf":{"@id":"https:\/\/www.ecosolucionesquimicas.es\/pt-pt\/#website"},"primaryImageOfPage":{"@id":"https:\/\/www.ecosolucionesquimicas.es\/pt-pt\/producto\/limpeza-de-tenis\/#primaryimage"},"image":{"@id":"https:\/\/www.ecosolucionesquimicas.es\/pt-pt\/producto\/limpeza-de-tenis\/#primaryimage"},"thumbnailUrl":"https:\/\/www.ecosolucionesquimicas.es\/wp-content\/uploads\/2025\/04\/ECO-221-500ML-scaled.jpg","datePublished":"2025-05-02T09:01:17+00:00","dateModified":"2025-12-07T12:42:31+00:00","breadcrumb":{"@id":"https:\/\/www.ecosolucionesquimicas.es\/pt-pt\/producto\/limpeza-de-tenis\/#breadcrumb"},"inLanguage":"pt-PT","potentialAction":[{"@type":"ReadAction","target":["https:\/\/www.ecosolucionesquimicas.es\/pt-pt\/producto\/limpeza-de-tenis\/"]}]},{"@type":"ImageObject","inLanguage":"pt-PT","@id":"https:\/\/www.ecosolucionesquimicas.es\/pt-pt\/producto\/limpeza-de-tenis\/#primaryimage","url":"https:\/\/www.ecosolucionesquimicas.es\/wp-content\/uploads\/2025\/04\/ECO-221-500ML-scaled.jpg","contentUrl":"https:\/\/www.ecosolucionesquimicas.es\/wp-content\/uploads\/2025\/04\/ECO-221-500ML-scaled.jpg","width":2350,"height":2560},{"@type":"BreadcrumbList","@id":"https:\/\/www.ecosolucionesquimicas.es\/pt-pt\/producto\/limpeza-de-tenis\/#breadcrumb","itemListElement":[{"@type":"ListItem","position":1,"name":"Portada","item":"https:\/\/www.ecosolucionesquimicas.es\/pt-pt\/home\/"},{"@type":"ListItem","position":2,"name":"Limpeza de T\u00e9nis"}]},{"@type":"WebSite","@id":"https:\/\/www.ecosolucionesquimicas.es\/pt-pt\/#website","url":"https:\/\/www.ecosolucionesquimicas.es\/pt-pt\/","name":"Ecosoluciones Qu\u00edmicas","description":"Compre produtos de limpeza e qu\u00edmicos, de fabrica\u00e7\u00e3o pr\u00f3pria, online.","publisher":{"@id":"https:\/\/www.ecosolucionesquimicas.es\/pt-pt\/#organization"},"alternateName":"EQM","potentialAction":[{"@type":"SearchAction","target":{"@type":"EntryPoint","urlTemplate":"https:\/\/www.ecosolucionesquimicas.es\/pt-pt\/?s={search_term_string}"},"query-input":{"@type":"PropertyValueSpecification","valueRequired":true,"valueName":"search_term_string"}}],"inLanguage":"pt-PT"},{"@type":"Organization","@id":"https:\/\/www.ecosolucionesquimicas.es\/pt-pt\/#organization","name":"Ecosoluciones Qu\u00edmicas","url":"https:\/\/www.ecosolucionesquimicas.es\/pt-pt\/","logo":{"@type":"ImageObject","inLanguage":"pt-PT","@id":"https:\/\/www.ecosolucionesquimicas.es\/pt-pt\/#\/schema\/logo\/image\/","url":"https:\/\/www.ecosolucionesquimicas.es\/wp-content\/uploads\/2024\/08\/LOGO-EQM-NUEVO-.png","contentUrl":"https:\/\/www.ecosolucionesquimicas.es\/wp-content\/uploads\/2024\/08\/LOGO-EQM-NUEVO-.png","width":1060,"height":456,"caption":"Ecosoluciones Qu\u00edmicas"},"image":{"@id":"https:\/\/www.ecosolucionesquimicas.es\/pt-pt\/#\/schema\/logo\/image\/"},"sameAs":["https:\/\/www.facebook.com\/ecosolucionesquimicasmadrid\/","https:\/\/www.instagram.com\/ecosolucionesquimicas\/"],"hasMerchantReturnPolicy":{"@type":"MerchantReturnPolicy","merchantReturnLink":"https:\/\/www.ecosolucionesquimicas.es\/refund_returns\/"}}]},"product_brand":"EQM","product_price_amount":"4.83","product_price_currency":"EUR","og_availability":"instock","product_availability":"instock","product_retailer_item_id":"ECO-221","product_condition":"new"},"_links":{"self":[{"href":"https:\/\/www.ecosolucionesquimicas.es\/pt-pt\/wp-json\/wp\/v2\/product\/10596","targetHints":{"allow":["GET"]}}],"collection":[{"href":"https:\/\/www.ecosolucionesquimicas.es\/pt-pt\/wp-json\/wp\/v2\/product"}],"about":[{"href":"https:\/\/www.ecosolucionesquimicas.es\/pt-pt\/wp-json\/wp\/v2\/types\/product"}],"wp:featuredmedia":[{"embeddable":true,"href":"https:\/\/www.ecosolucionesquimicas.es\/pt-pt\/wp-json\/wp\/v2\/media\/10600"}],"wp:attachment":[{"href":"https:\/\/www.ecosolucionesquimicas.es\/pt-pt\/wp-json\/wp\/v2\/media?parent=10596"}],"wp:term":[{"taxonomy":"product_brand","embeddable":true,"href":"https:\/\/www.ecosolucionesquimicas.es\/pt-pt\/wp-json\/wp\/v2\/product_brand?post=10596"},{"taxonomy":"product_cat","embeddable":true,"href":"https:\/\/www.ecosolucionesquimicas.es\/pt-pt\/wp-json\/wp\/v2\/product_cat?post=10596"},{"taxonomy":"product_tag","embeddable":true,"href":"https:\/\/www.ecosolucionesquimicas.es\/pt-pt\/wp-json\/wp\/v2\/product_tag?post=10596"}],"curies":[{"name":"wp","href":"https:\/\/api.w.org\/{rel}","templated":true}]}}