{"id":10591,"date":"2024-10-16T08:14:00","date_gmt":"2024-10-16T06:14:00","guid":{"rendered":"https:\/\/www.ecosolucionesquimicas.es\/producto\/pack-glicerina-vegetal-propilenoglicol\/"},"modified":"2025-12-10T13:48:46","modified_gmt":"2025-12-10T12:48:46","slug":"pack-glicerina-vegetal-propilenoglicol","status":"publish","type":"product","link":"https:\/\/www.ecosolucionesquimicas.es\/pt-pt\/producto\/pack-glicerina-vegetal-propilenoglicol\/","title":{"rendered":"Pack Glicerina Vegetal &#8211; Propilenoglicol"},"content":{"rendered":"<p><img fetchpriority=\"high\" decoding=\"async\" class=\"alignnone wp-image-4575\" src=\"https:\/\/www.ecosolucionesquimicas.es\/wp-content\/uploads\/2024\/10\/73d98280-7e6a-466b-b44b-5c4d39743403._SL5000_CR035850002616_-300x157.jpg\" alt=\"\" width=\"550\" height=\"288\" srcset=\"https:\/\/www.ecosolucionesquimicas.es\/wp-content\/uploads\/2024\/10\/73d98280-7e6a-466b-b44b-5c4d39743403._SL5000_CR035850002616_-300x157.jpg 300w, https:\/\/www.ecosolucionesquimicas.es\/wp-content\/uploads\/2024\/10\/73d98280-7e6a-466b-b44b-5c4d39743403._SL5000_CR035850002616_-1024x536.jpg 1024w, https:\/\/www.ecosolucionesquimicas.es\/wp-content\/uploads\/2024\/10\/73d98280-7e6a-466b-b44b-5c4d39743403._SL5000_CR035850002616_-768x402.jpg 768w, https:\/\/www.ecosolucionesquimicas.es\/wp-content\/uploads\/2024\/10\/73d98280-7e6a-466b-b44b-5c4d39743403._SL5000_CR035850002616_-1536x804.jpg 1536w, https:\/\/www.ecosolucionesquimicas.es\/wp-content\/uploads\/2024\/10\/73d98280-7e6a-466b-b44b-5c4d39743403._SL5000_CR035850002616_-2048x1072.jpg 2048w, https:\/\/www.ecosolucionesquimicas.es\/wp-content\/uploads\/2024\/10\/73d98280-7e6a-466b-b44b-5c4d39743403._SL5000_CR035850002616_-600x314.jpg 600w\" sizes=\"(max-width: 550px) 100vw, 550px\" \/><\/p>\n<p><strong>APLICA\u00c7\u00d5ES<\/strong><\/p>\n<p><strong>Glicerina vegetal:<\/strong><br \/>\n\u2714 <strong>Cosm\u00e9tica:<\/strong> Hidrata a pele e o cabelo em cremes e lo\u00e7\u00f5es.<br \/>\n\u2714<strong> Alimentos:<\/strong> Ado\u00e7ante e humidificante para manter a frescura.<\/p>\n<p><strong>Propilenoglicol:<\/strong><br \/>\n\u2714 <strong>Alimentos:<\/strong> Conservante e estabilizante em alimentos processados.<br \/>\n\u2714<strong> Vapeamento:<\/strong> Melhora o sabor e a sensa\u00e7\u00e3o em l\u00edquidos para vapeamento.<\/p>\n","protected":false},"excerpt":{"rendered":"<p><span class=\"a-list-item\">\u2705<strong> PROLIPROPILENGLICOL 99,8 %.<\/strong> \u00c9 utilizado como humidificante e tem um alto poder hidratante. O propilenoglicol \u00e9 uma subst\u00e2ncia extremamente vers\u00e1til, utilizada numa vasta gama de aplica\u00e7\u00f5es, al\u00e9m de ser respeitadora com o meio ambiente e biodegrad\u00e1vel. <\/span><\/p>\n<p><span class=\"a-list-item\">\u2705<strong> GLICERINA VEGETAL 99,5 %.<\/strong> Proveniente de \u00f3leos vegetais como o de coco ou o de soja. A glicerina vegetal absorve a humidade do ar, mantendo a pele e o cabelo nutridos e melhorando o seu aspeto e brilho. Ideal para peles sens\u00edveis gra\u00e7as \u00e0s suas propriedades hipoalerg\u00e9nicas.  <\/span><\/p>\n<p><span class=\"a-list-item\">\u2705 <strong>CUIDADO DE BORRACHAS E PL\u00c1STICOS.<\/strong> A glicerina \u00e9 um componente muito valorizado para o cuidado de borrachas e pl\u00e1sticos, especialmente em autom\u00f3veis, devido \u00e0s suas propriedades hidratantes e protetoras.<\/span><\/p>\n<p><span class=\"a-list-item\">\u2705 <strong>PACK DE GLICERINA E PROPILENOGLICOL.<\/strong> Oferece uma solu\u00e7\u00e3o vers\u00e1til para diversas aplica\u00e7\u00f5es, desde cosm\u00e9ticos at\u00e9 produtos de limpeza. Ambos os ingredientes, de alta pureza, atuam como humidificantes e solventes, melhorando a qualidade e efic\u00e1cia das suas formula\u00e7\u00f5es <\/span><\/p>\n<p><strong>\u2705 FORMATO DE 2 x 500 MILILITROS.<\/strong><\/p>\n<p><strong>\u26ab<\/strong><strong> Refer\u00eancia: ECO-905<\/strong><\/p>\n","protected":false},"featured_media":10595,"template":"","meta":[],"product_brand":[225],"product_cat":[252],"product_tag":[253,254],"class_list":{"0":"post-10591","1":"product","2":"type-product","3":"status-publish","4":"has-post-thumbnail","6":"product_brand-eqm","7":"product_cat-cuidado-pessoal","8":"product_tag-glicerina","9":"product_tag-propilenoglicol","11":"first","12":"instock","13":"sale","14":"taxable","15":"shipping-taxable","16":"purchasable","17":"product-type-simple"},"acf":[],"yoast_head":"<!-- This site is optimized with the Yoast SEO Premium plugin v27.1 (Yoast SEO v27.4) - https:\/\/yoast.com\/product\/yoast-seo-premium-wordpress\/ -->\n<title>Pack Glicerina Vegetal - Propilenoglicol - Ecosoluciones Qu\u00edmicas<\/title>\n<meta name=\"robots\" content=\"index, follow, max-snippet:-1, max-image-preview:large, max-video-preview:-1\" \/>\n<link rel=\"canonical\" href=\"https:\/\/www.ecosolucionesquimicas.es\/pt-pt\/producto\/pack-glicerina-vegetal-propilenoglicol\/\" \/>\n<meta property=\"og:locale\" content=\"pt_PT\" \/>\n<meta property=\"og:type\" content=\"article\" \/>\n<meta property=\"og:title\" content=\"Pack Glicerina Vegetal - Propilenoglicol\" \/>\n<meta property=\"og:description\" content=\"\u2705 PROLIPROPILENGLICOL 99,8 %. \u00c9 utilizado como humidificante e tem um alto poder hidratante. O propilenoglicol \u00e9 uma subst\u00e2ncia extremamente vers\u00e1til, utilizada numa vasta gama de aplica\u00e7\u00f5es, al\u00e9m de ser respeitadora com o meio ambiente e biodegrad\u00e1vel.  \u2705 GLICERINA VEGETAL 99,5 %. Proveniente de \u00f3leos vegetais como o de coco ou o de soja. A glicerina vegetal absorve a humidade do ar, mantendo a pele e o cabelo nutridos e melhorando o seu aspeto e brilho. Ideal para peles sens\u00edveis gra\u00e7as \u00e0s suas propriedades hipoalerg\u00e9nicas.  \u2705 CUIDADO DE BORRACHAS E PL\u00c1STICOS. A glicerina \u00e9 um componente muito valorizado para o cuidado de borrachas e pl\u00e1sticos, especialmente em autom\u00f3veis, devido \u00e0s suas propriedades hidratantes e protetoras. \u2705 PACK DE GLICERINA E PROPILENOGLICOL. Oferece uma solu\u00e7\u00e3o vers\u00e1til para diversas aplica\u00e7\u00f5es, desde cosm\u00e9ticos at\u00e9 produtos de limpeza. Ambos os ingredientes, de alta pureza, atuam como humidificantes e solventes, melhorando a qualidade e efic\u00e1cia das suas formula\u00e7\u00f5es  \u2705 FORMATO DE 2 x 500 MILILITROS. \u26ab Refer\u00eancia: ECO-905\" \/>\n<meta property=\"og:url\" content=\"https:\/\/www.ecosolucionesquimicas.es\/pt-pt\/producto\/pack-glicerina-vegetal-propilenoglicol\/\" \/>\n<meta property=\"og:site_name\" content=\"Ecosoluciones Qu\u00edmicas\" \/>\n<meta property=\"article:publisher\" content=\"https:\/\/www.facebook.com\/ecosolucionesquimicasmadrid\/\" \/>\n<meta property=\"article:modified_time\" content=\"2025-12-10T12:48:46+00:00\" \/>\n<meta property=\"og:image\" content=\"https:\/\/www.ecosolucionesquimicas.es\/wp-content\/uploads\/2024\/10\/73d98280-7e6a-466b-b44b-5c4d39743403._SL5000_CR035850002616_-300x157.jpg\" \/>\n<meta name=\"twitter:card\" content=\"summary_large_image\" \/>\n<meta name=\"twitter:label1\" content=\"pre\u00e7o\" \/>\n\t<meta name=\"twitter:data1\" content=\"9,67&nbsp;&euro; IVA inc.\" \/>\n\t<meta name=\"twitter:label2\" content=\"Disponibilidade\" \/>\n\t<meta name=\"twitter:data2\" content=\"Em stock\" \/>\n<script type=\"application\/ld+json\" class=\"yoast-schema-graph\">{\"@context\":\"https:\\\/\\\/schema.org\",\"@graph\":[{\"@type\":\"WebPage\",\"@id\":\"https:\\\/\\\/www.ecosolucionesquimicas.es\\\/pt-pt\\\/producto\\\/pack-glicerina-vegetal-propilenoglicol\\\/\",\"url\":\"https:\\\/\\\/www.ecosolucionesquimicas.es\\\/pt-pt\\\/producto\\\/pack-glicerina-vegetal-propilenoglicol\\\/\",\"name\":\"Pack Glicerina Vegetal - Propilenoglicol - Ecosoluciones Qu\u00edmicas\",\"isPartOf\":{\"@id\":\"https:\\\/\\\/www.ecosolucionesquimicas.es\\\/pt-pt\\\/#website\"},\"primaryImageOfPage\":{\"@id\":\"https:\\\/\\\/www.ecosolucionesquimicas.es\\\/pt-pt\\\/producto\\\/pack-glicerina-vegetal-propilenoglicol\\\/#primaryimage\"},\"image\":{\"@id\":\"https:\\\/\\\/www.ecosolucionesquimicas.es\\\/pt-pt\\\/producto\\\/pack-glicerina-vegetal-propilenoglicol\\\/#primaryimage\"},\"thumbnailUrl\":\"https:\\\/\\\/www.ecosolucionesquimicas.es\\\/wp-content\\\/uploads\\\/2024\\\/10\\\/ECO-905-PACK-scaled.jpg\",\"datePublished\":\"2024-10-16T06:14:00+00:00\",\"dateModified\":\"2025-12-10T12:48:46+00:00\",\"breadcrumb\":{\"@id\":\"https:\\\/\\\/www.ecosolucionesquimicas.es\\\/pt-pt\\\/producto\\\/pack-glicerina-vegetal-propilenoglicol\\\/#breadcrumb\"},\"inLanguage\":\"pt-PT\",\"potentialAction\":[{\"@type\":\"ReadAction\",\"target\":[\"https:\\\/\\\/www.ecosolucionesquimicas.es\\\/pt-pt\\\/producto\\\/pack-glicerina-vegetal-propilenoglicol\\\/\"]}]},{\"@type\":\"ImageObject\",\"inLanguage\":\"pt-PT\",\"@id\":\"https:\\\/\\\/www.ecosolucionesquimicas.es\\\/pt-pt\\\/producto\\\/pack-glicerina-vegetal-propilenoglicol\\\/#primaryimage\",\"url\":\"https:\\\/\\\/www.ecosolucionesquimicas.es\\\/wp-content\\\/uploads\\\/2024\\\/10\\\/ECO-905-PACK-scaled.jpg\",\"contentUrl\":\"https:\\\/\\\/www.ecosolucionesquimicas.es\\\/wp-content\\\/uploads\\\/2024\\\/10\\\/ECO-905-PACK-scaled.jpg\",\"width\":2350,\"height\":2560},{\"@type\":\"BreadcrumbList\",\"@id\":\"https:\\\/\\\/www.ecosolucionesquimicas.es\\\/pt-pt\\\/producto\\\/pack-glicerina-vegetal-propilenoglicol\\\/#breadcrumb\",\"itemListElement\":[{\"@type\":\"ListItem\",\"position\":1,\"name\":\"Portada\",\"item\":\"https:\\\/\\\/www.ecosolucionesquimicas.es\\\/pt-pt\\\/home\\\/\"},{\"@type\":\"ListItem\",\"position\":2,\"name\":\"Pack Glicerina Vegetal &#8211; Propilenoglicol\"}]},{\"@type\":\"WebSite\",\"@id\":\"https:\\\/\\\/www.ecosolucionesquimicas.es\\\/pt-pt\\\/#website\",\"url\":\"https:\\\/\\\/www.ecosolucionesquimicas.es\\\/pt-pt\\\/\",\"name\":\"Ecosoluciones Qu\u00edmicas\",\"description\":\"Compre produtos de limpeza e qu\u00edmicos, de fabrica\u00e7\u00e3o pr\u00f3pria, online.\",\"publisher\":{\"@id\":\"https:\\\/\\\/www.ecosolucionesquimicas.es\\\/pt-pt\\\/#organization\"},\"alternateName\":\"EQM\",\"potentialAction\":[{\"@type\":\"SearchAction\",\"target\":{\"@type\":\"EntryPoint\",\"urlTemplate\":\"https:\\\/\\\/www.ecosolucionesquimicas.es\\\/pt-pt\\\/?s={search_term_string}\"},\"query-input\":{\"@type\":\"PropertyValueSpecification\",\"valueRequired\":true,\"valueName\":\"search_term_string\"}}],\"inLanguage\":\"pt-PT\"},{\"@type\":\"Organization\",\"@id\":\"https:\\\/\\\/www.ecosolucionesquimicas.es\\\/pt-pt\\\/#organization\",\"name\":\"Ecosoluciones Qu\u00edmicas\",\"url\":\"https:\\\/\\\/www.ecosolucionesquimicas.es\\\/pt-pt\\\/\",\"logo\":{\"@type\":\"ImageObject\",\"inLanguage\":\"pt-PT\",\"@id\":\"https:\\\/\\\/www.ecosolucionesquimicas.es\\\/pt-pt\\\/#\\\/schema\\\/logo\\\/image\\\/\",\"url\":\"https:\\\/\\\/www.ecosolucionesquimicas.es\\\/wp-content\\\/uploads\\\/2024\\\/08\\\/LOGO-EQM-NUEVO-.png\",\"contentUrl\":\"https:\\\/\\\/www.ecosolucionesquimicas.es\\\/wp-content\\\/uploads\\\/2024\\\/08\\\/LOGO-EQM-NUEVO-.png\",\"width\":1060,\"height\":456,\"caption\":\"Ecosoluciones Qu\u00edmicas\"},\"image\":{\"@id\":\"https:\\\/\\\/www.ecosolucionesquimicas.es\\\/pt-pt\\\/#\\\/schema\\\/logo\\\/image\\\/\"},\"sameAs\":[\"https:\\\/\\\/www.facebook.com\\\/ecosolucionesquimicasmadrid\\\/\",\"https:\\\/\\\/www.instagram.com\\\/ecosolucionesquimicas\\\/\"],\"hasMerchantReturnPolicy\":{\"@type\":\"MerchantReturnPolicy\",\"merchantReturnLink\":\"https:\\\/\\\/www.ecosolucionesquimicas.es\\\/refund_returns\\\/\"}}]}<\/script>\n<meta property=\"product:brand\" content=\"EQM\" \/>\n<meta property=\"product:price:amount\" content=\"9.67\" \/>\n<meta property=\"product:price:currency\" content=\"EUR\" \/>\n<meta property=\"og:availability\" content=\"instock\" \/>\n<meta property=\"product:availability\" content=\"instock\" \/>\n<meta property=\"product:retailer_item_id\" content=\"ECO-905\" \/>\n<meta property=\"product:condition\" content=\"new\" \/>\n<!-- \/ Yoast SEO Premium plugin. -->","yoast_head_json":{"title":"Pack Glicerina Vegetal - Propilenoglicol - Ecosoluciones Qu\u00edmicas","robots":{"index":"index","follow":"follow","max-snippet":"max-snippet:-1","max-image-preview":"max-image-preview:large","max-video-preview":"max-video-preview:-1"},"canonical":"https:\/\/www.ecosolucionesquimicas.es\/pt-pt\/producto\/pack-glicerina-vegetal-propilenoglicol\/","og_locale":"pt_PT","og_type":"article","og_title":"Pack Glicerina Vegetal - Propilenoglicol","og_description":"\u2705 PROLIPROPILENGLICOL 99,8 %. \u00c9 utilizado como humidificante e tem um alto poder hidratante. O propilenoglicol \u00e9 uma subst\u00e2ncia extremamente vers\u00e1til, utilizada numa vasta gama de aplica\u00e7\u00f5es, al\u00e9m de ser respeitadora com o meio ambiente e biodegrad\u00e1vel.  \u2705 GLICERINA VEGETAL 99,5 %. Proveniente de \u00f3leos vegetais como o de coco ou o de soja. A glicerina vegetal absorve a humidade do ar, mantendo a pele e o cabelo nutridos e melhorando o seu aspeto e brilho. Ideal para peles sens\u00edveis gra\u00e7as \u00e0s suas propriedades hipoalerg\u00e9nicas.  \u2705 CUIDADO DE BORRACHAS E PL\u00c1STICOS. A glicerina \u00e9 um componente muito valorizado para o cuidado de borrachas e pl\u00e1sticos, especialmente em autom\u00f3veis, devido \u00e0s suas propriedades hidratantes e protetoras. \u2705 PACK DE GLICERINA E PROPILENOGLICOL. Oferece uma solu\u00e7\u00e3o vers\u00e1til para diversas aplica\u00e7\u00f5es, desde cosm\u00e9ticos at\u00e9 produtos de limpeza. Ambos os ingredientes, de alta pureza, atuam como humidificantes e solventes, melhorando a qualidade e efic\u00e1cia das suas formula\u00e7\u00f5es  \u2705 FORMATO DE 2 x 500 MILILITROS. \u26ab Refer\u00eancia: ECO-905","og_url":"https:\/\/www.ecosolucionesquimicas.es\/pt-pt\/producto\/pack-glicerina-vegetal-propilenoglicol\/","og_site_name":"Ecosoluciones Qu\u00edmicas","article_publisher":"https:\/\/www.facebook.com\/ecosolucionesquimicasmadrid\/","article_modified_time":"2025-12-10T12:48:46+00:00","og_image":[{"url":"https:\/\/www.ecosolucionesquimicas.es\/wp-content\/uploads\/2024\/10\/73d98280-7e6a-466b-b44b-5c4d39743403._SL5000_CR035850002616_-300x157.jpg","type":"","width":"","height":""}],"twitter_card":"summary_large_image","twitter_misc":{"pre\u00e7o":"9,67&nbsp;&euro; IVA inc.","Disponibilidade":"Em stock"},"schema":{"@context":"https:\/\/schema.org","@graph":[{"@type":"WebPage","@id":"https:\/\/www.ecosolucionesquimicas.es\/pt-pt\/producto\/pack-glicerina-vegetal-propilenoglicol\/","url":"https:\/\/www.ecosolucionesquimicas.es\/pt-pt\/producto\/pack-glicerina-vegetal-propilenoglicol\/","name":"Pack Glicerina Vegetal - Propilenoglicol - Ecosoluciones Qu\u00edmicas","isPartOf":{"@id":"https:\/\/www.ecosolucionesquimicas.es\/pt-pt\/#website"},"primaryImageOfPage":{"@id":"https:\/\/www.ecosolucionesquimicas.es\/pt-pt\/producto\/pack-glicerina-vegetal-propilenoglicol\/#primaryimage"},"image":{"@id":"https:\/\/www.ecosolucionesquimicas.es\/pt-pt\/producto\/pack-glicerina-vegetal-propilenoglicol\/#primaryimage"},"thumbnailUrl":"https:\/\/www.ecosolucionesquimicas.es\/wp-content\/uploads\/2024\/10\/ECO-905-PACK-scaled.jpg","datePublished":"2024-10-16T06:14:00+00:00","dateModified":"2025-12-10T12:48:46+00:00","breadcrumb":{"@id":"https:\/\/www.ecosolucionesquimicas.es\/pt-pt\/producto\/pack-glicerina-vegetal-propilenoglicol\/#breadcrumb"},"inLanguage":"pt-PT","potentialAction":[{"@type":"ReadAction","target":["https:\/\/www.ecosolucionesquimicas.es\/pt-pt\/producto\/pack-glicerina-vegetal-propilenoglicol\/"]}]},{"@type":"ImageObject","inLanguage":"pt-PT","@id":"https:\/\/www.ecosolucionesquimicas.es\/pt-pt\/producto\/pack-glicerina-vegetal-propilenoglicol\/#primaryimage","url":"https:\/\/www.ecosolucionesquimicas.es\/wp-content\/uploads\/2024\/10\/ECO-905-PACK-scaled.jpg","contentUrl":"https:\/\/www.ecosolucionesquimicas.es\/wp-content\/uploads\/2024\/10\/ECO-905-PACK-scaled.jpg","width":2350,"height":2560},{"@type":"BreadcrumbList","@id":"https:\/\/www.ecosolucionesquimicas.es\/pt-pt\/producto\/pack-glicerina-vegetal-propilenoglicol\/#breadcrumb","itemListElement":[{"@type":"ListItem","position":1,"name":"Portada","item":"https:\/\/www.ecosolucionesquimicas.es\/pt-pt\/home\/"},{"@type":"ListItem","position":2,"name":"Pack Glicerina Vegetal &#8211; Propilenoglicol"}]},{"@type":"WebSite","@id":"https:\/\/www.ecosolucionesquimicas.es\/pt-pt\/#website","url":"https:\/\/www.ecosolucionesquimicas.es\/pt-pt\/","name":"Ecosoluciones Qu\u00edmicas","description":"Compre produtos de limpeza e qu\u00edmicos, de fabrica\u00e7\u00e3o pr\u00f3pria, online.","publisher":{"@id":"https:\/\/www.ecosolucionesquimicas.es\/pt-pt\/#organization"},"alternateName":"EQM","potentialAction":[{"@type":"SearchAction","target":{"@type":"EntryPoint","urlTemplate":"https:\/\/www.ecosolucionesquimicas.es\/pt-pt\/?s={search_term_string}"},"query-input":{"@type":"PropertyValueSpecification","valueRequired":true,"valueName":"search_term_string"}}],"inLanguage":"pt-PT"},{"@type":"Organization","@id":"https:\/\/www.ecosolucionesquimicas.es\/pt-pt\/#organization","name":"Ecosoluciones Qu\u00edmicas","url":"https:\/\/www.ecosolucionesquimicas.es\/pt-pt\/","logo":{"@type":"ImageObject","inLanguage":"pt-PT","@id":"https:\/\/www.ecosolucionesquimicas.es\/pt-pt\/#\/schema\/logo\/image\/","url":"https:\/\/www.ecosolucionesquimicas.es\/wp-content\/uploads\/2024\/08\/LOGO-EQM-NUEVO-.png","contentUrl":"https:\/\/www.ecosolucionesquimicas.es\/wp-content\/uploads\/2024\/08\/LOGO-EQM-NUEVO-.png","width":1060,"height":456,"caption":"Ecosoluciones Qu\u00edmicas"},"image":{"@id":"https:\/\/www.ecosolucionesquimicas.es\/pt-pt\/#\/schema\/logo\/image\/"},"sameAs":["https:\/\/www.facebook.com\/ecosolucionesquimicasmadrid\/","https:\/\/www.instagram.com\/ecosolucionesquimicas\/"],"hasMerchantReturnPolicy":{"@type":"MerchantReturnPolicy","merchantReturnLink":"https:\/\/www.ecosolucionesquimicas.es\/refund_returns\/"}}]},"product_brand":"EQM","product_price_amount":"9.67","product_price_currency":"EUR","og_availability":"instock","product_availability":"instock","product_retailer_item_id":"ECO-905","product_condition":"new"},"_links":{"self":[{"href":"https:\/\/www.ecosolucionesquimicas.es\/pt-pt\/wp-json\/wp\/v2\/product\/10591","targetHints":{"allow":["GET"]}}],"collection":[{"href":"https:\/\/www.ecosolucionesquimicas.es\/pt-pt\/wp-json\/wp\/v2\/product"}],"about":[{"href":"https:\/\/www.ecosolucionesquimicas.es\/pt-pt\/wp-json\/wp\/v2\/types\/product"}],"wp:featuredmedia":[{"embeddable":true,"href":"https:\/\/www.ecosolucionesquimicas.es\/pt-pt\/wp-json\/wp\/v2\/media\/10595"}],"wp:attachment":[{"href":"https:\/\/www.ecosolucionesquimicas.es\/pt-pt\/wp-json\/wp\/v2\/media?parent=10591"}],"wp:term":[{"taxonomy":"product_brand","embeddable":true,"href":"https:\/\/www.ecosolucionesquimicas.es\/pt-pt\/wp-json\/wp\/v2\/product_brand?post=10591"},{"taxonomy":"product_cat","embeddable":true,"href":"https:\/\/www.ecosolucionesquimicas.es\/pt-pt\/wp-json\/wp\/v2\/product_cat?post=10591"},{"taxonomy":"product_tag","embeddable":true,"href":"https:\/\/www.ecosolucionesquimicas.es\/pt-pt\/wp-json\/wp\/v2\/product_tag?post=10591"}],"curies":[{"name":"wp","href":"https:\/\/api.w.org\/{rel}","templated":true}]}}