{"id":10580,"date":"2025-01-30T11:40:34","date_gmt":"2025-01-30T10:40:34","guid":{"rendered":"https:\/\/www.ecosolucionesquimicas.es\/producto\/d-limoneno\/"},"modified":"2025-11-14T19:37:10","modified_gmt":"2025-11-14T18:37:10","slug":"d-limoneno","status":"publish","type":"product","link":"https:\/\/www.ecosolucionesquimicas.es\/pt-pt\/producto\/d-limoneno\/","title":{"rendered":"D-Limoneno"},"content":{"rendered":"<p><img fetchpriority=\"high\" decoding=\"async\" class=\"alignnone wp-image-5785\" src=\"https:\/\/www.ecosolucionesquimicas.es\/wp-content\/uploads\/2025\/01\/cofrutco-d-limonade-sustituto-natural-2-300x225.jpeg\" alt=\"\" width=\"550\" height=\"413\" srcset=\"https:\/\/www.ecosolucionesquimicas.es\/wp-content\/uploads\/2025\/01\/cofrutco-d-limonade-sustituto-natural-2-300x225.jpeg 300w, https:\/\/www.ecosolucionesquimicas.es\/wp-content\/uploads\/2025\/01\/cofrutco-d-limonade-sustituto-natural-2-768x576.jpeg 768w, https:\/\/www.ecosolucionesquimicas.es\/wp-content\/uploads\/2025\/01\/cofrutco-d-limonade-sustituto-natural-2-600x450.jpeg 600w, https:\/\/www.ecosolucionesquimicas.es\/wp-content\/uploads\/2025\/01\/cofrutco-d-limonade-sustituto-natural-2.jpeg 1024w\" sizes=\"(max-width: 550px) 100vw, 550px\" \/><\/p>\n<p><strong>APLICA\u00c7\u00d5ES<\/strong><\/p>\n<p>\u2714 <strong>Desengordurante e produto de limpeza<\/strong>: Usado em produtos de limpeza, especialmente para eliminar gorduras e \u00f3leos.<br \/>\n\u2714<strong> Aromatizante<\/strong>: Utilizado em perfumes e produtos aromatizantes pela sua fragr\u00e2ncia c\u00edtrica.<br \/>\n\u2714<strong> Dissolvente<\/strong>: Na ind\u00fastria como dissolvente para tintas, pigmentos e adesivos.<br \/>\n\u2714 <strong>Antioxidante<\/strong>: Usado em cosm\u00e9ticos e alimentos para prevenir a oxida\u00e7\u00e3o.<br \/>\n\u2714<strong> Repelente de insetos<\/strong>: Utilizado em produtos naturais para afastar insetos.<br \/>\n\u2714<strong> Na ind\u00fastria alimentar<\/strong>: Como aditivo e aromatizante natural.<br \/>\n\u2714<strong> Na ind\u00fastria farmac\u00eautica<\/strong>: Em alguns medicamentos e suplementos.<\/p>\n","protected":false},"excerpt":{"rendered":"<div class=\"flex max-w-full flex-col flex-grow\">\n<div class=\"min-h-8 text-message flex w-full flex-col items-end gap-2 whitespace-normal break-words text-start [.text-message+&amp;]:mt-5\" dir=\"auto\" data-message-author-role=\"assistant\" data-message-id=\"f537f9d4-331c-4ebe-8c78-1621ae7b15b4\" data-message-model-slug=\"gpt-4o-mini\">\n<div class=\"flex w-full flex-col gap-1 empty:hidden first:pt-[3px]\">\n<div class=\"markdown prose w-full break-words dark:prose-invert light\">\n<p>\u2705 <strong>DISSOLVENTE NATURAL E BIODEGRAD\u00c1VEL.<\/strong> O D-limoneno \u00e9 um dissolvente natural e biodegrad\u00e1vel extra\u00eddo do \u00f3leo de cascas de citrinos, como laranjas e lim\u00f5es. Com a sua textura oleosa e aroma c\u00edtrico, \u00e9 uma op\u00e7\u00e3o ecol\u00f3gica e eficiente para diversas aplica\u00e7\u00f5es industriais.<\/p>\n<p>\u2705 <strong>M\u00daLTIPLOS USOS.<\/strong> ECO-807 n\u00e3o \u00e9 apenas um dissolvente industrial, mas tamb\u00e9m ideal para limpeza multiusos, desengordurante, elimina\u00e7\u00e3o de maus odores e inseticida natural, sendo uma solu\u00e7\u00e3o completa para o lar e a ind\u00fastria.<\/p>\n<p>\u2705 <strong>AMIGO DO AMBIENTE.<\/strong> Por ser biodegrad\u00e1vel, o D-limoneno decomp\u00f5e-se sem danificar o ambiente, o que o torna uma op\u00e7\u00e3o sustent\u00e1vel cada vez mais procurada por pessoas e empresas que procuram alternativas ecol\u00f3gicas.<\/p>\n<p>\u2705 <strong>PROPRIEDADES AROM\u00c1TICAS NATURAIS.<\/strong> Al\u00e9m das suas propriedades como dissolvente, o D-limoneno \u00e9 apreciado pela sua fragr\u00e2ncia c\u00edtrica, ideal para ambientadores ou produtos de cuidado pessoal e limpeza.<\/p>\n<p>\u2705 <strong> Pode solicitar um or\u00e7amento em <a href=\"https:\/\/www.ecosolucionesquimicas.es\/solicita-presupuesto\/\">Solicite o seu or\u00e7amento<\/a>.<\/strong><\/p>\n<p><strong>\u26ab<\/strong><strong> Refer\u00eancia: ECO-807<\/strong><\/p>\n<\/div>\n<\/div>\n<\/div>\n<\/div>\n","protected":false},"featured_media":10581,"template":"","meta":[],"product_brand":[225],"product_cat":[251],"product_tag":[],"class_list":{"0":"post-10580","1":"product","2":"type-product","3":"status-publish","4":"has-post-thumbnail","6":"product_brand-eqm","7":"product_cat-quimicos","9":"first","10":"instock","11":"taxable","12":"shipping-taxable","13":"purchasable","14":"product-type-simple"},"acf":[],"yoast_head":"<!-- This site is optimized with the Yoast SEO Premium plugin v27.1 (Yoast SEO v27.4) - https:\/\/yoast.com\/product\/yoast-seo-premium-wordpress\/ -->\n<title>D-Limoneno - Ecosoluciones Qu\u00edmicas<\/title>\n<meta name=\"robots\" content=\"index, follow, max-snippet:-1, max-image-preview:large, max-video-preview:-1\" \/>\n<link rel=\"canonical\" href=\"https:\/\/www.ecosolucionesquimicas.es\/pt-pt\/producto\/d-limoneno\/\" \/>\n<meta property=\"og:locale\" content=\"pt_PT\" \/>\n<meta property=\"og:type\" content=\"article\" \/>\n<meta property=\"og:title\" content=\"D-Limoneno\" \/>\n<meta property=\"og:description\" content=\"\u2705 DISSOLVENTE NATURAL E BIODEGRAD\u00c1VEL. O D-limoneno \u00e9 um dissolvente natural e biodegrad\u00e1vel extra\u00eddo do \u00f3leo de cascas de citrinos, como laranjas e lim\u00f5es. Com a sua textura oleosa e aroma c\u00edtrico, \u00e9 uma op\u00e7\u00e3o ecol\u00f3gica e eficiente para diversas aplica\u00e7\u00f5es industriais. \u2705 M\u00daLTIPLOS USOS. ECO-807 n\u00e3o \u00e9 apenas um dissolvente industrial, mas tamb\u00e9m ideal para limpeza multiusos, desengordurante, elimina\u00e7\u00e3o de maus odores e inseticida natural, sendo uma solu\u00e7\u00e3o completa para o lar e a ind\u00fastria. \u2705 AMIGO DO AMBIENTE. Por ser biodegrad\u00e1vel, o D-limoneno decomp\u00f5e-se sem danificar o ambiente, o que o torna uma op\u00e7\u00e3o sustent\u00e1vel cada vez mais procurada por pessoas e empresas que procuram alternativas ecol\u00f3gicas. \u2705 PROPRIEDADES AROM\u00c1TICAS NATURAIS. Al\u00e9m das suas propriedades como dissolvente, o D-limoneno \u00e9 apreciado pela sua fragr\u00e2ncia c\u00edtrica, ideal para ambientadores ou produtos de cuidado pessoal e limpeza. \u2705 Pode solicitar um or\u00e7amento em Solicite o seu or\u00e7amento. \u26ab Refer\u00eancia: ECO-807\" \/>\n<meta property=\"og:url\" content=\"https:\/\/www.ecosolucionesquimicas.es\/pt-pt\/producto\/d-limoneno\/\" \/>\n<meta property=\"og:site_name\" content=\"Ecosoluciones Qu\u00edmicas\" \/>\n<meta property=\"article:publisher\" content=\"https:\/\/www.facebook.com\/ecosolucionesquimicasmadrid\/\" \/>\n<meta property=\"article:modified_time\" content=\"2025-11-14T18:37:10+00:00\" \/>\n<meta property=\"og:image\" content=\"https:\/\/www.ecosolucionesquimicas.es\/wp-content\/uploads\/2025\/01\/B09H5RJ26L.MAIN_.jpg\" \/>\n\t<meta property=\"og:image:width\" content=\"1500\" \/>\n\t<meta property=\"og:image:height\" content=\"1532\" \/>\n\t<meta property=\"og:image:type\" content=\"image\/jpeg\" \/>\n<meta name=\"twitter:card\" content=\"summary_large_image\" \/>\n<meta name=\"twitter:label1\" content=\"pre\u00e7o\" \/>\n\t<meta name=\"twitter:data1\" content=\"34,99&nbsp;&euro; IVA inc.\" \/>\n\t<meta name=\"twitter:label2\" content=\"Disponibilidade\" \/>\n\t<meta name=\"twitter:data2\" content=\"Em stock\" \/>\n<script type=\"application\/ld+json\" class=\"yoast-schema-graph\">{\"@context\":\"https:\\\/\\\/schema.org\",\"@graph\":[{\"@type\":\"WebPage\",\"@id\":\"https:\\\/\\\/www.ecosolucionesquimicas.es\\\/pt-pt\\\/producto\\\/d-limoneno\\\/\",\"url\":\"https:\\\/\\\/www.ecosolucionesquimicas.es\\\/pt-pt\\\/producto\\\/d-limoneno\\\/\",\"name\":\"D-Limoneno - Ecosoluciones Qu\u00edmicas\",\"isPartOf\":{\"@id\":\"https:\\\/\\\/www.ecosolucionesquimicas.es\\\/pt-pt\\\/#website\"},\"primaryImageOfPage\":{\"@id\":\"https:\\\/\\\/www.ecosolucionesquimicas.es\\\/pt-pt\\\/producto\\\/d-limoneno\\\/#primaryimage\"},\"image\":{\"@id\":\"https:\\\/\\\/www.ecosolucionesquimicas.es\\\/pt-pt\\\/producto\\\/d-limoneno\\\/#primaryimage\"},\"thumbnailUrl\":\"https:\\\/\\\/www.ecosolucionesquimicas.es\\\/wp-content\\\/uploads\\\/2025\\\/01\\\/B09H5RJ26L.MAIN_.jpg\",\"datePublished\":\"2025-01-30T10:40:34+00:00\",\"dateModified\":\"2025-11-14T18:37:10+00:00\",\"breadcrumb\":{\"@id\":\"https:\\\/\\\/www.ecosolucionesquimicas.es\\\/pt-pt\\\/producto\\\/d-limoneno\\\/#breadcrumb\"},\"inLanguage\":\"pt-PT\",\"potentialAction\":[{\"@type\":\"ReadAction\",\"target\":[\"https:\\\/\\\/www.ecosolucionesquimicas.es\\\/pt-pt\\\/producto\\\/d-limoneno\\\/\"]}]},{\"@type\":\"ImageObject\",\"inLanguage\":\"pt-PT\",\"@id\":\"https:\\\/\\\/www.ecosolucionesquimicas.es\\\/pt-pt\\\/producto\\\/d-limoneno\\\/#primaryimage\",\"url\":\"https:\\\/\\\/www.ecosolucionesquimicas.es\\\/wp-content\\\/uploads\\\/2025\\\/01\\\/B09H5RJ26L.MAIN_.jpg\",\"contentUrl\":\"https:\\\/\\\/www.ecosolucionesquimicas.es\\\/wp-content\\\/uploads\\\/2025\\\/01\\\/B09H5RJ26L.MAIN_.jpg\",\"width\":1500,\"height\":1532},{\"@type\":\"BreadcrumbList\",\"@id\":\"https:\\\/\\\/www.ecosolucionesquimicas.es\\\/pt-pt\\\/producto\\\/d-limoneno\\\/#breadcrumb\",\"itemListElement\":[{\"@type\":\"ListItem\",\"position\":1,\"name\":\"Portada\",\"item\":\"https:\\\/\\\/www.ecosolucionesquimicas.es\\\/pt-pt\\\/home\\\/\"},{\"@type\":\"ListItem\",\"position\":2,\"name\":\"D-Limoneno\"}]},{\"@type\":\"WebSite\",\"@id\":\"https:\\\/\\\/www.ecosolucionesquimicas.es\\\/pt-pt\\\/#website\",\"url\":\"https:\\\/\\\/www.ecosolucionesquimicas.es\\\/pt-pt\\\/\",\"name\":\"Ecosoluciones Qu\u00edmicas\",\"description\":\"Compre produtos de limpeza e qu\u00edmicos, de fabrica\u00e7\u00e3o pr\u00f3pria, online.\",\"publisher\":{\"@id\":\"https:\\\/\\\/www.ecosolucionesquimicas.es\\\/pt-pt\\\/#organization\"},\"alternateName\":\"EQM\",\"potentialAction\":[{\"@type\":\"SearchAction\",\"target\":{\"@type\":\"EntryPoint\",\"urlTemplate\":\"https:\\\/\\\/www.ecosolucionesquimicas.es\\\/pt-pt\\\/?s={search_term_string}\"},\"query-input\":{\"@type\":\"PropertyValueSpecification\",\"valueRequired\":true,\"valueName\":\"search_term_string\"}}],\"inLanguage\":\"pt-PT\"},{\"@type\":\"Organization\",\"@id\":\"https:\\\/\\\/www.ecosolucionesquimicas.es\\\/pt-pt\\\/#organization\",\"name\":\"Ecosoluciones Qu\u00edmicas\",\"url\":\"https:\\\/\\\/www.ecosolucionesquimicas.es\\\/pt-pt\\\/\",\"logo\":{\"@type\":\"ImageObject\",\"inLanguage\":\"pt-PT\",\"@id\":\"https:\\\/\\\/www.ecosolucionesquimicas.es\\\/pt-pt\\\/#\\\/schema\\\/logo\\\/image\\\/\",\"url\":\"https:\\\/\\\/www.ecosolucionesquimicas.es\\\/wp-content\\\/uploads\\\/2024\\\/08\\\/LOGO-EQM-NUEVO-.png\",\"contentUrl\":\"https:\\\/\\\/www.ecosolucionesquimicas.es\\\/wp-content\\\/uploads\\\/2024\\\/08\\\/LOGO-EQM-NUEVO-.png\",\"width\":1060,\"height\":456,\"caption\":\"Ecosoluciones Qu\u00edmicas\"},\"image\":{\"@id\":\"https:\\\/\\\/www.ecosolucionesquimicas.es\\\/pt-pt\\\/#\\\/schema\\\/logo\\\/image\\\/\"},\"sameAs\":[\"https:\\\/\\\/www.facebook.com\\\/ecosolucionesquimicasmadrid\\\/\",\"https:\\\/\\\/www.instagram.com\\\/ecosolucionesquimicas\\\/\"],\"hasMerchantReturnPolicy\":{\"@type\":\"MerchantReturnPolicy\",\"merchantReturnLink\":\"https:\\\/\\\/www.ecosolucionesquimicas.es\\\/refund_returns\\\/\"}}]}<\/script>\n<meta property=\"product:brand\" content=\"EQM\" \/>\n<meta property=\"product:price:amount\" content=\"34.99\" \/>\n<meta property=\"product:price:currency\" content=\"EUR\" \/>\n<meta property=\"og:availability\" content=\"instock\" \/>\n<meta property=\"product:availability\" content=\"instock\" \/>\n<meta property=\"product:retailer_item_id\" content=\"ECO-807\" \/>\n<meta property=\"product:condition\" content=\"new\" \/>\n<!-- \/ Yoast SEO Premium plugin. -->","yoast_head_json":{"title":"D-Limoneno - Ecosoluciones Qu\u00edmicas","robots":{"index":"index","follow":"follow","max-snippet":"max-snippet:-1","max-image-preview":"max-image-preview:large","max-video-preview":"max-video-preview:-1"},"canonical":"https:\/\/www.ecosolucionesquimicas.es\/pt-pt\/producto\/d-limoneno\/","og_locale":"pt_PT","og_type":"article","og_title":"D-Limoneno","og_description":"\u2705 DISSOLVENTE NATURAL E BIODEGRAD\u00c1VEL. O D-limoneno \u00e9 um dissolvente natural e biodegrad\u00e1vel extra\u00eddo do \u00f3leo de cascas de citrinos, como laranjas e lim\u00f5es. Com a sua textura oleosa e aroma c\u00edtrico, \u00e9 uma op\u00e7\u00e3o ecol\u00f3gica e eficiente para diversas aplica\u00e7\u00f5es industriais. \u2705 M\u00daLTIPLOS USOS. ECO-807 n\u00e3o \u00e9 apenas um dissolvente industrial, mas tamb\u00e9m ideal para limpeza multiusos, desengordurante, elimina\u00e7\u00e3o de maus odores e inseticida natural, sendo uma solu\u00e7\u00e3o completa para o lar e a ind\u00fastria. \u2705 AMIGO DO AMBIENTE. Por ser biodegrad\u00e1vel, o D-limoneno decomp\u00f5e-se sem danificar o ambiente, o que o torna uma op\u00e7\u00e3o sustent\u00e1vel cada vez mais procurada por pessoas e empresas que procuram alternativas ecol\u00f3gicas. \u2705 PROPRIEDADES AROM\u00c1TICAS NATURAIS. Al\u00e9m das suas propriedades como dissolvente, o D-limoneno \u00e9 apreciado pela sua fragr\u00e2ncia c\u00edtrica, ideal para ambientadores ou produtos de cuidado pessoal e limpeza. \u2705 Pode solicitar um or\u00e7amento em Solicite o seu or\u00e7amento. \u26ab Refer\u00eancia: ECO-807","og_url":"https:\/\/www.ecosolucionesquimicas.es\/pt-pt\/producto\/d-limoneno\/","og_site_name":"Ecosoluciones Qu\u00edmicas","article_publisher":"https:\/\/www.facebook.com\/ecosolucionesquimicasmadrid\/","article_modified_time":"2025-11-14T18:37:10+00:00","og_image":[{"width":1500,"height":1532,"url":"https:\/\/www.ecosolucionesquimicas.es\/wp-content\/uploads\/2025\/01\/B09H5RJ26L.MAIN_.jpg","type":"image\/jpeg"}],"twitter_card":"summary_large_image","twitter_misc":{"pre\u00e7o":"34,99&nbsp;&euro; IVA inc.","Disponibilidade":"Em stock"},"schema":{"@context":"https:\/\/schema.org","@graph":[{"@type":"WebPage","@id":"https:\/\/www.ecosolucionesquimicas.es\/pt-pt\/producto\/d-limoneno\/","url":"https:\/\/www.ecosolucionesquimicas.es\/pt-pt\/producto\/d-limoneno\/","name":"D-Limoneno - Ecosoluciones Qu\u00edmicas","isPartOf":{"@id":"https:\/\/www.ecosolucionesquimicas.es\/pt-pt\/#website"},"primaryImageOfPage":{"@id":"https:\/\/www.ecosolucionesquimicas.es\/pt-pt\/producto\/d-limoneno\/#primaryimage"},"image":{"@id":"https:\/\/www.ecosolucionesquimicas.es\/pt-pt\/producto\/d-limoneno\/#primaryimage"},"thumbnailUrl":"https:\/\/www.ecosolucionesquimicas.es\/wp-content\/uploads\/2025\/01\/B09H5RJ26L.MAIN_.jpg","datePublished":"2025-01-30T10:40:34+00:00","dateModified":"2025-11-14T18:37:10+00:00","breadcrumb":{"@id":"https:\/\/www.ecosolucionesquimicas.es\/pt-pt\/producto\/d-limoneno\/#breadcrumb"},"inLanguage":"pt-PT","potentialAction":[{"@type":"ReadAction","target":["https:\/\/www.ecosolucionesquimicas.es\/pt-pt\/producto\/d-limoneno\/"]}]},{"@type":"ImageObject","inLanguage":"pt-PT","@id":"https:\/\/www.ecosolucionesquimicas.es\/pt-pt\/producto\/d-limoneno\/#primaryimage","url":"https:\/\/www.ecosolucionesquimicas.es\/wp-content\/uploads\/2025\/01\/B09H5RJ26L.MAIN_.jpg","contentUrl":"https:\/\/www.ecosolucionesquimicas.es\/wp-content\/uploads\/2025\/01\/B09H5RJ26L.MAIN_.jpg","width":1500,"height":1532},{"@type":"BreadcrumbList","@id":"https:\/\/www.ecosolucionesquimicas.es\/pt-pt\/producto\/d-limoneno\/#breadcrumb","itemListElement":[{"@type":"ListItem","position":1,"name":"Portada","item":"https:\/\/www.ecosolucionesquimicas.es\/pt-pt\/home\/"},{"@type":"ListItem","position":2,"name":"D-Limoneno"}]},{"@type":"WebSite","@id":"https:\/\/www.ecosolucionesquimicas.es\/pt-pt\/#website","url":"https:\/\/www.ecosolucionesquimicas.es\/pt-pt\/","name":"Ecosoluciones Qu\u00edmicas","description":"Compre produtos de limpeza e qu\u00edmicos, de fabrica\u00e7\u00e3o pr\u00f3pria, online.","publisher":{"@id":"https:\/\/www.ecosolucionesquimicas.es\/pt-pt\/#organization"},"alternateName":"EQM","potentialAction":[{"@type":"SearchAction","target":{"@type":"EntryPoint","urlTemplate":"https:\/\/www.ecosolucionesquimicas.es\/pt-pt\/?s={search_term_string}"},"query-input":{"@type":"PropertyValueSpecification","valueRequired":true,"valueName":"search_term_string"}}],"inLanguage":"pt-PT"},{"@type":"Organization","@id":"https:\/\/www.ecosolucionesquimicas.es\/pt-pt\/#organization","name":"Ecosoluciones Qu\u00edmicas","url":"https:\/\/www.ecosolucionesquimicas.es\/pt-pt\/","logo":{"@type":"ImageObject","inLanguage":"pt-PT","@id":"https:\/\/www.ecosolucionesquimicas.es\/pt-pt\/#\/schema\/logo\/image\/","url":"https:\/\/www.ecosolucionesquimicas.es\/wp-content\/uploads\/2024\/08\/LOGO-EQM-NUEVO-.png","contentUrl":"https:\/\/www.ecosolucionesquimicas.es\/wp-content\/uploads\/2024\/08\/LOGO-EQM-NUEVO-.png","width":1060,"height":456,"caption":"Ecosoluciones Qu\u00edmicas"},"image":{"@id":"https:\/\/www.ecosolucionesquimicas.es\/pt-pt\/#\/schema\/logo\/image\/"},"sameAs":["https:\/\/www.facebook.com\/ecosolucionesquimicasmadrid\/","https:\/\/www.instagram.com\/ecosolucionesquimicas\/"],"hasMerchantReturnPolicy":{"@type":"MerchantReturnPolicy","merchantReturnLink":"https:\/\/www.ecosolucionesquimicas.es\/refund_returns\/"}}]},"product_brand":"EQM","product_price_amount":"34.99","product_price_currency":"EUR","og_availability":"instock","product_availability":"instock","product_retailer_item_id":"ECO-807","product_condition":"new"},"_links":{"self":[{"href":"https:\/\/www.ecosolucionesquimicas.es\/pt-pt\/wp-json\/wp\/v2\/product\/10580","targetHints":{"allow":["GET"]}}],"collection":[{"href":"https:\/\/www.ecosolucionesquimicas.es\/pt-pt\/wp-json\/wp\/v2\/product"}],"about":[{"href":"https:\/\/www.ecosolucionesquimicas.es\/pt-pt\/wp-json\/wp\/v2\/types\/product"}],"wp:featuredmedia":[{"embeddable":true,"href":"https:\/\/www.ecosolucionesquimicas.es\/pt-pt\/wp-json\/wp\/v2\/media\/10581"}],"wp:attachment":[{"href":"https:\/\/www.ecosolucionesquimicas.es\/pt-pt\/wp-json\/wp\/v2\/media?parent=10580"}],"wp:term":[{"taxonomy":"product_brand","embeddable":true,"href":"https:\/\/www.ecosolucionesquimicas.es\/pt-pt\/wp-json\/wp\/v2\/product_brand?post=10580"},{"taxonomy":"product_cat","embeddable":true,"href":"https:\/\/www.ecosolucionesquimicas.es\/pt-pt\/wp-json\/wp\/v2\/product_cat?post=10580"},{"taxonomy":"product_tag","embeddable":true,"href":"https:\/\/www.ecosolucionesquimicas.es\/pt-pt\/wp-json\/wp\/v2\/product_tag?post=10580"}],"curies":[{"name":"wp","href":"https:\/\/api.w.org\/{rel}","templated":true}]}}