{"id":12080,"date":"2024-05-28T10:09:33","date_gmt":"2024-05-28T08:09:33","guid":{"rendered":"https:\/\/www.ecosolucionesquimicas.es\/condiciones-generales\/"},"modified":"2025-11-22T20:56:38","modified_gmt":"2025-11-22T19:56:38","slug":"condiciones-generales","status":"publish","type":"page","link":"https:\/\/www.ecosolucionesquimicas.es\/pt-pt\/condiciones-generales\/","title":{"rendered":"Termos e condi\u00e7\u00f5es gerais"},"content":{"rendered":"\t\t<div data-elementor-type=\"wp-post\" data-elementor-id=\"12080\" class=\"elementor elementor-12080 elementor-2078\" data-elementor-post-type=\"page\">\n\t\t\t\t\t\t<section class=\"elementor-section elementor-top-section elementor-element elementor-element-e6cd928 elementor-section-boxed elementor-section-height-default elementor-section-height-default\" data-id=\"e6cd928\" data-element_type=\"section\" data-e-type=\"section\" data-settings=\"{&quot;jet_parallax_layout_list&quot;:[{&quot;jet_parallax_layout_image&quot;:{&quot;url&quot;:&quot;&quot;,&quot;id&quot;:&quot;&quot;,&quot;size&quot;:&quot;&quot;},&quot;_id&quot;:&quot;7219af7&quot;,&quot;jet_parallax_layout_image_tablet&quot;:{&quot;url&quot;:&quot;&quot;,&quot;id&quot;:&quot;&quot;,&quot;size&quot;:&quot;&quot;},&quot;jet_parallax_layout_image_mobile&quot;:{&quot;url&quot;:&quot;&quot;,&quot;id&quot;:&quot;&quot;,&quot;size&quot;:&quot;&quot;},&quot;jet_parallax_layout_speed&quot;:{&quot;unit&quot;:&quot;%&quot;,&quot;size&quot;:50,&quot;sizes&quot;:[]},&quot;jet_parallax_layout_type&quot;:&quot;scroll&quot;,&quot;jet_parallax_layout_direction&quot;:&quot;1&quot;,&quot;jet_parallax_layout_fx_direction&quot;:null,&quot;jet_parallax_layout_z_index&quot;:&quot;&quot;,&quot;jet_parallax_layout_bg_x&quot;:50,&quot;jet_parallax_layout_bg_x_tablet&quot;:&quot;&quot;,&quot;jet_parallax_layout_bg_x_mobile&quot;:&quot;&quot;,&quot;jet_parallax_layout_bg_y&quot;:50,&quot;jet_parallax_layout_bg_y_tablet&quot;:&quot;&quot;,&quot;jet_parallax_layout_bg_y_mobile&quot;:&quot;&quot;,&quot;jet_parallax_layout_bg_size&quot;:&quot;auto&quot;,&quot;jet_parallax_layout_bg_size_tablet&quot;:&quot;&quot;,&quot;jet_parallax_layout_bg_size_mobile&quot;:&quot;&quot;,&quot;jet_parallax_layout_animation_prop&quot;:&quot;transform&quot;,&quot;jet_parallax_layout_on&quot;:[&quot;desktop&quot;,&quot;tablet&quot;]}]}\">\n\t\t\t\t\t\t<div class=\"elementor-container elementor-column-gap-default\">\n\t\t\t\t\t<div class=\"elementor-column elementor-col-100 elementor-top-column elementor-element elementor-element-2b1f9df\" data-id=\"2b1f9df\" data-element_type=\"column\" data-e-type=\"column\">\n\t\t\t<div class=\"elementor-widget-wrap elementor-element-populated\">\n\t\t\t\t\t\t<div class=\"elementor-element elementor-element-dab5472 elementor-widget elementor-widget-text-editor\" data-id=\"dab5472\" data-element_type=\"widget\" data-e-type=\"widget\" data-widget_type=\"text-editor.default\">\n\t\t\t\t<div class=\"elementor-widget-container\">\n\t\t\t\t\t\t\t\t\t<p><span style=\"font-weight: 400;\">Estas condi\u00e7\u00f5es s\u00e3o aplic\u00e1veis \u00e0 compra\/venda online de produtos oferecidos pela ECOSOLUCIONES QU\u00cdMICAS atrav\u00e9s do seu s\u00edtio Web www.ecosolucionesquimicas.es. O termo &#8220;Cliente&#8221; refere-se aos destinat\u00e1rios dos produtos oferecidos na Web e que os adquirem. O Cliente, pelo facto de contratar\/encomendar, aceita todos os termos e condi\u00e7\u00f5es estabelecidos nesta sec\u00e7\u00e3o, e declara conhecer e aceitar a informa\u00e7\u00e3o do aviso legal e da pol\u00edtica de privacidade.  <\/span><\/p><p><b>PROCESSO DE COMPRA<\/b><\/p><p><span style=\"font-weight: 400;\">Para fazer compras atrav\u00e9s do nosso site, podes faz\u00ea-lo como utilizador registado. Podes registar-te preenchendo o seguinte formul\u00e1rio, para que o sistema se lembre de ti quando fizeres a tua pr\u00f3xima compra e agilize o processo de compra. Seleciona os teus produtos e adiciona-os ao carrinho de compras, carrega no bot\u00e3o processar para verificar a tua compra e procede ao pagamento da mesma para a finalizar. Uma vez verificado o pagamento, Ecosoluciones qu\u00edmicas proceder\u00e1 a gerir o envio da tua encomenda.   <\/span><\/p><p><b>PRE\u00c7OS<\/b><\/p><p><span style=\"font-weight: 400;\">Os pre\u00e7os indicados s\u00e3o em euros e incluem impostos.<\/span><\/p><p><b>ENVIO<\/b><\/p><p><span style=\"font-weight: 400;\">O cliente poder\u00e1 selecionar entre as transportadoras dispon\u00edveis no momento da compra. O prazo de entrega ser\u00e1 de 24 a 72 horas. Para envios para as Ilhas Baleares, consulta as condi\u00e7\u00f5es de envio. N\u00e3o efectuamos envios para as Ilhas Can\u00e1rias.   <\/span><\/p><p><b>M\u00c9TODOS DE PAGAMENTO<\/b><\/p><p><span style=\"font-weight: 400;\">Em www.ecosolucionesqu\u00edmicas.es podes pagar a tua compra de uma das seguintes formas. 1. cart\u00e3o de cr\u00e9dito 2. bizum 3. paypal 4. transfer\u00eancia banc\u00e1ria Nota: Ecosoluciones qu\u00edmicas n\u00e3o tem acesso aos dados dos cart\u00f5es ou contas pay pal, estes dados s\u00e3o armazenados em servidores Servired e \/ ou Paypal. As ofertas listadas na p\u00e1gina est\u00e3o sujeitas ao cumprimento das condi\u00e7\u00f5es indicadas na mesma e \u00e0 disponibilidade do produto oferecido.     <\/span><\/p><p><b>PRAZOS DE ENTREGA<\/b><\/p><p><span style=\"font-weight: 400;\">O prazo de entrega para os destinos no continente \u00e9 de 24 a 72 horas ap\u00f3s a conclus\u00e3o completa da tua encomenda. Para as Ilhas Baleares, o prazo de entrega da mercadoria \u00e9 de 3 a 4 dias \u00fateis ap\u00f3s a expedi\u00e7\u00e3o da tua encomenda. O prazo de confirma\u00e7\u00e3o do pagamento pode ser adiado at\u00e9 48 horas para as compras efectuadas por transfer\u00eancia banc\u00e1ria. Os prazos de entrega indicados podem sofrer atrasos, embora a Ecosoluciones qu\u00edmicas se esforce por respeit\u00e1-los. Considera-se que a entrega \u00e9 efectuada a partir do momento em que o produto \u00e9 colocado \u00e0 disposi\u00e7\u00e3o do Cliente pelo transportador e o destinat\u00e1rio assina o recibo de entrega. Cabe ao destinat\u00e1rio verificar os produtos aquando da sua rece\u00e7\u00e3o e apresentar as reservas e reclama\u00e7\u00f5es que se justifiquem. Se os produtos entregues n\u00e3o estiverem em conformidade, em natureza ou quantidade, com os especificados na guia de remessa, o Cliente deve apresentar uma reclama\u00e7\u00e3o no prazo de catorze (14) dias ap\u00f3s a entrega. As entregas ser\u00e3o efectuadas a expensas do Cliente, desde que n\u00e3o existam circunst\u00e2ncias que impliquem entregas gratuitas. Se, por qualquer motivo, n\u00e3o pudermos cumprir a data de entrega prevista, inform\u00e1-lo-emos dessa circunst\u00e2ncia e dar-lhe-emos a op\u00e7\u00e3o de prosseguir com a compra, fixando uma nova data de entrega, ou de anular a encomenda com reembolso total do pre\u00e7o pago. Tem em aten\u00e7\u00e3o que n\u00e3o efectuamos entregas aos s\u00e1bados e domingos.         <\/span><\/p><p><b>DEVOLU\u00c7\u00d5ES DE PRODUTOS DEFEITUOSOS<\/b><\/p><p><span style=\"font-weight: 400;\">Se o cliente receber um produto defeituoso, podes proceder \u00e0 devolu\u00e7\u00e3o do mesmo, comunicando \u00e0 Ecosoluciones qu\u00edmicas este incidente atrav\u00e9s do telefone 919 29 22 03 ou do e-mail info@ecosolucionesquimicas.es no prazo de 14 dias de calend\u00e1rio ap\u00f3s a rece\u00e7\u00e3o da tua encomenda. N\u00f3s iremos ent\u00e3o dizer-te como devolver o produto. No caso de um produto defeituoso, o vendedor proceder\u00e1, conforme o caso, \u00e0 repara\u00e7\u00e3o, substitui\u00e7\u00e3o, redu\u00e7\u00e3o do pre\u00e7o ou resolu\u00e7\u00e3o do contrato, que ser\u00e1 gratuito para o consumidor e utilizador. No caso de n\u00e3o ser poss\u00edvel substituir o(s) produto(s), as quantias pagas pelos produtos que forem devolvidos, devido a um defeito ou v\u00edcio, quando este realmente existir, ser\u00e3o reembolsadas na totalidade, incluindo os custos de entrega incorridos para entregar o artigo e os custos que terias incorrido para no-lo devolver. As devolu\u00e7\u00f5es e as anula\u00e7\u00f5es parciais dar\u00e3o lugar a reembolsos parciais, do montante total pago pela totalidade da encomenda. O reembolso ser\u00e1 efectuado no mesmo cart\u00e3o de cr\u00e9dito que foi utilizado para pagar a compra, por transfer\u00eancia banc\u00e1ria para uma conta cujo titular seja a pessoa que efectuou a encomenda, ou atrav\u00e9s de um vale de desconto para uma compra futura. Uma vez que a Ecosoluciones qu\u00edmicas receba o produto defeituoso e o examine, o produto ser\u00e1 substitu\u00eddo.      <\/span><\/p><p><b>GARANTIAS DOS PRODUTOS<\/b><\/p><p><span style=\"font-weight: 400;\">Em caso de produto defeituoso, o vendedor deve proceder, conforme o caso, \u00e0 repara\u00e7\u00e3o, substitui\u00e7\u00e3o, redu\u00e7\u00e3o do pre\u00e7o ou rescis\u00e3o do contrato, passos que ser\u00e3o gratuitos para o consumidor e utilizador Ecosoluciones qu\u00edmicas responde \u00e0 falta de conformidade que se manifestam no prazo de dois anos a partir da entrega. O consumidor e o utilizador devem comunicar a falta de conformidade no prazo de dois meses a contar do seu conhecimento, por escrito, a info@ecosolucionesquimicas.es. <\/span><\/p><p><b>ALTERA\u00c7\u00c3O DESTAS CONDI\u00c7\u00d5ES<\/b><\/p><p><span style=\"font-weight: 400;\">Ecosoluciones qu\u00edmicas poder\u00e1 modificar as presentes condi\u00e7\u00f5es pelo que se recomenda a leitura das mesmas ao cliente\/utilizador em cada processo de compra ou visita \u00e0 Web. As modifica\u00e7\u00f5es n\u00e3o ter\u00e3o efeitos retroactivos sobre contratos ou pedidos j\u00e1 realizados. <\/span><\/p><p><b>LEGISLA\u00c7\u00c3O APLIC\u00c1VEL<\/b><\/p><p><span style=\"font-weight: 400;\">As presentes Condi\u00e7\u00f5es Gerais regem-se pela legisla\u00e7\u00e3o espanhola. As partes submetem-se, \u00e0 sua escolha, aos tribunais do domic\u00edlio do utilizador para a resolu\u00e7\u00e3o de conflitos e renunciam a qualquer outro foro. Da mesma forma, como membro da Confianza Online e nos termos do seu C\u00f3digo \u00c9tico, em caso de lit\u00edgios relacionados com a contrata\u00e7\u00e3o e publicidade online, a prote\u00e7\u00e3o de dados e a prote\u00e7\u00e3o de menores, o utilizador poder\u00e1 recorrer ao sistema de resolu\u00e7\u00e3o extrajudicial de lit\u00edgios da Confianza Online (www.confianzaonline.es).  <\/span><\/p>\t\t\t\t\t\t\t\t<\/div>\n\t\t\t\t<\/div>\n\t\t\t\t\t<\/div>\n\t\t<\/div>\n\t\t\t\t\t<\/div>\n\t\t<\/section>\n\t\t\t\t<\/div>\n\t\t","protected":false},"excerpt":{"rendered":"<p>Estas condi\u00e7\u00f5es s\u00e3o aplic\u00e1veis \u00e0 compra\/venda online de produtos oferecidos pela ECOSOLUCIONES QU\u00cdMICAS atrav\u00e9s do seu s\u00edtio Web www.ecosolucionesquimicas.es. O termo &#8220;Cliente&#8221; refere-se aos destinat\u00e1rios dos produtos oferecidos na Web e que os adquirem. O Cliente, pelo facto de contratar\/encomendar, aceita todos os termos e condi\u00e7\u00f5es estabelecidos nesta sec\u00e7\u00e3o, e declara conhecer e aceitar a [&hellip;]<\/p>\n","protected":false},"author":1,"featured_media":0,"parent":0,"menu_order":0,"comment_status":"closed","ping_status":"closed","template":"elementor_header_footer","meta":{"footnotes":""},"class_list":["post-12080","page","type-page","status-publish","hentry"],"acf":[],"yoast_head":"<!-- This site is optimized with the Yoast SEO Premium plugin v27.1 (Yoast SEO v27.4) - https:\/\/yoast.com\/product\/yoast-seo-premium-wordpress\/ -->\n<title>Loja de moda - Jupiter X Templates<\/title>\n<meta name=\"description\" content=\"O que \u00e9 que a tua loja de moda realmente precisa para se destacar? Um modelo de site de loja de moda vougish com um layout simples mas elegante para atrair os amantes da moda. O tema Jupiter X WP fornece-te um modelo bonito!\" \/>\n<meta name=\"robots\" content=\"index, follow, max-snippet:-1, max-image-preview:large, max-video-preview:-1\" \/>\n<link rel=\"canonical\" href=\"https:\/\/www.ecosolucionesquimicas.es\/pt-pt\/condiciones-generales\/\" \/>\n<meta property=\"og:locale\" content=\"pt_PT\" \/>\n<meta property=\"og:type\" content=\"article\" \/>\n<meta property=\"og:title\" content=\"Termos e condi\u00e7\u00f5es gerais - Ecosoluciones Qu\u00edmicas\" \/>\n<meta property=\"og:description\" content=\"En EQM somos fabricantes de productos qu\u00edmicos. Comercializamos productos preparados para limpieza de hogar, autom\u00f3vil, industrial, alcoholes\" \/>\n<meta property=\"og:url\" content=\"https:\/\/www.ecosolucionesquimicas.es\/pt-pt\/condiciones-generales\/\" \/>\n<meta property=\"og:site_name\" content=\"Ecosoluciones Qu\u00edmicas\" \/>\n<meta property=\"article:publisher\" content=\"https:\/\/www.facebook.com\/ecosolucionesquimicasmadrid\/\" \/>\n<meta property=\"article:modified_time\" content=\"2025-11-22T19:56:38+00:00\" \/>\n<meta property=\"og:image\" content=\"https:\/\/www.ecosolucionesquimicas.es\/wp-content\/uploads\/2024\/08\/LOGO-EQM-NUEVO-.png\" \/>\n\t<meta property=\"og:image:width\" content=\"1060\" \/>\n\t<meta property=\"og:image:height\" content=\"456\" \/>\n\t<meta property=\"og:image:type\" content=\"image\/png\" \/>\n<meta name=\"twitter:card\" content=\"summary_large_image\" \/>\n<meta name=\"twitter:label1\" content=\"Tempo estimado de leitura\" \/>\n\t<meta name=\"twitter:data1\" content=\"5 minutos\" \/>\n<script type=\"application\/ld+json\" class=\"yoast-schema-graph\">{\"@context\":\"https:\\\/\\\/schema.org\",\"@graph\":[{\"@type\":\"WebPage\",\"@id\":\"https:\\\/\\\/www.ecosolucionesquimicas.es\\\/pt-pt\\\/condiciones-generales\\\/\",\"url\":\"https:\\\/\\\/www.ecosolucionesquimicas.es\\\/pt-pt\\\/condiciones-generales\\\/\",\"name\":\"Loja de moda - Jupiter X Templates\",\"isPartOf\":{\"@id\":\"https:\\\/\\\/www.ecosolucionesquimicas.es\\\/pt-pt\\\/#website\"},\"datePublished\":\"2024-05-28T08:09:33+00:00\",\"dateModified\":\"2025-11-22T19:56:38+00:00\",\"description\":\"O que \u00e9 que a tua loja de moda realmente precisa para se destacar? Um modelo de site de loja de moda vougish com um layout simples mas elegante para atrair os amantes da moda. O tema Jupiter X WP fornece-te um modelo bonito!\",\"breadcrumb\":{\"@id\":\"https:\\\/\\\/www.ecosolucionesquimicas.es\\\/pt-pt\\\/condiciones-generales\\\/#breadcrumb\"},\"inLanguage\":\"pt-PT\",\"potentialAction\":[{\"@type\":\"ReadAction\",\"target\":[\"https:\\\/\\\/www.ecosolucionesquimicas.es\\\/pt-pt\\\/condiciones-generales\\\/\"]}]},{\"@type\":\"BreadcrumbList\",\"@id\":\"https:\\\/\\\/www.ecosolucionesquimicas.es\\\/pt-pt\\\/condiciones-generales\\\/#breadcrumb\",\"itemListElement\":[{\"@type\":\"ListItem\",\"position\":1,\"name\":\"Portada\",\"item\":\"https:\\\/\\\/www.ecosolucionesquimicas.es\\\/pt-pt\\\/home\\\/\"},{\"@type\":\"ListItem\",\"position\":2,\"name\":\"Termos e condi\u00e7\u00f5es gerais\"}]},{\"@type\":\"WebSite\",\"@id\":\"https:\\\/\\\/www.ecosolucionesquimicas.es\\\/pt-pt\\\/#website\",\"url\":\"https:\\\/\\\/www.ecosolucionesquimicas.es\\\/pt-pt\\\/\",\"name\":\"Ecosoluciones Qu\u00edmicas\",\"description\":\"Compre produtos de limpeza e qu\u00edmicos, de fabrica\u00e7\u00e3o pr\u00f3pria, online.\",\"publisher\":{\"@id\":\"https:\\\/\\\/www.ecosolucionesquimicas.es\\\/pt-pt\\\/#organization\"},\"alternateName\":\"EQM\",\"potentialAction\":[{\"@type\":\"SearchAction\",\"target\":{\"@type\":\"EntryPoint\",\"urlTemplate\":\"https:\\\/\\\/www.ecosolucionesquimicas.es\\\/pt-pt\\\/?s={search_term_string}\"},\"query-input\":{\"@type\":\"PropertyValueSpecification\",\"valueRequired\":true,\"valueName\":\"search_term_string\"}}],\"inLanguage\":\"pt-PT\"},{\"@type\":\"Organization\",\"@id\":\"https:\\\/\\\/www.ecosolucionesquimicas.es\\\/pt-pt\\\/#organization\",\"name\":\"Ecosoluciones Qu\u00edmicas\",\"url\":\"https:\\\/\\\/www.ecosolucionesquimicas.es\\\/pt-pt\\\/\",\"logo\":{\"@type\":\"ImageObject\",\"inLanguage\":\"pt-PT\",\"@id\":\"https:\\\/\\\/www.ecosolucionesquimicas.es\\\/pt-pt\\\/#\\\/schema\\\/logo\\\/image\\\/\",\"url\":\"https:\\\/\\\/www.ecosolucionesquimicas.es\\\/wp-content\\\/uploads\\\/2024\\\/08\\\/LOGO-EQM-NUEVO-.png\",\"contentUrl\":\"https:\\\/\\\/www.ecosolucionesquimicas.es\\\/wp-content\\\/uploads\\\/2024\\\/08\\\/LOGO-EQM-NUEVO-.png\",\"width\":1060,\"height\":456,\"caption\":\"Ecosoluciones Qu\u00edmicas\"},\"image\":{\"@id\":\"https:\\\/\\\/www.ecosolucionesquimicas.es\\\/pt-pt\\\/#\\\/schema\\\/logo\\\/image\\\/\"},\"sameAs\":[\"https:\\\/\\\/www.facebook.com\\\/ecosolucionesquimicasmadrid\\\/\",\"https:\\\/\\\/www.instagram.com\\\/ecosolucionesquimicas\\\/\"],\"hasMerchantReturnPolicy\":{\"@type\":\"MerchantReturnPolicy\",\"merchantReturnLink\":\"https:\\\/\\\/www.ecosolucionesquimicas.es\\\/refund_returns\\\/\"}}]}<\/script>\n<!-- \/ Yoast SEO Premium plugin. -->","yoast_head_json":{"title":"Loja de moda - Jupiter X Templates","description":"O que \u00e9 que a tua loja de moda realmente precisa para se destacar? Um modelo de site de loja de moda vougish com um layout simples mas elegante para atrair os amantes da moda. O tema Jupiter X WP fornece-te um modelo bonito!","robots":{"index":"index","follow":"follow","max-snippet":"max-snippet:-1","max-image-preview":"max-image-preview:large","max-video-preview":"max-video-preview:-1"},"canonical":"https:\/\/www.ecosolucionesquimicas.es\/pt-pt\/condiciones-generales\/","og_locale":"pt_PT","og_type":"article","og_title":"Termos e condi\u00e7\u00f5es gerais - Ecosoluciones Qu\u00edmicas","og_description":"En EQM somos fabricantes de productos qu\u00edmicos. Comercializamos productos preparados para limpieza de hogar, autom\u00f3vil, industrial, alcoholes","og_url":"https:\/\/www.ecosolucionesquimicas.es\/pt-pt\/condiciones-generales\/","og_site_name":"Ecosoluciones Qu\u00edmicas","article_publisher":"https:\/\/www.facebook.com\/ecosolucionesquimicasmadrid\/","article_modified_time":"2025-11-22T19:56:38+00:00","og_image":[{"width":1060,"height":456,"url":"https:\/\/www.ecosolucionesquimicas.es\/wp-content\/uploads\/2024\/08\/LOGO-EQM-NUEVO-.png","type":"image\/png"}],"twitter_card":"summary_large_image","twitter_misc":{"Tempo estimado de leitura":"5 minutos"},"schema":{"@context":"https:\/\/schema.org","@graph":[{"@type":"WebPage","@id":"https:\/\/www.ecosolucionesquimicas.es\/pt-pt\/condiciones-generales\/","url":"https:\/\/www.ecosolucionesquimicas.es\/pt-pt\/condiciones-generales\/","name":"Loja de moda - Jupiter X Templates","isPartOf":{"@id":"https:\/\/www.ecosolucionesquimicas.es\/pt-pt\/#website"},"datePublished":"2024-05-28T08:09:33+00:00","dateModified":"2025-11-22T19:56:38+00:00","description":"O que \u00e9 que a tua loja de moda realmente precisa para se destacar? Um modelo de site de loja de moda vougish com um layout simples mas elegante para atrair os amantes da moda. O tema Jupiter X WP fornece-te um modelo bonito!","breadcrumb":{"@id":"https:\/\/www.ecosolucionesquimicas.es\/pt-pt\/condiciones-generales\/#breadcrumb"},"inLanguage":"pt-PT","potentialAction":[{"@type":"ReadAction","target":["https:\/\/www.ecosolucionesquimicas.es\/pt-pt\/condiciones-generales\/"]}]},{"@type":"BreadcrumbList","@id":"https:\/\/www.ecosolucionesquimicas.es\/pt-pt\/condiciones-generales\/#breadcrumb","itemListElement":[{"@type":"ListItem","position":1,"name":"Portada","item":"https:\/\/www.ecosolucionesquimicas.es\/pt-pt\/home\/"},{"@type":"ListItem","position":2,"name":"Termos e condi\u00e7\u00f5es gerais"}]},{"@type":"WebSite","@id":"https:\/\/www.ecosolucionesquimicas.es\/pt-pt\/#website","url":"https:\/\/www.ecosolucionesquimicas.es\/pt-pt\/","name":"Ecosoluciones Qu\u00edmicas","description":"Compre produtos de limpeza e qu\u00edmicos, de fabrica\u00e7\u00e3o pr\u00f3pria, online.","publisher":{"@id":"https:\/\/www.ecosolucionesquimicas.es\/pt-pt\/#organization"},"alternateName":"EQM","potentialAction":[{"@type":"SearchAction","target":{"@type":"EntryPoint","urlTemplate":"https:\/\/www.ecosolucionesquimicas.es\/pt-pt\/?s={search_term_string}"},"query-input":{"@type":"PropertyValueSpecification","valueRequired":true,"valueName":"search_term_string"}}],"inLanguage":"pt-PT"},{"@type":"Organization","@id":"https:\/\/www.ecosolucionesquimicas.es\/pt-pt\/#organization","name":"Ecosoluciones Qu\u00edmicas","url":"https:\/\/www.ecosolucionesquimicas.es\/pt-pt\/","logo":{"@type":"ImageObject","inLanguage":"pt-PT","@id":"https:\/\/www.ecosolucionesquimicas.es\/pt-pt\/#\/schema\/logo\/image\/","url":"https:\/\/www.ecosolucionesquimicas.es\/wp-content\/uploads\/2024\/08\/LOGO-EQM-NUEVO-.png","contentUrl":"https:\/\/www.ecosolucionesquimicas.es\/wp-content\/uploads\/2024\/08\/LOGO-EQM-NUEVO-.png","width":1060,"height":456,"caption":"Ecosoluciones Qu\u00edmicas"},"image":{"@id":"https:\/\/www.ecosolucionesquimicas.es\/pt-pt\/#\/schema\/logo\/image\/"},"sameAs":["https:\/\/www.facebook.com\/ecosolucionesquimicasmadrid\/","https:\/\/www.instagram.com\/ecosolucionesquimicas\/"],"hasMerchantReturnPolicy":{"@type":"MerchantReturnPolicy","merchantReturnLink":"https:\/\/www.ecosolucionesquimicas.es\/refund_returns\/"}}]}},"_links":{"self":[{"href":"https:\/\/www.ecosolucionesquimicas.es\/pt-pt\/wp-json\/wp\/v2\/pages\/12080","targetHints":{"allow":["GET"]}}],"collection":[{"href":"https:\/\/www.ecosolucionesquimicas.es\/pt-pt\/wp-json\/wp\/v2\/pages"}],"about":[{"href":"https:\/\/www.ecosolucionesquimicas.es\/pt-pt\/wp-json\/wp\/v2\/types\/page"}],"author":[{"embeddable":true,"href":"https:\/\/www.ecosolucionesquimicas.es\/pt-pt\/wp-json\/wp\/v2\/users\/1"}],"replies":[{"embeddable":true,"href":"https:\/\/www.ecosolucionesquimicas.es\/pt-pt\/wp-json\/wp\/v2\/comments?post=12080"}],"version-history":[{"count":5,"href":"https:\/\/www.ecosolucionesquimicas.es\/pt-pt\/wp-json\/wp\/v2\/pages\/12080\/revisions"}],"predecessor-version":[{"id":12476,"href":"https:\/\/www.ecosolucionesquimicas.es\/pt-pt\/wp-json\/wp\/v2\/pages\/12080\/revisions\/12476"}],"wp:attachment":[{"href":"https:\/\/www.ecosolucionesquimicas.es\/pt-pt\/wp-json\/wp\/v2\/media?parent=12080"}],"curies":[{"name":"wp","href":"https:\/\/api.w.org\/{rel}","templated":true}]}}