{"id":11456,"date":"2024-02-22T23:49:08","date_gmt":"2024-02-22T22:49:08","guid":{"rendered":"https:\/\/www.ecosolucionesquimicas.es\/politica-de-privacidade\/"},"modified":"2025-11-22T20:56:24","modified_gmt":"2025-11-22T19:56:24","slug":"politica-de-privacidade","status":"publish","type":"page","link":"https:\/\/www.ecosolucionesquimicas.es\/pt-pt\/politica-de-privacidade\/","title":{"rendered":"Pol\u00edtica de privacidade"},"content":{"rendered":"\t\t<div data-elementor-type=\"wp-post\" data-elementor-id=\"11456\" class=\"elementor elementor-11456 elementor-88\" data-elementor-post-type=\"page\">\n\t\t\t\t\t\t<section class=\"elementor-section elementor-top-section elementor-element elementor-element-e6cd928 elementor-section-boxed elementor-section-height-default elementor-section-height-default\" data-id=\"e6cd928\" data-element_type=\"section\" data-e-type=\"section\" data-settings=\"{&quot;jet_parallax_layout_list&quot;:[{&quot;jet_parallax_layout_image&quot;:{&quot;url&quot;:&quot;&quot;,&quot;id&quot;:&quot;&quot;,&quot;size&quot;:&quot;&quot;},&quot;_id&quot;:&quot;7219af7&quot;,&quot;jet_parallax_layout_image_tablet&quot;:{&quot;url&quot;:&quot;&quot;,&quot;id&quot;:&quot;&quot;,&quot;size&quot;:&quot;&quot;},&quot;jet_parallax_layout_image_mobile&quot;:{&quot;url&quot;:&quot;&quot;,&quot;id&quot;:&quot;&quot;,&quot;size&quot;:&quot;&quot;},&quot;jet_parallax_layout_speed&quot;:{&quot;unit&quot;:&quot;%&quot;,&quot;size&quot;:50,&quot;sizes&quot;:[]},&quot;jet_parallax_layout_type&quot;:&quot;scroll&quot;,&quot;jet_parallax_layout_direction&quot;:&quot;1&quot;,&quot;jet_parallax_layout_fx_direction&quot;:null,&quot;jet_parallax_layout_z_index&quot;:&quot;&quot;,&quot;jet_parallax_layout_bg_x&quot;:50,&quot;jet_parallax_layout_bg_x_tablet&quot;:&quot;&quot;,&quot;jet_parallax_layout_bg_x_mobile&quot;:&quot;&quot;,&quot;jet_parallax_layout_bg_y&quot;:50,&quot;jet_parallax_layout_bg_y_tablet&quot;:&quot;&quot;,&quot;jet_parallax_layout_bg_y_mobile&quot;:&quot;&quot;,&quot;jet_parallax_layout_bg_size&quot;:&quot;auto&quot;,&quot;jet_parallax_layout_bg_size_tablet&quot;:&quot;&quot;,&quot;jet_parallax_layout_bg_size_mobile&quot;:&quot;&quot;,&quot;jet_parallax_layout_animation_prop&quot;:&quot;transform&quot;,&quot;jet_parallax_layout_on&quot;:[&quot;desktop&quot;,&quot;tablet&quot;]}]}\">\n\t\t\t\t\t\t<div class=\"elementor-container elementor-column-gap-default\">\n\t\t\t\t\t<div class=\"elementor-column elementor-col-100 elementor-top-column elementor-element elementor-element-2b1f9df\" data-id=\"2b1f9df\" data-element_type=\"column\" data-e-type=\"column\">\n\t\t\t<div class=\"elementor-widget-wrap elementor-element-populated\">\n\t\t\t\t\t\t<div class=\"elementor-element elementor-element-dab5472 elementor-widget elementor-widget-text-editor\" data-id=\"dab5472\" data-element_type=\"widget\" data-e-type=\"widget\" data-widget_type=\"text-editor.default\">\n\t\t\t\t<div class=\"elementor-widget-container\">\n\t\t\t\t\t\t\t\t\t<p><strong>Quem \u00e9 respons\u00e1vel pelos teus dados?<\/strong><\/p><p><strong>Titular<\/strong>: ECOSOLUCIONES QUIMICAS SL<\/p><p><strong>N.\u00ba DE IVA<\/strong>: B88270244<\/p><p><strong>Sede social<\/strong>: CALLE VIOLETA, 7, &#8211; Humanes de Madrid (Madrid &#8211; 28970)<\/p><p><strong>Telefone de contacto<\/strong>: 919292203 | 669006712<\/p><p><strong>Correio eletr\u00f3nico: <\/strong>info@ecosolucionesquimicas.es<\/p><p>Tem em aten\u00e7\u00e3o que esta Pol\u00edtica de Privacidade n\u00e3o aborda, e n\u00e3o somos respons\u00e1veis pela privacidade, informa\u00e7\u00f5es ou outras pr\u00e1ticas de terceiros, incluindo as de qualquer parte que opere um s\u00edtio Web para o qual estes Portais contenham uma liga\u00e7\u00e3o. A inclus\u00e3o de uma hiperliga\u00e7\u00e3o nos Portais n\u00e3o implica a aprova\u00e7\u00e3o do s\u00edtio hiperligado por n\u00f3s ou pelas nossas filiais. <\/p><p><strong>Legalidade do tratamento de dados<\/strong><\/p><p>Respeitamos a tua privacidade. Por isso, s\u00f3 processamos os teus dados pessoais quando estamos autorizados a faz\u00ea-lo. Podes dar-nos o teu consentimento para o tratamento dos teus dados pessoais, sempre que o tratamento assim o exija. Noutros casos, se utilizares servi\u00e7os no nosso s\u00edtio Web que necessitem dos teus dados para serem executados, temos o direito de processar os teus dados para a execu\u00e7\u00e3o dessa atividade. Um exemplo disto \u00e9 o registo de entradas que recolhemos para garantir, por exemplo, que o nosso s\u00edtio Web funciona sem falhas (incluindo a manuten\u00e7\u00e3o t\u00e9cnica do s\u00edtio Web). Em qualquer caso, inform\u00e1-lo-emos sobre o tratamento de dados pessoais que \u00e9 efectuado e, naturalmente, os seus direitos e interesses ser\u00e3o sempre tidos em conta. Se tiveres alguma d\u00favida sobre os teus dados pessoais, encontrar\u00e1s os teus direitos de prote\u00e7\u00e3o de dados mais abaixo nesta p\u00e1gina.      <\/p><p><strong>Finalidade do tratamento de dados<\/strong><\/p><p>N\u00e3o divulgaremos informa\u00e7\u00f5es pessoais sem o teu consentimento. N\u00e3o vendemos nem partilhamos informa\u00e7\u00f5es pessoais voluntariamente. <\/p><p>A ECOSOLUCIONES QUIMICAS SL tratar\u00e1 os teus dados de utilizador, de forma manual e\/ou autom\u00e1tica, para as seguintes finalidades espec\u00edficas:<\/p><ul><li>Elaborar relat\u00f3rios estat\u00edsticos an\u00f3nimos sobre os h\u00e1bitos de acesso e a atividade desenvolvida pelos utilizadores no s\u00edtio Web.<\/li><li>Realiza\u00e7\u00e3o das ac\u00e7\u00f5es necess\u00e1rias para proteger os interesses dos clientes, quando necess\u00e1rio, ou cumprimento de decis\u00f5es judiciais e das medidas nelas acordadas.<\/li><li>Para enviar comunica\u00e7\u00f5es electr\u00f3nicas com ofertas, promo\u00e7\u00f5es e not\u00edcias relacionadas com a nossa atividade, apenas no caso de tu, como cliente, teres consentido ou n\u00e3o te teres oposto expressamente.<\/li><li>Se decidires contactar-nos fora de uma rela\u00e7\u00e3o contratual ou sem te registares, podes faz\u00ea-lo atrav\u00e9s do s\u00edtio Web ou do correio de contacto.<\/li><\/ul><p>Para podermos processar corretamente o teu pedido quando nos contactas, podemos pedir-te que nos forne\u00e7as informa\u00e7\u00f5es pessoais, tais como o teu nome, endere\u00e7o eletr\u00f3nico e quaisquer outras informa\u00e7\u00f5es relacionadas com o teu pedido e mensagem. Opcionalmente, podes fornecer o teu endere\u00e7o postal e\/ou n\u00famero de telefone. Recolhemos as informa\u00e7\u00f5es solicitadas apenas com o objetivo de processar o teu pedido. Os dados n\u00e3o ser\u00e3o utilizados para qualquer outro fim e n\u00e3o ser\u00e3o transmitidos a terceiros sem o teu consentimento expresso, a menos que sejamos autorizados a faz\u00ea-lo por lei. Se n\u00e3o formos obrigados por lei a conservar os teus dados pessoais, estes ser\u00e3o eliminados assim que o teu pedido for processado.    <\/p><ul><li>Por raz\u00f5es t\u00e9cnicas, sempre que o teu browser acede ao nosso s\u00edtio Web, s\u00e3o automaticamente enviadas informa\u00e7\u00f5es (por exemplo, dados de navega\u00e7\u00e3o) para o nosso servidor. Algumas destas informa\u00e7\u00f5es s\u00e3o armazenadas em ficheiros de registo, tais como: <ul><li>data de acesso<\/li><li>tempo de acesso<\/li><li>URL da p\u00e1gina<\/li><li>Vers\u00e3o do protocolo HTTP<\/li><li>ficheiros acedidos<\/li><li>volume de dados transferidos<\/li><li>tipo de navegador de internet e respectiva vers\u00e3o<\/li><li>tipo de sistema operativo<\/li><li>Endere\u00e7o IP (anonimizado)<\/li><\/ul><\/li><\/ul><p>Os dados de navega\u00e7\u00e3o n\u00e3o incluem dados pessoais. Apenas analisamos os dados de navega\u00e7\u00e3o quando necess\u00e1rio, em particular para efeitos de resolu\u00e7\u00e3o de problemas no nosso s\u00edtio Web ou para resolver quest\u00f5es de seguran\u00e7a. Armazenamos estes dados por tempo indeterminado  <\/p><p>Destinat\u00e1rios da transfer\u00eancia de dados<\/p><p>Os teus dados pessoais podem ser transferidos para terceiros, empresas colaboradoras, desde que a sua interven\u00e7\u00e3o seja necess\u00e1ria para a execu\u00e7\u00e3o do contrato ou para a presta\u00e7\u00e3o do servi\u00e7o que nos foi confiado, sendo exemplo dessas empresas colaboradoras as empresas de entregas ou os bancos.<\/p><p>O respons\u00e1vel pelo tratamento e estas empresas colaboradoras celebram o respetivo contrato de subcontrata\u00e7\u00e3o, assegurando que o tratamento ser\u00e1 efectuado nas condi\u00e7\u00f5es impostas pelo respons\u00e1vel pelo tratamento e garantindo os n\u00edveis de confidencialidade adequados.<\/p><p><span style=\"color: var( --e-global-color-text ); font-family: var( --e-global-typography-text-font-family ), Sans-serif;\">Podemos tamb\u00e9m encontrar-nos na situa\u00e7\u00e3o de ter de transferir dados pessoais quando tal for necess\u00e1rio para prestar o servi\u00e7o ou responder \u00e0 consulta solicitada, bem como para a Administra\u00e7\u00e3o Fiscal ou Judicial ou para as For\u00e7as e Organismos de Seguran\u00e7a, nos casos previstos na lei.<\/span><\/p><p><strong>Per\u00edodo de conserva\u00e7\u00e3o dos dados pessoais<\/strong><\/p><p>A ECOSOLUCIONES QUIMICAS SL conservar\u00e1 os teus dados pessoais, como utilizador, apenas durante o tempo necess\u00e1rio para realizar as finalidades para as quais foram recolhidos, enquanto n\u00e3o revogares os consentimentos concedidos. Posteriormente, se for necess\u00e1rio, manter\u00e1 a informa\u00e7\u00e3o bloqueada durante os prazos legalmente estabelecidos, em qualquer caso, durante 5 anos, ou o prazo estabelecido por lei para qualquer a\u00e7\u00e3o que possa derivar do tratamento. <\/p><p><strong>Direitos do utilizador<\/strong><\/p><p>Podes enviar-nos uma carta para ECOSOLUCIONES QUIMICAS SL, CALLE VIOLETA, 7, &#8211; Humanes de Madrid (Madrid &#8211; 28970) ou enviar-nos um e-mail para ELVIRAPEREZ@ECOSOLUCIONESQUIMICAS.ES, para realizar qualquer uma das seguintes ac\u00e7\u00f5es:<\/p><ul><li>Revoga os consentimentos concedidos.<\/li><li>Obter a confirma\u00e7\u00e3o de que a ECOSOLUCIONES QUIMICAS SL est\u00e1 ou n\u00e3o a tratar dados pessoais que lhe dizem respeito.<\/li><li>Aceder aos teus dados pessoais.<\/li><li>Retificar dados inexactos ou incompletos.<\/li><li>Solicitar a elimina\u00e7\u00e3o dos teus dados quando, entre outras raz\u00f5es, os dados j\u00e1 n\u00e3o forem necess\u00e1rios para os fins para os quais foram recolhidos.<\/li><li>Obt\u00e9m da ECOSOLUCIONES QUIMICAS SL a limita\u00e7\u00e3o do tratamento dos dados quando se verifique alguma das condi\u00e7\u00f5es previstas na normativa de prote\u00e7\u00e3o de dados.<\/li><li>Em determinadas circunst\u00e2ncias e por motivos relacionados com a sua situa\u00e7\u00e3o particular ao tratamento dos seus dados, os interessados podem opor-se ao tratamento dos seus dados. A ECOSOLUCIONES QUIMICAS SL deixar\u00e1 de tratar os dados, exceto por motivos leg\u00edtimos imperiosos, ou para o exerc\u00edcio ou defesa de poss\u00edveis reclama\u00e7\u00f5es. <\/li><li>Para obter interven\u00e7\u00e3o humana, exprimir o seu ponto de vista e contestar as decis\u00f5es automatizadas tomadas.<\/li><li>Solicita a portabilidade dos teus dados.<\/li><li>Reclama\u00e7\u00e3o perante a Ag\u00eancia Espanhola de Prote\u00e7\u00e3o de Dados <a href=\"https:\/\/www.aepd.es\/\">https:\/\/www.aepd.es\/<\/a> quando o interessado considerar que a ECOSOLUCIONES QUIMICAS SL violou os direitos reconhecidos pela normativa aplic\u00e1vel em mat\u00e9ria de prote\u00e7\u00e3o de dados.<\/li><\/ul><p><a href=\"https:\/\/www.aepd.es\/derechos-y-deberes\/conoce-tus-derechos\">https:\/\/www.aepd.es\/derechos-y-deberes\/conoce-tus-derechos<\/a><\/p><p> <\/p><p>Vers\u00e3o actualizada em janeiro de 2024.<\/p>\t\t\t\t\t\t\t\t<\/div>\n\t\t\t\t<\/div>\n\t\t\t\t\t<\/div>\n\t\t<\/div>\n\t\t\t\t\t<\/div>\n\t\t<\/section>\n\t\t\t\t<\/div>\n\t\t","protected":false},"excerpt":{"rendered":"<p>Quem \u00e9 respons\u00e1vel pelos teus dados? Titular: ECOSOLUCIONES QUIMICAS SL N.\u00ba DE IVA: B88270244 Sede social: CALLE VIOLETA, 7, &#8211; Humanes de Madrid (Madrid &#8211; 28970) Telefone de contacto: 919292203 | 669006712 Correio eletr\u00f3nico: info@ecosolucionesquimicas.es Tem em aten\u00e7\u00e3o que esta Pol\u00edtica de Privacidade n\u00e3o aborda, e n\u00e3o somos respons\u00e1veis pela privacidade, informa\u00e7\u00f5es ou outras pr\u00e1ticas [&hellip;]<\/p>\n","protected":false},"author":1,"featured_media":0,"parent":0,"menu_order":0,"comment_status":"closed","ping_status":"closed","template":"elementor_header_footer","meta":{"footnotes":""},"class_list":["post-11456","page","type-page","status-publish","hentry"],"acf":[],"yoast_head":"<!-- This site is optimized with the Yoast SEO Premium plugin v27.1 (Yoast SEO v27.4) - https:\/\/yoast.com\/product\/yoast-seo-premium-wordpress\/ -->\n<title>Loja de moda - Jupiter X Templates<\/title>\n<meta name=\"description\" content=\"O que \u00e9 que a tua loja de moda realmente precisa para se destacar? Um modelo de site de loja de moda vougish com um layout simples, mas elegante para atrair os amantes da moda. O tema Jupiter X WP fornece-te um modelo bonito!\" \/>\n<meta name=\"robots\" content=\"index, follow, max-snippet:-1, max-image-preview:large, max-video-preview:-1\" \/>\n<link rel=\"canonical\" href=\"https:\/\/www.ecosolucionesquimicas.es\/pt-pt\/politica-de-privacidade\/\" \/>\n<meta property=\"og:locale\" content=\"pt_PT\" \/>\n<meta property=\"og:type\" content=\"article\" \/>\n<meta property=\"og:title\" content=\"Pol\u00edtica de privacidade - Ecosoluciones Qu\u00edmicas\" \/>\n<meta property=\"og:description\" content=\"En EQM somos fabricantes de productos qu\u00edmicos. Comercializamos productos preparados para limpieza de hogar, autom\u00f3vil, industrial, alcoholes\" \/>\n<meta property=\"og:url\" content=\"https:\/\/www.ecosolucionesquimicas.es\/pt-pt\/politica-de-privacidade\/\" \/>\n<meta property=\"og:site_name\" content=\"Ecosoluciones Qu\u00edmicas\" \/>\n<meta property=\"article:publisher\" content=\"https:\/\/www.facebook.com\/ecosolucionesquimicasmadrid\/\" \/>\n<meta property=\"article:modified_time\" content=\"2025-11-22T19:56:24+00:00\" \/>\n<meta property=\"og:image\" content=\"https:\/\/www.ecosolucionesquimicas.es\/wp-content\/uploads\/2024\/08\/LOGO-EQM-NUEVO-.png\" \/>\n\t<meta property=\"og:image:width\" content=\"1060\" \/>\n\t<meta property=\"og:image:height\" content=\"456\" \/>\n\t<meta property=\"og:image:type\" content=\"image\/png\" \/>\n<meta name=\"twitter:card\" content=\"summary_large_image\" \/>\n<meta name=\"twitter:label1\" content=\"Tempo estimado de leitura\" \/>\n\t<meta name=\"twitter:data1\" content=\"6 minutos\" \/>\n<script type=\"application\/ld+json\" class=\"yoast-schema-graph\">{\"@context\":\"https:\\\/\\\/schema.org\",\"@graph\":[{\"@type\":\"WebPage\",\"@id\":\"https:\\\/\\\/www.ecosolucionesquimicas.es\\\/pt-pt\\\/politica-de-privacidade\\\/\",\"url\":\"https:\\\/\\\/www.ecosolucionesquimicas.es\\\/pt-pt\\\/politica-de-privacidade\\\/\",\"name\":\"Loja de moda - Jupiter X Templates\",\"isPartOf\":{\"@id\":\"https:\\\/\\\/www.ecosolucionesquimicas.es\\\/pt-pt\\\/#website\"},\"datePublished\":\"2024-02-22T22:49:08+00:00\",\"dateModified\":\"2025-11-22T19:56:24+00:00\",\"description\":\"O que \u00e9 que a tua loja de moda realmente precisa para se destacar? Um modelo de site de loja de moda vougish com um layout simples, mas elegante para atrair os amantes da moda. O tema Jupiter X WP fornece-te um modelo bonito!\",\"breadcrumb\":{\"@id\":\"https:\\\/\\\/www.ecosolucionesquimicas.es\\\/pt-pt\\\/politica-de-privacidade\\\/#breadcrumb\"},\"inLanguage\":\"pt-PT\",\"potentialAction\":[{\"@type\":\"ReadAction\",\"target\":[\"https:\\\/\\\/www.ecosolucionesquimicas.es\\\/pt-pt\\\/politica-de-privacidade\\\/\"]}]},{\"@type\":\"BreadcrumbList\",\"@id\":\"https:\\\/\\\/www.ecosolucionesquimicas.es\\\/pt-pt\\\/politica-de-privacidade\\\/#breadcrumb\",\"itemListElement\":[{\"@type\":\"ListItem\",\"position\":1,\"name\":\"Portada\",\"item\":\"https:\\\/\\\/www.ecosolucionesquimicas.es\\\/pt-pt\\\/home\\\/\"},{\"@type\":\"ListItem\",\"position\":2,\"name\":\"Pol\u00edtica de privacidade\"}]},{\"@type\":\"WebSite\",\"@id\":\"https:\\\/\\\/www.ecosolucionesquimicas.es\\\/pt-pt\\\/#website\",\"url\":\"https:\\\/\\\/www.ecosolucionesquimicas.es\\\/pt-pt\\\/\",\"name\":\"Ecosoluciones Qu\u00edmicas\",\"description\":\"Compre produtos de limpeza e qu\u00edmicos, de fabrica\u00e7\u00e3o pr\u00f3pria, online.\",\"publisher\":{\"@id\":\"https:\\\/\\\/www.ecosolucionesquimicas.es\\\/pt-pt\\\/#organization\"},\"alternateName\":\"EQM\",\"potentialAction\":[{\"@type\":\"SearchAction\",\"target\":{\"@type\":\"EntryPoint\",\"urlTemplate\":\"https:\\\/\\\/www.ecosolucionesquimicas.es\\\/pt-pt\\\/?s={search_term_string}\"},\"query-input\":{\"@type\":\"PropertyValueSpecification\",\"valueRequired\":true,\"valueName\":\"search_term_string\"}}],\"inLanguage\":\"pt-PT\"},{\"@type\":\"Organization\",\"@id\":\"https:\\\/\\\/www.ecosolucionesquimicas.es\\\/pt-pt\\\/#organization\",\"name\":\"Ecosoluciones Qu\u00edmicas\",\"url\":\"https:\\\/\\\/www.ecosolucionesquimicas.es\\\/pt-pt\\\/\",\"logo\":{\"@type\":\"ImageObject\",\"inLanguage\":\"pt-PT\",\"@id\":\"https:\\\/\\\/www.ecosolucionesquimicas.es\\\/pt-pt\\\/#\\\/schema\\\/logo\\\/image\\\/\",\"url\":\"https:\\\/\\\/www.ecosolucionesquimicas.es\\\/wp-content\\\/uploads\\\/2024\\\/08\\\/LOGO-EQM-NUEVO-.png\",\"contentUrl\":\"https:\\\/\\\/www.ecosolucionesquimicas.es\\\/wp-content\\\/uploads\\\/2024\\\/08\\\/LOGO-EQM-NUEVO-.png\",\"width\":1060,\"height\":456,\"caption\":\"Ecosoluciones Qu\u00edmicas\"},\"image\":{\"@id\":\"https:\\\/\\\/www.ecosolucionesquimicas.es\\\/pt-pt\\\/#\\\/schema\\\/logo\\\/image\\\/\"},\"sameAs\":[\"https:\\\/\\\/www.facebook.com\\\/ecosolucionesquimicasmadrid\\\/\",\"https:\\\/\\\/www.instagram.com\\\/ecosolucionesquimicas\\\/\"],\"hasMerchantReturnPolicy\":{\"@type\":\"MerchantReturnPolicy\",\"merchantReturnLink\":\"https:\\\/\\\/www.ecosolucionesquimicas.es\\\/refund_returns\\\/\"}}]}<\/script>\n<!-- \/ Yoast SEO Premium plugin. -->","yoast_head_json":{"title":"Loja de moda - Jupiter X Templates","description":"O que \u00e9 que a tua loja de moda realmente precisa para se destacar? Um modelo de site de loja de moda vougish com um layout simples, mas elegante para atrair os amantes da moda. O tema Jupiter X WP fornece-te um modelo bonito!","robots":{"index":"index","follow":"follow","max-snippet":"max-snippet:-1","max-image-preview":"max-image-preview:large","max-video-preview":"max-video-preview:-1"},"canonical":"https:\/\/www.ecosolucionesquimicas.es\/pt-pt\/politica-de-privacidade\/","og_locale":"pt_PT","og_type":"article","og_title":"Pol\u00edtica de privacidade - Ecosoluciones Qu\u00edmicas","og_description":"En EQM somos fabricantes de productos qu\u00edmicos. Comercializamos productos preparados para limpieza de hogar, autom\u00f3vil, industrial, alcoholes","og_url":"https:\/\/www.ecosolucionesquimicas.es\/pt-pt\/politica-de-privacidade\/","og_site_name":"Ecosoluciones Qu\u00edmicas","article_publisher":"https:\/\/www.facebook.com\/ecosolucionesquimicasmadrid\/","article_modified_time":"2025-11-22T19:56:24+00:00","og_image":[{"width":1060,"height":456,"url":"https:\/\/www.ecosolucionesquimicas.es\/wp-content\/uploads\/2024\/08\/LOGO-EQM-NUEVO-.png","type":"image\/png"}],"twitter_card":"summary_large_image","twitter_misc":{"Tempo estimado de leitura":"6 minutos"},"schema":{"@context":"https:\/\/schema.org","@graph":[{"@type":"WebPage","@id":"https:\/\/www.ecosolucionesquimicas.es\/pt-pt\/politica-de-privacidade\/","url":"https:\/\/www.ecosolucionesquimicas.es\/pt-pt\/politica-de-privacidade\/","name":"Loja de moda - Jupiter X Templates","isPartOf":{"@id":"https:\/\/www.ecosolucionesquimicas.es\/pt-pt\/#website"},"datePublished":"2024-02-22T22:49:08+00:00","dateModified":"2025-11-22T19:56:24+00:00","description":"O que \u00e9 que a tua loja de moda realmente precisa para se destacar? Um modelo de site de loja de moda vougish com um layout simples, mas elegante para atrair os amantes da moda. O tema Jupiter X WP fornece-te um modelo bonito!","breadcrumb":{"@id":"https:\/\/www.ecosolucionesquimicas.es\/pt-pt\/politica-de-privacidade\/#breadcrumb"},"inLanguage":"pt-PT","potentialAction":[{"@type":"ReadAction","target":["https:\/\/www.ecosolucionesquimicas.es\/pt-pt\/politica-de-privacidade\/"]}]},{"@type":"BreadcrumbList","@id":"https:\/\/www.ecosolucionesquimicas.es\/pt-pt\/politica-de-privacidade\/#breadcrumb","itemListElement":[{"@type":"ListItem","position":1,"name":"Portada","item":"https:\/\/www.ecosolucionesquimicas.es\/pt-pt\/home\/"},{"@type":"ListItem","position":2,"name":"Pol\u00edtica de privacidade"}]},{"@type":"WebSite","@id":"https:\/\/www.ecosolucionesquimicas.es\/pt-pt\/#website","url":"https:\/\/www.ecosolucionesquimicas.es\/pt-pt\/","name":"Ecosoluciones Qu\u00edmicas","description":"Compre produtos de limpeza e qu\u00edmicos, de fabrica\u00e7\u00e3o pr\u00f3pria, online.","publisher":{"@id":"https:\/\/www.ecosolucionesquimicas.es\/pt-pt\/#organization"},"alternateName":"EQM","potentialAction":[{"@type":"SearchAction","target":{"@type":"EntryPoint","urlTemplate":"https:\/\/www.ecosolucionesquimicas.es\/pt-pt\/?s={search_term_string}"},"query-input":{"@type":"PropertyValueSpecification","valueRequired":true,"valueName":"search_term_string"}}],"inLanguage":"pt-PT"},{"@type":"Organization","@id":"https:\/\/www.ecosolucionesquimicas.es\/pt-pt\/#organization","name":"Ecosoluciones Qu\u00edmicas","url":"https:\/\/www.ecosolucionesquimicas.es\/pt-pt\/","logo":{"@type":"ImageObject","inLanguage":"pt-PT","@id":"https:\/\/www.ecosolucionesquimicas.es\/pt-pt\/#\/schema\/logo\/image\/","url":"https:\/\/www.ecosolucionesquimicas.es\/wp-content\/uploads\/2024\/08\/LOGO-EQM-NUEVO-.png","contentUrl":"https:\/\/www.ecosolucionesquimicas.es\/wp-content\/uploads\/2024\/08\/LOGO-EQM-NUEVO-.png","width":1060,"height":456,"caption":"Ecosoluciones Qu\u00edmicas"},"image":{"@id":"https:\/\/www.ecosolucionesquimicas.es\/pt-pt\/#\/schema\/logo\/image\/"},"sameAs":["https:\/\/www.facebook.com\/ecosolucionesquimicasmadrid\/","https:\/\/www.instagram.com\/ecosolucionesquimicas\/"],"hasMerchantReturnPolicy":{"@type":"MerchantReturnPolicy","merchantReturnLink":"https:\/\/www.ecosolucionesquimicas.es\/refund_returns\/"}}]}},"_links":{"self":[{"href":"https:\/\/www.ecosolucionesquimicas.es\/pt-pt\/wp-json\/wp\/v2\/pages\/11456","targetHints":{"allow":["GET"]}}],"collection":[{"href":"https:\/\/www.ecosolucionesquimicas.es\/pt-pt\/wp-json\/wp\/v2\/pages"}],"about":[{"href":"https:\/\/www.ecosolucionesquimicas.es\/pt-pt\/wp-json\/wp\/v2\/types\/page"}],"author":[{"embeddable":true,"href":"https:\/\/www.ecosolucionesquimicas.es\/pt-pt\/wp-json\/wp\/v2\/users\/1"}],"replies":[{"embeddable":true,"href":"https:\/\/www.ecosolucionesquimicas.es\/pt-pt\/wp-json\/wp\/v2\/comments?post=11456"}],"version-history":[{"count":2,"href":"https:\/\/www.ecosolucionesquimicas.es\/pt-pt\/wp-json\/wp\/v2\/pages\/11456\/revisions"}],"predecessor-version":[{"id":12465,"href":"https:\/\/www.ecosolucionesquimicas.es\/pt-pt\/wp-json\/wp\/v2\/pages\/11456\/revisions\/12465"}],"wp:attachment":[{"href":"https:\/\/www.ecosolucionesquimicas.es\/pt-pt\/wp-json\/wp\/v2\/media?parent=11456"}],"curies":[{"name":"wp","href":"https:\/\/api.w.org\/{rel}","templated":true}]}}