{"id":13104,"date":"2024-04-11T16:58:25","date_gmt":"2024-04-11T14:58:25","guid":{"rendered":"https:\/\/www.ecosolucionesquimicas.es\/producto\/shampooing-pour-voiture\/"},"modified":"2026-01-02T22:31:35","modified_gmt":"2026-01-02T21:31:35","slug":"shampooing-pour-voiture","status":"publish","type":"product","link":"https:\/\/www.ecosolucionesquimicas.es\/fr\/producto\/shampooing-pour-voiture\/","title":{"rendered":"Shampooing pour voiture"},"content":{"rendered":"<p><img fetchpriority=\"high\" decoding=\"async\" class=\"alignnone wp-image-3730\" src=\"https:\/\/www.ecosolucionesquimicas.es\/wp-content\/uploads\/2024\/04\/Captura-de-pantalla-2024-09-04-a-las-21.36.22-300x186.png\" alt=\"\" width=\"550\" height=\"341\" srcset=\"https:\/\/www.ecosolucionesquimicas.es\/wp-content\/uploads\/2024\/04\/Captura-de-pantalla-2024-09-04-a-las-21.36.22-300x186.png 300w, https:\/\/www.ecosolucionesquimicas.es\/wp-content\/uploads\/2024\/04\/Captura-de-pantalla-2024-09-04-a-las-21.36.22-1024x636.png 1024w, https:\/\/www.ecosolucionesquimicas.es\/wp-content\/uploads\/2024\/04\/Captura-de-pantalla-2024-09-04-a-las-21.36.22-768x477.png 768w, https:\/\/www.ecosolucionesquimicas.es\/wp-content\/uploads\/2024\/04\/Captura-de-pantalla-2024-09-04-a-las-21.36.22-600x372.png 600w, https:\/\/www.ecosolucionesquimicas.es\/wp-content\/uploads\/2024\/04\/Captura-de-pantalla-2024-09-04-a-las-21.36.22.png 1524w\" sizes=\"(max-width: 550px) 100vw, 550px\" \/><\/p>\n<p><strong>MODE D&rsquo;EMPLOI<\/strong><\/p>\n<p><strong>Dilution :<\/strong> Diluer ECO-105 \u00e0 5-10% dans un seau d&rsquo;eau (environ 50-100 ml de produit par litre d&rsquo;eau).<br \/>\n<strong>Application :<\/strong> \u00e0 l&rsquo;aide d&rsquo;une \u00e9ponge, applique la solution sur la carrosserie du v\u00e9hicule en effectuant des mouvements lisses et r\u00e9guliers.<br \/>\n<strong>Salissures profondes :<\/strong> en cas de salet\u00e9 tenace ou incrust\u00e9e, utilise une brosse douce pour frotter les zones concern\u00e9es, puis rince \u00e0 grande eau.<br \/>\n<strong>Rincer :<\/strong> rince soigneusement la carrosserie \u00e0 l&rsquo;eau claire pour \u00e9liminer toute trace de produit.<\/p>\n<p><strong>Recommandations :<\/strong><\/p>\n<p>\u2757Lave le v\u00e9hicule lorsque la surface est froide pour \u00e9viter de l&rsquo;endommager.<br \/>\nNe laisse pas l&rsquo;eau savonneuse s\u00e9cher sur la carrosserie pendant le lavage pour \u00e9viter les taches ou les r\u00e9sidus.<\/p>\n","protected":false},"excerpt":{"rendered":"<p><strong>ECO-105 EST UN D\u00c9TERGENT CON\u00c7U POUR LE LAVAGE MANUEL DES CARROSSERIES DE VOITURES<\/strong>. C&rsquo;est le shampooing id\u00e9al pour l&rsquo;entretien et le nettoyage professionnels des voitures. Sa formule \u00e9limine efficacement la salet\u00e9, la boue et les taches, laissant une finition impeccable sans r\u00e9sidus.  <\/p>\n<p><strong>LE SHAMPOOING EST FORMUL\u00c9 POUR CAPTURER ET RAMOLLIR LA SALET\u00c9<\/strong>. Ce qui permet de l&rsquo;\u00e9liminer facilement sans avoir \u00e0 frotter excessivement. Il convient \u00e0 tous les types de v\u00e9hicules, des voitures aux camions et aux remorques, assurant un nettoyage efficace sur n&rsquo;importe quelle surface.  <\/p>\n<p><strong>L&rsquo;ECO-105 A UN PH NEUTRE, CE QUI GARANTIT QU&rsquo;IL N&rsquo;ENDOMMAGERA PAS LA PEINTURE OU D&rsquo;AUTRES COMPOSANTS.<\/strong> Comme le caoutchouc, le plastique, le chrome ou les pi\u00e8ces m\u00e9talliques. Sa formule \u00e9quilibr\u00e9e permet un lavage en profondeur sans risquer d&rsquo;endommager les mat\u00e9riaux d\u00e9licats. <\/p>\n<p><strong>EST COMPATIBLE AVEC TOUS LES TYPES D&rsquo;EAU ET CONTIENT DES AGENTS S\u00c9QUESTRANTS QUI EMP\u00caCHENT LA FORMATION DE TACHES BLANCHES<\/strong>. Ce qui garantit que le v\u00e9hicule reste sans traces apr\u00e8s le lavage. Il est donc parfait pour un r\u00e9sultat propre et brillant.  <\/p>\n<p><strong>FORMATS DE 1, 5 ET 20 LITRES.<\/strong><\/p>\n<p><strong>\u26ab<\/strong><strong> N\u00b0 de r\u00e9f. : ECO-105<\/strong><\/p>\n","protected":false},"featured_media":13108,"template":"","meta":[],"product_brand":[225],"product_cat":[424],"product_tag":[451,565,564],"class_list":{"0":"post-13104","1":"product","2":"type-product","3":"status-publish","4":"has-post-thumbnail","6":"product_brand-eqm","7":"product_cat-automocion","8":"product_tag-coche","9":"product_tag-lavage","10":"product_tag-travail-corporel","12":"first","13":"instock","14":"taxable","15":"shipping-taxable","16":"purchasable","17":"product-type-variable"},"acf":[],"yoast_head":"<!-- This site is optimized with the Yoast SEO Premium plugin v27.1 (Yoast SEO v27.4) - https:\/\/yoast.com\/product\/yoast-seo-premium-wordpress\/ -->\n<title>Shampooing pour voiture - Ecosoluciones Qu\u00edmicas<\/title>\n<meta name=\"robots\" content=\"index, follow, max-snippet:-1, max-image-preview:large, max-video-preview:-1\" \/>\n<link rel=\"canonical\" href=\"https:\/\/www.ecosolucionesquimicas.es\/fr\/producto\/shampooing-pour-voiture\/\" \/>\n<meta property=\"og:locale\" content=\"fr_FR\" \/>\n<meta property=\"og:type\" content=\"article\" \/>\n<meta property=\"og:title\" content=\"Shampooing pour voiture\" \/>\n<meta property=\"og:description\" content=\"ECO-105 EST UN D\u00c9TERGENT CON\u00c7U POUR LE LAVAGE MANUEL DES CARROSSERIES DE VOITURES. C&#039;est le shampooing id\u00e9al pour l&#039;entretien et le nettoyage professionnels des voitures. Sa formule \u00e9limine efficacement la salet\u00e9, la boue et les taches, laissant une finition impeccable sans r\u00e9sidus.  LE SHAMPOOING EST FORMUL\u00c9 POUR CAPTURER ET RAMOLLIR LA SALET\u00c9. Ce qui permet de l&#039;\u00e9liminer facilement sans avoir \u00e0 frotter excessivement. Il convient \u00e0 tous les types de v\u00e9hicules, des voitures aux camions et aux remorques, assurant un nettoyage efficace sur n&#039;importe quelle surface.  L&#039;ECO-105 A UN PH NEUTRE, CE QUI GARANTIT QU&#039;IL N&#039;ENDOMMAGERA PAS LA PEINTURE OU D&#039;AUTRES COMPOSANTS. Comme le caoutchouc, le plastique, le chrome ou les pi\u00e8ces m\u00e9talliques. Sa formule \u00e9quilibr\u00e9e permet un lavage en profondeur sans risquer d&#039;endommager les mat\u00e9riaux d\u00e9licats.  EST COMPATIBLE AVEC TOUS LES TYPES D&#039;EAU ET CONTIENT DES AGENTS S\u00c9QUESTRANTS QUI EMP\u00caCHENT LA FORMATION DE TACHES BLANCHES. Ce qui garantit que le v\u00e9hicule reste sans traces apr\u00e8s le lavage. Il est donc parfait pour un r\u00e9sultat propre et brillant.  FORMATS DE 1, 5 ET 20 LITRES. \u26ab N\u00b0 de r\u00e9f. : ECO-105\" \/>\n<meta property=\"og:url\" content=\"https:\/\/www.ecosolucionesquimicas.es\/fr\/producto\/shampooing-pour-voiture\/\" \/>\n<meta property=\"og:site_name\" content=\"Ecosoluciones Qu\u00edmicas\" \/>\n<meta property=\"article:publisher\" content=\"https:\/\/www.facebook.com\/ecosolucionesquimicasmadrid\/\" \/>\n<meta property=\"article:modified_time\" content=\"2026-01-02T21:31:35+00:00\" \/>\n<meta property=\"og:image\" content=\"https:\/\/www.ecosolucionesquimicas.es\/wp-content\/uploads\/2024\/04\/Captura-de-pantalla-2024-09-04-a-las-21.36.22-300x186.png\" \/>\n<meta name=\"twitter:card\" content=\"summary_large_image\" \/>\n<meta name=\"twitter:label1\" content=\"Disponibilit\u00e9\" \/>\n\t<meta name=\"twitter:data1\" content=\"En stock\" \/>\n<script type=\"application\/ld+json\" class=\"yoast-schema-graph\">{\"@context\":\"https:\\\/\\\/schema.org\",\"@graph\":[{\"@type\":\"WebPage\",\"@id\":\"https:\\\/\\\/www.ecosolucionesquimicas.es\\\/fr\\\/producto\\\/shampooing-pour-voiture\\\/\",\"url\":\"https:\\\/\\\/www.ecosolucionesquimicas.es\\\/fr\\\/producto\\\/shampooing-pour-voiture\\\/\",\"name\":\"Shampooing pour voiture - Ecosoluciones Qu\u00edmicas\",\"isPartOf\":{\"@id\":\"https:\\\/\\\/www.ecosolucionesquimicas.es\\\/fr\\\/#website\"},\"primaryImageOfPage\":{\"@id\":\"https:\\\/\\\/www.ecosolucionesquimicas.es\\\/fr\\\/producto\\\/shampooing-pour-voiture\\\/#primaryimage\"},\"image\":{\"@id\":\"https:\\\/\\\/www.ecosolucionesquimicas.es\\\/fr\\\/producto\\\/shampooing-pour-voiture\\\/#primaryimage\"},\"thumbnailUrl\":\"https:\\\/\\\/www.ecosolucionesquimicas.es\\\/wp-content\\\/uploads\\\/2024\\\/04\\\/ECO-105-1L-scaled.jpg\",\"datePublished\":\"2024-04-11T14:58:25+00:00\",\"dateModified\":\"2026-01-02T21:31:35+00:00\",\"breadcrumb\":{\"@id\":\"https:\\\/\\\/www.ecosolucionesquimicas.es\\\/fr\\\/producto\\\/shampooing-pour-voiture\\\/#breadcrumb\"},\"inLanguage\":\"fr-FR\",\"potentialAction\":[{\"@type\":\"ReadAction\",\"target\":[\"https:\\\/\\\/www.ecosolucionesquimicas.es\\\/fr\\\/producto\\\/shampooing-pour-voiture\\\/\"]}]},{\"@type\":\"ImageObject\",\"inLanguage\":\"fr-FR\",\"@id\":\"https:\\\/\\\/www.ecosolucionesquimicas.es\\\/fr\\\/producto\\\/shampooing-pour-voiture\\\/#primaryimage\",\"url\":\"https:\\\/\\\/www.ecosolucionesquimicas.es\\\/wp-content\\\/uploads\\\/2024\\\/04\\\/ECO-105-1L-scaled.jpg\",\"contentUrl\":\"https:\\\/\\\/www.ecosolucionesquimicas.es\\\/wp-content\\\/uploads\\\/2024\\\/04\\\/ECO-105-1L-scaled.jpg\",\"width\":2350,\"height\":2560},{\"@type\":\"BreadcrumbList\",\"@id\":\"https:\\\/\\\/www.ecosolucionesquimicas.es\\\/fr\\\/producto\\\/shampooing-pour-voiture\\\/#breadcrumb\",\"itemListElement\":[{\"@type\":\"ListItem\",\"position\":1,\"name\":\"Portada\",\"item\":\"https:\\\/\\\/www.ecosolucionesquimicas.es\\\/fr\\\/home\\\/\"},{\"@type\":\"ListItem\",\"position\":2,\"name\":\"Shampooing pour voiture\"}]},{\"@type\":\"WebSite\",\"@id\":\"https:\\\/\\\/www.ecosolucionesquimicas.es\\\/fr\\\/#website\",\"url\":\"https:\\\/\\\/www.ecosolucionesquimicas.es\\\/fr\\\/\",\"name\":\"Ecosoluciones Qu\u00edmicas\",\"description\":\"Achetez en ligne des produits d'entretien et des produits chimiques fabriqu\u00e9s par nos soins.\",\"publisher\":{\"@id\":\"https:\\\/\\\/www.ecosolucionesquimicas.es\\\/fr\\\/#organization\"},\"alternateName\":\"EQM\",\"potentialAction\":[{\"@type\":\"SearchAction\",\"target\":{\"@type\":\"EntryPoint\",\"urlTemplate\":\"https:\\\/\\\/www.ecosolucionesquimicas.es\\\/fr\\\/?s={search_term_string}\"},\"query-input\":{\"@type\":\"PropertyValueSpecification\",\"valueRequired\":true,\"valueName\":\"search_term_string\"}}],\"inLanguage\":\"fr-FR\"},{\"@type\":\"Organization\",\"@id\":\"https:\\\/\\\/www.ecosolucionesquimicas.es\\\/fr\\\/#organization\",\"name\":\"Ecosoluciones Qu\u00edmicas\",\"url\":\"https:\\\/\\\/www.ecosolucionesquimicas.es\\\/fr\\\/\",\"logo\":{\"@type\":\"ImageObject\",\"inLanguage\":\"fr-FR\",\"@id\":\"https:\\\/\\\/www.ecosolucionesquimicas.es\\\/fr\\\/#\\\/schema\\\/logo\\\/image\\\/\",\"url\":\"https:\\\/\\\/www.ecosolucionesquimicas.es\\\/wp-content\\\/uploads\\\/2024\\\/08\\\/LOGO-EQM-NUEVO-.png\",\"contentUrl\":\"https:\\\/\\\/www.ecosolucionesquimicas.es\\\/wp-content\\\/uploads\\\/2024\\\/08\\\/LOGO-EQM-NUEVO-.png\",\"width\":1060,\"height\":456,\"caption\":\"Ecosoluciones Qu\u00edmicas\"},\"image\":{\"@id\":\"https:\\\/\\\/www.ecosolucionesquimicas.es\\\/fr\\\/#\\\/schema\\\/logo\\\/image\\\/\"},\"sameAs\":[\"https:\\\/\\\/www.facebook.com\\\/ecosolucionesquimicasmadrid\\\/\",\"https:\\\/\\\/www.instagram.com\\\/ecosolucionesquimicas\\\/\"],\"hasMerchantReturnPolicy\":{\"@type\":\"MerchantReturnPolicy\",\"merchantReturnLink\":\"https:\\\/\\\/www.ecosolucionesquimicas.es\\\/refund_returns\\\/\"}}]}<\/script>\n<meta property=\"product:brand\" content=\"EQM\" \/>\n<meta property=\"og:availability\" content=\"instock\" \/>\n<meta property=\"product:availability\" content=\"instock\" \/>\n<meta property=\"product:retailer_item_id\" content=\"ECO-105\" \/>\n<meta property=\"product:condition\" content=\"new\" \/>\n<!-- \/ Yoast SEO Premium plugin. -->","yoast_head_json":{"title":"Shampooing pour voiture - Ecosoluciones Qu\u00edmicas","robots":{"index":"index","follow":"follow","max-snippet":"max-snippet:-1","max-image-preview":"max-image-preview:large","max-video-preview":"max-video-preview:-1"},"canonical":"https:\/\/www.ecosolucionesquimicas.es\/fr\/producto\/shampooing-pour-voiture\/","og_locale":"fr_FR","og_type":"article","og_title":"Shampooing pour voiture","og_description":"ECO-105 EST UN D\u00c9TERGENT CON\u00c7U POUR LE LAVAGE MANUEL DES CARROSSERIES DE VOITURES. C'est le shampooing id\u00e9al pour l'entretien et le nettoyage professionnels des voitures. Sa formule \u00e9limine efficacement la salet\u00e9, la boue et les taches, laissant une finition impeccable sans r\u00e9sidus.  LE SHAMPOOING EST FORMUL\u00c9 POUR CAPTURER ET RAMOLLIR LA SALET\u00c9. Ce qui permet de l'\u00e9liminer facilement sans avoir \u00e0 frotter excessivement. Il convient \u00e0 tous les types de v\u00e9hicules, des voitures aux camions et aux remorques, assurant un nettoyage efficace sur n'importe quelle surface.  L'ECO-105 A UN PH NEUTRE, CE QUI GARANTIT QU'IL N'ENDOMMAGERA PAS LA PEINTURE OU D'AUTRES COMPOSANTS. Comme le caoutchouc, le plastique, le chrome ou les pi\u00e8ces m\u00e9talliques. Sa formule \u00e9quilibr\u00e9e permet un lavage en profondeur sans risquer d'endommager les mat\u00e9riaux d\u00e9licats.  EST COMPATIBLE AVEC TOUS LES TYPES D'EAU ET CONTIENT DES AGENTS S\u00c9QUESTRANTS QUI EMP\u00caCHENT LA FORMATION DE TACHES BLANCHES. Ce qui garantit que le v\u00e9hicule reste sans traces apr\u00e8s le lavage. Il est donc parfait pour un r\u00e9sultat propre et brillant.  FORMATS DE 1, 5 ET 20 LITRES. \u26ab N\u00b0 de r\u00e9f. : ECO-105","og_url":"https:\/\/www.ecosolucionesquimicas.es\/fr\/producto\/shampooing-pour-voiture\/","og_site_name":"Ecosoluciones Qu\u00edmicas","article_publisher":"https:\/\/www.facebook.com\/ecosolucionesquimicasmadrid\/","article_modified_time":"2026-01-02T21:31:35+00:00","og_image":[{"url":"https:\/\/www.ecosolucionesquimicas.es\/wp-content\/uploads\/2024\/04\/Captura-de-pantalla-2024-09-04-a-las-21.36.22-300x186.png","type":"","width":"","height":""}],"twitter_card":"summary_large_image","twitter_misc":{"Disponibilit\u00e9":"En stock"},"schema":{"@context":"https:\/\/schema.org","@graph":[{"@type":"WebPage","@id":"https:\/\/www.ecosolucionesquimicas.es\/fr\/producto\/shampooing-pour-voiture\/","url":"https:\/\/www.ecosolucionesquimicas.es\/fr\/producto\/shampooing-pour-voiture\/","name":"Shampooing pour voiture - Ecosoluciones Qu\u00edmicas","isPartOf":{"@id":"https:\/\/www.ecosolucionesquimicas.es\/fr\/#website"},"primaryImageOfPage":{"@id":"https:\/\/www.ecosolucionesquimicas.es\/fr\/producto\/shampooing-pour-voiture\/#primaryimage"},"image":{"@id":"https:\/\/www.ecosolucionesquimicas.es\/fr\/producto\/shampooing-pour-voiture\/#primaryimage"},"thumbnailUrl":"https:\/\/www.ecosolucionesquimicas.es\/wp-content\/uploads\/2024\/04\/ECO-105-1L-scaled.jpg","datePublished":"2024-04-11T14:58:25+00:00","dateModified":"2026-01-02T21:31:35+00:00","breadcrumb":{"@id":"https:\/\/www.ecosolucionesquimicas.es\/fr\/producto\/shampooing-pour-voiture\/#breadcrumb"},"inLanguage":"fr-FR","potentialAction":[{"@type":"ReadAction","target":["https:\/\/www.ecosolucionesquimicas.es\/fr\/producto\/shampooing-pour-voiture\/"]}]},{"@type":"ImageObject","inLanguage":"fr-FR","@id":"https:\/\/www.ecosolucionesquimicas.es\/fr\/producto\/shampooing-pour-voiture\/#primaryimage","url":"https:\/\/www.ecosolucionesquimicas.es\/wp-content\/uploads\/2024\/04\/ECO-105-1L-scaled.jpg","contentUrl":"https:\/\/www.ecosolucionesquimicas.es\/wp-content\/uploads\/2024\/04\/ECO-105-1L-scaled.jpg","width":2350,"height":2560},{"@type":"BreadcrumbList","@id":"https:\/\/www.ecosolucionesquimicas.es\/fr\/producto\/shampooing-pour-voiture\/#breadcrumb","itemListElement":[{"@type":"ListItem","position":1,"name":"Portada","item":"https:\/\/www.ecosolucionesquimicas.es\/fr\/home\/"},{"@type":"ListItem","position":2,"name":"Shampooing pour voiture"}]},{"@type":"WebSite","@id":"https:\/\/www.ecosolucionesquimicas.es\/fr\/#website","url":"https:\/\/www.ecosolucionesquimicas.es\/fr\/","name":"Ecosoluciones Qu\u00edmicas","description":"Achetez en ligne des produits d'entretien et des produits chimiques fabriqu\u00e9s par nos soins.","publisher":{"@id":"https:\/\/www.ecosolucionesquimicas.es\/fr\/#organization"},"alternateName":"EQM","potentialAction":[{"@type":"SearchAction","target":{"@type":"EntryPoint","urlTemplate":"https:\/\/www.ecosolucionesquimicas.es\/fr\/?s={search_term_string}"},"query-input":{"@type":"PropertyValueSpecification","valueRequired":true,"valueName":"search_term_string"}}],"inLanguage":"fr-FR"},{"@type":"Organization","@id":"https:\/\/www.ecosolucionesquimicas.es\/fr\/#organization","name":"Ecosoluciones Qu\u00edmicas","url":"https:\/\/www.ecosolucionesquimicas.es\/fr\/","logo":{"@type":"ImageObject","inLanguage":"fr-FR","@id":"https:\/\/www.ecosolucionesquimicas.es\/fr\/#\/schema\/logo\/image\/","url":"https:\/\/www.ecosolucionesquimicas.es\/wp-content\/uploads\/2024\/08\/LOGO-EQM-NUEVO-.png","contentUrl":"https:\/\/www.ecosolucionesquimicas.es\/wp-content\/uploads\/2024\/08\/LOGO-EQM-NUEVO-.png","width":1060,"height":456,"caption":"Ecosoluciones Qu\u00edmicas"},"image":{"@id":"https:\/\/www.ecosolucionesquimicas.es\/fr\/#\/schema\/logo\/image\/"},"sameAs":["https:\/\/www.facebook.com\/ecosolucionesquimicasmadrid\/","https:\/\/www.instagram.com\/ecosolucionesquimicas\/"],"hasMerchantReturnPolicy":{"@type":"MerchantReturnPolicy","merchantReturnLink":"https:\/\/www.ecosolucionesquimicas.es\/refund_returns\/"}}]},"product_brand":"EQM","og_availability":"instock","product_availability":"instock","product_retailer_item_id":"ECO-105","product_condition":"new"},"_links":{"self":[{"href":"https:\/\/www.ecosolucionesquimicas.es\/fr\/wp-json\/wp\/v2\/product\/13104","targetHints":{"allow":["GET"]}}],"collection":[{"href":"https:\/\/www.ecosolucionesquimicas.es\/fr\/wp-json\/wp\/v2\/product"}],"about":[{"href":"https:\/\/www.ecosolucionesquimicas.es\/fr\/wp-json\/wp\/v2\/types\/product"}],"wp:featuredmedia":[{"embeddable":true,"href":"https:\/\/www.ecosolucionesquimicas.es\/fr\/wp-json\/wp\/v2\/media\/13108"}],"wp:attachment":[{"href":"https:\/\/www.ecosolucionesquimicas.es\/fr\/wp-json\/wp\/v2\/media?parent=13104"}],"wp:term":[{"taxonomy":"product_brand","embeddable":true,"href":"https:\/\/www.ecosolucionesquimicas.es\/fr\/wp-json\/wp\/v2\/product_brand?post=13104"},{"taxonomy":"product_cat","embeddable":true,"href":"https:\/\/www.ecosolucionesquimicas.es\/fr\/wp-json\/wp\/v2\/product_cat?post=13104"},{"taxonomy":"product_tag","embeddable":true,"href":"https:\/\/www.ecosolucionesquimicas.es\/fr\/wp-json\/wp\/v2\/product_tag?post=13104"}],"curies":[{"name":"wp","href":"https:\/\/api.w.org\/{rel}","templated":true}]}}