{"id":13087,"date":"2024-08-26T12:04:22","date_gmt":"2024-08-26T10:04:22","guid":{"rendered":"https:\/\/www.ecosolucionesquimicas.es\/producto\/nettoyeur-decran\/"},"modified":"2026-02-04T17:01:47","modified_gmt":"2026-02-04T16:01:47","slug":"nettoyeur-decran","status":"publish","type":"product","link":"https:\/\/www.ecosolucionesquimicas.es\/fr\/producto\/nettoyeur-decran\/","title":{"rendered":"Nettoyeur d&rsquo;\u00e9cran"},"content":{"rendered":"<p><img fetchpriority=\"high\" decoding=\"async\" class=\"alignnone wp-image-3456\" src=\"https:\/\/www.ecosolucionesquimicas.es\/wp-content\/uploads\/2024\/08\/cleaning_smartphone_screen_small_cloth-300x171.jpg\" alt=\"\" width=\"639\" height=\"364\" srcset=\"https:\/\/www.ecosolucionesquimicas.es\/wp-content\/uploads\/2024\/08\/cleaning_smartphone_screen_small_cloth-300x171.jpg 300w, https:\/\/www.ecosolucionesquimicas.es\/wp-content\/uploads\/2024\/08\/cleaning_smartphone_screen_small_cloth-1024x585.jpg 1024w, https:\/\/www.ecosolucionesquimicas.es\/wp-content\/uploads\/2024\/08\/cleaning_smartphone_screen_small_cloth-768x439.jpg 768w, https:\/\/www.ecosolucionesquimicas.es\/wp-content\/uploads\/2024\/08\/cleaning_smartphone_screen_small_cloth-1536x878.jpg 1536w, https:\/\/www.ecosolucionesquimicas.es\/wp-content\/uploads\/2024\/08\/cleaning_smartphone_screen_small_cloth-600x343.jpg 600w, https:\/\/www.ecosolucionesquimicas.es\/wp-content\/uploads\/2024\/08\/cleaning_smartphone_screen_small_cloth.jpg 1792w\" sizes=\"(max-width: 639px) 100vw, 639px\" \/><\/p>\n<p><strong>MODE D&rsquo;EMPLOI<\/strong><\/p>\n<p><strong>\ud83d\udd18 \u00c9 <\/strong>teins l&rsquo;appareil <strong>: <\/strong>avant de nettoyer l&rsquo;\u00e9cran, assure-toi que l&rsquo;appareil est \u00e9teint et d\u00e9branch\u00e9 pour \u00e9viter tout dommage ou court-circuit.<br \/>\n<strong>Secoue bien le nettoyant : <\/strong>avant de l&rsquo;utiliser, secoue bien le contenant pour t&rsquo;assurer que les ingr\u00e9dients sont bien m\u00e9lang\u00e9s.<br \/>\n<strong>\ud83d\udd18 Nettoyage de l&rsquo;\u00e9cran : <\/strong>Utilise le chiffon en microfibre fourni avec le produit pour nettoyer l&rsquo;\u00e9cran. Effectue des mouvements circulaires ou en ligne droite, en veillant \u00e0 couvrir toute la surface.<br \/>\n<strong>S\u00e9chage rapide : <\/strong>ECO-219 s\u00e8che instantan\u00e9ment, tu n&rsquo;auras donc pas besoin de temps suppl\u00e9mentaire pour s\u00e9cher l&rsquo;\u00e9cran. Apr\u00e8s le nettoyage, ton \u00e9cran est pr\u00eat \u00e0 \u00eatre utilis\u00e9 imm\u00e9diatement. <\/p>\n<p><strong>Recommandations :<\/strong><\/p>\n<p>Il n&rsquo;est pas n\u00e9cessaire d&rsquo;exercer une forte pression ; un l\u00e9ger contact suffit \u00e0 \u00e9liminer la salet\u00e9 et les empreintes digitales.<\/p>\n","protected":false},"excerpt":{"rendered":"<p><strong>\u00c9LIMINE LA GRAISSE, LES BAVURES ET LES EMPREINTES DIGITALES.<\/strong> ECO-219 est sp\u00e9cialement con\u00e7u pour nettoyer les \u00e9crans de tous types sans laisser de traces, en \u00e9liminant efficacement la graisse, les bavures et les empreintes digitales sans endommager le rev\u00eatement de l&rsquo;appareil.<\/p>\n<p>Son efficacit\u00e9 rapide am\u00e9liore la visibilit\u00e9 des \u00e9crans, ce qui contribue \u00e0 r\u00e9duire la fatigue visuelle et garantit un nettoyage clair et <strong>sans traces<\/strong>.<\/p>\n<p><strong>IDEAL POUR TOUS LES ECRANS ET APPAREILS<\/strong> Utilise ECO-219 sur les \u00e9crans de t\u00e9l\u00e9vision (LCD, LED, OLED, etc.), les smartphones, les ordinateurs portables, les tablettes, les appareils Apple, les claviers, les souris, les lunettes de projecteur, les liseuses \u00e9lectroniques et les CD\/DVD. Assure un nettoyage en profondeur sans rayures et maintient tes appareils en parfait \u00e9tat. <\/p>\n<p><strong>FORMAT PRATIQUE DE 500 ML AVEC PULV\u00c9RISATION FINE.<\/strong> Le produit se pr\u00e9sente dans un format pratique qui permet de le ranger et de le transporter facilement. Associ\u00e9 \u00e0 un chiffon sp\u00e9cial en microfibre, il permet un nettoyage parfait et est id\u00e9al \u00e0 garder \u00e0 port\u00e9e de main au bureau ou \u00e0 la maison. <\/p>\n<p><strong>\u2705<\/strong><strong> FORMAT 500 MILLILITRES + CHAMOIS GRATUIT.<\/strong><\/p>\n<p><strong>R\u00e9f\u00e9rence : ECO-219<\/strong><\/p>\n","protected":false},"featured_media":13100,"template":"","meta":[],"product_brand":[225],"product_cat":[413,556,465],"product_tag":[693],"class_list":{"0":"post-13087","1":"product","2":"type-product","3":"status-publish","4":"has-post-thumbnail","6":"product_brand-eqm","7":"product_cat-limpieza-profesional","8":"product_cat-nouvelles","9":"product_cat-ofertas","10":"product_tag-nettoyeur-decran","12":"first","13":"instock","14":"taxable","15":"shipping-taxable","16":"purchasable","17":"product-type-simple"},"acf":[],"yoast_head":"<!-- This site is optimized with the Yoast SEO Premium plugin v27.1 (Yoast SEO v27.4) - https:\/\/yoast.com\/product\/yoast-seo-premium-wordpress\/ -->\n<title>Nettoyeur d&#039;\u00e9cran - Ecosoluciones Qu\u00edmicas<\/title>\n<meta name=\"robots\" content=\"index, follow, max-snippet:-1, max-image-preview:large, max-video-preview:-1\" \/>\n<link rel=\"canonical\" href=\"https:\/\/www.ecosolucionesquimicas.es\/fr\/producto\/nettoyeur-decran\/\" \/>\n<meta property=\"og:locale\" content=\"fr_FR\" \/>\n<meta property=\"og:type\" content=\"article\" \/>\n<meta property=\"og:title\" content=\"Nettoyeur d&#039;\u00e9cran\" \/>\n<meta property=\"og:description\" content=\"\u00c9LIMINE LA GRAISSE, LES BAVURES ET LES EMPREINTES DIGITALES. ECO-219 est sp\u00e9cialement con\u00e7u pour nettoyer les \u00e9crans de tous types sans laisser de traces, en \u00e9liminant efficacement la graisse, les bavures et les empreintes digitales sans endommager le rev\u00eatement de l&#039;appareil. Son efficacit\u00e9 rapide am\u00e9liore la visibilit\u00e9 des \u00e9crans, ce qui contribue \u00e0 r\u00e9duire la fatigue visuelle et garantit un nettoyage clair et sans traces. IDEAL POUR TOUS LES ECRANS ET APPAREILS Utilise ECO-219 sur les \u00e9crans de t\u00e9l\u00e9vision (LCD, LED, OLED, etc.), les smartphones, les ordinateurs portables, les tablettes, les appareils Apple, les claviers, les souris, les lunettes de projecteur, les liseuses \u00e9lectroniques et les CD\/DVD. Assure un nettoyage en profondeur sans rayures et maintient tes appareils en parfait \u00e9tat.  FORMAT PRATIQUE DE 500 ML AVEC PULV\u00c9RISATION FINE. Le produit se pr\u00e9sente dans un format pratique qui permet de le ranger et de le transporter facilement. Associ\u00e9 \u00e0 un chiffon sp\u00e9cial en microfibre, il permet un nettoyage parfait et est id\u00e9al \u00e0 garder \u00e0 port\u00e9e de main au bureau ou \u00e0 la maison.  \u2705 FORMAT 500 MILLILITRES + CHAMOIS GRATUIT. R\u00e9f\u00e9rence : ECO-219\" \/>\n<meta property=\"og:url\" content=\"https:\/\/www.ecosolucionesquimicas.es\/fr\/producto\/nettoyeur-decran\/\" \/>\n<meta property=\"og:site_name\" content=\"Ecosoluciones Qu\u00edmicas\" \/>\n<meta property=\"article:publisher\" content=\"https:\/\/www.facebook.com\/ecosolucionesquimicasmadrid\/\" \/>\n<meta property=\"article:modified_time\" content=\"2026-02-04T16:01:47+00:00\" \/>\n<meta property=\"og:image\" content=\"https:\/\/www.ecosolucionesquimicas.es\/wp-content\/uploads\/2024\/08\/cleaning_smartphone_screen_small_cloth-300x171.jpg\" \/>\n<meta name=\"twitter:card\" content=\"summary_large_image\" \/>\n<meta name=\"twitter:label1\" content=\"Prix\" \/>\n\t<meta name=\"twitter:data1\" content=\"6,04&nbsp;&euro; TVA incluse.\" \/>\n\t<meta name=\"twitter:label2\" content=\"Disponibilit\u00e9\" \/>\n\t<meta name=\"twitter:data2\" content=\"En stock\" \/>\n<script type=\"application\/ld+json\" class=\"yoast-schema-graph\">{\"@context\":\"https:\\\/\\\/schema.org\",\"@graph\":[{\"@type\":\"WebPage\",\"@id\":\"https:\\\/\\\/www.ecosolucionesquimicas.es\\\/fr\\\/producto\\\/nettoyeur-decran\\\/\",\"url\":\"https:\\\/\\\/www.ecosolucionesquimicas.es\\\/fr\\\/producto\\\/nettoyeur-decran\\\/\",\"name\":\"Nettoyeur d'\u00e9cran - Ecosoluciones Qu\u00edmicas\",\"isPartOf\":{\"@id\":\"https:\\\/\\\/www.ecosolucionesquimicas.es\\\/fr\\\/#website\"},\"primaryImageOfPage\":{\"@id\":\"https:\\\/\\\/www.ecosolucionesquimicas.es\\\/fr\\\/producto\\\/nettoyeur-decran\\\/#primaryimage\"},\"image\":{\"@id\":\"https:\\\/\\\/www.ecosolucionesquimicas.es\\\/fr\\\/producto\\\/nettoyeur-decran\\\/#primaryimage\"},\"thumbnailUrl\":\"https:\\\/\\\/www.ecosolucionesquimicas.es\\\/wp-content\\\/uploads\\\/2024\\\/08\\\/ECO-219-500ML-scaled.jpg\",\"datePublished\":\"2024-08-26T10:04:22+00:00\",\"dateModified\":\"2026-02-04T16:01:47+00:00\",\"breadcrumb\":{\"@id\":\"https:\\\/\\\/www.ecosolucionesquimicas.es\\\/fr\\\/producto\\\/nettoyeur-decran\\\/#breadcrumb\"},\"inLanguage\":\"fr-FR\",\"potentialAction\":[{\"@type\":\"ReadAction\",\"target\":[\"https:\\\/\\\/www.ecosolucionesquimicas.es\\\/fr\\\/producto\\\/nettoyeur-decran\\\/\"]}]},{\"@type\":\"ImageObject\",\"inLanguage\":\"fr-FR\",\"@id\":\"https:\\\/\\\/www.ecosolucionesquimicas.es\\\/fr\\\/producto\\\/nettoyeur-decran\\\/#primaryimage\",\"url\":\"https:\\\/\\\/www.ecosolucionesquimicas.es\\\/wp-content\\\/uploads\\\/2024\\\/08\\\/ECO-219-500ML-scaled.jpg\",\"contentUrl\":\"https:\\\/\\\/www.ecosolucionesquimicas.es\\\/wp-content\\\/uploads\\\/2024\\\/08\\\/ECO-219-500ML-scaled.jpg\",\"width\":2350,\"height\":2560},{\"@type\":\"BreadcrumbList\",\"@id\":\"https:\\\/\\\/www.ecosolucionesquimicas.es\\\/fr\\\/producto\\\/nettoyeur-decran\\\/#breadcrumb\",\"itemListElement\":[{\"@type\":\"ListItem\",\"position\":1,\"name\":\"Portada\",\"item\":\"https:\\\/\\\/www.ecosolucionesquimicas.es\\\/fr\\\/home\\\/\"},{\"@type\":\"ListItem\",\"position\":2,\"name\":\"Nettoyeur d&#8217;\u00e9cran\"}]},{\"@type\":\"WebSite\",\"@id\":\"https:\\\/\\\/www.ecosolucionesquimicas.es\\\/fr\\\/#website\",\"url\":\"https:\\\/\\\/www.ecosolucionesquimicas.es\\\/fr\\\/\",\"name\":\"Ecosoluciones Qu\u00edmicas\",\"description\":\"Achetez en ligne des produits d'entretien et des produits chimiques fabriqu\u00e9s par nos soins.\",\"publisher\":{\"@id\":\"https:\\\/\\\/www.ecosolucionesquimicas.es\\\/fr\\\/#organization\"},\"alternateName\":\"EQM\",\"potentialAction\":[{\"@type\":\"SearchAction\",\"target\":{\"@type\":\"EntryPoint\",\"urlTemplate\":\"https:\\\/\\\/www.ecosolucionesquimicas.es\\\/fr\\\/?s={search_term_string}\"},\"query-input\":{\"@type\":\"PropertyValueSpecification\",\"valueRequired\":true,\"valueName\":\"search_term_string\"}}],\"inLanguage\":\"fr-FR\"},{\"@type\":\"Organization\",\"@id\":\"https:\\\/\\\/www.ecosolucionesquimicas.es\\\/fr\\\/#organization\",\"name\":\"Ecosoluciones Qu\u00edmicas\",\"url\":\"https:\\\/\\\/www.ecosolucionesquimicas.es\\\/fr\\\/\",\"logo\":{\"@type\":\"ImageObject\",\"inLanguage\":\"fr-FR\",\"@id\":\"https:\\\/\\\/www.ecosolucionesquimicas.es\\\/fr\\\/#\\\/schema\\\/logo\\\/image\\\/\",\"url\":\"https:\\\/\\\/www.ecosolucionesquimicas.es\\\/wp-content\\\/uploads\\\/2024\\\/08\\\/LOGO-EQM-NUEVO-.png\",\"contentUrl\":\"https:\\\/\\\/www.ecosolucionesquimicas.es\\\/wp-content\\\/uploads\\\/2024\\\/08\\\/LOGO-EQM-NUEVO-.png\",\"width\":1060,\"height\":456,\"caption\":\"Ecosoluciones Qu\u00edmicas\"},\"image\":{\"@id\":\"https:\\\/\\\/www.ecosolucionesquimicas.es\\\/fr\\\/#\\\/schema\\\/logo\\\/image\\\/\"},\"sameAs\":[\"https:\\\/\\\/www.facebook.com\\\/ecosolucionesquimicasmadrid\\\/\",\"https:\\\/\\\/www.instagram.com\\\/ecosolucionesquimicas\\\/\"],\"hasMerchantReturnPolicy\":{\"@type\":\"MerchantReturnPolicy\",\"merchantReturnLink\":\"https:\\\/\\\/www.ecosolucionesquimicas.es\\\/refund_returns\\\/\"}}]}<\/script>\n<meta property=\"product:brand\" content=\"EQM\" \/>\n<meta property=\"product:price:amount\" content=\"6.04\" \/>\n<meta property=\"product:price:currency\" content=\"EUR\" \/>\n<meta property=\"og:availability\" content=\"instock\" \/>\n<meta property=\"product:availability\" content=\"instock\" \/>\n<meta property=\"product:retailer_item_id\" content=\"ECO-219\" \/>\n<meta property=\"product:condition\" content=\"new\" \/>\n<!-- \/ Yoast SEO Premium plugin. -->","yoast_head_json":{"title":"Nettoyeur d'\u00e9cran - Ecosoluciones Qu\u00edmicas","robots":{"index":"index","follow":"follow","max-snippet":"max-snippet:-1","max-image-preview":"max-image-preview:large","max-video-preview":"max-video-preview:-1"},"canonical":"https:\/\/www.ecosolucionesquimicas.es\/fr\/producto\/nettoyeur-decran\/","og_locale":"fr_FR","og_type":"article","og_title":"Nettoyeur d'\u00e9cran","og_description":"\u00c9LIMINE LA GRAISSE, LES BAVURES ET LES EMPREINTES DIGITALES. ECO-219 est sp\u00e9cialement con\u00e7u pour nettoyer les \u00e9crans de tous types sans laisser de traces, en \u00e9liminant efficacement la graisse, les bavures et les empreintes digitales sans endommager le rev\u00eatement de l'appareil. Son efficacit\u00e9 rapide am\u00e9liore la visibilit\u00e9 des \u00e9crans, ce qui contribue \u00e0 r\u00e9duire la fatigue visuelle et garantit un nettoyage clair et sans traces. IDEAL POUR TOUS LES ECRANS ET APPAREILS Utilise ECO-219 sur les \u00e9crans de t\u00e9l\u00e9vision (LCD, LED, OLED, etc.), les smartphones, les ordinateurs portables, les tablettes, les appareils Apple, les claviers, les souris, les lunettes de projecteur, les liseuses \u00e9lectroniques et les CD\/DVD. Assure un nettoyage en profondeur sans rayures et maintient tes appareils en parfait \u00e9tat.  FORMAT PRATIQUE DE 500 ML AVEC PULV\u00c9RISATION FINE. Le produit se pr\u00e9sente dans un format pratique qui permet de le ranger et de le transporter facilement. Associ\u00e9 \u00e0 un chiffon sp\u00e9cial en microfibre, il permet un nettoyage parfait et est id\u00e9al \u00e0 garder \u00e0 port\u00e9e de main au bureau ou \u00e0 la maison.  \u2705 FORMAT 500 MILLILITRES + CHAMOIS GRATUIT. R\u00e9f\u00e9rence : ECO-219","og_url":"https:\/\/www.ecosolucionesquimicas.es\/fr\/producto\/nettoyeur-decran\/","og_site_name":"Ecosoluciones Qu\u00edmicas","article_publisher":"https:\/\/www.facebook.com\/ecosolucionesquimicasmadrid\/","article_modified_time":"2026-02-04T16:01:47+00:00","og_image":[{"url":"https:\/\/www.ecosolucionesquimicas.es\/wp-content\/uploads\/2024\/08\/cleaning_smartphone_screen_small_cloth-300x171.jpg","type":"","width":"","height":""}],"twitter_card":"summary_large_image","twitter_misc":{"Prix":"6,04&nbsp;&euro; TVA incluse.","Disponibilit\u00e9":"En stock"},"schema":{"@context":"https:\/\/schema.org","@graph":[{"@type":"WebPage","@id":"https:\/\/www.ecosolucionesquimicas.es\/fr\/producto\/nettoyeur-decran\/","url":"https:\/\/www.ecosolucionesquimicas.es\/fr\/producto\/nettoyeur-decran\/","name":"Nettoyeur d'\u00e9cran - Ecosoluciones Qu\u00edmicas","isPartOf":{"@id":"https:\/\/www.ecosolucionesquimicas.es\/fr\/#website"},"primaryImageOfPage":{"@id":"https:\/\/www.ecosolucionesquimicas.es\/fr\/producto\/nettoyeur-decran\/#primaryimage"},"image":{"@id":"https:\/\/www.ecosolucionesquimicas.es\/fr\/producto\/nettoyeur-decran\/#primaryimage"},"thumbnailUrl":"https:\/\/www.ecosolucionesquimicas.es\/wp-content\/uploads\/2024\/08\/ECO-219-500ML-scaled.jpg","datePublished":"2024-08-26T10:04:22+00:00","dateModified":"2026-02-04T16:01:47+00:00","breadcrumb":{"@id":"https:\/\/www.ecosolucionesquimicas.es\/fr\/producto\/nettoyeur-decran\/#breadcrumb"},"inLanguage":"fr-FR","potentialAction":[{"@type":"ReadAction","target":["https:\/\/www.ecosolucionesquimicas.es\/fr\/producto\/nettoyeur-decran\/"]}]},{"@type":"ImageObject","inLanguage":"fr-FR","@id":"https:\/\/www.ecosolucionesquimicas.es\/fr\/producto\/nettoyeur-decran\/#primaryimage","url":"https:\/\/www.ecosolucionesquimicas.es\/wp-content\/uploads\/2024\/08\/ECO-219-500ML-scaled.jpg","contentUrl":"https:\/\/www.ecosolucionesquimicas.es\/wp-content\/uploads\/2024\/08\/ECO-219-500ML-scaled.jpg","width":2350,"height":2560},{"@type":"BreadcrumbList","@id":"https:\/\/www.ecosolucionesquimicas.es\/fr\/producto\/nettoyeur-decran\/#breadcrumb","itemListElement":[{"@type":"ListItem","position":1,"name":"Portada","item":"https:\/\/www.ecosolucionesquimicas.es\/fr\/home\/"},{"@type":"ListItem","position":2,"name":"Nettoyeur d&#8217;\u00e9cran"}]},{"@type":"WebSite","@id":"https:\/\/www.ecosolucionesquimicas.es\/fr\/#website","url":"https:\/\/www.ecosolucionesquimicas.es\/fr\/","name":"Ecosoluciones Qu\u00edmicas","description":"Achetez en ligne des produits d'entretien et des produits chimiques fabriqu\u00e9s par nos soins.","publisher":{"@id":"https:\/\/www.ecosolucionesquimicas.es\/fr\/#organization"},"alternateName":"EQM","potentialAction":[{"@type":"SearchAction","target":{"@type":"EntryPoint","urlTemplate":"https:\/\/www.ecosolucionesquimicas.es\/fr\/?s={search_term_string}"},"query-input":{"@type":"PropertyValueSpecification","valueRequired":true,"valueName":"search_term_string"}}],"inLanguage":"fr-FR"},{"@type":"Organization","@id":"https:\/\/www.ecosolucionesquimicas.es\/fr\/#organization","name":"Ecosoluciones Qu\u00edmicas","url":"https:\/\/www.ecosolucionesquimicas.es\/fr\/","logo":{"@type":"ImageObject","inLanguage":"fr-FR","@id":"https:\/\/www.ecosolucionesquimicas.es\/fr\/#\/schema\/logo\/image\/","url":"https:\/\/www.ecosolucionesquimicas.es\/wp-content\/uploads\/2024\/08\/LOGO-EQM-NUEVO-.png","contentUrl":"https:\/\/www.ecosolucionesquimicas.es\/wp-content\/uploads\/2024\/08\/LOGO-EQM-NUEVO-.png","width":1060,"height":456,"caption":"Ecosoluciones Qu\u00edmicas"},"image":{"@id":"https:\/\/www.ecosolucionesquimicas.es\/fr\/#\/schema\/logo\/image\/"},"sameAs":["https:\/\/www.facebook.com\/ecosolucionesquimicasmadrid\/","https:\/\/www.instagram.com\/ecosolucionesquimicas\/"],"hasMerchantReturnPolicy":{"@type":"MerchantReturnPolicy","merchantReturnLink":"https:\/\/www.ecosolucionesquimicas.es\/refund_returns\/"}}]},"product_brand":"EQM","product_price_amount":"6.04","product_price_currency":"EUR","og_availability":"instock","product_availability":"instock","product_retailer_item_id":"ECO-219","product_condition":"new"},"_links":{"self":[{"href":"https:\/\/www.ecosolucionesquimicas.es\/fr\/wp-json\/wp\/v2\/product\/13087","targetHints":{"allow":["GET"]}}],"collection":[{"href":"https:\/\/www.ecosolucionesquimicas.es\/fr\/wp-json\/wp\/v2\/product"}],"about":[{"href":"https:\/\/www.ecosolucionesquimicas.es\/fr\/wp-json\/wp\/v2\/types\/product"}],"wp:featuredmedia":[{"embeddable":true,"href":"https:\/\/www.ecosolucionesquimicas.es\/fr\/wp-json\/wp\/v2\/media\/13100"}],"wp:attachment":[{"href":"https:\/\/www.ecosolucionesquimicas.es\/fr\/wp-json\/wp\/v2\/media?parent=13087"}],"wp:term":[{"taxonomy":"product_brand","embeddable":true,"href":"https:\/\/www.ecosolucionesquimicas.es\/fr\/wp-json\/wp\/v2\/product_brand?post=13087"},{"taxonomy":"product_cat","embeddable":true,"href":"https:\/\/www.ecosolucionesquimicas.es\/fr\/wp-json\/wp\/v2\/product_cat?post=13087"},{"taxonomy":"product_tag","embeddable":true,"href":"https:\/\/www.ecosolucionesquimicas.es\/fr\/wp-json\/wp\/v2\/product_tag?post=13087"}],"curies":[{"name":"wp","href":"https:\/\/api.w.org\/{rel}","templated":true}]}}