{"id":13073,"date":"2024-04-11T17:02:40","date_gmt":"2024-04-11T15:02:40","guid":{"rendered":"https:\/\/www.ecosolucionesquimicas.es\/producto\/shampooing-pour-vehicules-lourds\/"},"modified":"2026-01-24T13:20:17","modified_gmt":"2026-01-24T12:20:17","slug":"shampooing-pour-vehicules-lourds","status":"publish","type":"product","link":"https:\/\/www.ecosolucionesquimicas.es\/fr\/producto\/shampooing-pour-vehicules-lourds\/","title":{"rendered":"Shampooing pour v\u00e9hicules lourds"},"content":{"rendered":"<p><img fetchpriority=\"high\" decoding=\"async\" class=\"alignnone wp-image-3755\" src=\"https:\/\/www.ecosolucionesquimicas.es\/wp-content\/uploads\/2024\/04\/tractor-300x219.jpg\" alt=\"\" width=\"550\" height=\"401\" srcset=\"https:\/\/www.ecosolucionesquimicas.es\/wp-content\/uploads\/2024\/04\/tractor-300x219.jpg 300w, https:\/\/www.ecosolucionesquimicas.es\/wp-content\/uploads\/2024\/04\/tractor-1024x747.jpg 1024w, https:\/\/www.ecosolucionesquimicas.es\/wp-content\/uploads\/2024\/04\/tractor-768x560.jpg 768w, https:\/\/www.ecosolucionesquimicas.es\/wp-content\/uploads\/2024\/04\/tractor-1536x1121.jpg 1536w, https:\/\/www.ecosolucionesquimicas.es\/wp-content\/uploads\/2024\/04\/tractor-600x438.jpg 600w, https:\/\/www.ecosolucionesquimicas.es\/wp-content\/uploads\/2024\/04\/tractor.jpg 1617w\" sizes=\"(max-width: 550px) 100vw, 550px\" \/><\/p>\n<p><strong>MODE D&rsquo;EMPLOI<\/strong><\/p>\n<p><strong>Dilue le produit<\/strong>: m\u00e9lange 50 \u00e0 100 ml d&rsquo;ECO-106 dans un seau avec 5 litres d&rsquo;eau, en ajustant la quantit\u00e9 en fonction du niveau de salissure.<br \/>\n<strong>Rincer le<\/strong> v\u00e9hicule : avant de proc\u00e9der au shampoing, rince le v\u00e9hicule \u00e0 l&rsquo;eau pour \u00e9liminer la poussi\u00e8re et les r\u00e9sidus non adh\u00e9rents.<br \/>\n<strong>\ud83d\udd18 Applique le shampoing<\/strong>: \u00e0 l&rsquo;aide d&rsquo;une \u00e9ponge ou d&rsquo;un gant en microfibre, applique la solution ECO-106 sur la carrosserie. Frotte doucement pour te d\u00e9barrasser de la salet\u00e9 qui adh\u00e8re.<br \/>\n<strong>\ud83d\udd18 Rince \u00e0 nouveau<\/strong>: Rince soigneusement le v\u00e9hicule \u00e0 l&rsquo;eau claire pour \u00e9liminer les r\u00e9sidus de shampoing.<br \/>\n<strong>S\u00e9cher le v\u00e9hicule<\/strong>: utilise une serviette en microfibre pour s\u00e9cher la carrosserie et \u00e9viter les taches d&rsquo;eau.<\/p>\n<p><strong>Recommandations :<\/strong><\/p>\n<p><strong>Ne pas utiliser en plein soleil<\/strong>: \u00e9vite d&rsquo;appliquer le shampooing lorsque le v\u00e9hicule est chaud ou en plein soleil, car la chaleur peut faire s\u00e9cher le produit rapidement et laisser des r\u00e9sidus.<\/p>\n","protected":false},"excerpt":{"rendered":"<p><strong>ECO-106 \u00c9LIMINE FACILEMENT LES SALET\u00c9S TENACES.<\/strong> Comme la graisse incrust\u00e9e, la boue s\u00e9ch\u00e9e et les contaminants environnementaux qui adh\u00e8rent \u00e0 la carrosserie. Sa formule puissante d\u00e9compose les particules de salet\u00e9 tenaces, laissant la surface du v\u00e9hicule propre et sans r\u00e9sidus. <\/p>\n<p><strong>FORMUL\u00c9 POUR LE NETTOYAGE EN PROFONDEUR DES V\u00c9HICULES LOURDS<\/strong>. Ce shampooing est id\u00e9al pour les tracteurs, les machines agricoles et les camions. Il assure un nettoyage efficace m\u00eame dans des conditions difficiles, ce qui permet de maintenir les machines lourdes dans un \u00e9tat optimal et de prolonger leur dur\u00e9e de vie.  <\/p>\n<p>\u2705 <strong>LAISSE UNE COUCHE PROTECTRICE SUR LA CARROSSERIE.<\/strong> Elle repousse non seulement les futures salet\u00e9s, mais constitue \u00e9galement une barri\u00e8re contre les \u00e9l\u00e9ments ext\u00e9rieurs tels que la poussi\u00e8re et les contaminants, prot\u00e9geant ainsi la finition du v\u00e9hicule et le gardant plus propre plus longtemps.<\/p>\n<p><strong>LA FORMULE \u2705 CONCENTR\u00c9E OFFRE DES PERFORMANCES \u00c9LEV\u00c9ES<\/strong>. Elle permet d&rsquo;utiliser une petite quantit\u00e9 de produit pour obtenir des r\u00e9sultats exceptionnels. Cela en fait un choix \u00e9conomique et efficace, en particulier pour les grandes surfaces et les conditions exigeantes.  <\/p>\n<p><strong>\u2705 FORMAT DE 5 ET 20 LITRES.<\/strong><\/p>\n<p><strong>\u26ab<\/strong><strong> N\u00b0 de r\u00e9f. : ECO-106<\/strong><\/p>\n","protected":false},"featured_media":13083,"template":"","meta":[],"product_brand":[225],"product_cat":[424],"product_tag":[691,692,690],"class_list":{"0":"post-13073","1":"product","2":"type-product","3":"status-publish","4":"has-post-thumbnail","6":"product_brand-eqm","7":"product_cat-automocion","8":"product_tag-carroceries","9":"product_tag-salissures-difficiles","10":"product_tag-shampooing","12":"first","13":"instock","14":"taxable","15":"shipping-taxable","16":"purchasable","17":"product-type-variable"},"acf":[],"yoast_head":"<!-- This site is optimized with the Yoast SEO Premium plugin v27.1 (Yoast SEO v27.4) - https:\/\/yoast.com\/product\/yoast-seo-premium-wordpress\/ -->\n<title>Shampooing pour v\u00e9hicules lourds - Ecosoluciones Qu\u00edmicas<\/title>\n<meta name=\"robots\" content=\"index, follow, max-snippet:-1, max-image-preview:large, max-video-preview:-1\" \/>\n<link rel=\"canonical\" href=\"https:\/\/www.ecosolucionesquimicas.es\/fr\/producto\/shampooing-pour-vehicules-lourds\/\" \/>\n<meta property=\"og:locale\" content=\"fr_FR\" \/>\n<meta property=\"og:type\" content=\"article\" \/>\n<meta property=\"og:title\" content=\"Shampooing pour v\u00e9hicules lourds\" \/>\n<meta property=\"og:description\" content=\"ECO-106 \u00c9LIMINE FACILEMENT LES SALET\u00c9S TENACES. Comme la graisse incrust\u00e9e, la boue s\u00e9ch\u00e9e et les contaminants environnementaux qui adh\u00e8rent \u00e0 la carrosserie. Sa formule puissante d\u00e9compose les particules de salet\u00e9 tenaces, laissant la surface du v\u00e9hicule propre et sans r\u00e9sidus.  FORMUL\u00c9 POUR LE NETTOYAGE EN PROFONDEUR DES V\u00c9HICULES LOURDS. Ce shampooing est id\u00e9al pour les tracteurs, les machines agricoles et les camions. Il assure un nettoyage efficace m\u00eame dans des conditions difficiles, ce qui permet de maintenir les machines lourdes dans un \u00e9tat optimal et de prolonger leur dur\u00e9e de vie.  \u2705 LAISSE UNE COUCHE PROTECTRICE SUR LA CARROSSERIE. Elle repousse non seulement les futures salet\u00e9s, mais constitue \u00e9galement une barri\u00e8re contre les \u00e9l\u00e9ments ext\u00e9rieurs tels que la poussi\u00e8re et les contaminants, prot\u00e9geant ainsi la finition du v\u00e9hicule et le gardant plus propre plus longtemps. LA FORMULE \u2705 CONCENTR\u00c9E OFFRE DES PERFORMANCES \u00c9LEV\u00c9ES. Elle permet d&#039;utiliser une petite quantit\u00e9 de produit pour obtenir des r\u00e9sultats exceptionnels. Cela en fait un choix \u00e9conomique et efficace, en particulier pour les grandes surfaces et les conditions exigeantes.  \u2705 FORMAT DE 5 ET 20 LITRES. \u26ab N\u00b0 de r\u00e9f. : ECO-106\" \/>\n<meta property=\"og:url\" content=\"https:\/\/www.ecosolucionesquimicas.es\/fr\/producto\/shampooing-pour-vehicules-lourds\/\" \/>\n<meta property=\"og:site_name\" content=\"Ecosoluciones Qu\u00edmicas\" \/>\n<meta property=\"article:publisher\" content=\"https:\/\/www.facebook.com\/ecosolucionesquimicasmadrid\/\" \/>\n<meta property=\"article:modified_time\" content=\"2026-01-24T12:20:17+00:00\" \/>\n<meta property=\"og:image\" content=\"https:\/\/www.ecosolucionesquimicas.es\/wp-content\/uploads\/2024\/04\/tractor-300x219.jpg\" \/>\n<meta name=\"twitter:card\" content=\"summary_large_image\" \/>\n<meta name=\"twitter:label1\" content=\"Disponibilit\u00e9\" \/>\n\t<meta name=\"twitter:data1\" content=\"En stock\" \/>\n<script type=\"application\/ld+json\" class=\"yoast-schema-graph\">{\"@context\":\"https:\\\/\\\/schema.org\",\"@graph\":[{\"@type\":\"WebPage\",\"@id\":\"https:\\\/\\\/www.ecosolucionesquimicas.es\\\/fr\\\/producto\\\/shampooing-pour-vehicules-lourds\\\/\",\"url\":\"https:\\\/\\\/www.ecosolucionesquimicas.es\\\/fr\\\/producto\\\/shampooing-pour-vehicules-lourds\\\/\",\"name\":\"Shampooing pour v\u00e9hicules lourds - Ecosoluciones Qu\u00edmicas\",\"isPartOf\":{\"@id\":\"https:\\\/\\\/www.ecosolucionesquimicas.es\\\/fr\\\/#website\"},\"primaryImageOfPage\":{\"@id\":\"https:\\\/\\\/www.ecosolucionesquimicas.es\\\/fr\\\/producto\\\/shampooing-pour-vehicules-lourds\\\/#primaryimage\"},\"image\":{\"@id\":\"https:\\\/\\\/www.ecosolucionesquimicas.es\\\/fr\\\/producto\\\/shampooing-pour-vehicules-lourds\\\/#primaryimage\"},\"thumbnailUrl\":\"https:\\\/\\\/www.ecosolucionesquimicas.es\\\/wp-content\\\/uploads\\\/2024\\\/04\\\/ECO-1066666-5L-scaled.jpg\",\"datePublished\":\"2024-04-11T15:02:40+00:00\",\"dateModified\":\"2026-01-24T12:20:17+00:00\",\"breadcrumb\":{\"@id\":\"https:\\\/\\\/www.ecosolucionesquimicas.es\\\/fr\\\/producto\\\/shampooing-pour-vehicules-lourds\\\/#breadcrumb\"},\"inLanguage\":\"fr-FR\",\"potentialAction\":[{\"@type\":\"ReadAction\",\"target\":[\"https:\\\/\\\/www.ecosolucionesquimicas.es\\\/fr\\\/producto\\\/shampooing-pour-vehicules-lourds\\\/\"]}]},{\"@type\":\"ImageObject\",\"inLanguage\":\"fr-FR\",\"@id\":\"https:\\\/\\\/www.ecosolucionesquimicas.es\\\/fr\\\/producto\\\/shampooing-pour-vehicules-lourds\\\/#primaryimage\",\"url\":\"https:\\\/\\\/www.ecosolucionesquimicas.es\\\/wp-content\\\/uploads\\\/2024\\\/04\\\/ECO-1066666-5L-scaled.jpg\",\"contentUrl\":\"https:\\\/\\\/www.ecosolucionesquimicas.es\\\/wp-content\\\/uploads\\\/2024\\\/04\\\/ECO-1066666-5L-scaled.jpg\",\"width\":2350,\"height\":2560},{\"@type\":\"BreadcrumbList\",\"@id\":\"https:\\\/\\\/www.ecosolucionesquimicas.es\\\/fr\\\/producto\\\/shampooing-pour-vehicules-lourds\\\/#breadcrumb\",\"itemListElement\":[{\"@type\":\"ListItem\",\"position\":1,\"name\":\"Portada\",\"item\":\"https:\\\/\\\/www.ecosolucionesquimicas.es\\\/fr\\\/home\\\/\"},{\"@type\":\"ListItem\",\"position\":2,\"name\":\"Shampooing pour v\u00e9hicules lourds\"}]},{\"@type\":\"WebSite\",\"@id\":\"https:\\\/\\\/www.ecosolucionesquimicas.es\\\/fr\\\/#website\",\"url\":\"https:\\\/\\\/www.ecosolucionesquimicas.es\\\/fr\\\/\",\"name\":\"Ecosoluciones Qu\u00edmicas\",\"description\":\"Achetez en ligne des produits d'entretien et des produits chimiques fabriqu\u00e9s par nos soins.\",\"publisher\":{\"@id\":\"https:\\\/\\\/www.ecosolucionesquimicas.es\\\/fr\\\/#organization\"},\"alternateName\":\"EQM\",\"potentialAction\":[{\"@type\":\"SearchAction\",\"target\":{\"@type\":\"EntryPoint\",\"urlTemplate\":\"https:\\\/\\\/www.ecosolucionesquimicas.es\\\/fr\\\/?s={search_term_string}\"},\"query-input\":{\"@type\":\"PropertyValueSpecification\",\"valueRequired\":true,\"valueName\":\"search_term_string\"}}],\"inLanguage\":\"fr-FR\"},{\"@type\":\"Organization\",\"@id\":\"https:\\\/\\\/www.ecosolucionesquimicas.es\\\/fr\\\/#organization\",\"name\":\"Ecosoluciones Qu\u00edmicas\",\"url\":\"https:\\\/\\\/www.ecosolucionesquimicas.es\\\/fr\\\/\",\"logo\":{\"@type\":\"ImageObject\",\"inLanguage\":\"fr-FR\",\"@id\":\"https:\\\/\\\/www.ecosolucionesquimicas.es\\\/fr\\\/#\\\/schema\\\/logo\\\/image\\\/\",\"url\":\"https:\\\/\\\/www.ecosolucionesquimicas.es\\\/wp-content\\\/uploads\\\/2024\\\/08\\\/LOGO-EQM-NUEVO-.png\",\"contentUrl\":\"https:\\\/\\\/www.ecosolucionesquimicas.es\\\/wp-content\\\/uploads\\\/2024\\\/08\\\/LOGO-EQM-NUEVO-.png\",\"width\":1060,\"height\":456,\"caption\":\"Ecosoluciones Qu\u00edmicas\"},\"image\":{\"@id\":\"https:\\\/\\\/www.ecosolucionesquimicas.es\\\/fr\\\/#\\\/schema\\\/logo\\\/image\\\/\"},\"sameAs\":[\"https:\\\/\\\/www.facebook.com\\\/ecosolucionesquimicasmadrid\\\/\",\"https:\\\/\\\/www.instagram.com\\\/ecosolucionesquimicas\\\/\"],\"hasMerchantReturnPolicy\":{\"@type\":\"MerchantReturnPolicy\",\"merchantReturnLink\":\"https:\\\/\\\/www.ecosolucionesquimicas.es\\\/refund_returns\\\/\"}}]}<\/script>\n<meta property=\"product:brand\" content=\"EQM\" \/>\n<meta property=\"og:availability\" content=\"instock\" \/>\n<meta property=\"product:availability\" content=\"instock\" \/>\n<meta property=\"product:retailer_item_id\" content=\"ECO-106\" \/>\n<meta property=\"product:condition\" content=\"new\" \/>\n<!-- \/ Yoast SEO Premium plugin. -->","yoast_head_json":{"title":"Shampooing pour v\u00e9hicules lourds - Ecosoluciones Qu\u00edmicas","robots":{"index":"index","follow":"follow","max-snippet":"max-snippet:-1","max-image-preview":"max-image-preview:large","max-video-preview":"max-video-preview:-1"},"canonical":"https:\/\/www.ecosolucionesquimicas.es\/fr\/producto\/shampooing-pour-vehicules-lourds\/","og_locale":"fr_FR","og_type":"article","og_title":"Shampooing pour v\u00e9hicules lourds","og_description":"ECO-106 \u00c9LIMINE FACILEMENT LES SALET\u00c9S TENACES. Comme la graisse incrust\u00e9e, la boue s\u00e9ch\u00e9e et les contaminants environnementaux qui adh\u00e8rent \u00e0 la carrosserie. Sa formule puissante d\u00e9compose les particules de salet\u00e9 tenaces, laissant la surface du v\u00e9hicule propre et sans r\u00e9sidus.  FORMUL\u00c9 POUR LE NETTOYAGE EN PROFONDEUR DES V\u00c9HICULES LOURDS. Ce shampooing est id\u00e9al pour les tracteurs, les machines agricoles et les camions. Il assure un nettoyage efficace m\u00eame dans des conditions difficiles, ce qui permet de maintenir les machines lourdes dans un \u00e9tat optimal et de prolonger leur dur\u00e9e de vie.  \u2705 LAISSE UNE COUCHE PROTECTRICE SUR LA CARROSSERIE. Elle repousse non seulement les futures salet\u00e9s, mais constitue \u00e9galement une barri\u00e8re contre les \u00e9l\u00e9ments ext\u00e9rieurs tels que la poussi\u00e8re et les contaminants, prot\u00e9geant ainsi la finition du v\u00e9hicule et le gardant plus propre plus longtemps. LA FORMULE \u2705 CONCENTR\u00c9E OFFRE DES PERFORMANCES \u00c9LEV\u00c9ES. Elle permet d'utiliser une petite quantit\u00e9 de produit pour obtenir des r\u00e9sultats exceptionnels. Cela en fait un choix \u00e9conomique et efficace, en particulier pour les grandes surfaces et les conditions exigeantes.  \u2705 FORMAT DE 5 ET 20 LITRES. \u26ab N\u00b0 de r\u00e9f. : ECO-106","og_url":"https:\/\/www.ecosolucionesquimicas.es\/fr\/producto\/shampooing-pour-vehicules-lourds\/","og_site_name":"Ecosoluciones Qu\u00edmicas","article_publisher":"https:\/\/www.facebook.com\/ecosolucionesquimicasmadrid\/","article_modified_time":"2026-01-24T12:20:17+00:00","og_image":[{"url":"https:\/\/www.ecosolucionesquimicas.es\/wp-content\/uploads\/2024\/04\/tractor-300x219.jpg","type":"","width":"","height":""}],"twitter_card":"summary_large_image","twitter_misc":{"Disponibilit\u00e9":"En stock"},"schema":{"@context":"https:\/\/schema.org","@graph":[{"@type":"WebPage","@id":"https:\/\/www.ecosolucionesquimicas.es\/fr\/producto\/shampooing-pour-vehicules-lourds\/","url":"https:\/\/www.ecosolucionesquimicas.es\/fr\/producto\/shampooing-pour-vehicules-lourds\/","name":"Shampooing pour v\u00e9hicules lourds - Ecosoluciones Qu\u00edmicas","isPartOf":{"@id":"https:\/\/www.ecosolucionesquimicas.es\/fr\/#website"},"primaryImageOfPage":{"@id":"https:\/\/www.ecosolucionesquimicas.es\/fr\/producto\/shampooing-pour-vehicules-lourds\/#primaryimage"},"image":{"@id":"https:\/\/www.ecosolucionesquimicas.es\/fr\/producto\/shampooing-pour-vehicules-lourds\/#primaryimage"},"thumbnailUrl":"https:\/\/www.ecosolucionesquimicas.es\/wp-content\/uploads\/2024\/04\/ECO-1066666-5L-scaled.jpg","datePublished":"2024-04-11T15:02:40+00:00","dateModified":"2026-01-24T12:20:17+00:00","breadcrumb":{"@id":"https:\/\/www.ecosolucionesquimicas.es\/fr\/producto\/shampooing-pour-vehicules-lourds\/#breadcrumb"},"inLanguage":"fr-FR","potentialAction":[{"@type":"ReadAction","target":["https:\/\/www.ecosolucionesquimicas.es\/fr\/producto\/shampooing-pour-vehicules-lourds\/"]}]},{"@type":"ImageObject","inLanguage":"fr-FR","@id":"https:\/\/www.ecosolucionesquimicas.es\/fr\/producto\/shampooing-pour-vehicules-lourds\/#primaryimage","url":"https:\/\/www.ecosolucionesquimicas.es\/wp-content\/uploads\/2024\/04\/ECO-1066666-5L-scaled.jpg","contentUrl":"https:\/\/www.ecosolucionesquimicas.es\/wp-content\/uploads\/2024\/04\/ECO-1066666-5L-scaled.jpg","width":2350,"height":2560},{"@type":"BreadcrumbList","@id":"https:\/\/www.ecosolucionesquimicas.es\/fr\/producto\/shampooing-pour-vehicules-lourds\/#breadcrumb","itemListElement":[{"@type":"ListItem","position":1,"name":"Portada","item":"https:\/\/www.ecosolucionesquimicas.es\/fr\/home\/"},{"@type":"ListItem","position":2,"name":"Shampooing pour v\u00e9hicules lourds"}]},{"@type":"WebSite","@id":"https:\/\/www.ecosolucionesquimicas.es\/fr\/#website","url":"https:\/\/www.ecosolucionesquimicas.es\/fr\/","name":"Ecosoluciones Qu\u00edmicas","description":"Achetez en ligne des produits d'entretien et des produits chimiques fabriqu\u00e9s par nos soins.","publisher":{"@id":"https:\/\/www.ecosolucionesquimicas.es\/fr\/#organization"},"alternateName":"EQM","potentialAction":[{"@type":"SearchAction","target":{"@type":"EntryPoint","urlTemplate":"https:\/\/www.ecosolucionesquimicas.es\/fr\/?s={search_term_string}"},"query-input":{"@type":"PropertyValueSpecification","valueRequired":true,"valueName":"search_term_string"}}],"inLanguage":"fr-FR"},{"@type":"Organization","@id":"https:\/\/www.ecosolucionesquimicas.es\/fr\/#organization","name":"Ecosoluciones Qu\u00edmicas","url":"https:\/\/www.ecosolucionesquimicas.es\/fr\/","logo":{"@type":"ImageObject","inLanguage":"fr-FR","@id":"https:\/\/www.ecosolucionesquimicas.es\/fr\/#\/schema\/logo\/image\/","url":"https:\/\/www.ecosolucionesquimicas.es\/wp-content\/uploads\/2024\/08\/LOGO-EQM-NUEVO-.png","contentUrl":"https:\/\/www.ecosolucionesquimicas.es\/wp-content\/uploads\/2024\/08\/LOGO-EQM-NUEVO-.png","width":1060,"height":456,"caption":"Ecosoluciones Qu\u00edmicas"},"image":{"@id":"https:\/\/www.ecosolucionesquimicas.es\/fr\/#\/schema\/logo\/image\/"},"sameAs":["https:\/\/www.facebook.com\/ecosolucionesquimicasmadrid\/","https:\/\/www.instagram.com\/ecosolucionesquimicas\/"],"hasMerchantReturnPolicy":{"@type":"MerchantReturnPolicy","merchantReturnLink":"https:\/\/www.ecosolucionesquimicas.es\/refund_returns\/"}}]},"product_brand":"EQM","og_availability":"instock","product_availability":"instock","product_retailer_item_id":"ECO-106","product_condition":"new"},"_links":{"self":[{"href":"https:\/\/www.ecosolucionesquimicas.es\/fr\/wp-json\/wp\/v2\/product\/13073","targetHints":{"allow":["GET"]}}],"collection":[{"href":"https:\/\/www.ecosolucionesquimicas.es\/fr\/wp-json\/wp\/v2\/product"}],"about":[{"href":"https:\/\/www.ecosolucionesquimicas.es\/fr\/wp-json\/wp\/v2\/types\/product"}],"wp:featuredmedia":[{"embeddable":true,"href":"https:\/\/www.ecosolucionesquimicas.es\/fr\/wp-json\/wp\/v2\/media\/13083"}],"wp:attachment":[{"href":"https:\/\/www.ecosolucionesquimicas.es\/fr\/wp-json\/wp\/v2\/media?parent=13073"}],"wp:term":[{"taxonomy":"product_brand","embeddable":true,"href":"https:\/\/www.ecosolucionesquimicas.es\/fr\/wp-json\/wp\/v2\/product_brand?post=13073"},{"taxonomy":"product_cat","embeddable":true,"href":"https:\/\/www.ecosolucionesquimicas.es\/fr\/wp-json\/wp\/v2\/product_cat?post=13073"},{"taxonomy":"product_tag","embeddable":true,"href":"https:\/\/www.ecosolucionesquimicas.es\/fr\/wp-json\/wp\/v2\/product_tag?post=13073"}],"curies":[{"name":"wp","href":"https:\/\/api.w.org\/{rel}","templated":true}]}}