{"id":13059,"date":"2024-08-26T15:09:16","date_gmt":"2024-08-26T13:09:16","guid":{"rendered":"https:\/\/www.ecosolucionesquimicas.es\/producto\/eliminateur-dodeurs\/"},"modified":"2024-08-26T15:09:16","modified_gmt":"2024-08-26T13:09:16","slug":"eliminateur-dodeurs","status":"publish","type":"product","link":"https:\/\/www.ecosolucionesquimicas.es\/fr\/producto\/eliminateur-dodeurs\/","title":{"rendered":"\u00c9liminateur d&rsquo;odeurs"},"content":{"rendered":"<p>&nbsp;<\/p>\n<p><img fetchpriority=\"high\" decoding=\"async\" class=\"alignnone wp-image-3472\" src=\"https:\/\/www.ecosolucionesquimicas.es\/wp-content\/uploads\/2024\/08\/eco-220--300x171.jpg\" alt=\"\" width=\"550\" height=\"314\" srcset=\"https:\/\/www.ecosolucionesquimicas.es\/wp-content\/uploads\/2024\/08\/eco-220--300x171.jpg 300w, https:\/\/www.ecosolucionesquimicas.es\/wp-content\/uploads\/2024\/08\/eco-220--1024x585.jpg 1024w, https:\/\/www.ecosolucionesquimicas.es\/wp-content\/uploads\/2024\/08\/eco-220--768x439.jpg 768w, https:\/\/www.ecosolucionesquimicas.es\/wp-content\/uploads\/2024\/08\/eco-220--1536x878.jpg 1536w, https:\/\/www.ecosolucionesquimicas.es\/wp-content\/uploads\/2024\/08\/eco-220--600x343.jpg 600w, https:\/\/www.ecosolucionesquimicas.es\/wp-content\/uploads\/2024\/08\/eco-220-.jpg 1792w\" sizes=\"(max-width: 550px) 100vw, 550px\" \/><\/p>\n<p><strong>MODE D&rsquo;EMPLOI<\/strong><\/p>\n<p>\ud83d\udd18 <strong>Appliquer sur la zone concern\u00e9e :<\/strong> Vaporiser directement sur la surface de 20 \u00e0 30 cm.<br \/>\n\ud83d\udd18 <strong>Laisser agir :<\/strong> Laisser le produit neutraliser les odeurs sans rincer.<br \/>\n\ud83d\udd18 <strong>R\u00e9p\u00e9ter si n\u00e9cessaire :<\/strong> R\u00e9appliquer en cas d&rsquo;odeurs persistantes.<br \/>\n\ud83d\udd18 <strong>Parfum :<\/strong> Laisse une odeur agr\u00e9able, am\u00e9liorant la fra\u00eecheur de l&rsquo;environnement.<\/p>\n","protected":false},"excerpt":{"rendered":"<p><strong>NEUTRALISATION INSTANTAN\u00c9E DES ODEURS.<\/strong> ECO-220 \u00e9limine efficacement les odeurs d\u00e9sagr\u00e9ables dans n&rsquo;importe quel environnement, comme les canap\u00e9s, les urinoirs, les tapis, les liti\u00e8res pour animaux, les poubelles et les v\u00e9hicules. En plus de neutraliser les odeurs, il laisse un parfum agr\u00e9able dans l&rsquo;air. <\/p>\n<p>\u2705 <strong>DES MICRO-ORGANISMES NATURELS QUI \u00c9LIMINENT LA CAUSE PREMI\u00c8RE DES ODEURS<\/strong>. Ces micro-organismes neutralisent les mol\u00e9cules responsables des odeurs, apportant ainsi une solution instantan\u00e9e et durable. Il ne masque pas l&rsquo;odeur avec du parfum, mais l&rsquo;\u00e9limine \u00e0 sa source. <\/p>\n<p><strong>ECO-220 EST BIOD\u00c9GRADABLE ET D&rsquo;ORIGINE NATURELLE.<\/strong> Con\u00e7u pour \u00eatre respectueux de l&rsquo;environnement. Sa formule, \u00e0 base de millions de micro-organismes, \u00e9limine efficacement les mauvaises odeurs sans laisser de r\u00e9sidus toxiques. <\/p>\n<p><strong>PEUT \u00caTRE APPLIQU\u00c9 SUR N&rsquo;IMPORTE QUELLE SURFACE.<\/strong> Neutralise les odeurs sans laisser de taches ou de marques sur les v\u00eatements, les tissus d&rsquo;ameublement ou les mat\u00e9riaux d\u00e9licats. Peut \u00eatre utilis\u00e9 en toute s\u00e9curit\u00e9, m\u00eame sur les surfaces sensibles. <\/p>\n<p><strong>SANS DANGER POUR LA FAMILLE ET LES ANIMAUX DE COMPAGNIE.<\/strong> ECO-220 peut \u00eatre appliqu\u00e9 sur la literie des animaux de compagnie, les pi\u00e8ces de la maison, les v\u00eatements ou les chaussures sans risque pour la sant\u00e9 humaine ou animale, ce qui garantit un environnement propre et sans odeur.<\/p>\n<p><strong>\u2705<\/strong><strong> FORMAT 500 ML.<\/strong><\/p>\n<p><strong>R\u00e9f\u00e9rence : ECO-220<\/strong><\/p>\n","protected":false},"featured_media":13070,"template":"","meta":[],"product_brand":[225],"product_cat":[413,556],"product_tag":[687],"class_list":{"0":"post-13059","1":"product","2":"type-product","3":"status-publish","4":"has-post-thumbnail","6":"product_brand-eqm","7":"product_cat-limpieza-profesional","8":"product_cat-nouvelles","9":"product_tag-eliminateur-dodeurs","11":"first","12":"instock","13":"taxable","14":"shipping-taxable","15":"purchasable","16":"product-type-simple"},"acf":[],"yoast_head":"<!-- This site is optimized with the Yoast SEO Premium plugin v27.1 (Yoast SEO v27.4) - https:\/\/yoast.com\/product\/yoast-seo-premium-wordpress\/ -->\n<title>\u00c9liminateur d&#039;odeurs - Ecosoluciones Qu\u00edmicas<\/title>\n<meta name=\"robots\" content=\"index, follow, max-snippet:-1, max-image-preview:large, max-video-preview:-1\" \/>\n<link rel=\"canonical\" href=\"https:\/\/www.ecosolucionesquimicas.es\/fr\/producto\/eliminateur-dodeurs\/\" \/>\n<meta property=\"og:locale\" content=\"fr_FR\" \/>\n<meta property=\"og:type\" content=\"article\" \/>\n<meta property=\"og:title\" content=\"\u00c9liminateur d&#039;odeurs\" \/>\n<meta property=\"og:description\" content=\"NEUTRALISATION INSTANTAN\u00c9E DES ODEURS. ECO-220 \u00e9limine efficacement les odeurs d\u00e9sagr\u00e9ables dans n&#039;importe quel environnement, comme les canap\u00e9s, les urinoirs, les tapis, les liti\u00e8res pour animaux, les poubelles et les v\u00e9hicules. En plus de neutraliser les odeurs, il laisse un parfum agr\u00e9able dans l&#039;air.  \u2705 DES MICRO-ORGANISMES NATURELS QUI \u00c9LIMINENT LA CAUSE PREMI\u00c8RE DES ODEURS. Ces micro-organismes neutralisent les mol\u00e9cules responsables des odeurs, apportant ainsi une solution instantan\u00e9e et durable. Il ne masque pas l&#039;odeur avec du parfum, mais l&#039;\u00e9limine \u00e0 sa source.  ECO-220 EST BIOD\u00c9GRADABLE ET D&#039;ORIGINE NATURELLE. Con\u00e7u pour \u00eatre respectueux de l&#039;environnement. Sa formule, \u00e0 base de millions de micro-organismes, \u00e9limine efficacement les mauvaises odeurs sans laisser de r\u00e9sidus toxiques.  PEUT \u00caTRE APPLIQU\u00c9 SUR N&#039;IMPORTE QUELLE SURFACE. Neutralise les odeurs sans laisser de taches ou de marques sur les v\u00eatements, les tissus d&#039;ameublement ou les mat\u00e9riaux d\u00e9licats. Peut \u00eatre utilis\u00e9 en toute s\u00e9curit\u00e9, m\u00eame sur les surfaces sensibles.  SANS DANGER POUR LA FAMILLE ET LES ANIMAUX DE COMPAGNIE. ECO-220 peut \u00eatre appliqu\u00e9 sur la literie des animaux de compagnie, les pi\u00e8ces de la maison, les v\u00eatements ou les chaussures sans risque pour la sant\u00e9 humaine ou animale, ce qui garantit un environnement propre et sans odeur. \u2705 FORMAT 500 ML. R\u00e9f\u00e9rence : ECO-220\" \/>\n<meta property=\"og:url\" content=\"https:\/\/www.ecosolucionesquimicas.es\/fr\/producto\/eliminateur-dodeurs\/\" \/>\n<meta property=\"og:site_name\" content=\"Ecosoluciones Qu\u00edmicas\" \/>\n<meta property=\"article:publisher\" content=\"https:\/\/www.facebook.com\/ecosolucionesquimicasmadrid\/\" \/>\n<meta property=\"og:image\" content=\"https:\/\/www.ecosolucionesquimicas.es\/wp-content\/uploads\/2024\/08\/eco-220--300x171.jpg\" \/>\n<meta name=\"twitter:card\" content=\"summary_large_image\" \/>\n<meta name=\"twitter:label1\" content=\"Prix\" \/>\n\t<meta name=\"twitter:data1\" content=\"9,67&nbsp;&euro; TVA incluse.\" \/>\n\t<meta name=\"twitter:label2\" content=\"Disponibilit\u00e9\" \/>\n\t<meta name=\"twitter:data2\" content=\"En stock\" \/>\n<script type=\"application\/ld+json\" class=\"yoast-schema-graph\">{\"@context\":\"https:\\\/\\\/schema.org\",\"@graph\":[{\"@type\":\"WebPage\",\"@id\":\"https:\\\/\\\/www.ecosolucionesquimicas.es\\\/fr\\\/producto\\\/eliminateur-dodeurs\\\/\",\"url\":\"https:\\\/\\\/www.ecosolucionesquimicas.es\\\/fr\\\/producto\\\/eliminateur-dodeurs\\\/\",\"name\":\"\u00c9liminateur d'odeurs - Ecosoluciones Qu\u00edmicas\",\"isPartOf\":{\"@id\":\"https:\\\/\\\/www.ecosolucionesquimicas.es\\\/fr\\\/#website\"},\"primaryImageOfPage\":{\"@id\":\"https:\\\/\\\/www.ecosolucionesquimicas.es\\\/fr\\\/producto\\\/eliminateur-dodeurs\\\/#primaryimage\"},\"image\":{\"@id\":\"https:\\\/\\\/www.ecosolucionesquimicas.es\\\/fr\\\/producto\\\/eliminateur-dodeurs\\\/#primaryimage\"},\"thumbnailUrl\":\"https:\\\/\\\/www.ecosolucionesquimicas.es\\\/wp-content\\\/uploads\\\/2024\\\/08\\\/ECO-220-500ML-scaled.jpg\",\"datePublished\":\"2024-08-26T13:09:16+00:00\",\"breadcrumb\":{\"@id\":\"https:\\\/\\\/www.ecosolucionesquimicas.es\\\/fr\\\/producto\\\/eliminateur-dodeurs\\\/#breadcrumb\"},\"inLanguage\":\"fr-FR\",\"potentialAction\":[{\"@type\":\"ReadAction\",\"target\":[\"https:\\\/\\\/www.ecosolucionesquimicas.es\\\/fr\\\/producto\\\/eliminateur-dodeurs\\\/\"]}]},{\"@type\":\"ImageObject\",\"inLanguage\":\"fr-FR\",\"@id\":\"https:\\\/\\\/www.ecosolucionesquimicas.es\\\/fr\\\/producto\\\/eliminateur-dodeurs\\\/#primaryimage\",\"url\":\"https:\\\/\\\/www.ecosolucionesquimicas.es\\\/wp-content\\\/uploads\\\/2024\\\/08\\\/ECO-220-500ML-scaled.jpg\",\"contentUrl\":\"https:\\\/\\\/www.ecosolucionesquimicas.es\\\/wp-content\\\/uploads\\\/2024\\\/08\\\/ECO-220-500ML-scaled.jpg\",\"width\":2350,\"height\":2560},{\"@type\":\"BreadcrumbList\",\"@id\":\"https:\\\/\\\/www.ecosolucionesquimicas.es\\\/fr\\\/producto\\\/eliminateur-dodeurs\\\/#breadcrumb\",\"itemListElement\":[{\"@type\":\"ListItem\",\"position\":1,\"name\":\"Portada\",\"item\":\"https:\\\/\\\/www.ecosolucionesquimicas.es\\\/fr\\\/home\\\/\"},{\"@type\":\"ListItem\",\"position\":2,\"name\":\"\u00c9liminateur d&#8217;odeurs\"}]},{\"@type\":\"WebSite\",\"@id\":\"https:\\\/\\\/www.ecosolucionesquimicas.es\\\/fr\\\/#website\",\"url\":\"https:\\\/\\\/www.ecosolucionesquimicas.es\\\/fr\\\/\",\"name\":\"Ecosoluciones Qu\u00edmicas\",\"description\":\"Achetez en ligne des produits d'entretien et des produits chimiques fabriqu\u00e9s par nos soins.\",\"publisher\":{\"@id\":\"https:\\\/\\\/www.ecosolucionesquimicas.es\\\/fr\\\/#organization\"},\"alternateName\":\"EQM\",\"potentialAction\":[{\"@type\":\"SearchAction\",\"target\":{\"@type\":\"EntryPoint\",\"urlTemplate\":\"https:\\\/\\\/www.ecosolucionesquimicas.es\\\/fr\\\/?s={search_term_string}\"},\"query-input\":{\"@type\":\"PropertyValueSpecification\",\"valueRequired\":true,\"valueName\":\"search_term_string\"}}],\"inLanguage\":\"fr-FR\"},{\"@type\":\"Organization\",\"@id\":\"https:\\\/\\\/www.ecosolucionesquimicas.es\\\/fr\\\/#organization\",\"name\":\"Ecosoluciones Qu\u00edmicas\",\"url\":\"https:\\\/\\\/www.ecosolucionesquimicas.es\\\/fr\\\/\",\"logo\":{\"@type\":\"ImageObject\",\"inLanguage\":\"fr-FR\",\"@id\":\"https:\\\/\\\/www.ecosolucionesquimicas.es\\\/fr\\\/#\\\/schema\\\/logo\\\/image\\\/\",\"url\":\"https:\\\/\\\/www.ecosolucionesquimicas.es\\\/wp-content\\\/uploads\\\/2024\\\/08\\\/LOGO-EQM-NUEVO-.png\",\"contentUrl\":\"https:\\\/\\\/www.ecosolucionesquimicas.es\\\/wp-content\\\/uploads\\\/2024\\\/08\\\/LOGO-EQM-NUEVO-.png\",\"width\":1060,\"height\":456,\"caption\":\"Ecosoluciones Qu\u00edmicas\"},\"image\":{\"@id\":\"https:\\\/\\\/www.ecosolucionesquimicas.es\\\/fr\\\/#\\\/schema\\\/logo\\\/image\\\/\"},\"sameAs\":[\"https:\\\/\\\/www.facebook.com\\\/ecosolucionesquimicasmadrid\\\/\",\"https:\\\/\\\/www.instagram.com\\\/ecosolucionesquimicas\\\/\"],\"hasMerchantReturnPolicy\":{\"@type\":\"MerchantReturnPolicy\",\"merchantReturnLink\":\"https:\\\/\\\/www.ecosolucionesquimicas.es\\\/refund_returns\\\/\"}}]}<\/script>\n<meta property=\"product:brand\" content=\"EQM\" \/>\n<meta property=\"product:price:amount\" content=\"9.67\" \/>\n<meta property=\"product:price:currency\" content=\"EUR\" \/>\n<meta property=\"og:availability\" content=\"instock\" \/>\n<meta property=\"product:availability\" content=\"instock\" \/>\n<meta property=\"product:retailer_item_id\" content=\"ECO-220\" \/>\n<meta property=\"product:condition\" content=\"new\" \/>\n<!-- \/ Yoast SEO Premium plugin. -->","yoast_head_json":{"title":"\u00c9liminateur d'odeurs - Ecosoluciones Qu\u00edmicas","robots":{"index":"index","follow":"follow","max-snippet":"max-snippet:-1","max-image-preview":"max-image-preview:large","max-video-preview":"max-video-preview:-1"},"canonical":"https:\/\/www.ecosolucionesquimicas.es\/fr\/producto\/eliminateur-dodeurs\/","og_locale":"fr_FR","og_type":"article","og_title":"\u00c9liminateur d'odeurs","og_description":"NEUTRALISATION INSTANTAN\u00c9E DES ODEURS. ECO-220 \u00e9limine efficacement les odeurs d\u00e9sagr\u00e9ables dans n'importe quel environnement, comme les canap\u00e9s, les urinoirs, les tapis, les liti\u00e8res pour animaux, les poubelles et les v\u00e9hicules. En plus de neutraliser les odeurs, il laisse un parfum agr\u00e9able dans l'air.  \u2705 DES MICRO-ORGANISMES NATURELS QUI \u00c9LIMINENT LA CAUSE PREMI\u00c8RE DES ODEURS. Ces micro-organismes neutralisent les mol\u00e9cules responsables des odeurs, apportant ainsi une solution instantan\u00e9e et durable. Il ne masque pas l'odeur avec du parfum, mais l'\u00e9limine \u00e0 sa source.  ECO-220 EST BIOD\u00c9GRADABLE ET D'ORIGINE NATURELLE. Con\u00e7u pour \u00eatre respectueux de l'environnement. Sa formule, \u00e0 base de millions de micro-organismes, \u00e9limine efficacement les mauvaises odeurs sans laisser de r\u00e9sidus toxiques.  PEUT \u00caTRE APPLIQU\u00c9 SUR N'IMPORTE QUELLE SURFACE. Neutralise les odeurs sans laisser de taches ou de marques sur les v\u00eatements, les tissus d'ameublement ou les mat\u00e9riaux d\u00e9licats. Peut \u00eatre utilis\u00e9 en toute s\u00e9curit\u00e9, m\u00eame sur les surfaces sensibles.  SANS DANGER POUR LA FAMILLE ET LES ANIMAUX DE COMPAGNIE. ECO-220 peut \u00eatre appliqu\u00e9 sur la literie des animaux de compagnie, les pi\u00e8ces de la maison, les v\u00eatements ou les chaussures sans risque pour la sant\u00e9 humaine ou animale, ce qui garantit un environnement propre et sans odeur. \u2705 FORMAT 500 ML. R\u00e9f\u00e9rence : ECO-220","og_url":"https:\/\/www.ecosolucionesquimicas.es\/fr\/producto\/eliminateur-dodeurs\/","og_site_name":"Ecosoluciones Qu\u00edmicas","article_publisher":"https:\/\/www.facebook.com\/ecosolucionesquimicasmadrid\/","og_image":[{"url":"https:\/\/www.ecosolucionesquimicas.es\/wp-content\/uploads\/2024\/08\/eco-220--300x171.jpg","type":"","width":"","height":""}],"twitter_card":"summary_large_image","twitter_misc":{"Prix":"9,67&nbsp;&euro; TVA incluse.","Disponibilit\u00e9":"En stock"},"schema":{"@context":"https:\/\/schema.org","@graph":[{"@type":"WebPage","@id":"https:\/\/www.ecosolucionesquimicas.es\/fr\/producto\/eliminateur-dodeurs\/","url":"https:\/\/www.ecosolucionesquimicas.es\/fr\/producto\/eliminateur-dodeurs\/","name":"\u00c9liminateur d'odeurs - Ecosoluciones Qu\u00edmicas","isPartOf":{"@id":"https:\/\/www.ecosolucionesquimicas.es\/fr\/#website"},"primaryImageOfPage":{"@id":"https:\/\/www.ecosolucionesquimicas.es\/fr\/producto\/eliminateur-dodeurs\/#primaryimage"},"image":{"@id":"https:\/\/www.ecosolucionesquimicas.es\/fr\/producto\/eliminateur-dodeurs\/#primaryimage"},"thumbnailUrl":"https:\/\/www.ecosolucionesquimicas.es\/wp-content\/uploads\/2024\/08\/ECO-220-500ML-scaled.jpg","datePublished":"2024-08-26T13:09:16+00:00","breadcrumb":{"@id":"https:\/\/www.ecosolucionesquimicas.es\/fr\/producto\/eliminateur-dodeurs\/#breadcrumb"},"inLanguage":"fr-FR","potentialAction":[{"@type":"ReadAction","target":["https:\/\/www.ecosolucionesquimicas.es\/fr\/producto\/eliminateur-dodeurs\/"]}]},{"@type":"ImageObject","inLanguage":"fr-FR","@id":"https:\/\/www.ecosolucionesquimicas.es\/fr\/producto\/eliminateur-dodeurs\/#primaryimage","url":"https:\/\/www.ecosolucionesquimicas.es\/wp-content\/uploads\/2024\/08\/ECO-220-500ML-scaled.jpg","contentUrl":"https:\/\/www.ecosolucionesquimicas.es\/wp-content\/uploads\/2024\/08\/ECO-220-500ML-scaled.jpg","width":2350,"height":2560},{"@type":"BreadcrumbList","@id":"https:\/\/www.ecosolucionesquimicas.es\/fr\/producto\/eliminateur-dodeurs\/#breadcrumb","itemListElement":[{"@type":"ListItem","position":1,"name":"Portada","item":"https:\/\/www.ecosolucionesquimicas.es\/fr\/home\/"},{"@type":"ListItem","position":2,"name":"\u00c9liminateur d&#8217;odeurs"}]},{"@type":"WebSite","@id":"https:\/\/www.ecosolucionesquimicas.es\/fr\/#website","url":"https:\/\/www.ecosolucionesquimicas.es\/fr\/","name":"Ecosoluciones Qu\u00edmicas","description":"Achetez en ligne des produits d'entretien et des produits chimiques fabriqu\u00e9s par nos soins.","publisher":{"@id":"https:\/\/www.ecosolucionesquimicas.es\/fr\/#organization"},"alternateName":"EQM","potentialAction":[{"@type":"SearchAction","target":{"@type":"EntryPoint","urlTemplate":"https:\/\/www.ecosolucionesquimicas.es\/fr\/?s={search_term_string}"},"query-input":{"@type":"PropertyValueSpecification","valueRequired":true,"valueName":"search_term_string"}}],"inLanguage":"fr-FR"},{"@type":"Organization","@id":"https:\/\/www.ecosolucionesquimicas.es\/fr\/#organization","name":"Ecosoluciones Qu\u00edmicas","url":"https:\/\/www.ecosolucionesquimicas.es\/fr\/","logo":{"@type":"ImageObject","inLanguage":"fr-FR","@id":"https:\/\/www.ecosolucionesquimicas.es\/fr\/#\/schema\/logo\/image\/","url":"https:\/\/www.ecosolucionesquimicas.es\/wp-content\/uploads\/2024\/08\/LOGO-EQM-NUEVO-.png","contentUrl":"https:\/\/www.ecosolucionesquimicas.es\/wp-content\/uploads\/2024\/08\/LOGO-EQM-NUEVO-.png","width":1060,"height":456,"caption":"Ecosoluciones Qu\u00edmicas"},"image":{"@id":"https:\/\/www.ecosolucionesquimicas.es\/fr\/#\/schema\/logo\/image\/"},"sameAs":["https:\/\/www.facebook.com\/ecosolucionesquimicasmadrid\/","https:\/\/www.instagram.com\/ecosolucionesquimicas\/"],"hasMerchantReturnPolicy":{"@type":"MerchantReturnPolicy","merchantReturnLink":"https:\/\/www.ecosolucionesquimicas.es\/refund_returns\/"}}]},"product_brand":"EQM","product_price_amount":"9.67","product_price_currency":"EUR","og_availability":"instock","product_availability":"instock","product_retailer_item_id":"ECO-220","product_condition":"new"},"_links":{"self":[{"href":"https:\/\/www.ecosolucionesquimicas.es\/fr\/wp-json\/wp\/v2\/product\/13059","targetHints":{"allow":["GET"]}}],"collection":[{"href":"https:\/\/www.ecosolucionesquimicas.es\/fr\/wp-json\/wp\/v2\/product"}],"about":[{"href":"https:\/\/www.ecosolucionesquimicas.es\/fr\/wp-json\/wp\/v2\/types\/product"}],"wp:featuredmedia":[{"embeddable":true,"href":"https:\/\/www.ecosolucionesquimicas.es\/fr\/wp-json\/wp\/v2\/media\/13070"}],"wp:attachment":[{"href":"https:\/\/www.ecosolucionesquimicas.es\/fr\/wp-json\/wp\/v2\/media?parent=13059"}],"wp:term":[{"taxonomy":"product_brand","embeddable":true,"href":"https:\/\/www.ecosolucionesquimicas.es\/fr\/wp-json\/wp\/v2\/product_brand?post=13059"},{"taxonomy":"product_cat","embeddable":true,"href":"https:\/\/www.ecosolucionesquimicas.es\/fr\/wp-json\/wp\/v2\/product_cat?post=13059"},{"taxonomy":"product_tag","embeddable":true,"href":"https:\/\/www.ecosolucionesquimicas.es\/fr\/wp-json\/wp\/v2\/product_tag?post=13059"}],"curies":[{"name":"wp","href":"https:\/\/api.w.org\/{rel}","templated":true}]}}