{"id":13032,"date":"2024-08-28T11:17:23","date_gmt":"2024-08-28T09:17:23","guid":{"rendered":"https:\/\/www.ecosolucionesquimicas.es\/producto\/dissolvant-de-graisse-de-cuisine\/"},"modified":"2024-08-28T11:17:23","modified_gmt":"2024-08-28T09:17:23","slug":"dissolvant-de-graisse-de-cuisine","status":"publish","type":"product","link":"https:\/\/www.ecosolucionesquimicas.es\/fr\/producto\/dissolvant-de-graisse-de-cuisine\/","title":{"rendered":"Dissolvant de graisse de cuisine"},"content":{"rendered":"<p><img fetchpriority=\"high\" decoding=\"async\" class=\"alignnone wp-image-3549\" src=\"https:\/\/www.ecosolucionesquimicas.es\/wp-content\/uploads\/2024\/08\/Captura-de-pantalla-2024-08-28-a-las-11.52.46-300x248.png\" alt=\"\" width=\"550\" height=\"454\" srcset=\"https:\/\/www.ecosolucionesquimicas.es\/wp-content\/uploads\/2024\/08\/Captura-de-pantalla-2024-08-28-a-las-11.52.46-300x248.png 300w, https:\/\/www.ecosolucionesquimicas.es\/wp-content\/uploads\/2024\/08\/Captura-de-pantalla-2024-08-28-a-las-11.52.46-1024x845.png 1024w, https:\/\/www.ecosolucionesquimicas.es\/wp-content\/uploads\/2024\/08\/Captura-de-pantalla-2024-08-28-a-las-11.52.46-768x634.png 768w, https:\/\/www.ecosolucionesquimicas.es\/wp-content\/uploads\/2024\/08\/Captura-de-pantalla-2024-08-28-a-las-11.52.46-600x495.png 600w, https:\/\/www.ecosolucionesquimicas.es\/wp-content\/uploads\/2024\/08\/Captura-de-pantalla-2024-08-28-a-las-11.52.46.png 1490w\" sizes=\"(max-width: 550px) 100vw, 550px\" \/><\/p>\n<p><strong>MODE D&rsquo;EMPLOI<\/strong><\/p>\n<div class=\"flex max-w-full flex-col flex-grow\">\n<div class=\"min-h-[20px] text-message flex w-full flex-col items-end gap-2 whitespace-normal break-words [.text-message+&amp;]:mt-5\" dir=\"auto\" data-message-author-role=\"assistant\" data-message-id=\"e53dd7b0-34f3-4e5e-8923-dd097caf3241\">\n<div class=\"flex w-full flex-col gap-1 empty:hidden first:pt-[3px]\">\n<div class=\"markdown prose w-full break-words dark:prose-invert light\">\n<p>\ud83d\udd18 <strong>Application<\/strong>: Bien agiter le r\u00e9cipient et vaporiser g\u00e9n\u00e9reusement \u00e0 15-20 cm de la surface sale ou grasse.<br \/>\n\ud83d\udd18 <strong>Temps d&rsquo;action<\/strong>: Laisser agir le produit quelques secondes ou plus longtemps pour les salissures tenaces, ce qui lui permet de p\u00e9n\u00e9trer et de dissoudre les graisses.<br \/>\n\ud83d\udd18 <strong>Nettoyage<\/strong>: Frotter la surface avec un chiffon ou une \u00e9ponge propre pour \u00e9liminer les graisses et les r\u00e9sidus. R\u00e9p\u00e9ter l&rsquo;op\u00e9ration si n\u00e9cessaire pour les zones tenaces.<br \/>\n\ud83d\udd18 <b>Rin\u00e7age : <\/b>Rincer \u00e0 l&rsquo;eau claire si n\u00e9cessaire, surtout sur les surfaces en contact avec les aliments, pour \u00e9liminer tout r\u00e9sidu de produit.<br \/>\n\ud83d\udd18 <strong>S\u00e9chage<\/strong>: Essuyer la surface avec un chiffon propre et sec pour obtenir une finition sans humidit\u00e9. <\/p>\n<\/div>\n<\/div>\n<\/div>\n<\/div>\n","protected":false},"excerpt":{"rendered":"<p><strong>FORMULE HAUTEMENT CONCENTR\u00c9E<\/strong>. ECO-100 offre un pouvoir d\u00e9graissant exceptionnel, capable de dissoudre efficacement la graisse et les salet\u00e9s tenaces. <\/p>\n<p><strong>NETTOYAGE COMPLET DANS LES CUISINES<\/strong>. Con\u00e7u pour les fours, les grilles, les hottes aspirantes, les carrelages et les plans de travail, il permet un nettoyage profond et minutieux. <\/p>\n<p><strong>UN NETTOYAGE PROFESSIONNEL SANS EFFORT<\/strong>. Sa formule avanc\u00e9e facilite l&rsquo;\u00e9limination de la graisse et de la salet\u00e9, r\u00e9duisant ainsi l&rsquo;effort physique n\u00e9cessaire pour un nettoyage en profondeur. <\/p>\n<p><strong>SOLUTION TOUT-EN-UN<\/strong>. Elle agit rapidement sur une vari\u00e9t\u00e9 de surfaces pour \u00e9liminer la graisse, les taches, la moisissure, l&rsquo;huile, la cire et les adh\u00e9sifs, offrant ainsi une solution compl\u00e8te \u00e0 tout d\u00e9fi de nettoyage. <\/p>\n<p><strong>\u2705<\/strong><strong> FORMAT DE 750 MILLILITRES.<\/strong><\/p>\n<p><strong>\u26ab R\u00e9f\u00e9rence : ECO-100<\/strong><\/p>\n","protected":false},"featured_media":13039,"template":"","meta":[],"product_brand":[225],"product_cat":[413,465],"product_tag":[681,680],"class_list":{"0":"post-13032","1":"product","2":"type-product","3":"status-publish","4":"has-post-thumbnail","6":"product_brand-eqm","7":"product_cat-limpieza-profesional","8":"product_cat-ofertas","9":"product_tag-cuisines","10":"product_tag-dissolvant-de-graisse","12":"first","13":"instock","14":"taxable","15":"shipping-taxable","16":"purchasable","17":"product-type-simple"},"acf":[],"yoast_head":"<!-- This site is optimized with the Yoast SEO Premium plugin v27.1 (Yoast SEO v27.4) - https:\/\/yoast.com\/product\/yoast-seo-premium-wordpress\/ -->\n<title>Dissolvant de graisse de cuisine - Ecosoluciones Qu\u00edmicas<\/title>\n<meta name=\"robots\" content=\"index, follow, max-snippet:-1, max-image-preview:large, max-video-preview:-1\" \/>\n<link rel=\"canonical\" href=\"https:\/\/www.ecosolucionesquimicas.es\/fr\/producto\/dissolvant-de-graisse-de-cuisine\/\" \/>\n<meta property=\"og:locale\" content=\"fr_FR\" \/>\n<meta property=\"og:type\" content=\"article\" \/>\n<meta property=\"og:title\" content=\"Dissolvant de graisse de cuisine\" \/>\n<meta property=\"og:description\" content=\"FORMULE HAUTEMENT CONCENTR\u00c9E. ECO-100 offre un pouvoir d\u00e9graissant exceptionnel, capable de dissoudre efficacement la graisse et les salet\u00e9s tenaces.  NETTOYAGE COMPLET DANS LES CUISINES. Con\u00e7u pour les fours, les grilles, les hottes aspirantes, les carrelages et les plans de travail, il permet un nettoyage profond et minutieux.  UN NETTOYAGE PROFESSIONNEL SANS EFFORT. Sa formule avanc\u00e9e facilite l&#039;\u00e9limination de la graisse et de la salet\u00e9, r\u00e9duisant ainsi l&#039;effort physique n\u00e9cessaire pour un nettoyage en profondeur.  SOLUTION TOUT-EN-UN. Elle agit rapidement sur une vari\u00e9t\u00e9 de surfaces pour \u00e9liminer la graisse, les taches, la moisissure, l&#039;huile, la cire et les adh\u00e9sifs, offrant ainsi une solution compl\u00e8te \u00e0 tout d\u00e9fi de nettoyage.  \u2705 FORMAT DE 750 MILLILITRES. \u26ab R\u00e9f\u00e9rence : ECO-100\" \/>\n<meta property=\"og:url\" content=\"https:\/\/www.ecosolucionesquimicas.es\/fr\/producto\/dissolvant-de-graisse-de-cuisine\/\" \/>\n<meta property=\"og:site_name\" content=\"Ecosoluciones Qu\u00edmicas\" \/>\n<meta property=\"article:publisher\" content=\"https:\/\/www.facebook.com\/ecosolucionesquimicasmadrid\/\" \/>\n<meta property=\"og:image\" content=\"https:\/\/www.ecosolucionesquimicas.es\/wp-content\/uploads\/2024\/08\/Captura-de-pantalla-2024-08-28-a-las-11.52.46-300x248.png\" \/>\n<meta name=\"twitter:card\" content=\"summary_large_image\" \/>\n<meta name=\"twitter:label1\" content=\"Prix\" \/>\n\t<meta name=\"twitter:data1\" content=\"4,83&nbsp;&euro; TVA incluse.\" \/>\n\t<meta name=\"twitter:label2\" content=\"Disponibilit\u00e9\" \/>\n\t<meta name=\"twitter:data2\" content=\"En stock\" \/>\n<script type=\"application\/ld+json\" class=\"yoast-schema-graph\">{\"@context\":\"https:\\\/\\\/schema.org\",\"@graph\":[{\"@type\":\"WebPage\",\"@id\":\"https:\\\/\\\/www.ecosolucionesquimicas.es\\\/fr\\\/producto\\\/dissolvant-de-graisse-de-cuisine\\\/\",\"url\":\"https:\\\/\\\/www.ecosolucionesquimicas.es\\\/fr\\\/producto\\\/dissolvant-de-graisse-de-cuisine\\\/\",\"name\":\"Dissolvant de graisse de cuisine - Ecosoluciones Qu\u00edmicas\",\"isPartOf\":{\"@id\":\"https:\\\/\\\/www.ecosolucionesquimicas.es\\\/fr\\\/#website\"},\"primaryImageOfPage\":{\"@id\":\"https:\\\/\\\/www.ecosolucionesquimicas.es\\\/fr\\\/producto\\\/dissolvant-de-graisse-de-cuisine\\\/#primaryimage\"},\"image\":{\"@id\":\"https:\\\/\\\/www.ecosolucionesquimicas.es\\\/fr\\\/producto\\\/dissolvant-de-graisse-de-cuisine\\\/#primaryimage\"},\"thumbnailUrl\":\"https:\\\/\\\/www.ecosolucionesquimicas.es\\\/wp-content\\\/uploads\\\/2024\\\/08\\\/ECO-100-750ML-scaled.jpg\",\"datePublished\":\"2024-08-28T09:17:23+00:00\",\"breadcrumb\":{\"@id\":\"https:\\\/\\\/www.ecosolucionesquimicas.es\\\/fr\\\/producto\\\/dissolvant-de-graisse-de-cuisine\\\/#breadcrumb\"},\"inLanguage\":\"fr-FR\",\"potentialAction\":[{\"@type\":\"ReadAction\",\"target\":[\"https:\\\/\\\/www.ecosolucionesquimicas.es\\\/fr\\\/producto\\\/dissolvant-de-graisse-de-cuisine\\\/\"]}]},{\"@type\":\"ImageObject\",\"inLanguage\":\"fr-FR\",\"@id\":\"https:\\\/\\\/www.ecosolucionesquimicas.es\\\/fr\\\/producto\\\/dissolvant-de-graisse-de-cuisine\\\/#primaryimage\",\"url\":\"https:\\\/\\\/www.ecosolucionesquimicas.es\\\/wp-content\\\/uploads\\\/2024\\\/08\\\/ECO-100-750ML-scaled.jpg\",\"contentUrl\":\"https:\\\/\\\/www.ecosolucionesquimicas.es\\\/wp-content\\\/uploads\\\/2024\\\/08\\\/ECO-100-750ML-scaled.jpg\",\"width\":2350,\"height\":2560},{\"@type\":\"BreadcrumbList\",\"@id\":\"https:\\\/\\\/www.ecosolucionesquimicas.es\\\/fr\\\/producto\\\/dissolvant-de-graisse-de-cuisine\\\/#breadcrumb\",\"itemListElement\":[{\"@type\":\"ListItem\",\"position\":1,\"name\":\"Portada\",\"item\":\"https:\\\/\\\/www.ecosolucionesquimicas.es\\\/fr\\\/home\\\/\"},{\"@type\":\"ListItem\",\"position\":2,\"name\":\"Dissolvant de graisse de cuisine\"}]},{\"@type\":\"WebSite\",\"@id\":\"https:\\\/\\\/www.ecosolucionesquimicas.es\\\/fr\\\/#website\",\"url\":\"https:\\\/\\\/www.ecosolucionesquimicas.es\\\/fr\\\/\",\"name\":\"Ecosoluciones Qu\u00edmicas\",\"description\":\"Achetez en ligne des produits d'entretien et des produits chimiques fabriqu\u00e9s par nos soins.\",\"publisher\":{\"@id\":\"https:\\\/\\\/www.ecosolucionesquimicas.es\\\/fr\\\/#organization\"},\"alternateName\":\"EQM\",\"potentialAction\":[{\"@type\":\"SearchAction\",\"target\":{\"@type\":\"EntryPoint\",\"urlTemplate\":\"https:\\\/\\\/www.ecosolucionesquimicas.es\\\/fr\\\/?s={search_term_string}\"},\"query-input\":{\"@type\":\"PropertyValueSpecification\",\"valueRequired\":true,\"valueName\":\"search_term_string\"}}],\"inLanguage\":\"fr-FR\"},{\"@type\":\"Organization\",\"@id\":\"https:\\\/\\\/www.ecosolucionesquimicas.es\\\/fr\\\/#organization\",\"name\":\"Ecosoluciones Qu\u00edmicas\",\"url\":\"https:\\\/\\\/www.ecosolucionesquimicas.es\\\/fr\\\/\",\"logo\":{\"@type\":\"ImageObject\",\"inLanguage\":\"fr-FR\",\"@id\":\"https:\\\/\\\/www.ecosolucionesquimicas.es\\\/fr\\\/#\\\/schema\\\/logo\\\/image\\\/\",\"url\":\"https:\\\/\\\/www.ecosolucionesquimicas.es\\\/wp-content\\\/uploads\\\/2024\\\/08\\\/LOGO-EQM-NUEVO-.png\",\"contentUrl\":\"https:\\\/\\\/www.ecosolucionesquimicas.es\\\/wp-content\\\/uploads\\\/2024\\\/08\\\/LOGO-EQM-NUEVO-.png\",\"width\":1060,\"height\":456,\"caption\":\"Ecosoluciones Qu\u00edmicas\"},\"image\":{\"@id\":\"https:\\\/\\\/www.ecosolucionesquimicas.es\\\/fr\\\/#\\\/schema\\\/logo\\\/image\\\/\"},\"sameAs\":[\"https:\\\/\\\/www.facebook.com\\\/ecosolucionesquimicasmadrid\\\/\",\"https:\\\/\\\/www.instagram.com\\\/ecosolucionesquimicas\\\/\"],\"hasMerchantReturnPolicy\":{\"@type\":\"MerchantReturnPolicy\",\"merchantReturnLink\":\"https:\\\/\\\/www.ecosolucionesquimicas.es\\\/refund_returns\\\/\"}}]}<\/script>\n<meta property=\"product:brand\" content=\"EQM\" \/>\n<meta property=\"product:price:amount\" content=\"4.83\" \/>\n<meta property=\"product:price:currency\" content=\"EUR\" \/>\n<meta property=\"og:availability\" content=\"instock\" \/>\n<meta property=\"product:availability\" content=\"instock\" \/>\n<meta property=\"product:retailer_item_id\" content=\"ECO-100\" \/>\n<meta property=\"product:condition\" content=\"new\" \/>\n<!-- \/ Yoast SEO Premium plugin. -->","yoast_head_json":{"title":"Dissolvant de graisse de cuisine - Ecosoluciones Qu\u00edmicas","robots":{"index":"index","follow":"follow","max-snippet":"max-snippet:-1","max-image-preview":"max-image-preview:large","max-video-preview":"max-video-preview:-1"},"canonical":"https:\/\/www.ecosolucionesquimicas.es\/fr\/producto\/dissolvant-de-graisse-de-cuisine\/","og_locale":"fr_FR","og_type":"article","og_title":"Dissolvant de graisse de cuisine","og_description":"FORMULE HAUTEMENT CONCENTR\u00c9E. ECO-100 offre un pouvoir d\u00e9graissant exceptionnel, capable de dissoudre efficacement la graisse et les salet\u00e9s tenaces.  NETTOYAGE COMPLET DANS LES CUISINES. Con\u00e7u pour les fours, les grilles, les hottes aspirantes, les carrelages et les plans de travail, il permet un nettoyage profond et minutieux.  UN NETTOYAGE PROFESSIONNEL SANS EFFORT. Sa formule avanc\u00e9e facilite l'\u00e9limination de la graisse et de la salet\u00e9, r\u00e9duisant ainsi l'effort physique n\u00e9cessaire pour un nettoyage en profondeur.  SOLUTION TOUT-EN-UN. Elle agit rapidement sur une vari\u00e9t\u00e9 de surfaces pour \u00e9liminer la graisse, les taches, la moisissure, l'huile, la cire et les adh\u00e9sifs, offrant ainsi une solution compl\u00e8te \u00e0 tout d\u00e9fi de nettoyage.  \u2705 FORMAT DE 750 MILLILITRES. \u26ab R\u00e9f\u00e9rence : ECO-100","og_url":"https:\/\/www.ecosolucionesquimicas.es\/fr\/producto\/dissolvant-de-graisse-de-cuisine\/","og_site_name":"Ecosoluciones Qu\u00edmicas","article_publisher":"https:\/\/www.facebook.com\/ecosolucionesquimicasmadrid\/","og_image":[{"url":"https:\/\/www.ecosolucionesquimicas.es\/wp-content\/uploads\/2024\/08\/Captura-de-pantalla-2024-08-28-a-las-11.52.46-300x248.png","type":"","width":"","height":""}],"twitter_card":"summary_large_image","twitter_misc":{"Prix":"4,83&nbsp;&euro; TVA incluse.","Disponibilit\u00e9":"En stock"},"schema":{"@context":"https:\/\/schema.org","@graph":[{"@type":"WebPage","@id":"https:\/\/www.ecosolucionesquimicas.es\/fr\/producto\/dissolvant-de-graisse-de-cuisine\/","url":"https:\/\/www.ecosolucionesquimicas.es\/fr\/producto\/dissolvant-de-graisse-de-cuisine\/","name":"Dissolvant de graisse de cuisine - Ecosoluciones Qu\u00edmicas","isPartOf":{"@id":"https:\/\/www.ecosolucionesquimicas.es\/fr\/#website"},"primaryImageOfPage":{"@id":"https:\/\/www.ecosolucionesquimicas.es\/fr\/producto\/dissolvant-de-graisse-de-cuisine\/#primaryimage"},"image":{"@id":"https:\/\/www.ecosolucionesquimicas.es\/fr\/producto\/dissolvant-de-graisse-de-cuisine\/#primaryimage"},"thumbnailUrl":"https:\/\/www.ecosolucionesquimicas.es\/wp-content\/uploads\/2024\/08\/ECO-100-750ML-scaled.jpg","datePublished":"2024-08-28T09:17:23+00:00","breadcrumb":{"@id":"https:\/\/www.ecosolucionesquimicas.es\/fr\/producto\/dissolvant-de-graisse-de-cuisine\/#breadcrumb"},"inLanguage":"fr-FR","potentialAction":[{"@type":"ReadAction","target":["https:\/\/www.ecosolucionesquimicas.es\/fr\/producto\/dissolvant-de-graisse-de-cuisine\/"]}]},{"@type":"ImageObject","inLanguage":"fr-FR","@id":"https:\/\/www.ecosolucionesquimicas.es\/fr\/producto\/dissolvant-de-graisse-de-cuisine\/#primaryimage","url":"https:\/\/www.ecosolucionesquimicas.es\/wp-content\/uploads\/2024\/08\/ECO-100-750ML-scaled.jpg","contentUrl":"https:\/\/www.ecosolucionesquimicas.es\/wp-content\/uploads\/2024\/08\/ECO-100-750ML-scaled.jpg","width":2350,"height":2560},{"@type":"BreadcrumbList","@id":"https:\/\/www.ecosolucionesquimicas.es\/fr\/producto\/dissolvant-de-graisse-de-cuisine\/#breadcrumb","itemListElement":[{"@type":"ListItem","position":1,"name":"Portada","item":"https:\/\/www.ecosolucionesquimicas.es\/fr\/home\/"},{"@type":"ListItem","position":2,"name":"Dissolvant de graisse de cuisine"}]},{"@type":"WebSite","@id":"https:\/\/www.ecosolucionesquimicas.es\/fr\/#website","url":"https:\/\/www.ecosolucionesquimicas.es\/fr\/","name":"Ecosoluciones Qu\u00edmicas","description":"Achetez en ligne des produits d'entretien et des produits chimiques fabriqu\u00e9s par nos soins.","publisher":{"@id":"https:\/\/www.ecosolucionesquimicas.es\/fr\/#organization"},"alternateName":"EQM","potentialAction":[{"@type":"SearchAction","target":{"@type":"EntryPoint","urlTemplate":"https:\/\/www.ecosolucionesquimicas.es\/fr\/?s={search_term_string}"},"query-input":{"@type":"PropertyValueSpecification","valueRequired":true,"valueName":"search_term_string"}}],"inLanguage":"fr-FR"},{"@type":"Organization","@id":"https:\/\/www.ecosolucionesquimicas.es\/fr\/#organization","name":"Ecosoluciones Qu\u00edmicas","url":"https:\/\/www.ecosolucionesquimicas.es\/fr\/","logo":{"@type":"ImageObject","inLanguage":"fr-FR","@id":"https:\/\/www.ecosolucionesquimicas.es\/fr\/#\/schema\/logo\/image\/","url":"https:\/\/www.ecosolucionesquimicas.es\/wp-content\/uploads\/2024\/08\/LOGO-EQM-NUEVO-.png","contentUrl":"https:\/\/www.ecosolucionesquimicas.es\/wp-content\/uploads\/2024\/08\/LOGO-EQM-NUEVO-.png","width":1060,"height":456,"caption":"Ecosoluciones Qu\u00edmicas"},"image":{"@id":"https:\/\/www.ecosolucionesquimicas.es\/fr\/#\/schema\/logo\/image\/"},"sameAs":["https:\/\/www.facebook.com\/ecosolucionesquimicasmadrid\/","https:\/\/www.instagram.com\/ecosolucionesquimicas\/"],"hasMerchantReturnPolicy":{"@type":"MerchantReturnPolicy","merchantReturnLink":"https:\/\/www.ecosolucionesquimicas.es\/refund_returns\/"}}]},"product_brand":"EQM","product_price_amount":"4.83","product_price_currency":"EUR","og_availability":"instock","product_availability":"instock","product_retailer_item_id":"ECO-100","product_condition":"new"},"_links":{"self":[{"href":"https:\/\/www.ecosolucionesquimicas.es\/fr\/wp-json\/wp\/v2\/product\/13032","targetHints":{"allow":["GET"]}}],"collection":[{"href":"https:\/\/www.ecosolucionesquimicas.es\/fr\/wp-json\/wp\/v2\/product"}],"about":[{"href":"https:\/\/www.ecosolucionesquimicas.es\/fr\/wp-json\/wp\/v2\/types\/product"}],"wp:featuredmedia":[{"embeddable":true,"href":"https:\/\/www.ecosolucionesquimicas.es\/fr\/wp-json\/wp\/v2\/media\/13039"}],"wp:attachment":[{"href":"https:\/\/www.ecosolucionesquimicas.es\/fr\/wp-json\/wp\/v2\/media?parent=13032"}],"wp:term":[{"taxonomy":"product_brand","embeddable":true,"href":"https:\/\/www.ecosolucionesquimicas.es\/fr\/wp-json\/wp\/v2\/product_brand?post=13032"},{"taxonomy":"product_cat","embeddable":true,"href":"https:\/\/www.ecosolucionesquimicas.es\/fr\/wp-json\/wp\/v2\/product_cat?post=13032"},{"taxonomy":"product_tag","embeddable":true,"href":"https:\/\/www.ecosolucionesquimicas.es\/fr\/wp-json\/wp\/v2\/product_tag?post=13032"}],"curies":[{"name":"wp","href":"https:\/\/api.w.org\/{rel}","templated":true}]}}