{"id":13015,"date":"2024-08-27T22:13:42","date_gmt":"2024-08-27T20:13:42","guid":{"rendered":"https:\/\/www.ecosolucionesquimicas.es\/producto\/nettoyant-pour-sols-a-action-renforcee\/"},"modified":"2024-08-27T22:13:42","modified_gmt":"2024-08-27T20:13:42","slug":"nettoyant-pour-sols-a-action-renforcee","status":"publish","type":"product","link":"https:\/\/www.ecosolucionesquimicas.es\/fr\/producto\/nettoyant-pour-sols-a-action-renforcee\/","title":{"rendered":"Nettoyant pour sols \u00e0 action renforc\u00e9e"},"content":{"rendered":"<p><img fetchpriority=\"high\" decoding=\"async\" class=\"alignnone wp-image-3506\" src=\"https:\/\/www.ecosolucionesquimicas.es\/wp-content\/uploads\/2024\/08\/FLORAL-300x171.jpg\" alt=\"\" width=\"550\" height=\"314\" srcset=\"https:\/\/www.ecosolucionesquimicas.es\/wp-content\/uploads\/2024\/08\/FLORAL-300x171.jpg 300w, https:\/\/www.ecosolucionesquimicas.es\/wp-content\/uploads\/2024\/08\/FLORAL-1024x585.jpg 1024w, https:\/\/www.ecosolucionesquimicas.es\/wp-content\/uploads\/2024\/08\/FLORAL-768x439.jpg 768w, https:\/\/www.ecosolucionesquimicas.es\/wp-content\/uploads\/2024\/08\/FLORAL-1536x878.jpg 1536w, https:\/\/www.ecosolucionesquimicas.es\/wp-content\/uploads\/2024\/08\/FLORAL-600x343.jpg 600w, https:\/\/www.ecosolucionesquimicas.es\/wp-content\/uploads\/2024\/08\/FLORAL.jpg 1792w\" sizes=\"(max-width: 550px) 100vw, 550px\" \/><\/p>\n<p><strong>MODE D&rsquo;EMPLOI<\/strong><\/p>\n<p>\ud83d\udd18 <strong>Pr\u00e9paration :<\/strong> Diluer 50 \u00e0 100 ml du nettoyant pour sols dans 5 litres d&rsquo;eau ti\u00e8de, en ajustant en fonction de la salet\u00e9 et de la taille de la surface.<br \/>\n\ud83d\udd18 <strong>Application :<\/strong> R\u00e9partir uniform\u00e9ment la solution \u00e0 l&rsquo;aide d&rsquo;une serpilli\u00e8re propre pour assurer un nettoyage efficace.<br \/>\n\ud83d\udd18 <strong>Recommandation :<\/strong> Pour les sols tr\u00e8s sales ou les grandes surfaces, augmenter l\u00e9g\u00e8rement le dosage.<\/p>\n","protected":false},"excerpt":{"rendered":"<p><strong>PH NEUTRE, ID\u00c9AL POUR TOUS LES TYPES DE SURFACES.<\/strong> ECO-202 nettoie efficacement le bois, le formica, les carreaux et les m\u00e9taux sans endommager les mat\u00e9riaux trait\u00e9s.<\/p>\n<p><strong>Sa<\/strong> formulation offre un pouvoir nettoyant \u00e9lev\u00e9, garantissant des r\u00e9sultats efficaces sur une vari\u00e9t\u00e9 de surfaces.<\/p>\n<p><strong>SANS DANGER POUR LES MAISONS AVEC DES ANIMAUX DE COMPAGNIE.<\/strong> Il ne contient ni chlore ni ammoniaque, ce qui le rend sans danger pour les animaux et les personnes, tout en \u00e9liminant les mauvaises odeurs et en laissant un parfum agr\u00e9able et durable.<\/p>\n<p>Gr\u00e2ce \u00e0 des tensioactifs qui offrent un pouvoir d\u00e9graissant \u00e9lev\u00e9, ECO-202 permet d&rsquo;obtenir des r\u00e9sultats exceptionnels avec une finition brillante de <strong>longue dur\u00e9e.<\/strong> <\/p>\n<p><strong>\u2705<\/strong><strong> FORMATS DE 1, 5 ET 20 LITRES.<\/strong><\/p>\n<p><strong>R\u00e9f\u00e9rence : ECO-202<\/strong><\/p>\n","protected":false},"featured_media":13025,"template":"","meta":[],"product_brand":[225],"product_cat":[413],"product_tag":[679,631,678],"class_list":{"0":"post-13015","1":"product","2":"type-product","3":"status-publish","4":"has-post-thumbnail","6":"product_brand-eqm","7":"product_cat-limpieza-profesional","8":"product_tag-nettoyeur-de-sol","9":"product_tag-nettoyeurs-de-sol","10":"product_tag-passer-la-serpilliere-sur-le-sol","12":"first","13":"instock","14":"taxable","15":"shipping-taxable","16":"purchasable","17":"product-type-variable"},"acf":[],"yoast_head":"<!-- This site is optimized with the Yoast SEO Premium plugin v27.1 (Yoast SEO v27.4) - https:\/\/yoast.com\/product\/yoast-seo-premium-wordpress\/ -->\n<title>Nettoyant pour sols \u00e0 action renforc\u00e9e - Ecosoluciones Qu\u00edmicas<\/title>\n<meta name=\"robots\" content=\"index, follow, max-snippet:-1, max-image-preview:large, max-video-preview:-1\" \/>\n<link rel=\"canonical\" href=\"https:\/\/www.ecosolucionesquimicas.es\/fr\/producto\/nettoyant-pour-sols-a-action-renforcee\/\" \/>\n<meta property=\"og:locale\" content=\"fr_FR\" \/>\n<meta property=\"og:type\" content=\"article\" \/>\n<meta property=\"og:title\" content=\"Nettoyant pour sols \u00e0 action renforc\u00e9e\" \/>\n<meta property=\"og:description\" content=\"PH NEUTRE, ID\u00c9AL POUR TOUS LES TYPES DE SURFACES. ECO-202 nettoie efficacement le bois, le formica, les carreaux et les m\u00e9taux sans endommager les mat\u00e9riaux trait\u00e9s. Sa formulation offre un pouvoir nettoyant \u00e9lev\u00e9, garantissant des r\u00e9sultats efficaces sur une vari\u00e9t\u00e9 de surfaces. SANS DANGER POUR LES MAISONS AVEC DES ANIMAUX DE COMPAGNIE. Il ne contient ni chlore ni ammoniaque, ce qui le rend sans danger pour les animaux et les personnes, tout en \u00e9liminant les mauvaises odeurs et en laissant un parfum agr\u00e9able et durable. Gr\u00e2ce \u00e0 des tensioactifs qui offrent un pouvoir d\u00e9graissant \u00e9lev\u00e9, ECO-202 permet d&#039;obtenir des r\u00e9sultats exceptionnels avec une finition brillante de longue dur\u00e9e.  \u2705 FORMATS DE 1, 5 ET 20 LITRES. R\u00e9f\u00e9rence : ECO-202\" \/>\n<meta property=\"og:url\" content=\"https:\/\/www.ecosolucionesquimicas.es\/fr\/producto\/nettoyant-pour-sols-a-action-renforcee\/\" \/>\n<meta property=\"og:site_name\" content=\"Ecosoluciones Qu\u00edmicas\" \/>\n<meta property=\"article:publisher\" content=\"https:\/\/www.facebook.com\/ecosolucionesquimicasmadrid\/\" \/>\n<meta property=\"og:image\" content=\"https:\/\/www.ecosolucionesquimicas.es\/wp-content\/uploads\/2024\/08\/FLORAL-300x171.jpg\" \/>\n<meta name=\"twitter:card\" content=\"summary_large_image\" \/>\n<meta name=\"twitter:label1\" content=\"Disponibilit\u00e9\" \/>\n\t<meta name=\"twitter:data1\" content=\"En stock\" \/>\n<script type=\"application\/ld+json\" class=\"yoast-schema-graph\">{\"@context\":\"https:\\\/\\\/schema.org\",\"@graph\":[{\"@type\":\"WebPage\",\"@id\":\"https:\\\/\\\/www.ecosolucionesquimicas.es\\\/fr\\\/producto\\\/nettoyant-pour-sols-a-action-renforcee\\\/\",\"url\":\"https:\\\/\\\/www.ecosolucionesquimicas.es\\\/fr\\\/producto\\\/nettoyant-pour-sols-a-action-renforcee\\\/\",\"name\":\"Nettoyant pour sols \u00e0 action renforc\u00e9e - Ecosoluciones Qu\u00edmicas\",\"isPartOf\":{\"@id\":\"https:\\\/\\\/www.ecosolucionesquimicas.es\\\/fr\\\/#website\"},\"primaryImageOfPage\":{\"@id\":\"https:\\\/\\\/www.ecosolucionesquimicas.es\\\/fr\\\/producto\\\/nettoyant-pour-sols-a-action-renforcee\\\/#primaryimage\"},\"image\":{\"@id\":\"https:\\\/\\\/www.ecosolucionesquimicas.es\\\/fr\\\/producto\\\/nettoyant-pour-sols-a-action-renforcee\\\/#primaryimage\"},\"thumbnailUrl\":\"https:\\\/\\\/www.ecosolucionesquimicas.es\\\/wp-content\\\/uploads\\\/2025\\\/10\\\/ECO-202FL-1L-scaled.jpg\",\"datePublished\":\"2024-08-27T20:13:42+00:00\",\"breadcrumb\":{\"@id\":\"https:\\\/\\\/www.ecosolucionesquimicas.es\\\/fr\\\/producto\\\/nettoyant-pour-sols-a-action-renforcee\\\/#breadcrumb\"},\"inLanguage\":\"fr-FR\",\"potentialAction\":[{\"@type\":\"ReadAction\",\"target\":[\"https:\\\/\\\/www.ecosolucionesquimicas.es\\\/fr\\\/producto\\\/nettoyant-pour-sols-a-action-renforcee\\\/\"]}]},{\"@type\":\"ImageObject\",\"inLanguage\":\"fr-FR\",\"@id\":\"https:\\\/\\\/www.ecosolucionesquimicas.es\\\/fr\\\/producto\\\/nettoyant-pour-sols-a-action-renforcee\\\/#primaryimage\",\"url\":\"https:\\\/\\\/www.ecosolucionesquimicas.es\\\/wp-content\\\/uploads\\\/2025\\\/10\\\/ECO-202FL-1L-scaled.jpg\",\"contentUrl\":\"https:\\\/\\\/www.ecosolucionesquimicas.es\\\/wp-content\\\/uploads\\\/2025\\\/10\\\/ECO-202FL-1L-scaled.jpg\",\"width\":2350,\"height\":2560},{\"@type\":\"BreadcrumbList\",\"@id\":\"https:\\\/\\\/www.ecosolucionesquimicas.es\\\/fr\\\/producto\\\/nettoyant-pour-sols-a-action-renforcee\\\/#breadcrumb\",\"itemListElement\":[{\"@type\":\"ListItem\",\"position\":1,\"name\":\"Portada\",\"item\":\"https:\\\/\\\/www.ecosolucionesquimicas.es\\\/fr\\\/home\\\/\"},{\"@type\":\"ListItem\",\"position\":2,\"name\":\"Nettoyant pour sols \u00e0 action renforc\u00e9e\"}]},{\"@type\":\"WebSite\",\"@id\":\"https:\\\/\\\/www.ecosolucionesquimicas.es\\\/fr\\\/#website\",\"url\":\"https:\\\/\\\/www.ecosolucionesquimicas.es\\\/fr\\\/\",\"name\":\"Ecosoluciones Qu\u00edmicas\",\"description\":\"Achetez en ligne des produits d'entretien et des produits chimiques fabriqu\u00e9s par nos soins.\",\"publisher\":{\"@id\":\"https:\\\/\\\/www.ecosolucionesquimicas.es\\\/fr\\\/#organization\"},\"alternateName\":\"EQM\",\"potentialAction\":[{\"@type\":\"SearchAction\",\"target\":{\"@type\":\"EntryPoint\",\"urlTemplate\":\"https:\\\/\\\/www.ecosolucionesquimicas.es\\\/fr\\\/?s={search_term_string}\"},\"query-input\":{\"@type\":\"PropertyValueSpecification\",\"valueRequired\":true,\"valueName\":\"search_term_string\"}}],\"inLanguage\":\"fr-FR\"},{\"@type\":\"Organization\",\"@id\":\"https:\\\/\\\/www.ecosolucionesquimicas.es\\\/fr\\\/#organization\",\"name\":\"Ecosoluciones Qu\u00edmicas\",\"url\":\"https:\\\/\\\/www.ecosolucionesquimicas.es\\\/fr\\\/\",\"logo\":{\"@type\":\"ImageObject\",\"inLanguage\":\"fr-FR\",\"@id\":\"https:\\\/\\\/www.ecosolucionesquimicas.es\\\/fr\\\/#\\\/schema\\\/logo\\\/image\\\/\",\"url\":\"https:\\\/\\\/www.ecosolucionesquimicas.es\\\/wp-content\\\/uploads\\\/2024\\\/08\\\/LOGO-EQM-NUEVO-.png\",\"contentUrl\":\"https:\\\/\\\/www.ecosolucionesquimicas.es\\\/wp-content\\\/uploads\\\/2024\\\/08\\\/LOGO-EQM-NUEVO-.png\",\"width\":1060,\"height\":456,\"caption\":\"Ecosoluciones Qu\u00edmicas\"},\"image\":{\"@id\":\"https:\\\/\\\/www.ecosolucionesquimicas.es\\\/fr\\\/#\\\/schema\\\/logo\\\/image\\\/\"},\"sameAs\":[\"https:\\\/\\\/www.facebook.com\\\/ecosolucionesquimicasmadrid\\\/\",\"https:\\\/\\\/www.instagram.com\\\/ecosolucionesquimicas\\\/\"],\"hasMerchantReturnPolicy\":{\"@type\":\"MerchantReturnPolicy\",\"merchantReturnLink\":\"https:\\\/\\\/www.ecosolucionesquimicas.es\\\/refund_returns\\\/\"}}]}<\/script>\n<meta property=\"product:brand\" content=\"EQM\" \/>\n<meta property=\"og:availability\" content=\"instock\" \/>\n<meta property=\"product:availability\" content=\"instock\" \/>\n<meta property=\"product:retailer_item_id\" content=\"ECO-202\" \/>\n<meta property=\"product:condition\" content=\"new\" \/>\n<!-- \/ Yoast SEO Premium plugin. -->","yoast_head_json":{"title":"Nettoyant pour sols \u00e0 action renforc\u00e9e - Ecosoluciones Qu\u00edmicas","robots":{"index":"index","follow":"follow","max-snippet":"max-snippet:-1","max-image-preview":"max-image-preview:large","max-video-preview":"max-video-preview:-1"},"canonical":"https:\/\/www.ecosolucionesquimicas.es\/fr\/producto\/nettoyant-pour-sols-a-action-renforcee\/","og_locale":"fr_FR","og_type":"article","og_title":"Nettoyant pour sols \u00e0 action renforc\u00e9e","og_description":"PH NEUTRE, ID\u00c9AL POUR TOUS LES TYPES DE SURFACES. ECO-202 nettoie efficacement le bois, le formica, les carreaux et les m\u00e9taux sans endommager les mat\u00e9riaux trait\u00e9s. Sa formulation offre un pouvoir nettoyant \u00e9lev\u00e9, garantissant des r\u00e9sultats efficaces sur une vari\u00e9t\u00e9 de surfaces. SANS DANGER POUR LES MAISONS AVEC DES ANIMAUX DE COMPAGNIE. Il ne contient ni chlore ni ammoniaque, ce qui le rend sans danger pour les animaux et les personnes, tout en \u00e9liminant les mauvaises odeurs et en laissant un parfum agr\u00e9able et durable. Gr\u00e2ce \u00e0 des tensioactifs qui offrent un pouvoir d\u00e9graissant \u00e9lev\u00e9, ECO-202 permet d'obtenir des r\u00e9sultats exceptionnels avec une finition brillante de longue dur\u00e9e.  \u2705 FORMATS DE 1, 5 ET 20 LITRES. R\u00e9f\u00e9rence : ECO-202","og_url":"https:\/\/www.ecosolucionesquimicas.es\/fr\/producto\/nettoyant-pour-sols-a-action-renforcee\/","og_site_name":"Ecosoluciones Qu\u00edmicas","article_publisher":"https:\/\/www.facebook.com\/ecosolucionesquimicasmadrid\/","og_image":[{"url":"https:\/\/www.ecosolucionesquimicas.es\/wp-content\/uploads\/2024\/08\/FLORAL-300x171.jpg","type":"","width":"","height":""}],"twitter_card":"summary_large_image","twitter_misc":{"Disponibilit\u00e9":"En stock"},"schema":{"@context":"https:\/\/schema.org","@graph":[{"@type":"WebPage","@id":"https:\/\/www.ecosolucionesquimicas.es\/fr\/producto\/nettoyant-pour-sols-a-action-renforcee\/","url":"https:\/\/www.ecosolucionesquimicas.es\/fr\/producto\/nettoyant-pour-sols-a-action-renforcee\/","name":"Nettoyant pour sols \u00e0 action renforc\u00e9e - Ecosoluciones Qu\u00edmicas","isPartOf":{"@id":"https:\/\/www.ecosolucionesquimicas.es\/fr\/#website"},"primaryImageOfPage":{"@id":"https:\/\/www.ecosolucionesquimicas.es\/fr\/producto\/nettoyant-pour-sols-a-action-renforcee\/#primaryimage"},"image":{"@id":"https:\/\/www.ecosolucionesquimicas.es\/fr\/producto\/nettoyant-pour-sols-a-action-renforcee\/#primaryimage"},"thumbnailUrl":"https:\/\/www.ecosolucionesquimicas.es\/wp-content\/uploads\/2025\/10\/ECO-202FL-1L-scaled.jpg","datePublished":"2024-08-27T20:13:42+00:00","breadcrumb":{"@id":"https:\/\/www.ecosolucionesquimicas.es\/fr\/producto\/nettoyant-pour-sols-a-action-renforcee\/#breadcrumb"},"inLanguage":"fr-FR","potentialAction":[{"@type":"ReadAction","target":["https:\/\/www.ecosolucionesquimicas.es\/fr\/producto\/nettoyant-pour-sols-a-action-renforcee\/"]}]},{"@type":"ImageObject","inLanguage":"fr-FR","@id":"https:\/\/www.ecosolucionesquimicas.es\/fr\/producto\/nettoyant-pour-sols-a-action-renforcee\/#primaryimage","url":"https:\/\/www.ecosolucionesquimicas.es\/wp-content\/uploads\/2025\/10\/ECO-202FL-1L-scaled.jpg","contentUrl":"https:\/\/www.ecosolucionesquimicas.es\/wp-content\/uploads\/2025\/10\/ECO-202FL-1L-scaled.jpg","width":2350,"height":2560},{"@type":"BreadcrumbList","@id":"https:\/\/www.ecosolucionesquimicas.es\/fr\/producto\/nettoyant-pour-sols-a-action-renforcee\/#breadcrumb","itemListElement":[{"@type":"ListItem","position":1,"name":"Portada","item":"https:\/\/www.ecosolucionesquimicas.es\/fr\/home\/"},{"@type":"ListItem","position":2,"name":"Nettoyant pour sols \u00e0 action renforc\u00e9e"}]},{"@type":"WebSite","@id":"https:\/\/www.ecosolucionesquimicas.es\/fr\/#website","url":"https:\/\/www.ecosolucionesquimicas.es\/fr\/","name":"Ecosoluciones Qu\u00edmicas","description":"Achetez en ligne des produits d'entretien et des produits chimiques fabriqu\u00e9s par nos soins.","publisher":{"@id":"https:\/\/www.ecosolucionesquimicas.es\/fr\/#organization"},"alternateName":"EQM","potentialAction":[{"@type":"SearchAction","target":{"@type":"EntryPoint","urlTemplate":"https:\/\/www.ecosolucionesquimicas.es\/fr\/?s={search_term_string}"},"query-input":{"@type":"PropertyValueSpecification","valueRequired":true,"valueName":"search_term_string"}}],"inLanguage":"fr-FR"},{"@type":"Organization","@id":"https:\/\/www.ecosolucionesquimicas.es\/fr\/#organization","name":"Ecosoluciones Qu\u00edmicas","url":"https:\/\/www.ecosolucionesquimicas.es\/fr\/","logo":{"@type":"ImageObject","inLanguage":"fr-FR","@id":"https:\/\/www.ecosolucionesquimicas.es\/fr\/#\/schema\/logo\/image\/","url":"https:\/\/www.ecosolucionesquimicas.es\/wp-content\/uploads\/2024\/08\/LOGO-EQM-NUEVO-.png","contentUrl":"https:\/\/www.ecosolucionesquimicas.es\/wp-content\/uploads\/2024\/08\/LOGO-EQM-NUEVO-.png","width":1060,"height":456,"caption":"Ecosoluciones Qu\u00edmicas"},"image":{"@id":"https:\/\/www.ecosolucionesquimicas.es\/fr\/#\/schema\/logo\/image\/"},"sameAs":["https:\/\/www.facebook.com\/ecosolucionesquimicasmadrid\/","https:\/\/www.instagram.com\/ecosolucionesquimicas\/"],"hasMerchantReturnPolicy":{"@type":"MerchantReturnPolicy","merchantReturnLink":"https:\/\/www.ecosolucionesquimicas.es\/refund_returns\/"}}]},"product_brand":"EQM","og_availability":"instock","product_availability":"instock","product_retailer_item_id":"ECO-202","product_condition":"new"},"_links":{"self":[{"href":"https:\/\/www.ecosolucionesquimicas.es\/fr\/wp-json\/wp\/v2\/product\/13015","targetHints":{"allow":["GET"]}}],"collection":[{"href":"https:\/\/www.ecosolucionesquimicas.es\/fr\/wp-json\/wp\/v2\/product"}],"about":[{"href":"https:\/\/www.ecosolucionesquimicas.es\/fr\/wp-json\/wp\/v2\/types\/product"}],"wp:featuredmedia":[{"embeddable":true,"href":"https:\/\/www.ecosolucionesquimicas.es\/fr\/wp-json\/wp\/v2\/media\/13025"}],"wp:attachment":[{"href":"https:\/\/www.ecosolucionesquimicas.es\/fr\/wp-json\/wp\/v2\/media?parent=13015"}],"wp:term":[{"taxonomy":"product_brand","embeddable":true,"href":"https:\/\/www.ecosolucionesquimicas.es\/fr\/wp-json\/wp\/v2\/product_brand?post=13015"},{"taxonomy":"product_cat","embeddable":true,"href":"https:\/\/www.ecosolucionesquimicas.es\/fr\/wp-json\/wp\/v2\/product_cat?post=13015"},{"taxonomy":"product_tag","embeddable":true,"href":"https:\/\/www.ecosolucionesquimicas.es\/fr\/wp-json\/wp\/v2\/product_tag?post=13015"}],"curies":[{"name":"wp","href":"https:\/\/api.w.org\/{rel}","templated":true}]}}