{"id":12976,"date":"2024-08-28T12:43:01","date_gmt":"2024-08-28T10:43:01","guid":{"rendered":"https:\/\/www.ecosolucionesquimicas.es\/producto\/nettoyant-multi-usages-parfume\/"},"modified":"2026-03-03T16:55:34","modified_gmt":"2026-03-03T15:55:34","slug":"nettoyant-multi-usages-parfume","status":"publish","type":"product","link":"https:\/\/www.ecosolucionesquimicas.es\/fr\/producto\/nettoyant-multi-usages-parfume\/","title":{"rendered":"Nettoyant multi-usages parfum\u00e9"},"content":{"rendered":"<p><img fetchpriority=\"high\" decoding=\"async\" class=\"alignnone wp-image-3559\" src=\"https:\/\/www.ecosolucionesquimicas.es\/wp-content\/uploads\/2024\/08\/Captura-de-pantalla-2024-08-28-a-las-13.05.51-300x170.png\" alt=\"\" width=\"550\" height=\"311\" srcset=\"https:\/\/www.ecosolucionesquimicas.es\/wp-content\/uploads\/2024\/08\/Captura-de-pantalla-2024-08-28-a-las-13.05.51-300x170.png 300w, https:\/\/www.ecosolucionesquimicas.es\/wp-content\/uploads\/2024\/08\/Captura-de-pantalla-2024-08-28-a-las-13.05.51-1024x579.png 1024w, https:\/\/www.ecosolucionesquimicas.es\/wp-content\/uploads\/2024\/08\/Captura-de-pantalla-2024-08-28-a-las-13.05.51-768x434.png 768w, https:\/\/www.ecosolucionesquimicas.es\/wp-content\/uploads\/2024\/08\/Captura-de-pantalla-2024-08-28-a-las-13.05.51-1536x869.png 1536w, https:\/\/www.ecosolucionesquimicas.es\/wp-content\/uploads\/2024\/08\/Captura-de-pantalla-2024-08-28-a-las-13.05.51-2048x1159.png 2048w, https:\/\/www.ecosolucionesquimicas.es\/wp-content\/uploads\/2024\/08\/Captura-de-pantalla-2024-08-28-a-las-13.05.51-600x339.png 600w\" sizes=\"(max-width: 550px) 100vw, 550px\" \/><\/p>\n<p><strong>MODE D&rsquo;EMPLOI<\/strong><\/p>\n<p><strong>\ud83d\udd18 Vaporiser :<\/strong> Vaporiser le nettoyant directement sur la surface \u00e0 nettoyer, en tenant le pulv\u00e9risateur \u00e0 une distance de 15 \u00e0 20 cm.<br \/>\n<strong>\ud83d\udd18 Laisser agir :<\/strong> Laisser agir le produit pendant quelques secondes pour qu&rsquo;il puisse p\u00e9n\u00e9trer et dissoudre la salet\u00e9.<br \/>\n<strong>\ud83d\udd18 Essuyer :<\/strong> Utiliser un chiffon propre et sec pour frotter doucement la surface, afin d&rsquo;\u00e9liminer la salet\u00e9 et les r\u00e9sidus.<br \/>\n<strong>\ud83d\udd18 V\u00e9rifier :<\/strong> Si n\u00e9cessaire, r\u00e9p\u00e8te le processus sur les zones o\u00f9 la salet\u00e9 est plus tenace pour assurer un nettoyage en profondeur.<\/p>\n","protected":false},"excerpt":{"rendered":"<p><strong>ECO-203 EST UN NETTOYANT POLYVALENT POUR TOUS LES TYPES DE SURFACES<\/strong>. Il \u00e9limine en toute s\u00e9curit\u00e9 la graisse et les taches sans endommager les surfaces. Aucun rin\u00e7age n&rsquo;est n\u00e9cessaire, ce qui rend le nettoyage rapide et facile.  <\/p>\n<p><strong>FORMULE SANS ALCOOL, SANS AMMONIAQUE ET SANS AGENT DE BLANCHIMENT.<\/strong> Ce nettoyant est sans danger pour les surfaces dures et d\u00e9licates. Exempt de ces composants, il ne produit ni fum\u00e9es ni vapeurs irritantes et n&rsquo;ab\u00eeme ni ne tache les tissus, ce qui permet de l&rsquo;utiliser sur les v\u00eatements. <\/p>\n<p><strong>CONTIENT DE L&rsquo;AMMONIUM QUATERNAIRE<\/strong>. Cet ingr\u00e9dient assure un nettoyage complet et efficace, en prot\u00e9geant efficacement toutes les surfaces. <\/p>\n<p><strong>IL LAISSE UN PARFUM AGR\u00c9ABLE ET DOUX<\/strong>. Apr\u00e8s le nettoyage, ECO-203 procure un parfum d&rsquo;herbe propre et fra\u00eeche qui persiste dans l&rsquo;air, offrant une sensation de puret\u00e9 et de fra\u00eecheur. <\/p>\n<p><strong>\u2705<\/strong><strong> FORMAT DE 5 ET 20 LITRES.<\/strong><\/p>\n<p><strong>R\u00e9f\u00e9rence : ECO-203<\/strong><\/p>\n","protected":false},"featured_media":12979,"template":"","meta":[],"product_brand":[225],"product_cat":[413,501],"product_tag":[672,471],"class_list":{"0":"post-12976","1":"product","2":"type-product","3":"status-publish","4":"has-post-thumbnail","6":"product_brand-eqm","7":"product_cat-limpieza-profesional","8":"product_cat-limpiezas-de-superficies-con-accion-reforzada","9":"product_tag-desinfection-des-surfaces","10":"product_tag-multiusos","12":"first","13":"instock","14":"taxable","15":"shipping-taxable","16":"purchasable","17":"product-type-variable"},"acf":[],"yoast_head":"<!-- This site is optimized with the Yoast SEO Premium plugin v27.1 (Yoast SEO v27.4) - https:\/\/yoast.com\/product\/yoast-seo-premium-wordpress\/ -->\n<title>Nettoyant multi-usages parfum\u00e9 - Ecosoluciones Qu\u00edmicas<\/title>\n<meta name=\"robots\" content=\"index, follow, max-snippet:-1, max-image-preview:large, max-video-preview:-1\" \/>\n<link rel=\"canonical\" href=\"https:\/\/www.ecosolucionesquimicas.es\/fr\/producto\/nettoyant-multi-usages-parfume\/\" \/>\n<meta property=\"og:locale\" content=\"fr_FR\" \/>\n<meta property=\"og:type\" content=\"article\" \/>\n<meta property=\"og:title\" content=\"Nettoyant multi-usages parfum\u00e9\" \/>\n<meta property=\"og:description\" content=\"ECO-203 EST UN NETTOYANT POLYVALENT POUR TOUS LES TYPES DE SURFACES. Il \u00e9limine en toute s\u00e9curit\u00e9 la graisse et les taches sans endommager les surfaces. Aucun rin\u00e7age n&#039;est n\u00e9cessaire, ce qui rend le nettoyage rapide et facile.  FORMULE SANS ALCOOL, SANS AMMONIAQUE ET SANS AGENT DE BLANCHIMENT. Ce nettoyant est sans danger pour les surfaces dures et d\u00e9licates. Exempt de ces composants, il ne produit ni fum\u00e9es ni vapeurs irritantes et n&#039;ab\u00eeme ni ne tache les tissus, ce qui permet de l&#039;utiliser sur les v\u00eatements.  CONTIENT DE L&#039;AMMONIUM QUATERNAIRE. Cet ingr\u00e9dient assure un nettoyage complet et efficace, en prot\u00e9geant efficacement toutes les surfaces.  IL LAISSE UN PARFUM AGR\u00c9ABLE ET DOUX. Apr\u00e8s le nettoyage, ECO-203 procure un parfum d&#039;herbe propre et fra\u00eeche qui persiste dans l&#039;air, offrant une sensation de puret\u00e9 et de fra\u00eecheur.  \u2705 FORMAT DE 5 ET 20 LITRES. R\u00e9f\u00e9rence : ECO-203\" \/>\n<meta property=\"og:url\" content=\"https:\/\/www.ecosolucionesquimicas.es\/fr\/producto\/nettoyant-multi-usages-parfume\/\" \/>\n<meta property=\"og:site_name\" content=\"Ecosoluciones Qu\u00edmicas\" \/>\n<meta property=\"article:publisher\" content=\"https:\/\/www.facebook.com\/ecosolucionesquimicasmadrid\/\" \/>\n<meta property=\"article:modified_time\" content=\"2026-03-03T15:55:34+00:00\" \/>\n<meta property=\"og:image\" content=\"https:\/\/www.ecosolucionesquimicas.es\/wp-content\/uploads\/2024\/08\/Captura-de-pantalla-2024-08-28-a-las-13.05.51-300x170.png\" \/>\n<meta name=\"twitter:card\" content=\"summary_large_image\" \/>\n<meta name=\"twitter:label1\" content=\"Disponibilit\u00e9\" \/>\n\t<meta name=\"twitter:data1\" content=\"En stock\" \/>\n<script type=\"application\/ld+json\" class=\"yoast-schema-graph\">{\"@context\":\"https:\\\/\\\/schema.org\",\"@graph\":[{\"@type\":\"WebPage\",\"@id\":\"https:\\\/\\\/www.ecosolucionesquimicas.es\\\/fr\\\/producto\\\/nettoyant-multi-usages-parfume\\\/\",\"url\":\"https:\\\/\\\/www.ecosolucionesquimicas.es\\\/fr\\\/producto\\\/nettoyant-multi-usages-parfume\\\/\",\"name\":\"Nettoyant multi-usages parfum\u00e9 - Ecosoluciones Qu\u00edmicas\",\"isPartOf\":{\"@id\":\"https:\\\/\\\/www.ecosolucionesquimicas.es\\\/fr\\\/#website\"},\"primaryImageOfPage\":{\"@id\":\"https:\\\/\\\/www.ecosolucionesquimicas.es\\\/fr\\\/producto\\\/nettoyant-multi-usages-parfume\\\/#primaryimage\"},\"image\":{\"@id\":\"https:\\\/\\\/www.ecosolucionesquimicas.es\\\/fr\\\/producto\\\/nettoyant-multi-usages-parfume\\\/#primaryimage\"},\"thumbnailUrl\":\"https:\\\/\\\/www.ecosolucionesquimicas.es\\\/wp-content\\\/uploads\\\/2024\\\/08\\\/ECO-203-5L-scaled.jpg\",\"datePublished\":\"2024-08-28T10:43:01+00:00\",\"dateModified\":\"2026-03-03T15:55:34+00:00\",\"breadcrumb\":{\"@id\":\"https:\\\/\\\/www.ecosolucionesquimicas.es\\\/fr\\\/producto\\\/nettoyant-multi-usages-parfume\\\/#breadcrumb\"},\"inLanguage\":\"fr-FR\",\"potentialAction\":[{\"@type\":\"ReadAction\",\"target\":[\"https:\\\/\\\/www.ecosolucionesquimicas.es\\\/fr\\\/producto\\\/nettoyant-multi-usages-parfume\\\/\"]}]},{\"@type\":\"ImageObject\",\"inLanguage\":\"fr-FR\",\"@id\":\"https:\\\/\\\/www.ecosolucionesquimicas.es\\\/fr\\\/producto\\\/nettoyant-multi-usages-parfume\\\/#primaryimage\",\"url\":\"https:\\\/\\\/www.ecosolucionesquimicas.es\\\/wp-content\\\/uploads\\\/2024\\\/08\\\/ECO-203-5L-scaled.jpg\",\"contentUrl\":\"https:\\\/\\\/www.ecosolucionesquimicas.es\\\/wp-content\\\/uploads\\\/2024\\\/08\\\/ECO-203-5L-scaled.jpg\",\"width\":2350,\"height\":2560},{\"@type\":\"BreadcrumbList\",\"@id\":\"https:\\\/\\\/www.ecosolucionesquimicas.es\\\/fr\\\/producto\\\/nettoyant-multi-usages-parfume\\\/#breadcrumb\",\"itemListElement\":[{\"@type\":\"ListItem\",\"position\":1,\"name\":\"Portada\",\"item\":\"https:\\\/\\\/www.ecosolucionesquimicas.es\\\/fr\\\/home\\\/\"},{\"@type\":\"ListItem\",\"position\":2,\"name\":\"Nettoyant multi-usages parfum\u00e9\"}]},{\"@type\":\"WebSite\",\"@id\":\"https:\\\/\\\/www.ecosolucionesquimicas.es\\\/fr\\\/#website\",\"url\":\"https:\\\/\\\/www.ecosolucionesquimicas.es\\\/fr\\\/\",\"name\":\"Ecosoluciones Qu\u00edmicas\",\"description\":\"Achetez en ligne des produits d'entretien et des produits chimiques fabriqu\u00e9s par nos soins.\",\"publisher\":{\"@id\":\"https:\\\/\\\/www.ecosolucionesquimicas.es\\\/fr\\\/#organization\"},\"alternateName\":\"EQM\",\"potentialAction\":[{\"@type\":\"SearchAction\",\"target\":{\"@type\":\"EntryPoint\",\"urlTemplate\":\"https:\\\/\\\/www.ecosolucionesquimicas.es\\\/fr\\\/?s={search_term_string}\"},\"query-input\":{\"@type\":\"PropertyValueSpecification\",\"valueRequired\":true,\"valueName\":\"search_term_string\"}}],\"inLanguage\":\"fr-FR\"},{\"@type\":\"Organization\",\"@id\":\"https:\\\/\\\/www.ecosolucionesquimicas.es\\\/fr\\\/#organization\",\"name\":\"Ecosoluciones Qu\u00edmicas\",\"url\":\"https:\\\/\\\/www.ecosolucionesquimicas.es\\\/fr\\\/\",\"logo\":{\"@type\":\"ImageObject\",\"inLanguage\":\"fr-FR\",\"@id\":\"https:\\\/\\\/www.ecosolucionesquimicas.es\\\/fr\\\/#\\\/schema\\\/logo\\\/image\\\/\",\"url\":\"https:\\\/\\\/www.ecosolucionesquimicas.es\\\/wp-content\\\/uploads\\\/2024\\\/08\\\/LOGO-EQM-NUEVO-.png\",\"contentUrl\":\"https:\\\/\\\/www.ecosolucionesquimicas.es\\\/wp-content\\\/uploads\\\/2024\\\/08\\\/LOGO-EQM-NUEVO-.png\",\"width\":1060,\"height\":456,\"caption\":\"Ecosoluciones Qu\u00edmicas\"},\"image\":{\"@id\":\"https:\\\/\\\/www.ecosolucionesquimicas.es\\\/fr\\\/#\\\/schema\\\/logo\\\/image\\\/\"},\"sameAs\":[\"https:\\\/\\\/www.facebook.com\\\/ecosolucionesquimicasmadrid\\\/\",\"https:\\\/\\\/www.instagram.com\\\/ecosolucionesquimicas\\\/\"],\"hasMerchantReturnPolicy\":{\"@type\":\"MerchantReturnPolicy\",\"merchantReturnLink\":\"https:\\\/\\\/www.ecosolucionesquimicas.es\\\/refund_returns\\\/\"}}]}<\/script>\n<meta property=\"product:brand\" content=\"EQM\" \/>\n<meta property=\"og:availability\" content=\"instock\" \/>\n<meta property=\"product:availability\" content=\"instock\" \/>\n<meta property=\"product:retailer_item_id\" content=\"ECO-203\" \/>\n<meta property=\"product:condition\" content=\"new\" \/>\n<!-- \/ Yoast SEO Premium plugin. -->","yoast_head_json":{"title":"Nettoyant multi-usages parfum\u00e9 - Ecosoluciones Qu\u00edmicas","robots":{"index":"index","follow":"follow","max-snippet":"max-snippet:-1","max-image-preview":"max-image-preview:large","max-video-preview":"max-video-preview:-1"},"canonical":"https:\/\/www.ecosolucionesquimicas.es\/fr\/producto\/nettoyant-multi-usages-parfume\/","og_locale":"fr_FR","og_type":"article","og_title":"Nettoyant multi-usages parfum\u00e9","og_description":"ECO-203 EST UN NETTOYANT POLYVALENT POUR TOUS LES TYPES DE SURFACES. Il \u00e9limine en toute s\u00e9curit\u00e9 la graisse et les taches sans endommager les surfaces. Aucun rin\u00e7age n'est n\u00e9cessaire, ce qui rend le nettoyage rapide et facile.  FORMULE SANS ALCOOL, SANS AMMONIAQUE ET SANS AGENT DE BLANCHIMENT. Ce nettoyant est sans danger pour les surfaces dures et d\u00e9licates. Exempt de ces composants, il ne produit ni fum\u00e9es ni vapeurs irritantes et n'ab\u00eeme ni ne tache les tissus, ce qui permet de l'utiliser sur les v\u00eatements.  CONTIENT DE L'AMMONIUM QUATERNAIRE. Cet ingr\u00e9dient assure un nettoyage complet et efficace, en prot\u00e9geant efficacement toutes les surfaces.  IL LAISSE UN PARFUM AGR\u00c9ABLE ET DOUX. Apr\u00e8s le nettoyage, ECO-203 procure un parfum d'herbe propre et fra\u00eeche qui persiste dans l'air, offrant une sensation de puret\u00e9 et de fra\u00eecheur.  \u2705 FORMAT DE 5 ET 20 LITRES. R\u00e9f\u00e9rence : ECO-203","og_url":"https:\/\/www.ecosolucionesquimicas.es\/fr\/producto\/nettoyant-multi-usages-parfume\/","og_site_name":"Ecosoluciones Qu\u00edmicas","article_publisher":"https:\/\/www.facebook.com\/ecosolucionesquimicasmadrid\/","article_modified_time":"2026-03-03T15:55:34+00:00","og_image":[{"url":"https:\/\/www.ecosolucionesquimicas.es\/wp-content\/uploads\/2024\/08\/Captura-de-pantalla-2024-08-28-a-las-13.05.51-300x170.png","type":"","width":"","height":""}],"twitter_card":"summary_large_image","twitter_misc":{"Disponibilit\u00e9":"En stock"},"schema":{"@context":"https:\/\/schema.org","@graph":[{"@type":"WebPage","@id":"https:\/\/www.ecosolucionesquimicas.es\/fr\/producto\/nettoyant-multi-usages-parfume\/","url":"https:\/\/www.ecosolucionesquimicas.es\/fr\/producto\/nettoyant-multi-usages-parfume\/","name":"Nettoyant multi-usages parfum\u00e9 - Ecosoluciones Qu\u00edmicas","isPartOf":{"@id":"https:\/\/www.ecosolucionesquimicas.es\/fr\/#website"},"primaryImageOfPage":{"@id":"https:\/\/www.ecosolucionesquimicas.es\/fr\/producto\/nettoyant-multi-usages-parfume\/#primaryimage"},"image":{"@id":"https:\/\/www.ecosolucionesquimicas.es\/fr\/producto\/nettoyant-multi-usages-parfume\/#primaryimage"},"thumbnailUrl":"https:\/\/www.ecosolucionesquimicas.es\/wp-content\/uploads\/2024\/08\/ECO-203-5L-scaled.jpg","datePublished":"2024-08-28T10:43:01+00:00","dateModified":"2026-03-03T15:55:34+00:00","breadcrumb":{"@id":"https:\/\/www.ecosolucionesquimicas.es\/fr\/producto\/nettoyant-multi-usages-parfume\/#breadcrumb"},"inLanguage":"fr-FR","potentialAction":[{"@type":"ReadAction","target":["https:\/\/www.ecosolucionesquimicas.es\/fr\/producto\/nettoyant-multi-usages-parfume\/"]}]},{"@type":"ImageObject","inLanguage":"fr-FR","@id":"https:\/\/www.ecosolucionesquimicas.es\/fr\/producto\/nettoyant-multi-usages-parfume\/#primaryimage","url":"https:\/\/www.ecosolucionesquimicas.es\/wp-content\/uploads\/2024\/08\/ECO-203-5L-scaled.jpg","contentUrl":"https:\/\/www.ecosolucionesquimicas.es\/wp-content\/uploads\/2024\/08\/ECO-203-5L-scaled.jpg","width":2350,"height":2560},{"@type":"BreadcrumbList","@id":"https:\/\/www.ecosolucionesquimicas.es\/fr\/producto\/nettoyant-multi-usages-parfume\/#breadcrumb","itemListElement":[{"@type":"ListItem","position":1,"name":"Portada","item":"https:\/\/www.ecosolucionesquimicas.es\/fr\/home\/"},{"@type":"ListItem","position":2,"name":"Nettoyant multi-usages parfum\u00e9"}]},{"@type":"WebSite","@id":"https:\/\/www.ecosolucionesquimicas.es\/fr\/#website","url":"https:\/\/www.ecosolucionesquimicas.es\/fr\/","name":"Ecosoluciones Qu\u00edmicas","description":"Achetez en ligne des produits d'entretien et des produits chimiques fabriqu\u00e9s par nos soins.","publisher":{"@id":"https:\/\/www.ecosolucionesquimicas.es\/fr\/#organization"},"alternateName":"EQM","potentialAction":[{"@type":"SearchAction","target":{"@type":"EntryPoint","urlTemplate":"https:\/\/www.ecosolucionesquimicas.es\/fr\/?s={search_term_string}"},"query-input":{"@type":"PropertyValueSpecification","valueRequired":true,"valueName":"search_term_string"}}],"inLanguage":"fr-FR"},{"@type":"Organization","@id":"https:\/\/www.ecosolucionesquimicas.es\/fr\/#organization","name":"Ecosoluciones Qu\u00edmicas","url":"https:\/\/www.ecosolucionesquimicas.es\/fr\/","logo":{"@type":"ImageObject","inLanguage":"fr-FR","@id":"https:\/\/www.ecosolucionesquimicas.es\/fr\/#\/schema\/logo\/image\/","url":"https:\/\/www.ecosolucionesquimicas.es\/wp-content\/uploads\/2024\/08\/LOGO-EQM-NUEVO-.png","contentUrl":"https:\/\/www.ecosolucionesquimicas.es\/wp-content\/uploads\/2024\/08\/LOGO-EQM-NUEVO-.png","width":1060,"height":456,"caption":"Ecosoluciones Qu\u00edmicas"},"image":{"@id":"https:\/\/www.ecosolucionesquimicas.es\/fr\/#\/schema\/logo\/image\/"},"sameAs":["https:\/\/www.facebook.com\/ecosolucionesquimicasmadrid\/","https:\/\/www.instagram.com\/ecosolucionesquimicas\/"],"hasMerchantReturnPolicy":{"@type":"MerchantReturnPolicy","merchantReturnLink":"https:\/\/www.ecosolucionesquimicas.es\/refund_returns\/"}}]},"product_brand":"EQM","og_availability":"instock","product_availability":"instock","product_retailer_item_id":"ECO-203","product_condition":"new"},"_links":{"self":[{"href":"https:\/\/www.ecosolucionesquimicas.es\/fr\/wp-json\/wp\/v2\/product\/12976","targetHints":{"allow":["GET"]}}],"collection":[{"href":"https:\/\/www.ecosolucionesquimicas.es\/fr\/wp-json\/wp\/v2\/product"}],"about":[{"href":"https:\/\/www.ecosolucionesquimicas.es\/fr\/wp-json\/wp\/v2\/types\/product"}],"wp:featuredmedia":[{"embeddable":true,"href":"https:\/\/www.ecosolucionesquimicas.es\/fr\/wp-json\/wp\/v2\/media\/12979"}],"wp:attachment":[{"href":"https:\/\/www.ecosolucionesquimicas.es\/fr\/wp-json\/wp\/v2\/media?parent=12976"}],"wp:term":[{"taxonomy":"product_brand","embeddable":true,"href":"https:\/\/www.ecosolucionesquimicas.es\/fr\/wp-json\/wp\/v2\/product_brand?post=12976"},{"taxonomy":"product_cat","embeddable":true,"href":"https:\/\/www.ecosolucionesquimicas.es\/fr\/wp-json\/wp\/v2\/product_cat?post=12976"},{"taxonomy":"product_tag","embeddable":true,"href":"https:\/\/www.ecosolucionesquimicas.es\/fr\/wp-json\/wp\/v2\/product_tag?post=12976"}],"curies":[{"name":"wp","href":"https:\/\/api.w.org\/{rel}","templated":true}]}}