{"id":12941,"date":"2024-08-28T00:12:48","date_gmt":"2024-08-27T22:12:48","guid":{"rendered":"https:\/\/www.ecosolucionesquimicas.es\/producto\/nettoyant-degraissant-pour-bicyclette\/"},"modified":"2026-04-03T21:19:09","modified_gmt":"2026-04-03T19:19:09","slug":"nettoyant-degraissant-pour-bicyclette","status":"publish","type":"product","link":"https:\/\/www.ecosolucionesquimicas.es\/fr\/producto\/nettoyant-degraissant-pour-bicyclette\/","title":{"rendered":"Nettoyant d\u00e9graissant pour bicyclette"},"content":{"rendered":"<p><img fetchpriority=\"high\" decoding=\"async\" class=\"wp-image-3962\" src=\"https:\/\/www.ecosolucionesquimicas.es\/wp-content\/uploads\/2024\/08\/ECO-111B-300x200.jpg\" alt=\"\" width=\"550\" height=\"367\" srcset=\"https:\/\/www.ecosolucionesquimicas.es\/wp-content\/uploads\/2024\/08\/ECO-111B-300x200.jpg 300w, https:\/\/www.ecosolucionesquimicas.es\/wp-content\/uploads\/2024\/08\/ECO-111B-1024x683.jpg 1024w, https:\/\/www.ecosolucionesquimicas.es\/wp-content\/uploads\/2024\/08\/ECO-111B-768x513.jpg 768w, https:\/\/www.ecosolucionesquimicas.es\/wp-content\/uploads\/2024\/08\/ECO-111B-1536x1025.jpg 1536w, https:\/\/www.ecosolucionesquimicas.es\/wp-content\/uploads\/2024\/08\/ECO-111B-2048x1367.jpg 2048w, https:\/\/www.ecosolucionesquimicas.es\/wp-content\/uploads\/2024\/08\/ECO-111B-600x400.jpg 600w\" sizes=\"(max-width: 550px) 100vw, 550px\" \/><\/p>\n<p><strong>MODE D&rsquo;EMPLOI<\/strong><\/p>\n<p><strong>Application :<\/strong> Agite bien le r\u00e9cipient et vaporise le d\u00e9graissant directement sur les surfaces sales du v\u00e9lo, comme la cha\u00eene et les p\u00e9dales.<br \/>\n\ud83d\udd18 <strong>Temps de<\/strong> pulv\u00e9risation <strong>:<\/strong> Laisse agir le d\u00e9graissant pendant quelques minutes pour dissoudre efficacement la salet\u00e9.<br \/>\n\ud83d\udd18 <strong>Nettoyage :<\/strong> Utilise une brosse \u00e0 v\u00e9lo adapt\u00e9e pour frotter et enlever la salet\u00e9. Pour les zones difficiles, utilise une petite brosse ou un chiffon.<br \/>\n\ud83d\udd18 <strong>Rin\u00e7age<\/strong>: Rince toutes les pi\u00e8ces trait\u00e9es avec beaucoup d&rsquo;eau propre pour \u00e9liminer tout r\u00e9sidu de produit. <\/p>\n<p style=\"text-align: left;\"><strong>Recommandations :<\/strong><\/p>\n<p style=\"text-align: left;\">Ce d\u00e9graissant peut \u00eatre utilis\u00e9 en toute s\u00e9curit\u00e9 sur tous les composants de ton v\u00e9lo, y compris les roues, les rayons, les p\u00e9dales, le guidon, le cadre, la cha\u00eene, les disques, la suspension et la selle.<br \/>\nIl s&rsquo;applique \u00e0 tout mat\u00e9riel utilis\u00e9 sur les v\u00e9los de montagne (VTT) et les v\u00e9los de route, garantissant qu&rsquo;aucun r\u00e9sidu graisseux ne sera laiss\u00e9 derri\u00e8re et qu&rsquo;aucun film glissant ne se formera apr\u00e8s utilisation.<\/p>\n","protected":false},"excerpt":{"rendered":"<p><strong>ECO-111B EST UN NETTOYANT-D\u00c9GRAISSANT TR\u00c8S EFFICACE.<\/strong> Il garantit un nettoyage en profondeur de ton v\u00e9lo, en \u00e9liminant tous les types de salet\u00e9 et de crasse. Sa formule au pH neutre permet de l&rsquo;utiliser en toute s\u00e9curit\u00e9 sur divers mat\u00e9riaux, notamment l&rsquo;aluminium, le titane, l&rsquo;acier et les surfaces anodis\u00e9es, sans risquer de les endommager. <\/p>\n<p><strong>ID\u00c9AL POUR LES CHA\u00ceNES ET LES TRANSMISSIONS<\/strong>. Ce produit est con\u00e7u pour se d\u00e9barrasser de la boue, du sable et d&rsquo;autres d\u00e9bris. En \u00e9liminant efficacement ces r\u00e9sidus, il assure un fonctionnement optimal des pi\u00e8ces mobiles et prolonge leur dur\u00e9e de vie.  <\/p>\n<p><strong>ECO-111B EST TR\u00c8S EFFICACE CONTRE LA GRAISSE, LA BOUE, L&rsquo;HUILE ET LA SALET\u00c9<\/strong>. Son action d\u00e9graissante en profondeur \u00e9limine les r\u00e9sidus graisseux et maintient ton v\u00e9lo en excellent \u00e9tat apr\u00e8s chaque sortie. Il nettoie \u00e9galement en toute s\u00e9curit\u00e9, sans endommager les mat\u00e9riaux, ce qui contribue \u00e0 la durabilit\u00e9 et aux performances de ton v\u00e9lo.  <\/p>\n<p style=\"text-align: left;\"><strong>FORMAT DE 750 ML ET DE 5 LITRES.<\/strong><\/p>\n<p style=\"text-align: left;\"><strong>\u26ab R\u00e9f\u00e9rence : ECO-111B<\/strong><\/p>\n","protected":false},"featured_media":12973,"template":"","meta":[],"product_brand":[225],"product_cat":[425,413],"product_tag":[671,670,414],"class_list":{"0":"post-12941","1":"product","2":"type-product","3":"status-publish","4":"has-post-thumbnail","6":"product_brand-eqm","7":"product_cat-especial-bicicletas","8":"product_cat-limpieza-profesional","9":"product_tag-chaine","10":"product_tag-degraissant-pour-velo","11":"product_tag-limpiador","13":"first","14":"instock","15":"taxable","16":"shipping-taxable","17":"purchasable","18":"product-type-variable"},"acf":[],"yoast_head":"<!-- This site is optimized with the Yoast SEO Premium plugin v27.1 (Yoast SEO v27.4) - https:\/\/yoast.com\/product\/yoast-seo-premium-wordpress\/ -->\n<title>Nettoyant d\u00e9graissant pour bicyclette - Ecosoluciones Qu\u00edmicas<\/title>\n<meta name=\"robots\" content=\"index, follow, max-snippet:-1, max-image-preview:large, max-video-preview:-1\" \/>\n<link rel=\"canonical\" href=\"https:\/\/www.ecosolucionesquimicas.es\/fr\/producto\/nettoyant-degraissant-pour-bicyclette\/\" \/>\n<meta property=\"og:locale\" content=\"fr_FR\" \/>\n<meta property=\"og:type\" content=\"article\" \/>\n<meta property=\"og:title\" content=\"Nettoyant d\u00e9graissant pour bicyclette\" \/>\n<meta property=\"og:description\" content=\"ECO-111B EST UN NETTOYANT-D\u00c9GRAISSANT TR\u00c8S EFFICACE. Il garantit un nettoyage en profondeur de ton v\u00e9lo, en \u00e9liminant tous les types de salet\u00e9 et de crasse. Sa formule au pH neutre permet de l&#039;utiliser en toute s\u00e9curit\u00e9 sur divers mat\u00e9riaux, notamment l&#039;aluminium, le titane, l&#039;acier et les surfaces anodis\u00e9es, sans risquer de les endommager.  ID\u00c9AL POUR LES CHA\u00ceNES ET LES TRANSMISSIONS. Ce produit est con\u00e7u pour se d\u00e9barrasser de la boue, du sable et d&#039;autres d\u00e9bris. En \u00e9liminant efficacement ces r\u00e9sidus, il assure un fonctionnement optimal des pi\u00e8ces mobiles et prolonge leur dur\u00e9e de vie.  ECO-111B EST TR\u00c8S EFFICACE CONTRE LA GRAISSE, LA BOUE, L&#039;HUILE ET LA SALET\u00c9. Son action d\u00e9graissante en profondeur \u00e9limine les r\u00e9sidus graisseux et maintient ton v\u00e9lo en excellent \u00e9tat apr\u00e8s chaque sortie. Il nettoie \u00e9galement en toute s\u00e9curit\u00e9, sans endommager les mat\u00e9riaux, ce qui contribue \u00e0 la durabilit\u00e9 et aux performances de ton v\u00e9lo.  FORMAT DE 750 ML ET DE 5 LITRES. \u26ab R\u00e9f\u00e9rence : ECO-111B\" \/>\n<meta property=\"og:url\" content=\"https:\/\/www.ecosolucionesquimicas.es\/fr\/producto\/nettoyant-degraissant-pour-bicyclette\/\" \/>\n<meta property=\"og:site_name\" content=\"Ecosoluciones Qu\u00edmicas\" \/>\n<meta property=\"article:publisher\" content=\"https:\/\/www.facebook.com\/ecosolucionesquimicasmadrid\/\" \/>\n<meta property=\"article:modified_time\" content=\"2026-04-03T19:19:09+00:00\" \/>\n<meta property=\"og:image\" content=\"https:\/\/www.ecosolucionesquimicas.es\/wp-content\/uploads\/2024\/08\/ECO-111B-750ML-scaled.jpg\" \/>\n\t<meta property=\"og:image:width\" content=\"2350\" \/>\n\t<meta property=\"og:image:height\" content=\"2560\" \/>\n\t<meta property=\"og:image:type\" content=\"image\/jpeg\" \/>\n<meta name=\"twitter:card\" content=\"summary_large_image\" \/>\n<meta name=\"twitter:label1\" content=\"Disponibilit\u00e9\" \/>\n\t<meta name=\"twitter:data1\" content=\"En stock\" \/>\n<script type=\"application\/ld+json\" class=\"yoast-schema-graph\">{\"@context\":\"https:\\\/\\\/schema.org\",\"@graph\":[{\"@type\":\"WebPage\",\"@id\":\"https:\\\/\\\/www.ecosolucionesquimicas.es\\\/fr\\\/producto\\\/nettoyant-degraissant-pour-bicyclette\\\/\",\"url\":\"https:\\\/\\\/www.ecosolucionesquimicas.es\\\/fr\\\/producto\\\/nettoyant-degraissant-pour-bicyclette\\\/\",\"name\":\"Nettoyant d\u00e9graissant pour bicyclette - Ecosoluciones Qu\u00edmicas\",\"isPartOf\":{\"@id\":\"https:\\\/\\\/www.ecosolucionesquimicas.es\\\/fr\\\/#website\"},\"primaryImageOfPage\":{\"@id\":\"https:\\\/\\\/www.ecosolucionesquimicas.es\\\/fr\\\/producto\\\/nettoyant-degraissant-pour-bicyclette\\\/#primaryimage\"},\"image\":{\"@id\":\"https:\\\/\\\/www.ecosolucionesquimicas.es\\\/fr\\\/producto\\\/nettoyant-degraissant-pour-bicyclette\\\/#primaryimage\"},\"thumbnailUrl\":\"https:\\\/\\\/www.ecosolucionesquimicas.es\\\/wp-content\\\/uploads\\\/2024\\\/08\\\/ECO-111B-750ML-scaled.jpg\",\"datePublished\":\"2024-08-27T22:12:48+00:00\",\"dateModified\":\"2026-04-03T19:19:09+00:00\",\"breadcrumb\":{\"@id\":\"https:\\\/\\\/www.ecosolucionesquimicas.es\\\/fr\\\/producto\\\/nettoyant-degraissant-pour-bicyclette\\\/#breadcrumb\"},\"inLanguage\":\"fr-FR\",\"potentialAction\":[{\"@type\":\"ReadAction\",\"target\":[\"https:\\\/\\\/www.ecosolucionesquimicas.es\\\/fr\\\/producto\\\/nettoyant-degraissant-pour-bicyclette\\\/\"]}]},{\"@type\":\"ImageObject\",\"inLanguage\":\"fr-FR\",\"@id\":\"https:\\\/\\\/www.ecosolucionesquimicas.es\\\/fr\\\/producto\\\/nettoyant-degraissant-pour-bicyclette\\\/#primaryimage\",\"url\":\"https:\\\/\\\/www.ecosolucionesquimicas.es\\\/wp-content\\\/uploads\\\/2024\\\/08\\\/ECO-111B-750ML-scaled.jpg\",\"contentUrl\":\"https:\\\/\\\/www.ecosolucionesquimicas.es\\\/wp-content\\\/uploads\\\/2024\\\/08\\\/ECO-111B-750ML-scaled.jpg\",\"width\":2350,\"height\":2560},{\"@type\":\"BreadcrumbList\",\"@id\":\"https:\\\/\\\/www.ecosolucionesquimicas.es\\\/fr\\\/producto\\\/nettoyant-degraissant-pour-bicyclette\\\/#breadcrumb\",\"itemListElement\":[{\"@type\":\"ListItem\",\"position\":1,\"name\":\"Portada\",\"item\":\"https:\\\/\\\/www.ecosolucionesquimicas.es\\\/fr\\\/home\\\/\"},{\"@type\":\"ListItem\",\"position\":2,\"name\":\"Nettoyant d\u00e9graissant pour bicyclette\"}]},{\"@type\":\"WebSite\",\"@id\":\"https:\\\/\\\/www.ecosolucionesquimicas.es\\\/fr\\\/#website\",\"url\":\"https:\\\/\\\/www.ecosolucionesquimicas.es\\\/fr\\\/\",\"name\":\"Ecosoluciones Qu\u00edmicas\",\"description\":\"Achetez en ligne des produits d'entretien et des produits chimiques fabriqu\u00e9s par nos soins.\",\"publisher\":{\"@id\":\"https:\\\/\\\/www.ecosolucionesquimicas.es\\\/fr\\\/#organization\"},\"alternateName\":\"EQM\",\"potentialAction\":[{\"@type\":\"SearchAction\",\"target\":{\"@type\":\"EntryPoint\",\"urlTemplate\":\"https:\\\/\\\/www.ecosolucionesquimicas.es\\\/fr\\\/?s={search_term_string}\"},\"query-input\":{\"@type\":\"PropertyValueSpecification\",\"valueRequired\":true,\"valueName\":\"search_term_string\"}}],\"inLanguage\":\"fr-FR\"},{\"@type\":\"Organization\",\"@id\":\"https:\\\/\\\/www.ecosolucionesquimicas.es\\\/fr\\\/#organization\",\"name\":\"Ecosoluciones Qu\u00edmicas\",\"url\":\"https:\\\/\\\/www.ecosolucionesquimicas.es\\\/fr\\\/\",\"logo\":{\"@type\":\"ImageObject\",\"inLanguage\":\"fr-FR\",\"@id\":\"https:\\\/\\\/www.ecosolucionesquimicas.es\\\/fr\\\/#\\\/schema\\\/logo\\\/image\\\/\",\"url\":\"https:\\\/\\\/www.ecosolucionesquimicas.es\\\/wp-content\\\/uploads\\\/2024\\\/08\\\/LOGO-EQM-NUEVO-.png\",\"contentUrl\":\"https:\\\/\\\/www.ecosolucionesquimicas.es\\\/wp-content\\\/uploads\\\/2024\\\/08\\\/LOGO-EQM-NUEVO-.png\",\"width\":1060,\"height\":456,\"caption\":\"Ecosoluciones Qu\u00edmicas\"},\"image\":{\"@id\":\"https:\\\/\\\/www.ecosolucionesquimicas.es\\\/fr\\\/#\\\/schema\\\/logo\\\/image\\\/\"},\"sameAs\":[\"https:\\\/\\\/www.facebook.com\\\/ecosolucionesquimicasmadrid\\\/\",\"https:\\\/\\\/www.instagram.com\\\/ecosolucionesquimicas\\\/\"],\"hasMerchantReturnPolicy\":{\"@type\":\"MerchantReturnPolicy\",\"merchantReturnLink\":\"https:\\\/\\\/www.ecosolucionesquimicas.es\\\/refund_returns\\\/\"}}]}<\/script>\n<meta property=\"product:brand\" content=\"EQM\" \/>\n<meta property=\"og:availability\" content=\"instock\" \/>\n<meta property=\"product:availability\" content=\"instock\" \/>\n<meta property=\"product:retailer_item_id\" content=\"ECO-111B\" \/>\n<meta property=\"product:condition\" content=\"new\" \/>\n<!-- \/ Yoast SEO Premium plugin. -->","yoast_head_json":{"title":"Nettoyant d\u00e9graissant pour bicyclette - Ecosoluciones Qu\u00edmicas","robots":{"index":"index","follow":"follow","max-snippet":"max-snippet:-1","max-image-preview":"max-image-preview:large","max-video-preview":"max-video-preview:-1"},"canonical":"https:\/\/www.ecosolucionesquimicas.es\/fr\/producto\/nettoyant-degraissant-pour-bicyclette\/","og_locale":"fr_FR","og_type":"article","og_title":"Nettoyant d\u00e9graissant pour bicyclette","og_description":"ECO-111B EST UN NETTOYANT-D\u00c9GRAISSANT TR\u00c8S EFFICACE. Il garantit un nettoyage en profondeur de ton v\u00e9lo, en \u00e9liminant tous les types de salet\u00e9 et de crasse. Sa formule au pH neutre permet de l'utiliser en toute s\u00e9curit\u00e9 sur divers mat\u00e9riaux, notamment l'aluminium, le titane, l'acier et les surfaces anodis\u00e9es, sans risquer de les endommager.  ID\u00c9AL POUR LES CHA\u00ceNES ET LES TRANSMISSIONS. Ce produit est con\u00e7u pour se d\u00e9barrasser de la boue, du sable et d'autres d\u00e9bris. En \u00e9liminant efficacement ces r\u00e9sidus, il assure un fonctionnement optimal des pi\u00e8ces mobiles et prolonge leur dur\u00e9e de vie.  ECO-111B EST TR\u00c8S EFFICACE CONTRE LA GRAISSE, LA BOUE, L'HUILE ET LA SALET\u00c9. Son action d\u00e9graissante en profondeur \u00e9limine les r\u00e9sidus graisseux et maintient ton v\u00e9lo en excellent \u00e9tat apr\u00e8s chaque sortie. Il nettoie \u00e9galement en toute s\u00e9curit\u00e9, sans endommager les mat\u00e9riaux, ce qui contribue \u00e0 la durabilit\u00e9 et aux performances de ton v\u00e9lo.  FORMAT DE 750 ML ET DE 5 LITRES. \u26ab R\u00e9f\u00e9rence : ECO-111B","og_url":"https:\/\/www.ecosolucionesquimicas.es\/fr\/producto\/nettoyant-degraissant-pour-bicyclette\/","og_site_name":"Ecosoluciones Qu\u00edmicas","article_publisher":"https:\/\/www.facebook.com\/ecosolucionesquimicasmadrid\/","article_modified_time":"2026-04-03T19:19:09+00:00","og_image":[{"width":2350,"height":2560,"url":"https:\/\/www.ecosolucionesquimicas.es\/wp-content\/uploads\/2024\/08\/ECO-111B-750ML-scaled.jpg","type":"image\/jpeg"}],"twitter_card":"summary_large_image","twitter_misc":{"Disponibilit\u00e9":"En stock"},"schema":{"@context":"https:\/\/schema.org","@graph":[{"@type":"WebPage","@id":"https:\/\/www.ecosolucionesquimicas.es\/fr\/producto\/nettoyant-degraissant-pour-bicyclette\/","url":"https:\/\/www.ecosolucionesquimicas.es\/fr\/producto\/nettoyant-degraissant-pour-bicyclette\/","name":"Nettoyant d\u00e9graissant pour bicyclette - Ecosoluciones Qu\u00edmicas","isPartOf":{"@id":"https:\/\/www.ecosolucionesquimicas.es\/fr\/#website"},"primaryImageOfPage":{"@id":"https:\/\/www.ecosolucionesquimicas.es\/fr\/producto\/nettoyant-degraissant-pour-bicyclette\/#primaryimage"},"image":{"@id":"https:\/\/www.ecosolucionesquimicas.es\/fr\/producto\/nettoyant-degraissant-pour-bicyclette\/#primaryimage"},"thumbnailUrl":"https:\/\/www.ecosolucionesquimicas.es\/wp-content\/uploads\/2024\/08\/ECO-111B-750ML-scaled.jpg","datePublished":"2024-08-27T22:12:48+00:00","dateModified":"2026-04-03T19:19:09+00:00","breadcrumb":{"@id":"https:\/\/www.ecosolucionesquimicas.es\/fr\/producto\/nettoyant-degraissant-pour-bicyclette\/#breadcrumb"},"inLanguage":"fr-FR","potentialAction":[{"@type":"ReadAction","target":["https:\/\/www.ecosolucionesquimicas.es\/fr\/producto\/nettoyant-degraissant-pour-bicyclette\/"]}]},{"@type":"ImageObject","inLanguage":"fr-FR","@id":"https:\/\/www.ecosolucionesquimicas.es\/fr\/producto\/nettoyant-degraissant-pour-bicyclette\/#primaryimage","url":"https:\/\/www.ecosolucionesquimicas.es\/wp-content\/uploads\/2024\/08\/ECO-111B-750ML-scaled.jpg","contentUrl":"https:\/\/www.ecosolucionesquimicas.es\/wp-content\/uploads\/2024\/08\/ECO-111B-750ML-scaled.jpg","width":2350,"height":2560},{"@type":"BreadcrumbList","@id":"https:\/\/www.ecosolucionesquimicas.es\/fr\/producto\/nettoyant-degraissant-pour-bicyclette\/#breadcrumb","itemListElement":[{"@type":"ListItem","position":1,"name":"Portada","item":"https:\/\/www.ecosolucionesquimicas.es\/fr\/home\/"},{"@type":"ListItem","position":2,"name":"Nettoyant d\u00e9graissant pour bicyclette"}]},{"@type":"WebSite","@id":"https:\/\/www.ecosolucionesquimicas.es\/fr\/#website","url":"https:\/\/www.ecosolucionesquimicas.es\/fr\/","name":"Ecosoluciones Qu\u00edmicas","description":"Achetez en ligne des produits d'entretien et des produits chimiques fabriqu\u00e9s par nos soins.","publisher":{"@id":"https:\/\/www.ecosolucionesquimicas.es\/fr\/#organization"},"alternateName":"EQM","potentialAction":[{"@type":"SearchAction","target":{"@type":"EntryPoint","urlTemplate":"https:\/\/www.ecosolucionesquimicas.es\/fr\/?s={search_term_string}"},"query-input":{"@type":"PropertyValueSpecification","valueRequired":true,"valueName":"search_term_string"}}],"inLanguage":"fr-FR"},{"@type":"Organization","@id":"https:\/\/www.ecosolucionesquimicas.es\/fr\/#organization","name":"Ecosoluciones Qu\u00edmicas","url":"https:\/\/www.ecosolucionesquimicas.es\/fr\/","logo":{"@type":"ImageObject","inLanguage":"fr-FR","@id":"https:\/\/www.ecosolucionesquimicas.es\/fr\/#\/schema\/logo\/image\/","url":"https:\/\/www.ecosolucionesquimicas.es\/wp-content\/uploads\/2024\/08\/LOGO-EQM-NUEVO-.png","contentUrl":"https:\/\/www.ecosolucionesquimicas.es\/wp-content\/uploads\/2024\/08\/LOGO-EQM-NUEVO-.png","width":1060,"height":456,"caption":"Ecosoluciones Qu\u00edmicas"},"image":{"@id":"https:\/\/www.ecosolucionesquimicas.es\/fr\/#\/schema\/logo\/image\/"},"sameAs":["https:\/\/www.facebook.com\/ecosolucionesquimicasmadrid\/","https:\/\/www.instagram.com\/ecosolucionesquimicas\/"],"hasMerchantReturnPolicy":{"@type":"MerchantReturnPolicy","merchantReturnLink":"https:\/\/www.ecosolucionesquimicas.es\/refund_returns\/"}}]},"product_brand":"EQM","og_availability":"instock","product_availability":"instock","product_retailer_item_id":"ECO-111B","product_condition":"new"},"_links":{"self":[{"href":"https:\/\/www.ecosolucionesquimicas.es\/fr\/wp-json\/wp\/v2\/product\/12941","targetHints":{"allow":["GET"]}}],"collection":[{"href":"https:\/\/www.ecosolucionesquimicas.es\/fr\/wp-json\/wp\/v2\/product"}],"about":[{"href":"https:\/\/www.ecosolucionesquimicas.es\/fr\/wp-json\/wp\/v2\/types\/product"}],"wp:featuredmedia":[{"embeddable":true,"href":"https:\/\/www.ecosolucionesquimicas.es\/fr\/wp-json\/wp\/v2\/media\/12973"}],"wp:attachment":[{"href":"https:\/\/www.ecosolucionesquimicas.es\/fr\/wp-json\/wp\/v2\/media?parent=12941"}],"wp:term":[{"taxonomy":"product_brand","embeddable":true,"href":"https:\/\/www.ecosolucionesquimicas.es\/fr\/wp-json\/wp\/v2\/product_brand?post=12941"},{"taxonomy":"product_cat","embeddable":true,"href":"https:\/\/www.ecosolucionesquimicas.es\/fr\/wp-json\/wp\/v2\/product_cat?post=12941"},{"taxonomy":"product_tag","embeddable":true,"href":"https:\/\/www.ecosolucionesquimicas.es\/fr\/wp-json\/wp\/v2\/product_tag?post=12941"}],"curies":[{"name":"wp","href":"https:\/\/api.w.org\/{rel}","templated":true}]}}