{"id":12927,"date":"2024-08-28T15:53:51","date_gmt":"2024-08-28T13:53:51","guid":{"rendered":"https:\/\/www.ecosolucionesquimicas.es\/producto\/nettoyant-pour-joints-de-salle-de-bains\/"},"modified":"2024-08-28T15:53:51","modified_gmt":"2024-08-28T13:53:51","slug":"nettoyant-pour-joints-de-salle-de-bains","status":"publish","type":"product","link":"https:\/\/www.ecosolucionesquimicas.es\/fr\/producto\/nettoyant-pour-joints-de-salle-de-bains\/","title":{"rendered":"Nettoyant pour joints de salle de bains"},"content":{"rendered":"<p><img fetchpriority=\"high\" decoding=\"async\" class=\"alignnone wp-image-3579\" src=\"https:\/\/www.ecosolucionesquimicas.es\/wp-content\/uploads\/2024\/08\/Captura-de-pantalla-2024-08-28-a-las-22.05.03-300x181.png\" alt=\"\" width=\"550\" height=\"331\" srcset=\"https:\/\/www.ecosolucionesquimicas.es\/wp-content\/uploads\/2024\/08\/Captura-de-pantalla-2024-08-28-a-las-22.05.03-300x181.png 300w, https:\/\/www.ecosolucionesquimicas.es\/wp-content\/uploads\/2024\/08\/Captura-de-pantalla-2024-08-28-a-las-22.05.03-1024x617.png 1024w, https:\/\/www.ecosolucionesquimicas.es\/wp-content\/uploads\/2024\/08\/Captura-de-pantalla-2024-08-28-a-las-22.05.03-768x462.png 768w, https:\/\/www.ecosolucionesquimicas.es\/wp-content\/uploads\/2024\/08\/Captura-de-pantalla-2024-08-28-a-las-22.05.03-1536x925.png 1536w, https:\/\/www.ecosolucionesquimicas.es\/wp-content\/uploads\/2024\/08\/Captura-de-pantalla-2024-08-28-a-las-22.05.03-600x361.png 600w, https:\/\/www.ecosolucionesquimicas.es\/wp-content\/uploads\/2024\/08\/Captura-de-pantalla-2024-08-28-a-las-22.05.03.png 1810w\" sizes=\"(max-width: 550px) 100vw, 550px\" \/><\/p>\n<p><strong>MODE D&rsquo;EMPLOI<\/strong><\/p>\n<p>\ud83d\udd18 <strong>Application :<\/strong> Appliquer le d\u00e9tartrant pur et le vaporiser pour bien le couvrir, en particulier dans les zones difficiles.<br \/>\n\ud83d\udd18 <strong>Temps d&rsquo;action :<\/strong> Laisser agir jusqu&rsquo;\u00e0 2 minutes pour d\u00e9coller la salet\u00e9 et le calcaire sans ab\u00eemer les surfaces d\u00e9licates.<br \/>\n<strong>Frotter :<\/strong> Frotter avec un chiffon, une \u00e9ponge ou une brosse douce ; exercer plus de pression pour les zones difficiles sans les ab\u00eemer.<br \/>\n\ud83d\udd18 <strong>Rin\u00e7age :<\/strong> Rincer abondamment \u00e0 l&rsquo;eau claire pour \u00e9liminer le produit et \u00e9viter les dommages ou les marques.<\/p>\n","protected":false},"excerpt":{"rendered":"<p><strong>ECO-200 EST UN NETTOYANT SP\u00c9CIALIS\u00c9<\/strong>. Il est formul\u00e9 pour \u00e9liminer efficacement le calcaire, la rouille, le tartre et la salet\u00e9 accumul\u00e9e sur les joints de carrelage. Il est id\u00e9al pour une utilisation dans les environnements domestiques et commerciaux, offrant un nettoyage en profondeur efficace. <\/p>\n<p>\u2705 <strong>D\u00c9TARTRER ET POLIR SANS ENDOMMAGER LES SURFACES.<\/strong> Ce produit fonctionne sur une vari\u00e9t\u00e9 de surfaces, notamment les douches, les toilettes, les lavabos, les \u00e9viers, les cabines de douche et les robinets. Il assure un nettoyage en profondeur sans compromettre l&rsquo;int\u00e9grit\u00e9 des mat\u00e9riaux. <\/p>\n<p><strong>\u00c9LIMINE LES TACHES JAUNES ET LA ROUILLE<\/strong>. ECO-200 est efficace pour \u00e9liminer les taches de rouille et l&rsquo;accumulation de calcaire dans les toilettes et les autres zones de la salle de bains. Sa formule d\u00e9tartrante est sans danger pour tous les mat\u00e9riaux de la salle de bains, ce qui permet aux installations de rester fonctionnelles et d&rsquo;avoir un bel aspect. <\/p>\n<p><strong>ID\u00c9AL POUR LE NETTOYAGE EN PROFONDEUR DES JOINTS DE COULIS DES CARREAUX.<\/strong> Sa formule concentr\u00e9e nettoie efficacement les salet\u00e9s tenaces dans les joints de coulis, leur redonnant un aspect propre et frais. Cela permet de maintenir l&rsquo;hygi\u00e8ne et l&rsquo;attrait visuel des espaces, en prolongeant la dur\u00e9e de vie des installations. <\/p>\n<p><strong>\u2705<\/strong><strong> FORMAT DE 750 MILLILITRES.<\/strong><\/p>\n<p><strong>\u26ab R\u00e9f\u00e9rence : ECO-200<\/strong><\/p>\n","protected":false},"featured_media":12940,"template":"","meta":[],"product_brand":[225],"product_cat":[413],"product_tag":[666,665,664],"class_list":{"0":"post-12927","1":"product","2":"type-product","3":"status-publish","4":"has-post-thumbnail","6":"product_brand-eqm","7":"product_cat-limpieza-profesional","8":"product_tag-nettoyeur-de-joints","9":"product_tag-salle-de-bain","10":"product_tag-tuiles","12":"first","13":"instock","14":"taxable","15":"shipping-taxable","16":"purchasable","17":"product-type-simple"},"acf":[],"yoast_head":"<!-- This site is optimized with the Yoast SEO Premium plugin v27.1 (Yoast SEO v27.4) - https:\/\/yoast.com\/product\/yoast-seo-premium-wordpress\/ -->\n<title>Nettoyant pour joints de salle de bains - Ecosoluciones Qu\u00edmicas<\/title>\n<meta name=\"robots\" content=\"index, follow, max-snippet:-1, max-image-preview:large, max-video-preview:-1\" \/>\n<link rel=\"canonical\" href=\"https:\/\/www.ecosolucionesquimicas.es\/fr\/producto\/nettoyant-pour-joints-de-salle-de-bains\/\" \/>\n<meta property=\"og:locale\" content=\"fr_FR\" \/>\n<meta property=\"og:type\" content=\"article\" \/>\n<meta property=\"og:title\" content=\"Nettoyant pour joints de salle de bains\" \/>\n<meta property=\"og:description\" content=\"ECO-200 EST UN NETTOYANT SP\u00c9CIALIS\u00c9. Il est formul\u00e9 pour \u00e9liminer efficacement le calcaire, la rouille, le tartre et la salet\u00e9 accumul\u00e9e sur les joints de carrelage. Il est id\u00e9al pour une utilisation dans les environnements domestiques et commerciaux, offrant un nettoyage en profondeur efficace.  \u2705 D\u00c9TARTRER ET POLIR SANS ENDOMMAGER LES SURFACES. Ce produit fonctionne sur une vari\u00e9t\u00e9 de surfaces, notamment les douches, les toilettes, les lavabos, les \u00e9viers, les cabines de douche et les robinets. Il assure un nettoyage en profondeur sans compromettre l&#039;int\u00e9grit\u00e9 des mat\u00e9riaux.  \u00c9LIMINE LES TACHES JAUNES ET LA ROUILLE. ECO-200 est efficace pour \u00e9liminer les taches de rouille et l&#039;accumulation de calcaire dans les toilettes et les autres zones de la salle de bains. Sa formule d\u00e9tartrante est sans danger pour tous les mat\u00e9riaux de la salle de bains, ce qui permet aux installations de rester fonctionnelles et d&#039;avoir un bel aspect.  ID\u00c9AL POUR LE NETTOYAGE EN PROFONDEUR DES JOINTS DE COULIS DES CARREAUX. Sa formule concentr\u00e9e nettoie efficacement les salet\u00e9s tenaces dans les joints de coulis, leur redonnant un aspect propre et frais. Cela permet de maintenir l&#039;hygi\u00e8ne et l&#039;attrait visuel des espaces, en prolongeant la dur\u00e9e de vie des installations.  \u2705 FORMAT DE 750 MILLILITRES. \u26ab R\u00e9f\u00e9rence : ECO-200\" \/>\n<meta property=\"og:url\" content=\"https:\/\/www.ecosolucionesquimicas.es\/fr\/producto\/nettoyant-pour-joints-de-salle-de-bains\/\" \/>\n<meta property=\"og:site_name\" content=\"Ecosoluciones Qu\u00edmicas\" \/>\n<meta property=\"article:publisher\" content=\"https:\/\/www.facebook.com\/ecosolucionesquimicasmadrid\/\" \/>\n<meta property=\"og:image\" content=\"https:\/\/www.ecosolucionesquimicas.es\/wp-content\/uploads\/2024\/08\/Captura-de-pantalla-2024-08-28-a-las-22.05.03-300x181.png\" \/>\n<meta name=\"twitter:card\" content=\"summary_large_image\" \/>\n<meta name=\"twitter:label1\" content=\"Prix\" \/>\n\t<meta name=\"twitter:data1\" content=\"4,83&nbsp;&euro; TVA incluse.\" \/>\n\t<meta name=\"twitter:label2\" content=\"Disponibilit\u00e9\" \/>\n\t<meta name=\"twitter:data2\" content=\"En stock\" \/>\n<script type=\"application\/ld+json\" class=\"yoast-schema-graph\">{\"@context\":\"https:\\\/\\\/schema.org\",\"@graph\":[{\"@type\":\"WebPage\",\"@id\":\"https:\\\/\\\/www.ecosolucionesquimicas.es\\\/fr\\\/producto\\\/nettoyant-pour-joints-de-salle-de-bains\\\/\",\"url\":\"https:\\\/\\\/www.ecosolucionesquimicas.es\\\/fr\\\/producto\\\/nettoyant-pour-joints-de-salle-de-bains\\\/\",\"name\":\"Nettoyant pour joints de salle de bains - Ecosoluciones Qu\u00edmicas\",\"isPartOf\":{\"@id\":\"https:\\\/\\\/www.ecosolucionesquimicas.es\\\/fr\\\/#website\"},\"primaryImageOfPage\":{\"@id\":\"https:\\\/\\\/www.ecosolucionesquimicas.es\\\/fr\\\/producto\\\/nettoyant-pour-joints-de-salle-de-bains\\\/#primaryimage\"},\"image\":{\"@id\":\"https:\\\/\\\/www.ecosolucionesquimicas.es\\\/fr\\\/producto\\\/nettoyant-pour-joints-de-salle-de-bains\\\/#primaryimage\"},\"thumbnailUrl\":\"https:\\\/\\\/www.ecosolucionesquimicas.es\\\/wp-content\\\/uploads\\\/2024\\\/08\\\/ECO-200-750ML-scaled.jpg\",\"datePublished\":\"2024-08-28T13:53:51+00:00\",\"breadcrumb\":{\"@id\":\"https:\\\/\\\/www.ecosolucionesquimicas.es\\\/fr\\\/producto\\\/nettoyant-pour-joints-de-salle-de-bains\\\/#breadcrumb\"},\"inLanguage\":\"fr-FR\",\"potentialAction\":[{\"@type\":\"ReadAction\",\"target\":[\"https:\\\/\\\/www.ecosolucionesquimicas.es\\\/fr\\\/producto\\\/nettoyant-pour-joints-de-salle-de-bains\\\/\"]}]},{\"@type\":\"ImageObject\",\"inLanguage\":\"fr-FR\",\"@id\":\"https:\\\/\\\/www.ecosolucionesquimicas.es\\\/fr\\\/producto\\\/nettoyant-pour-joints-de-salle-de-bains\\\/#primaryimage\",\"url\":\"https:\\\/\\\/www.ecosolucionesquimicas.es\\\/wp-content\\\/uploads\\\/2024\\\/08\\\/ECO-200-750ML-scaled.jpg\",\"contentUrl\":\"https:\\\/\\\/www.ecosolucionesquimicas.es\\\/wp-content\\\/uploads\\\/2024\\\/08\\\/ECO-200-750ML-scaled.jpg\",\"width\":2350,\"height\":2560},{\"@type\":\"BreadcrumbList\",\"@id\":\"https:\\\/\\\/www.ecosolucionesquimicas.es\\\/fr\\\/producto\\\/nettoyant-pour-joints-de-salle-de-bains\\\/#breadcrumb\",\"itemListElement\":[{\"@type\":\"ListItem\",\"position\":1,\"name\":\"Portada\",\"item\":\"https:\\\/\\\/www.ecosolucionesquimicas.es\\\/fr\\\/home\\\/\"},{\"@type\":\"ListItem\",\"position\":2,\"name\":\"Nettoyant pour joints de salle de bains\"}]},{\"@type\":\"WebSite\",\"@id\":\"https:\\\/\\\/www.ecosolucionesquimicas.es\\\/fr\\\/#website\",\"url\":\"https:\\\/\\\/www.ecosolucionesquimicas.es\\\/fr\\\/\",\"name\":\"Ecosoluciones Qu\u00edmicas\",\"description\":\"Achetez en ligne des produits d'entretien et des produits chimiques fabriqu\u00e9s par nos soins.\",\"publisher\":{\"@id\":\"https:\\\/\\\/www.ecosolucionesquimicas.es\\\/fr\\\/#organization\"},\"alternateName\":\"EQM\",\"potentialAction\":[{\"@type\":\"SearchAction\",\"target\":{\"@type\":\"EntryPoint\",\"urlTemplate\":\"https:\\\/\\\/www.ecosolucionesquimicas.es\\\/fr\\\/?s={search_term_string}\"},\"query-input\":{\"@type\":\"PropertyValueSpecification\",\"valueRequired\":true,\"valueName\":\"search_term_string\"}}],\"inLanguage\":\"fr-FR\"},{\"@type\":\"Organization\",\"@id\":\"https:\\\/\\\/www.ecosolucionesquimicas.es\\\/fr\\\/#organization\",\"name\":\"Ecosoluciones Qu\u00edmicas\",\"url\":\"https:\\\/\\\/www.ecosolucionesquimicas.es\\\/fr\\\/\",\"logo\":{\"@type\":\"ImageObject\",\"inLanguage\":\"fr-FR\",\"@id\":\"https:\\\/\\\/www.ecosolucionesquimicas.es\\\/fr\\\/#\\\/schema\\\/logo\\\/image\\\/\",\"url\":\"https:\\\/\\\/www.ecosolucionesquimicas.es\\\/wp-content\\\/uploads\\\/2024\\\/08\\\/LOGO-EQM-NUEVO-.png\",\"contentUrl\":\"https:\\\/\\\/www.ecosolucionesquimicas.es\\\/wp-content\\\/uploads\\\/2024\\\/08\\\/LOGO-EQM-NUEVO-.png\",\"width\":1060,\"height\":456,\"caption\":\"Ecosoluciones Qu\u00edmicas\"},\"image\":{\"@id\":\"https:\\\/\\\/www.ecosolucionesquimicas.es\\\/fr\\\/#\\\/schema\\\/logo\\\/image\\\/\"},\"sameAs\":[\"https:\\\/\\\/www.facebook.com\\\/ecosolucionesquimicasmadrid\\\/\",\"https:\\\/\\\/www.instagram.com\\\/ecosolucionesquimicas\\\/\"],\"hasMerchantReturnPolicy\":{\"@type\":\"MerchantReturnPolicy\",\"merchantReturnLink\":\"https:\\\/\\\/www.ecosolucionesquimicas.es\\\/refund_returns\\\/\"}}]}<\/script>\n<meta property=\"product:brand\" content=\"EQM\" \/>\n<meta property=\"product:price:amount\" content=\"4.83\" \/>\n<meta property=\"product:price:currency\" content=\"EUR\" \/>\n<meta property=\"og:availability\" content=\"instock\" \/>\n<meta property=\"product:availability\" content=\"instock\" \/>\n<meta property=\"product:retailer_item_id\" content=\"ECO-200\" \/>\n<meta property=\"product:condition\" content=\"new\" \/>\n<!-- \/ Yoast SEO Premium plugin. -->","yoast_head_json":{"title":"Nettoyant pour joints de salle de bains - Ecosoluciones Qu\u00edmicas","robots":{"index":"index","follow":"follow","max-snippet":"max-snippet:-1","max-image-preview":"max-image-preview:large","max-video-preview":"max-video-preview:-1"},"canonical":"https:\/\/www.ecosolucionesquimicas.es\/fr\/producto\/nettoyant-pour-joints-de-salle-de-bains\/","og_locale":"fr_FR","og_type":"article","og_title":"Nettoyant pour joints de salle de bains","og_description":"ECO-200 EST UN NETTOYANT SP\u00c9CIALIS\u00c9. Il est formul\u00e9 pour \u00e9liminer efficacement le calcaire, la rouille, le tartre et la salet\u00e9 accumul\u00e9e sur les joints de carrelage. Il est id\u00e9al pour une utilisation dans les environnements domestiques et commerciaux, offrant un nettoyage en profondeur efficace.  \u2705 D\u00c9TARTRER ET POLIR SANS ENDOMMAGER LES SURFACES. Ce produit fonctionne sur une vari\u00e9t\u00e9 de surfaces, notamment les douches, les toilettes, les lavabos, les \u00e9viers, les cabines de douche et les robinets. Il assure un nettoyage en profondeur sans compromettre l'int\u00e9grit\u00e9 des mat\u00e9riaux.  \u00c9LIMINE LES TACHES JAUNES ET LA ROUILLE. ECO-200 est efficace pour \u00e9liminer les taches de rouille et l'accumulation de calcaire dans les toilettes et les autres zones de la salle de bains. Sa formule d\u00e9tartrante est sans danger pour tous les mat\u00e9riaux de la salle de bains, ce qui permet aux installations de rester fonctionnelles et d'avoir un bel aspect.  ID\u00c9AL POUR LE NETTOYAGE EN PROFONDEUR DES JOINTS DE COULIS DES CARREAUX. Sa formule concentr\u00e9e nettoie efficacement les salet\u00e9s tenaces dans les joints de coulis, leur redonnant un aspect propre et frais. Cela permet de maintenir l'hygi\u00e8ne et l'attrait visuel des espaces, en prolongeant la dur\u00e9e de vie des installations.  \u2705 FORMAT DE 750 MILLILITRES. \u26ab R\u00e9f\u00e9rence : ECO-200","og_url":"https:\/\/www.ecosolucionesquimicas.es\/fr\/producto\/nettoyant-pour-joints-de-salle-de-bains\/","og_site_name":"Ecosoluciones Qu\u00edmicas","article_publisher":"https:\/\/www.facebook.com\/ecosolucionesquimicasmadrid\/","og_image":[{"url":"https:\/\/www.ecosolucionesquimicas.es\/wp-content\/uploads\/2024\/08\/Captura-de-pantalla-2024-08-28-a-las-22.05.03-300x181.png","type":"","width":"","height":""}],"twitter_card":"summary_large_image","twitter_misc":{"Prix":"4,83&nbsp;&euro; TVA incluse.","Disponibilit\u00e9":"En stock"},"schema":{"@context":"https:\/\/schema.org","@graph":[{"@type":"WebPage","@id":"https:\/\/www.ecosolucionesquimicas.es\/fr\/producto\/nettoyant-pour-joints-de-salle-de-bains\/","url":"https:\/\/www.ecosolucionesquimicas.es\/fr\/producto\/nettoyant-pour-joints-de-salle-de-bains\/","name":"Nettoyant pour joints de salle de bains - Ecosoluciones Qu\u00edmicas","isPartOf":{"@id":"https:\/\/www.ecosolucionesquimicas.es\/fr\/#website"},"primaryImageOfPage":{"@id":"https:\/\/www.ecosolucionesquimicas.es\/fr\/producto\/nettoyant-pour-joints-de-salle-de-bains\/#primaryimage"},"image":{"@id":"https:\/\/www.ecosolucionesquimicas.es\/fr\/producto\/nettoyant-pour-joints-de-salle-de-bains\/#primaryimage"},"thumbnailUrl":"https:\/\/www.ecosolucionesquimicas.es\/wp-content\/uploads\/2024\/08\/ECO-200-750ML-scaled.jpg","datePublished":"2024-08-28T13:53:51+00:00","breadcrumb":{"@id":"https:\/\/www.ecosolucionesquimicas.es\/fr\/producto\/nettoyant-pour-joints-de-salle-de-bains\/#breadcrumb"},"inLanguage":"fr-FR","potentialAction":[{"@type":"ReadAction","target":["https:\/\/www.ecosolucionesquimicas.es\/fr\/producto\/nettoyant-pour-joints-de-salle-de-bains\/"]}]},{"@type":"ImageObject","inLanguage":"fr-FR","@id":"https:\/\/www.ecosolucionesquimicas.es\/fr\/producto\/nettoyant-pour-joints-de-salle-de-bains\/#primaryimage","url":"https:\/\/www.ecosolucionesquimicas.es\/wp-content\/uploads\/2024\/08\/ECO-200-750ML-scaled.jpg","contentUrl":"https:\/\/www.ecosolucionesquimicas.es\/wp-content\/uploads\/2024\/08\/ECO-200-750ML-scaled.jpg","width":2350,"height":2560},{"@type":"BreadcrumbList","@id":"https:\/\/www.ecosolucionesquimicas.es\/fr\/producto\/nettoyant-pour-joints-de-salle-de-bains\/#breadcrumb","itemListElement":[{"@type":"ListItem","position":1,"name":"Portada","item":"https:\/\/www.ecosolucionesquimicas.es\/fr\/home\/"},{"@type":"ListItem","position":2,"name":"Nettoyant pour joints de salle de bains"}]},{"@type":"WebSite","@id":"https:\/\/www.ecosolucionesquimicas.es\/fr\/#website","url":"https:\/\/www.ecosolucionesquimicas.es\/fr\/","name":"Ecosoluciones Qu\u00edmicas","description":"Achetez en ligne des produits d'entretien et des produits chimiques fabriqu\u00e9s par nos soins.","publisher":{"@id":"https:\/\/www.ecosolucionesquimicas.es\/fr\/#organization"},"alternateName":"EQM","potentialAction":[{"@type":"SearchAction","target":{"@type":"EntryPoint","urlTemplate":"https:\/\/www.ecosolucionesquimicas.es\/fr\/?s={search_term_string}"},"query-input":{"@type":"PropertyValueSpecification","valueRequired":true,"valueName":"search_term_string"}}],"inLanguage":"fr-FR"},{"@type":"Organization","@id":"https:\/\/www.ecosolucionesquimicas.es\/fr\/#organization","name":"Ecosoluciones Qu\u00edmicas","url":"https:\/\/www.ecosolucionesquimicas.es\/fr\/","logo":{"@type":"ImageObject","inLanguage":"fr-FR","@id":"https:\/\/www.ecosolucionesquimicas.es\/fr\/#\/schema\/logo\/image\/","url":"https:\/\/www.ecosolucionesquimicas.es\/wp-content\/uploads\/2024\/08\/LOGO-EQM-NUEVO-.png","contentUrl":"https:\/\/www.ecosolucionesquimicas.es\/wp-content\/uploads\/2024\/08\/LOGO-EQM-NUEVO-.png","width":1060,"height":456,"caption":"Ecosoluciones Qu\u00edmicas"},"image":{"@id":"https:\/\/www.ecosolucionesquimicas.es\/fr\/#\/schema\/logo\/image\/"},"sameAs":["https:\/\/www.facebook.com\/ecosolucionesquimicasmadrid\/","https:\/\/www.instagram.com\/ecosolucionesquimicas\/"],"hasMerchantReturnPolicy":{"@type":"MerchantReturnPolicy","merchantReturnLink":"https:\/\/www.ecosolucionesquimicas.es\/refund_returns\/"}}]},"product_brand":"EQM","product_price_amount":"4.83","product_price_currency":"EUR","og_availability":"instock","product_availability":"instock","product_retailer_item_id":"ECO-200","product_condition":"new"},"_links":{"self":[{"href":"https:\/\/www.ecosolucionesquimicas.es\/fr\/wp-json\/wp\/v2\/product\/12927","targetHints":{"allow":["GET"]}}],"collection":[{"href":"https:\/\/www.ecosolucionesquimicas.es\/fr\/wp-json\/wp\/v2\/product"}],"about":[{"href":"https:\/\/www.ecosolucionesquimicas.es\/fr\/wp-json\/wp\/v2\/types\/product"}],"wp:featuredmedia":[{"embeddable":true,"href":"https:\/\/www.ecosolucionesquimicas.es\/fr\/wp-json\/wp\/v2\/media\/12940"}],"wp:attachment":[{"href":"https:\/\/www.ecosolucionesquimicas.es\/fr\/wp-json\/wp\/v2\/media?parent=12927"}],"wp:term":[{"taxonomy":"product_brand","embeddable":true,"href":"https:\/\/www.ecosolucionesquimicas.es\/fr\/wp-json\/wp\/v2\/product_brand?post=12927"},{"taxonomy":"product_cat","embeddable":true,"href":"https:\/\/www.ecosolucionesquimicas.es\/fr\/wp-json\/wp\/v2\/product_cat?post=12927"},{"taxonomy":"product_tag","embeddable":true,"href":"https:\/\/www.ecosolucionesquimicas.es\/fr\/wp-json\/wp\/v2\/product_tag?post=12927"}],"curies":[{"name":"wp","href":"https:\/\/api.w.org\/{rel}","templated":true}]}}