{"id":12920,"date":"2025-01-30T11:40:34","date_gmt":"2025-01-30T10:40:34","guid":{"rendered":"https:\/\/www.ecosolucionesquimicas.es\/producto\/d-limonene\/"},"modified":"2025-01-30T11:40:34","modified_gmt":"2025-01-30T10:40:34","slug":"d-limonene","status":"publish","type":"product","link":"https:\/\/www.ecosolucionesquimicas.es\/fr\/producto\/d-limonene\/","title":{"rendered":"D-Limon\u00e8ne"},"content":{"rendered":"<p><img fetchpriority=\"high\" decoding=\"async\" class=\"alignnone wp-image-5785\" src=\"https:\/\/www.ecosolucionesquimicas.es\/wp-content\/uploads\/2025\/01\/cofrutco-d-limonade-sustituto-natural-2-300x225.jpeg\" alt=\"\" width=\"550\" height=\"413\" srcset=\"https:\/\/www.ecosolucionesquimicas.es\/wp-content\/uploads\/2025\/01\/cofrutco-d-limonade-sustituto-natural-2-300x225.jpeg 300w, https:\/\/www.ecosolucionesquimicas.es\/wp-content\/uploads\/2025\/01\/cofrutco-d-limonade-sustituto-natural-2-768x576.jpeg 768w, https:\/\/www.ecosolucionesquimicas.es\/wp-content\/uploads\/2025\/01\/cofrutco-d-limonade-sustituto-natural-2-600x450.jpeg 600w, https:\/\/www.ecosolucionesquimicas.es\/wp-content\/uploads\/2025\/01\/cofrutco-d-limonade-sustituto-natural-2.jpeg 1024w\" sizes=\"(max-width: 550px) 100vw, 550px\" \/><\/p>\n<p><strong>CANDIDATURES<\/strong><\/p>\n<p><strong>D\u00e9graissant et nettoyant<\/strong>: Utilis\u00e9 dans les produits de nettoyage, notamment pour \u00e9liminer les graisses et les huiles.<br \/>\n\u2714<strong> Agent aromatisant<\/strong>: Utilis\u00e9 dans les parfums et les produits aromatisants pour son odeur d&rsquo;agrumes.<br \/>\n\u2714<strong> Solvant<\/strong>: Dans l&rsquo;industrie comme solvant pour les peintures, les encres et les adh\u00e9sifs.<br \/>\n\u2714 <strong>Antioxydant<\/strong>: Utilis\u00e9 dans les cosm\u00e9tiques et les aliments pour pr\u00e9venir l&rsquo;oxydation.<br \/>\n\u2714<strong> Insectifuge<\/strong>: Utilis\u00e9 dans les produits naturels pour \u00e9loigner les insectes.<br \/>\n\u2714<strong> Dans l&rsquo;industrie alimentaire<\/strong>: Comme additif et ar\u00f4me naturel.<br \/>\n\u2714<strong> Dans l&rsquo;industrie pharmaceutique<\/strong>: Dans certains m\u00e9dicaments et compl\u00e9ments.<\/p>\n","protected":false},"excerpt":{"rendered":"<div class=\"flex max-w-full flex-col flex-grow\">\n<div class=\"min-h-8 text-message flex w-full flex-col items-end gap-2 whitespace-normal break-words text-start [.text-message+&amp;]:mt-5\" dir=\"auto\" data-message-author-role=\"assistant\" data-message-id=\"f537f9d4-331c-4ebe-8c78-1621ae7b15b4\" data-message-model-slug=\"gpt-4o-mini\">\n<div class=\"flex w-full flex-col gap-1 empty:hidden first:pt-[3px]\">\n<div class=\"markdown prose w-full break-words dark:prose-invert light\">\n<p><strong>SOLVANT NATUREL ET BIOD\u00c9GRADABLE.<\/strong> Le d-limon\u00e8ne est un solvant naturel et biod\u00e9gradable extrait de l&rsquo;huile des \u00e9corces d&rsquo;agrumes, comme les oranges et les citrons. Avec sa texture huileuse et son ar\u00f4me d&rsquo;agrumes, c&rsquo;est un choix \u00e9cologique et efficace pour diverses applications industrielles. <\/p>\n<p>\u2705 <strong>DE MULTIPLES UTILISATIONS .<\/strong> ECO-807 n&rsquo;est pas seulement un solvant industriel, mais il est aussi id\u00e9al pour le nettoyage polyvalent, le d\u00e9graissage, l&rsquo;\u00e9limination des odeurs et l&rsquo;insecticide naturel, ce qui en fait une solution compl\u00e8te pour la maison et l&rsquo;industrie.<\/p>\n<p>\u2705 <strong>RESPECTUEUX DE L&rsquo;ENVIRONNEMENT.<\/strong> \u00c9tant biod\u00e9gradable, le D-limon\u00e8ne se d\u00e9compose sans nuire \u00e0 l&rsquo;environnement, ce qui en fait une option durable de plus en plus demand\u00e9e par les personnes et les entreprises \u00e0 la recherche d&rsquo;alternatives \u00e9cologiques.<\/p>\n<p>\u2705 <strong>DES PROPRI\u00c9T\u00c9S AROMATIQUES NATURELLES.<\/strong> En plus de ses propri\u00e9t\u00e9s de solvant, le D-limon\u00e8ne est appr\u00e9ci\u00e9 pour son parfum d&rsquo;agrumes, id\u00e9al pour les d\u00e9sodorisants ou les produits de soins personnels et de nettoyage.<\/p>\n<p>\u2705 <strong> Tu peux demander un devis sur <a href=\"https:\/\/www.ecosolucionesquimicas.es\/fr\/demande-un-devis\/\">Demande ton devis.<\/a><\/strong><\/p>\n<p><strong>\u26ab<\/strong><strong> N\u00b0 de r\u00e9f. : ECO-807<\/strong><\/p>\n<\/div>\n<\/div>\n<\/div>\n<\/div>\n","protected":false},"featured_media":12922,"template":"","meta":[],"product_brand":[225],"product_cat":[487],"product_tag":[],"class_list":{"0":"post-12920","1":"product","2":"type-product","3":"status-publish","4":"has-post-thumbnail","6":"product_brand-eqm","7":"product_cat-quimicos","9":"first","10":"instock","11":"taxable","12":"shipping-taxable","13":"purchasable","14":"product-type-simple"},"acf":[],"yoast_head":"<!-- This site is optimized with the Yoast SEO Premium plugin v27.1 (Yoast SEO v27.4) - https:\/\/yoast.com\/product\/yoast-seo-premium-wordpress\/ -->\n<title>D-Limon\u00e8ne - Ecosoluciones Qu\u00edmicas<\/title>\n<meta name=\"robots\" content=\"index, follow, max-snippet:-1, max-image-preview:large, max-video-preview:-1\" \/>\n<link rel=\"canonical\" href=\"https:\/\/www.ecosolucionesquimicas.es\/fr\/producto\/d-limonene\/\" \/>\n<meta property=\"og:locale\" content=\"fr_FR\" \/>\n<meta property=\"og:type\" content=\"article\" \/>\n<meta property=\"og:title\" content=\"D-Limon\u00e8ne\" \/>\n<meta property=\"og:description\" content=\"SOLVANT NATUREL ET BIOD\u00c9GRADABLE. Le d-limon\u00e8ne est un solvant naturel et biod\u00e9gradable extrait de l&#039;huile des \u00e9corces d&#039;agrumes, comme les oranges et les citrons. Avec sa texture huileuse et son ar\u00f4me d&#039;agrumes, c&#039;est un choix \u00e9cologique et efficace pour diverses applications industrielles.  \u2705 DE MULTIPLES UTILISATIONS . ECO-807 n&#039;est pas seulement un solvant industriel, mais il est aussi id\u00e9al pour le nettoyage polyvalent, le d\u00e9graissage, l&#039;\u00e9limination des odeurs et l&#039;insecticide naturel, ce qui en fait une solution compl\u00e8te pour la maison et l&#039;industrie. \u2705 RESPECTUEUX DE L&#039;ENVIRONNEMENT. \u00c9tant biod\u00e9gradable, le D-limon\u00e8ne se d\u00e9compose sans nuire \u00e0 l&#039;environnement, ce qui en fait une option durable de plus en plus demand\u00e9e par les personnes et les entreprises \u00e0 la recherche d&#039;alternatives \u00e9cologiques. \u2705 DES PROPRI\u00c9T\u00c9S AROMATIQUES NATURELLES. En plus de ses propri\u00e9t\u00e9s de solvant, le D-limon\u00e8ne est appr\u00e9ci\u00e9 pour son parfum d&#039;agrumes, id\u00e9al pour les d\u00e9sodorisants ou les produits de soins personnels et de nettoyage. \u2705 Tu peux demander un devis sur Demande ton devis. \u26ab N\u00b0 de r\u00e9f. : ECO-807\" \/>\n<meta property=\"og:url\" content=\"https:\/\/www.ecosolucionesquimicas.es\/fr\/producto\/d-limonene\/\" \/>\n<meta property=\"og:site_name\" content=\"Ecosoluciones Qu\u00edmicas\" \/>\n<meta property=\"article:publisher\" content=\"https:\/\/www.facebook.com\/ecosolucionesquimicasmadrid\/\" \/>\n<meta property=\"og:image\" content=\"https:\/\/www.ecosolucionesquimicas.es\/wp-content\/uploads\/2025\/01\/B09H5RJ26L.MAIN_.jpg\" \/>\n\t<meta property=\"og:image:width\" content=\"1500\" \/>\n\t<meta property=\"og:image:height\" content=\"1532\" \/>\n\t<meta property=\"og:image:type\" content=\"image\/jpeg\" \/>\n<meta name=\"twitter:card\" content=\"summary_large_image\" \/>\n<meta name=\"twitter:label1\" content=\"Prix\" \/>\n\t<meta name=\"twitter:data1\" content=\"34,99&nbsp;&euro; TVA incluse.\" \/>\n\t<meta name=\"twitter:label2\" content=\"Disponibilit\u00e9\" \/>\n\t<meta name=\"twitter:data2\" content=\"En stock\" \/>\n<script type=\"application\/ld+json\" class=\"yoast-schema-graph\">{\"@context\":\"https:\\\/\\\/schema.org\",\"@graph\":[{\"@type\":\"WebPage\",\"@id\":\"https:\\\/\\\/www.ecosolucionesquimicas.es\\\/fr\\\/producto\\\/d-limonene\\\/\",\"url\":\"https:\\\/\\\/www.ecosolucionesquimicas.es\\\/fr\\\/producto\\\/d-limonene\\\/\",\"name\":\"D-Limon\u00e8ne - Ecosoluciones Qu\u00edmicas\",\"isPartOf\":{\"@id\":\"https:\\\/\\\/www.ecosolucionesquimicas.es\\\/fr\\\/#website\"},\"primaryImageOfPage\":{\"@id\":\"https:\\\/\\\/www.ecosolucionesquimicas.es\\\/fr\\\/producto\\\/d-limonene\\\/#primaryimage\"},\"image\":{\"@id\":\"https:\\\/\\\/www.ecosolucionesquimicas.es\\\/fr\\\/producto\\\/d-limonene\\\/#primaryimage\"},\"thumbnailUrl\":\"https:\\\/\\\/www.ecosolucionesquimicas.es\\\/wp-content\\\/uploads\\\/2025\\\/01\\\/B09H5RJ26L.MAIN_.jpg\",\"datePublished\":\"2025-01-30T10:40:34+00:00\",\"breadcrumb\":{\"@id\":\"https:\\\/\\\/www.ecosolucionesquimicas.es\\\/fr\\\/producto\\\/d-limonene\\\/#breadcrumb\"},\"inLanguage\":\"fr-FR\",\"potentialAction\":[{\"@type\":\"ReadAction\",\"target\":[\"https:\\\/\\\/www.ecosolucionesquimicas.es\\\/fr\\\/producto\\\/d-limonene\\\/\"]}]},{\"@type\":\"ImageObject\",\"inLanguage\":\"fr-FR\",\"@id\":\"https:\\\/\\\/www.ecosolucionesquimicas.es\\\/fr\\\/producto\\\/d-limonene\\\/#primaryimage\",\"url\":\"https:\\\/\\\/www.ecosolucionesquimicas.es\\\/wp-content\\\/uploads\\\/2025\\\/01\\\/B09H5RJ26L.MAIN_.jpg\",\"contentUrl\":\"https:\\\/\\\/www.ecosolucionesquimicas.es\\\/wp-content\\\/uploads\\\/2025\\\/01\\\/B09H5RJ26L.MAIN_.jpg\",\"width\":1500,\"height\":1532},{\"@type\":\"BreadcrumbList\",\"@id\":\"https:\\\/\\\/www.ecosolucionesquimicas.es\\\/fr\\\/producto\\\/d-limonene\\\/#breadcrumb\",\"itemListElement\":[{\"@type\":\"ListItem\",\"position\":1,\"name\":\"Portada\",\"item\":\"https:\\\/\\\/www.ecosolucionesquimicas.es\\\/fr\\\/home\\\/\"},{\"@type\":\"ListItem\",\"position\":2,\"name\":\"D-Limon\u00e8ne\"}]},{\"@type\":\"WebSite\",\"@id\":\"https:\\\/\\\/www.ecosolucionesquimicas.es\\\/fr\\\/#website\",\"url\":\"https:\\\/\\\/www.ecosolucionesquimicas.es\\\/fr\\\/\",\"name\":\"Ecosoluciones Qu\u00edmicas\",\"description\":\"Achetez en ligne des produits d'entretien et des produits chimiques fabriqu\u00e9s par nos soins.\",\"publisher\":{\"@id\":\"https:\\\/\\\/www.ecosolucionesquimicas.es\\\/fr\\\/#organization\"},\"alternateName\":\"EQM\",\"potentialAction\":[{\"@type\":\"SearchAction\",\"target\":{\"@type\":\"EntryPoint\",\"urlTemplate\":\"https:\\\/\\\/www.ecosolucionesquimicas.es\\\/fr\\\/?s={search_term_string}\"},\"query-input\":{\"@type\":\"PropertyValueSpecification\",\"valueRequired\":true,\"valueName\":\"search_term_string\"}}],\"inLanguage\":\"fr-FR\"},{\"@type\":\"Organization\",\"@id\":\"https:\\\/\\\/www.ecosolucionesquimicas.es\\\/fr\\\/#organization\",\"name\":\"Ecosoluciones Qu\u00edmicas\",\"url\":\"https:\\\/\\\/www.ecosolucionesquimicas.es\\\/fr\\\/\",\"logo\":{\"@type\":\"ImageObject\",\"inLanguage\":\"fr-FR\",\"@id\":\"https:\\\/\\\/www.ecosolucionesquimicas.es\\\/fr\\\/#\\\/schema\\\/logo\\\/image\\\/\",\"url\":\"https:\\\/\\\/www.ecosolucionesquimicas.es\\\/wp-content\\\/uploads\\\/2024\\\/08\\\/LOGO-EQM-NUEVO-.png\",\"contentUrl\":\"https:\\\/\\\/www.ecosolucionesquimicas.es\\\/wp-content\\\/uploads\\\/2024\\\/08\\\/LOGO-EQM-NUEVO-.png\",\"width\":1060,\"height\":456,\"caption\":\"Ecosoluciones Qu\u00edmicas\"},\"image\":{\"@id\":\"https:\\\/\\\/www.ecosolucionesquimicas.es\\\/fr\\\/#\\\/schema\\\/logo\\\/image\\\/\"},\"sameAs\":[\"https:\\\/\\\/www.facebook.com\\\/ecosolucionesquimicasmadrid\\\/\",\"https:\\\/\\\/www.instagram.com\\\/ecosolucionesquimicas\\\/\"],\"hasMerchantReturnPolicy\":{\"@type\":\"MerchantReturnPolicy\",\"merchantReturnLink\":\"https:\\\/\\\/www.ecosolucionesquimicas.es\\\/refund_returns\\\/\"}}]}<\/script>\n<meta property=\"product:brand\" content=\"EQM\" \/>\n<meta property=\"product:price:amount\" content=\"34.99\" \/>\n<meta property=\"product:price:currency\" content=\"EUR\" \/>\n<meta property=\"og:availability\" content=\"instock\" \/>\n<meta property=\"product:availability\" content=\"instock\" \/>\n<meta property=\"product:retailer_item_id\" content=\"ECO-807\" \/>\n<meta property=\"product:condition\" content=\"new\" \/>\n<!-- \/ Yoast SEO Premium plugin. -->","yoast_head_json":{"title":"D-Limon\u00e8ne - Ecosoluciones Qu\u00edmicas","robots":{"index":"index","follow":"follow","max-snippet":"max-snippet:-1","max-image-preview":"max-image-preview:large","max-video-preview":"max-video-preview:-1"},"canonical":"https:\/\/www.ecosolucionesquimicas.es\/fr\/producto\/d-limonene\/","og_locale":"fr_FR","og_type":"article","og_title":"D-Limon\u00e8ne","og_description":"SOLVANT NATUREL ET BIOD\u00c9GRADABLE. Le d-limon\u00e8ne est un solvant naturel et biod\u00e9gradable extrait de l'huile des \u00e9corces d'agrumes, comme les oranges et les citrons. Avec sa texture huileuse et son ar\u00f4me d'agrumes, c'est un choix \u00e9cologique et efficace pour diverses applications industrielles.  \u2705 DE MULTIPLES UTILISATIONS . ECO-807 n'est pas seulement un solvant industriel, mais il est aussi id\u00e9al pour le nettoyage polyvalent, le d\u00e9graissage, l'\u00e9limination des odeurs et l'insecticide naturel, ce qui en fait une solution compl\u00e8te pour la maison et l'industrie. \u2705 RESPECTUEUX DE L'ENVIRONNEMENT. \u00c9tant biod\u00e9gradable, le D-limon\u00e8ne se d\u00e9compose sans nuire \u00e0 l'environnement, ce qui en fait une option durable de plus en plus demand\u00e9e par les personnes et les entreprises \u00e0 la recherche d'alternatives \u00e9cologiques. \u2705 DES PROPRI\u00c9T\u00c9S AROMATIQUES NATURELLES. En plus de ses propri\u00e9t\u00e9s de solvant, le D-limon\u00e8ne est appr\u00e9ci\u00e9 pour son parfum d'agrumes, id\u00e9al pour les d\u00e9sodorisants ou les produits de soins personnels et de nettoyage. \u2705 Tu peux demander un devis sur Demande ton devis. \u26ab N\u00b0 de r\u00e9f. : ECO-807","og_url":"https:\/\/www.ecosolucionesquimicas.es\/fr\/producto\/d-limonene\/","og_site_name":"Ecosoluciones Qu\u00edmicas","article_publisher":"https:\/\/www.facebook.com\/ecosolucionesquimicasmadrid\/","og_image":[{"width":1500,"height":1532,"url":"https:\/\/www.ecosolucionesquimicas.es\/wp-content\/uploads\/2025\/01\/B09H5RJ26L.MAIN_.jpg","type":"image\/jpeg"}],"twitter_card":"summary_large_image","twitter_misc":{"Prix":"34,99&nbsp;&euro; TVA incluse.","Disponibilit\u00e9":"En stock"},"schema":{"@context":"https:\/\/schema.org","@graph":[{"@type":"WebPage","@id":"https:\/\/www.ecosolucionesquimicas.es\/fr\/producto\/d-limonene\/","url":"https:\/\/www.ecosolucionesquimicas.es\/fr\/producto\/d-limonene\/","name":"D-Limon\u00e8ne - Ecosoluciones Qu\u00edmicas","isPartOf":{"@id":"https:\/\/www.ecosolucionesquimicas.es\/fr\/#website"},"primaryImageOfPage":{"@id":"https:\/\/www.ecosolucionesquimicas.es\/fr\/producto\/d-limonene\/#primaryimage"},"image":{"@id":"https:\/\/www.ecosolucionesquimicas.es\/fr\/producto\/d-limonene\/#primaryimage"},"thumbnailUrl":"https:\/\/www.ecosolucionesquimicas.es\/wp-content\/uploads\/2025\/01\/B09H5RJ26L.MAIN_.jpg","datePublished":"2025-01-30T10:40:34+00:00","breadcrumb":{"@id":"https:\/\/www.ecosolucionesquimicas.es\/fr\/producto\/d-limonene\/#breadcrumb"},"inLanguage":"fr-FR","potentialAction":[{"@type":"ReadAction","target":["https:\/\/www.ecosolucionesquimicas.es\/fr\/producto\/d-limonene\/"]}]},{"@type":"ImageObject","inLanguage":"fr-FR","@id":"https:\/\/www.ecosolucionesquimicas.es\/fr\/producto\/d-limonene\/#primaryimage","url":"https:\/\/www.ecosolucionesquimicas.es\/wp-content\/uploads\/2025\/01\/B09H5RJ26L.MAIN_.jpg","contentUrl":"https:\/\/www.ecosolucionesquimicas.es\/wp-content\/uploads\/2025\/01\/B09H5RJ26L.MAIN_.jpg","width":1500,"height":1532},{"@type":"BreadcrumbList","@id":"https:\/\/www.ecosolucionesquimicas.es\/fr\/producto\/d-limonene\/#breadcrumb","itemListElement":[{"@type":"ListItem","position":1,"name":"Portada","item":"https:\/\/www.ecosolucionesquimicas.es\/fr\/home\/"},{"@type":"ListItem","position":2,"name":"D-Limon\u00e8ne"}]},{"@type":"WebSite","@id":"https:\/\/www.ecosolucionesquimicas.es\/fr\/#website","url":"https:\/\/www.ecosolucionesquimicas.es\/fr\/","name":"Ecosoluciones Qu\u00edmicas","description":"Achetez en ligne des produits d'entretien et des produits chimiques fabriqu\u00e9s par nos soins.","publisher":{"@id":"https:\/\/www.ecosolucionesquimicas.es\/fr\/#organization"},"alternateName":"EQM","potentialAction":[{"@type":"SearchAction","target":{"@type":"EntryPoint","urlTemplate":"https:\/\/www.ecosolucionesquimicas.es\/fr\/?s={search_term_string}"},"query-input":{"@type":"PropertyValueSpecification","valueRequired":true,"valueName":"search_term_string"}}],"inLanguage":"fr-FR"},{"@type":"Organization","@id":"https:\/\/www.ecosolucionesquimicas.es\/fr\/#organization","name":"Ecosoluciones Qu\u00edmicas","url":"https:\/\/www.ecosolucionesquimicas.es\/fr\/","logo":{"@type":"ImageObject","inLanguage":"fr-FR","@id":"https:\/\/www.ecosolucionesquimicas.es\/fr\/#\/schema\/logo\/image\/","url":"https:\/\/www.ecosolucionesquimicas.es\/wp-content\/uploads\/2024\/08\/LOGO-EQM-NUEVO-.png","contentUrl":"https:\/\/www.ecosolucionesquimicas.es\/wp-content\/uploads\/2024\/08\/LOGO-EQM-NUEVO-.png","width":1060,"height":456,"caption":"Ecosoluciones Qu\u00edmicas"},"image":{"@id":"https:\/\/www.ecosolucionesquimicas.es\/fr\/#\/schema\/logo\/image\/"},"sameAs":["https:\/\/www.facebook.com\/ecosolucionesquimicasmadrid\/","https:\/\/www.instagram.com\/ecosolucionesquimicas\/"],"hasMerchantReturnPolicy":{"@type":"MerchantReturnPolicy","merchantReturnLink":"https:\/\/www.ecosolucionesquimicas.es\/refund_returns\/"}}]},"product_brand":"EQM","product_price_amount":"34.99","product_price_currency":"EUR","og_availability":"instock","product_availability":"instock","product_retailer_item_id":"ECO-807","product_condition":"new"},"_links":{"self":[{"href":"https:\/\/www.ecosolucionesquimicas.es\/fr\/wp-json\/wp\/v2\/product\/12920","targetHints":{"allow":["GET"]}}],"collection":[{"href":"https:\/\/www.ecosolucionesquimicas.es\/fr\/wp-json\/wp\/v2\/product"}],"about":[{"href":"https:\/\/www.ecosolucionesquimicas.es\/fr\/wp-json\/wp\/v2\/types\/product"}],"wp:featuredmedia":[{"embeddable":true,"href":"https:\/\/www.ecosolucionesquimicas.es\/fr\/wp-json\/wp\/v2\/media\/12922"}],"wp:attachment":[{"href":"https:\/\/www.ecosolucionesquimicas.es\/fr\/wp-json\/wp\/v2\/media?parent=12920"}],"wp:term":[{"taxonomy":"product_brand","embeddable":true,"href":"https:\/\/www.ecosolucionesquimicas.es\/fr\/wp-json\/wp\/v2\/product_brand?post=12920"},{"taxonomy":"product_cat","embeddable":true,"href":"https:\/\/www.ecosolucionesquimicas.es\/fr\/wp-json\/wp\/v2\/product_cat?post=12920"},{"taxonomy":"product_tag","embeddable":true,"href":"https:\/\/www.ecosolucionesquimicas.es\/fr\/wp-json\/wp\/v2\/product_tag?post=12920"}],"curies":[{"name":"wp","href":"https:\/\/api.w.org\/{rel}","templated":true}]}}