{"id":12902,"date":"2024-10-08T12:14:37","date_gmt":"2024-10-08T10:14:37","guid":{"rendered":"https:\/\/www.ecosolucionesquimicas.es\/producto\/nettoyant-pour-pare-brise-de-voiture\/"},"modified":"2024-10-08T12:14:37","modified_gmt":"2024-10-08T10:14:37","slug":"nettoyant-pour-pare-brise-de-voiture","status":"publish","type":"product","link":"https:\/\/www.ecosolucionesquimicas.es\/fr\/producto\/nettoyant-pour-pare-brise-de-voiture\/","title":{"rendered":"Nettoyant pour pare-brise de voiture"},"content":{"rendered":"<p><img fetchpriority=\"high\" decoding=\"async\" class=\"alignnone wp-image-4041\" src=\"https:\/\/www.ecosolucionesquimicas.es\/wp-content\/uploads\/2024\/09\/man-white-shirt-wipes-car-car-wash-300x200.jpg\" alt=\"\" width=\"550\" height=\"367\" srcset=\"https:\/\/www.ecosolucionesquimicas.es\/wp-content\/uploads\/2024\/09\/man-white-shirt-wipes-car-car-wash-300x200.jpg 300w, https:\/\/www.ecosolucionesquimicas.es\/wp-content\/uploads\/2024\/09\/man-white-shirt-wipes-car-car-wash-1024x683.jpg 1024w, https:\/\/www.ecosolucionesquimicas.es\/wp-content\/uploads\/2024\/09\/man-white-shirt-wipes-car-car-wash-768x512.jpg 768w, https:\/\/www.ecosolucionesquimicas.es\/wp-content\/uploads\/2024\/09\/man-white-shirt-wipes-car-car-wash-1536x1024.jpg 1536w, https:\/\/www.ecosolucionesquimicas.es\/wp-content\/uploads\/2024\/09\/man-white-shirt-wipes-car-car-wash-2048x1365.jpg 2048w, https:\/\/www.ecosolucionesquimicas.es\/wp-content\/uploads\/2024\/09\/man-white-shirt-wipes-car-car-wash-600x400.jpg 600w\" sizes=\"(max-width: 550px) 100vw, 550px\" \/><\/p>\n<p><strong>MODE D&rsquo;EMPLOI<\/strong><\/p>\n<p><strong>\ud83d\udd18 Pr\u00e9paration<\/strong>: Bien agiter le r\u00e9cipient avant utilisation.<br \/>\n<strong>\ud83d\udd18 Application<\/strong>: Vaporiser uniform\u00e9ment sur le verre \u00e0 nettoyer.<br \/>\n<strong>\ud83d\udd18 Temps d&rsquo;action<\/strong>: Laisser agir 10 \u00e0 15 secondes.<br \/>\n<strong>\ud83d\udd18 S\u00e9chage<\/strong>: Frotter avec un chiffon en microfibre jusqu&rsquo;\u00e0 ce qu&rsquo;il soit compl\u00e8tement sec.<\/p>\n","protected":false},"excerpt":{"rendered":"<p><strong>ECO-107 \u00c9LIMINE EFFICACEMENT LA SALET\u00c9 TENACE DES VITRES DE VOITURE<\/strong>. Formul\u00e9 pour \u00e9liminer facilement les insectes, la graisse et la salet\u00e9 incrust\u00e9e, laissant tes vitres impeccables en un rien de temps. <\/p>\n<p>La formule garantit une finition brillante et <strong>sans traces<\/strong>, offrant une vue claire et d\u00e9gag\u00e9e. <\/p>\n<p><strong>BRILLANCE DURABLE QUI EMP\u00caCHE LA SALET\u00c9 DE S&rsquo;ACCUMULER<\/strong>. Garde tes fen\u00eatres plus propres plus longtemps, en emp\u00eachant la poussi\u00e8re et les taches de r\u00e9appara\u00eetre rapidement. <\/p>\n<p><strong>CONVIENT POUR LE NETTOYAGE DES VITRES INT\u00c9RIEURES ET EXT\u00c9RIEURES<\/strong>. Id\u00e9al pour nettoyer efficacement les vitres, les r\u00e9troviseurs et les pare-brise, \u00e0 l&rsquo;int\u00e9rieur comme \u00e0 l&rsquo;ext\u00e9rieur de la voiture. <\/p>\n<p><strong>FORMAT DE 500 MILLILITRES.<\/strong><\/p>\n<p><strong> R\u00e9f\u00e9rence : ECO-107<\/strong><\/p>\n","protected":false},"featured_media":12908,"template":"","meta":[],"product_brand":[225],"product_cat":[424],"product_tag":[451,658,439],"class_list":{"0":"post-12902","1":"product","2":"type-product","3":"status-publish","4":"has-post-thumbnail","6":"product_brand-eqm","7":"product_cat-automocion","8":"product_tag-coche","9":"product_tag-fenetres-de-voiture","10":"product_tag-limpiacristales","12":"first","13":"instock","14":"taxable","15":"shipping-taxable","16":"purchasable","17":"product-type-simple"},"acf":[],"yoast_head":"<!-- This site is optimized with the Yoast SEO Premium plugin v27.1 (Yoast SEO v27.4) - https:\/\/yoast.com\/product\/yoast-seo-premium-wordpress\/ -->\n<title>Nettoyant pour pare-brise de voiture - Ecosoluciones Qu\u00edmicas<\/title>\n<meta name=\"robots\" content=\"index, follow, max-snippet:-1, max-image-preview:large, max-video-preview:-1\" \/>\n<link rel=\"canonical\" href=\"https:\/\/www.ecosolucionesquimicas.es\/fr\/producto\/nettoyant-pour-pare-brise-de-voiture\/\" \/>\n<meta property=\"og:locale\" content=\"fr_FR\" \/>\n<meta property=\"og:type\" content=\"article\" \/>\n<meta property=\"og:title\" content=\"Nettoyant pour pare-brise de voiture\" \/>\n<meta property=\"og:description\" content=\"ECO-107 \u00c9LIMINE EFFICACEMENT LA SALET\u00c9 TENACE DES VITRES DE VOITURE. Formul\u00e9 pour \u00e9liminer facilement les insectes, la graisse et la salet\u00e9 incrust\u00e9e, laissant tes vitres impeccables en un rien de temps.  La formule garantit une finition brillante et sans traces, offrant une vue claire et d\u00e9gag\u00e9e.  BRILLANCE DURABLE QUI EMP\u00caCHE LA SALET\u00c9 DE S&#039;ACCUMULER. Garde tes fen\u00eatres plus propres plus longtemps, en emp\u00eachant la poussi\u00e8re et les taches de r\u00e9appara\u00eetre rapidement.  CONVIENT POUR LE NETTOYAGE DES VITRES INT\u00c9RIEURES ET EXT\u00c9RIEURES. Id\u00e9al pour nettoyer efficacement les vitres, les r\u00e9troviseurs et les pare-brise, \u00e0 l&#039;int\u00e9rieur comme \u00e0 l&#039;ext\u00e9rieur de la voiture.  FORMAT DE 500 MILLILITRES.  R\u00e9f\u00e9rence : ECO-107\" \/>\n<meta property=\"og:url\" content=\"https:\/\/www.ecosolucionesquimicas.es\/fr\/producto\/nettoyant-pour-pare-brise-de-voiture\/\" \/>\n<meta property=\"og:site_name\" content=\"Ecosoluciones Qu\u00edmicas\" \/>\n<meta property=\"article:publisher\" content=\"https:\/\/www.facebook.com\/ecosolucionesquimicasmadrid\/\" \/>\n<meta property=\"og:image\" content=\"https:\/\/www.ecosolucionesquimicas.es\/wp-content\/uploads\/2024\/09\/man-white-shirt-wipes-car-car-wash-300x200.jpg\" \/>\n<meta name=\"twitter:card\" content=\"summary_large_image\" \/>\n<meta name=\"twitter:label1\" content=\"Prix\" \/>\n\t<meta name=\"twitter:data1\" content=\"4,83&nbsp;&euro; TVA incluse.\" \/>\n\t<meta name=\"twitter:label2\" content=\"Disponibilit\u00e9\" \/>\n\t<meta name=\"twitter:data2\" content=\"En stock\" \/>\n<script type=\"application\/ld+json\" class=\"yoast-schema-graph\">{\"@context\":\"https:\\\/\\\/schema.org\",\"@graph\":[{\"@type\":\"WebPage\",\"@id\":\"https:\\\/\\\/www.ecosolucionesquimicas.es\\\/fr\\\/producto\\\/nettoyant-pour-pare-brise-de-voiture\\\/\",\"url\":\"https:\\\/\\\/www.ecosolucionesquimicas.es\\\/fr\\\/producto\\\/nettoyant-pour-pare-brise-de-voiture\\\/\",\"name\":\"Nettoyant pour pare-brise de voiture - Ecosoluciones Qu\u00edmicas\",\"isPartOf\":{\"@id\":\"https:\\\/\\\/www.ecosolucionesquimicas.es\\\/fr\\\/#website\"},\"primaryImageOfPage\":{\"@id\":\"https:\\\/\\\/www.ecosolucionesquimicas.es\\\/fr\\\/producto\\\/nettoyant-pour-pare-brise-de-voiture\\\/#primaryimage\"},\"image\":{\"@id\":\"https:\\\/\\\/www.ecosolucionesquimicas.es\\\/fr\\\/producto\\\/nettoyant-pour-pare-brise-de-voiture\\\/#primaryimage\"},\"thumbnailUrl\":\"https:\\\/\\\/www.ecosolucionesquimicas.es\\\/wp-content\\\/uploads\\\/2024\\\/10\\\/ECO-107-500MLL-scaled.jpg\",\"datePublished\":\"2024-10-08T10:14:37+00:00\",\"breadcrumb\":{\"@id\":\"https:\\\/\\\/www.ecosolucionesquimicas.es\\\/fr\\\/producto\\\/nettoyant-pour-pare-brise-de-voiture\\\/#breadcrumb\"},\"inLanguage\":\"fr-FR\",\"potentialAction\":[{\"@type\":\"ReadAction\",\"target\":[\"https:\\\/\\\/www.ecosolucionesquimicas.es\\\/fr\\\/producto\\\/nettoyant-pour-pare-brise-de-voiture\\\/\"]}]},{\"@type\":\"ImageObject\",\"inLanguage\":\"fr-FR\",\"@id\":\"https:\\\/\\\/www.ecosolucionesquimicas.es\\\/fr\\\/producto\\\/nettoyant-pour-pare-brise-de-voiture\\\/#primaryimage\",\"url\":\"https:\\\/\\\/www.ecosolucionesquimicas.es\\\/wp-content\\\/uploads\\\/2024\\\/10\\\/ECO-107-500MLL-scaled.jpg\",\"contentUrl\":\"https:\\\/\\\/www.ecosolucionesquimicas.es\\\/wp-content\\\/uploads\\\/2024\\\/10\\\/ECO-107-500MLL-scaled.jpg\",\"width\":2350,\"height\":2560},{\"@type\":\"BreadcrumbList\",\"@id\":\"https:\\\/\\\/www.ecosolucionesquimicas.es\\\/fr\\\/producto\\\/nettoyant-pour-pare-brise-de-voiture\\\/#breadcrumb\",\"itemListElement\":[{\"@type\":\"ListItem\",\"position\":1,\"name\":\"Portada\",\"item\":\"https:\\\/\\\/www.ecosolucionesquimicas.es\\\/fr\\\/home\\\/\"},{\"@type\":\"ListItem\",\"position\":2,\"name\":\"Nettoyant pour pare-brise de voiture\"}]},{\"@type\":\"WebSite\",\"@id\":\"https:\\\/\\\/www.ecosolucionesquimicas.es\\\/fr\\\/#website\",\"url\":\"https:\\\/\\\/www.ecosolucionesquimicas.es\\\/fr\\\/\",\"name\":\"Ecosoluciones Qu\u00edmicas\",\"description\":\"Achetez en ligne des produits d'entretien et des produits chimiques fabriqu\u00e9s par nos soins.\",\"publisher\":{\"@id\":\"https:\\\/\\\/www.ecosolucionesquimicas.es\\\/fr\\\/#organization\"},\"alternateName\":\"EQM\",\"potentialAction\":[{\"@type\":\"SearchAction\",\"target\":{\"@type\":\"EntryPoint\",\"urlTemplate\":\"https:\\\/\\\/www.ecosolucionesquimicas.es\\\/fr\\\/?s={search_term_string}\"},\"query-input\":{\"@type\":\"PropertyValueSpecification\",\"valueRequired\":true,\"valueName\":\"search_term_string\"}}],\"inLanguage\":\"fr-FR\"},{\"@type\":\"Organization\",\"@id\":\"https:\\\/\\\/www.ecosolucionesquimicas.es\\\/fr\\\/#organization\",\"name\":\"Ecosoluciones Qu\u00edmicas\",\"url\":\"https:\\\/\\\/www.ecosolucionesquimicas.es\\\/fr\\\/\",\"logo\":{\"@type\":\"ImageObject\",\"inLanguage\":\"fr-FR\",\"@id\":\"https:\\\/\\\/www.ecosolucionesquimicas.es\\\/fr\\\/#\\\/schema\\\/logo\\\/image\\\/\",\"url\":\"https:\\\/\\\/www.ecosolucionesquimicas.es\\\/wp-content\\\/uploads\\\/2024\\\/08\\\/LOGO-EQM-NUEVO-.png\",\"contentUrl\":\"https:\\\/\\\/www.ecosolucionesquimicas.es\\\/wp-content\\\/uploads\\\/2024\\\/08\\\/LOGO-EQM-NUEVO-.png\",\"width\":1060,\"height\":456,\"caption\":\"Ecosoluciones Qu\u00edmicas\"},\"image\":{\"@id\":\"https:\\\/\\\/www.ecosolucionesquimicas.es\\\/fr\\\/#\\\/schema\\\/logo\\\/image\\\/\"},\"sameAs\":[\"https:\\\/\\\/www.facebook.com\\\/ecosolucionesquimicasmadrid\\\/\",\"https:\\\/\\\/www.instagram.com\\\/ecosolucionesquimicas\\\/\"],\"hasMerchantReturnPolicy\":{\"@type\":\"MerchantReturnPolicy\",\"merchantReturnLink\":\"https:\\\/\\\/www.ecosolucionesquimicas.es\\\/refund_returns\\\/\"}}]}<\/script>\n<meta property=\"product:brand\" content=\"EQM\" \/>\n<meta property=\"product:price:amount\" content=\"4.83\" \/>\n<meta property=\"product:price:currency\" content=\"EUR\" \/>\n<meta property=\"og:availability\" content=\"instock\" \/>\n<meta property=\"product:availability\" content=\"instock\" \/>\n<meta property=\"product:retailer_item_id\" content=\"ECO-107\" \/>\n<meta property=\"product:condition\" content=\"new\" \/>\n<!-- \/ Yoast SEO Premium plugin. -->","yoast_head_json":{"title":"Nettoyant pour pare-brise de voiture - Ecosoluciones Qu\u00edmicas","robots":{"index":"index","follow":"follow","max-snippet":"max-snippet:-1","max-image-preview":"max-image-preview:large","max-video-preview":"max-video-preview:-1"},"canonical":"https:\/\/www.ecosolucionesquimicas.es\/fr\/producto\/nettoyant-pour-pare-brise-de-voiture\/","og_locale":"fr_FR","og_type":"article","og_title":"Nettoyant pour pare-brise de voiture","og_description":"ECO-107 \u00c9LIMINE EFFICACEMENT LA SALET\u00c9 TENACE DES VITRES DE VOITURE. Formul\u00e9 pour \u00e9liminer facilement les insectes, la graisse et la salet\u00e9 incrust\u00e9e, laissant tes vitres impeccables en un rien de temps.  La formule garantit une finition brillante et sans traces, offrant une vue claire et d\u00e9gag\u00e9e.  BRILLANCE DURABLE QUI EMP\u00caCHE LA SALET\u00c9 DE S'ACCUMULER. Garde tes fen\u00eatres plus propres plus longtemps, en emp\u00eachant la poussi\u00e8re et les taches de r\u00e9appara\u00eetre rapidement.  CONVIENT POUR LE NETTOYAGE DES VITRES INT\u00c9RIEURES ET EXT\u00c9RIEURES. Id\u00e9al pour nettoyer efficacement les vitres, les r\u00e9troviseurs et les pare-brise, \u00e0 l'int\u00e9rieur comme \u00e0 l'ext\u00e9rieur de la voiture.  FORMAT DE 500 MILLILITRES.  R\u00e9f\u00e9rence : ECO-107","og_url":"https:\/\/www.ecosolucionesquimicas.es\/fr\/producto\/nettoyant-pour-pare-brise-de-voiture\/","og_site_name":"Ecosoluciones Qu\u00edmicas","article_publisher":"https:\/\/www.facebook.com\/ecosolucionesquimicasmadrid\/","og_image":[{"url":"https:\/\/www.ecosolucionesquimicas.es\/wp-content\/uploads\/2024\/09\/man-white-shirt-wipes-car-car-wash-300x200.jpg","type":"","width":"","height":""}],"twitter_card":"summary_large_image","twitter_misc":{"Prix":"4,83&nbsp;&euro; TVA incluse.","Disponibilit\u00e9":"En stock"},"schema":{"@context":"https:\/\/schema.org","@graph":[{"@type":"WebPage","@id":"https:\/\/www.ecosolucionesquimicas.es\/fr\/producto\/nettoyant-pour-pare-brise-de-voiture\/","url":"https:\/\/www.ecosolucionesquimicas.es\/fr\/producto\/nettoyant-pour-pare-brise-de-voiture\/","name":"Nettoyant pour pare-brise de voiture - Ecosoluciones Qu\u00edmicas","isPartOf":{"@id":"https:\/\/www.ecosolucionesquimicas.es\/fr\/#website"},"primaryImageOfPage":{"@id":"https:\/\/www.ecosolucionesquimicas.es\/fr\/producto\/nettoyant-pour-pare-brise-de-voiture\/#primaryimage"},"image":{"@id":"https:\/\/www.ecosolucionesquimicas.es\/fr\/producto\/nettoyant-pour-pare-brise-de-voiture\/#primaryimage"},"thumbnailUrl":"https:\/\/www.ecosolucionesquimicas.es\/wp-content\/uploads\/2024\/10\/ECO-107-500MLL-scaled.jpg","datePublished":"2024-10-08T10:14:37+00:00","breadcrumb":{"@id":"https:\/\/www.ecosolucionesquimicas.es\/fr\/producto\/nettoyant-pour-pare-brise-de-voiture\/#breadcrumb"},"inLanguage":"fr-FR","potentialAction":[{"@type":"ReadAction","target":["https:\/\/www.ecosolucionesquimicas.es\/fr\/producto\/nettoyant-pour-pare-brise-de-voiture\/"]}]},{"@type":"ImageObject","inLanguage":"fr-FR","@id":"https:\/\/www.ecosolucionesquimicas.es\/fr\/producto\/nettoyant-pour-pare-brise-de-voiture\/#primaryimage","url":"https:\/\/www.ecosolucionesquimicas.es\/wp-content\/uploads\/2024\/10\/ECO-107-500MLL-scaled.jpg","contentUrl":"https:\/\/www.ecosolucionesquimicas.es\/wp-content\/uploads\/2024\/10\/ECO-107-500MLL-scaled.jpg","width":2350,"height":2560},{"@type":"BreadcrumbList","@id":"https:\/\/www.ecosolucionesquimicas.es\/fr\/producto\/nettoyant-pour-pare-brise-de-voiture\/#breadcrumb","itemListElement":[{"@type":"ListItem","position":1,"name":"Portada","item":"https:\/\/www.ecosolucionesquimicas.es\/fr\/home\/"},{"@type":"ListItem","position":2,"name":"Nettoyant pour pare-brise de voiture"}]},{"@type":"WebSite","@id":"https:\/\/www.ecosolucionesquimicas.es\/fr\/#website","url":"https:\/\/www.ecosolucionesquimicas.es\/fr\/","name":"Ecosoluciones Qu\u00edmicas","description":"Achetez en ligne des produits d'entretien et des produits chimiques fabriqu\u00e9s par nos soins.","publisher":{"@id":"https:\/\/www.ecosolucionesquimicas.es\/fr\/#organization"},"alternateName":"EQM","potentialAction":[{"@type":"SearchAction","target":{"@type":"EntryPoint","urlTemplate":"https:\/\/www.ecosolucionesquimicas.es\/fr\/?s={search_term_string}"},"query-input":{"@type":"PropertyValueSpecification","valueRequired":true,"valueName":"search_term_string"}}],"inLanguage":"fr-FR"},{"@type":"Organization","@id":"https:\/\/www.ecosolucionesquimicas.es\/fr\/#organization","name":"Ecosoluciones Qu\u00edmicas","url":"https:\/\/www.ecosolucionesquimicas.es\/fr\/","logo":{"@type":"ImageObject","inLanguage":"fr-FR","@id":"https:\/\/www.ecosolucionesquimicas.es\/fr\/#\/schema\/logo\/image\/","url":"https:\/\/www.ecosolucionesquimicas.es\/wp-content\/uploads\/2024\/08\/LOGO-EQM-NUEVO-.png","contentUrl":"https:\/\/www.ecosolucionesquimicas.es\/wp-content\/uploads\/2024\/08\/LOGO-EQM-NUEVO-.png","width":1060,"height":456,"caption":"Ecosoluciones Qu\u00edmicas"},"image":{"@id":"https:\/\/www.ecosolucionesquimicas.es\/fr\/#\/schema\/logo\/image\/"},"sameAs":["https:\/\/www.facebook.com\/ecosolucionesquimicasmadrid\/","https:\/\/www.instagram.com\/ecosolucionesquimicas\/"],"hasMerchantReturnPolicy":{"@type":"MerchantReturnPolicy","merchantReturnLink":"https:\/\/www.ecosolucionesquimicas.es\/refund_returns\/"}}]},"product_brand":"EQM","product_price_amount":"4.83","product_price_currency":"EUR","og_availability":"instock","product_availability":"instock","product_retailer_item_id":"ECO-107","product_condition":"new"},"_links":{"self":[{"href":"https:\/\/www.ecosolucionesquimicas.es\/fr\/wp-json\/wp\/v2\/product\/12902","targetHints":{"allow":["GET"]}}],"collection":[{"href":"https:\/\/www.ecosolucionesquimicas.es\/fr\/wp-json\/wp\/v2\/product"}],"about":[{"href":"https:\/\/www.ecosolucionesquimicas.es\/fr\/wp-json\/wp\/v2\/types\/product"}],"wp:featuredmedia":[{"embeddable":true,"href":"https:\/\/www.ecosolucionesquimicas.es\/fr\/wp-json\/wp\/v2\/media\/12908"}],"wp:attachment":[{"href":"https:\/\/www.ecosolucionesquimicas.es\/fr\/wp-json\/wp\/v2\/media?parent=12902"}],"wp:term":[{"taxonomy":"product_brand","embeddable":true,"href":"https:\/\/www.ecosolucionesquimicas.es\/fr\/wp-json\/wp\/v2\/product_brand?post=12902"},{"taxonomy":"product_cat","embeddable":true,"href":"https:\/\/www.ecosolucionesquimicas.es\/fr\/wp-json\/wp\/v2\/product_cat?post=12902"},{"taxonomy":"product_tag","embeddable":true,"href":"https:\/\/www.ecosolucionesquimicas.es\/fr\/wp-json\/wp\/v2\/product_tag?post=12902"}],"curies":[{"name":"wp","href":"https:\/\/api.w.org\/{rel}","templated":true}]}}