{"id":12897,"date":"2025-05-02T11:01:17","date_gmt":"2025-05-02T09:01:17","guid":{"rendered":"https:\/\/www.ecosolucionesquimicas.es\/producto\/nettoyeur-de-chaussures\/"},"modified":"2025-12-22T11:40:14","modified_gmt":"2025-12-22T10:40:14","slug":"nettoyeur-de-chaussures","status":"publish","type":"product","link":"https:\/\/www.ecosolucionesquimicas.es\/fr\/producto\/nettoyeur-de-chaussures\/","title":{"rendered":"Nettoyeur de chaussures"},"content":{"rendered":"<p><img fetchpriority=\"high\" decoding=\"async\" class=\"alignnone wp-image-7019\" src=\"https:\/\/www.ecosolucionesquimicas.es\/wp-content\/uploads\/2025\/04\/20250429_1429_Botella-Pulverizadora-EQM_remix_01jt0r8kbket3she3d22qbcdsa-1-246x300.png\" alt=\"\" width=\"550\" height=\"670\" srcset=\"https:\/\/www.ecosolucionesquimicas.es\/wp-content\/uploads\/2025\/04\/20250429_1429_Botella-Pulverizadora-EQM_remix_01jt0r8kbket3she3d22qbcdsa-1-246x300.png 246w, https:\/\/www.ecosolucionesquimicas.es\/wp-content\/uploads\/2025\/04\/20250429_1429_Botella-Pulverizadora-EQM_remix_01jt0r8kbket3she3d22qbcdsa-1-840x1024.png 840w, https:\/\/www.ecosolucionesquimicas.es\/wp-content\/uploads\/2025\/04\/20250429_1429_Botella-Pulverizadora-EQM_remix_01jt0r8kbket3she3d22qbcdsa-1-768x936.png 768w, https:\/\/www.ecosolucionesquimicas.es\/wp-content\/uploads\/2025\/04\/20250429_1429_Botella-Pulverizadora-EQM_remix_01jt0r8kbket3she3d22qbcdsa-1-600x731.png 600w, https:\/\/www.ecosolucionesquimicas.es\/wp-content\/uploads\/2025\/04\/20250429_1429_Botella-Pulverizadora-EQM_remix_01jt0r8kbket3she3d22qbcdsa-1.png 1024w\" sizes=\"(max-width: 550px) 100vw, 550px\" \/><\/p>\n<p><strong>MODE D&rsquo;EMPLOI<\/strong><\/p>\n<p>\ud83d\udd18 <strong data-start=\"137\" data-end=\"152\">Pr\u00e9paration<\/strong>: Agiter avant utilisation.<br data-start=\"175\" data-end=\"178\">\ud83d\udd18 <strong data-start=\"181\" data-end=\"195\">Application<\/strong>: Vaporiser \u00e0 10-15 cm sur les salissures.<br data-start=\"233\" data-end=\"236\">\ud83d\udd18 <strong data-start=\"239\" data-end=\"249\">Action<\/strong>: Laisser agir quelques secondes.<br data-start=\"278\" data-end=\"281\">\ud83d\udd18 <strong data-start=\"284\" data-end=\"296\">Nettoyage<\/strong>: Frotter d\u00e9licatement avec une brosse ou une \u00e9ponge.<br data-start=\"338\" data-end=\"341\">\ud83d\udd18 <strong data-start=\"344\" data-end=\"356\">Rin\u00e7age<\/strong>: Nettoyer avec un chiffon humide ou de l&rsquo;eau.<br data-start=\"389\" data-end=\"392\">\ud83d\udd18 <strong data-start=\"395\" data-end=\"405\">S\u00e9chage<\/strong>: S\u00e9cher \u00e0 l&rsquo;air libre, sans exposition directe au soleil ou \u00e0 la chaleur.<\/p>\n","protected":false},"excerpt":{"rendered":"<p class=\"\" data-start=\"109\" data-end=\"358\"><strong data-start=\"109\" data-end=\"140\">NETTOYAGE EN PROFONDEUR ET S\u00c9CURIT\u00c9 :<\/strong> ECO-221 est sp\u00e9cialement con\u00e7u pour les chaussures de sport, il \u00e9limine efficacement la salet\u00e9, les taches et la graisse sans endommager les mat\u00e9riaux tels que le cuir, la toile ou les mailles. Id\u00e9al pour l&rsquo;entretien quotidien et la pr\u00e9servation de tes baskets pr\u00e9f\u00e9r\u00e9es. <\/p>\n<p class=\"\" data-start=\"360\" data-end=\"535\"><strong data-start=\"360\" data-end=\"384\">FORMULE CONCENTR\u00c9E :<\/strong> mise au point par des experts, sa forte concentration permet un nettoyage en profondeur en quelques pulv\u00e9risations, ce qui redonne \u00e0 la chaussure son aspect d&rsquo;origine.<\/p>\n<p class=\"\" data-start=\"537\" data-end=\"670\"><strong data-start=\"537\" data-end=\"555\">ENTRETIEN TOTAL :<\/strong> Exempt d&rsquo;agents agressifs et toxiques, il est sans danger pour tous les types de chaussures, en respectant les couleurs et les finitions.<\/p>\n<p class=\"\" data-start=\"672\" data-end=\"840\"><strong data-start=\"672\" data-end=\"701\">R\u00c9SULTATS PROFESSIONNELS :<\/strong> Approuv\u00e9 par les collectionneurs et les sp\u00e9cialistes de la chaussure. Tes chaussures auront l&rsquo;air propres, fra\u00eeches et comme neuves d\u00e8s la premi\u00e8re application. <\/p>\n<p data-start=\"672\" data-end=\"840\"><strong> FORMAT DE 500 MILLILITRES. <\/strong> <\/p>\n<p data-start=\"672\" data-end=\"840\"><strong>R\u00e9f\u00e9rence : ECO-221<\/strong><\/p>\n","protected":false},"featured_media":12900,"template":"","meta":[],"product_brand":[225],"product_cat":[413],"product_tag":[656,657],"class_list":{"0":"post-12897","1":"product","2":"type-product","3":"status-publish","4":"has-post-thumbnail","6":"product_brand-eqm","7":"product_cat-limpieza-profesional","8":"product_tag-nettoyeur-de-chaussures","9":"product_tag-nettoyeur-de-pantoufles","11":"first","12":"instock","13":"taxable","14":"shipping-taxable","15":"purchasable","16":"product-type-simple"},"acf":[],"yoast_head":"<!-- This site is optimized with the Yoast SEO Premium plugin v27.1 (Yoast SEO v27.4) - https:\/\/yoast.com\/product\/yoast-seo-premium-wordpress\/ -->\n<title>Nettoyeur de chaussures - Ecosoluciones Qu\u00edmicas<\/title>\n<meta name=\"robots\" content=\"index, follow, max-snippet:-1, max-image-preview:large, max-video-preview:-1\" \/>\n<link rel=\"canonical\" href=\"https:\/\/www.ecosolucionesquimicas.es\/fr\/producto\/nettoyeur-de-chaussures\/\" \/>\n<meta property=\"og:locale\" content=\"fr_FR\" \/>\n<meta property=\"og:type\" content=\"article\" \/>\n<meta property=\"og:title\" content=\"Nettoyeur de chaussures\" \/>\n<meta property=\"og:description\" content=\"NETTOYAGE EN PROFONDEUR ET S\u00c9CURIT\u00c9 : ECO-221 est sp\u00e9cialement con\u00e7u pour les chaussures de sport, il \u00e9limine efficacement la salet\u00e9, les taches et la graisse sans endommager les mat\u00e9riaux tels que le cuir, la toile ou les mailles. Id\u00e9al pour l&#039;entretien quotidien et la pr\u00e9servation de tes baskets pr\u00e9f\u00e9r\u00e9es. FORMULE CONCENTR\u00c9E : mise au point par des experts, sa forte concentration permet un nettoyage en profondeur en quelques pulv\u00e9risations, ce qui redonne \u00e0 la chaussure son aspect d&#039;origine. ENTRETIEN TOTAL : Exempt d&#039;agents agressifs et toxiques, il est sans danger pour tous les types de chaussures, en respectant les couleurs et les finitions. R\u00c9SULTATS PROFESSIONNELS : Approuv\u00e9 par les collectionneurs et les sp\u00e9cialistes de la chaussure. Tes chaussures auront l&#039;air propres, fra\u00eeches et comme neuves d\u00e8s la premi\u00e8re application.  FORMAT DE 500 MILLILITRES.  R\u00e9f\u00e9rence : ECO-221\" \/>\n<meta property=\"og:url\" content=\"https:\/\/www.ecosolucionesquimicas.es\/fr\/producto\/nettoyeur-de-chaussures\/\" \/>\n<meta property=\"og:site_name\" content=\"Ecosoluciones Qu\u00edmicas\" \/>\n<meta property=\"article:publisher\" content=\"https:\/\/www.facebook.com\/ecosolucionesquimicasmadrid\/\" \/>\n<meta property=\"article:modified_time\" content=\"2025-12-22T10:40:14+00:00\" \/>\n<meta property=\"og:image\" content=\"https:\/\/www.ecosolucionesquimicas.es\/wp-content\/uploads\/2025\/04\/ECO-221-500ML-scaled.jpg\" \/>\n\t<meta property=\"og:image:width\" content=\"2350\" \/>\n\t<meta property=\"og:image:height\" content=\"2560\" \/>\n\t<meta property=\"og:image:type\" content=\"image\/jpeg\" \/>\n<meta name=\"twitter:card\" content=\"summary_large_image\" \/>\n<meta name=\"twitter:label1\" content=\"Prix\" \/>\n\t<meta name=\"twitter:data1\" content=\"4,83&nbsp;&euro; TVA incluse.\" \/>\n\t<meta name=\"twitter:label2\" content=\"Disponibilit\u00e9\" \/>\n\t<meta name=\"twitter:data2\" content=\"En stock\" \/>\n<script type=\"application\/ld+json\" class=\"yoast-schema-graph\">{\"@context\":\"https:\\\/\\\/schema.org\",\"@graph\":[{\"@type\":\"WebPage\",\"@id\":\"https:\\\/\\\/www.ecosolucionesquimicas.es\\\/fr\\\/producto\\\/nettoyeur-de-chaussures\\\/\",\"url\":\"https:\\\/\\\/www.ecosolucionesquimicas.es\\\/fr\\\/producto\\\/nettoyeur-de-chaussures\\\/\",\"name\":\"Nettoyeur de chaussures - Ecosoluciones Qu\u00edmicas\",\"isPartOf\":{\"@id\":\"https:\\\/\\\/www.ecosolucionesquimicas.es\\\/fr\\\/#website\"},\"primaryImageOfPage\":{\"@id\":\"https:\\\/\\\/www.ecosolucionesquimicas.es\\\/fr\\\/producto\\\/nettoyeur-de-chaussures\\\/#primaryimage\"},\"image\":{\"@id\":\"https:\\\/\\\/www.ecosolucionesquimicas.es\\\/fr\\\/producto\\\/nettoyeur-de-chaussures\\\/#primaryimage\"},\"thumbnailUrl\":\"https:\\\/\\\/www.ecosolucionesquimicas.es\\\/wp-content\\\/uploads\\\/2025\\\/04\\\/ECO-221-500ML-scaled.jpg\",\"datePublished\":\"2025-05-02T09:01:17+00:00\",\"dateModified\":\"2025-12-22T10:40:14+00:00\",\"breadcrumb\":{\"@id\":\"https:\\\/\\\/www.ecosolucionesquimicas.es\\\/fr\\\/producto\\\/nettoyeur-de-chaussures\\\/#breadcrumb\"},\"inLanguage\":\"fr-FR\",\"potentialAction\":[{\"@type\":\"ReadAction\",\"target\":[\"https:\\\/\\\/www.ecosolucionesquimicas.es\\\/fr\\\/producto\\\/nettoyeur-de-chaussures\\\/\"]}]},{\"@type\":\"ImageObject\",\"inLanguage\":\"fr-FR\",\"@id\":\"https:\\\/\\\/www.ecosolucionesquimicas.es\\\/fr\\\/producto\\\/nettoyeur-de-chaussures\\\/#primaryimage\",\"url\":\"https:\\\/\\\/www.ecosolucionesquimicas.es\\\/wp-content\\\/uploads\\\/2025\\\/04\\\/ECO-221-500ML-scaled.jpg\",\"contentUrl\":\"https:\\\/\\\/www.ecosolucionesquimicas.es\\\/wp-content\\\/uploads\\\/2025\\\/04\\\/ECO-221-500ML-scaled.jpg\",\"width\":2350,\"height\":2560},{\"@type\":\"BreadcrumbList\",\"@id\":\"https:\\\/\\\/www.ecosolucionesquimicas.es\\\/fr\\\/producto\\\/nettoyeur-de-chaussures\\\/#breadcrumb\",\"itemListElement\":[{\"@type\":\"ListItem\",\"position\":1,\"name\":\"Portada\",\"item\":\"https:\\\/\\\/www.ecosolucionesquimicas.es\\\/fr\\\/home\\\/\"},{\"@type\":\"ListItem\",\"position\":2,\"name\":\"Nettoyeur de chaussures\"}]},{\"@type\":\"WebSite\",\"@id\":\"https:\\\/\\\/www.ecosolucionesquimicas.es\\\/fr\\\/#website\",\"url\":\"https:\\\/\\\/www.ecosolucionesquimicas.es\\\/fr\\\/\",\"name\":\"Ecosoluciones Qu\u00edmicas\",\"description\":\"Achetez en ligne des produits d'entretien et des produits chimiques fabriqu\u00e9s par nos soins.\",\"publisher\":{\"@id\":\"https:\\\/\\\/www.ecosolucionesquimicas.es\\\/fr\\\/#organization\"},\"alternateName\":\"EQM\",\"potentialAction\":[{\"@type\":\"SearchAction\",\"target\":{\"@type\":\"EntryPoint\",\"urlTemplate\":\"https:\\\/\\\/www.ecosolucionesquimicas.es\\\/fr\\\/?s={search_term_string}\"},\"query-input\":{\"@type\":\"PropertyValueSpecification\",\"valueRequired\":true,\"valueName\":\"search_term_string\"}}],\"inLanguage\":\"fr-FR\"},{\"@type\":\"Organization\",\"@id\":\"https:\\\/\\\/www.ecosolucionesquimicas.es\\\/fr\\\/#organization\",\"name\":\"Ecosoluciones Qu\u00edmicas\",\"url\":\"https:\\\/\\\/www.ecosolucionesquimicas.es\\\/fr\\\/\",\"logo\":{\"@type\":\"ImageObject\",\"inLanguage\":\"fr-FR\",\"@id\":\"https:\\\/\\\/www.ecosolucionesquimicas.es\\\/fr\\\/#\\\/schema\\\/logo\\\/image\\\/\",\"url\":\"https:\\\/\\\/www.ecosolucionesquimicas.es\\\/wp-content\\\/uploads\\\/2024\\\/08\\\/LOGO-EQM-NUEVO-.png\",\"contentUrl\":\"https:\\\/\\\/www.ecosolucionesquimicas.es\\\/wp-content\\\/uploads\\\/2024\\\/08\\\/LOGO-EQM-NUEVO-.png\",\"width\":1060,\"height\":456,\"caption\":\"Ecosoluciones Qu\u00edmicas\"},\"image\":{\"@id\":\"https:\\\/\\\/www.ecosolucionesquimicas.es\\\/fr\\\/#\\\/schema\\\/logo\\\/image\\\/\"},\"sameAs\":[\"https:\\\/\\\/www.facebook.com\\\/ecosolucionesquimicasmadrid\\\/\",\"https:\\\/\\\/www.instagram.com\\\/ecosolucionesquimicas\\\/\"],\"hasMerchantReturnPolicy\":{\"@type\":\"MerchantReturnPolicy\",\"merchantReturnLink\":\"https:\\\/\\\/www.ecosolucionesquimicas.es\\\/refund_returns\\\/\"}}]}<\/script>\n<meta property=\"product:brand\" content=\"EQM\" \/>\n<meta property=\"product:price:amount\" content=\"4.83\" \/>\n<meta property=\"product:price:currency\" content=\"EUR\" \/>\n<meta property=\"og:availability\" content=\"instock\" \/>\n<meta property=\"product:availability\" content=\"instock\" \/>\n<meta property=\"product:retailer_item_id\" content=\"ECO-221\" \/>\n<meta property=\"product:condition\" content=\"new\" \/>\n<!-- \/ Yoast SEO Premium plugin. -->","yoast_head_json":{"title":"Nettoyeur de chaussures - Ecosoluciones Qu\u00edmicas","robots":{"index":"index","follow":"follow","max-snippet":"max-snippet:-1","max-image-preview":"max-image-preview:large","max-video-preview":"max-video-preview:-1"},"canonical":"https:\/\/www.ecosolucionesquimicas.es\/fr\/producto\/nettoyeur-de-chaussures\/","og_locale":"fr_FR","og_type":"article","og_title":"Nettoyeur de chaussures","og_description":"NETTOYAGE EN PROFONDEUR ET S\u00c9CURIT\u00c9 : ECO-221 est sp\u00e9cialement con\u00e7u pour les chaussures de sport, il \u00e9limine efficacement la salet\u00e9, les taches et la graisse sans endommager les mat\u00e9riaux tels que le cuir, la toile ou les mailles. Id\u00e9al pour l'entretien quotidien et la pr\u00e9servation de tes baskets pr\u00e9f\u00e9r\u00e9es. FORMULE CONCENTR\u00c9E : mise au point par des experts, sa forte concentration permet un nettoyage en profondeur en quelques pulv\u00e9risations, ce qui redonne \u00e0 la chaussure son aspect d'origine. ENTRETIEN TOTAL : Exempt d'agents agressifs et toxiques, il est sans danger pour tous les types de chaussures, en respectant les couleurs et les finitions. R\u00c9SULTATS PROFESSIONNELS : Approuv\u00e9 par les collectionneurs et les sp\u00e9cialistes de la chaussure. Tes chaussures auront l'air propres, fra\u00eeches et comme neuves d\u00e8s la premi\u00e8re application.  FORMAT DE 500 MILLILITRES.  R\u00e9f\u00e9rence : ECO-221","og_url":"https:\/\/www.ecosolucionesquimicas.es\/fr\/producto\/nettoyeur-de-chaussures\/","og_site_name":"Ecosoluciones Qu\u00edmicas","article_publisher":"https:\/\/www.facebook.com\/ecosolucionesquimicasmadrid\/","article_modified_time":"2025-12-22T10:40:14+00:00","og_image":[{"width":2350,"height":2560,"url":"https:\/\/www.ecosolucionesquimicas.es\/wp-content\/uploads\/2025\/04\/ECO-221-500ML-scaled.jpg","type":"image\/jpeg"}],"twitter_card":"summary_large_image","twitter_misc":{"Prix":"4,83&nbsp;&euro; TVA incluse.","Disponibilit\u00e9":"En stock"},"schema":{"@context":"https:\/\/schema.org","@graph":[{"@type":"WebPage","@id":"https:\/\/www.ecosolucionesquimicas.es\/fr\/producto\/nettoyeur-de-chaussures\/","url":"https:\/\/www.ecosolucionesquimicas.es\/fr\/producto\/nettoyeur-de-chaussures\/","name":"Nettoyeur de chaussures - Ecosoluciones Qu\u00edmicas","isPartOf":{"@id":"https:\/\/www.ecosolucionesquimicas.es\/fr\/#website"},"primaryImageOfPage":{"@id":"https:\/\/www.ecosolucionesquimicas.es\/fr\/producto\/nettoyeur-de-chaussures\/#primaryimage"},"image":{"@id":"https:\/\/www.ecosolucionesquimicas.es\/fr\/producto\/nettoyeur-de-chaussures\/#primaryimage"},"thumbnailUrl":"https:\/\/www.ecosolucionesquimicas.es\/wp-content\/uploads\/2025\/04\/ECO-221-500ML-scaled.jpg","datePublished":"2025-05-02T09:01:17+00:00","dateModified":"2025-12-22T10:40:14+00:00","breadcrumb":{"@id":"https:\/\/www.ecosolucionesquimicas.es\/fr\/producto\/nettoyeur-de-chaussures\/#breadcrumb"},"inLanguage":"fr-FR","potentialAction":[{"@type":"ReadAction","target":["https:\/\/www.ecosolucionesquimicas.es\/fr\/producto\/nettoyeur-de-chaussures\/"]}]},{"@type":"ImageObject","inLanguage":"fr-FR","@id":"https:\/\/www.ecosolucionesquimicas.es\/fr\/producto\/nettoyeur-de-chaussures\/#primaryimage","url":"https:\/\/www.ecosolucionesquimicas.es\/wp-content\/uploads\/2025\/04\/ECO-221-500ML-scaled.jpg","contentUrl":"https:\/\/www.ecosolucionesquimicas.es\/wp-content\/uploads\/2025\/04\/ECO-221-500ML-scaled.jpg","width":2350,"height":2560},{"@type":"BreadcrumbList","@id":"https:\/\/www.ecosolucionesquimicas.es\/fr\/producto\/nettoyeur-de-chaussures\/#breadcrumb","itemListElement":[{"@type":"ListItem","position":1,"name":"Portada","item":"https:\/\/www.ecosolucionesquimicas.es\/fr\/home\/"},{"@type":"ListItem","position":2,"name":"Nettoyeur de chaussures"}]},{"@type":"WebSite","@id":"https:\/\/www.ecosolucionesquimicas.es\/fr\/#website","url":"https:\/\/www.ecosolucionesquimicas.es\/fr\/","name":"Ecosoluciones Qu\u00edmicas","description":"Achetez en ligne des produits d'entretien et des produits chimiques fabriqu\u00e9s par nos soins.","publisher":{"@id":"https:\/\/www.ecosolucionesquimicas.es\/fr\/#organization"},"alternateName":"EQM","potentialAction":[{"@type":"SearchAction","target":{"@type":"EntryPoint","urlTemplate":"https:\/\/www.ecosolucionesquimicas.es\/fr\/?s={search_term_string}"},"query-input":{"@type":"PropertyValueSpecification","valueRequired":true,"valueName":"search_term_string"}}],"inLanguage":"fr-FR"},{"@type":"Organization","@id":"https:\/\/www.ecosolucionesquimicas.es\/fr\/#organization","name":"Ecosoluciones Qu\u00edmicas","url":"https:\/\/www.ecosolucionesquimicas.es\/fr\/","logo":{"@type":"ImageObject","inLanguage":"fr-FR","@id":"https:\/\/www.ecosolucionesquimicas.es\/fr\/#\/schema\/logo\/image\/","url":"https:\/\/www.ecosolucionesquimicas.es\/wp-content\/uploads\/2024\/08\/LOGO-EQM-NUEVO-.png","contentUrl":"https:\/\/www.ecosolucionesquimicas.es\/wp-content\/uploads\/2024\/08\/LOGO-EQM-NUEVO-.png","width":1060,"height":456,"caption":"Ecosoluciones Qu\u00edmicas"},"image":{"@id":"https:\/\/www.ecosolucionesquimicas.es\/fr\/#\/schema\/logo\/image\/"},"sameAs":["https:\/\/www.facebook.com\/ecosolucionesquimicasmadrid\/","https:\/\/www.instagram.com\/ecosolucionesquimicas\/"],"hasMerchantReturnPolicy":{"@type":"MerchantReturnPolicy","merchantReturnLink":"https:\/\/www.ecosolucionesquimicas.es\/refund_returns\/"}}]},"product_brand":"EQM","product_price_amount":"4.83","product_price_currency":"EUR","og_availability":"instock","product_availability":"instock","product_retailer_item_id":"ECO-221","product_condition":"new"},"_links":{"self":[{"href":"https:\/\/www.ecosolucionesquimicas.es\/fr\/wp-json\/wp\/v2\/product\/12897","targetHints":{"allow":["GET"]}}],"collection":[{"href":"https:\/\/www.ecosolucionesquimicas.es\/fr\/wp-json\/wp\/v2\/product"}],"about":[{"href":"https:\/\/www.ecosolucionesquimicas.es\/fr\/wp-json\/wp\/v2\/types\/product"}],"wp:featuredmedia":[{"embeddable":true,"href":"https:\/\/www.ecosolucionesquimicas.es\/fr\/wp-json\/wp\/v2\/media\/12900"}],"wp:attachment":[{"href":"https:\/\/www.ecosolucionesquimicas.es\/fr\/wp-json\/wp\/v2\/media?parent=12897"}],"wp:term":[{"taxonomy":"product_brand","embeddable":true,"href":"https:\/\/www.ecosolucionesquimicas.es\/fr\/wp-json\/wp\/v2\/product_brand?post=12897"},{"taxonomy":"product_cat","embeddable":true,"href":"https:\/\/www.ecosolucionesquimicas.es\/fr\/wp-json\/wp\/v2\/product_cat?post=12897"},{"taxonomy":"product_tag","embeddable":true,"href":"https:\/\/www.ecosolucionesquimicas.es\/fr\/wp-json\/wp\/v2\/product_tag?post=12897"}],"curies":[{"name":"wp","href":"https:\/\/api.w.org\/{rel}","templated":true}]}}