{"id":12882,"date":"2024-10-16T08:14:00","date_gmt":"2024-10-16T06:14:00","guid":{"rendered":"https:\/\/www.ecosolucionesquimicas.es\/producto\/pack-glycerine-vegetale-propylene-glycol\/"},"modified":"2026-01-20T09:45:22","modified_gmt":"2026-01-20T08:45:22","slug":"pack-glycerine-vegetale-propylene-glycol","status":"publish","type":"product","link":"https:\/\/www.ecosolucionesquimicas.es\/fr\/producto\/pack-glycerine-vegetale-propylene-glycol\/","title":{"rendered":"Pack Glyc\u00e9rine v\u00e9g\u00e9tale &#8211; Propyl\u00e8ne Glycol"},"content":{"rendered":"<p><img fetchpriority=\"high\" decoding=\"async\" class=\"alignnone wp-image-4575\" src=\"https:\/\/www.ecosolucionesquimicas.es\/wp-content\/uploads\/2024\/10\/73d98280-7e6a-466b-b44b-5c4d39743403._SL5000_CR035850002616_-300x157.jpg\" alt=\"\" width=\"550\" height=\"288\" srcset=\"https:\/\/www.ecosolucionesquimicas.es\/wp-content\/uploads\/2024\/10\/73d98280-7e6a-466b-b44b-5c4d39743403._SL5000_CR035850002616_-300x157.jpg 300w, https:\/\/www.ecosolucionesquimicas.es\/wp-content\/uploads\/2024\/10\/73d98280-7e6a-466b-b44b-5c4d39743403._SL5000_CR035850002616_-1024x536.jpg 1024w, https:\/\/www.ecosolucionesquimicas.es\/wp-content\/uploads\/2024\/10\/73d98280-7e6a-466b-b44b-5c4d39743403._SL5000_CR035850002616_-768x402.jpg 768w, https:\/\/www.ecosolucionesquimicas.es\/wp-content\/uploads\/2024\/10\/73d98280-7e6a-466b-b44b-5c4d39743403._SL5000_CR035850002616_-1536x804.jpg 1536w, https:\/\/www.ecosolucionesquimicas.es\/wp-content\/uploads\/2024\/10\/73d98280-7e6a-466b-b44b-5c4d39743403._SL5000_CR035850002616_-2048x1072.jpg 2048w, https:\/\/www.ecosolucionesquimicas.es\/wp-content\/uploads\/2024\/10\/73d98280-7e6a-466b-b44b-5c4d39743403._SL5000_CR035850002616_-600x314.jpg 600w\" sizes=\"(max-width: 550px) 100vw, 550px\" \/><\/p>\n<p><strong>APPLICATIONS<\/strong><\/p>\n<p> Glyc\u00e9rine<strong>v\u00e9g\u00e9tale :<\/strong><br \/>\n\u2714 <strong>Cosm\u00e9tique :<\/strong> Hydrate la peau et les cheveux dans les cr\u00e8mes et les lotions.<br \/>\n\u2714<strong> Alimentaire :<\/strong> \u00c9dulcorant et humectant pour maintenir la fra\u00eecheur.<\/p>\n<p><strong>Propyl\u00e8ne glycol :<\/strong><br \/>\n\u2714 <strong>Alimentation :<\/strong> Conservateur et stabilisateur dans les aliments transform\u00e9s.<br \/>\n\u2714<strong> Vape :<\/strong> Am\u00e9liore le go\u00fbt et la sensation dans les liquides de vape.<\/p>\n","protected":false},"excerpt":{"rendered":"<p><span class=\"a-list-item\"><strong> LE PROLIPROPYL\u00c8NE GLYCOL 99,8 %.<\/strong> Il est utilis\u00e9 comme humectant et poss\u00e8de un fort pouvoir hydratant. Le propyl\u00e8ne glycol est une substance extr\u00eamement polyvalente, utilis\u00e9e dans un grand nombre d&rsquo;applications, en plus d&rsquo;\u00eatre \u00e9cologique et biod\u00e9gradable. <\/span><\/p>\n<p><span class=\"a-list-item\"><strong> GLYC\u00c9RINE V\u00c9G\u00c9TALE 99,5 %.<\/strong> Provenant d&rsquo;huiles v\u00e9g\u00e9tales telles que l&rsquo;huile de noix de coco et l&rsquo;huile de soja. La glyc\u00e9rine v\u00e9g\u00e9tale absorbe l&rsquo;humidit\u00e9 de l&rsquo;air, ce qui permet \u00e0 la peau et aux cheveux de rester nourris et d&rsquo;am\u00e9liorer leur apparence et leur brillance. Id\u00e9al pour les peaux sensibles gr\u00e2ce \u00e0 ses propri\u00e9t\u00e9s hypoallerg\u00e9niques.  <\/span><\/p>\n<p><span class=\"a-list-item\">\u2705 L <strong>&lsquo;ENTRETIEN DU CAOUTCHOUC ET DU PLASTIQUE.<\/strong> La glyc\u00e9rine est un composant tr\u00e8s appr\u00e9ci\u00e9 pour l&rsquo;entretien du caoutchouc et du plastique, notamment dans les automobiles, en raison de ses propri\u00e9t\u00e9s hydratantes et protectrices.<\/span><\/p>\n<p><span class=\"a-list-item\">\u2705 <strong>PACK DE GLYC\u00c9RINE ET DE PROPYL\u00c8NE GLYCOL.<\/strong> Il offre une solution polyvalente pour une vari\u00e9t\u00e9 d&rsquo;applications, des cosm\u00e9tiques aux produits de nettoyage. Ces deux ingr\u00e9dients, d&rsquo;une grande puret\u00e9, agissent comme humectants et solvants, am\u00e9liorant ainsi la qualit\u00e9 et l&rsquo;efficacit\u00e9 de tes formulations. <\/span><\/p>\n<p><strong>2 x 500 MILLILITRES FORMAT.<\/strong><\/p>\n<p><strong>\u26ab<\/strong><strong> N\u00b0 de r\u00e9f. : ECO-905<\/strong><\/p>\n","protected":false},"featured_media":12887,"template":"","meta":[],"product_brand":[225],"product_cat":[479],"product_tag":[535,480],"class_list":{"0":"post-12882","1":"product","2":"type-product","3":"status-publish","4":"has-post-thumbnail","6":"product_brand-eqm","7":"product_cat-cuidado-personal","8":"product_tag-glicerina","9":"product_tag-propilenglicol","11":"first","12":"instock","13":"sale","14":"taxable","15":"shipping-taxable","16":"purchasable","17":"product-type-simple"},"acf":[],"yoast_head":"<!-- This site is optimized with the Yoast SEO Premium plugin v27.1 (Yoast SEO v27.4) - https:\/\/yoast.com\/product\/yoast-seo-premium-wordpress\/ -->\n<title>Pack Glyc\u00e9rine v\u00e9g\u00e9tale - Propyl\u00e8ne Glycol - Ecosoluciones Qu\u00edmicas<\/title>\n<meta name=\"robots\" content=\"index, follow, max-snippet:-1, max-image-preview:large, max-video-preview:-1\" \/>\n<link rel=\"canonical\" href=\"https:\/\/www.ecosolucionesquimicas.es\/fr\/producto\/pack-glycerine-vegetale-propylene-glycol\/\" \/>\n<meta property=\"og:locale\" content=\"fr_FR\" \/>\n<meta property=\"og:type\" content=\"article\" \/>\n<meta property=\"og:title\" content=\"Pack Glyc\u00e9rine v\u00e9g\u00e9tale - Propyl\u00e8ne Glycol\" \/>\n<meta property=\"og:description\" content=\"LE PROLIPROPYL\u00c8NE GLYCOL 99,8 %. Il est utilis\u00e9 comme humectant et poss\u00e8de un fort pouvoir hydratant. Le propyl\u00e8ne glycol est une substance extr\u00eamement polyvalente, utilis\u00e9e dans un grand nombre d&#039;applications, en plus d&#039;\u00eatre \u00e9cologique et biod\u00e9gradable.  GLYC\u00c9RINE V\u00c9G\u00c9TALE 99,5 %. Provenant d&#039;huiles v\u00e9g\u00e9tales telles que l&#039;huile de noix de coco et l&#039;huile de soja. La glyc\u00e9rine v\u00e9g\u00e9tale absorbe l&#039;humidit\u00e9 de l&#039;air, ce qui permet \u00e0 la peau et aux cheveux de rester nourris et d&#039;am\u00e9liorer leur apparence et leur brillance. Id\u00e9al pour les peaux sensibles gr\u00e2ce \u00e0 ses propri\u00e9t\u00e9s hypoallerg\u00e9niques.  \u2705 L &#039;ENTRETIEN DU CAOUTCHOUC ET DU PLASTIQUE. La glyc\u00e9rine est un composant tr\u00e8s appr\u00e9ci\u00e9 pour l&#039;entretien du caoutchouc et du plastique, notamment dans les automobiles, en raison de ses propri\u00e9t\u00e9s hydratantes et protectrices. \u2705 PACK DE GLYC\u00c9RINE ET DE PROPYL\u00c8NE GLYCOL. Il offre une solution polyvalente pour une vari\u00e9t\u00e9 d&#039;applications, des cosm\u00e9tiques aux produits de nettoyage. Ces deux ingr\u00e9dients, d&#039;une grande puret\u00e9, agissent comme humectants et solvants, am\u00e9liorant ainsi la qualit\u00e9 et l&#039;efficacit\u00e9 de tes formulations.  2 x 500 MILLILITRES FORMAT. \u26ab N\u00b0 de r\u00e9f. : ECO-905\" \/>\n<meta property=\"og:url\" content=\"https:\/\/www.ecosolucionesquimicas.es\/fr\/producto\/pack-glycerine-vegetale-propylene-glycol\/\" \/>\n<meta property=\"og:site_name\" content=\"Ecosoluciones Qu\u00edmicas\" \/>\n<meta property=\"article:publisher\" content=\"https:\/\/www.facebook.com\/ecosolucionesquimicasmadrid\/\" \/>\n<meta property=\"article:modified_time\" content=\"2026-01-20T08:45:22+00:00\" \/>\n<meta property=\"og:image\" content=\"https:\/\/www.ecosolucionesquimicas.es\/wp-content\/uploads\/2024\/10\/73d98280-7e6a-466b-b44b-5c4d39743403._SL5000_CR035850002616_-300x157.jpg\" \/>\n<meta name=\"twitter:card\" content=\"summary_large_image\" \/>\n<meta name=\"twitter:label1\" content=\"Prix\" \/>\n\t<meta name=\"twitter:data1\" content=\"9,67&nbsp;&euro; TVA incluse.\" \/>\n\t<meta name=\"twitter:label2\" content=\"Disponibilit\u00e9\" \/>\n\t<meta name=\"twitter:data2\" content=\"En stock\" \/>\n<script type=\"application\/ld+json\" class=\"yoast-schema-graph\">{\"@context\":\"https:\\\/\\\/schema.org\",\"@graph\":[{\"@type\":\"WebPage\",\"@id\":\"https:\\\/\\\/www.ecosolucionesquimicas.es\\\/fr\\\/producto\\\/pack-glycerine-vegetale-propylene-glycol\\\/\",\"url\":\"https:\\\/\\\/www.ecosolucionesquimicas.es\\\/fr\\\/producto\\\/pack-glycerine-vegetale-propylene-glycol\\\/\",\"name\":\"Pack Glyc\u00e9rine v\u00e9g\u00e9tale - Propyl\u00e8ne Glycol - Ecosoluciones Qu\u00edmicas\",\"isPartOf\":{\"@id\":\"https:\\\/\\\/www.ecosolucionesquimicas.es\\\/fr\\\/#website\"},\"primaryImageOfPage\":{\"@id\":\"https:\\\/\\\/www.ecosolucionesquimicas.es\\\/fr\\\/producto\\\/pack-glycerine-vegetale-propylene-glycol\\\/#primaryimage\"},\"image\":{\"@id\":\"https:\\\/\\\/www.ecosolucionesquimicas.es\\\/fr\\\/producto\\\/pack-glycerine-vegetale-propylene-glycol\\\/#primaryimage\"},\"thumbnailUrl\":\"https:\\\/\\\/www.ecosolucionesquimicas.es\\\/wp-content\\\/uploads\\\/2024\\\/10\\\/ECO-905-PACK-scaled.jpg\",\"datePublished\":\"2024-10-16T06:14:00+00:00\",\"dateModified\":\"2026-01-20T08:45:22+00:00\",\"breadcrumb\":{\"@id\":\"https:\\\/\\\/www.ecosolucionesquimicas.es\\\/fr\\\/producto\\\/pack-glycerine-vegetale-propylene-glycol\\\/#breadcrumb\"},\"inLanguage\":\"fr-FR\",\"potentialAction\":[{\"@type\":\"ReadAction\",\"target\":[\"https:\\\/\\\/www.ecosolucionesquimicas.es\\\/fr\\\/producto\\\/pack-glycerine-vegetale-propylene-glycol\\\/\"]}]},{\"@type\":\"ImageObject\",\"inLanguage\":\"fr-FR\",\"@id\":\"https:\\\/\\\/www.ecosolucionesquimicas.es\\\/fr\\\/producto\\\/pack-glycerine-vegetale-propylene-glycol\\\/#primaryimage\",\"url\":\"https:\\\/\\\/www.ecosolucionesquimicas.es\\\/wp-content\\\/uploads\\\/2024\\\/10\\\/ECO-905-PACK-scaled.jpg\",\"contentUrl\":\"https:\\\/\\\/www.ecosolucionesquimicas.es\\\/wp-content\\\/uploads\\\/2024\\\/10\\\/ECO-905-PACK-scaled.jpg\",\"width\":2350,\"height\":2560},{\"@type\":\"BreadcrumbList\",\"@id\":\"https:\\\/\\\/www.ecosolucionesquimicas.es\\\/fr\\\/producto\\\/pack-glycerine-vegetale-propylene-glycol\\\/#breadcrumb\",\"itemListElement\":[{\"@type\":\"ListItem\",\"position\":1,\"name\":\"Portada\",\"item\":\"https:\\\/\\\/www.ecosolucionesquimicas.es\\\/fr\\\/home\\\/\"},{\"@type\":\"ListItem\",\"position\":2,\"name\":\"Pack Glyc\u00e9rine v\u00e9g\u00e9tale &#8211; Propyl\u00e8ne Glycol\"}]},{\"@type\":\"WebSite\",\"@id\":\"https:\\\/\\\/www.ecosolucionesquimicas.es\\\/fr\\\/#website\",\"url\":\"https:\\\/\\\/www.ecosolucionesquimicas.es\\\/fr\\\/\",\"name\":\"Ecosoluciones Qu\u00edmicas\",\"description\":\"Achetez en ligne des produits d'entretien et des produits chimiques fabriqu\u00e9s par nos soins.\",\"publisher\":{\"@id\":\"https:\\\/\\\/www.ecosolucionesquimicas.es\\\/fr\\\/#organization\"},\"alternateName\":\"EQM\",\"potentialAction\":[{\"@type\":\"SearchAction\",\"target\":{\"@type\":\"EntryPoint\",\"urlTemplate\":\"https:\\\/\\\/www.ecosolucionesquimicas.es\\\/fr\\\/?s={search_term_string}\"},\"query-input\":{\"@type\":\"PropertyValueSpecification\",\"valueRequired\":true,\"valueName\":\"search_term_string\"}}],\"inLanguage\":\"fr-FR\"},{\"@type\":\"Organization\",\"@id\":\"https:\\\/\\\/www.ecosolucionesquimicas.es\\\/fr\\\/#organization\",\"name\":\"Ecosoluciones Qu\u00edmicas\",\"url\":\"https:\\\/\\\/www.ecosolucionesquimicas.es\\\/fr\\\/\",\"logo\":{\"@type\":\"ImageObject\",\"inLanguage\":\"fr-FR\",\"@id\":\"https:\\\/\\\/www.ecosolucionesquimicas.es\\\/fr\\\/#\\\/schema\\\/logo\\\/image\\\/\",\"url\":\"https:\\\/\\\/www.ecosolucionesquimicas.es\\\/wp-content\\\/uploads\\\/2024\\\/08\\\/LOGO-EQM-NUEVO-.png\",\"contentUrl\":\"https:\\\/\\\/www.ecosolucionesquimicas.es\\\/wp-content\\\/uploads\\\/2024\\\/08\\\/LOGO-EQM-NUEVO-.png\",\"width\":1060,\"height\":456,\"caption\":\"Ecosoluciones Qu\u00edmicas\"},\"image\":{\"@id\":\"https:\\\/\\\/www.ecosolucionesquimicas.es\\\/fr\\\/#\\\/schema\\\/logo\\\/image\\\/\"},\"sameAs\":[\"https:\\\/\\\/www.facebook.com\\\/ecosolucionesquimicasmadrid\\\/\",\"https:\\\/\\\/www.instagram.com\\\/ecosolucionesquimicas\\\/\"],\"hasMerchantReturnPolicy\":{\"@type\":\"MerchantReturnPolicy\",\"merchantReturnLink\":\"https:\\\/\\\/www.ecosolucionesquimicas.es\\\/refund_returns\\\/\"}}]}<\/script>\n<meta property=\"product:brand\" content=\"EQM\" \/>\n<meta property=\"product:price:amount\" content=\"9.67\" \/>\n<meta property=\"product:price:currency\" content=\"EUR\" \/>\n<meta property=\"og:availability\" content=\"instock\" \/>\n<meta property=\"product:availability\" content=\"instock\" \/>\n<meta property=\"product:retailer_item_id\" content=\"ECO-905\" \/>\n<meta property=\"product:condition\" content=\"new\" \/>\n<!-- \/ Yoast SEO Premium plugin. -->","yoast_head_json":{"title":"Pack Glyc\u00e9rine v\u00e9g\u00e9tale - Propyl\u00e8ne Glycol - Ecosoluciones Qu\u00edmicas","robots":{"index":"index","follow":"follow","max-snippet":"max-snippet:-1","max-image-preview":"max-image-preview:large","max-video-preview":"max-video-preview:-1"},"canonical":"https:\/\/www.ecosolucionesquimicas.es\/fr\/producto\/pack-glycerine-vegetale-propylene-glycol\/","og_locale":"fr_FR","og_type":"article","og_title":"Pack Glyc\u00e9rine v\u00e9g\u00e9tale - Propyl\u00e8ne Glycol","og_description":"LE PROLIPROPYL\u00c8NE GLYCOL 99,8 %. Il est utilis\u00e9 comme humectant et poss\u00e8de un fort pouvoir hydratant. Le propyl\u00e8ne glycol est une substance extr\u00eamement polyvalente, utilis\u00e9e dans un grand nombre d'applications, en plus d'\u00eatre \u00e9cologique et biod\u00e9gradable.  GLYC\u00c9RINE V\u00c9G\u00c9TALE 99,5 %. Provenant d'huiles v\u00e9g\u00e9tales telles que l'huile de noix de coco et l'huile de soja. La glyc\u00e9rine v\u00e9g\u00e9tale absorbe l'humidit\u00e9 de l'air, ce qui permet \u00e0 la peau et aux cheveux de rester nourris et d'am\u00e9liorer leur apparence et leur brillance. Id\u00e9al pour les peaux sensibles gr\u00e2ce \u00e0 ses propri\u00e9t\u00e9s hypoallerg\u00e9niques.  \u2705 L 'ENTRETIEN DU CAOUTCHOUC ET DU PLASTIQUE. La glyc\u00e9rine est un composant tr\u00e8s appr\u00e9ci\u00e9 pour l'entretien du caoutchouc et du plastique, notamment dans les automobiles, en raison de ses propri\u00e9t\u00e9s hydratantes et protectrices. \u2705 PACK DE GLYC\u00c9RINE ET DE PROPYL\u00c8NE GLYCOL. Il offre une solution polyvalente pour une vari\u00e9t\u00e9 d'applications, des cosm\u00e9tiques aux produits de nettoyage. Ces deux ingr\u00e9dients, d'une grande puret\u00e9, agissent comme humectants et solvants, am\u00e9liorant ainsi la qualit\u00e9 et l'efficacit\u00e9 de tes formulations.  2 x 500 MILLILITRES FORMAT. \u26ab N\u00b0 de r\u00e9f. : ECO-905","og_url":"https:\/\/www.ecosolucionesquimicas.es\/fr\/producto\/pack-glycerine-vegetale-propylene-glycol\/","og_site_name":"Ecosoluciones Qu\u00edmicas","article_publisher":"https:\/\/www.facebook.com\/ecosolucionesquimicasmadrid\/","article_modified_time":"2026-01-20T08:45:22+00:00","og_image":[{"url":"https:\/\/www.ecosolucionesquimicas.es\/wp-content\/uploads\/2024\/10\/73d98280-7e6a-466b-b44b-5c4d39743403._SL5000_CR035850002616_-300x157.jpg","type":"","width":"","height":""}],"twitter_card":"summary_large_image","twitter_misc":{"Prix":"9,67&nbsp;&euro; TVA incluse.","Disponibilit\u00e9":"En stock"},"schema":{"@context":"https:\/\/schema.org","@graph":[{"@type":"WebPage","@id":"https:\/\/www.ecosolucionesquimicas.es\/fr\/producto\/pack-glycerine-vegetale-propylene-glycol\/","url":"https:\/\/www.ecosolucionesquimicas.es\/fr\/producto\/pack-glycerine-vegetale-propylene-glycol\/","name":"Pack Glyc\u00e9rine v\u00e9g\u00e9tale - Propyl\u00e8ne Glycol - Ecosoluciones Qu\u00edmicas","isPartOf":{"@id":"https:\/\/www.ecosolucionesquimicas.es\/fr\/#website"},"primaryImageOfPage":{"@id":"https:\/\/www.ecosolucionesquimicas.es\/fr\/producto\/pack-glycerine-vegetale-propylene-glycol\/#primaryimage"},"image":{"@id":"https:\/\/www.ecosolucionesquimicas.es\/fr\/producto\/pack-glycerine-vegetale-propylene-glycol\/#primaryimage"},"thumbnailUrl":"https:\/\/www.ecosolucionesquimicas.es\/wp-content\/uploads\/2024\/10\/ECO-905-PACK-scaled.jpg","datePublished":"2024-10-16T06:14:00+00:00","dateModified":"2026-01-20T08:45:22+00:00","breadcrumb":{"@id":"https:\/\/www.ecosolucionesquimicas.es\/fr\/producto\/pack-glycerine-vegetale-propylene-glycol\/#breadcrumb"},"inLanguage":"fr-FR","potentialAction":[{"@type":"ReadAction","target":["https:\/\/www.ecosolucionesquimicas.es\/fr\/producto\/pack-glycerine-vegetale-propylene-glycol\/"]}]},{"@type":"ImageObject","inLanguage":"fr-FR","@id":"https:\/\/www.ecosolucionesquimicas.es\/fr\/producto\/pack-glycerine-vegetale-propylene-glycol\/#primaryimage","url":"https:\/\/www.ecosolucionesquimicas.es\/wp-content\/uploads\/2024\/10\/ECO-905-PACK-scaled.jpg","contentUrl":"https:\/\/www.ecosolucionesquimicas.es\/wp-content\/uploads\/2024\/10\/ECO-905-PACK-scaled.jpg","width":2350,"height":2560},{"@type":"BreadcrumbList","@id":"https:\/\/www.ecosolucionesquimicas.es\/fr\/producto\/pack-glycerine-vegetale-propylene-glycol\/#breadcrumb","itemListElement":[{"@type":"ListItem","position":1,"name":"Portada","item":"https:\/\/www.ecosolucionesquimicas.es\/fr\/home\/"},{"@type":"ListItem","position":2,"name":"Pack Glyc\u00e9rine v\u00e9g\u00e9tale &#8211; Propyl\u00e8ne Glycol"}]},{"@type":"WebSite","@id":"https:\/\/www.ecosolucionesquimicas.es\/fr\/#website","url":"https:\/\/www.ecosolucionesquimicas.es\/fr\/","name":"Ecosoluciones Qu\u00edmicas","description":"Achetez en ligne des produits d'entretien et des produits chimiques fabriqu\u00e9s par nos soins.","publisher":{"@id":"https:\/\/www.ecosolucionesquimicas.es\/fr\/#organization"},"alternateName":"EQM","potentialAction":[{"@type":"SearchAction","target":{"@type":"EntryPoint","urlTemplate":"https:\/\/www.ecosolucionesquimicas.es\/fr\/?s={search_term_string}"},"query-input":{"@type":"PropertyValueSpecification","valueRequired":true,"valueName":"search_term_string"}}],"inLanguage":"fr-FR"},{"@type":"Organization","@id":"https:\/\/www.ecosolucionesquimicas.es\/fr\/#organization","name":"Ecosoluciones Qu\u00edmicas","url":"https:\/\/www.ecosolucionesquimicas.es\/fr\/","logo":{"@type":"ImageObject","inLanguage":"fr-FR","@id":"https:\/\/www.ecosolucionesquimicas.es\/fr\/#\/schema\/logo\/image\/","url":"https:\/\/www.ecosolucionesquimicas.es\/wp-content\/uploads\/2024\/08\/LOGO-EQM-NUEVO-.png","contentUrl":"https:\/\/www.ecosolucionesquimicas.es\/wp-content\/uploads\/2024\/08\/LOGO-EQM-NUEVO-.png","width":1060,"height":456,"caption":"Ecosoluciones Qu\u00edmicas"},"image":{"@id":"https:\/\/www.ecosolucionesquimicas.es\/fr\/#\/schema\/logo\/image\/"},"sameAs":["https:\/\/www.facebook.com\/ecosolucionesquimicasmadrid\/","https:\/\/www.instagram.com\/ecosolucionesquimicas\/"],"hasMerchantReturnPolicy":{"@type":"MerchantReturnPolicy","merchantReturnLink":"https:\/\/www.ecosolucionesquimicas.es\/refund_returns\/"}}]},"product_brand":"EQM","product_price_amount":"9.67","product_price_currency":"EUR","og_availability":"instock","product_availability":"instock","product_retailer_item_id":"ECO-905","product_condition":"new"},"_links":{"self":[{"href":"https:\/\/www.ecosolucionesquimicas.es\/fr\/wp-json\/wp\/v2\/product\/12882","targetHints":{"allow":["GET"]}}],"collection":[{"href":"https:\/\/www.ecosolucionesquimicas.es\/fr\/wp-json\/wp\/v2\/product"}],"about":[{"href":"https:\/\/www.ecosolucionesquimicas.es\/fr\/wp-json\/wp\/v2\/types\/product"}],"wp:featuredmedia":[{"embeddable":true,"href":"https:\/\/www.ecosolucionesquimicas.es\/fr\/wp-json\/wp\/v2\/media\/12887"}],"wp:attachment":[{"href":"https:\/\/www.ecosolucionesquimicas.es\/fr\/wp-json\/wp\/v2\/media?parent=12882"}],"wp:term":[{"taxonomy":"product_brand","embeddable":true,"href":"https:\/\/www.ecosolucionesquimicas.es\/fr\/wp-json\/wp\/v2\/product_brand?post=12882"},{"taxonomy":"product_cat","embeddable":true,"href":"https:\/\/www.ecosolucionesquimicas.es\/fr\/wp-json\/wp\/v2\/product_cat?post=12882"},{"taxonomy":"product_tag","embeddable":true,"href":"https:\/\/www.ecosolucionesquimicas.es\/fr\/wp-json\/wp\/v2\/product_tag?post=12882"}],"curies":[{"name":"wp","href":"https:\/\/api.w.org\/{rel}","templated":true}]}}