{"id":12875,"date":"2025-07-04T11:30:29","date_gmt":"2025-07-04T09:30:29","guid":{"rendered":"https:\/\/www.ecosolucionesquimicas.es\/producto\/nettoyant-pour-meubles-de-jardin-et-dexterieur-a-la-citronnelle\/"},"modified":"2026-04-08T16:39:47","modified_gmt":"2026-04-08T14:39:47","slug":"nettoyant-pour-meubles-de-jardin-et-dexterieur-a-la-citronnelle","status":"publish","type":"product","link":"https:\/\/www.ecosolucionesquimicas.es\/fr\/producto\/nettoyant-pour-meubles-de-jardin-et-dexterieur-a-la-citronnelle\/","title":{"rendered":"Nettoyant pour meubles de jardin et d&rsquo;ext\u00e9rieur \u00e0 la citronnelle"},"content":{"rendered":"<p><img fetchpriority=\"high\" decoding=\"async\" class=\"wp-image-7970\" src=\"https:\/\/www.ecosolucionesquimicas.es\/wp-content\/uploads\/2025\/06\/jardin-de-diseno-moderno-300x200.jpg\" alt=\"\" width=\"550\" height=\"367\" srcset=\"https:\/\/www.ecosolucionesquimicas.es\/wp-content\/uploads\/2025\/06\/jardin-de-diseno-moderno-300x200.jpg 300w, https:\/\/www.ecosolucionesquimicas.es\/wp-content\/uploads\/2025\/06\/jardin-de-diseno-moderno-1024x683.jpg 1024w, https:\/\/www.ecosolucionesquimicas.es\/wp-content\/uploads\/2025\/06\/jardin-de-diseno-moderno-768x512.jpg 768w, https:\/\/www.ecosolucionesquimicas.es\/wp-content\/uploads\/2025\/06\/jardin-de-diseno-moderno-1536x1024.jpg 1536w, https:\/\/www.ecosolucionesquimicas.es\/wp-content\/uploads\/2025\/06\/jardin-de-diseno-moderno-2048x1365.jpg 2048w, https:\/\/www.ecosolucionesquimicas.es\/wp-content\/uploads\/2025\/06\/jardin-de-diseno-moderno-600x400.jpg 600w\" sizes=\"(max-width: 550px) 100vw, 550px\" \/><\/p>\n<p data-start=\"129\" data-end=\"536\"><strong>MODE D&rsquo;EMPLOI<\/strong><\/p>\n<p data-start=\"129\" data-end=\"536\"><strong data-start=\"132\" data-end=\"148\">Pr\u00e9paration :<\/strong> Appliquer le produit directement sans dilution. Aucun m\u00e9lange ni rin\u00e7age n&rsquo;est n\u00e9cessaire.<br data-start=\"242\" data-end=\"245\" \/>\ud83d\udd18 <strong data-start=\"248\" data-end=\"263\">Application :<\/strong> Vaporiser ECO-508 sur la surface ext\u00e9rieure \u00e0 nettoyer et l&rsquo;\u00e9taler \u00e0 l&rsquo;aide d&rsquo;un chiffon, d&rsquo;un linge ou d&rsquo;une \u00e9ponge jusqu&rsquo;\u00e0 ce que la salet\u00e9 soit \u00e9limin\u00e9e.<br data-start=\"390\" data-end=\"393\" \/>\ud83d\udd18 <strong data-start=\"396\" data-end=\"414\">Recommandation :<\/strong> Sur les surfaces tr\u00e8s sales ou pr\u00e9sentant des r\u00e9sidus incrust\u00e9s, r\u00e9p\u00e9ter l&rsquo;application ou laisser agir quelques minutes avant de nettoyer.<\/p>\n<p>&nbsp;<\/p>\n","protected":false},"excerpt":{"rendered":"<div class=\"mceTemp\"><\/div>\n<p><strong>\u2705 <\/strong><span class=\"a-list-item\"><strong>NETTOYAGE INSTANTAN\u00c9, SANS RIN\u00c7AGE.<\/strong> ECO-508 \u00e9limine facilement la salet\u00e9, la poussi\u00e8re et les d\u00e9bris accumul\u00e9s sur les meubles et les surfaces ext\u00e9rieures. Sa formule sans rin\u00e7age permet un nettoyage rapide, pratique et efficace, id\u00e9al pour l&rsquo;entretien quotidien.<\/span><\/p>\n<p><strong>\u2705<\/strong> <span class=\"a-list-item\"><strong>ESPACES SANS INSECTES&#8230;<\/strong> Gr\u00e2ce \u00e0 sa teneur en citronnelle, ECO-508 contribue \u00e0 maintenir l&rsquo;environnement ext\u00e9rieur exempt d&rsquo;insectes, cr\u00e9ant ainsi un environnement plus confortable et plus agr\u00e9able pour profiter du plein air, sans inconfort.<\/span><\/p>\n<p><strong>\u2705<\/strong> <span class=\"a-list-item\"><strong>PARFUM FRAIS ET NATUREL.<\/strong> Laisse un parfum rafra\u00eechissant aux notes d&rsquo;agrumes qui transforme ta terrasse ou ton jardin en un espace propre et parfum\u00e9. Id\u00e9al pour renouveler l&rsquo;atmosph\u00e8re sans utiliser de d\u00e9sodorisants artificiels.<\/span><\/p>\n<p><strong>\u2705<\/strong> <span class=\"a-list-item\"><strong>S\u00dbR ET RESPECTUEUX DE L&rsquo;ENVIRONNEMENT .<\/strong> Formule neutre et sans danger pour les personnes, les animaux domestiques et tous les types de surfaces ext\u00e9rieures comme le rotin, le bois, la r\u00e9sine, le m\u00e9tal ou la pierre. N&rsquo;endommage pas et ne d\u00e9colore pas les mat\u00e9riaux trait\u00e9s.<\/span><\/p>\n<p><strong>\u2705<\/strong><strong> FORMAT DE 750 MILLILITRES.<\/strong><\/p>\n<p><strong>R\u00e9f\u00e9rence : ECO-508<\/strong><\/p>\n","protected":false},"featured_media":12880,"template":"","meta":[],"product_brand":[225],"product_cat":[556,540],"product_tag":[561,653,652],"class_list":{"0":"post-12875","1":"product","2":"type-product","3":"status-publish","4":"has-post-thumbnail","6":"product_brand-eqm","7":"product_cat-nouvelles","8":"product_cat-piscinas","9":"product_tag-jardin","10":"product_tag-meubles-de-jardin","11":"product_tag-nettoyant-pour-meubles-de-jardin","13":"first","14":"instock","15":"taxable","16":"shipping-taxable","17":"purchasable","18":"product-type-simple"},"acf":[],"yoast_head":"<!-- This site is optimized with the Yoast SEO Premium plugin v27.1 (Yoast SEO v27.4) - https:\/\/yoast.com\/product\/yoast-seo-premium-wordpress\/ -->\n<title>Nettoyant pour meubles de jardin et d&#039;ext\u00e9rieur \u00e0 la citronnelle - Ecosoluciones Qu\u00edmicas<\/title>\n<meta name=\"robots\" content=\"index, follow, max-snippet:-1, max-image-preview:large, max-video-preview:-1\" \/>\n<link rel=\"canonical\" href=\"https:\/\/www.ecosolucionesquimicas.es\/fr\/producto\/nettoyant-pour-meubles-de-jardin-et-dexterieur-a-la-citronnelle\/\" \/>\n<meta property=\"og:locale\" content=\"fr_FR\" \/>\n<meta property=\"og:type\" content=\"article\" \/>\n<meta property=\"og:title\" content=\"Nettoyant pour meubles de jardin et d&#039;ext\u00e9rieur \u00e0 la citronnelle\" \/>\n<meta property=\"og:description\" content=\"\u2705 NETTOYAGE INSTANTAN\u00c9, SANS RIN\u00c7AGE. ECO-508 \u00e9limine facilement la salet\u00e9, la poussi\u00e8re et les d\u00e9bris accumul\u00e9s sur les meubles et les surfaces ext\u00e9rieures. Sa formule sans rin\u00e7age permet un nettoyage rapide, pratique et efficace, id\u00e9al pour l&#039;entretien quotidien.  \u2705 ESPACES SANS INSECTES... Gr\u00e2ce \u00e0 sa teneur en citronnelle, ECO-508 contribue \u00e0 maintenir l&#039;environnement ext\u00e9rieur exempt d&#039;insectes, cr\u00e9ant ainsi un environnement plus confortable et plus agr\u00e9able pour profiter du plein air, sans inconfort.  \u2705 PARFUM FRAIS ET NATUREL. Laisse un parfum rafra\u00eechissant aux notes d&#039;agrumes qui transforme ta terrasse ou ton jardin en un espace propre et parfum\u00e9. Id\u00e9al pour renouveler l&#039;atmosph\u00e8re sans utiliser de d\u00e9sodorisants artificiels.  \u2705 S\u00dbR ET RESPECTUEUX DE L&#039;ENVIRONNEMENT . Formule neutre et sans danger pour les personnes, les animaux domestiques et tous les types de surfaces ext\u00e9rieures comme le rotin, le bois, la r\u00e9sine, le m\u00e9tal ou la pierre. N&#039;endommage pas et ne d\u00e9colore pas les mat\u00e9riaux trait\u00e9s.  \u2705 FORMAT DE 750 MILLILITRES.  R\u00e9f\u00e9rence : ECO-508\" \/>\n<meta property=\"og:url\" content=\"https:\/\/www.ecosolucionesquimicas.es\/fr\/producto\/nettoyant-pour-meubles-de-jardin-et-dexterieur-a-la-citronnelle\/\" \/>\n<meta property=\"og:site_name\" content=\"Ecosoluciones Qu\u00edmicas\" \/>\n<meta property=\"article:publisher\" content=\"https:\/\/www.facebook.com\/ecosolucionesquimicasmadrid\/\" \/>\n<meta property=\"article:modified_time\" content=\"2026-04-08T14:39:47+00:00\" \/>\n<meta property=\"og:image\" content=\"https:\/\/www.ecosolucionesquimicas.es\/wp-content\/uploads\/2025\/06\/ECO-508-750ML-scaled.jpg\" \/>\n\t<meta property=\"og:image:width\" content=\"2350\" \/>\n\t<meta property=\"og:image:height\" content=\"2560\" \/>\n\t<meta property=\"og:image:type\" content=\"image\/jpeg\" \/>\n<meta name=\"twitter:card\" content=\"summary_large_image\" \/>\n<meta name=\"twitter:label1\" content=\"Prix\" \/>\n\t<meta name=\"twitter:data1\" content=\"4,83&nbsp;&euro; TVA incluse.\" \/>\n\t<meta name=\"twitter:label2\" content=\"Disponibilit\u00e9\" \/>\n\t<meta name=\"twitter:data2\" content=\"En stock\" \/>\n<script type=\"application\/ld+json\" class=\"yoast-schema-graph\">{\"@context\":\"https:\\\/\\\/schema.org\",\"@graph\":[{\"@type\":\"WebPage\",\"@id\":\"https:\\\/\\\/www.ecosolucionesquimicas.es\\\/fr\\\/producto\\\/nettoyant-pour-meubles-de-jardin-et-dexterieur-a-la-citronnelle\\\/\",\"url\":\"https:\\\/\\\/www.ecosolucionesquimicas.es\\\/fr\\\/producto\\\/nettoyant-pour-meubles-de-jardin-et-dexterieur-a-la-citronnelle\\\/\",\"name\":\"Nettoyant pour meubles de jardin et d'ext\u00e9rieur \u00e0 la citronnelle - Ecosoluciones Qu\u00edmicas\",\"isPartOf\":{\"@id\":\"https:\\\/\\\/www.ecosolucionesquimicas.es\\\/fr\\\/#website\"},\"primaryImageOfPage\":{\"@id\":\"https:\\\/\\\/www.ecosolucionesquimicas.es\\\/fr\\\/producto\\\/nettoyant-pour-meubles-de-jardin-et-dexterieur-a-la-citronnelle\\\/#primaryimage\"},\"image\":{\"@id\":\"https:\\\/\\\/www.ecosolucionesquimicas.es\\\/fr\\\/producto\\\/nettoyant-pour-meubles-de-jardin-et-dexterieur-a-la-citronnelle\\\/#primaryimage\"},\"thumbnailUrl\":\"https:\\\/\\\/www.ecosolucionesquimicas.es\\\/wp-content\\\/uploads\\\/2025\\\/06\\\/ECO-508-750ML-scaled.jpg\",\"datePublished\":\"2025-07-04T09:30:29+00:00\",\"dateModified\":\"2026-04-08T14:39:47+00:00\",\"breadcrumb\":{\"@id\":\"https:\\\/\\\/www.ecosolucionesquimicas.es\\\/fr\\\/producto\\\/nettoyant-pour-meubles-de-jardin-et-dexterieur-a-la-citronnelle\\\/#breadcrumb\"},\"inLanguage\":\"fr-FR\",\"potentialAction\":[{\"@type\":\"ReadAction\",\"target\":[\"https:\\\/\\\/www.ecosolucionesquimicas.es\\\/fr\\\/producto\\\/nettoyant-pour-meubles-de-jardin-et-dexterieur-a-la-citronnelle\\\/\"]}]},{\"@type\":\"ImageObject\",\"inLanguage\":\"fr-FR\",\"@id\":\"https:\\\/\\\/www.ecosolucionesquimicas.es\\\/fr\\\/producto\\\/nettoyant-pour-meubles-de-jardin-et-dexterieur-a-la-citronnelle\\\/#primaryimage\",\"url\":\"https:\\\/\\\/www.ecosolucionesquimicas.es\\\/wp-content\\\/uploads\\\/2025\\\/06\\\/ECO-508-750ML-scaled.jpg\",\"contentUrl\":\"https:\\\/\\\/www.ecosolucionesquimicas.es\\\/wp-content\\\/uploads\\\/2025\\\/06\\\/ECO-508-750ML-scaled.jpg\",\"width\":2350,\"height\":2560},{\"@type\":\"BreadcrumbList\",\"@id\":\"https:\\\/\\\/www.ecosolucionesquimicas.es\\\/fr\\\/producto\\\/nettoyant-pour-meubles-de-jardin-et-dexterieur-a-la-citronnelle\\\/#breadcrumb\",\"itemListElement\":[{\"@type\":\"ListItem\",\"position\":1,\"name\":\"Portada\",\"item\":\"https:\\\/\\\/www.ecosolucionesquimicas.es\\\/fr\\\/home\\\/\"},{\"@type\":\"ListItem\",\"position\":2,\"name\":\"Nettoyant pour meubles de jardin et d&#8217;ext\u00e9rieur \u00e0 la citronnelle\"}]},{\"@type\":\"WebSite\",\"@id\":\"https:\\\/\\\/www.ecosolucionesquimicas.es\\\/fr\\\/#website\",\"url\":\"https:\\\/\\\/www.ecosolucionesquimicas.es\\\/fr\\\/\",\"name\":\"Ecosoluciones Qu\u00edmicas\",\"description\":\"Achetez en ligne des produits d'entretien et des produits chimiques fabriqu\u00e9s par nos soins.\",\"publisher\":{\"@id\":\"https:\\\/\\\/www.ecosolucionesquimicas.es\\\/fr\\\/#organization\"},\"alternateName\":\"EQM\",\"potentialAction\":[{\"@type\":\"SearchAction\",\"target\":{\"@type\":\"EntryPoint\",\"urlTemplate\":\"https:\\\/\\\/www.ecosolucionesquimicas.es\\\/fr\\\/?s={search_term_string}\"},\"query-input\":{\"@type\":\"PropertyValueSpecification\",\"valueRequired\":true,\"valueName\":\"search_term_string\"}}],\"inLanguage\":\"fr-FR\"},{\"@type\":\"Organization\",\"@id\":\"https:\\\/\\\/www.ecosolucionesquimicas.es\\\/fr\\\/#organization\",\"name\":\"Ecosoluciones Qu\u00edmicas\",\"url\":\"https:\\\/\\\/www.ecosolucionesquimicas.es\\\/fr\\\/\",\"logo\":{\"@type\":\"ImageObject\",\"inLanguage\":\"fr-FR\",\"@id\":\"https:\\\/\\\/www.ecosolucionesquimicas.es\\\/fr\\\/#\\\/schema\\\/logo\\\/image\\\/\",\"url\":\"https:\\\/\\\/www.ecosolucionesquimicas.es\\\/wp-content\\\/uploads\\\/2024\\\/08\\\/LOGO-EQM-NUEVO-.png\",\"contentUrl\":\"https:\\\/\\\/www.ecosolucionesquimicas.es\\\/wp-content\\\/uploads\\\/2024\\\/08\\\/LOGO-EQM-NUEVO-.png\",\"width\":1060,\"height\":456,\"caption\":\"Ecosoluciones Qu\u00edmicas\"},\"image\":{\"@id\":\"https:\\\/\\\/www.ecosolucionesquimicas.es\\\/fr\\\/#\\\/schema\\\/logo\\\/image\\\/\"},\"sameAs\":[\"https:\\\/\\\/www.facebook.com\\\/ecosolucionesquimicasmadrid\\\/\",\"https:\\\/\\\/www.instagram.com\\\/ecosolucionesquimicas\\\/\"],\"hasMerchantReturnPolicy\":{\"@type\":\"MerchantReturnPolicy\",\"merchantReturnLink\":\"https:\\\/\\\/www.ecosolucionesquimicas.es\\\/refund_returns\\\/\"}}]}<\/script>\n<meta property=\"product:brand\" content=\"EQM\" \/>\n<meta property=\"product:price:amount\" content=\"4.83\" \/>\n<meta property=\"product:price:currency\" content=\"EUR\" \/>\n<meta property=\"og:availability\" content=\"instock\" \/>\n<meta property=\"product:availability\" content=\"instock\" \/>\n<meta property=\"product:retailer_item_id\" content=\"ECO-508\" \/>\n<meta property=\"product:condition\" content=\"new\" \/>\n<!-- \/ Yoast SEO Premium plugin. -->","yoast_head_json":{"title":"Nettoyant pour meubles de jardin et d'ext\u00e9rieur \u00e0 la citronnelle - Ecosoluciones Qu\u00edmicas","robots":{"index":"index","follow":"follow","max-snippet":"max-snippet:-1","max-image-preview":"max-image-preview:large","max-video-preview":"max-video-preview:-1"},"canonical":"https:\/\/www.ecosolucionesquimicas.es\/fr\/producto\/nettoyant-pour-meubles-de-jardin-et-dexterieur-a-la-citronnelle\/","og_locale":"fr_FR","og_type":"article","og_title":"Nettoyant pour meubles de jardin et d'ext\u00e9rieur \u00e0 la citronnelle","og_description":"\u2705 NETTOYAGE INSTANTAN\u00c9, SANS RIN\u00c7AGE. ECO-508 \u00e9limine facilement la salet\u00e9, la poussi\u00e8re et les d\u00e9bris accumul\u00e9s sur les meubles et les surfaces ext\u00e9rieures. Sa formule sans rin\u00e7age permet un nettoyage rapide, pratique et efficace, id\u00e9al pour l'entretien quotidien.  \u2705 ESPACES SANS INSECTES... Gr\u00e2ce \u00e0 sa teneur en citronnelle, ECO-508 contribue \u00e0 maintenir l'environnement ext\u00e9rieur exempt d'insectes, cr\u00e9ant ainsi un environnement plus confortable et plus agr\u00e9able pour profiter du plein air, sans inconfort.  \u2705 PARFUM FRAIS ET NATUREL. Laisse un parfum rafra\u00eechissant aux notes d'agrumes qui transforme ta terrasse ou ton jardin en un espace propre et parfum\u00e9. Id\u00e9al pour renouveler l'atmosph\u00e8re sans utiliser de d\u00e9sodorisants artificiels.  \u2705 S\u00dbR ET RESPECTUEUX DE L'ENVIRONNEMENT . Formule neutre et sans danger pour les personnes, les animaux domestiques et tous les types de surfaces ext\u00e9rieures comme le rotin, le bois, la r\u00e9sine, le m\u00e9tal ou la pierre. N'endommage pas et ne d\u00e9colore pas les mat\u00e9riaux trait\u00e9s.  \u2705 FORMAT DE 750 MILLILITRES.  R\u00e9f\u00e9rence : ECO-508","og_url":"https:\/\/www.ecosolucionesquimicas.es\/fr\/producto\/nettoyant-pour-meubles-de-jardin-et-dexterieur-a-la-citronnelle\/","og_site_name":"Ecosoluciones Qu\u00edmicas","article_publisher":"https:\/\/www.facebook.com\/ecosolucionesquimicasmadrid\/","article_modified_time":"2026-04-08T14:39:47+00:00","og_image":[{"width":2350,"height":2560,"url":"https:\/\/www.ecosolucionesquimicas.es\/wp-content\/uploads\/2025\/06\/ECO-508-750ML-scaled.jpg","type":"image\/jpeg"}],"twitter_card":"summary_large_image","twitter_misc":{"Prix":"4,83&nbsp;&euro; TVA incluse.","Disponibilit\u00e9":"En stock"},"schema":{"@context":"https:\/\/schema.org","@graph":[{"@type":"WebPage","@id":"https:\/\/www.ecosolucionesquimicas.es\/fr\/producto\/nettoyant-pour-meubles-de-jardin-et-dexterieur-a-la-citronnelle\/","url":"https:\/\/www.ecosolucionesquimicas.es\/fr\/producto\/nettoyant-pour-meubles-de-jardin-et-dexterieur-a-la-citronnelle\/","name":"Nettoyant pour meubles de jardin et d'ext\u00e9rieur \u00e0 la citronnelle - Ecosoluciones Qu\u00edmicas","isPartOf":{"@id":"https:\/\/www.ecosolucionesquimicas.es\/fr\/#website"},"primaryImageOfPage":{"@id":"https:\/\/www.ecosolucionesquimicas.es\/fr\/producto\/nettoyant-pour-meubles-de-jardin-et-dexterieur-a-la-citronnelle\/#primaryimage"},"image":{"@id":"https:\/\/www.ecosolucionesquimicas.es\/fr\/producto\/nettoyant-pour-meubles-de-jardin-et-dexterieur-a-la-citronnelle\/#primaryimage"},"thumbnailUrl":"https:\/\/www.ecosolucionesquimicas.es\/wp-content\/uploads\/2025\/06\/ECO-508-750ML-scaled.jpg","datePublished":"2025-07-04T09:30:29+00:00","dateModified":"2026-04-08T14:39:47+00:00","breadcrumb":{"@id":"https:\/\/www.ecosolucionesquimicas.es\/fr\/producto\/nettoyant-pour-meubles-de-jardin-et-dexterieur-a-la-citronnelle\/#breadcrumb"},"inLanguage":"fr-FR","potentialAction":[{"@type":"ReadAction","target":["https:\/\/www.ecosolucionesquimicas.es\/fr\/producto\/nettoyant-pour-meubles-de-jardin-et-dexterieur-a-la-citronnelle\/"]}]},{"@type":"ImageObject","inLanguage":"fr-FR","@id":"https:\/\/www.ecosolucionesquimicas.es\/fr\/producto\/nettoyant-pour-meubles-de-jardin-et-dexterieur-a-la-citronnelle\/#primaryimage","url":"https:\/\/www.ecosolucionesquimicas.es\/wp-content\/uploads\/2025\/06\/ECO-508-750ML-scaled.jpg","contentUrl":"https:\/\/www.ecosolucionesquimicas.es\/wp-content\/uploads\/2025\/06\/ECO-508-750ML-scaled.jpg","width":2350,"height":2560},{"@type":"BreadcrumbList","@id":"https:\/\/www.ecosolucionesquimicas.es\/fr\/producto\/nettoyant-pour-meubles-de-jardin-et-dexterieur-a-la-citronnelle\/#breadcrumb","itemListElement":[{"@type":"ListItem","position":1,"name":"Portada","item":"https:\/\/www.ecosolucionesquimicas.es\/fr\/home\/"},{"@type":"ListItem","position":2,"name":"Nettoyant pour meubles de jardin et d&#8217;ext\u00e9rieur \u00e0 la citronnelle"}]},{"@type":"WebSite","@id":"https:\/\/www.ecosolucionesquimicas.es\/fr\/#website","url":"https:\/\/www.ecosolucionesquimicas.es\/fr\/","name":"Ecosoluciones Qu\u00edmicas","description":"Achetez en ligne des produits d'entretien et des produits chimiques fabriqu\u00e9s par nos soins.","publisher":{"@id":"https:\/\/www.ecosolucionesquimicas.es\/fr\/#organization"},"alternateName":"EQM","potentialAction":[{"@type":"SearchAction","target":{"@type":"EntryPoint","urlTemplate":"https:\/\/www.ecosolucionesquimicas.es\/fr\/?s={search_term_string}"},"query-input":{"@type":"PropertyValueSpecification","valueRequired":true,"valueName":"search_term_string"}}],"inLanguage":"fr-FR"},{"@type":"Organization","@id":"https:\/\/www.ecosolucionesquimicas.es\/fr\/#organization","name":"Ecosoluciones Qu\u00edmicas","url":"https:\/\/www.ecosolucionesquimicas.es\/fr\/","logo":{"@type":"ImageObject","inLanguage":"fr-FR","@id":"https:\/\/www.ecosolucionesquimicas.es\/fr\/#\/schema\/logo\/image\/","url":"https:\/\/www.ecosolucionesquimicas.es\/wp-content\/uploads\/2024\/08\/LOGO-EQM-NUEVO-.png","contentUrl":"https:\/\/www.ecosolucionesquimicas.es\/wp-content\/uploads\/2024\/08\/LOGO-EQM-NUEVO-.png","width":1060,"height":456,"caption":"Ecosoluciones Qu\u00edmicas"},"image":{"@id":"https:\/\/www.ecosolucionesquimicas.es\/fr\/#\/schema\/logo\/image\/"},"sameAs":["https:\/\/www.facebook.com\/ecosolucionesquimicasmadrid\/","https:\/\/www.instagram.com\/ecosolucionesquimicas\/"],"hasMerchantReturnPolicy":{"@type":"MerchantReturnPolicy","merchantReturnLink":"https:\/\/www.ecosolucionesquimicas.es\/refund_returns\/"}}]},"product_brand":"EQM","product_price_amount":"4.83","product_price_currency":"EUR","og_availability":"instock","product_availability":"instock","product_retailer_item_id":"ECO-508","product_condition":"new"},"_links":{"self":[{"href":"https:\/\/www.ecosolucionesquimicas.es\/fr\/wp-json\/wp\/v2\/product\/12875","targetHints":{"allow":["GET"]}}],"collection":[{"href":"https:\/\/www.ecosolucionesquimicas.es\/fr\/wp-json\/wp\/v2\/product"}],"about":[{"href":"https:\/\/www.ecosolucionesquimicas.es\/fr\/wp-json\/wp\/v2\/types\/product"}],"wp:featuredmedia":[{"embeddable":true,"href":"https:\/\/www.ecosolucionesquimicas.es\/fr\/wp-json\/wp\/v2\/media\/12880"}],"wp:attachment":[{"href":"https:\/\/www.ecosolucionesquimicas.es\/fr\/wp-json\/wp\/v2\/media?parent=12875"}],"wp:term":[{"taxonomy":"product_brand","embeddable":true,"href":"https:\/\/www.ecosolucionesquimicas.es\/fr\/wp-json\/wp\/v2\/product_brand?post=12875"},{"taxonomy":"product_cat","embeddable":true,"href":"https:\/\/www.ecosolucionesquimicas.es\/fr\/wp-json\/wp\/v2\/product_cat?post=12875"},{"taxonomy":"product_tag","embeddable":true,"href":"https:\/\/www.ecosolucionesquimicas.es\/fr\/wp-json\/wp\/v2\/product_tag?post=12875"}],"curies":[{"name":"wp","href":"https:\/\/api.w.org\/{rel}","templated":true}]}}