{"id":12811,"date":"2024-02-22T13:39:53","date_gmt":"2024-02-22T12:39:53","guid":{"rendered":"https:\/\/www.ecosolucionesquimicas.es\/producto\/nettoyeur-professionnel-de-tissus-dameublement-de-voiture\/"},"modified":"2024-02-22T13:39:53","modified_gmt":"2024-02-22T12:39:53","slug":"nettoyeur-professionnel-de-tissus-dameublement-de-voiture","status":"publish","type":"product","link":"https:\/\/www.ecosolucionesquimicas.es\/fr\/producto\/nettoyeur-professionnel-de-tissus-dameublement-de-voiture\/","title":{"rendered":"Nettoyeur professionnel de tissus d&rsquo;ameublement de voiture"},"content":{"rendered":"<p><img fetchpriority=\"high\" decoding=\"async\" class=\"alignnone wp-image-3751\" src=\"https:\/\/www.ecosolucionesquimicas.es\/wp-content\/uploads\/2024\/02\/shemical-cleaning-car-seats-with-spoonge-300x200.jpg\" alt=\"\" width=\"550\" height=\"367\" srcset=\"https:\/\/www.ecosolucionesquimicas.es\/wp-content\/uploads\/2024\/02\/shemical-cleaning-car-seats-with-spoonge-300x200.jpg 300w, https:\/\/www.ecosolucionesquimicas.es\/wp-content\/uploads\/2024\/02\/shemical-cleaning-car-seats-with-spoonge-1024x684.jpg 1024w, https:\/\/www.ecosolucionesquimicas.es\/wp-content\/uploads\/2024\/02\/shemical-cleaning-car-seats-with-spoonge-768x513.jpg 768w, https:\/\/www.ecosolucionesquimicas.es\/wp-content\/uploads\/2024\/02\/shemical-cleaning-car-seats-with-spoonge-1536x1025.jpg 1536w, https:\/\/www.ecosolucionesquimicas.es\/wp-content\/uploads\/2024\/02\/shemical-cleaning-car-seats-with-spoonge-2048x1367.jpg 2048w, https:\/\/www.ecosolucionesquimicas.es\/wp-content\/uploads\/2024\/02\/shemical-cleaning-car-seats-with-spoonge-600x401.jpg 600w\" sizes=\"(max-width: 550px) 100vw, 550px\" \/><\/p>\n<p><strong>MODE D&rsquo;EMPLOI<\/strong><\/p>\n<p><strong>Pr\u00e9paration<\/strong><strong>: <\/strong> Assure-toi que la surface est exempte de poussi\u00e8re et de d\u00e9bris. Passe l&rsquo;aspirateur si possible.<br \/>\n\ud83d\udd18<strong> Application :<\/strong> Vaporise le nettoyant sur 20 \u00e0 30 cm, en couvrant uniform\u00e9ment.<br \/>\n<strong>Laisse agir<\/strong>: laisse le produit agir pendant quelques secondes pour qu&rsquo;il p\u00e9n\u00e8tre et d\u00e9compose la salet\u00e9.<br \/>\n<strong>Frotter<\/strong>: utilise une brosse \u00e0 poils doux ou une \u00e9ponge pour frotter, surtout sur les taches tenaces.<br \/>\n<strong>Enl\u00e8vement<\/strong>: essuie l&rsquo;exc\u00e8s de produit et la salet\u00e9 avec un chiffon propre et humide.<br \/>\n\ud83d\udd18 <strong>S\u00e9cher<\/strong>: Laisse s\u00e9cher \u00e0 l&rsquo;air libre.<\/p>\n<p><strong>Recommandations<\/strong>:<\/p>\n<p><strong>\u2757Ventilation<\/strong>: assure une bonne ventilation pendant et apr\u00e8s l&rsquo;utilisation.<br \/>\n<strong>\u00c9vite les exc\u00e8s<\/strong>: n&rsquo;utilise pas trop de produit pour \u00e9viter les r\u00e9sidus.<br \/>\n<strong>\u2757Entretien r\u00e9gulier<\/strong>: nettoie p\u00e9riodiquement et traite imm\u00e9diatement les taches.<\/p>\n","protected":false},"excerpt":{"rendered":"<p><strong>NETTOYAGE PROFESSIONNEL POUR LES TISSUS D&rsquo;AMEUBLEMENT ET LES TEXTILES D\u00c9LICATS<\/strong>. ECO-113 est id\u00e9al pour nettoyer les tissus d&rsquo;ameublement, les tapis et les garnitures de toit des voitures. Il est sans danger pour le tissu, le cuir et l&rsquo;Alcantara, assurant un nettoyage efficace sans endommager les mat\u00e9riaux d\u00e9licats.  <\/p>\n<p><strong>ACTION D\u00c9TERGENTE PUISSANTE<\/strong>. \u00c9limine efficacement la salet\u00e9 quotidienne ainsi que les taches tenaces de graisse, d&rsquo;huile et d&rsquo;autres substances organiques, pour des r\u00e9sultats imm\u00e9diats et durables. <\/p>\n<p>\u2705 <strong>\u00c9LIMINE LES ODEURS D\u00c9SAGR\u00c9ABLES<\/strong>. En plus de nettoyer, ECO-113 \u00e9limine les odeurs d\u00e9sagr\u00e9ables telles que la fum\u00e9e de cigarette et les odeurs d&rsquo;animaux domestiques, laissant un parfum frais dans l&rsquo;int\u00e9rieur du v\u00e9hicule. <\/p>\n<p><strong>FORMATS DE 500 ML, 5 ET 20 LITRES.<\/strong><\/p>\n<p><strong>\u26ab<\/strong><strong> N\u00b0 de r\u00e9f. : ECO-113<\/strong><\/p>\n","protected":false},"featured_media":12815,"template":"","meta":[],"product_brand":[225],"product_cat":[424,556],"product_tag":[451,648,647],"class_list":{"0":"post-12811","1":"product","2":"type-product","3":"status-publish","4":"has-post-thumbnail","6":"product_brand-eqm","7":"product_cat-automocion","8":"product_cat-nouvelles","9":"product_tag-coche","10":"product_tag-tapis","11":"product_tag-tapisserie-dameublement","13":"first","14":"instock","15":"taxable","16":"shipping-taxable","17":"purchasable","18":"product-type-variable"},"acf":[],"yoast_head":"<!-- This site is optimized with the Yoast SEO Premium plugin v27.1 (Yoast SEO v27.4) - https:\/\/yoast.com\/product\/yoast-seo-premium-wordpress\/ -->\n<title>Nettoyeur professionnel de tissus d&#039;ameublement de voiture - Ecosoluciones Qu\u00edmicas<\/title>\n<meta name=\"robots\" content=\"index, follow, max-snippet:-1, max-image-preview:large, max-video-preview:-1\" \/>\n<link rel=\"canonical\" href=\"https:\/\/www.ecosolucionesquimicas.es\/fr\/producto\/nettoyeur-professionnel-de-tissus-dameublement-de-voiture\/\" \/>\n<meta property=\"og:locale\" content=\"fr_FR\" \/>\n<meta property=\"og:type\" content=\"article\" \/>\n<meta property=\"og:title\" content=\"Nettoyeur professionnel de tissus d&#039;ameublement de voiture\" \/>\n<meta property=\"og:description\" content=\"NETTOYAGE PROFESSIONNEL POUR LES TISSUS D&#039;AMEUBLEMENT ET LES TEXTILES D\u00c9LICATS. ECO-113 est id\u00e9al pour nettoyer les tissus d&#039;ameublement, les tapis et les garnitures de toit des voitures. Il est sans danger pour le tissu, le cuir et l&#039;Alcantara, assurant un nettoyage efficace sans endommager les mat\u00e9riaux d\u00e9licats.  ACTION D\u00c9TERGENTE PUISSANTE. \u00c9limine efficacement la salet\u00e9 quotidienne ainsi que les taches tenaces de graisse, d&#039;huile et d&#039;autres substances organiques, pour des r\u00e9sultats imm\u00e9diats et durables.  \u2705 \u00c9LIMINE LES ODEURS D\u00c9SAGR\u00c9ABLES. En plus de nettoyer, ECO-113 \u00e9limine les odeurs d\u00e9sagr\u00e9ables telles que la fum\u00e9e de cigarette et les odeurs d&#039;animaux domestiques, laissant un parfum frais dans l&#039;int\u00e9rieur du v\u00e9hicule.  FORMATS DE 500 ML, 5 ET 20 LITRES. \u26ab N\u00b0 de r\u00e9f. : ECO-113\" \/>\n<meta property=\"og:url\" content=\"https:\/\/www.ecosolucionesquimicas.es\/fr\/producto\/nettoyeur-professionnel-de-tissus-dameublement-de-voiture\/\" \/>\n<meta property=\"og:site_name\" content=\"Ecosoluciones Qu\u00edmicas\" \/>\n<meta property=\"article:publisher\" content=\"https:\/\/www.facebook.com\/ecosolucionesquimicasmadrid\/\" \/>\n<meta property=\"og:image\" content=\"https:\/\/www.ecosolucionesquimicas.es\/wp-content\/uploads\/2024\/02\/shemical-cleaning-car-seats-with-spoonge-300x200.jpg\" \/>\n<meta name=\"twitter:card\" content=\"summary_large_image\" \/>\n<meta name=\"twitter:label1\" content=\"Disponibilit\u00e9\" \/>\n\t<meta name=\"twitter:data1\" content=\"En stock\" \/>\n<script type=\"application\/ld+json\" class=\"yoast-schema-graph\">{\"@context\":\"https:\\\/\\\/schema.org\",\"@graph\":[{\"@type\":\"WebPage\",\"@id\":\"https:\\\/\\\/www.ecosolucionesquimicas.es\\\/fr\\\/producto\\\/nettoyeur-professionnel-de-tissus-dameublement-de-voiture\\\/\",\"url\":\"https:\\\/\\\/www.ecosolucionesquimicas.es\\\/fr\\\/producto\\\/nettoyeur-professionnel-de-tissus-dameublement-de-voiture\\\/\",\"name\":\"Nettoyeur professionnel de tissus d'ameublement de voiture - Ecosoluciones Qu\u00edmicas\",\"isPartOf\":{\"@id\":\"https:\\\/\\\/www.ecosolucionesquimicas.es\\\/fr\\\/#website\"},\"primaryImageOfPage\":{\"@id\":\"https:\\\/\\\/www.ecosolucionesquimicas.es\\\/fr\\\/producto\\\/nettoyeur-professionnel-de-tissus-dameublement-de-voiture\\\/#primaryimage\"},\"image\":{\"@id\":\"https:\\\/\\\/www.ecosolucionesquimicas.es\\\/fr\\\/producto\\\/nettoyeur-professionnel-de-tissus-dameublement-de-voiture\\\/#primaryimage\"},\"thumbnailUrl\":\"https:\\\/\\\/www.ecosolucionesquimicas.es\\\/wp-content\\\/uploads\\\/2024\\\/02\\\/ECO-113-500ML-2-scaled.jpg\",\"datePublished\":\"2024-02-22T12:39:53+00:00\",\"breadcrumb\":{\"@id\":\"https:\\\/\\\/www.ecosolucionesquimicas.es\\\/fr\\\/producto\\\/nettoyeur-professionnel-de-tissus-dameublement-de-voiture\\\/#breadcrumb\"},\"inLanguage\":\"fr-FR\",\"potentialAction\":[{\"@type\":\"ReadAction\",\"target\":[\"https:\\\/\\\/www.ecosolucionesquimicas.es\\\/fr\\\/producto\\\/nettoyeur-professionnel-de-tissus-dameublement-de-voiture\\\/\"]}]},{\"@type\":\"ImageObject\",\"inLanguage\":\"fr-FR\",\"@id\":\"https:\\\/\\\/www.ecosolucionesquimicas.es\\\/fr\\\/producto\\\/nettoyeur-professionnel-de-tissus-dameublement-de-voiture\\\/#primaryimage\",\"url\":\"https:\\\/\\\/www.ecosolucionesquimicas.es\\\/wp-content\\\/uploads\\\/2024\\\/02\\\/ECO-113-500ML-2-scaled.jpg\",\"contentUrl\":\"https:\\\/\\\/www.ecosolucionesquimicas.es\\\/wp-content\\\/uploads\\\/2024\\\/02\\\/ECO-113-500ML-2-scaled.jpg\",\"width\":2350,\"height\":2560},{\"@type\":\"BreadcrumbList\",\"@id\":\"https:\\\/\\\/www.ecosolucionesquimicas.es\\\/fr\\\/producto\\\/nettoyeur-professionnel-de-tissus-dameublement-de-voiture\\\/#breadcrumb\",\"itemListElement\":[{\"@type\":\"ListItem\",\"position\":1,\"name\":\"Portada\",\"item\":\"https:\\\/\\\/www.ecosolucionesquimicas.es\\\/fr\\\/home\\\/\"},{\"@type\":\"ListItem\",\"position\":2,\"name\":\"Nettoyeur professionnel de tissus d&#8217;ameublement de voiture\"}]},{\"@type\":\"WebSite\",\"@id\":\"https:\\\/\\\/www.ecosolucionesquimicas.es\\\/fr\\\/#website\",\"url\":\"https:\\\/\\\/www.ecosolucionesquimicas.es\\\/fr\\\/\",\"name\":\"Ecosoluciones Qu\u00edmicas\",\"description\":\"Achetez en ligne des produits d'entretien et des produits chimiques fabriqu\u00e9s par nos soins.\",\"publisher\":{\"@id\":\"https:\\\/\\\/www.ecosolucionesquimicas.es\\\/fr\\\/#organization\"},\"alternateName\":\"EQM\",\"potentialAction\":[{\"@type\":\"SearchAction\",\"target\":{\"@type\":\"EntryPoint\",\"urlTemplate\":\"https:\\\/\\\/www.ecosolucionesquimicas.es\\\/fr\\\/?s={search_term_string}\"},\"query-input\":{\"@type\":\"PropertyValueSpecification\",\"valueRequired\":true,\"valueName\":\"search_term_string\"}}],\"inLanguage\":\"fr-FR\"},{\"@type\":\"Organization\",\"@id\":\"https:\\\/\\\/www.ecosolucionesquimicas.es\\\/fr\\\/#organization\",\"name\":\"Ecosoluciones Qu\u00edmicas\",\"url\":\"https:\\\/\\\/www.ecosolucionesquimicas.es\\\/fr\\\/\",\"logo\":{\"@type\":\"ImageObject\",\"inLanguage\":\"fr-FR\",\"@id\":\"https:\\\/\\\/www.ecosolucionesquimicas.es\\\/fr\\\/#\\\/schema\\\/logo\\\/image\\\/\",\"url\":\"https:\\\/\\\/www.ecosolucionesquimicas.es\\\/wp-content\\\/uploads\\\/2024\\\/08\\\/LOGO-EQM-NUEVO-.png\",\"contentUrl\":\"https:\\\/\\\/www.ecosolucionesquimicas.es\\\/wp-content\\\/uploads\\\/2024\\\/08\\\/LOGO-EQM-NUEVO-.png\",\"width\":1060,\"height\":456,\"caption\":\"Ecosoluciones Qu\u00edmicas\"},\"image\":{\"@id\":\"https:\\\/\\\/www.ecosolucionesquimicas.es\\\/fr\\\/#\\\/schema\\\/logo\\\/image\\\/\"},\"sameAs\":[\"https:\\\/\\\/www.facebook.com\\\/ecosolucionesquimicasmadrid\\\/\",\"https:\\\/\\\/www.instagram.com\\\/ecosolucionesquimicas\\\/\"],\"hasMerchantReturnPolicy\":{\"@type\":\"MerchantReturnPolicy\",\"merchantReturnLink\":\"https:\\\/\\\/www.ecosolucionesquimicas.es\\\/refund_returns\\\/\"}}]}<\/script>\n<meta property=\"product:brand\" content=\"EQM\" \/>\n<meta property=\"og:availability\" content=\"instock\" \/>\n<meta property=\"product:availability\" content=\"instock\" \/>\n<meta property=\"product:retailer_item_id\" content=\"ECO-113\" \/>\n<meta property=\"product:condition\" content=\"new\" \/>\n<!-- \/ Yoast SEO Premium plugin. -->","yoast_head_json":{"title":"Nettoyeur professionnel de tissus d'ameublement de voiture - Ecosoluciones Qu\u00edmicas","robots":{"index":"index","follow":"follow","max-snippet":"max-snippet:-1","max-image-preview":"max-image-preview:large","max-video-preview":"max-video-preview:-1"},"canonical":"https:\/\/www.ecosolucionesquimicas.es\/fr\/producto\/nettoyeur-professionnel-de-tissus-dameublement-de-voiture\/","og_locale":"fr_FR","og_type":"article","og_title":"Nettoyeur professionnel de tissus d'ameublement de voiture","og_description":"NETTOYAGE PROFESSIONNEL POUR LES TISSUS D'AMEUBLEMENT ET LES TEXTILES D\u00c9LICATS. ECO-113 est id\u00e9al pour nettoyer les tissus d'ameublement, les tapis et les garnitures de toit des voitures. Il est sans danger pour le tissu, le cuir et l'Alcantara, assurant un nettoyage efficace sans endommager les mat\u00e9riaux d\u00e9licats.  ACTION D\u00c9TERGENTE PUISSANTE. \u00c9limine efficacement la salet\u00e9 quotidienne ainsi que les taches tenaces de graisse, d'huile et d'autres substances organiques, pour des r\u00e9sultats imm\u00e9diats et durables.  \u2705 \u00c9LIMINE LES ODEURS D\u00c9SAGR\u00c9ABLES. En plus de nettoyer, ECO-113 \u00e9limine les odeurs d\u00e9sagr\u00e9ables telles que la fum\u00e9e de cigarette et les odeurs d'animaux domestiques, laissant un parfum frais dans l'int\u00e9rieur du v\u00e9hicule.  FORMATS DE 500 ML, 5 ET 20 LITRES. \u26ab N\u00b0 de r\u00e9f. : ECO-113","og_url":"https:\/\/www.ecosolucionesquimicas.es\/fr\/producto\/nettoyeur-professionnel-de-tissus-dameublement-de-voiture\/","og_site_name":"Ecosoluciones Qu\u00edmicas","article_publisher":"https:\/\/www.facebook.com\/ecosolucionesquimicasmadrid\/","og_image":[{"url":"https:\/\/www.ecosolucionesquimicas.es\/wp-content\/uploads\/2024\/02\/shemical-cleaning-car-seats-with-spoonge-300x200.jpg","type":"","width":"","height":""}],"twitter_card":"summary_large_image","twitter_misc":{"Disponibilit\u00e9":"En stock"},"schema":{"@context":"https:\/\/schema.org","@graph":[{"@type":"WebPage","@id":"https:\/\/www.ecosolucionesquimicas.es\/fr\/producto\/nettoyeur-professionnel-de-tissus-dameublement-de-voiture\/","url":"https:\/\/www.ecosolucionesquimicas.es\/fr\/producto\/nettoyeur-professionnel-de-tissus-dameublement-de-voiture\/","name":"Nettoyeur professionnel de tissus d'ameublement de voiture - Ecosoluciones Qu\u00edmicas","isPartOf":{"@id":"https:\/\/www.ecosolucionesquimicas.es\/fr\/#website"},"primaryImageOfPage":{"@id":"https:\/\/www.ecosolucionesquimicas.es\/fr\/producto\/nettoyeur-professionnel-de-tissus-dameublement-de-voiture\/#primaryimage"},"image":{"@id":"https:\/\/www.ecosolucionesquimicas.es\/fr\/producto\/nettoyeur-professionnel-de-tissus-dameublement-de-voiture\/#primaryimage"},"thumbnailUrl":"https:\/\/www.ecosolucionesquimicas.es\/wp-content\/uploads\/2024\/02\/ECO-113-500ML-2-scaled.jpg","datePublished":"2024-02-22T12:39:53+00:00","breadcrumb":{"@id":"https:\/\/www.ecosolucionesquimicas.es\/fr\/producto\/nettoyeur-professionnel-de-tissus-dameublement-de-voiture\/#breadcrumb"},"inLanguage":"fr-FR","potentialAction":[{"@type":"ReadAction","target":["https:\/\/www.ecosolucionesquimicas.es\/fr\/producto\/nettoyeur-professionnel-de-tissus-dameublement-de-voiture\/"]}]},{"@type":"ImageObject","inLanguage":"fr-FR","@id":"https:\/\/www.ecosolucionesquimicas.es\/fr\/producto\/nettoyeur-professionnel-de-tissus-dameublement-de-voiture\/#primaryimage","url":"https:\/\/www.ecosolucionesquimicas.es\/wp-content\/uploads\/2024\/02\/ECO-113-500ML-2-scaled.jpg","contentUrl":"https:\/\/www.ecosolucionesquimicas.es\/wp-content\/uploads\/2024\/02\/ECO-113-500ML-2-scaled.jpg","width":2350,"height":2560},{"@type":"BreadcrumbList","@id":"https:\/\/www.ecosolucionesquimicas.es\/fr\/producto\/nettoyeur-professionnel-de-tissus-dameublement-de-voiture\/#breadcrumb","itemListElement":[{"@type":"ListItem","position":1,"name":"Portada","item":"https:\/\/www.ecosolucionesquimicas.es\/fr\/home\/"},{"@type":"ListItem","position":2,"name":"Nettoyeur professionnel de tissus d&#8217;ameublement de voiture"}]},{"@type":"WebSite","@id":"https:\/\/www.ecosolucionesquimicas.es\/fr\/#website","url":"https:\/\/www.ecosolucionesquimicas.es\/fr\/","name":"Ecosoluciones Qu\u00edmicas","description":"Achetez en ligne des produits d'entretien et des produits chimiques fabriqu\u00e9s par nos soins.","publisher":{"@id":"https:\/\/www.ecosolucionesquimicas.es\/fr\/#organization"},"alternateName":"EQM","potentialAction":[{"@type":"SearchAction","target":{"@type":"EntryPoint","urlTemplate":"https:\/\/www.ecosolucionesquimicas.es\/fr\/?s={search_term_string}"},"query-input":{"@type":"PropertyValueSpecification","valueRequired":true,"valueName":"search_term_string"}}],"inLanguage":"fr-FR"},{"@type":"Organization","@id":"https:\/\/www.ecosolucionesquimicas.es\/fr\/#organization","name":"Ecosoluciones Qu\u00edmicas","url":"https:\/\/www.ecosolucionesquimicas.es\/fr\/","logo":{"@type":"ImageObject","inLanguage":"fr-FR","@id":"https:\/\/www.ecosolucionesquimicas.es\/fr\/#\/schema\/logo\/image\/","url":"https:\/\/www.ecosolucionesquimicas.es\/wp-content\/uploads\/2024\/08\/LOGO-EQM-NUEVO-.png","contentUrl":"https:\/\/www.ecosolucionesquimicas.es\/wp-content\/uploads\/2024\/08\/LOGO-EQM-NUEVO-.png","width":1060,"height":456,"caption":"Ecosoluciones Qu\u00edmicas"},"image":{"@id":"https:\/\/www.ecosolucionesquimicas.es\/fr\/#\/schema\/logo\/image\/"},"sameAs":["https:\/\/www.facebook.com\/ecosolucionesquimicasmadrid\/","https:\/\/www.instagram.com\/ecosolucionesquimicas\/"],"hasMerchantReturnPolicy":{"@type":"MerchantReturnPolicy","merchantReturnLink":"https:\/\/www.ecosolucionesquimicas.es\/refund_returns\/"}}]},"product_brand":"EQM","og_availability":"instock","product_availability":"instock","product_retailer_item_id":"ECO-113","product_condition":"new"},"_links":{"self":[{"href":"https:\/\/www.ecosolucionesquimicas.es\/fr\/wp-json\/wp\/v2\/product\/12811","targetHints":{"allow":["GET"]}}],"collection":[{"href":"https:\/\/www.ecosolucionesquimicas.es\/fr\/wp-json\/wp\/v2\/product"}],"about":[{"href":"https:\/\/www.ecosolucionesquimicas.es\/fr\/wp-json\/wp\/v2\/types\/product"}],"wp:featuredmedia":[{"embeddable":true,"href":"https:\/\/www.ecosolucionesquimicas.es\/fr\/wp-json\/wp\/v2\/media\/12815"}],"wp:attachment":[{"href":"https:\/\/www.ecosolucionesquimicas.es\/fr\/wp-json\/wp\/v2\/media?parent=12811"}],"wp:term":[{"taxonomy":"product_brand","embeddable":true,"href":"https:\/\/www.ecosolucionesquimicas.es\/fr\/wp-json\/wp\/v2\/product_brand?post=12811"},{"taxonomy":"product_cat","embeddable":true,"href":"https:\/\/www.ecosolucionesquimicas.es\/fr\/wp-json\/wp\/v2\/product_cat?post=12811"},{"taxonomy":"product_tag","embeddable":true,"href":"https:\/\/www.ecosolucionesquimicas.es\/fr\/wp-json\/wp\/v2\/product_tag?post=12811"}],"curies":[{"name":"wp","href":"https:\/\/api.w.org\/{rel}","templated":true}]}}